{"id":39789,"date":"2024-01-12T12:40:16","date_gmt":"2024-01-12T11:40:16","guid":{"rendered":"https:\/\/audibax.com\/product\/awm-401-td-black\/"},"modified":"2024-05-06T16:04:49","modified_gmt":"2024-05-06T14:04:49","slug":"awm-401-td-black","status":"publish","type":"product","link":"https:\/\/audibax.com\/fr\/produit\/awm-401-td-black\/","title":{"rendered":"AWM 401 TD Black"},"content":{"rendered":"<p>Faites l&rsquo;exp\u00e9rience d&rsquo;une performance sonore exceptionnelle avec l&rsquo;Audibax AWM 401 TD, un syst\u00e8me sans fil complet qui \u00e9l\u00e8ve votre exp\u00e9rience d&rsquo;\u00e9coute. \u00c9quip\u00e9 d&rsquo;un r\u00e9cepteur de pointe et de quatre \u00e9metteurs portatifs, ce syst\u00e8me offre une solution compl\u00e8te pour assurer une transmission stable et puissante de votre voix et de votre son.<\/p>\n<p>Le <strong>r\u00e9cepteur de haute technologie<\/strong> fonctionne avec pr\u00e9cision gr\u00e2ce \u00e0 son mode d&rsquo;oscillation PLL (synth\u00e9tiseur num\u00e9rique de fr\u00e9quence), assurant une transmission stable et sans interf\u00e9rences. Sa sensibilit\u00e9 de 5 dBuV lui permet de capter clairement les signaux faibles. En outre, il offre des options de sortie sym\u00e9trique et asym\u00e9trique pour une connectivit\u00e9 polyvalente.<\/p>\n<p>Chacun des <strong>quatre \u00e9metteurs portatifs<\/strong> est dot\u00e9 d&rsquo;une puissance de sortie RF de la plus haute pr\u00e9cision. Le mode d&rsquo;oscillation PLL et la stabilit\u00e9 de la fr\u00e9quence d&rsquo;\u00e9mission inf\u00e9rieure \u00e0 30 ppm garantissent une transmission pr\u00e9cise et sans \u00e9cr\u00eatage. Avec une plage dynamique exceptionnelle de \u2265100dB (A) et une r\u00e9ponse en fr\u00e9quence de 50Hz-15KHz, ces \u00e9metteurs capturent chaque nuance de votre voix. \u00c9quip\u00e9s de microphones dynamiques, ils offrent une pression d&rsquo;entr\u00e9e maximale de 130dB SPL pour une performance puissante et authentique.<\/p>\n<p>Aliment\u00e9s par 2 piles AA, les \u00e9metteurs offrent une mobilit\u00e9 sans restriction. Le r\u00e9cepteur, efficace avec une tension de 12-16V et un courant de travail \u2264350mA, compl\u00e8te ce syst\u00e8me sans fil haute performance. L&rsquo;Audibax AWM 401 TD est le choix id\u00e9al pour les \u00e9v\u00e9nements en direct, offrant une exp\u00e9rience sonore exceptionnelle sur n&rsquo;importe quelle sc\u00e8ne.<\/p>\n<p><strong>R\u00e9cepteur:<\/strong><\/p>\n<ul>\n<li>Mode d&rsquo;oscillation: PLL (synth\u00e9tiseur de fr\u00e9quence num\u00e9rique).<\/li>\n<li>R\u00e9ponse en fr\u00e9quence: 50Hz-15KHz<\/li>\n<li>Sensibilit\u00e9: 5dBuV.<\/li>\n<li>Sortie sym\u00e9trique (connecteur XLR): 250 mV\/600 \u03a9.<\/li>\n<li>Sortie asym\u00e9trique (connecteur 1\/4&Prime;): 400 mV\/K3.<\/li>\n<li>Tension de fonctionnement: DC 12-16 V.<\/li>\n<li>Courant de fonctionnement: \u2264350mA.<\/li>\n<\/ul>\n<p><strong>\u00c9metteur portatif:<\/strong><\/p>\n<ul>\n<li>Puissance de sortie RF de pr\u00e9cision maximale.<\/li>\n<li>Mode d&rsquo;oscillation: PLL (synth\u00e9tiseur de fr\u00e9quence num\u00e9rique).<\/li>\n<li>Stabilit\u00e9 de la fr\u00e9quence d&rsquo;\u00e9mission: &lt;30 ppm.<\/li>\n<li>Gamme dynamique: \u2265100dB (A).<\/li>\n<li>R\u00e9ponse en fr\u00e9quence: 50Hz-15KHz.<\/li>\n<li>Pression d&rsquo;entr\u00e9e maximale: 130 dB SPL.<\/li>\n<li>Microphone: dynamique.<\/li>\n<li>Alimentation: 2 piles alcalines AA (1,5V).<\/li>\n<\/ul>\n","protected":false},"excerpt":{"rendered":"<p><strong>R\u00e9cepteur:<\/strong><\/p>\n<ul>\n<li>Mode d&rsquo;oscillation: PLL (synth\u00e9tiseur de fr\u00e9quence num\u00e9rique).<\/li>\n<li>R\u00e9ponse en fr\u00e9quence: 50Hz-15KHz<\/li>\n<li>Sensibilit\u00e9: 5dBuV.<\/li>\n<li>Sortie sym\u00e9trique (connecteur XLR): 250 mV\/600 \u03a9.<\/li>\n<li>Sortie asym\u00e9trique (connecteur 1\/4&Prime;): 400 mV\/K3.<\/li>\n<li>Tension de fonctionnement: DC 12-16 V.<\/li>\n<li>Courant de fonctionnement: \u2264350mA.<\/li>\n<\/ul>\n<p><strong>\u00c9metteur portatif:<\/strong><\/p>\n<ul>\n<li>Puissance de sortie RF de pr\u00e9cision maximale.<\/li>\n<li>Mode d&rsquo;oscillation: PLL (synth\u00e9tiseur de fr\u00e9quence num\u00e9rique).<\/li>\n<li>Stabilit\u00e9 de la fr\u00e9quence d&rsquo;\u00e9mission: &lt;30 ppm.<\/li>\n<li>Gamme dynamique: \u2265100dB (A).<\/li>\n<li>R\u00e9ponse en fr\u00e9quence: 50Hz-15KHz.<\/li>\n<li>Pression d&rsquo;entr\u00e9e maximale: 130 dB SPL.<\/li>\n<li>Microphone: dynamique.<\/li>\n<li>Alimentation: 2 piles alcalines AA (1,5V).<\/li>\n<\/ul>\n","protected":false},"featured_media":39772,"comment_status":"open","ping_status":"closed","template":"","meta":{"_acf_changed":false},"product_cat":[371,387,702],"product_tag":[],"class_list":{"0":"post-39789","1":"product","2":"type-product","3":"status-publish","4":"has-post-thumbnail","6":"product_cat-microphones-fr","7":"product_cat-microphones-sans-fil","8":"product_cat-microphones-sans-fil-a-main","10":"first","11":"instock","12":"shipping-taxable","13":"product-type-simple"},"acf":[],"yoast_head":"<!-- This site is optimized with the Yoast SEO plugin v27.0 - https:\/\/yoast.com\/product\/yoast-seo-wordpress\/ -->\n<title>AWM 401 TD Black - Audibax<\/title>\n<meta name=\"robots\" content=\"index, follow, max-snippet:-1, max-image-preview:large, max-video-preview:-1\" \/>\n<link rel=\"canonical\" href=\"https:\/\/audibax.com\/fr\/produit\/awm-401-td-black\/\" \/>\n<meta property=\"og:locale\" content=\"fr_FR\" \/>\n<meta property=\"og:type\" content=\"article\" \/>\n<meta property=\"og:title\" content=\"AWM 401 TD Black - Audibax\" \/>\n<meta property=\"og:description\" content=\"R\u00e9cepteur:   Mode d&#039;oscillation: PLL (synth\u00e9tiseur de fr\u00e9quence num\u00e9rique).  R\u00e9ponse en fr\u00e9quence: 50Hz-15KHz  Sensibilit\u00e9: 5dBuV.  Sortie sym\u00e9trique (connecteur XLR): 250 mV\/600 \u03a9.  Sortie asym\u00e9trique (connecteur 1\/4&quot;): 400 mV\/K3.  Tension de fonctionnement: DC 12-16 V.  Courant de fonctionnement: \u2264350mA.  \u00c9metteur portatif:   Puissance de sortie RF de pr\u00e9cision maximale.  Mode d&#039;oscillation: PLL (synth\u00e9tiseur de fr\u00e9quence num\u00e9rique).  Stabilit\u00e9 de la fr\u00e9quence d&#039;\u00e9mission: &lt;30 ppm.  Gamme dynamique: \u2265100dB (A).  R\u00e9ponse en fr\u00e9quence: 50Hz-15KHz.  Pression d&#039;entr\u00e9e maximale: 130 dB SPL.  Microphone: dynamique.  Alimentation: 2 piles alcalines AA (1,5V).\" \/>\n<meta property=\"og:url\" content=\"https:\/\/audibax.com\/fr\/produit\/awm-401-td-black\/\" \/>\n<meta property=\"og:site_name\" content=\"Audibax\" \/>\n<meta property=\"article:modified_time\" content=\"2024-05-06T14:04:49+00:00\" \/>\n<meta property=\"og:image\" content=\"https:\/\/audibax.com\/wp-content\/uploads\/2024\/01\/AWM-401TD-1-new-jpg.webp\" \/>\n\t<meta property=\"og:image:width\" content=\"2500\" \/>\n\t<meta property=\"og:image:height\" content=\"1767\" \/>\n\t<meta property=\"og:image:type\" content=\"image\/jpeg\" \/>\n<meta name=\"twitter:card\" content=\"summary_large_image\" \/>\n<meta name=\"twitter:label1\" content=\"Dur\u00e9e de lecture estim\u00e9e\" \/>\n\t<meta name=\"twitter:data1\" content=\"2 minutes\" \/>\n<script type=\"application\/ld+json\" class=\"yoast-schema-graph\">{\"@context\":\"https:\/\/schema.org\",\"@graph\":[{\"@type\":\"WebPage\",\"@id\":\"https:\/\/audibax.com\/fr\/produit\/awm-401-td-black\/\",\"url\":\"https:\/\/audibax.com\/fr\/produit\/awm-401-td-black\/\",\"name\":\"AWM 401 TD Black - Audibax\",\"isPartOf\":{\"@id\":\"https:\/\/audibax.com\/fr\/#website\"},\"primaryImageOfPage\":{\"@id\":\"https:\/\/audibax.com\/fr\/produit\/awm-401-td-black\/#primaryimage\"},\"image\":{\"@id\":\"https:\/\/audibax.com\/fr\/produit\/awm-401-td-black\/#primaryimage\"},\"thumbnailUrl\":\"https:\/\/audibax.com\/wp-content\/uploads\/2024\/01\/AWM-401TD-1-new-jpg.webp\",\"datePublished\":\"2024-01-12T11:40:16+00:00\",\"dateModified\":\"2024-05-06T14:04:49+00:00\",\"breadcrumb\":{\"@id\":\"https:\/\/audibax.com\/fr\/produit\/awm-401-td-black\/#breadcrumb\"},\"inLanguage\":\"fr-FR\",\"potentialAction\":[{\"@type\":\"ReadAction\",\"target\":[\"https:\/\/audibax.com\/fr\/produit\/awm-401-td-black\/\"]}]},{\"@type\":\"ImageObject\",\"inLanguage\":\"fr-FR\",\"@id\":\"https:\/\/audibax.com\/fr\/produit\/awm-401-td-black\/#primaryimage\",\"url\":\"https:\/\/audibax.com\/wp-content\/uploads\/2024\/01\/AWM-401TD-1-new-jpg.webp\",\"contentUrl\":\"https:\/\/audibax.com\/wp-content\/uploads\/2024\/01\/AWM-401TD-1-new-jpg.webp\",\"width\":2500,\"height\":1767},{\"@type\":\"BreadcrumbList\",\"@id\":\"https:\/\/audibax.com\/fr\/produit\/awm-401-td-black\/#breadcrumb\",\"itemListElement\":[{\"@type\":\"ListItem\",\"position\":1,\"name\":\"Portada\",\"item\":\"https:\/\/audibax.com\/fr\/\"},{\"@type\":\"ListItem\",\"position\":2,\"name\":\"Produits\",\"item\":\"https:\/\/audibax.com\/fr\/shop\/\"},{\"@type\":\"ListItem\",\"position\":3,\"name\":\"AWM 401 TD Black\"}]},{\"@type\":\"WebSite\",\"@id\":\"https:\/\/audibax.com\/fr\/#website\",\"url\":\"https:\/\/audibax.com\/fr\/\",\"name\":\"Audibax\",\"description\":\"\",\"publisher\":{\"@id\":\"https:\/\/audibax.com\/fr\/#organization\"},\"potentialAction\":[{\"@type\":\"SearchAction\",\"target\":{\"@type\":\"EntryPoint\",\"urlTemplate\":\"https:\/\/audibax.com\/fr\/?s={search_term_string}\"},\"query-input\":{\"@type\":\"PropertyValueSpecification\",\"valueRequired\":true,\"valueName\":\"search_term_string\"}}],\"inLanguage\":\"fr-FR\"},{\"@type\":\"Organization\",\"@id\":\"https:\/\/audibax.com\/fr\/#organization\",\"name\":\"Audibax\",\"url\":\"https:\/\/audibax.com\/fr\/\",\"logo\":{\"@type\":\"ImageObject\",\"inLanguage\":\"fr-FR\",\"@id\":\"https:\/\/audibax.com\/fr\/#\/schema\/logo\/image\/\",\"url\":\"https:\/\/audibax.com\/wp-content\/uploads\/2023\/09\/logo-Audibax-BLANCO-SVG-1.svg\",\"contentUrl\":\"https:\/\/audibax.com\/wp-content\/uploads\/2023\/09\/logo-Audibax-BLANCO-SVG-1.svg\",\"caption\":\"Audibax\"},\"image\":{\"@id\":\"https:\/\/audibax.com\/fr\/#\/schema\/logo\/image\/\"}}]}<\/script>\n<!-- \/ Yoast SEO plugin. -->","yoast_head_json":{"title":"AWM 401 TD Black - Audibax","robots":{"index":"index","follow":"follow","max-snippet":"max-snippet:-1","max-image-preview":"max-image-preview:large","max-video-preview":"max-video-preview:-1"},"canonical":"https:\/\/audibax.com\/fr\/produit\/awm-401-td-black\/","og_locale":"fr_FR","og_type":"article","og_title":"AWM 401 TD Black - Audibax","og_description":"R\u00e9cepteur:   Mode d'oscillation: PLL (synth\u00e9tiseur de fr\u00e9quence num\u00e9rique).  R\u00e9ponse en fr\u00e9quence: 50Hz-15KHz  Sensibilit\u00e9: 5dBuV.  Sortie sym\u00e9trique (connecteur XLR): 250 mV\/600 \u03a9.  Sortie asym\u00e9trique (connecteur 1\/4\"): 400 mV\/K3.  Tension de fonctionnement: DC 12-16 V.  Courant de fonctionnement: \u2264350mA.  \u00c9metteur portatif:   Puissance de sortie RF de pr\u00e9cision maximale.  Mode d'oscillation: PLL (synth\u00e9tiseur de fr\u00e9quence num\u00e9rique).  Stabilit\u00e9 de la fr\u00e9quence d'\u00e9mission: &lt;30 ppm.  Gamme dynamique: \u2265100dB (A).  R\u00e9ponse en fr\u00e9quence: 50Hz-15KHz.  Pression d'entr\u00e9e maximale: 130 dB SPL.  Microphone: dynamique.  Alimentation: 2 piles alcalines AA (1,5V).","og_url":"https:\/\/audibax.com\/fr\/produit\/awm-401-td-black\/","og_site_name":"Audibax","article_modified_time":"2024-05-06T14:04:49+00:00","og_image":[{"width":2500,"height":1767,"url":"https:\/\/audibax.com\/wp-content\/uploads\/2024\/01\/AWM-401TD-1-new-jpg.webp","type":"image\/jpeg"}],"twitter_card":"summary_large_image","twitter_misc":{"Dur\u00e9e de lecture estim\u00e9e":"2 minutes"},"schema":{"@context":"https:\/\/schema.org","@graph":[{"@type":"WebPage","@id":"https:\/\/audibax.com\/fr\/produit\/awm-401-td-black\/","url":"https:\/\/audibax.com\/fr\/produit\/awm-401-td-black\/","name":"AWM 401 TD Black - Audibax","isPartOf":{"@id":"https:\/\/audibax.com\/fr\/#website"},"primaryImageOfPage":{"@id":"https:\/\/audibax.com\/fr\/produit\/awm-401-td-black\/#primaryimage"},"image":{"@id":"https:\/\/audibax.com\/fr\/produit\/awm-401-td-black\/#primaryimage"},"thumbnailUrl":"https:\/\/audibax.com\/wp-content\/uploads\/2024\/01\/AWM-401TD-1-new-jpg.webp","datePublished":"2024-01-12T11:40:16+00:00","dateModified":"2024-05-06T14:04:49+00:00","breadcrumb":{"@id":"https:\/\/audibax.com\/fr\/produit\/awm-401-td-black\/#breadcrumb"},"inLanguage":"fr-FR","potentialAction":[{"@type":"ReadAction","target":["https:\/\/audibax.com\/fr\/produit\/awm-401-td-black\/"]}]},{"@type":"ImageObject","inLanguage":"fr-FR","@id":"https:\/\/audibax.com\/fr\/produit\/awm-401-td-black\/#primaryimage","url":"https:\/\/audibax.com\/wp-content\/uploads\/2024\/01\/AWM-401TD-1-new-jpg.webp","contentUrl":"https:\/\/audibax.com\/wp-content\/uploads\/2024\/01\/AWM-401TD-1-new-jpg.webp","width":2500,"height":1767},{"@type":"BreadcrumbList","@id":"https:\/\/audibax.com\/fr\/produit\/awm-401-td-black\/#breadcrumb","itemListElement":[{"@type":"ListItem","position":1,"name":"Portada","item":"https:\/\/audibax.com\/fr\/"},{"@type":"ListItem","position":2,"name":"Produits","item":"https:\/\/audibax.com\/fr\/shop\/"},{"@type":"ListItem","position":3,"name":"AWM 401 TD Black"}]},{"@type":"WebSite","@id":"https:\/\/audibax.com\/fr\/#website","url":"https:\/\/audibax.com\/fr\/","name":"Audibax","description":"","publisher":{"@id":"https:\/\/audibax.com\/fr\/#organization"},"potentialAction":[{"@type":"SearchAction","target":{"@type":"EntryPoint","urlTemplate":"https:\/\/audibax.com\/fr\/?s={search_term_string}"},"query-input":{"@type":"PropertyValueSpecification","valueRequired":true,"valueName":"search_term_string"}}],"inLanguage":"fr-FR"},{"@type":"Organization","@id":"https:\/\/audibax.com\/fr\/#organization","name":"Audibax","url":"https:\/\/audibax.com\/fr\/","logo":{"@type":"ImageObject","inLanguage":"fr-FR","@id":"https:\/\/audibax.com\/fr\/#\/schema\/logo\/image\/","url":"https:\/\/audibax.com\/wp-content\/uploads\/2023\/09\/logo-Audibax-BLANCO-SVG-1.svg","contentUrl":"https:\/\/audibax.com\/wp-content\/uploads\/2023\/09\/logo-Audibax-BLANCO-SVG-1.svg","caption":"Audibax"},"image":{"@id":"https:\/\/audibax.com\/fr\/#\/schema\/logo\/image\/"}}]}},"_links":{"self":[{"href":"https:\/\/audibax.com\/fr\/wp-json\/wp\/v2\/product\/39789","targetHints":{"allow":["GET"]}}],"collection":[{"href":"https:\/\/audibax.com\/fr\/wp-json\/wp\/v2\/product"}],"about":[{"href":"https:\/\/audibax.com\/fr\/wp-json\/wp\/v2\/types\/product"}],"replies":[{"embeddable":true,"href":"https:\/\/audibax.com\/fr\/wp-json\/wp\/v2\/comments?post=39789"}],"wp:featuredmedia":[{"embeddable":true,"href":"https:\/\/audibax.com\/fr\/wp-json\/wp\/v2\/media\/39772"}],"wp:attachment":[{"href":"https:\/\/audibax.com\/fr\/wp-json\/wp\/v2\/media?parent=39789"}],"wp:term":[{"taxonomy":"product_cat","embeddable":true,"href":"https:\/\/audibax.com\/fr\/wp-json\/wp\/v2\/product_cat?post=39789"},{"taxonomy":"product_tag","embeddable":true,"href":"https:\/\/audibax.com\/fr\/wp-json\/wp\/v2\/product_tag?post=39789"}],"curies":[{"name":"wp","href":"https:\/\/api.w.org\/{rel}","templated":true}]}}