{"id":39716,"date":"2024-01-11T18:05:25","date_gmt":"2024-01-11T17:05:25","guid":{"rendered":"https:\/\/audibax.com\/product\/awm-401-black\/"},"modified":"2024-05-06T16:27:19","modified_gmt":"2024-05-06T14:27:19","slug":"awm-401-black","status":"publish","type":"product","link":"https:\/\/audibax.com\/fr\/produit\/awm-401-black\/","title":{"rendered":"AWM 401 Black"},"content":{"rendered":"<p>Plongez dans l&rsquo;excellence auditive avec l&rsquo;Audibax AWM 401, un microphone sans fil \u00e0 quatre canaux avec modulation UHF, con\u00e7u avec pr\u00e9cision pour offrir une exp\u00e9rience d&rsquo;\u00e9coute unique. Avec trois options de fr\u00e9quence et une largeur de bande de 2X32MHz, ce r\u00e9cepteur de haute technologie assure polyvalence et adaptabilit\u00e9 dans diff\u00e9rents environnements.<\/p>\n<p>La technologie de modulation UHF assure une transmission du signal de haute qualit\u00e9. Avec une capacit\u00e9 de compensation de \u00b145 KHz, le r\u00e9cepteur s&rsquo;ajuste dynamiquement pour une reproduction sonore pr\u00e9cise. Un rapport signal\/bruit sup\u00e9rieur \u00e0 105 dB(A) et une distorsion inf\u00e9rieure \u00e0 0,3 % \u00e0 1 KHz garantissent une qualit\u00e9 audio exceptionnelle.<\/p>\n<p>Con\u00e7u pour s&rsquo;adapter \u00e0 diverses conditions, il fonctionne dans une plage de temp\u00e9rature allant de -10\u00b0C \u00e0 55\u00b0C et offre une distance de travail impressionnante allant jusqu&rsquo;\u00e0 100 m\u00e8tres dans des environnements id\u00e9aux.<\/p>\n<p>L&rsquo;Audibax AWM 401 comprend <strong>quatre \u00e9metteurs portatifs<\/strong> qui, avec une puissance de sortie RF d&rsquo;une pr\u00e9cision maximale, utilisent la technologie d&rsquo;oscillation PLL pour une transmission stable. Avec une stabilit\u00e9 de la fr\u00e9quence d&rsquo;\u00e9mission inf\u00e9rieure \u00e0 30ppm, une gamme dynamique de \u2265100dB(A) et une r\u00e9ponse en fr\u00e9quence de 50Hz \u00e0 15KHz, ces microphones garantissent que votre voix est entendue avec clart\u00e9 et pr\u00e9cision.<\/p>\n<p>Les microphones \u00e0 bobine mobile int\u00e9gr\u00e9s capturent votre son de mani\u00e8re authentique. Aliment\u00e9s par 2 piles alcalines AA, ils d\u00e9livrent une pression sonore d&rsquo;entr\u00e9e maximale de 130 dB SPL. L&rsquo;Audibax AWM 401 est le choix parfait pour ceux qui recherchent une qualit\u00e9 audio exceptionnelle et une fiabilit\u00e9 sans fil &#8211; d\u00e9couvrez une nouvelle norme de performance sonore avec Audibax !<\/p>\n<p><strong>R\u00e9cepteur:<\/strong><\/p>\n<ul>\n<li>Gamme de fr\u00e9quences de 640MHz \u00e0 690MHz.<\/li>\n<li>R\u00e9glage de la bande 2X32MHz.<\/li>\n<li>Technologie de modulation UHF avanc\u00e9e.<\/li>\n<li>Capacit\u00e9 de compensation de fr\u00e9quence de \u00b145 KHz.<\/li>\n<li>Rapport signal\/bruit sup\u00e9rieur \u00e0 105 dB(A).<\/li>\n<li>Distorsion inf\u00e9rieure \u00e0 0,3 % \u00e0 1 KHz.<\/li>\n<li>Plage de temp\u00e9rature de -10\u00b0C \u00e0 55\u00b0C.<\/li>\n<li>Distance de travail jusqu&rsquo;\u00e0 100 m\u00e8tres dans un environnement id\u00e9al.<\/li>\n<\/ul>\n<p><strong>Microphone\/\u00e9metteur:<\/strong><\/p>\n<ul>\n<li>4 pi\u00e8ces.<\/li>\n<li>Puissance de sortie RF de la plus haute pr\u00e9cision.<\/li>\n<li>Mode d&rsquo;oscillation PLL pour une transmission stable et sans \u00e9cr\u00eatage.<\/li>\n<li>Stabilit\u00e9 de la fr\u00e9quence de transmission inf\u00e9rieure \u00e0 30 ppm.<\/li>\n<li>Gamme dynamique de \u2265100dB (A).<\/li>\n<li>R\u00e9ponse en fr\u00e9quence de 50Hz \u00e0 15KHz.<\/li>\n<li>SPL d&rsquo;entr\u00e9e maximum de 130 dB SPL.<\/li>\n<li>Microphone int\u00e9gr\u00e9 avec bobine mobile.<\/li>\n<\/ul>\n","protected":false},"excerpt":{"rendered":"<p><strong>R\u00e9cepteur:<\/strong><\/p>\n<ul>\n<li>Gamme de fr\u00e9quences de 640MHz \u00e0 690MHz.<\/li>\n<li>R\u00e9glage de la bande 2X32MHz.<\/li>\n<li>Technologie de modulation UHF avanc\u00e9e.<\/li>\n<li>Capacit\u00e9 de compensation de fr\u00e9quence de \u00b145 KHz.<\/li>\n<li>Rapport signal\/bruit sup\u00e9rieur \u00e0 105 dB(A).<\/li>\n<li>Distorsion inf\u00e9rieure \u00e0 0,3 % \u00e0 1 KHz.<\/li>\n<li>Plage de temp\u00e9rature de -10\u00b0C \u00e0 55\u00b0C.<\/li>\n<li>Distance de travail jusqu&rsquo;\u00e0 100 m\u00e8tres dans un environnement id\u00e9al.<\/li>\n<\/ul>\n<p><strong>Microphone\/\u00e9metteur:<\/strong><\/p>\n<ul>\n<li>4 pi\u00e8ces.<\/li>\n<li>Puissance de sortie RF de la plus haute pr\u00e9cision.<\/li>\n<li>Mode d&rsquo;oscillation PLL pour une transmission stable et sans \u00e9cr\u00eatage.<\/li>\n<li>Stabilit\u00e9 de la fr\u00e9quence de transmission inf\u00e9rieure \u00e0 30 ppm.<\/li>\n<li>Gamme dynamique de \u2265100dB (A).<\/li>\n<li>R\u00e9ponse en fr\u00e9quence de 50Hz \u00e0 15KHz.<\/li>\n<li>SPL d&rsquo;entr\u00e9e maximum de 130 dB SPL.<\/li>\n<li>Microphone int\u00e9gr\u00e9 avec bobine mobile.<\/li>\n<\/ul>\n","protected":false},"featured_media":39699,"comment_status":"open","ping_status":"closed","template":"","meta":{"_acf_changed":false},"product_cat":[371,387,702],"product_tag":[],"class_list":{"0":"post-39716","1":"product","2":"type-product","3":"status-publish","4":"has-post-thumbnail","6":"product_cat-microphones-fr","7":"product_cat-microphones-sans-fil","8":"product_cat-microphones-sans-fil-a-main","10":"first","11":"instock","12":"shipping-taxable","13":"product-type-simple"},"acf":[],"yoast_head":"<!-- This site is optimized with the Yoast SEO plugin v27.0 - https:\/\/yoast.com\/product\/yoast-seo-wordpress\/ -->\n<title>AWM 401 Black - Audibax<\/title>\n<meta name=\"robots\" content=\"index, follow, max-snippet:-1, max-image-preview:large, max-video-preview:-1\" \/>\n<link rel=\"canonical\" href=\"https:\/\/audibax.com\/fr\/produit\/awm-401-black\/\" \/>\n<meta property=\"og:locale\" content=\"fr_FR\" \/>\n<meta property=\"og:type\" content=\"article\" \/>\n<meta property=\"og:title\" content=\"AWM 401 Black - Audibax\" \/>\n<meta property=\"og:description\" content=\"R\u00e9cepteur:   Gamme de fr\u00e9quences de 640MHz \u00e0 690MHz.  R\u00e9glage de la bande 2X32MHz.  Technologie de modulation UHF avanc\u00e9e.  Capacit\u00e9 de compensation de fr\u00e9quence de \u00b145 KHz.  Rapport signal\/bruit sup\u00e9rieur \u00e0 105 dB(A).  Distorsion inf\u00e9rieure \u00e0 0,3 % \u00e0 1 KHz.  Plage de temp\u00e9rature de -10\u00b0C \u00e0 55\u00b0C.  Distance de travail jusqu&#039;\u00e0 100 m\u00e8tres dans un environnement id\u00e9al.  Microphone\/\u00e9metteur:   4 pi\u00e8ces.  Puissance de sortie RF de la plus haute pr\u00e9cision.  Mode d&#039;oscillation PLL pour une transmission stable et sans \u00e9cr\u00eatage.  Stabilit\u00e9 de la fr\u00e9quence de transmission inf\u00e9rieure \u00e0 30 ppm.  Gamme dynamique de \u2265100dB (A).  R\u00e9ponse en fr\u00e9quence de 50Hz \u00e0 15KHz.  SPL d&#039;entr\u00e9e maximum de 130 dB SPL.  Microphone int\u00e9gr\u00e9 avec bobine mobile.\" \/>\n<meta property=\"og:url\" content=\"https:\/\/audibax.com\/fr\/produit\/awm-401-black\/\" \/>\n<meta property=\"og:site_name\" content=\"Audibax\" \/>\n<meta property=\"article:modified_time\" content=\"2024-05-06T14:27:19+00:00\" \/>\n<meta property=\"og:image\" content=\"https:\/\/audibax.com\/wp-content\/uploads\/2024\/01\/AWM-401-1-new-jpg.webp\" \/>\n\t<meta property=\"og:image:width\" content=\"2500\" \/>\n\t<meta property=\"og:image:height\" content=\"1767\" \/>\n\t<meta property=\"og:image:type\" content=\"image\/jpeg\" \/>\n<meta name=\"twitter:card\" content=\"summary_large_image\" \/>\n<meta name=\"twitter:label1\" content=\"Dur\u00e9e de lecture estim\u00e9e\" \/>\n\t<meta name=\"twitter:data1\" content=\"2 minutes\" \/>\n<script type=\"application\/ld+json\" class=\"yoast-schema-graph\">{\"@context\":\"https:\/\/schema.org\",\"@graph\":[{\"@type\":\"WebPage\",\"@id\":\"https:\/\/audibax.com\/fr\/produit\/awm-401-black\/\",\"url\":\"https:\/\/audibax.com\/fr\/produit\/awm-401-black\/\",\"name\":\"AWM 401 Black - Audibax\",\"isPartOf\":{\"@id\":\"https:\/\/audibax.com\/fr\/#website\"},\"primaryImageOfPage\":{\"@id\":\"https:\/\/audibax.com\/fr\/produit\/awm-401-black\/#primaryimage\"},\"image\":{\"@id\":\"https:\/\/audibax.com\/fr\/produit\/awm-401-black\/#primaryimage\"},\"thumbnailUrl\":\"https:\/\/audibax.com\/wp-content\/uploads\/2024\/01\/AWM-401-1-new-jpg.webp\",\"datePublished\":\"2024-01-11T17:05:25+00:00\",\"dateModified\":\"2024-05-06T14:27:19+00:00\",\"breadcrumb\":{\"@id\":\"https:\/\/audibax.com\/fr\/produit\/awm-401-black\/#breadcrumb\"},\"inLanguage\":\"fr-FR\",\"potentialAction\":[{\"@type\":\"ReadAction\",\"target\":[\"https:\/\/audibax.com\/fr\/produit\/awm-401-black\/\"]}]},{\"@type\":\"ImageObject\",\"inLanguage\":\"fr-FR\",\"@id\":\"https:\/\/audibax.com\/fr\/produit\/awm-401-black\/#primaryimage\",\"url\":\"https:\/\/audibax.com\/wp-content\/uploads\/2024\/01\/AWM-401-1-new-jpg.webp\",\"contentUrl\":\"https:\/\/audibax.com\/wp-content\/uploads\/2024\/01\/AWM-401-1-new-jpg.webp\",\"width\":2500,\"height\":1767},{\"@type\":\"BreadcrumbList\",\"@id\":\"https:\/\/audibax.com\/fr\/produit\/awm-401-black\/#breadcrumb\",\"itemListElement\":[{\"@type\":\"ListItem\",\"position\":1,\"name\":\"Portada\",\"item\":\"https:\/\/audibax.com\/fr\/\"},{\"@type\":\"ListItem\",\"position\":2,\"name\":\"Produits\",\"item\":\"https:\/\/audibax.com\/fr\/shop\/\"},{\"@type\":\"ListItem\",\"position\":3,\"name\":\"AWM 401 Black\"}]},{\"@type\":\"WebSite\",\"@id\":\"https:\/\/audibax.com\/fr\/#website\",\"url\":\"https:\/\/audibax.com\/fr\/\",\"name\":\"Audibax\",\"description\":\"\",\"publisher\":{\"@id\":\"https:\/\/audibax.com\/fr\/#organization\"},\"potentialAction\":[{\"@type\":\"SearchAction\",\"target\":{\"@type\":\"EntryPoint\",\"urlTemplate\":\"https:\/\/audibax.com\/fr\/?s={search_term_string}\"},\"query-input\":{\"@type\":\"PropertyValueSpecification\",\"valueRequired\":true,\"valueName\":\"search_term_string\"}}],\"inLanguage\":\"fr-FR\"},{\"@type\":\"Organization\",\"@id\":\"https:\/\/audibax.com\/fr\/#organization\",\"name\":\"Audibax\",\"url\":\"https:\/\/audibax.com\/fr\/\",\"logo\":{\"@type\":\"ImageObject\",\"inLanguage\":\"fr-FR\",\"@id\":\"https:\/\/audibax.com\/fr\/#\/schema\/logo\/image\/\",\"url\":\"https:\/\/audibax.com\/wp-content\/uploads\/2023\/09\/logo-Audibax-BLANCO-SVG-1.svg\",\"contentUrl\":\"https:\/\/audibax.com\/wp-content\/uploads\/2023\/09\/logo-Audibax-BLANCO-SVG-1.svg\",\"caption\":\"Audibax\"},\"image\":{\"@id\":\"https:\/\/audibax.com\/fr\/#\/schema\/logo\/image\/\"}}]}<\/script>\n<!-- \/ Yoast SEO plugin. -->","yoast_head_json":{"title":"AWM 401 Black - Audibax","robots":{"index":"index","follow":"follow","max-snippet":"max-snippet:-1","max-image-preview":"max-image-preview:large","max-video-preview":"max-video-preview:-1"},"canonical":"https:\/\/audibax.com\/fr\/produit\/awm-401-black\/","og_locale":"fr_FR","og_type":"article","og_title":"AWM 401 Black - Audibax","og_description":"R\u00e9cepteur:   Gamme de fr\u00e9quences de 640MHz \u00e0 690MHz.  R\u00e9glage de la bande 2X32MHz.  Technologie de modulation UHF avanc\u00e9e.  Capacit\u00e9 de compensation de fr\u00e9quence de \u00b145 KHz.  Rapport signal\/bruit sup\u00e9rieur \u00e0 105 dB(A).  Distorsion inf\u00e9rieure \u00e0 0,3 % \u00e0 1 KHz.  Plage de temp\u00e9rature de -10\u00b0C \u00e0 55\u00b0C.  Distance de travail jusqu'\u00e0 100 m\u00e8tres dans un environnement id\u00e9al.  Microphone\/\u00e9metteur:   4 pi\u00e8ces.  Puissance de sortie RF de la plus haute pr\u00e9cision.  Mode d'oscillation PLL pour une transmission stable et sans \u00e9cr\u00eatage.  Stabilit\u00e9 de la fr\u00e9quence de transmission inf\u00e9rieure \u00e0 30 ppm.  Gamme dynamique de \u2265100dB (A).  R\u00e9ponse en fr\u00e9quence de 50Hz \u00e0 15KHz.  SPL d'entr\u00e9e maximum de 130 dB SPL.  Microphone int\u00e9gr\u00e9 avec bobine mobile.","og_url":"https:\/\/audibax.com\/fr\/produit\/awm-401-black\/","og_site_name":"Audibax","article_modified_time":"2024-05-06T14:27:19+00:00","og_image":[{"width":2500,"height":1767,"url":"https:\/\/audibax.com\/wp-content\/uploads\/2024\/01\/AWM-401-1-new-jpg.webp","type":"image\/jpeg"}],"twitter_card":"summary_large_image","twitter_misc":{"Dur\u00e9e de lecture estim\u00e9e":"2 minutes"},"schema":{"@context":"https:\/\/schema.org","@graph":[{"@type":"WebPage","@id":"https:\/\/audibax.com\/fr\/produit\/awm-401-black\/","url":"https:\/\/audibax.com\/fr\/produit\/awm-401-black\/","name":"AWM 401 Black - Audibax","isPartOf":{"@id":"https:\/\/audibax.com\/fr\/#website"},"primaryImageOfPage":{"@id":"https:\/\/audibax.com\/fr\/produit\/awm-401-black\/#primaryimage"},"image":{"@id":"https:\/\/audibax.com\/fr\/produit\/awm-401-black\/#primaryimage"},"thumbnailUrl":"https:\/\/audibax.com\/wp-content\/uploads\/2024\/01\/AWM-401-1-new-jpg.webp","datePublished":"2024-01-11T17:05:25+00:00","dateModified":"2024-05-06T14:27:19+00:00","breadcrumb":{"@id":"https:\/\/audibax.com\/fr\/produit\/awm-401-black\/#breadcrumb"},"inLanguage":"fr-FR","potentialAction":[{"@type":"ReadAction","target":["https:\/\/audibax.com\/fr\/produit\/awm-401-black\/"]}]},{"@type":"ImageObject","inLanguage":"fr-FR","@id":"https:\/\/audibax.com\/fr\/produit\/awm-401-black\/#primaryimage","url":"https:\/\/audibax.com\/wp-content\/uploads\/2024\/01\/AWM-401-1-new-jpg.webp","contentUrl":"https:\/\/audibax.com\/wp-content\/uploads\/2024\/01\/AWM-401-1-new-jpg.webp","width":2500,"height":1767},{"@type":"BreadcrumbList","@id":"https:\/\/audibax.com\/fr\/produit\/awm-401-black\/#breadcrumb","itemListElement":[{"@type":"ListItem","position":1,"name":"Portada","item":"https:\/\/audibax.com\/fr\/"},{"@type":"ListItem","position":2,"name":"Produits","item":"https:\/\/audibax.com\/fr\/shop\/"},{"@type":"ListItem","position":3,"name":"AWM 401 Black"}]},{"@type":"WebSite","@id":"https:\/\/audibax.com\/fr\/#website","url":"https:\/\/audibax.com\/fr\/","name":"Audibax","description":"","publisher":{"@id":"https:\/\/audibax.com\/fr\/#organization"},"potentialAction":[{"@type":"SearchAction","target":{"@type":"EntryPoint","urlTemplate":"https:\/\/audibax.com\/fr\/?s={search_term_string}"},"query-input":{"@type":"PropertyValueSpecification","valueRequired":true,"valueName":"search_term_string"}}],"inLanguage":"fr-FR"},{"@type":"Organization","@id":"https:\/\/audibax.com\/fr\/#organization","name":"Audibax","url":"https:\/\/audibax.com\/fr\/","logo":{"@type":"ImageObject","inLanguage":"fr-FR","@id":"https:\/\/audibax.com\/fr\/#\/schema\/logo\/image\/","url":"https:\/\/audibax.com\/wp-content\/uploads\/2023\/09\/logo-Audibax-BLANCO-SVG-1.svg","contentUrl":"https:\/\/audibax.com\/wp-content\/uploads\/2023\/09\/logo-Audibax-BLANCO-SVG-1.svg","caption":"Audibax"},"image":{"@id":"https:\/\/audibax.com\/fr\/#\/schema\/logo\/image\/"}}]}},"_links":{"self":[{"href":"https:\/\/audibax.com\/fr\/wp-json\/wp\/v2\/product\/39716","targetHints":{"allow":["GET"]}}],"collection":[{"href":"https:\/\/audibax.com\/fr\/wp-json\/wp\/v2\/product"}],"about":[{"href":"https:\/\/audibax.com\/fr\/wp-json\/wp\/v2\/types\/product"}],"replies":[{"embeddable":true,"href":"https:\/\/audibax.com\/fr\/wp-json\/wp\/v2\/comments?post=39716"}],"wp:featuredmedia":[{"embeddable":true,"href":"https:\/\/audibax.com\/fr\/wp-json\/wp\/v2\/media\/39699"}],"wp:attachment":[{"href":"https:\/\/audibax.com\/fr\/wp-json\/wp\/v2\/media?parent=39716"}],"wp:term":[{"taxonomy":"product_cat","embeddable":true,"href":"https:\/\/audibax.com\/fr\/wp-json\/wp\/v2\/product_cat?post=39716"},{"taxonomy":"product_tag","embeddable":true,"href":"https:\/\/audibax.com\/fr\/wp-json\/wp\/v2\/product_tag?post=39716"}],"curies":[{"name":"wp","href":"https:\/\/api.w.org\/{rel}","templated":true}]}}