{"id":39613,"date":"2024-01-11T14:11:13","date_gmt":"2024-01-11T13:11:13","guid":{"rendered":"https:\/\/audibax.com\/product\/iew-600-black\/"},"modified":"2024-02-06T10:42:16","modified_gmt":"2024-02-06T09:42:16","slug":"iew-600-black","status":"publish","type":"product","link":"https:\/\/audibax.com\/fr\/produit\/iew-600-black\/","title":{"rendered":"IEW 600 Black"},"content":{"rendered":"<p>Plongez dans une exp\u00e9rience d&rsquo;\u00e9coute sans restriction avec le syst\u00e8me st\u00e9r\u00e9o intra-auriculaire sans fil Audibax IEW 600. Ce syst\u00e8me a \u00e9t\u00e9 m\u00e9ticuleusement con\u00e7u pour offrir une qualit\u00e9 audio exceptionnelle et une mobilit\u00e9 illimit\u00e9e, ce qui en fait un choix exceptionnel pour les m\u00e9lomanes et les professionnels du son.<\/p>\n<p><strong>L&rsquo;\u00e9metteur h\u00f4te<\/strong> de l&rsquo;IEW 600 est dot\u00e9 d&rsquo;une fr\u00e9quence de 615-640 MHz, avec une r\u00e9ponse en fr\u00e9quence allant de 50 Hz \u00e0 15 KHz. Avec une puissance d&rsquo;\u00e9mission s\u00e9lectionnable entre haute (18 dB) et basse (13 dB), cet \u00e9metteur utilise une modulation audio de 28 KHz pour une reproduction pr\u00e9cise. Sa pr\u00e9cision de fr\u00e9quence de \u00b1 10 KHz garantit une transmission stable et sans interf\u00e9rences.<\/p>\n<p>Le <strong>r\u00e9cepteur<\/strong>, quant \u00e0 lui, fonctionne sur la m\u00eame fr\u00e9quence 615-640 MHz et utilise la modulation de fr\u00e9quence (FM) pour une r\u00e9ception claire. Sa r\u00e9ponse en fr\u00e9quence de 50 Hz \u00e0 15 KHz garantit une reproduction fid\u00e8le de chaque nuance musicale. Avec une sensibilit\u00e9 impressionnante du signal de -104 dBm, le r\u00e9cepteur offre une sortie sonore de 120 mV via un amplificateur d&rsquo;oreille de 3,5 mm. En outre, une faible distorsion (&lt;1%) et un rapport signal\/bruit remarquable de 90 dB contribuent \u00e0 une exp\u00e9rience d&rsquo;\u00e9coute immersive.<\/p>\n<p>Fonctionnant \u00e0 3V et avec un courant de travail de 120mA, le r\u00e9cepteur IEW 600 garantit efficacit\u00e9 et durabilit\u00e9, offrant une polyvalence permettant de s&rsquo;adapter \u00e0 diff\u00e9rents environnements et \u00e0 des exigences sp\u00e9cifiques. D\u00e9couvrez la libert\u00e9 de mouvement et la fid\u00e9lit\u00e9 du son avec le syst\u00e8me st\u00e9r\u00e9o intra-auriculaire sans fil avanc\u00e9 Audibax IEW 600.<\/p>\n<p><strong>\u00c9metteur h\u00f4te:<\/strong><\/p>\n<ul>\n<li>Fr\u00e9quence: 615MHz-640MHz.<br \/>\nR\u00e9ponse en fr\u00e9quence: 50 Hz &#8211; 15 KHz.<br \/>\nAlimentation: 12V\/500mA.<br \/>\nPuissance d&rsquo;\u00e9mission: Haute puissance 18 dB, basse puissance 13 dB.<br \/>\nModulation audio: 28 KHz.<br \/>\nPr\u00e9cision de la fr\u00e9quence requise: \u00b1 10 KHz.<\/li>\n<\/ul>\n<p><strong>R\u00e9cepteur:<\/strong><\/p>\n<ul>\n<li>Fr\u00e9quence: 615MHz-640MHz.<br \/>\nMode de modulation: UHF.<br \/>\nR\u00e9ponse en fr\u00e9quence: 50 Hz &#8211; 15 KHz.<br \/>\nSensibilit\u00e9 de la source du signal: -104 dBm.<br \/>\nTaille de la sortie sonore: Sortie de l&rsquo;amplificateur \u00e0 3,5 oreilles, 120 mV.<br \/>\nDistorsion:&lt;1%.<br \/>\nRapport signal\/bruit: 90 dB.<br \/>\nTension de fonctionnement: 3V.<br \/>\nCourant de fonctionnement: 120mA.<\/li>\n<\/ul>\n","protected":false},"excerpt":{"rendered":"<p><strong>\u00c9metteur h\u00f4te:<\/strong><\/p>\n<ul>\n<li>Fr\u00e9quence: 615MHz-640MHz.<br \/>\nR\u00e9ponse en fr\u00e9quence: 50 Hz &#8211; 15 KHz.<br \/>\nAlimentation: 12V\/500mA.<br \/>\nPuissance d&rsquo;\u00e9mission: Haute puissance 18 dB, basse puissance 13 dB.<br \/>\nModulation audio: 28 KHz.<br \/>\nPr\u00e9cision de la fr\u00e9quence requise: \u00b1 10 KHz.<\/li>\n<\/ul>\n<p><strong>R\u00e9cepteur:<\/strong><\/p>\n<ul>\n<li>Fr\u00e9quence: 615MHz-640MHz.<br \/>\nMode de modulation: UHF.<br \/>\nR\u00e9ponse en fr\u00e9quence: 50 Hz &#8211; 15 KHz.<br \/>\nSensibilit\u00e9 de la source du signal: -104 dBm.<br \/>\nTaille de la sortie sonore: Sortie de l&rsquo;amplificateur \u00e0 3,5 oreilles, 120 mV.<br \/>\nDistorsion:&lt;1%.<br \/>\nRapport signal\/bruit: 90 dB.<br \/>\nTension de fonctionnement: 3V.<br \/>\nCourant de fonctionnement: 120mA.<\/li>\n<\/ul>\n","protected":false},"featured_media":47463,"comment_status":"open","ping_status":"closed","template":"","meta":{"_acf_changed":false},"product_cat":[371,387,389],"product_tag":[],"class_list":{"0":"post-39613","1":"product","2":"type-product","3":"status-publish","4":"has-post-thumbnail","6":"product_cat-microphones-fr","7":"product_cat-microphones-sans-fil","8":"product_cat-microphones-sans-fil-casque-decoute","10":"first","11":"instock","12":"shipping-taxable","13":"product-type-simple"},"acf":[],"yoast_head":"<!-- This site is optimized with the Yoast SEO plugin v27.0 - https:\/\/yoast.com\/product\/yoast-seo-wordpress\/ -->\n<title>IEW 600 Black - Audibax<\/title>\n<meta name=\"robots\" content=\"index, follow, max-snippet:-1, max-image-preview:large, max-video-preview:-1\" \/>\n<link rel=\"canonical\" href=\"https:\/\/audibax.com\/fr\/produit\/iew-600-black\/\" \/>\n<meta property=\"og:locale\" content=\"fr_FR\" \/>\n<meta property=\"og:type\" content=\"article\" \/>\n<meta property=\"og:title\" content=\"IEW 600 Black - Audibax\" \/>\n<meta property=\"og:description\" content=\"\u00c9metteur h\u00f4te:   Fr\u00e9quence: 615MHz-640MHz. R\u00e9ponse en fr\u00e9quence: 50 Hz - 15 KHz. Alimentation: 12V\/500mA. Puissance d&#039;\u00e9mission: Haute puissance 18 dB, basse puissance 13 dB. Modulation audio: 28 KHz. Pr\u00e9cision de la fr\u00e9quence requise: \u00b1 10 KHz.  R\u00e9cepteur:   Fr\u00e9quence: 615MHz-640MHz. Mode de modulation: UHF. R\u00e9ponse en fr\u00e9quence: 50 Hz - 15 KHz. Sensibilit\u00e9 de la source du signal: -104 dBm. Taille de la sortie sonore: Sortie de l&#039;amplificateur \u00e0 3,5 oreilles, 120 mV. Distorsion:&lt;1%. Rapport signal\/bruit: 90 dB. Tension de fonctionnement: 3V. Courant de fonctionnement: 120mA.\" \/>\n<meta property=\"og:url\" content=\"https:\/\/audibax.com\/fr\/produit\/iew-600-black\/\" \/>\n<meta property=\"og:site_name\" content=\"Audibax\" \/>\n<meta property=\"article:modified_time\" content=\"2024-02-06T09:42:16+00:00\" \/>\n<meta property=\"og:image\" content=\"https:\/\/audibax.com\/wp-content\/uploads\/2024\/01\/IEW600-1-new-jpg.webp\" \/>\n\t<meta property=\"og:image:width\" content=\"2500\" \/>\n\t<meta property=\"og:image:height\" content=\"1767\" \/>\n\t<meta property=\"og:image:type\" content=\"image\/jpeg\" \/>\n<meta name=\"twitter:card\" content=\"summary_large_image\" \/>\n<meta name=\"twitter:label1\" content=\"Dur\u00e9e de lecture estim\u00e9e\" \/>\n\t<meta name=\"twitter:data1\" content=\"2 minutes\" \/>\n<script type=\"application\/ld+json\" class=\"yoast-schema-graph\">{\"@context\":\"https:\/\/schema.org\",\"@graph\":[{\"@type\":\"WebPage\",\"@id\":\"https:\/\/audibax.com\/fr\/produit\/iew-600-black\/\",\"url\":\"https:\/\/audibax.com\/fr\/produit\/iew-600-black\/\",\"name\":\"IEW 600 Black - Audibax\",\"isPartOf\":{\"@id\":\"https:\/\/audibax.com\/fr\/#website\"},\"primaryImageOfPage\":{\"@id\":\"https:\/\/audibax.com\/fr\/produit\/iew-600-black\/#primaryimage\"},\"image\":{\"@id\":\"https:\/\/audibax.com\/fr\/produit\/iew-600-black\/#primaryimage\"},\"thumbnailUrl\":\"https:\/\/audibax.com\/wp-content\/uploads\/2024\/01\/IEW600-1-Micros-Inalambricos-Perfil.png\",\"datePublished\":\"2024-01-11T13:11:13+00:00\",\"dateModified\":\"2024-02-06T09:42:16+00:00\",\"breadcrumb\":{\"@id\":\"https:\/\/audibax.com\/fr\/produit\/iew-600-black\/#breadcrumb\"},\"inLanguage\":\"fr-FR\",\"potentialAction\":[{\"@type\":\"ReadAction\",\"target\":[\"https:\/\/audibax.com\/fr\/produit\/iew-600-black\/\"]}]},{\"@type\":\"ImageObject\",\"inLanguage\":\"fr-FR\",\"@id\":\"https:\/\/audibax.com\/fr\/produit\/iew-600-black\/#primaryimage\",\"url\":\"https:\/\/audibax.com\/wp-content\/uploads\/2024\/01\/IEW600-1-Micros-Inalambricos-Perfil.png\",\"contentUrl\":\"https:\/\/audibax.com\/wp-content\/uploads\/2024\/01\/IEW600-1-Micros-Inalambricos-Perfil.png\",\"width\":2500,\"height\":1768},{\"@type\":\"BreadcrumbList\",\"@id\":\"https:\/\/audibax.com\/fr\/produit\/iew-600-black\/#breadcrumb\",\"itemListElement\":[{\"@type\":\"ListItem\",\"position\":1,\"name\":\"Portada\",\"item\":\"https:\/\/audibax.com\/fr\/\"},{\"@type\":\"ListItem\",\"position\":2,\"name\":\"Produits\",\"item\":\"https:\/\/audibax.com\/fr\/shop\/\"},{\"@type\":\"ListItem\",\"position\":3,\"name\":\"IEW 600 Black\"}]},{\"@type\":\"WebSite\",\"@id\":\"https:\/\/audibax.com\/fr\/#website\",\"url\":\"https:\/\/audibax.com\/fr\/\",\"name\":\"Audibax\",\"description\":\"\",\"publisher\":{\"@id\":\"https:\/\/audibax.com\/fr\/#organization\"},\"potentialAction\":[{\"@type\":\"SearchAction\",\"target\":{\"@type\":\"EntryPoint\",\"urlTemplate\":\"https:\/\/audibax.com\/fr\/?s={search_term_string}\"},\"query-input\":{\"@type\":\"PropertyValueSpecification\",\"valueRequired\":true,\"valueName\":\"search_term_string\"}}],\"inLanguage\":\"fr-FR\"},{\"@type\":\"Organization\",\"@id\":\"https:\/\/audibax.com\/fr\/#organization\",\"name\":\"Audibax\",\"url\":\"https:\/\/audibax.com\/fr\/\",\"logo\":{\"@type\":\"ImageObject\",\"inLanguage\":\"fr-FR\",\"@id\":\"https:\/\/audibax.com\/fr\/#\/schema\/logo\/image\/\",\"url\":\"https:\/\/audibax.com\/wp-content\/uploads\/2023\/09\/logo-Audibax-BLANCO-SVG-1.svg\",\"contentUrl\":\"https:\/\/audibax.com\/wp-content\/uploads\/2023\/09\/logo-Audibax-BLANCO-SVG-1.svg\",\"caption\":\"Audibax\"},\"image\":{\"@id\":\"https:\/\/audibax.com\/fr\/#\/schema\/logo\/image\/\"}}]}<\/script>\n<!-- \/ Yoast SEO plugin. -->","yoast_head_json":{"title":"IEW 600 Black - Audibax","robots":{"index":"index","follow":"follow","max-snippet":"max-snippet:-1","max-image-preview":"max-image-preview:large","max-video-preview":"max-video-preview:-1"},"canonical":"https:\/\/audibax.com\/fr\/produit\/iew-600-black\/","og_locale":"fr_FR","og_type":"article","og_title":"IEW 600 Black - Audibax","og_description":"\u00c9metteur h\u00f4te:   Fr\u00e9quence: 615MHz-640MHz. R\u00e9ponse en fr\u00e9quence: 50 Hz - 15 KHz. Alimentation: 12V\/500mA. Puissance d'\u00e9mission: Haute puissance 18 dB, basse puissance 13 dB. Modulation audio: 28 KHz. Pr\u00e9cision de la fr\u00e9quence requise: \u00b1 10 KHz.  R\u00e9cepteur:   Fr\u00e9quence: 615MHz-640MHz. Mode de modulation: UHF. R\u00e9ponse en fr\u00e9quence: 50 Hz - 15 KHz. Sensibilit\u00e9 de la source du signal: -104 dBm. Taille de la sortie sonore: Sortie de l'amplificateur \u00e0 3,5 oreilles, 120 mV. Distorsion:&lt;1%. Rapport signal\/bruit: 90 dB. Tension de fonctionnement: 3V. Courant de fonctionnement: 120mA.","og_url":"https:\/\/audibax.com\/fr\/produit\/iew-600-black\/","og_site_name":"Audibax","article_modified_time":"2024-02-06T09:42:16+00:00","og_image":[{"width":2500,"height":1767,"url":"https:\/\/audibax.com\/wp-content\/uploads\/2024\/01\/IEW600-1-new-jpg.webp","type":"image\/jpeg"}],"twitter_card":"summary_large_image","twitter_misc":{"Dur\u00e9e de lecture estim\u00e9e":"2 minutes"},"schema":{"@context":"https:\/\/schema.org","@graph":[{"@type":"WebPage","@id":"https:\/\/audibax.com\/fr\/produit\/iew-600-black\/","url":"https:\/\/audibax.com\/fr\/produit\/iew-600-black\/","name":"IEW 600 Black - Audibax","isPartOf":{"@id":"https:\/\/audibax.com\/fr\/#website"},"primaryImageOfPage":{"@id":"https:\/\/audibax.com\/fr\/produit\/iew-600-black\/#primaryimage"},"image":{"@id":"https:\/\/audibax.com\/fr\/produit\/iew-600-black\/#primaryimage"},"thumbnailUrl":"https:\/\/audibax.com\/wp-content\/uploads\/2024\/01\/IEW600-1-Micros-Inalambricos-Perfil.png","datePublished":"2024-01-11T13:11:13+00:00","dateModified":"2024-02-06T09:42:16+00:00","breadcrumb":{"@id":"https:\/\/audibax.com\/fr\/produit\/iew-600-black\/#breadcrumb"},"inLanguage":"fr-FR","potentialAction":[{"@type":"ReadAction","target":["https:\/\/audibax.com\/fr\/produit\/iew-600-black\/"]}]},{"@type":"ImageObject","inLanguage":"fr-FR","@id":"https:\/\/audibax.com\/fr\/produit\/iew-600-black\/#primaryimage","url":"https:\/\/audibax.com\/wp-content\/uploads\/2024\/01\/IEW600-1-Micros-Inalambricos-Perfil.png","contentUrl":"https:\/\/audibax.com\/wp-content\/uploads\/2024\/01\/IEW600-1-Micros-Inalambricos-Perfil.png","width":2500,"height":1768},{"@type":"BreadcrumbList","@id":"https:\/\/audibax.com\/fr\/produit\/iew-600-black\/#breadcrumb","itemListElement":[{"@type":"ListItem","position":1,"name":"Portada","item":"https:\/\/audibax.com\/fr\/"},{"@type":"ListItem","position":2,"name":"Produits","item":"https:\/\/audibax.com\/fr\/shop\/"},{"@type":"ListItem","position":3,"name":"IEW 600 Black"}]},{"@type":"WebSite","@id":"https:\/\/audibax.com\/fr\/#website","url":"https:\/\/audibax.com\/fr\/","name":"Audibax","description":"","publisher":{"@id":"https:\/\/audibax.com\/fr\/#organization"},"potentialAction":[{"@type":"SearchAction","target":{"@type":"EntryPoint","urlTemplate":"https:\/\/audibax.com\/fr\/?s={search_term_string}"},"query-input":{"@type":"PropertyValueSpecification","valueRequired":true,"valueName":"search_term_string"}}],"inLanguage":"fr-FR"},{"@type":"Organization","@id":"https:\/\/audibax.com\/fr\/#organization","name":"Audibax","url":"https:\/\/audibax.com\/fr\/","logo":{"@type":"ImageObject","inLanguage":"fr-FR","@id":"https:\/\/audibax.com\/fr\/#\/schema\/logo\/image\/","url":"https:\/\/audibax.com\/wp-content\/uploads\/2023\/09\/logo-Audibax-BLANCO-SVG-1.svg","contentUrl":"https:\/\/audibax.com\/wp-content\/uploads\/2023\/09\/logo-Audibax-BLANCO-SVG-1.svg","caption":"Audibax"},"image":{"@id":"https:\/\/audibax.com\/fr\/#\/schema\/logo\/image\/"}}]}},"_links":{"self":[{"href":"https:\/\/audibax.com\/fr\/wp-json\/wp\/v2\/product\/39613","targetHints":{"allow":["GET"]}}],"collection":[{"href":"https:\/\/audibax.com\/fr\/wp-json\/wp\/v2\/product"}],"about":[{"href":"https:\/\/audibax.com\/fr\/wp-json\/wp\/v2\/types\/product"}],"replies":[{"embeddable":true,"href":"https:\/\/audibax.com\/fr\/wp-json\/wp\/v2\/comments?post=39613"}],"wp:featuredmedia":[{"embeddable":true,"href":"https:\/\/audibax.com\/fr\/wp-json\/wp\/v2\/media\/47463"}],"wp:attachment":[{"href":"https:\/\/audibax.com\/fr\/wp-json\/wp\/v2\/media?parent=39613"}],"wp:term":[{"taxonomy":"product_cat","embeddable":true,"href":"https:\/\/audibax.com\/fr\/wp-json\/wp\/v2\/product_cat?post=39613"},{"taxonomy":"product_tag","embeddable":true,"href":"https:\/\/audibax.com\/fr\/wp-json\/wp\/v2\/product_tag?post=39613"}],"curies":[{"name":"wp","href":"https:\/\/api.w.org\/{rel}","templated":true}]}}