{"id":39586,"date":"2024-01-11T13:11:43","date_gmt":"2024-01-11T12:11:43","guid":{"rendered":"https:\/\/audibax.com\/product\/srm102-black\/"},"modified":"2024-05-08T10:07:47","modified_gmt":"2024-05-08T08:07:47","slug":"srm102-black","status":"publish","type":"product","link":"https:\/\/audibax.com\/fr\/produit\/srm102-black\/","title":{"rendered":"SRM102 Black"},"content":{"rendered":"<p>Notre m\u00e9langeur en rack <strong>Audibax SRM102<\/strong> est la pi\u00e8ce ma\u00eetresse id\u00e9ale pour toute installation audio professionnelle dans les bars, les restaurants et les h\u00f4tels. Cet appareil se distingue non seulement par sa connectivit\u00e9 et sa polyvalence, mais il est \u00e9galement con\u00e7u pour r\u00e9pondre aux exigences les plus strictes de tout environnement sonore.<\/p>\n<p><strong>Connectivit\u00e9 et polyvalence:<\/strong><\/p>\n<p>Avec cinq entr\u00e9es microphones, trois entr\u00e9es auxiliaires et deux entr\u00e9es prioritaires, l&rsquo;Audibax SRM102 est un cam\u00e9l\u00e9on de la connectivit\u00e9. Chaque canal dispose d&rsquo;un contr\u00f4le de volume ind\u00e9pendant, ce qui permet un mixage pr\u00e9cis et personnalis\u00e9. Cette flexibilit\u00e9 le rend parfait pour s&rsquo;adapter \u00e0 une vari\u00e9t\u00e9 de sources sonores et de configurations, garantissant que toutes les entr\u00e9es sont g\u00e9r\u00e9es avec facilit\u00e9 et efficacit\u00e9.<\/p>\n<p><strong>Contr\u00f4le et \u00e9galisation:<\/strong><\/p>\n<p>R\u00e9glez le son \u00e0 la perfection gr\u00e2ce aux commandes intuitives des aigus et des basses. L&rsquo;\u00e9galisation d\u00e9taill\u00e9e permet aux utilisateurs de r\u00e9gler avec pr\u00e9cision la sortie audio en fonction de l&rsquo;acoustique de la pi\u00e8ce et de leurs pr\u00e9f\u00e9rences personnelles. Qu&rsquo;il s&rsquo;agisse de faire ressortir la clart\u00e9 de la parole ou d&rsquo;enrichir la tonalit\u00e9 de la musique de fond, ces commandes d&rsquo;\u00e9galisation sont essentielles pour cr\u00e9er l&rsquo;atmosph\u00e8re sonore parfaite.<\/p>\n<p><strong>Qualit\u00e9 sonore et robustesse:<\/strong><\/p>\n<p>La fiabilit\u00e9 est une promesse avec ce m\u00e9langeur, gr\u00e2ce \u00e0 des composants de haute qualit\u00e9 qui garantissent une excellente qualit\u00e9 sonore et une durabilit\u00e9 in\u00e9branlable. Con\u00e7u pour r\u00e9sister \u00e0 l&rsquo;utilisation constante et aux conditions parfois difficiles des environnements commerciaux, ce m\u00e9langeur offre des performances acoustiques exceptionnelles et est con\u00e7u pour durer.<\/p>\n<p><strong>Un must pour les installations commerciales:<\/strong><\/p>\n<p>Le SRM102 d&rsquo;Audibax est un compl\u00e9ment indispensable \u00e0 toute installation audio dans les bars, les restaurants et les h\u00f4tels. Il facilite la cr\u00e9ation d&rsquo;environnements sonores immersifs et agr\u00e9ables qui am\u00e9liorent l&rsquo;exp\u00e9rience des clients. Gr\u00e2ce \u00e0 sa facilit\u00e9 d&rsquo;int\u00e9gration dans les syst\u00e8mes audio existants et \u00e0 sa capacit\u00e9 \u00e0 g\u00e9rer plusieurs sources, c&rsquo;est un outil indispensable pour toute entreprise qui accorde de l&rsquo;importance \u00e0 une exp\u00e9rience d&rsquo;\u00e9coute de qualit\u00e9.<\/p>\n<ul>\n<li>M\u00e9langeur pour installations professionnelles<\/li>\n<li>4 sorties<\/li>\n<li>8 entr\u00e9es (5 entr\u00e9es microphones, 3 entr\u00e9es auxiliaires, 2 entr\u00e9es prioritaires)<\/li>\n<li>Fonction de sourdine.<\/li>\n<li>R\u00e9glage individuel du volume.<\/li>\n<li>Sensibilit\u00e9 d&rsquo;entr\u00e9e microphone: \u22643,2 mV, asym\u00e9trique.<\/li>\n<li>Aux: \u2264300mV, asym\u00e9trique<\/li>\n<li>CEM: \u2264450mV<\/li>\n<li>Sortie audio: 0dBV<\/li>\n<li>R\u00e9ponse en fr\u00e9quence: 30Hz-20KHz (\u00b13dB)<\/li>\n<li>Distorsion: \u22640,1% (1 KHz, conditions de fonctionnement normales)<\/li>\n<li>Rapport S\/B de l&rsquo;entr\u00e9e auxiliaire: \u226566dB<\/li>\n<li>Tonalit\u00e9:\n<ul>\n<li>Graves: \u00b110 dB (100 Hz)<\/li>\n<li>Aigus: \u00b110dB (10kHz)<\/li>\n<\/ul>\n<\/li>\n<li>Protection: Fusible AC<\/li>\n<li>Consommation \u00e9lectrique: AC 220 V\/50 Hz<\/li>\n<li>Taille de l&#8217;emballage ext\u00e9rieur (mm): (L\u00d7L\u00d7H)530\u00d7440\u00d7195<\/li>\n<li>Dimensions de l&rsquo;unit\u00e9 (mm): (L\u00d7L\u00d7H)484\u00d7365\u00d788<\/li>\n<li>Poids brut: 8 kg<\/li>\n<li>Poids net: 6,2 kg<\/li>\n<\/ul>\n","protected":false},"excerpt":{"rendered":"<ul>\n<li>M\u00e9langeur pour installations professionnelles<\/li>\n<li>4 sorties<\/li>\n<li>8 entr\u00e9es (5 entr\u00e9es microphones, 3 entr\u00e9es auxiliaires, 2 entr\u00e9es prioritaires)<\/li>\n<li>Fonction de sourdine.<\/li>\n<li>R\u00e9glage individuel du volume.<\/li>\n<li>Tonalit\u00e9:\n<ul>\n<li>Graves: \u00b110 dB (100 Hz)<\/li>\n<li>Aigus: \u00b110dB (10kHz)<\/li>\n<\/ul>\n<\/li>\n<li>Protection: Fusible AC<\/li>\n<li>Consommation \u00e9lectrique: AC 220 V\/50 Hz<\/li>\n<li>Dimensions de l&rsquo;unit\u00e9 (mm): (L\u00d7L\u00d7H)484\u00d7365\u00d788<\/li>\n<li>Poids net: 6,2 kg<\/li>\n<\/ul>\n","protected":false},"featured_media":39562,"comment_status":"open","ping_status":"closed","template":"","meta":{"_acf_changed":false},"product_cat":[395,703,393],"product_tag":[],"class_list":{"0":"post-39586","1":"product","2":"type-product","3":"status-publish","4":"has-post-thumbnail","6":"product_cat-amplificateurs","7":"product_cat-amplificateurs-de-mixage-preamps","8":"product_cat-sonorisation","10":"first","11":"instock","12":"shipping-taxable","13":"product-type-simple"},"acf":[],"yoast_head":"<!-- This site is optimized with the Yoast SEO plugin v27.0 - https:\/\/yoast.com\/product\/yoast-seo-wordpress\/ -->\n<title>SRM102 Black - Audibax<\/title>\n<meta name=\"robots\" content=\"index, follow, max-snippet:-1, max-image-preview:large, max-video-preview:-1\" \/>\n<link rel=\"canonical\" href=\"https:\/\/audibax.com\/fr\/produit\/srm102-black\/\" \/>\n<meta property=\"og:locale\" content=\"fr_FR\" \/>\n<meta property=\"og:type\" content=\"article\" \/>\n<meta property=\"og:title\" content=\"SRM102 Black - Audibax\" \/>\n<meta property=\"og:description\" content=\"M\u00e9langeur pour installations professionnelles  4 sorties  8 entr\u00e9es (5 entr\u00e9es microphones, 3 entr\u00e9es auxiliaires, 2 entr\u00e9es prioritaires)  Fonction de sourdine.  R\u00e9glage individuel du volume.  Tonalit\u00e9:   Graves: \u00b110 dB (100 Hz)  Aigus: \u00b110dB (10kHz)    Protection: Fusible AC  Consommation \u00e9lectrique: AC 220 V\/50 Hz  Dimensions de l&#039;unit\u00e9 (mm): (L\u00d7L\u00d7H)484\u00d7365\u00d788  Poids net: 6,2 kg\" \/>\n<meta property=\"og:url\" content=\"https:\/\/audibax.com\/fr\/produit\/srm102-black\/\" \/>\n<meta property=\"og:site_name\" content=\"Audibax\" \/>\n<meta property=\"article:modified_time\" content=\"2024-05-08T08:07:47+00:00\" \/>\n<meta property=\"og:image\" content=\"https:\/\/audibax.com\/wp-content\/uploads\/2024\/01\/Audibax-SRM102-1-new-jpg.webp\" \/>\n\t<meta property=\"og:image:width\" content=\"2500\" \/>\n\t<meta property=\"og:image:height\" content=\"1767\" \/>\n\t<meta property=\"og:image:type\" content=\"image\/jpeg\" \/>\n<meta name=\"twitter:card\" content=\"summary_large_image\" \/>\n<meta name=\"twitter:label1\" content=\"Dur\u00e9e de lecture estim\u00e9e\" \/>\n\t<meta name=\"twitter:data1\" content=\"3 minutes\" \/>\n<script type=\"application\/ld+json\" class=\"yoast-schema-graph\">{\"@context\":\"https:\/\/schema.org\",\"@graph\":[{\"@type\":\"WebPage\",\"@id\":\"https:\/\/audibax.com\/fr\/produit\/srm102-black\/\",\"url\":\"https:\/\/audibax.com\/fr\/produit\/srm102-black\/\",\"name\":\"SRM102 Black - Audibax\",\"isPartOf\":{\"@id\":\"https:\/\/audibax.com\/fr\/#website\"},\"primaryImageOfPage\":{\"@id\":\"https:\/\/audibax.com\/fr\/produit\/srm102-black\/#primaryimage\"},\"image\":{\"@id\":\"https:\/\/audibax.com\/fr\/produit\/srm102-black\/#primaryimage\"},\"thumbnailUrl\":\"https:\/\/audibax.com\/wp-content\/uploads\/2024\/01\/Audibax-SRM102-1-new-jpg.webp\",\"datePublished\":\"2024-01-11T12:11:43+00:00\",\"dateModified\":\"2024-05-08T08:07:47+00:00\",\"breadcrumb\":{\"@id\":\"https:\/\/audibax.com\/fr\/produit\/srm102-black\/#breadcrumb\"},\"inLanguage\":\"fr-FR\",\"potentialAction\":[{\"@type\":\"ReadAction\",\"target\":[\"https:\/\/audibax.com\/fr\/produit\/srm102-black\/\"]}]},{\"@type\":\"ImageObject\",\"inLanguage\":\"fr-FR\",\"@id\":\"https:\/\/audibax.com\/fr\/produit\/srm102-black\/#primaryimage\",\"url\":\"https:\/\/audibax.com\/wp-content\/uploads\/2024\/01\/Audibax-SRM102-1-new-jpg.webp\",\"contentUrl\":\"https:\/\/audibax.com\/wp-content\/uploads\/2024\/01\/Audibax-SRM102-1-new-jpg.webp\",\"width\":2500,\"height\":1767},{\"@type\":\"BreadcrumbList\",\"@id\":\"https:\/\/audibax.com\/fr\/produit\/srm102-black\/#breadcrumb\",\"itemListElement\":[{\"@type\":\"ListItem\",\"position\":1,\"name\":\"Portada\",\"item\":\"https:\/\/audibax.com\/fr\/\"},{\"@type\":\"ListItem\",\"position\":2,\"name\":\"Produits\",\"item\":\"https:\/\/audibax.com\/fr\/shop\/\"},{\"@type\":\"ListItem\",\"position\":3,\"name\":\"SRM102 Black\"}]},{\"@type\":\"WebSite\",\"@id\":\"https:\/\/audibax.com\/fr\/#website\",\"url\":\"https:\/\/audibax.com\/fr\/\",\"name\":\"Audibax\",\"description\":\"\",\"publisher\":{\"@id\":\"https:\/\/audibax.com\/fr\/#organization\"},\"potentialAction\":[{\"@type\":\"SearchAction\",\"target\":{\"@type\":\"EntryPoint\",\"urlTemplate\":\"https:\/\/audibax.com\/fr\/?s={search_term_string}\"},\"query-input\":{\"@type\":\"PropertyValueSpecification\",\"valueRequired\":true,\"valueName\":\"search_term_string\"}}],\"inLanguage\":\"fr-FR\"},{\"@type\":\"Organization\",\"@id\":\"https:\/\/audibax.com\/fr\/#organization\",\"name\":\"Audibax\",\"url\":\"https:\/\/audibax.com\/fr\/\",\"logo\":{\"@type\":\"ImageObject\",\"inLanguage\":\"fr-FR\",\"@id\":\"https:\/\/audibax.com\/fr\/#\/schema\/logo\/image\/\",\"url\":\"https:\/\/audibax.com\/wp-content\/uploads\/2023\/09\/logo-Audibax-BLANCO-SVG-1.svg\",\"contentUrl\":\"https:\/\/audibax.com\/wp-content\/uploads\/2023\/09\/logo-Audibax-BLANCO-SVG-1.svg\",\"caption\":\"Audibax\"},\"image\":{\"@id\":\"https:\/\/audibax.com\/fr\/#\/schema\/logo\/image\/\"}}]}<\/script>\n<!-- \/ Yoast SEO plugin. -->","yoast_head_json":{"title":"SRM102 Black - Audibax","robots":{"index":"index","follow":"follow","max-snippet":"max-snippet:-1","max-image-preview":"max-image-preview:large","max-video-preview":"max-video-preview:-1"},"canonical":"https:\/\/audibax.com\/fr\/produit\/srm102-black\/","og_locale":"fr_FR","og_type":"article","og_title":"SRM102 Black - Audibax","og_description":"M\u00e9langeur pour installations professionnelles  4 sorties  8 entr\u00e9es (5 entr\u00e9es microphones, 3 entr\u00e9es auxiliaires, 2 entr\u00e9es prioritaires)  Fonction de sourdine.  R\u00e9glage individuel du volume.  Tonalit\u00e9:   Graves: \u00b110 dB (100 Hz)  Aigus: \u00b110dB (10kHz)    Protection: Fusible AC  Consommation \u00e9lectrique: AC 220 V\/50 Hz  Dimensions de l'unit\u00e9 (mm): (L\u00d7L\u00d7H)484\u00d7365\u00d788  Poids net: 6,2 kg","og_url":"https:\/\/audibax.com\/fr\/produit\/srm102-black\/","og_site_name":"Audibax","article_modified_time":"2024-05-08T08:07:47+00:00","og_image":[{"width":2500,"height":1767,"url":"https:\/\/audibax.com\/wp-content\/uploads\/2024\/01\/Audibax-SRM102-1-new-jpg.webp","type":"image\/jpeg"}],"twitter_card":"summary_large_image","twitter_misc":{"Dur\u00e9e de lecture estim\u00e9e":"3 minutes"},"schema":{"@context":"https:\/\/schema.org","@graph":[{"@type":"WebPage","@id":"https:\/\/audibax.com\/fr\/produit\/srm102-black\/","url":"https:\/\/audibax.com\/fr\/produit\/srm102-black\/","name":"SRM102 Black - Audibax","isPartOf":{"@id":"https:\/\/audibax.com\/fr\/#website"},"primaryImageOfPage":{"@id":"https:\/\/audibax.com\/fr\/produit\/srm102-black\/#primaryimage"},"image":{"@id":"https:\/\/audibax.com\/fr\/produit\/srm102-black\/#primaryimage"},"thumbnailUrl":"https:\/\/audibax.com\/wp-content\/uploads\/2024\/01\/Audibax-SRM102-1-new-jpg.webp","datePublished":"2024-01-11T12:11:43+00:00","dateModified":"2024-05-08T08:07:47+00:00","breadcrumb":{"@id":"https:\/\/audibax.com\/fr\/produit\/srm102-black\/#breadcrumb"},"inLanguage":"fr-FR","potentialAction":[{"@type":"ReadAction","target":["https:\/\/audibax.com\/fr\/produit\/srm102-black\/"]}]},{"@type":"ImageObject","inLanguage":"fr-FR","@id":"https:\/\/audibax.com\/fr\/produit\/srm102-black\/#primaryimage","url":"https:\/\/audibax.com\/wp-content\/uploads\/2024\/01\/Audibax-SRM102-1-new-jpg.webp","contentUrl":"https:\/\/audibax.com\/wp-content\/uploads\/2024\/01\/Audibax-SRM102-1-new-jpg.webp","width":2500,"height":1767},{"@type":"BreadcrumbList","@id":"https:\/\/audibax.com\/fr\/produit\/srm102-black\/#breadcrumb","itemListElement":[{"@type":"ListItem","position":1,"name":"Portada","item":"https:\/\/audibax.com\/fr\/"},{"@type":"ListItem","position":2,"name":"Produits","item":"https:\/\/audibax.com\/fr\/shop\/"},{"@type":"ListItem","position":3,"name":"SRM102 Black"}]},{"@type":"WebSite","@id":"https:\/\/audibax.com\/fr\/#website","url":"https:\/\/audibax.com\/fr\/","name":"Audibax","description":"","publisher":{"@id":"https:\/\/audibax.com\/fr\/#organization"},"potentialAction":[{"@type":"SearchAction","target":{"@type":"EntryPoint","urlTemplate":"https:\/\/audibax.com\/fr\/?s={search_term_string}"},"query-input":{"@type":"PropertyValueSpecification","valueRequired":true,"valueName":"search_term_string"}}],"inLanguage":"fr-FR"},{"@type":"Organization","@id":"https:\/\/audibax.com\/fr\/#organization","name":"Audibax","url":"https:\/\/audibax.com\/fr\/","logo":{"@type":"ImageObject","inLanguage":"fr-FR","@id":"https:\/\/audibax.com\/fr\/#\/schema\/logo\/image\/","url":"https:\/\/audibax.com\/wp-content\/uploads\/2023\/09\/logo-Audibax-BLANCO-SVG-1.svg","contentUrl":"https:\/\/audibax.com\/wp-content\/uploads\/2023\/09\/logo-Audibax-BLANCO-SVG-1.svg","caption":"Audibax"},"image":{"@id":"https:\/\/audibax.com\/fr\/#\/schema\/logo\/image\/"}}]}},"_links":{"self":[{"href":"https:\/\/audibax.com\/fr\/wp-json\/wp\/v2\/product\/39586","targetHints":{"allow":["GET"]}}],"collection":[{"href":"https:\/\/audibax.com\/fr\/wp-json\/wp\/v2\/product"}],"about":[{"href":"https:\/\/audibax.com\/fr\/wp-json\/wp\/v2\/types\/product"}],"replies":[{"embeddable":true,"href":"https:\/\/audibax.com\/fr\/wp-json\/wp\/v2\/comments?post=39586"}],"wp:featuredmedia":[{"embeddable":true,"href":"https:\/\/audibax.com\/fr\/wp-json\/wp\/v2\/media\/39562"}],"wp:attachment":[{"href":"https:\/\/audibax.com\/fr\/wp-json\/wp\/v2\/media?parent=39586"}],"wp:term":[{"taxonomy":"product_cat","embeddable":true,"href":"https:\/\/audibax.com\/fr\/wp-json\/wp\/v2\/product_cat?post=39586"},{"taxonomy":"product_tag","embeddable":true,"href":"https:\/\/audibax.com\/fr\/wp-json\/wp\/v2\/product_tag?post=39586"}],"curies":[{"name":"wp","href":"https:\/\/api.w.org\/{rel}","templated":true}]}}