{"id":39559,"date":"2024-01-11T10:21:29","date_gmt":"2024-01-11T09:21:29","guid":{"rendered":"https:\/\/audibax.com\/product\/java-4-tw-white\/"},"modified":"2024-05-08T10:12:59","modified_gmt":"2024-05-08T08:12:59","slug":"java-4-tw-white","status":"publish","type":"product","link":"https:\/\/audibax.com\/fr\/produit\/java-4-tw-white\/","title":{"rendered":"Java 4 TW White"},"content":{"rendered":"<p><strong>Id\u00e9al pour l&rsquo;int\u00e9rieur et l&rsquo;ext\u00e9rieur:<\/strong><\/p>\n<p>Notre enceinte d&rsquo;installation Audibax Java est con\u00e7ue pour \u00eatre le compl\u00e9ment sonore parfait pour l&rsquo;int\u00e9rieur et l&rsquo;ext\u00e9rieur. Gr\u00e2ce \u00e0 sa robustesse et \u00e0 sa polyvalence, elle s&rsquo;adapte \u00e0 tous les environnements, de l&rsquo;intimit\u00e9 d&rsquo;une terrasse domestique \u00e0 l&rsquo;espace d&rsquo;une salle de restaurant. Sa capacit\u00e9 \u00e0 r\u00e9sister aux conditions les plus exigeantes en fait l&rsquo;alli\u00e9 id\u00e9al pour diffuser de la musique et des annonces dans n&rsquo;importe quel espace, quel que soit le temps.<\/p>\n<p><strong>\u00c9l\u00e9gance et design:<\/strong><\/p>\n<p>L&rsquo;esth\u00e9tique n&rsquo;a pas \u00e9t\u00e9 laiss\u00e9e au hasard dans cette enceinte, l&rsquo;Audibax Java offre un design moderne avec des finitions disponibles en noir et blanc. L&rsquo;\u00e9l\u00e9gance de ses lignes et la sobri\u00e9t\u00e9 de sa pr\u00e9sentation lui permettent de se fondre dans le d\u00e9cor existant ou de s&rsquo;imposer comme un \u00e9l\u00e9ment de design, au choix. La beaut\u00e9 de sa construction est aussi s\u00e9duisante que la qualit\u00e9 du son qu&rsquo;il \u00e9met.<\/p>\n<p><strong>Qualit\u00e9 du son:<\/strong><\/p>\n<p>En parlant de son, la clart\u00e9 et la profondeur acoustique de notre Audibax Java sont in\u00e9gal\u00e9es. Gr\u00e2ce \u00e0 son angle r\u00e9glable, il vous permet de diriger le son avec pr\u00e9cision vers la zone souhait\u00e9e, garantissant ainsi que chaque note et chaque mot sont restitu\u00e9s avec la plus grande fid\u00e9lit\u00e9 et la plus grande clart\u00e9. Que vous jouiez de la musique d&rsquo;ambiance douce ou que vous ayez besoin de plus de volume et d&rsquo;\u00e9nergie, la qualit\u00e9 du son reste impeccable.<\/p>\n<p><strong>Composants de haute qualit\u00e9:<\/strong><\/p>\n<p>La durabilit\u00e9 est l&rsquo;une de nos principales pr\u00e9occupations. C&rsquo;est pourquoi nous avons \u00e9quip\u00e9 ce haut-parleur de composants de haute qualit\u00e9 qui garantissent une longue dur\u00e9e de vie. R\u00e9sistant \u00e0 la corrosion et \u00e0 la d\u00e9coloration, et dot\u00e9 d&rsquo;une protection sup\u00e9rieure contre l&rsquo;humidit\u00e9 et la poussi\u00e8re, ce haut-parleur est con\u00e7u pour durer, ce qui r\u00e9duit les besoins d&rsquo;entretien et garantit des performances exceptionnelles au fil du temps.<\/p>\n<p><strong>Polyvalence:<\/strong><\/p>\n<p>Nos enceintes Audibax Java sont le choix pr\u00e9f\u00e9r\u00e9 d&rsquo;une multitude d&rsquo;espaces commerciaux et de divertissement. Les boutiques de mode, les centres commerciaux tr\u00e8s fr\u00e9quent\u00e9s, les salles de sport modernes, les maisons contemporaines et les centres de divertissement dynamiques trouvent tous dans cette enceinte les moyens de cr\u00e9er l&rsquo;environnement sonore souhait\u00e9. Avec une installation facile et une int\u00e9gration transparente dans n&rsquo;importe quel espace, ces enceintes \u00e9l\u00e8vent l&rsquo;exp\u00e9rience d&rsquo;\u00e9coute dans n&rsquo;importe quel environnement.<\/p>\n<ul>\n<li>Mat\u00e9riau: ABS<\/li>\n<li>Caisson de basse: 4&Prime;<\/li>\n<li>R\u00e9ponse en fr\u00e9quence: 120Hz-20kHz<\/li>\n<li>Puissance RMS: 20W &#8211; 70V\/100V\/Lo-Z (8 Ohms)<\/li>\n<li>Sensibilit\u00e9: 85 dB<\/li>\n<li>Transformateur: 70\/100V\/basse imp\u00e9dance<\/li>\n<li>Montage: Support\/vis<\/li>\n<li>Dimensions du produit: 148x27x138mm<\/li>\n<li>Couleur: Blanc<\/li>\n<\/ul>\n","protected":false},"excerpt":{"rendered":"<ul>\n<li>Mat\u00e9riau: ABS<\/li>\n<li>Caisson de basse: 4&Prime;<\/li>\n<li>R\u00e9ponse en fr\u00e9quence: 120Hz-20kHz<\/li>\n<li>Puissance RMS: 20W &#8211; 70V\/100V\/Lo-Z (8 Ohms)<\/li>\n<li>Sensibilit\u00e9: 85 dB<\/li>\n<li>Transformateur: 70\/100V\/basse imp\u00e9dance<\/li>\n<li>Montage: Support\/vis<\/li>\n<li>Dimensions du produit: 148x27x138mm<\/li>\n<li>Couleur: Blanc<\/li>\n<\/ul>\n","protected":false},"featured_media":50099,"comment_status":"open","ping_status":"closed","template":"","meta":{"_acf_changed":false},"product_cat":[417,253,393],"product_tag":[],"class_list":{"0":"post-39559","1":"product","2":"type-product","3":"status-publish","4":"has-post-thumbnail","6":"product_cat-haut-parleurs-muraux","7":"product_cat-intervenants","8":"product_cat-sonorisation","10":"first","11":"instock","12":"shipping-taxable","13":"product-type-simple"},"acf":[],"yoast_head":"<!-- This site is optimized with the Yoast SEO plugin v27.0 - https:\/\/yoast.com\/product\/yoast-seo-wordpress\/ -->\n<title>Java 4 TW White - Audibax<\/title>\n<meta name=\"robots\" content=\"index, follow, max-snippet:-1, max-image-preview:large, max-video-preview:-1\" \/>\n<link rel=\"canonical\" href=\"https:\/\/audibax.com\/fr\/produit\/java-4-tw-white\/\" \/>\n<meta property=\"og:locale\" content=\"fr_FR\" \/>\n<meta property=\"og:type\" content=\"article\" \/>\n<meta property=\"og:title\" content=\"Java 4 TW White - Audibax\" \/>\n<meta property=\"og:description\" content=\"Mat\u00e9riau: ABS  Caisson de basse: 4&quot;  R\u00e9ponse en fr\u00e9quence: 120Hz-20kHz  Puissance RMS: 20W - 70V\/100V\/Lo-Z (8 Ohms)  Sensibilit\u00e9: 85 dB  Transformateur: 70\/100V\/basse imp\u00e9dance  Montage: Support\/vis  Dimensions du produit: 148x27x138mm  Couleur: Blanc\" \/>\n<meta property=\"og:url\" content=\"https:\/\/audibax.com\/fr\/produit\/java-4-tw-white\/\" \/>\n<meta property=\"og:site_name\" content=\"Audibax\" \/>\n<meta property=\"article:modified_time\" content=\"2024-05-08T08:12:59+00:00\" \/>\n<meta property=\"og:image\" content=\"https:\/\/audibax.com\/wp-content\/uploads\/2024\/01\/Audibax-Java-4-TW-White_1.png\" \/>\n\t<meta property=\"og:image:width\" content=\"1500\" \/>\n\t<meta property=\"og:image:height\" content=\"1060\" \/>\n\t<meta property=\"og:image:type\" content=\"image\/png\" \/>\n<meta name=\"twitter:card\" content=\"summary_large_image\" \/>\n<meta name=\"twitter:label1\" content=\"Dur\u00e9e de lecture estim\u00e9e\" \/>\n\t<meta name=\"twitter:data1\" content=\"2 minutes\" \/>\n<script type=\"application\/ld+json\" class=\"yoast-schema-graph\">{\"@context\":\"https:\/\/schema.org\",\"@graph\":[{\"@type\":\"WebPage\",\"@id\":\"https:\/\/audibax.com\/fr\/produit\/java-4-tw-white\/\",\"url\":\"https:\/\/audibax.com\/fr\/produit\/java-4-tw-white\/\",\"name\":\"Java 4 TW White - Audibax\",\"isPartOf\":{\"@id\":\"https:\/\/audibax.com\/fr\/#website\"},\"primaryImageOfPage\":{\"@id\":\"https:\/\/audibax.com\/fr\/produit\/java-4-tw-white\/#primaryimage\"},\"image\":{\"@id\":\"https:\/\/audibax.com\/fr\/produit\/java-4-tw-white\/#primaryimage\"},\"thumbnailUrl\":\"https:\/\/audibax.com\/wp-content\/uploads\/2024\/01\/Audibax-Java-4-TW-White_1.png\",\"datePublished\":\"2024-01-11T09:21:29+00:00\",\"dateModified\":\"2024-05-08T08:12:59+00:00\",\"breadcrumb\":{\"@id\":\"https:\/\/audibax.com\/fr\/produit\/java-4-tw-white\/#breadcrumb\"},\"inLanguage\":\"fr-FR\",\"potentialAction\":[{\"@type\":\"ReadAction\",\"target\":[\"https:\/\/audibax.com\/fr\/produit\/java-4-tw-white\/\"]}]},{\"@type\":\"ImageObject\",\"inLanguage\":\"fr-FR\",\"@id\":\"https:\/\/audibax.com\/fr\/produit\/java-4-tw-white\/#primaryimage\",\"url\":\"https:\/\/audibax.com\/wp-content\/uploads\/2024\/01\/Audibax-Java-4-TW-White_1.png\",\"contentUrl\":\"https:\/\/audibax.com\/wp-content\/uploads\/2024\/01\/Audibax-Java-4-TW-White_1.png\",\"width\":1500,\"height\":1060},{\"@type\":\"BreadcrumbList\",\"@id\":\"https:\/\/audibax.com\/fr\/produit\/java-4-tw-white\/#breadcrumb\",\"itemListElement\":[{\"@type\":\"ListItem\",\"position\":1,\"name\":\"Portada\",\"item\":\"https:\/\/audibax.com\/fr\/\"},{\"@type\":\"ListItem\",\"position\":2,\"name\":\"Produits\",\"item\":\"https:\/\/audibax.com\/fr\/shop\/\"},{\"@type\":\"ListItem\",\"position\":3,\"name\":\"Java 4 TW White\"}]},{\"@type\":\"WebSite\",\"@id\":\"https:\/\/audibax.com\/fr\/#website\",\"url\":\"https:\/\/audibax.com\/fr\/\",\"name\":\"Audibax\",\"description\":\"\",\"publisher\":{\"@id\":\"https:\/\/audibax.com\/fr\/#organization\"},\"potentialAction\":[{\"@type\":\"SearchAction\",\"target\":{\"@type\":\"EntryPoint\",\"urlTemplate\":\"https:\/\/audibax.com\/fr\/?s={search_term_string}\"},\"query-input\":{\"@type\":\"PropertyValueSpecification\",\"valueRequired\":true,\"valueName\":\"search_term_string\"}}],\"inLanguage\":\"fr-FR\"},{\"@type\":\"Organization\",\"@id\":\"https:\/\/audibax.com\/fr\/#organization\",\"name\":\"Audibax\",\"url\":\"https:\/\/audibax.com\/fr\/\",\"logo\":{\"@type\":\"ImageObject\",\"inLanguage\":\"fr-FR\",\"@id\":\"https:\/\/audibax.com\/fr\/#\/schema\/logo\/image\/\",\"url\":\"https:\/\/audibax.com\/wp-content\/uploads\/2023\/09\/logo-Audibax-BLANCO-SVG-1.svg\",\"contentUrl\":\"https:\/\/audibax.com\/wp-content\/uploads\/2023\/09\/logo-Audibax-BLANCO-SVG-1.svg\",\"caption\":\"Audibax\"},\"image\":{\"@id\":\"https:\/\/audibax.com\/fr\/#\/schema\/logo\/image\/\"}}]}<\/script>\n<!-- \/ Yoast SEO plugin. -->","yoast_head_json":{"title":"Java 4 TW White - Audibax","robots":{"index":"index","follow":"follow","max-snippet":"max-snippet:-1","max-image-preview":"max-image-preview:large","max-video-preview":"max-video-preview:-1"},"canonical":"https:\/\/audibax.com\/fr\/produit\/java-4-tw-white\/","og_locale":"fr_FR","og_type":"article","og_title":"Java 4 TW White - Audibax","og_description":"Mat\u00e9riau: ABS  Caisson de basse: 4\"  R\u00e9ponse en fr\u00e9quence: 120Hz-20kHz  Puissance RMS: 20W - 70V\/100V\/Lo-Z (8 Ohms)  Sensibilit\u00e9: 85 dB  Transformateur: 70\/100V\/basse imp\u00e9dance  Montage: Support\/vis  Dimensions du produit: 148x27x138mm  Couleur: Blanc","og_url":"https:\/\/audibax.com\/fr\/produit\/java-4-tw-white\/","og_site_name":"Audibax","article_modified_time":"2024-05-08T08:12:59+00:00","og_image":[{"width":1500,"height":1060,"url":"https:\/\/audibax.com\/wp-content\/uploads\/2024\/01\/Audibax-Java-4-TW-White_1.png","type":"image\/png"}],"twitter_card":"summary_large_image","twitter_misc":{"Dur\u00e9e de lecture estim\u00e9e":"2 minutes"},"schema":{"@context":"https:\/\/schema.org","@graph":[{"@type":"WebPage","@id":"https:\/\/audibax.com\/fr\/produit\/java-4-tw-white\/","url":"https:\/\/audibax.com\/fr\/produit\/java-4-tw-white\/","name":"Java 4 TW White - Audibax","isPartOf":{"@id":"https:\/\/audibax.com\/fr\/#website"},"primaryImageOfPage":{"@id":"https:\/\/audibax.com\/fr\/produit\/java-4-tw-white\/#primaryimage"},"image":{"@id":"https:\/\/audibax.com\/fr\/produit\/java-4-tw-white\/#primaryimage"},"thumbnailUrl":"https:\/\/audibax.com\/wp-content\/uploads\/2024\/01\/Audibax-Java-4-TW-White_1.png","datePublished":"2024-01-11T09:21:29+00:00","dateModified":"2024-05-08T08:12:59+00:00","breadcrumb":{"@id":"https:\/\/audibax.com\/fr\/produit\/java-4-tw-white\/#breadcrumb"},"inLanguage":"fr-FR","potentialAction":[{"@type":"ReadAction","target":["https:\/\/audibax.com\/fr\/produit\/java-4-tw-white\/"]}]},{"@type":"ImageObject","inLanguage":"fr-FR","@id":"https:\/\/audibax.com\/fr\/produit\/java-4-tw-white\/#primaryimage","url":"https:\/\/audibax.com\/wp-content\/uploads\/2024\/01\/Audibax-Java-4-TW-White_1.png","contentUrl":"https:\/\/audibax.com\/wp-content\/uploads\/2024\/01\/Audibax-Java-4-TW-White_1.png","width":1500,"height":1060},{"@type":"BreadcrumbList","@id":"https:\/\/audibax.com\/fr\/produit\/java-4-tw-white\/#breadcrumb","itemListElement":[{"@type":"ListItem","position":1,"name":"Portada","item":"https:\/\/audibax.com\/fr\/"},{"@type":"ListItem","position":2,"name":"Produits","item":"https:\/\/audibax.com\/fr\/shop\/"},{"@type":"ListItem","position":3,"name":"Java 4 TW White"}]},{"@type":"WebSite","@id":"https:\/\/audibax.com\/fr\/#website","url":"https:\/\/audibax.com\/fr\/","name":"Audibax","description":"","publisher":{"@id":"https:\/\/audibax.com\/fr\/#organization"},"potentialAction":[{"@type":"SearchAction","target":{"@type":"EntryPoint","urlTemplate":"https:\/\/audibax.com\/fr\/?s={search_term_string}"},"query-input":{"@type":"PropertyValueSpecification","valueRequired":true,"valueName":"search_term_string"}}],"inLanguage":"fr-FR"},{"@type":"Organization","@id":"https:\/\/audibax.com\/fr\/#organization","name":"Audibax","url":"https:\/\/audibax.com\/fr\/","logo":{"@type":"ImageObject","inLanguage":"fr-FR","@id":"https:\/\/audibax.com\/fr\/#\/schema\/logo\/image\/","url":"https:\/\/audibax.com\/wp-content\/uploads\/2023\/09\/logo-Audibax-BLANCO-SVG-1.svg","contentUrl":"https:\/\/audibax.com\/wp-content\/uploads\/2023\/09\/logo-Audibax-BLANCO-SVG-1.svg","caption":"Audibax"},"image":{"@id":"https:\/\/audibax.com\/fr\/#\/schema\/logo\/image\/"}}]}},"_links":{"self":[{"href":"https:\/\/audibax.com\/fr\/wp-json\/wp\/v2\/product\/39559","targetHints":{"allow":["GET"]}}],"collection":[{"href":"https:\/\/audibax.com\/fr\/wp-json\/wp\/v2\/product"}],"about":[{"href":"https:\/\/audibax.com\/fr\/wp-json\/wp\/v2\/types\/product"}],"replies":[{"embeddable":true,"href":"https:\/\/audibax.com\/fr\/wp-json\/wp\/v2\/comments?post=39559"}],"wp:featuredmedia":[{"embeddable":true,"href":"https:\/\/audibax.com\/fr\/wp-json\/wp\/v2\/media\/50099"}],"wp:attachment":[{"href":"https:\/\/audibax.com\/fr\/wp-json\/wp\/v2\/media?parent=39559"}],"wp:term":[{"taxonomy":"product_cat","embeddable":true,"href":"https:\/\/audibax.com\/fr\/wp-json\/wp\/v2\/product_cat?post=39559"},{"taxonomy":"product_tag","embeddable":true,"href":"https:\/\/audibax.com\/fr\/wp-json\/wp\/v2\/product_tag?post=39559"}],"curies":[{"name":"wp","href":"https:\/\/api.w.org\/{rel}","templated":true}]}}