{"id":39399,"date":"2024-01-10T16:36:39","date_gmt":"2024-01-10T15:36:39","guid":{"rendered":"https:\/\/audibax.com\/product\/bali-6-tw-white\/"},"modified":"2024-09-12T13:29:31","modified_gmt":"2024-09-12T11:29:31","slug":"bali-6-tw-white","status":"publish","type":"product","link":"https:\/\/audibax.com\/fr\/produit\/bali-6-tw-white\/","title":{"rendered":"Bali 6 TW White"},"content":{"rendered":"<p><strong>Robuste:<\/strong><\/p>\n<p>Notre enceinte Bali est la solution parfaite pour ceux qui recherchent des performances exceptionnelles \u00e0 l&rsquo;int\u00e9rieur comme \u00e0 l&rsquo;ext\u00e9rieur. Certifi\u00e9 IP65, cet appareil est non seulement \u00e9tanche, mais il est \u00e9galement con\u00e7u pour r\u00e9sister aux conditions environnementales les plus difficiles. Cette r\u00e9sistance \u00e9lev\u00e9e garantit que la qualit\u00e9 du son reste pure et sans distorsion, quels que soient les \u00e9l\u00e9ments auxquels il est confront\u00e9.<\/p>\n<p><strong>Un design unique:<\/strong><\/p>\n<p>L&rsquo;association de la fonctionnalit\u00e9 et de l&rsquo;esth\u00e9tique est une caract\u00e9ristique cl\u00e9 de nos haut-parleurs. Avec des finitions noires et blanches \u00e9l\u00e9gantes et un design unique, elles s&rsquo;int\u00e8grent parfaitement dans n&rsquo;importe quel d\u00e9cor, offrant un look aussi raffin\u00e9 que leurs performances acoustiques. Chaque enceinte est une pi\u00e8ce de design destin\u00e9e \u00e0 compl\u00e9ter et \u00e0 embellir n&rsquo;importe quel espace, sans compromis sur la qualit\u00e9 sonore.<\/p>\n<p><strong>Un son parfait:<\/strong><\/p>\n<p>L&rsquo;excellence de la qualit\u00e9 sonore est \u00e9vidente dans notre gamme d&rsquo;enceintes Bali, disponibles en 3 tailles diff\u00e9rentes &#8211; 5, 6,5 et 8 pouces &#8211; avec diff\u00e9rentes puissances nominales pour s&rsquo;adapter \u00e0 tous les environnements. La polyvalence de l&rsquo;angle r\u00e9glable permet un placement optimal et une direction du son adapt\u00e9e, garantissant une reproduction claire et pr\u00e9cise dans n&rsquo;importe quel endroit et n&rsquo;importe quelle situation.<\/p>\n<p><strong>Longue dur\u00e9e de vie et performances sup\u00e9rieures:<\/strong><\/p>\n<p>La long\u00e9vit\u00e9 de nos haut-parleurs est primordiale, c&rsquo;est pourquoi nous ne s\u00e9lectionnons que des composants de la plus haute qualit\u00e9 pour leur construction. Ces composants permettent non seulement de prolonger la dur\u00e9e de vie du produit, mais aussi de maintenir les performances du haut-parleur \u00e0 leur maximum au fil des ans. M\u00eame dans les environnements les plus exigeants, ces enceintes promettent de r\u00e9sister \u00e0 l&rsquo;\u00e9preuve du temps et de continuer \u00e0 offrir un son exceptionnel jour apr\u00e8s jour.<\/p>\n<p><strong>Pour les environnements exigeants:<\/strong><\/p>\n<p>Sp\u00e9cialement con\u00e7ues pour les environnements professionnels exigeants, nos enceintes sont id\u00e9ales pour un large \u00e9ventail d&rsquo;applications, des magasins de d\u00e9tail haut de gamme aux centres commerciaux anim\u00e9s, en passant par les salles de sport, les maisons \u00e9l\u00e9gantes et les centres de loisirs actifs. L&rsquo;installation est simple et les performances sont garanties, ce qui en fait le choix privil\u00e9gi\u00e9 des professionnels \u00e0 la recherche de la meilleure exp\u00e9rience d&rsquo;\u00e9coute pour leurs clients et visiteurs.<\/p>\n<ul>\n<li>Haut-parleur mural passif pour l&rsquo;ext\u00e9rieur (paire) IP65<\/li>\n<li>Mat\u00e9riau: ABS<\/li>\n<li>Certification: Haut-parleur \u00e9tanche IP65<\/li>\n<li>Tweeter: 25 mm (1\u00a0\u00bb) en soie<\/li>\n<li>Woofer: 6.5\u00a0\u00bb C\u00f4ne en graphite<\/li>\n<li>Gamme de fr\u00e9quences +\/-3 : 57 Hz &#8211; 20 kHz<\/li>\n<li>Puissance RMS: z40W 100V\/5W\/10W\/20W\/40W.<\/li>\n<li>Sensibilit\u00e9: 89dB<\/li>\n<li>Prises: 8\u03a9 &#8211; 0 &#8211; 20W -10W &#8211; 5W &#8211; 2.5W<\/li>\n<li>Type de connecteur: Euroblock<\/li>\n<li>Imp\u00e9dance: 100V\/70V\/Low-z 8 ohms<\/li>\n<li>Bornes: Blocs de bornes enfichables<\/li>\n<li>2 supports muraux inclus<\/li>\n<li>Dimensions (HxLxPxD): 285*200*195 mm<\/li>\n<li>Poids: 3,5 kg<\/li>\n<li>Couleur: Blanc<\/li>\n<\/ul>\n","protected":false},"excerpt":{"rendered":"<ul>\n<li>Haut-parleur mural passif pour l&rsquo;ext\u00e9rieur (paire) IP65<\/li>\n<li>Certification: Haut-parleur \u00e9tanche IP65<\/li>\n<li>Tweeter: 25 mm (1\u00a0\u00bb) en soie<\/li>\n<li>Woofer: 6.5\u00a0\u00bb C\u00f4ne en graphite<\/li>\n<li>Puissance RMS: z40W 100V\/5W\/10W\/20W\/40W.<\/li>\n<li>Dimensions (HxLxPxD): 285*200*195 mm<\/li>\n<li>Poids: 3,5 kg<\/li>\n<\/ul>\n","protected":false},"featured_media":46903,"comment_status":"open","ping_status":"closed","template":"","meta":{"_acf_changed":false},"product_cat":[411,417,253,393],"product_tag":[],"class_list":{"0":"post-39399","1":"product","2":"type-product","3":"status-publish","4":"has-post-thumbnail","6":"product_cat-haut-parleurs-dexterieur","7":"product_cat-haut-parleurs-muraux","8":"product_cat-intervenants","9":"product_cat-sonorisation","11":"first","12":"instock","13":"shipping-taxable","14":"product-type-simple"},"acf":[],"yoast_head":"<!-- This site is optimized with the Yoast SEO plugin v27.0 - https:\/\/yoast.com\/product\/yoast-seo-wordpress\/ -->\n<title>Bali 6 TW White - Audibax<\/title>\n<meta name=\"robots\" content=\"index, follow, max-snippet:-1, max-image-preview:large, max-video-preview:-1\" \/>\n<link rel=\"canonical\" href=\"https:\/\/audibax.com\/fr\/produit\/bali-6-tw-white\/\" \/>\n<meta property=\"og:locale\" content=\"fr_FR\" \/>\n<meta property=\"og:type\" content=\"article\" \/>\n<meta property=\"og:title\" content=\"Bali 6 TW White - Audibax\" \/>\n<meta property=\"og:description\" content=\"Haut-parleur mural passif pour l&#039;ext\u00e9rieur (paire) IP65  Certification: Haut-parleur \u00e9tanche IP65  Tweeter: 25 mm (1&#039;&#039;) en soie  Woofer: 6.5&#039;&#039; C\u00f4ne en graphite  Puissance RMS: z40W 100V\/5W\/10W\/20W\/40W.  Dimensions (HxLxPxD): 285*200*195 mm  Poids: 3,5 kg\" \/>\n<meta property=\"og:url\" content=\"https:\/\/audibax.com\/fr\/produit\/bali-6-tw-white\/\" \/>\n<meta property=\"og:site_name\" content=\"Audibax\" \/>\n<meta property=\"article:modified_time\" content=\"2024-09-12T11:29:31+00:00\" \/>\n<meta property=\"og:image\" content=\"https:\/\/audibax.com\/wp-content\/uploads\/2024\/01\/Audibax-Pro-Bali-6-TW-White-1-new-jpg.webp\" \/>\n\t<meta property=\"og:image:width\" content=\"2500\" \/>\n\t<meta property=\"og:image:height\" content=\"1767\" \/>\n\t<meta property=\"og:image:type\" content=\"image\/jpeg\" \/>\n<meta name=\"twitter:card\" content=\"summary_large_image\" \/>\n<meta name=\"twitter:label1\" content=\"Dur\u00e9e de lecture estim\u00e9e\" \/>\n\t<meta name=\"twitter:data1\" content=\"3 minutes\" \/>\n<script type=\"application\/ld+json\" class=\"yoast-schema-graph\">{\"@context\":\"https:\/\/schema.org\",\"@graph\":[{\"@type\":\"WebPage\",\"@id\":\"https:\/\/audibax.com\/fr\/produit\/bali-6-tw-white\/\",\"url\":\"https:\/\/audibax.com\/fr\/produit\/bali-6-tw-white\/\",\"name\":\"Bali 6 TW White - Audibax\",\"isPartOf\":{\"@id\":\"https:\/\/audibax.com\/fr\/#website\"},\"primaryImageOfPage\":{\"@id\":\"https:\/\/audibax.com\/fr\/produit\/bali-6-tw-white\/#primaryimage\"},\"image\":{\"@id\":\"https:\/\/audibax.com\/fr\/produit\/bali-6-tw-white\/#primaryimage\"},\"thumbnailUrl\":\"https:\/\/audibax.com\/wp-content\/uploads\/2024\/01\/Audibax-Pro-Bali-6-TW-White-1.png\",\"datePublished\":\"2024-01-10T15:36:39+00:00\",\"dateModified\":\"2024-09-12T11:29:31+00:00\",\"breadcrumb\":{\"@id\":\"https:\/\/audibax.com\/fr\/produit\/bali-6-tw-white\/#breadcrumb\"},\"inLanguage\":\"fr-FR\",\"potentialAction\":[{\"@type\":\"ReadAction\",\"target\":[\"https:\/\/audibax.com\/fr\/produit\/bali-6-tw-white\/\"]}]},{\"@type\":\"ImageObject\",\"inLanguage\":\"fr-FR\",\"@id\":\"https:\/\/audibax.com\/fr\/produit\/bali-6-tw-white\/#primaryimage\",\"url\":\"https:\/\/audibax.com\/wp-content\/uploads\/2024\/01\/Audibax-Pro-Bali-6-TW-White-1.png\",\"contentUrl\":\"https:\/\/audibax.com\/wp-content\/uploads\/2024\/01\/Audibax-Pro-Bali-6-TW-White-1.png\",\"width\":2500,\"height\":1768},{\"@type\":\"BreadcrumbList\",\"@id\":\"https:\/\/audibax.com\/fr\/produit\/bali-6-tw-white\/#breadcrumb\",\"itemListElement\":[{\"@type\":\"ListItem\",\"position\":1,\"name\":\"Portada\",\"item\":\"https:\/\/audibax.com\/fr\/\"},{\"@type\":\"ListItem\",\"position\":2,\"name\":\"Produits\",\"item\":\"https:\/\/audibax.com\/fr\/shop\/\"},{\"@type\":\"ListItem\",\"position\":3,\"name\":\"Bali 6 TW White\"}]},{\"@type\":\"WebSite\",\"@id\":\"https:\/\/audibax.com\/fr\/#website\",\"url\":\"https:\/\/audibax.com\/fr\/\",\"name\":\"Audibax\",\"description\":\"\",\"publisher\":{\"@id\":\"https:\/\/audibax.com\/fr\/#organization\"},\"potentialAction\":[{\"@type\":\"SearchAction\",\"target\":{\"@type\":\"EntryPoint\",\"urlTemplate\":\"https:\/\/audibax.com\/fr\/?s={search_term_string}\"},\"query-input\":{\"@type\":\"PropertyValueSpecification\",\"valueRequired\":true,\"valueName\":\"search_term_string\"}}],\"inLanguage\":\"fr-FR\"},{\"@type\":\"Organization\",\"@id\":\"https:\/\/audibax.com\/fr\/#organization\",\"name\":\"Audibax\",\"url\":\"https:\/\/audibax.com\/fr\/\",\"logo\":{\"@type\":\"ImageObject\",\"inLanguage\":\"fr-FR\",\"@id\":\"https:\/\/audibax.com\/fr\/#\/schema\/logo\/image\/\",\"url\":\"https:\/\/audibax.com\/wp-content\/uploads\/2023\/09\/logo-Audibax-BLANCO-SVG-1.svg\",\"contentUrl\":\"https:\/\/audibax.com\/wp-content\/uploads\/2023\/09\/logo-Audibax-BLANCO-SVG-1.svg\",\"caption\":\"Audibax\"},\"image\":{\"@id\":\"https:\/\/audibax.com\/fr\/#\/schema\/logo\/image\/\"}}]}<\/script>\n<!-- \/ Yoast SEO plugin. -->","yoast_head_json":{"title":"Bali 6 TW White - Audibax","robots":{"index":"index","follow":"follow","max-snippet":"max-snippet:-1","max-image-preview":"max-image-preview:large","max-video-preview":"max-video-preview:-1"},"canonical":"https:\/\/audibax.com\/fr\/produit\/bali-6-tw-white\/","og_locale":"fr_FR","og_type":"article","og_title":"Bali 6 TW White - Audibax","og_description":"Haut-parleur mural passif pour l'ext\u00e9rieur (paire) IP65  Certification: Haut-parleur \u00e9tanche IP65  Tweeter: 25 mm (1'') en soie  Woofer: 6.5'' C\u00f4ne en graphite  Puissance RMS: z40W 100V\/5W\/10W\/20W\/40W.  Dimensions (HxLxPxD): 285*200*195 mm  Poids: 3,5 kg","og_url":"https:\/\/audibax.com\/fr\/produit\/bali-6-tw-white\/","og_site_name":"Audibax","article_modified_time":"2024-09-12T11:29:31+00:00","og_image":[{"width":2500,"height":1767,"url":"https:\/\/audibax.com\/wp-content\/uploads\/2024\/01\/Audibax-Pro-Bali-6-TW-White-1-new-jpg.webp","type":"image\/jpeg"}],"twitter_card":"summary_large_image","twitter_misc":{"Dur\u00e9e de lecture estim\u00e9e":"3 minutes"},"schema":{"@context":"https:\/\/schema.org","@graph":[{"@type":"WebPage","@id":"https:\/\/audibax.com\/fr\/produit\/bali-6-tw-white\/","url":"https:\/\/audibax.com\/fr\/produit\/bali-6-tw-white\/","name":"Bali 6 TW White - Audibax","isPartOf":{"@id":"https:\/\/audibax.com\/fr\/#website"},"primaryImageOfPage":{"@id":"https:\/\/audibax.com\/fr\/produit\/bali-6-tw-white\/#primaryimage"},"image":{"@id":"https:\/\/audibax.com\/fr\/produit\/bali-6-tw-white\/#primaryimage"},"thumbnailUrl":"https:\/\/audibax.com\/wp-content\/uploads\/2024\/01\/Audibax-Pro-Bali-6-TW-White-1.png","datePublished":"2024-01-10T15:36:39+00:00","dateModified":"2024-09-12T11:29:31+00:00","breadcrumb":{"@id":"https:\/\/audibax.com\/fr\/produit\/bali-6-tw-white\/#breadcrumb"},"inLanguage":"fr-FR","potentialAction":[{"@type":"ReadAction","target":["https:\/\/audibax.com\/fr\/produit\/bali-6-tw-white\/"]}]},{"@type":"ImageObject","inLanguage":"fr-FR","@id":"https:\/\/audibax.com\/fr\/produit\/bali-6-tw-white\/#primaryimage","url":"https:\/\/audibax.com\/wp-content\/uploads\/2024\/01\/Audibax-Pro-Bali-6-TW-White-1.png","contentUrl":"https:\/\/audibax.com\/wp-content\/uploads\/2024\/01\/Audibax-Pro-Bali-6-TW-White-1.png","width":2500,"height":1768},{"@type":"BreadcrumbList","@id":"https:\/\/audibax.com\/fr\/produit\/bali-6-tw-white\/#breadcrumb","itemListElement":[{"@type":"ListItem","position":1,"name":"Portada","item":"https:\/\/audibax.com\/fr\/"},{"@type":"ListItem","position":2,"name":"Produits","item":"https:\/\/audibax.com\/fr\/shop\/"},{"@type":"ListItem","position":3,"name":"Bali 6 TW White"}]},{"@type":"WebSite","@id":"https:\/\/audibax.com\/fr\/#website","url":"https:\/\/audibax.com\/fr\/","name":"Audibax","description":"","publisher":{"@id":"https:\/\/audibax.com\/fr\/#organization"},"potentialAction":[{"@type":"SearchAction","target":{"@type":"EntryPoint","urlTemplate":"https:\/\/audibax.com\/fr\/?s={search_term_string}"},"query-input":{"@type":"PropertyValueSpecification","valueRequired":true,"valueName":"search_term_string"}}],"inLanguage":"fr-FR"},{"@type":"Organization","@id":"https:\/\/audibax.com\/fr\/#organization","name":"Audibax","url":"https:\/\/audibax.com\/fr\/","logo":{"@type":"ImageObject","inLanguage":"fr-FR","@id":"https:\/\/audibax.com\/fr\/#\/schema\/logo\/image\/","url":"https:\/\/audibax.com\/wp-content\/uploads\/2023\/09\/logo-Audibax-BLANCO-SVG-1.svg","contentUrl":"https:\/\/audibax.com\/wp-content\/uploads\/2023\/09\/logo-Audibax-BLANCO-SVG-1.svg","caption":"Audibax"},"image":{"@id":"https:\/\/audibax.com\/fr\/#\/schema\/logo\/image\/"}}]}},"_links":{"self":[{"href":"https:\/\/audibax.com\/fr\/wp-json\/wp\/v2\/product\/39399","targetHints":{"allow":["GET"]}}],"collection":[{"href":"https:\/\/audibax.com\/fr\/wp-json\/wp\/v2\/product"}],"about":[{"href":"https:\/\/audibax.com\/fr\/wp-json\/wp\/v2\/types\/product"}],"replies":[{"embeddable":true,"href":"https:\/\/audibax.com\/fr\/wp-json\/wp\/v2\/comments?post=39399"}],"wp:featuredmedia":[{"embeddable":true,"href":"https:\/\/audibax.com\/fr\/wp-json\/wp\/v2\/media\/46903"}],"wp:attachment":[{"href":"https:\/\/audibax.com\/fr\/wp-json\/wp\/v2\/media?parent=39399"}],"wp:term":[{"taxonomy":"product_cat","embeddable":true,"href":"https:\/\/audibax.com\/fr\/wp-json\/wp\/v2\/product_cat?post=39399"},{"taxonomy":"product_tag","embeddable":true,"href":"https:\/\/audibax.com\/fr\/wp-json\/wp\/v2\/product_tag?post=39399"}],"curies":[{"name":"wp","href":"https:\/\/api.w.org\/{rel}","templated":true}]}}