{"id":39228,"date":"2024-01-09T17:06:42","date_gmt":"2024-01-09T16:06:42","guid":{"rendered":"https:\/\/audibax.com\/product\/denton-10-white\/"},"modified":"2024-01-09T17:06:42","modified_gmt":"2024-01-09T16:06:42","slug":"denton-10-white","status":"publish","type":"product","link":"https:\/\/audibax.com\/fr\/produit\/denton-10-white\/","title":{"rendered":"Denton 10 White"},"content":{"rendered":"<p>Le <strong>m\u00e9gaphone portatif Denton 10<\/strong> est votre alli\u00e9 id\u00e9al pour faire entendre votre voix, avec puissance et efficacit\u00e9. Con\u00e7u pour \u00eatre portable et polyvalent, ce m\u00e9gaphone s&rsquo;adapte \u00e0 une grande vari\u00e9t\u00e9 de situations, des \u00e9v\u00e9nements sportifs aux pr\u00e9sentations et discours publics.<\/p>\n<p>Avec une <strong>puissance de sortie de 10 W<\/strong>, le Denton 10 garantit que votre message sera entendu clairement et atteindra un large public.<\/p>\n<p>Con\u00e7u pour \u00eatre tenu \u00e0 la main, le Denton 10 est facile \u00e0 tenir et \u00e0 transporter. Son <strong>design ergonomique<\/strong> permet une utilisation confortable et pratique partout.<\/p>\n<p>Ce m\u00e9gaphone va au-del\u00e0 d&rsquo;un simple amplificateur de voix. Il est dot\u00e9 de fonctions de <strong>lecture MP3<\/strong> pour ajouter de la musique \u00e0 vos pr\u00e9sentations, d&rsquo;une fonction <strong>sir\u00e8ne<\/strong> pour attirer l&rsquo;attention et de la possibilit\u00e9 <strong>d&rsquo;enregistrer votre voix<\/strong> pour la r\u00e9\u00e9couter plus tard, ce qui vous donne un contr\u00f4le total sur votre son.<\/p>\n<p>\u00c9quip\u00e9 d&rsquo;une batterie lithium-ion rechargeable, le Denton 10 vous permet de parler sans craindre d&rsquo;\u00eatre \u00e0 court de batterie. Une charge compl\u00e8te vous donne une autonomie fiable pour tous vos besoins d&rsquo;amplification de la voix.<\/p>\n<ul>\n<li>Puissance de sortie: 10W<\/li>\n<li>Type de m\u00e9gaphone: Portatif<\/li>\n<li>Caract\u00e9ristiques sonores: Lecture MP3, fonction sir\u00e8ne et enregistrement de la voix<\/li>\n<li>Type de batterie: Batterie rechargeable au lithium-ion<\/li>\n<li>Dimensions: 140 mm x 225 mm (L)<\/li>\n<li>Poids: 0,53 kg<\/li>\n<\/ul>\n","protected":false},"excerpt":{"rendered":"<ul>\n<li>Puissance de sortie: 10W<\/li>\n<li>Type de m\u00e9gaphone: Portatif<\/li>\n<li>Caract\u00e9ristiques sonores: Lecture MP3, fonction sir\u00e8ne et enregistrement de la voix<\/li>\n<li>Type de batterie: Batterie rechargeable au lithium-ion<\/li>\n<li>Dimensions: 140 mm x 225 mm (L)<\/li>\n<li>Poids: 0,53 kg<\/li>\n<\/ul>\n","protected":false},"featured_media":39160,"comment_status":"open","ping_status":"closed","template":"","meta":{"_acf_changed":false},"product_cat":[642,393],"product_tag":[],"class_list":{"0":"post-39228","1":"product","2":"type-product","3":"status-publish","4":"has-post-thumbnail","6":"product_cat-megaphones-fr","7":"product_cat-sonorisation","9":"first","10":"instock","11":"shipping-taxable","12":"product-type-simple"},"acf":[],"yoast_head":"<!-- This site is optimized with the Yoast SEO plugin v27.0 - https:\/\/yoast.com\/product\/yoast-seo-wordpress\/ -->\n<title>Denton 10 White - Audibax<\/title>\n<meta name=\"robots\" content=\"index, follow, max-snippet:-1, max-image-preview:large, max-video-preview:-1\" \/>\n<link rel=\"canonical\" href=\"https:\/\/audibax.com\/fr\/produit\/denton-10-white\/\" \/>\n<meta property=\"og:locale\" content=\"fr_FR\" \/>\n<meta property=\"og:type\" content=\"article\" \/>\n<meta property=\"og:title\" content=\"Denton 10 White - Audibax\" \/>\n<meta property=\"og:description\" content=\"Puissance de sortie: 10W  Type de m\u00e9gaphone: Portatif  Caract\u00e9ristiques sonores: Lecture MP3, fonction sir\u00e8ne et enregistrement de la voix  Type de batterie: Batterie rechargeable au lithium-ion  Dimensions: 140 mm x 225 mm (L)  Poids: 0,53 kg\" \/>\n<meta property=\"og:url\" content=\"https:\/\/audibax.com\/fr\/produit\/denton-10-white\/\" \/>\n<meta property=\"og:site_name\" content=\"Audibax\" \/>\n<meta property=\"og:image\" content=\"https:\/\/audibax.com\/wp-content\/uploads\/2024\/01\/Denton-10-1-new-jpg.webp\" \/>\n\t<meta property=\"og:image:width\" content=\"2500\" \/>\n\t<meta property=\"og:image:height\" content=\"1767\" \/>\n\t<meta property=\"og:image:type\" content=\"image\/jpeg\" \/>\n<meta name=\"twitter:card\" content=\"summary_large_image\" \/>\n<meta name=\"twitter:label1\" content=\"Dur\u00e9e de lecture estim\u00e9e\" \/>\n\t<meta name=\"twitter:data1\" content=\"1 minute\" \/>\n<script type=\"application\/ld+json\" class=\"yoast-schema-graph\">{\"@context\":\"https:\/\/schema.org\",\"@graph\":[{\"@type\":\"WebPage\",\"@id\":\"https:\/\/audibax.com\/fr\/produit\/denton-10-white\/\",\"url\":\"https:\/\/audibax.com\/fr\/produit\/denton-10-white\/\",\"name\":\"Denton 10 White - Audibax\",\"isPartOf\":{\"@id\":\"https:\/\/audibax.com\/fr\/#website\"},\"primaryImageOfPage\":{\"@id\":\"https:\/\/audibax.com\/fr\/produit\/denton-10-white\/#primaryimage\"},\"image\":{\"@id\":\"https:\/\/audibax.com\/fr\/produit\/denton-10-white\/#primaryimage\"},\"thumbnailUrl\":\"https:\/\/audibax.com\/wp-content\/uploads\/2024\/01\/Denton-10-1-new-jpg.webp\",\"datePublished\":\"2024-01-09T16:06:42+00:00\",\"breadcrumb\":{\"@id\":\"https:\/\/audibax.com\/fr\/produit\/denton-10-white\/#breadcrumb\"},\"inLanguage\":\"fr-FR\",\"potentialAction\":[{\"@type\":\"ReadAction\",\"target\":[\"https:\/\/audibax.com\/fr\/produit\/denton-10-white\/\"]}]},{\"@type\":\"ImageObject\",\"inLanguage\":\"fr-FR\",\"@id\":\"https:\/\/audibax.com\/fr\/produit\/denton-10-white\/#primaryimage\",\"url\":\"https:\/\/audibax.com\/wp-content\/uploads\/2024\/01\/Denton-10-1-new-jpg.webp\",\"contentUrl\":\"https:\/\/audibax.com\/wp-content\/uploads\/2024\/01\/Denton-10-1-new-jpg.webp\",\"width\":2500,\"height\":1767},{\"@type\":\"BreadcrumbList\",\"@id\":\"https:\/\/audibax.com\/fr\/produit\/denton-10-white\/#breadcrumb\",\"itemListElement\":[{\"@type\":\"ListItem\",\"position\":1,\"name\":\"Portada\",\"item\":\"https:\/\/audibax.com\/fr\/\"},{\"@type\":\"ListItem\",\"position\":2,\"name\":\"Produits\",\"item\":\"https:\/\/audibax.com\/fr\/shop\/\"},{\"@type\":\"ListItem\",\"position\":3,\"name\":\"Denton 10 White\"}]},{\"@type\":\"WebSite\",\"@id\":\"https:\/\/audibax.com\/fr\/#website\",\"url\":\"https:\/\/audibax.com\/fr\/\",\"name\":\"Audibax\",\"description\":\"\",\"publisher\":{\"@id\":\"https:\/\/audibax.com\/fr\/#organization\"},\"potentialAction\":[{\"@type\":\"SearchAction\",\"target\":{\"@type\":\"EntryPoint\",\"urlTemplate\":\"https:\/\/audibax.com\/fr\/?s={search_term_string}\"},\"query-input\":{\"@type\":\"PropertyValueSpecification\",\"valueRequired\":true,\"valueName\":\"search_term_string\"}}],\"inLanguage\":\"fr-FR\"},{\"@type\":\"Organization\",\"@id\":\"https:\/\/audibax.com\/fr\/#organization\",\"name\":\"Audibax\",\"url\":\"https:\/\/audibax.com\/fr\/\",\"logo\":{\"@type\":\"ImageObject\",\"inLanguage\":\"fr-FR\",\"@id\":\"https:\/\/audibax.com\/fr\/#\/schema\/logo\/image\/\",\"url\":\"https:\/\/audibax.com\/wp-content\/uploads\/2023\/09\/logo-Audibax-BLANCO-SVG-1.svg\",\"contentUrl\":\"https:\/\/audibax.com\/wp-content\/uploads\/2023\/09\/logo-Audibax-BLANCO-SVG-1.svg\",\"caption\":\"Audibax\"},\"image\":{\"@id\":\"https:\/\/audibax.com\/fr\/#\/schema\/logo\/image\/\"}}]}<\/script>\n<!-- \/ Yoast SEO plugin. -->","yoast_head_json":{"title":"Denton 10 White - Audibax","robots":{"index":"index","follow":"follow","max-snippet":"max-snippet:-1","max-image-preview":"max-image-preview:large","max-video-preview":"max-video-preview:-1"},"canonical":"https:\/\/audibax.com\/fr\/produit\/denton-10-white\/","og_locale":"fr_FR","og_type":"article","og_title":"Denton 10 White - Audibax","og_description":"Puissance de sortie: 10W  Type de m\u00e9gaphone: Portatif  Caract\u00e9ristiques sonores: Lecture MP3, fonction sir\u00e8ne et enregistrement de la voix  Type de batterie: Batterie rechargeable au lithium-ion  Dimensions: 140 mm x 225 mm (L)  Poids: 0,53 kg","og_url":"https:\/\/audibax.com\/fr\/produit\/denton-10-white\/","og_site_name":"Audibax","og_image":[{"width":2500,"height":1767,"url":"https:\/\/audibax.com\/wp-content\/uploads\/2024\/01\/Denton-10-1-new-jpg.webp","type":"image\/jpeg"}],"twitter_card":"summary_large_image","twitter_misc":{"Dur\u00e9e de lecture estim\u00e9e":"1 minute"},"schema":{"@context":"https:\/\/schema.org","@graph":[{"@type":"WebPage","@id":"https:\/\/audibax.com\/fr\/produit\/denton-10-white\/","url":"https:\/\/audibax.com\/fr\/produit\/denton-10-white\/","name":"Denton 10 White - Audibax","isPartOf":{"@id":"https:\/\/audibax.com\/fr\/#website"},"primaryImageOfPage":{"@id":"https:\/\/audibax.com\/fr\/produit\/denton-10-white\/#primaryimage"},"image":{"@id":"https:\/\/audibax.com\/fr\/produit\/denton-10-white\/#primaryimage"},"thumbnailUrl":"https:\/\/audibax.com\/wp-content\/uploads\/2024\/01\/Denton-10-1-new-jpg.webp","datePublished":"2024-01-09T16:06:42+00:00","breadcrumb":{"@id":"https:\/\/audibax.com\/fr\/produit\/denton-10-white\/#breadcrumb"},"inLanguage":"fr-FR","potentialAction":[{"@type":"ReadAction","target":["https:\/\/audibax.com\/fr\/produit\/denton-10-white\/"]}]},{"@type":"ImageObject","inLanguage":"fr-FR","@id":"https:\/\/audibax.com\/fr\/produit\/denton-10-white\/#primaryimage","url":"https:\/\/audibax.com\/wp-content\/uploads\/2024\/01\/Denton-10-1-new-jpg.webp","contentUrl":"https:\/\/audibax.com\/wp-content\/uploads\/2024\/01\/Denton-10-1-new-jpg.webp","width":2500,"height":1767},{"@type":"BreadcrumbList","@id":"https:\/\/audibax.com\/fr\/produit\/denton-10-white\/#breadcrumb","itemListElement":[{"@type":"ListItem","position":1,"name":"Portada","item":"https:\/\/audibax.com\/fr\/"},{"@type":"ListItem","position":2,"name":"Produits","item":"https:\/\/audibax.com\/fr\/shop\/"},{"@type":"ListItem","position":3,"name":"Denton 10 White"}]},{"@type":"WebSite","@id":"https:\/\/audibax.com\/fr\/#website","url":"https:\/\/audibax.com\/fr\/","name":"Audibax","description":"","publisher":{"@id":"https:\/\/audibax.com\/fr\/#organization"},"potentialAction":[{"@type":"SearchAction","target":{"@type":"EntryPoint","urlTemplate":"https:\/\/audibax.com\/fr\/?s={search_term_string}"},"query-input":{"@type":"PropertyValueSpecification","valueRequired":true,"valueName":"search_term_string"}}],"inLanguage":"fr-FR"},{"@type":"Organization","@id":"https:\/\/audibax.com\/fr\/#organization","name":"Audibax","url":"https:\/\/audibax.com\/fr\/","logo":{"@type":"ImageObject","inLanguage":"fr-FR","@id":"https:\/\/audibax.com\/fr\/#\/schema\/logo\/image\/","url":"https:\/\/audibax.com\/wp-content\/uploads\/2023\/09\/logo-Audibax-BLANCO-SVG-1.svg","contentUrl":"https:\/\/audibax.com\/wp-content\/uploads\/2023\/09\/logo-Audibax-BLANCO-SVG-1.svg","caption":"Audibax"},"image":{"@id":"https:\/\/audibax.com\/fr\/#\/schema\/logo\/image\/"}}]}},"_links":{"self":[{"href":"https:\/\/audibax.com\/fr\/wp-json\/wp\/v2\/product\/39228","targetHints":{"allow":["GET"]}}],"collection":[{"href":"https:\/\/audibax.com\/fr\/wp-json\/wp\/v2\/product"}],"about":[{"href":"https:\/\/audibax.com\/fr\/wp-json\/wp\/v2\/types\/product"}],"replies":[{"embeddable":true,"href":"https:\/\/audibax.com\/fr\/wp-json\/wp\/v2\/comments?post=39228"}],"wp:featuredmedia":[{"embeddable":true,"href":"https:\/\/audibax.com\/fr\/wp-json\/wp\/v2\/media\/39160"}],"wp:attachment":[{"href":"https:\/\/audibax.com\/fr\/wp-json\/wp\/v2\/media?parent=39228"}],"wp:term":[{"taxonomy":"product_cat","embeddable":true,"href":"https:\/\/audibax.com\/fr\/wp-json\/wp\/v2\/product_cat?post=39228"},{"taxonomy":"product_tag","embeddable":true,"href":"https:\/\/audibax.com\/fr\/wp-json\/wp\/v2\/product_tag?post=39228"}],"curies":[{"name":"wp","href":"https:\/\/api.w.org\/{rel}","templated":true}]}}