{"id":38917,"date":"2024-01-09T13:08:18","date_gmt":"2024-01-09T12:08:18","guid":{"rendered":"https:\/\/audibax.com\/product\/pr-52-bt-black\/"},"modified":"2024-01-09T13:33:12","modified_gmt":"2024-01-09T12:33:12","slug":"pr-52-bt-black","status":"publish","type":"product","link":"https:\/\/audibax.com\/fr\/produit\/pr-52-bt-black\/","title":{"rendered":"PR-52 BT Black"},"content":{"rendered":"<p>Donnez vie \u00e0 votre musique avec la <strong>paire d&rsquo;enceintes Bluetooth PR-52 BT<\/strong>. Cette paire d&rsquo;enceintes hautes performances est le choix id\u00e9al pour les m\u00e9lomanes \u00e0 la recherche d&rsquo;une exp\u00e9rience d&rsquo;\u00e9coute in\u00e9gal\u00e9e.<\/p>\n<p>Les PR-52 BT offrent des performances st\u00e9r\u00e9o exceptionnelles avec une <strong>puissance de sortie impressionnante de 30 W + 30 W<\/strong>, ce qui vous permet de remplir n&rsquo;importe quel espace d&rsquo;un son puissant et clair.<\/p>\n<p>Avec une plage de fr\u00e9quences de 90 Hz \u00e0 20 kHz sur chaque enceinte, associ\u00e9e \u00e0 <strong>des woofers de 5,25 pouces et des tweeters de 3\/4 pouces<\/strong> de haute qualit\u00e9, vous b\u00e9n\u00e9ficierez d&rsquo;une r\u00e9ponse exceptionnelle, avec des basses profondes et des aigus cristallins. Gr\u00e2ce \u00e0 un <strong>SPL de 89 dB<\/strong> (@1W\/m), ces enceintes offrent une puissance sonore \u00e9quilibr\u00e9e.<\/p>\n<p>Gr\u00e2ce \u00e0 la technologie <strong>Bluetooth<\/strong>, l&rsquo;association de vos appareils avec les deux enceintes est rapide et sans souci. Lib\u00e9rez-vous des c\u00e2bles g\u00eanants et diffusez de la musique sans fil depuis votre smartphone, votre tablette ou votre ordinateur en toute simplicit\u00e9.<\/p>\n<ul>\n<li>Puissance de sortie: 30W + 30W<\/li>\n<li>Gamme de fr\u00e9quences: 90Hz-20kHz<\/li>\n<li>SPL (@1W\/m): 89 dB<\/li>\n<li>Woofer: 5.25 pouces<\/li>\n<li>Tweeter: 3\/4 pouces<\/li>\n<li>Imp\u00e9dance: 8 ohms<\/li>\n<li>Dimensions: 248x183x164mm<\/li>\n<\/ul>\n","protected":false},"excerpt":{"rendered":"<ul>\n<li>Puissance de sortie: 30W + 30W<\/li>\n<li>Gamme de fr\u00e9quences: 90Hz-20kHz<\/li>\n<li>SPL (@1W\/m): 89 dB<\/li>\n<li>Woofer: 5.25 pouces<\/li>\n<li>Tweeter: 3\/4 pouces<\/li>\n<li>Imp\u00e9dance: 8 ohms<\/li>\n<li>Dimensions: 248x183x164mm<\/li>\n<\/ul>\n","protected":false},"featured_media":38900,"comment_status":"open","ping_status":"closed","template":"","meta":{"_acf_changed":false},"product_cat":[417,253,393],"product_tag":[],"class_list":{"0":"post-38917","1":"product","2":"type-product","3":"status-publish","4":"has-post-thumbnail","6":"product_cat-haut-parleurs-muraux","7":"product_cat-intervenants","8":"product_cat-sonorisation","10":"first","11":"instock","12":"shipping-taxable","13":"product-type-simple"},"acf":[],"yoast_head":"<!-- This site is optimized with the Yoast SEO plugin v27.0 - https:\/\/yoast.com\/product\/yoast-seo-wordpress\/ -->\n<title>PR-52 BT Black - Audibax<\/title>\n<meta name=\"robots\" content=\"index, follow, max-snippet:-1, max-image-preview:large, max-video-preview:-1\" \/>\n<link rel=\"canonical\" href=\"https:\/\/audibax.com\/fr\/produit\/pr-52-bt-black\/\" \/>\n<meta property=\"og:locale\" content=\"fr_FR\" \/>\n<meta property=\"og:type\" content=\"article\" \/>\n<meta property=\"og:title\" content=\"PR-52 BT Black - Audibax\" \/>\n<meta property=\"og:description\" content=\"Puissance de sortie: 30W + 30W  Gamme de fr\u00e9quences: 90Hz-20kHz  SPL (@1W\/m): 89 dB  Woofer: 5.25 pouces  Tweeter: 3\/4 pouces  Imp\u00e9dance: 8 ohms  Dimensions: 248x183x164mm\" \/>\n<meta property=\"og:url\" content=\"https:\/\/audibax.com\/fr\/produit\/pr-52-bt-black\/\" \/>\n<meta property=\"og:site_name\" content=\"Audibax\" \/>\n<meta property=\"article:modified_time\" content=\"2024-01-09T12:33:12+00:00\" \/>\n<meta property=\"og:image\" content=\"https:\/\/audibax.com\/wp-content\/uploads\/2024\/01\/PR-52-BT-Black-1-new-jpg.webp\" \/>\n\t<meta property=\"og:image:width\" content=\"2500\" \/>\n\t<meta property=\"og:image:height\" content=\"1767\" \/>\n\t<meta property=\"og:image:type\" content=\"image\/jpeg\" \/>\n<meta name=\"twitter:card\" content=\"summary_large_image\" \/>\n<meta name=\"twitter:label1\" content=\"Dur\u00e9e de lecture estim\u00e9e\" \/>\n\t<meta name=\"twitter:data1\" content=\"1 minute\" \/>\n<script type=\"application\/ld+json\" class=\"yoast-schema-graph\">{\"@context\":\"https:\/\/schema.org\",\"@graph\":[{\"@type\":\"WebPage\",\"@id\":\"https:\/\/audibax.com\/fr\/produit\/pr-52-bt-black\/\",\"url\":\"https:\/\/audibax.com\/fr\/produit\/pr-52-bt-black\/\",\"name\":\"PR-52 BT Black - Audibax\",\"isPartOf\":{\"@id\":\"https:\/\/audibax.com\/fr\/#website\"},\"primaryImageOfPage\":{\"@id\":\"https:\/\/audibax.com\/fr\/produit\/pr-52-bt-black\/#primaryimage\"},\"image\":{\"@id\":\"https:\/\/audibax.com\/fr\/produit\/pr-52-bt-black\/#primaryimage\"},\"thumbnailUrl\":\"https:\/\/audibax.com\/wp-content\/uploads\/2024\/01\/PR-52-BT-Black-1-new-jpg.webp\",\"datePublished\":\"2024-01-09T12:08:18+00:00\",\"dateModified\":\"2024-01-09T12:33:12+00:00\",\"breadcrumb\":{\"@id\":\"https:\/\/audibax.com\/fr\/produit\/pr-52-bt-black\/#breadcrumb\"},\"inLanguage\":\"fr-FR\",\"potentialAction\":[{\"@type\":\"ReadAction\",\"target\":[\"https:\/\/audibax.com\/fr\/produit\/pr-52-bt-black\/\"]}]},{\"@type\":\"ImageObject\",\"inLanguage\":\"fr-FR\",\"@id\":\"https:\/\/audibax.com\/fr\/produit\/pr-52-bt-black\/#primaryimage\",\"url\":\"https:\/\/audibax.com\/wp-content\/uploads\/2024\/01\/PR-52-BT-Black-1-new-jpg.webp\",\"contentUrl\":\"https:\/\/audibax.com\/wp-content\/uploads\/2024\/01\/PR-52-BT-Black-1-new-jpg.webp\",\"width\":2500,\"height\":1767},{\"@type\":\"BreadcrumbList\",\"@id\":\"https:\/\/audibax.com\/fr\/produit\/pr-52-bt-black\/#breadcrumb\",\"itemListElement\":[{\"@type\":\"ListItem\",\"position\":1,\"name\":\"Portada\",\"item\":\"https:\/\/audibax.com\/fr\/\"},{\"@type\":\"ListItem\",\"position\":2,\"name\":\"Produits\",\"item\":\"https:\/\/audibax.com\/fr\/shop\/\"},{\"@type\":\"ListItem\",\"position\":3,\"name\":\"PR-52 BT Black\"}]},{\"@type\":\"WebSite\",\"@id\":\"https:\/\/audibax.com\/fr\/#website\",\"url\":\"https:\/\/audibax.com\/fr\/\",\"name\":\"Audibax\",\"description\":\"\",\"publisher\":{\"@id\":\"https:\/\/audibax.com\/fr\/#organization\"},\"potentialAction\":[{\"@type\":\"SearchAction\",\"target\":{\"@type\":\"EntryPoint\",\"urlTemplate\":\"https:\/\/audibax.com\/fr\/?s={search_term_string}\"},\"query-input\":{\"@type\":\"PropertyValueSpecification\",\"valueRequired\":true,\"valueName\":\"search_term_string\"}}],\"inLanguage\":\"fr-FR\"},{\"@type\":\"Organization\",\"@id\":\"https:\/\/audibax.com\/fr\/#organization\",\"name\":\"Audibax\",\"url\":\"https:\/\/audibax.com\/fr\/\",\"logo\":{\"@type\":\"ImageObject\",\"inLanguage\":\"fr-FR\",\"@id\":\"https:\/\/audibax.com\/fr\/#\/schema\/logo\/image\/\",\"url\":\"https:\/\/audibax.com\/wp-content\/uploads\/2023\/09\/logo-Audibax-BLANCO-SVG-1.svg\",\"contentUrl\":\"https:\/\/audibax.com\/wp-content\/uploads\/2023\/09\/logo-Audibax-BLANCO-SVG-1.svg\",\"caption\":\"Audibax\"},\"image\":{\"@id\":\"https:\/\/audibax.com\/fr\/#\/schema\/logo\/image\/\"}}]}<\/script>\n<!-- \/ Yoast SEO plugin. -->","yoast_head_json":{"title":"PR-52 BT Black - Audibax","robots":{"index":"index","follow":"follow","max-snippet":"max-snippet:-1","max-image-preview":"max-image-preview:large","max-video-preview":"max-video-preview:-1"},"canonical":"https:\/\/audibax.com\/fr\/produit\/pr-52-bt-black\/","og_locale":"fr_FR","og_type":"article","og_title":"PR-52 BT Black - Audibax","og_description":"Puissance de sortie: 30W + 30W  Gamme de fr\u00e9quences: 90Hz-20kHz  SPL (@1W\/m): 89 dB  Woofer: 5.25 pouces  Tweeter: 3\/4 pouces  Imp\u00e9dance: 8 ohms  Dimensions: 248x183x164mm","og_url":"https:\/\/audibax.com\/fr\/produit\/pr-52-bt-black\/","og_site_name":"Audibax","article_modified_time":"2024-01-09T12:33:12+00:00","og_image":[{"width":2500,"height":1767,"url":"https:\/\/audibax.com\/wp-content\/uploads\/2024\/01\/PR-52-BT-Black-1-new-jpg.webp","type":"image\/jpeg"}],"twitter_card":"summary_large_image","twitter_misc":{"Dur\u00e9e de lecture estim\u00e9e":"1 minute"},"schema":{"@context":"https:\/\/schema.org","@graph":[{"@type":"WebPage","@id":"https:\/\/audibax.com\/fr\/produit\/pr-52-bt-black\/","url":"https:\/\/audibax.com\/fr\/produit\/pr-52-bt-black\/","name":"PR-52 BT Black - Audibax","isPartOf":{"@id":"https:\/\/audibax.com\/fr\/#website"},"primaryImageOfPage":{"@id":"https:\/\/audibax.com\/fr\/produit\/pr-52-bt-black\/#primaryimage"},"image":{"@id":"https:\/\/audibax.com\/fr\/produit\/pr-52-bt-black\/#primaryimage"},"thumbnailUrl":"https:\/\/audibax.com\/wp-content\/uploads\/2024\/01\/PR-52-BT-Black-1-new-jpg.webp","datePublished":"2024-01-09T12:08:18+00:00","dateModified":"2024-01-09T12:33:12+00:00","breadcrumb":{"@id":"https:\/\/audibax.com\/fr\/produit\/pr-52-bt-black\/#breadcrumb"},"inLanguage":"fr-FR","potentialAction":[{"@type":"ReadAction","target":["https:\/\/audibax.com\/fr\/produit\/pr-52-bt-black\/"]}]},{"@type":"ImageObject","inLanguage":"fr-FR","@id":"https:\/\/audibax.com\/fr\/produit\/pr-52-bt-black\/#primaryimage","url":"https:\/\/audibax.com\/wp-content\/uploads\/2024\/01\/PR-52-BT-Black-1-new-jpg.webp","contentUrl":"https:\/\/audibax.com\/wp-content\/uploads\/2024\/01\/PR-52-BT-Black-1-new-jpg.webp","width":2500,"height":1767},{"@type":"BreadcrumbList","@id":"https:\/\/audibax.com\/fr\/produit\/pr-52-bt-black\/#breadcrumb","itemListElement":[{"@type":"ListItem","position":1,"name":"Portada","item":"https:\/\/audibax.com\/fr\/"},{"@type":"ListItem","position":2,"name":"Produits","item":"https:\/\/audibax.com\/fr\/shop\/"},{"@type":"ListItem","position":3,"name":"PR-52 BT Black"}]},{"@type":"WebSite","@id":"https:\/\/audibax.com\/fr\/#website","url":"https:\/\/audibax.com\/fr\/","name":"Audibax","description":"","publisher":{"@id":"https:\/\/audibax.com\/fr\/#organization"},"potentialAction":[{"@type":"SearchAction","target":{"@type":"EntryPoint","urlTemplate":"https:\/\/audibax.com\/fr\/?s={search_term_string}"},"query-input":{"@type":"PropertyValueSpecification","valueRequired":true,"valueName":"search_term_string"}}],"inLanguage":"fr-FR"},{"@type":"Organization","@id":"https:\/\/audibax.com\/fr\/#organization","name":"Audibax","url":"https:\/\/audibax.com\/fr\/","logo":{"@type":"ImageObject","inLanguage":"fr-FR","@id":"https:\/\/audibax.com\/fr\/#\/schema\/logo\/image\/","url":"https:\/\/audibax.com\/wp-content\/uploads\/2023\/09\/logo-Audibax-BLANCO-SVG-1.svg","contentUrl":"https:\/\/audibax.com\/wp-content\/uploads\/2023\/09\/logo-Audibax-BLANCO-SVG-1.svg","caption":"Audibax"},"image":{"@id":"https:\/\/audibax.com\/fr\/#\/schema\/logo\/image\/"}}]}},"_links":{"self":[{"href":"https:\/\/audibax.com\/fr\/wp-json\/wp\/v2\/product\/38917","targetHints":{"allow":["GET"]}}],"collection":[{"href":"https:\/\/audibax.com\/fr\/wp-json\/wp\/v2\/product"}],"about":[{"href":"https:\/\/audibax.com\/fr\/wp-json\/wp\/v2\/types\/product"}],"replies":[{"embeddable":true,"href":"https:\/\/audibax.com\/fr\/wp-json\/wp\/v2\/comments?post=38917"}],"wp:featuredmedia":[{"embeddable":true,"href":"https:\/\/audibax.com\/fr\/wp-json\/wp\/v2\/media\/38900"}],"wp:attachment":[{"href":"https:\/\/audibax.com\/fr\/wp-json\/wp\/v2\/media?parent=38917"}],"wp:term":[{"taxonomy":"product_cat","embeddable":true,"href":"https:\/\/audibax.com\/fr\/wp-json\/wp\/v2\/product_cat?post=38917"},{"taxonomy":"product_tag","embeddable":true,"href":"https:\/\/audibax.com\/fr\/wp-json\/wp\/v2\/product_tag?post=38917"}],"curies":[{"name":"wp","href":"https:\/\/api.w.org\/{rel}","templated":true}]}}