{"id":38689,"date":"2024-01-08T17:46:59","date_gmt":"2024-01-08T16:46:59","guid":{"rendered":"https:\/\/audibax.com\/product\/akron-4-4800-black\/"},"modified":"2025-06-27T12:12:37","modified_gmt":"2025-06-27T10:12:37","slug":"akron-4-4800-black","status":"publish","type":"product","link":"https:\/\/audibax.com\/fr\/produit\/akron-4-4800-black\/","title":{"rendered":"Akron 4-4800 Black"},"content":{"rendered":"<p><strong>L&rsquo;amplificateur de puissance Akron 4-4800<\/strong> est la porte d&rsquo;entr\u00e9e d&rsquo;une exp\u00e9rience sonore r\u00e9volutionnaire. Cet appareil de pointe utilise la technologie UPDM (Unipolar Pulse Density Modulation) pour offrir une qualit\u00e9 sonore exceptionnellement stable, tout en maintenant une consommation d&rsquo;\u00e9nergie minimale.<\/p>\n<p><strong>Efficacit\u00e9 \u00e9nerg\u00e9tique in\u00e9gal\u00e9e:<\/strong> La technologie UPDM red\u00e9finit les normes en offrant un son stable et de haute qualit\u00e9 tout en maintenant une consommation d&rsquo;\u00e9nergie minimale. Avec l&rsquo;Akron 4-4800, vous pouvez profiter de votre musique pr\u00e9f\u00e9r\u00e9e sans vous soucier de votre facture d&rsquo;\u00e9lectricit\u00e9.<\/p>\n<p><strong>Conception \u00e9l\u00e9gante et compacte:<\/strong> Avec une taille de rack 1U, l&rsquo;Akron 4-4800 est compact, l\u00e9ger et durable. Il est donc facile \u00e0 installer dans n&rsquo;importe quel espace, qu&rsquo;il s&rsquo;agisse d&rsquo;un studio d&rsquo;enregistrement ou d&rsquo;un syst\u00e8me de sonorisation en direct.<\/p>\n<p><strong>Contr\u00f4le intuitif:<\/strong> Les boutons de contr\u00f4le sont intuitifs et faciles \u00e0 utiliser, vous permettant d&rsquo;ajuster le son \u00e0 vos pr\u00e9f\u00e9rences personnelles d&rsquo;une simple rotation.<\/p>\n<p><strong>Puissance r\u00e9glable:<\/strong> Avec quatre canaux ind\u00e9pendants de 600 W chacun, vous pouvez s\u00e9lectionner la puissance dont vous avez besoin en fonction de votre environnement. Que ce soit lors d&rsquo;un \u00e9v\u00e9nement en direct ou dans votre studio d&rsquo;enregistrement, l&rsquo;Akron 4-4800 s&rsquo;adapte \u00e0 vos besoins.<\/p>\n<p><strong>Qualit\u00e9 sonore in\u00e9gal\u00e9e:<\/strong> Cet amplificateur offre un son plat, un coefficient d&rsquo;amortissement \u00e9lev\u00e9 et une faible distorsion, garantissant une exp\u00e9rience d&rsquo;\u00e9coute riche et immersive.<\/p>\n<p><strong>Protection contre la surchauffe:<\/strong> \u00c9quip\u00e9 d&rsquo;une ventilation forc\u00e9e, l&rsquo;Akron 4-4800 maintient une temp\u00e9rature interne optimale, garantissant des performances continues et ininterrompues.<\/p>\n<p><strong>Polyvalence des connexions:<\/strong> Que vous ayez besoin d&rsquo;un mode bridge, st\u00e9r\u00e9o ou parall\u00e8le, l&rsquo;Akron 4-4800 vous offre des options. De plus, il offre de multiples options de connectivit\u00e9, y compris XLR et speakon, pour s&rsquo;adapter \u00e0 votre configuration sp\u00e9cifique.<\/p>\n<ul>\n<li>Puissance sous 8 ohms : 4x600W<\/li>\n<li>Puissance dans 4 ohms : 4x900W<\/li>\n<li>Puissance en mode pont \u00e0 8 ohms: 1200W<\/li>\n<li>R\u00e9ponse en fr\u00e9quence: 20Hz &#8211; 20KHz<\/li>\n<li>THD+N: 112dB<\/li>\n<li>Facteur d&rsquo;amortissement&gt;: &gt;1000<\/li>\n<li>Imp\u00e9dance d&rsquo;entr\u00e9e: 30K ohm<\/li>\n<li>Sensibilit\u00e9 d&rsquo;entr\u00e9e: 0,775V<\/li>\n<li>Courant r\u00e9siduel: &lt;&lt;5mV<\/li>\n<li>Refroidissement: 2 ventilateurs<\/li>\n<li>Tension de fonctionnement: AC220V \u00b110%<\/li>\n<li>Tension de sortie maximale en mode commun: 100Vpeak\/5<\/li>\n<li>Type d&rsquo;alimentation: Mode de commutation standard avec technologie FDC<\/li>\n<li>Connexion de sortie de l&rsquo;amplificateur: SPEAKON<\/li>\n<li>Dimensions: 480 x 50 x 230 mm<\/li>\n<li>Poids: 4.8 kg<\/li>\n<\/ul>\n","protected":false},"excerpt":{"rendered":"<ul>\n<li>Puissance \u00e0 8 ohms: 4x600W<\/li>\n<li>Puissance sous 4 ohms: 4x900W<\/li>\n<li>Puissance en mode pont \u00e0 8 ohms: 1200W<\/li>\n<li>R\u00e9ponse en fr\u00e9quence: 20Hz &#8211; 20KHz<\/li>\n<li>Dimensions: 480 x 50 x 230 mm<\/li>\n<li>Poids: 4.8 kg<\/li>\n<\/ul>\n","protected":false},"featured_media":38645,"comment_status":"open","ping_status":"closed","template":"","meta":{"_acf_changed":false},"product_cat":[395,399,393],"product_tag":[],"class_list":{"0":"post-38689","1":"product","2":"type-product","3":"status-publish","4":"has-post-thumbnail","6":"product_cat-amplificateurs","7":"product_cat-amplificateurs-dinstallation","8":"product_cat-sonorisation","10":"first","11":"instock","12":"shipping-taxable","13":"product-type-simple"},"acf":[],"yoast_head":"<!-- This site is optimized with the Yoast SEO plugin v27.0 - https:\/\/yoast.com\/product\/yoast-seo-wordpress\/ -->\n<title>Akron 4-4800 Black - Audibax<\/title>\n<meta name=\"robots\" content=\"index, follow, max-snippet:-1, max-image-preview:large, max-video-preview:-1\" \/>\n<link rel=\"canonical\" href=\"https:\/\/audibax.com\/fr\/produit\/akron-4-4800-black\/\" \/>\n<meta property=\"og:locale\" content=\"fr_FR\" \/>\n<meta property=\"og:type\" content=\"article\" \/>\n<meta property=\"og:title\" content=\"Akron 4-4800 Black - Audibax\" \/>\n<meta property=\"og:description\" content=\"Puissance \u00e0 8 ohms: 4x600W  Puissance sous 4 ohms: 4x900W  Puissance en mode pont \u00e0 8 ohms: 1200W  R\u00e9ponse en fr\u00e9quence: 20Hz - 20KHz  Dimensions: 480 x 50 x 230 mm  Poids: 4.8 kg\" \/>\n<meta property=\"og:url\" content=\"https:\/\/audibax.com\/fr\/produit\/akron-4-4800-black\/\" \/>\n<meta property=\"og:site_name\" content=\"Audibax\" \/>\n<meta property=\"article:modified_time\" content=\"2025-06-27T10:12:37+00:00\" \/>\n<meta property=\"og:image\" content=\"https:\/\/audibax.com\/wp-content\/uploads\/2024\/01\/Akron-4800-1-new-jpg.webp\" \/>\n\t<meta property=\"og:image:width\" content=\"2500\" \/>\n\t<meta property=\"og:image:height\" content=\"1767\" \/>\n\t<meta property=\"og:image:type\" content=\"image\/jpeg\" \/>\n<meta name=\"twitter:card\" content=\"summary_large_image\" \/>\n<meta name=\"twitter:label1\" content=\"Dur\u00e9e de lecture estim\u00e9e\" \/>\n\t<meta name=\"twitter:data1\" content=\"2 minutes\" \/>\n<script type=\"application\/ld+json\" class=\"yoast-schema-graph\">{\"@context\":\"https:\/\/schema.org\",\"@graph\":[{\"@type\":\"WebPage\",\"@id\":\"https:\/\/audibax.com\/fr\/produit\/akron-4-4800-black\/\",\"url\":\"https:\/\/audibax.com\/fr\/produit\/akron-4-4800-black\/\",\"name\":\"Akron 4-4800 Black - Audibax\",\"isPartOf\":{\"@id\":\"https:\/\/audibax.com\/fr\/#website\"},\"primaryImageOfPage\":{\"@id\":\"https:\/\/audibax.com\/fr\/produit\/akron-4-4800-black\/#primaryimage\"},\"image\":{\"@id\":\"https:\/\/audibax.com\/fr\/produit\/akron-4-4800-black\/#primaryimage\"},\"thumbnailUrl\":\"https:\/\/audibax.com\/wp-content\/uploads\/2024\/01\/Akron-4800-1-new-jpg.webp\",\"datePublished\":\"2024-01-08T16:46:59+00:00\",\"dateModified\":\"2025-06-27T10:12:37+00:00\",\"breadcrumb\":{\"@id\":\"https:\/\/audibax.com\/fr\/produit\/akron-4-4800-black\/#breadcrumb\"},\"inLanguage\":\"fr-FR\",\"potentialAction\":[{\"@type\":\"ReadAction\",\"target\":[\"https:\/\/audibax.com\/fr\/produit\/akron-4-4800-black\/\"]}]},{\"@type\":\"ImageObject\",\"inLanguage\":\"fr-FR\",\"@id\":\"https:\/\/audibax.com\/fr\/produit\/akron-4-4800-black\/#primaryimage\",\"url\":\"https:\/\/audibax.com\/wp-content\/uploads\/2024\/01\/Akron-4800-1-new-jpg.webp\",\"contentUrl\":\"https:\/\/audibax.com\/wp-content\/uploads\/2024\/01\/Akron-4800-1-new-jpg.webp\",\"width\":2500,\"height\":1767},{\"@type\":\"BreadcrumbList\",\"@id\":\"https:\/\/audibax.com\/fr\/produit\/akron-4-4800-black\/#breadcrumb\",\"itemListElement\":[{\"@type\":\"ListItem\",\"position\":1,\"name\":\"Portada\",\"item\":\"https:\/\/audibax.com\/fr\/\"},{\"@type\":\"ListItem\",\"position\":2,\"name\":\"Produits\",\"item\":\"https:\/\/audibax.com\/fr\/shop\/\"},{\"@type\":\"ListItem\",\"position\":3,\"name\":\"Akron 4-4800 Black\"}]},{\"@type\":\"WebSite\",\"@id\":\"https:\/\/audibax.com\/fr\/#website\",\"url\":\"https:\/\/audibax.com\/fr\/\",\"name\":\"Audibax\",\"description\":\"\",\"publisher\":{\"@id\":\"https:\/\/audibax.com\/fr\/#organization\"},\"potentialAction\":[{\"@type\":\"SearchAction\",\"target\":{\"@type\":\"EntryPoint\",\"urlTemplate\":\"https:\/\/audibax.com\/fr\/?s={search_term_string}\"},\"query-input\":{\"@type\":\"PropertyValueSpecification\",\"valueRequired\":true,\"valueName\":\"search_term_string\"}}],\"inLanguage\":\"fr-FR\"},{\"@type\":\"Organization\",\"@id\":\"https:\/\/audibax.com\/fr\/#organization\",\"name\":\"Audibax\",\"url\":\"https:\/\/audibax.com\/fr\/\",\"logo\":{\"@type\":\"ImageObject\",\"inLanguage\":\"fr-FR\",\"@id\":\"https:\/\/audibax.com\/fr\/#\/schema\/logo\/image\/\",\"url\":\"https:\/\/audibax.com\/wp-content\/uploads\/2023\/09\/logo-Audibax-BLANCO-SVG-1.svg\",\"contentUrl\":\"https:\/\/audibax.com\/wp-content\/uploads\/2023\/09\/logo-Audibax-BLANCO-SVG-1.svg\",\"caption\":\"Audibax\"},\"image\":{\"@id\":\"https:\/\/audibax.com\/fr\/#\/schema\/logo\/image\/\"}}]}<\/script>\n<!-- \/ Yoast SEO plugin. -->","yoast_head_json":{"title":"Akron 4-4800 Black - Audibax","robots":{"index":"index","follow":"follow","max-snippet":"max-snippet:-1","max-image-preview":"max-image-preview:large","max-video-preview":"max-video-preview:-1"},"canonical":"https:\/\/audibax.com\/fr\/produit\/akron-4-4800-black\/","og_locale":"fr_FR","og_type":"article","og_title":"Akron 4-4800 Black - Audibax","og_description":"Puissance \u00e0 8 ohms: 4x600W  Puissance sous 4 ohms: 4x900W  Puissance en mode pont \u00e0 8 ohms: 1200W  R\u00e9ponse en fr\u00e9quence: 20Hz - 20KHz  Dimensions: 480 x 50 x 230 mm  Poids: 4.8 kg","og_url":"https:\/\/audibax.com\/fr\/produit\/akron-4-4800-black\/","og_site_name":"Audibax","article_modified_time":"2025-06-27T10:12:37+00:00","og_image":[{"width":2500,"height":1767,"url":"https:\/\/audibax.com\/wp-content\/uploads\/2024\/01\/Akron-4800-1-new-jpg.webp","type":"image\/jpeg"}],"twitter_card":"summary_large_image","twitter_misc":{"Dur\u00e9e de lecture estim\u00e9e":"2 minutes"},"schema":{"@context":"https:\/\/schema.org","@graph":[{"@type":"WebPage","@id":"https:\/\/audibax.com\/fr\/produit\/akron-4-4800-black\/","url":"https:\/\/audibax.com\/fr\/produit\/akron-4-4800-black\/","name":"Akron 4-4800 Black - Audibax","isPartOf":{"@id":"https:\/\/audibax.com\/fr\/#website"},"primaryImageOfPage":{"@id":"https:\/\/audibax.com\/fr\/produit\/akron-4-4800-black\/#primaryimage"},"image":{"@id":"https:\/\/audibax.com\/fr\/produit\/akron-4-4800-black\/#primaryimage"},"thumbnailUrl":"https:\/\/audibax.com\/wp-content\/uploads\/2024\/01\/Akron-4800-1-new-jpg.webp","datePublished":"2024-01-08T16:46:59+00:00","dateModified":"2025-06-27T10:12:37+00:00","breadcrumb":{"@id":"https:\/\/audibax.com\/fr\/produit\/akron-4-4800-black\/#breadcrumb"},"inLanguage":"fr-FR","potentialAction":[{"@type":"ReadAction","target":["https:\/\/audibax.com\/fr\/produit\/akron-4-4800-black\/"]}]},{"@type":"ImageObject","inLanguage":"fr-FR","@id":"https:\/\/audibax.com\/fr\/produit\/akron-4-4800-black\/#primaryimage","url":"https:\/\/audibax.com\/wp-content\/uploads\/2024\/01\/Akron-4800-1-new-jpg.webp","contentUrl":"https:\/\/audibax.com\/wp-content\/uploads\/2024\/01\/Akron-4800-1-new-jpg.webp","width":2500,"height":1767},{"@type":"BreadcrumbList","@id":"https:\/\/audibax.com\/fr\/produit\/akron-4-4800-black\/#breadcrumb","itemListElement":[{"@type":"ListItem","position":1,"name":"Portada","item":"https:\/\/audibax.com\/fr\/"},{"@type":"ListItem","position":2,"name":"Produits","item":"https:\/\/audibax.com\/fr\/shop\/"},{"@type":"ListItem","position":3,"name":"Akron 4-4800 Black"}]},{"@type":"WebSite","@id":"https:\/\/audibax.com\/fr\/#website","url":"https:\/\/audibax.com\/fr\/","name":"Audibax","description":"","publisher":{"@id":"https:\/\/audibax.com\/fr\/#organization"},"potentialAction":[{"@type":"SearchAction","target":{"@type":"EntryPoint","urlTemplate":"https:\/\/audibax.com\/fr\/?s={search_term_string}"},"query-input":{"@type":"PropertyValueSpecification","valueRequired":true,"valueName":"search_term_string"}}],"inLanguage":"fr-FR"},{"@type":"Organization","@id":"https:\/\/audibax.com\/fr\/#organization","name":"Audibax","url":"https:\/\/audibax.com\/fr\/","logo":{"@type":"ImageObject","inLanguage":"fr-FR","@id":"https:\/\/audibax.com\/fr\/#\/schema\/logo\/image\/","url":"https:\/\/audibax.com\/wp-content\/uploads\/2023\/09\/logo-Audibax-BLANCO-SVG-1.svg","contentUrl":"https:\/\/audibax.com\/wp-content\/uploads\/2023\/09\/logo-Audibax-BLANCO-SVG-1.svg","caption":"Audibax"},"image":{"@id":"https:\/\/audibax.com\/fr\/#\/schema\/logo\/image\/"}}]}},"_links":{"self":[{"href":"https:\/\/audibax.com\/fr\/wp-json\/wp\/v2\/product\/38689","targetHints":{"allow":["GET"]}}],"collection":[{"href":"https:\/\/audibax.com\/fr\/wp-json\/wp\/v2\/product"}],"about":[{"href":"https:\/\/audibax.com\/fr\/wp-json\/wp\/v2\/types\/product"}],"replies":[{"embeddable":true,"href":"https:\/\/audibax.com\/fr\/wp-json\/wp\/v2\/comments?post=38689"}],"wp:featuredmedia":[{"embeddable":true,"href":"https:\/\/audibax.com\/fr\/wp-json\/wp\/v2\/media\/38645"}],"wp:attachment":[{"href":"https:\/\/audibax.com\/fr\/wp-json\/wp\/v2\/media?parent=38689"}],"wp:term":[{"taxonomy":"product_cat","embeddable":true,"href":"https:\/\/audibax.com\/fr\/wp-json\/wp\/v2\/product_cat?post=38689"},{"taxonomy":"product_tag","embeddable":true,"href":"https:\/\/audibax.com\/fr\/wp-json\/wp\/v2\/product_tag?post=38689"}],"curies":[{"name":"wp","href":"https:\/\/api.w.org\/{rel}","templated":true}]}}