{"id":38594,"date":"2024-01-08T13:46:33","date_gmt":"2024-01-08T12:46:33","guid":{"rendered":"https:\/\/audibax.com\/product\/pro-rack-drawer-ext-1u-black\/"},"modified":"2024-01-08T13:46:33","modified_gmt":"2024-01-08T12:46:33","slug":"pro-rack-drawer-ext-1u-black","status":"publish","type":"product","link":"https:\/\/audibax.com\/fr\/produit\/pro-rack-drawer-ext-1u-black\/","title":{"rendered":"Pro Rack Drawer Ext 1U Black"},"content":{"rendered":"<p>L&rsquo;Audibax Pro Rack Drawer Ext 1U est un tiroir fixe montable en rack con\u00e7u pour offrir une solution polyvalente et efficace dans divers environnements tels que la sc\u00e8ne, le studio et les installations r\u00e9seau. Avec un espace de 1U, ce tiroir vous permet de tirer le meilleur parti de votre espace rack, en optimisant la gestion des \u00e9quipements.<\/p>\n<ul>\n<li>Largement adaptable (pour la sc\u00e8ne, le studio, les installations en r\u00e9seau)<\/li>\n<li>Mat\u00e9riau: Acier<\/li>\n<li>Favorise une bonne ventilation<\/li>\n<li>Compatibilit\u00e9 universelle<\/li>\n<li>19 pouces<\/li>\n<li>Longueur: 482,6 mm<\/li>\n<li>Profondeur: 376 mm<\/li>\n<li>Hauteur: 44 mm<\/li>\n<li>Couleur: Noir<\/li>\n<\/ul>\n","protected":false},"excerpt":{"rendered":"<ul>\n<li>Largement adaptable (pour la sc\u00e8ne, le studio, les installations en r\u00e9seau)<\/li>\n<li>Mat\u00e9riau: Acier<\/li>\n<li>Favorise une bonne ventilation<\/li>\n<li>Compatibilit\u00e9 universelle<\/li>\n<li>19 pouces<\/li>\n<li>Longueur: 482,6 mm<\/li>\n<li>Profondeur: 376 mm<\/li>\n<li>Hauteur: 44 mm<\/li>\n<li>Couleur: Noir<\/li>\n<\/ul>\n","protected":false},"featured_media":38461,"comment_status":"open","ping_status":"closed","template":"","meta":{"_acf_changed":false},"product_cat":[695],"product_tag":[],"class_list":{"0":"post-38594","1":"product","2":"type-product","3":"status-publish","4":"has-post-thumbnail","6":"product_cat-hardware-fr","8":"first","9":"instock","10":"shipping-taxable","11":"product-type-simple"},"acf":[],"yoast_head":"<!-- This site is optimized with the Yoast SEO plugin v27.0 - https:\/\/yoast.com\/product\/yoast-seo-wordpress\/ -->\n<title>Pro Rack Drawer Ext 1U Black - Audibax<\/title>\n<meta name=\"robots\" content=\"index, follow, max-snippet:-1, max-image-preview:large, max-video-preview:-1\" \/>\n<link rel=\"canonical\" href=\"https:\/\/audibax.com\/fr\/produit\/pro-rack-drawer-ext-1u-black\/\" \/>\n<meta property=\"og:locale\" content=\"fr_FR\" \/>\n<meta property=\"og:type\" content=\"article\" \/>\n<meta property=\"og:title\" content=\"Pro Rack Drawer Ext 1U Black - Audibax\" \/>\n<meta property=\"og:description\" content=\"Largement adaptable (pour la sc\u00e8ne, le studio, les installations en r\u00e9seau)  Mat\u00e9riau: Acier  Favorise une bonne ventilation  Compatibilit\u00e9 universelle  19 pouces  Longueur: 482,6 mm  Profondeur: 376 mm  Hauteur: 44 mm  Couleur: Noir\" \/>\n<meta property=\"og:url\" content=\"https:\/\/audibax.com\/fr\/produit\/pro-rack-drawer-ext-1u-black\/\" \/>\n<meta property=\"og:site_name\" content=\"Audibax\" \/>\n<meta property=\"og:image\" content=\"https:\/\/audibax.com\/wp-content\/uploads\/2024\/01\/Pro-Rack-Drawer-Ext-1U-1-new-jpg.webp\" \/>\n\t<meta property=\"og:image:width\" content=\"2500\" \/>\n\t<meta property=\"og:image:height\" content=\"1767\" \/>\n\t<meta property=\"og:image:type\" content=\"image\/jpeg\" \/>\n<meta name=\"twitter:card\" content=\"summary_large_image\" \/>\n<script type=\"application\/ld+json\" class=\"yoast-schema-graph\">{\"@context\":\"https:\/\/schema.org\",\"@graph\":[{\"@type\":\"WebPage\",\"@id\":\"https:\/\/audibax.com\/fr\/produit\/pro-rack-drawer-ext-1u-black\/\",\"url\":\"https:\/\/audibax.com\/fr\/produit\/pro-rack-drawer-ext-1u-black\/\",\"name\":\"Pro Rack Drawer Ext 1U Black - Audibax\",\"isPartOf\":{\"@id\":\"https:\/\/audibax.com\/fr\/#website\"},\"primaryImageOfPage\":{\"@id\":\"https:\/\/audibax.com\/fr\/produit\/pro-rack-drawer-ext-1u-black\/#primaryimage\"},\"image\":{\"@id\":\"https:\/\/audibax.com\/fr\/produit\/pro-rack-drawer-ext-1u-black\/#primaryimage\"},\"thumbnailUrl\":\"https:\/\/audibax.com\/wp-content\/uploads\/2024\/01\/Pro-Rack-Drawer-Ext-1U-1-new-jpg.webp\",\"datePublished\":\"2024-01-08T12:46:33+00:00\",\"breadcrumb\":{\"@id\":\"https:\/\/audibax.com\/fr\/produit\/pro-rack-drawer-ext-1u-black\/#breadcrumb\"},\"inLanguage\":\"fr-FR\",\"potentialAction\":[{\"@type\":\"ReadAction\",\"target\":[\"https:\/\/audibax.com\/fr\/produit\/pro-rack-drawer-ext-1u-black\/\"]}]},{\"@type\":\"ImageObject\",\"inLanguage\":\"fr-FR\",\"@id\":\"https:\/\/audibax.com\/fr\/produit\/pro-rack-drawer-ext-1u-black\/#primaryimage\",\"url\":\"https:\/\/audibax.com\/wp-content\/uploads\/2024\/01\/Pro-Rack-Drawer-Ext-1U-1-new-jpg.webp\",\"contentUrl\":\"https:\/\/audibax.com\/wp-content\/uploads\/2024\/01\/Pro-Rack-Drawer-Ext-1U-1-new-jpg.webp\",\"width\":2500,\"height\":1767},{\"@type\":\"BreadcrumbList\",\"@id\":\"https:\/\/audibax.com\/fr\/produit\/pro-rack-drawer-ext-1u-black\/#breadcrumb\",\"itemListElement\":[{\"@type\":\"ListItem\",\"position\":1,\"name\":\"Portada\",\"item\":\"https:\/\/audibax.com\/fr\/\"},{\"@type\":\"ListItem\",\"position\":2,\"name\":\"Produits\",\"item\":\"https:\/\/audibax.com\/fr\/shop\/\"},{\"@type\":\"ListItem\",\"position\":3,\"name\":\"Pro Rack Drawer Ext 1U Black\"}]},{\"@type\":\"WebSite\",\"@id\":\"https:\/\/audibax.com\/fr\/#website\",\"url\":\"https:\/\/audibax.com\/fr\/\",\"name\":\"Audibax\",\"description\":\"\",\"publisher\":{\"@id\":\"https:\/\/audibax.com\/fr\/#organization\"},\"potentialAction\":[{\"@type\":\"SearchAction\",\"target\":{\"@type\":\"EntryPoint\",\"urlTemplate\":\"https:\/\/audibax.com\/fr\/?s={search_term_string}\"},\"query-input\":{\"@type\":\"PropertyValueSpecification\",\"valueRequired\":true,\"valueName\":\"search_term_string\"}}],\"inLanguage\":\"fr-FR\"},{\"@type\":\"Organization\",\"@id\":\"https:\/\/audibax.com\/fr\/#organization\",\"name\":\"Audibax\",\"url\":\"https:\/\/audibax.com\/fr\/\",\"logo\":{\"@type\":\"ImageObject\",\"inLanguage\":\"fr-FR\",\"@id\":\"https:\/\/audibax.com\/fr\/#\/schema\/logo\/image\/\",\"url\":\"https:\/\/audibax.com\/wp-content\/uploads\/2023\/09\/logo-Audibax-BLANCO-SVG-1.svg\",\"contentUrl\":\"https:\/\/audibax.com\/wp-content\/uploads\/2023\/09\/logo-Audibax-BLANCO-SVG-1.svg\",\"caption\":\"Audibax\"},\"image\":{\"@id\":\"https:\/\/audibax.com\/fr\/#\/schema\/logo\/image\/\"}}]}<\/script>\n<!-- \/ Yoast SEO plugin. -->","yoast_head_json":{"title":"Pro Rack Drawer Ext 1U Black - Audibax","robots":{"index":"index","follow":"follow","max-snippet":"max-snippet:-1","max-image-preview":"max-image-preview:large","max-video-preview":"max-video-preview:-1"},"canonical":"https:\/\/audibax.com\/fr\/produit\/pro-rack-drawer-ext-1u-black\/","og_locale":"fr_FR","og_type":"article","og_title":"Pro Rack Drawer Ext 1U Black - Audibax","og_description":"Largement adaptable (pour la sc\u00e8ne, le studio, les installations en r\u00e9seau)  Mat\u00e9riau: Acier  Favorise une bonne ventilation  Compatibilit\u00e9 universelle  19 pouces  Longueur: 482,6 mm  Profondeur: 376 mm  Hauteur: 44 mm  Couleur: Noir","og_url":"https:\/\/audibax.com\/fr\/produit\/pro-rack-drawer-ext-1u-black\/","og_site_name":"Audibax","og_image":[{"width":2500,"height":1767,"url":"https:\/\/audibax.com\/wp-content\/uploads\/2024\/01\/Pro-Rack-Drawer-Ext-1U-1-new-jpg.webp","type":"image\/jpeg"}],"twitter_card":"summary_large_image","schema":{"@context":"https:\/\/schema.org","@graph":[{"@type":"WebPage","@id":"https:\/\/audibax.com\/fr\/produit\/pro-rack-drawer-ext-1u-black\/","url":"https:\/\/audibax.com\/fr\/produit\/pro-rack-drawer-ext-1u-black\/","name":"Pro Rack Drawer Ext 1U Black - Audibax","isPartOf":{"@id":"https:\/\/audibax.com\/fr\/#website"},"primaryImageOfPage":{"@id":"https:\/\/audibax.com\/fr\/produit\/pro-rack-drawer-ext-1u-black\/#primaryimage"},"image":{"@id":"https:\/\/audibax.com\/fr\/produit\/pro-rack-drawer-ext-1u-black\/#primaryimage"},"thumbnailUrl":"https:\/\/audibax.com\/wp-content\/uploads\/2024\/01\/Pro-Rack-Drawer-Ext-1U-1-new-jpg.webp","datePublished":"2024-01-08T12:46:33+00:00","breadcrumb":{"@id":"https:\/\/audibax.com\/fr\/produit\/pro-rack-drawer-ext-1u-black\/#breadcrumb"},"inLanguage":"fr-FR","potentialAction":[{"@type":"ReadAction","target":["https:\/\/audibax.com\/fr\/produit\/pro-rack-drawer-ext-1u-black\/"]}]},{"@type":"ImageObject","inLanguage":"fr-FR","@id":"https:\/\/audibax.com\/fr\/produit\/pro-rack-drawer-ext-1u-black\/#primaryimage","url":"https:\/\/audibax.com\/wp-content\/uploads\/2024\/01\/Pro-Rack-Drawer-Ext-1U-1-new-jpg.webp","contentUrl":"https:\/\/audibax.com\/wp-content\/uploads\/2024\/01\/Pro-Rack-Drawer-Ext-1U-1-new-jpg.webp","width":2500,"height":1767},{"@type":"BreadcrumbList","@id":"https:\/\/audibax.com\/fr\/produit\/pro-rack-drawer-ext-1u-black\/#breadcrumb","itemListElement":[{"@type":"ListItem","position":1,"name":"Portada","item":"https:\/\/audibax.com\/fr\/"},{"@type":"ListItem","position":2,"name":"Produits","item":"https:\/\/audibax.com\/fr\/shop\/"},{"@type":"ListItem","position":3,"name":"Pro Rack Drawer Ext 1U Black"}]},{"@type":"WebSite","@id":"https:\/\/audibax.com\/fr\/#website","url":"https:\/\/audibax.com\/fr\/","name":"Audibax","description":"","publisher":{"@id":"https:\/\/audibax.com\/fr\/#organization"},"potentialAction":[{"@type":"SearchAction","target":{"@type":"EntryPoint","urlTemplate":"https:\/\/audibax.com\/fr\/?s={search_term_string}"},"query-input":{"@type":"PropertyValueSpecification","valueRequired":true,"valueName":"search_term_string"}}],"inLanguage":"fr-FR"},{"@type":"Organization","@id":"https:\/\/audibax.com\/fr\/#organization","name":"Audibax","url":"https:\/\/audibax.com\/fr\/","logo":{"@type":"ImageObject","inLanguage":"fr-FR","@id":"https:\/\/audibax.com\/fr\/#\/schema\/logo\/image\/","url":"https:\/\/audibax.com\/wp-content\/uploads\/2023\/09\/logo-Audibax-BLANCO-SVG-1.svg","contentUrl":"https:\/\/audibax.com\/wp-content\/uploads\/2023\/09\/logo-Audibax-BLANCO-SVG-1.svg","caption":"Audibax"},"image":{"@id":"https:\/\/audibax.com\/fr\/#\/schema\/logo\/image\/"}}]}},"_links":{"self":[{"href":"https:\/\/audibax.com\/fr\/wp-json\/wp\/v2\/product\/38594","targetHints":{"allow":["GET"]}}],"collection":[{"href":"https:\/\/audibax.com\/fr\/wp-json\/wp\/v2\/product"}],"about":[{"href":"https:\/\/audibax.com\/fr\/wp-json\/wp\/v2\/types\/product"}],"replies":[{"embeddable":true,"href":"https:\/\/audibax.com\/fr\/wp-json\/wp\/v2\/comments?post=38594"}],"wp:featuredmedia":[{"embeddable":true,"href":"https:\/\/audibax.com\/fr\/wp-json\/wp\/v2\/media\/38461"}],"wp:attachment":[{"href":"https:\/\/audibax.com\/fr\/wp-json\/wp\/v2\/media?parent=38594"}],"wp:term":[{"taxonomy":"product_cat","embeddable":true,"href":"https:\/\/audibax.com\/fr\/wp-json\/wp\/v2\/product_cat?post=38594"},{"taxonomy":"product_tag","embeddable":true,"href":"https:\/\/audibax.com\/fr\/wp-json\/wp\/v2\/product_tag?post=38594"}],"curies":[{"name":"wp","href":"https:\/\/api.w.org\/{rel}","templated":true}]}}