{"id":38374,"date":"2024-01-05T18:05:53","date_gmt":"2024-01-05T17:05:53","guid":{"rendered":"https:\/\/audibax.com\/product\/adi-100p-black\/"},"modified":"2024-01-05T18:05:53","modified_gmt":"2024-01-05T17:05:53","slug":"adi-100p-black","status":"publish","type":"product","link":"https:\/\/audibax.com\/fr\/produit\/adi-100p-black\/","title":{"rendered":"ADI-100P Black"},"content":{"rendered":"<p>L&rsquo;<strong>Audibax ADI-100P<\/strong> est un <strong>bo\u00eetier d&rsquo;injection passif<\/strong> qui assure une connexion optimale entre les instruments \u00e0 haute imp\u00e9dance et les tables de mixage dans les environnements professionnels. Sa conception passive sans alimentation externe, sa connectivit\u00e9 polyvalente, son r\u00e9glage de gain flexible et sa suppression de bruit avec interrupteur Groundlift font de l&rsquo;ADI-100P une solution efficace et fiable pour les professionnels de l&rsquo;audio. Compact et robuste, il minimise les interf\u00e9rences \u00e9lectromagn\u00e9tiques pour une transmission claire du signal.<\/p>\n<ul>\n<li><strong>Conversion du signal:<\/strong> Convertit les signaux asym\u00e9triques \u00e0 haute imp\u00e9dance pour une connexion optimale aux consoles de mixage.<\/li>\n<li><strong>Entr\u00e9e et sortie polyvalentes:<\/strong> Connecteur TS 1\/4\u00a0\u00bb pour les instruments \u00e0 haute imp\u00e9dance. Double sortie TS 1\/4\u00a0\u00bb (utilisable comme entr\u00e9e ou sortie directe vers un moniteur) et sortie XLR sym\u00e9trique pour une connexion directe aux consoles de mixage.<\/li>\n<li><strong>Att\u00e9nuateur de gain:<\/strong> R\u00e9glage flexible du gain pour diff\u00e9rents niveaux de signal.<\/li>\n<li><strong>Interrupteur de mise \u00e0 la terre:<\/strong> \u00c9limine les boucles de terre et les bruits ind\u00e9sirables gr\u00e2ce \u00e0 un interrupteur qui s\u00e9pare compl\u00e8tement la connexion de mise \u00e0 la terre.<\/li>\n<li><strong>Configuration simple:<\/strong> Fonctionnement facile et configuration intuitive, accessible aux utilisateurs non techniques.<\/li>\n<li><strong>Conception innovante et compacte:<\/strong> Compatible avec divers instruments, avec des dimensions compactes et des mat\u00e9riaux qui minimisent les interf\u00e9rences \u00e9lectromagn\u00e9tiques pour un signal propre.<\/li>\n<li><strong>Large gamme de fr\u00e9quences:<\/strong> Large r\u00e9ponse en fr\u00e9quence pour une transmission fid\u00e8le du signal original.<\/li>\n<\/ul>\n","protected":false},"excerpt":{"rendered":"<ul>\n<li>Conversion du signal<\/li>\n<li>Entr\u00e9es et sorties polyvalentes: Connecteur TS 1\/4\u00a0\u00bb, deux sorties TS 1\/4\u00a0\u00bb, sortie XLR sym\u00e9trique pour une connexion directe aux consoles de mixage.<\/li>\n<li>Att\u00e9nuateur de gain<\/li>\n<li>Interrupteur Ground Lift<\/li>\n<li>Installation facile<\/li>\n<li>Conception innovante et compacte<\/li>\n<li>Large gamme de fr\u00e9quences<\/li>\n<\/ul>\n","protected":false},"featured_media":38333,"comment_status":"open","ping_status":"closed","template":"","meta":{"_acf_changed":false},"product_cat":[705,704,393],"product_tag":[],"class_list":{"0":"post-38374","1":"product","2":"type-product","3":"status-publish","4":"has-post-thumbnail","6":"product_cat-boites-di","7":"product_cat-boites-di-outils","8":"product_cat-sonorisation","10":"first","11":"instock","12":"shipping-taxable","13":"product-type-simple"},"acf":[],"yoast_head":"<!-- This site is optimized with the Yoast SEO plugin v27.0 - https:\/\/yoast.com\/product\/yoast-seo-wordpress\/ -->\n<title>ADI-100P Black - Audibax<\/title>\n<meta name=\"robots\" content=\"index, follow, max-snippet:-1, max-image-preview:large, max-video-preview:-1\" \/>\n<link rel=\"canonical\" href=\"https:\/\/audibax.com\/fr\/produit\/adi-100p-black\/\" \/>\n<meta property=\"og:locale\" content=\"fr_FR\" \/>\n<meta property=\"og:type\" content=\"article\" \/>\n<meta property=\"og:title\" content=\"ADI-100P Black - Audibax\" \/>\n<meta property=\"og:description\" content=\"Conversion du signal  Entr\u00e9es et sorties polyvalentes: Connecteur TS 1\/4&#039;&#039;, deux sorties TS 1\/4&#039;&#039;, sortie XLR sym\u00e9trique pour une connexion directe aux consoles de mixage.  Att\u00e9nuateur de gain  Interrupteur Ground Lift  Installation facile  Conception innovante et compacte  Large gamme de fr\u00e9quences\" \/>\n<meta property=\"og:url\" content=\"https:\/\/audibax.com\/fr\/produit\/adi-100p-black\/\" \/>\n<meta property=\"og:site_name\" content=\"Audibax\" \/>\n<meta property=\"og:image\" content=\"https:\/\/audibax.com\/wp-content\/uploads\/2024\/01\/Audibax-ADI100-P-1-new-jpg.webp\" \/>\n\t<meta property=\"og:image:width\" content=\"2500\" \/>\n\t<meta property=\"og:image:height\" content=\"1767\" \/>\n\t<meta property=\"og:image:type\" content=\"image\/jpeg\" \/>\n<meta name=\"twitter:card\" content=\"summary_large_image\" \/>\n<meta name=\"twitter:label1\" content=\"Dur\u00e9e de lecture estim\u00e9e\" \/>\n\t<meta name=\"twitter:data1\" content=\"1 minute\" \/>\n<script type=\"application\/ld+json\" class=\"yoast-schema-graph\">{\"@context\":\"https:\/\/schema.org\",\"@graph\":[{\"@type\":\"WebPage\",\"@id\":\"https:\/\/audibax.com\/fr\/produit\/adi-100p-black\/\",\"url\":\"https:\/\/audibax.com\/fr\/produit\/adi-100p-black\/\",\"name\":\"ADI-100P Black - Audibax\",\"isPartOf\":{\"@id\":\"https:\/\/audibax.com\/fr\/#website\"},\"primaryImageOfPage\":{\"@id\":\"https:\/\/audibax.com\/fr\/produit\/adi-100p-black\/#primaryimage\"},\"image\":{\"@id\":\"https:\/\/audibax.com\/fr\/produit\/adi-100p-black\/#primaryimage\"},\"thumbnailUrl\":\"https:\/\/audibax.com\/wp-content\/uploads\/2024\/01\/Audibax-ADI100-P-1-new-jpg.webp\",\"datePublished\":\"2024-01-05T17:05:53+00:00\",\"breadcrumb\":{\"@id\":\"https:\/\/audibax.com\/fr\/produit\/adi-100p-black\/#breadcrumb\"},\"inLanguage\":\"fr-FR\",\"potentialAction\":[{\"@type\":\"ReadAction\",\"target\":[\"https:\/\/audibax.com\/fr\/produit\/adi-100p-black\/\"]}]},{\"@type\":\"ImageObject\",\"inLanguage\":\"fr-FR\",\"@id\":\"https:\/\/audibax.com\/fr\/produit\/adi-100p-black\/#primaryimage\",\"url\":\"https:\/\/audibax.com\/wp-content\/uploads\/2024\/01\/Audibax-ADI100-P-1-new-jpg.webp\",\"contentUrl\":\"https:\/\/audibax.com\/wp-content\/uploads\/2024\/01\/Audibax-ADI100-P-1-new-jpg.webp\",\"width\":2500,\"height\":1767},{\"@type\":\"BreadcrumbList\",\"@id\":\"https:\/\/audibax.com\/fr\/produit\/adi-100p-black\/#breadcrumb\",\"itemListElement\":[{\"@type\":\"ListItem\",\"position\":1,\"name\":\"Portada\",\"item\":\"https:\/\/audibax.com\/fr\/\"},{\"@type\":\"ListItem\",\"position\":2,\"name\":\"Produits\",\"item\":\"https:\/\/audibax.com\/fr\/shop\/\"},{\"@type\":\"ListItem\",\"position\":3,\"name\":\"ADI-100P Black\"}]},{\"@type\":\"WebSite\",\"@id\":\"https:\/\/audibax.com\/fr\/#website\",\"url\":\"https:\/\/audibax.com\/fr\/\",\"name\":\"Audibax\",\"description\":\"\",\"publisher\":{\"@id\":\"https:\/\/audibax.com\/fr\/#organization\"},\"potentialAction\":[{\"@type\":\"SearchAction\",\"target\":{\"@type\":\"EntryPoint\",\"urlTemplate\":\"https:\/\/audibax.com\/fr\/?s={search_term_string}\"},\"query-input\":{\"@type\":\"PropertyValueSpecification\",\"valueRequired\":true,\"valueName\":\"search_term_string\"}}],\"inLanguage\":\"fr-FR\"},{\"@type\":\"Organization\",\"@id\":\"https:\/\/audibax.com\/fr\/#organization\",\"name\":\"Audibax\",\"url\":\"https:\/\/audibax.com\/fr\/\",\"logo\":{\"@type\":\"ImageObject\",\"inLanguage\":\"fr-FR\",\"@id\":\"https:\/\/audibax.com\/fr\/#\/schema\/logo\/image\/\",\"url\":\"https:\/\/audibax.com\/wp-content\/uploads\/2023\/09\/logo-Audibax-BLANCO-SVG-1.svg\",\"contentUrl\":\"https:\/\/audibax.com\/wp-content\/uploads\/2023\/09\/logo-Audibax-BLANCO-SVG-1.svg\",\"caption\":\"Audibax\"},\"image\":{\"@id\":\"https:\/\/audibax.com\/fr\/#\/schema\/logo\/image\/\"}}]}<\/script>\n<!-- \/ Yoast SEO plugin. -->","yoast_head_json":{"title":"ADI-100P Black - Audibax","robots":{"index":"index","follow":"follow","max-snippet":"max-snippet:-1","max-image-preview":"max-image-preview:large","max-video-preview":"max-video-preview:-1"},"canonical":"https:\/\/audibax.com\/fr\/produit\/adi-100p-black\/","og_locale":"fr_FR","og_type":"article","og_title":"ADI-100P Black - Audibax","og_description":"Conversion du signal  Entr\u00e9es et sorties polyvalentes: Connecteur TS 1\/4'', deux sorties TS 1\/4'', sortie XLR sym\u00e9trique pour une connexion directe aux consoles de mixage.  Att\u00e9nuateur de gain  Interrupteur Ground Lift  Installation facile  Conception innovante et compacte  Large gamme de fr\u00e9quences","og_url":"https:\/\/audibax.com\/fr\/produit\/adi-100p-black\/","og_site_name":"Audibax","og_image":[{"width":2500,"height":1767,"url":"https:\/\/audibax.com\/wp-content\/uploads\/2024\/01\/Audibax-ADI100-P-1-new-jpg.webp","type":"image\/jpeg"}],"twitter_card":"summary_large_image","twitter_misc":{"Dur\u00e9e de lecture estim\u00e9e":"1 minute"},"schema":{"@context":"https:\/\/schema.org","@graph":[{"@type":"WebPage","@id":"https:\/\/audibax.com\/fr\/produit\/adi-100p-black\/","url":"https:\/\/audibax.com\/fr\/produit\/adi-100p-black\/","name":"ADI-100P Black - Audibax","isPartOf":{"@id":"https:\/\/audibax.com\/fr\/#website"},"primaryImageOfPage":{"@id":"https:\/\/audibax.com\/fr\/produit\/adi-100p-black\/#primaryimage"},"image":{"@id":"https:\/\/audibax.com\/fr\/produit\/adi-100p-black\/#primaryimage"},"thumbnailUrl":"https:\/\/audibax.com\/wp-content\/uploads\/2024\/01\/Audibax-ADI100-P-1-new-jpg.webp","datePublished":"2024-01-05T17:05:53+00:00","breadcrumb":{"@id":"https:\/\/audibax.com\/fr\/produit\/adi-100p-black\/#breadcrumb"},"inLanguage":"fr-FR","potentialAction":[{"@type":"ReadAction","target":["https:\/\/audibax.com\/fr\/produit\/adi-100p-black\/"]}]},{"@type":"ImageObject","inLanguage":"fr-FR","@id":"https:\/\/audibax.com\/fr\/produit\/adi-100p-black\/#primaryimage","url":"https:\/\/audibax.com\/wp-content\/uploads\/2024\/01\/Audibax-ADI100-P-1-new-jpg.webp","contentUrl":"https:\/\/audibax.com\/wp-content\/uploads\/2024\/01\/Audibax-ADI100-P-1-new-jpg.webp","width":2500,"height":1767},{"@type":"BreadcrumbList","@id":"https:\/\/audibax.com\/fr\/produit\/adi-100p-black\/#breadcrumb","itemListElement":[{"@type":"ListItem","position":1,"name":"Portada","item":"https:\/\/audibax.com\/fr\/"},{"@type":"ListItem","position":2,"name":"Produits","item":"https:\/\/audibax.com\/fr\/shop\/"},{"@type":"ListItem","position":3,"name":"ADI-100P Black"}]},{"@type":"WebSite","@id":"https:\/\/audibax.com\/fr\/#website","url":"https:\/\/audibax.com\/fr\/","name":"Audibax","description":"","publisher":{"@id":"https:\/\/audibax.com\/fr\/#organization"},"potentialAction":[{"@type":"SearchAction","target":{"@type":"EntryPoint","urlTemplate":"https:\/\/audibax.com\/fr\/?s={search_term_string}"},"query-input":{"@type":"PropertyValueSpecification","valueRequired":true,"valueName":"search_term_string"}}],"inLanguage":"fr-FR"},{"@type":"Organization","@id":"https:\/\/audibax.com\/fr\/#organization","name":"Audibax","url":"https:\/\/audibax.com\/fr\/","logo":{"@type":"ImageObject","inLanguage":"fr-FR","@id":"https:\/\/audibax.com\/fr\/#\/schema\/logo\/image\/","url":"https:\/\/audibax.com\/wp-content\/uploads\/2023\/09\/logo-Audibax-BLANCO-SVG-1.svg","contentUrl":"https:\/\/audibax.com\/wp-content\/uploads\/2023\/09\/logo-Audibax-BLANCO-SVG-1.svg","caption":"Audibax"},"image":{"@id":"https:\/\/audibax.com\/fr\/#\/schema\/logo\/image\/"}}]}},"_links":{"self":[{"href":"https:\/\/audibax.com\/fr\/wp-json\/wp\/v2\/product\/38374","targetHints":{"allow":["GET"]}}],"collection":[{"href":"https:\/\/audibax.com\/fr\/wp-json\/wp\/v2\/product"}],"about":[{"href":"https:\/\/audibax.com\/fr\/wp-json\/wp\/v2\/types\/product"}],"replies":[{"embeddable":true,"href":"https:\/\/audibax.com\/fr\/wp-json\/wp\/v2\/comments?post=38374"}],"wp:featuredmedia":[{"embeddable":true,"href":"https:\/\/audibax.com\/fr\/wp-json\/wp\/v2\/media\/38333"}],"wp:attachment":[{"href":"https:\/\/audibax.com\/fr\/wp-json\/wp\/v2\/media?parent=38374"}],"wp:term":[{"taxonomy":"product_cat","embeddable":true,"href":"https:\/\/audibax.com\/fr\/wp-json\/wp\/v2\/product_cat?post=38374"},{"taxonomy":"product_tag","embeddable":true,"href":"https:\/\/audibax.com\/fr\/wp-json\/wp\/v2\/product_tag?post=38374"}],"curies":[{"name":"wp","href":"https:\/\/api.w.org\/{rel}","templated":true}]}}