{"id":38369,"date":"2024-01-05T17:53:22","date_gmt":"2024-01-05T16:53:22","guid":{"rendered":"https:\/\/audibax.com\/product\/ahp-100p-black\/"},"modified":"2024-01-05T17:53:22","modified_gmt":"2024-01-05T16:53:22","slug":"ahp-100p-black","status":"publish","type":"product","link":"https:\/\/audibax.com\/fr\/produit\/ahp-100p-black\/","title":{"rendered":"AHP-100P Black"},"content":{"rendered":"<p>L&rsquo;Audibax AHP-100P red\u00e9finit l&rsquo;exp\u00e9rience des <strong>moniteurs personnels intra-auriculaires<\/strong>, gr\u00e2ce \u00e0 son design compact et robuste, construit avec un bo\u00eetier en aluminium qui garantit stabilit\u00e9 et durabilit\u00e9. \u00c9quip\u00e9 de connecteurs polyvalents, XLR ou jack 6,35 mm, ce moniteur permet une connexion facile aux mixages de retour personnels, garantissant une polyvalence dans tous les environnements musicaux Avec un contr\u00f4le de volume int\u00e9gr\u00e9 via un bouton r\u00e9glable, l&rsquo;AHP-100P permet d&rsquo;ajuster le niveau de sortie en fonction des pr\u00e9f\u00e9rences de l&rsquo;utilisateur, offrant ainsi un contr\u00f4le total sur l&rsquo;exp\u00e9rience d&rsquo;\u00e9coute.<\/p>\n<ul>\n<li><strong>Conception compacte et robuste:<\/strong> Bo\u00eetier en aluminium pour une construction stable et durable.<\/li>\n<li><strong>Connectivit\u00e9 polyvalente:<\/strong> Connecteur XLR ou combo 1\/4\u00a0\u00bb pour une connexion ais\u00e9e aux mixages de retour personnels.<\/li>\n<li><strong>Sortie casque:<\/strong> Permet la connexion d&rsquo;un casque via un mini jack 1\/8&Prime;.<\/li>\n<li><strong>Commande de volume int\u00e9gr\u00e9e:<\/strong> Bouton de volume permettant de r\u00e9gler le niveau de sortie en fonction de vos pr\u00e9f\u00e9rences.<\/li>\n<li><strong>Installation facile:<\/strong> Connectez les appareils concern\u00e9s et commencez \u00e0 l&rsquo;utiliser sans probl\u00e8me.<\/li>\n<li><strong>Adaptable \u00e0 diff\u00e9rentes applications:<\/strong> Ajustement polyvalent pour diverses situations et besoins.<\/li>\n<li><strong>Circuit passif:<\/strong> Fonctionnement sans alimentation suppl\u00e9mentaire, offrant simplicit\u00e9 et fiabilit\u00e9.<\/li>\n<\/ul>\n","protected":false},"excerpt":{"rendered":"<ul>\n<li><strong>Conception compacte et robuste:<\/strong> Bo\u00eetier en aluminium pour une construction stable et durable.<\/li>\n<li><strong>Connectivit\u00e9 polyvalente:<\/strong> Connecteurs XLR ou 1\/4&Prime; pour une connexion facile aux mixages de retour personnels.<\/li>\n<li><strong>Commande de volume int\u00e9gr\u00e9e:<\/strong> Bouton de volume permettant de r\u00e9gler le niveau de sortie en fonction de vos pr\u00e9f\u00e9rences.<\/li>\n<li><strong>Installation facile:<\/strong> Connectez les appareils concern\u00e9s et commencez \u00e0 l&rsquo;utiliser sans probl\u00e8me.<\/li>\n<li><strong>Adaptable \u00e0 diff\u00e9rentes applications:<\/strong> Ajustement polyvalent pour diverses situations et besoins.<\/li>\n<li><strong>Circuit passif:<\/strong> Fonctionnement sans alimentation suppl\u00e9mentaire, offrant simplicit\u00e9 et fiabilit\u00e9.<\/li>\n<\/ul>\n","protected":false},"featured_media":38309,"comment_status":"open","ping_status":"closed","template":"","meta":{"_acf_changed":false},"product_cat":[347,343],"product_tag":[],"class_list":{"0":"post-38369","1":"product","2":"type-product","3":"status-publish","4":"has-post-thumbnail","6":"product_cat-amplificateurs-pour-casque-decoute","7":"product_cat-casques-decoute","9":"first","10":"instock","11":"shipping-taxable","12":"product-type-simple"},"acf":[],"yoast_head":"<!-- This site is optimized with the Yoast SEO plugin v27.0 - https:\/\/yoast.com\/product\/yoast-seo-wordpress\/ -->\n<title>AHP-100P Black - Audibax<\/title>\n<meta name=\"robots\" content=\"index, follow, max-snippet:-1, max-image-preview:large, max-video-preview:-1\" \/>\n<link rel=\"canonical\" href=\"https:\/\/audibax.com\/fr\/produit\/ahp-100p-black\/\" \/>\n<meta property=\"og:locale\" content=\"fr_FR\" \/>\n<meta property=\"og:type\" content=\"article\" \/>\n<meta property=\"og:title\" content=\"AHP-100P Black - Audibax\" \/>\n<meta property=\"og:description\" content=\"Conception compacte et robuste: Bo\u00eetier en aluminium pour une construction stable et durable.  Connectivit\u00e9 polyvalente: Connecteurs XLR ou 1\/4&quot; pour une connexion facile aux mixages de retour personnels.  Commande de volume int\u00e9gr\u00e9e: Bouton de volume permettant de r\u00e9gler le niveau de sortie en fonction de vos pr\u00e9f\u00e9rences.  Installation facile: Connectez les appareils concern\u00e9s et commencez \u00e0 l&#039;utiliser sans probl\u00e8me.  Adaptable \u00e0 diff\u00e9rentes applications: Ajustement polyvalent pour diverses situations et besoins.  Circuit passif: Fonctionnement sans alimentation suppl\u00e9mentaire, offrant simplicit\u00e9 et fiabilit\u00e9.\" \/>\n<meta property=\"og:url\" content=\"https:\/\/audibax.com\/fr\/produit\/ahp-100p-black\/\" \/>\n<meta property=\"og:site_name\" content=\"Audibax\" \/>\n<meta property=\"og:image\" content=\"https:\/\/audibax.com\/wp-content\/uploads\/2024\/01\/Audibax-AHP100P-1-new-jpg.webp\" \/>\n\t<meta property=\"og:image:width\" content=\"2500\" \/>\n\t<meta property=\"og:image:height\" content=\"1767\" \/>\n\t<meta property=\"og:image:type\" content=\"image\/jpeg\" \/>\n<meta name=\"twitter:card\" content=\"summary_large_image\" \/>\n<meta name=\"twitter:label1\" content=\"Dur\u00e9e de lecture estim\u00e9e\" \/>\n\t<meta name=\"twitter:data1\" content=\"1 minute\" \/>\n<script type=\"application\/ld+json\" class=\"yoast-schema-graph\">{\"@context\":\"https:\/\/schema.org\",\"@graph\":[{\"@type\":\"WebPage\",\"@id\":\"https:\/\/audibax.com\/fr\/produit\/ahp-100p-black\/\",\"url\":\"https:\/\/audibax.com\/fr\/produit\/ahp-100p-black\/\",\"name\":\"AHP-100P Black - Audibax\",\"isPartOf\":{\"@id\":\"https:\/\/audibax.com\/fr\/#website\"},\"primaryImageOfPage\":{\"@id\":\"https:\/\/audibax.com\/fr\/produit\/ahp-100p-black\/#primaryimage\"},\"image\":{\"@id\":\"https:\/\/audibax.com\/fr\/produit\/ahp-100p-black\/#primaryimage\"},\"thumbnailUrl\":\"https:\/\/audibax.com\/wp-content\/uploads\/2024\/01\/Audibax-AHP100P-1-new-jpg.webp\",\"datePublished\":\"2024-01-05T16:53:22+00:00\",\"breadcrumb\":{\"@id\":\"https:\/\/audibax.com\/fr\/produit\/ahp-100p-black\/#breadcrumb\"},\"inLanguage\":\"fr-FR\",\"potentialAction\":[{\"@type\":\"ReadAction\",\"target\":[\"https:\/\/audibax.com\/fr\/produit\/ahp-100p-black\/\"]}]},{\"@type\":\"ImageObject\",\"inLanguage\":\"fr-FR\",\"@id\":\"https:\/\/audibax.com\/fr\/produit\/ahp-100p-black\/#primaryimage\",\"url\":\"https:\/\/audibax.com\/wp-content\/uploads\/2024\/01\/Audibax-AHP100P-1-new-jpg.webp\",\"contentUrl\":\"https:\/\/audibax.com\/wp-content\/uploads\/2024\/01\/Audibax-AHP100P-1-new-jpg.webp\",\"width\":2500,\"height\":1767},{\"@type\":\"BreadcrumbList\",\"@id\":\"https:\/\/audibax.com\/fr\/produit\/ahp-100p-black\/#breadcrumb\",\"itemListElement\":[{\"@type\":\"ListItem\",\"position\":1,\"name\":\"Portada\",\"item\":\"https:\/\/audibax.com\/fr\/\"},{\"@type\":\"ListItem\",\"position\":2,\"name\":\"Produits\",\"item\":\"https:\/\/audibax.com\/fr\/shop\/\"},{\"@type\":\"ListItem\",\"position\":3,\"name\":\"AHP-100P Black\"}]},{\"@type\":\"WebSite\",\"@id\":\"https:\/\/audibax.com\/fr\/#website\",\"url\":\"https:\/\/audibax.com\/fr\/\",\"name\":\"Audibax\",\"description\":\"\",\"publisher\":{\"@id\":\"https:\/\/audibax.com\/fr\/#organization\"},\"potentialAction\":[{\"@type\":\"SearchAction\",\"target\":{\"@type\":\"EntryPoint\",\"urlTemplate\":\"https:\/\/audibax.com\/fr\/?s={search_term_string}\"},\"query-input\":{\"@type\":\"PropertyValueSpecification\",\"valueRequired\":true,\"valueName\":\"search_term_string\"}}],\"inLanguage\":\"fr-FR\"},{\"@type\":\"Organization\",\"@id\":\"https:\/\/audibax.com\/fr\/#organization\",\"name\":\"Audibax\",\"url\":\"https:\/\/audibax.com\/fr\/\",\"logo\":{\"@type\":\"ImageObject\",\"inLanguage\":\"fr-FR\",\"@id\":\"https:\/\/audibax.com\/fr\/#\/schema\/logo\/image\/\",\"url\":\"https:\/\/audibax.com\/wp-content\/uploads\/2023\/09\/logo-Audibax-BLANCO-SVG-1.svg\",\"contentUrl\":\"https:\/\/audibax.com\/wp-content\/uploads\/2023\/09\/logo-Audibax-BLANCO-SVG-1.svg\",\"caption\":\"Audibax\"},\"image\":{\"@id\":\"https:\/\/audibax.com\/fr\/#\/schema\/logo\/image\/\"}}]}<\/script>\n<!-- \/ Yoast SEO plugin. -->","yoast_head_json":{"title":"AHP-100P Black - Audibax","robots":{"index":"index","follow":"follow","max-snippet":"max-snippet:-1","max-image-preview":"max-image-preview:large","max-video-preview":"max-video-preview:-1"},"canonical":"https:\/\/audibax.com\/fr\/produit\/ahp-100p-black\/","og_locale":"fr_FR","og_type":"article","og_title":"AHP-100P Black - Audibax","og_description":"Conception compacte et robuste: Bo\u00eetier en aluminium pour une construction stable et durable.  Connectivit\u00e9 polyvalente: Connecteurs XLR ou 1\/4\" pour une connexion facile aux mixages de retour personnels.  Commande de volume int\u00e9gr\u00e9e: Bouton de volume permettant de r\u00e9gler le niveau de sortie en fonction de vos pr\u00e9f\u00e9rences.  Installation facile: Connectez les appareils concern\u00e9s et commencez \u00e0 l'utiliser sans probl\u00e8me.  Adaptable \u00e0 diff\u00e9rentes applications: Ajustement polyvalent pour diverses situations et besoins.  Circuit passif: Fonctionnement sans alimentation suppl\u00e9mentaire, offrant simplicit\u00e9 et fiabilit\u00e9.","og_url":"https:\/\/audibax.com\/fr\/produit\/ahp-100p-black\/","og_site_name":"Audibax","og_image":[{"width":2500,"height":1767,"url":"https:\/\/audibax.com\/wp-content\/uploads\/2024\/01\/Audibax-AHP100P-1-new-jpg.webp","type":"image\/jpeg"}],"twitter_card":"summary_large_image","twitter_misc":{"Dur\u00e9e de lecture estim\u00e9e":"1 minute"},"schema":{"@context":"https:\/\/schema.org","@graph":[{"@type":"WebPage","@id":"https:\/\/audibax.com\/fr\/produit\/ahp-100p-black\/","url":"https:\/\/audibax.com\/fr\/produit\/ahp-100p-black\/","name":"AHP-100P Black - Audibax","isPartOf":{"@id":"https:\/\/audibax.com\/fr\/#website"},"primaryImageOfPage":{"@id":"https:\/\/audibax.com\/fr\/produit\/ahp-100p-black\/#primaryimage"},"image":{"@id":"https:\/\/audibax.com\/fr\/produit\/ahp-100p-black\/#primaryimage"},"thumbnailUrl":"https:\/\/audibax.com\/wp-content\/uploads\/2024\/01\/Audibax-AHP100P-1-new-jpg.webp","datePublished":"2024-01-05T16:53:22+00:00","breadcrumb":{"@id":"https:\/\/audibax.com\/fr\/produit\/ahp-100p-black\/#breadcrumb"},"inLanguage":"fr-FR","potentialAction":[{"@type":"ReadAction","target":["https:\/\/audibax.com\/fr\/produit\/ahp-100p-black\/"]}]},{"@type":"ImageObject","inLanguage":"fr-FR","@id":"https:\/\/audibax.com\/fr\/produit\/ahp-100p-black\/#primaryimage","url":"https:\/\/audibax.com\/wp-content\/uploads\/2024\/01\/Audibax-AHP100P-1-new-jpg.webp","contentUrl":"https:\/\/audibax.com\/wp-content\/uploads\/2024\/01\/Audibax-AHP100P-1-new-jpg.webp","width":2500,"height":1767},{"@type":"BreadcrumbList","@id":"https:\/\/audibax.com\/fr\/produit\/ahp-100p-black\/#breadcrumb","itemListElement":[{"@type":"ListItem","position":1,"name":"Portada","item":"https:\/\/audibax.com\/fr\/"},{"@type":"ListItem","position":2,"name":"Produits","item":"https:\/\/audibax.com\/fr\/shop\/"},{"@type":"ListItem","position":3,"name":"AHP-100P Black"}]},{"@type":"WebSite","@id":"https:\/\/audibax.com\/fr\/#website","url":"https:\/\/audibax.com\/fr\/","name":"Audibax","description":"","publisher":{"@id":"https:\/\/audibax.com\/fr\/#organization"},"potentialAction":[{"@type":"SearchAction","target":{"@type":"EntryPoint","urlTemplate":"https:\/\/audibax.com\/fr\/?s={search_term_string}"},"query-input":{"@type":"PropertyValueSpecification","valueRequired":true,"valueName":"search_term_string"}}],"inLanguage":"fr-FR"},{"@type":"Organization","@id":"https:\/\/audibax.com\/fr\/#organization","name":"Audibax","url":"https:\/\/audibax.com\/fr\/","logo":{"@type":"ImageObject","inLanguage":"fr-FR","@id":"https:\/\/audibax.com\/fr\/#\/schema\/logo\/image\/","url":"https:\/\/audibax.com\/wp-content\/uploads\/2023\/09\/logo-Audibax-BLANCO-SVG-1.svg","contentUrl":"https:\/\/audibax.com\/wp-content\/uploads\/2023\/09\/logo-Audibax-BLANCO-SVG-1.svg","caption":"Audibax"},"image":{"@id":"https:\/\/audibax.com\/fr\/#\/schema\/logo\/image\/"}}]}},"_links":{"self":[{"href":"https:\/\/audibax.com\/fr\/wp-json\/wp\/v2\/product\/38369","targetHints":{"allow":["GET"]}}],"collection":[{"href":"https:\/\/audibax.com\/fr\/wp-json\/wp\/v2\/product"}],"about":[{"href":"https:\/\/audibax.com\/fr\/wp-json\/wp\/v2\/types\/product"}],"replies":[{"embeddable":true,"href":"https:\/\/audibax.com\/fr\/wp-json\/wp\/v2\/comments?post=38369"}],"wp:featuredmedia":[{"embeddable":true,"href":"https:\/\/audibax.com\/fr\/wp-json\/wp\/v2\/media\/38309"}],"wp:attachment":[{"href":"https:\/\/audibax.com\/fr\/wp-json\/wp\/v2\/media?parent=38369"}],"wp:term":[{"taxonomy":"product_cat","embeddable":true,"href":"https:\/\/audibax.com\/fr\/wp-json\/wp\/v2\/product_cat?post=38369"},{"taxonomy":"product_tag","embeddable":true,"href":"https:\/\/audibax.com\/fr\/wp-json\/wp\/v2\/product_tag?post=38369"}],"curies":[{"name":"wp","href":"https:\/\/api.w.org\/{rel}","templated":true}]}}