{"id":38365,"date":"2024-01-05T17:41:27","date_gmt":"2024-01-05T16:41:27","guid":{"rendered":"https:\/\/audibax.com\/product\/ahp100a-black\/"},"modified":"2024-01-05T17:41:27","modified_gmt":"2024-01-05T16:41:27","slug":"ahp100a-black","status":"publish","type":"product","link":"https:\/\/audibax.com\/fr\/produit\/ahp100a-black\/","title":{"rendered":"AHP100A Black"},"content":{"rendered":"<p>L&rsquo;Audibax AHP100A red\u00e9finit l&rsquo;exp\u00e9rience d&rsquo;\u00e9coute gr\u00e2ce \u00e0 son design actif et portable, id\u00e9al pour le monitoring personnel intra-auriculaire. \u00c9quip\u00e9 d&rsquo;un contr\u00f4le de volume int\u00e9gr\u00e9 et d&rsquo;une batterie pour des performances optimis\u00e9es, cet appareil assure une reproduction audio exceptionnelle avec la flexibilit\u00e9 exig\u00e9e par les professionnels. La connectivit\u00e9 polyvalente, via des connexions XLR ou 1\/4&Prime;, offre de nombreuses options pour personnaliser les mixages de monitoring personnels.<\/p>\n<p>Sa capacit\u00e9 de configuration st\u00e9r\u00e9o\/mono via un commutateur interne permet \u00e0 l&rsquo;AHP100A de s&rsquo;adapter facilement \u00e0 diverses configurations. Avec une sortie casque via un mini jack st\u00e9r\u00e9o 1\/8&Prime;, il offre une exp\u00e9rience d&rsquo;\u00e9coute in\u00e9gal\u00e9e.<\/p>\n<ul>\n<li><strong>Conception active et portable:<\/strong> Moniteur personnel intra-auriculaire avec contr\u00f4le du volume et batterie int\u00e9gr\u00e9s pour des performances optimales.<\/li>\n<li><strong>Connectivit\u00e9 polyvalente:<\/strong> Connexion combin\u00e9e XLR ou 1\/4&Prime; pour le mixage du moniteur personnel, offrant une grande souplesse dans les options de connexion.<\/li>\n<li><strong>Commande de volume int\u00e9gr\u00e9e:<\/strong> Permet de r\u00e9gler le niveau de sortie et d&rsquo;\u00e9teindre l&rsquo;appareil en le tournant dans le sens inverse des aiguilles d&rsquo;une montre.<\/li>\n<li><strong>Configuration st\u00e9r\u00e9o\/mono:<\/strong> Commutateur interne permettant de r\u00e9gler en mono lors de l&rsquo;utilisation du d\u00e9part auxiliaire d&rsquo;une table de mixage ou en st\u00e9r\u00e9o lors de la connexion \u00e0 une sortie casque ou \u00e0 une autre source st\u00e9r\u00e9o.<\/li>\n<li><strong>Sortie casque:<\/strong> Permet de connecter un casque via une mini prise st\u00e9r\u00e9o 1\/8&Prime;.<\/li>\n<li><strong>Clip de ceinture:<\/strong> Permet d&rsquo;avoir les mains libres en l&rsquo;attachant \u00e0 une ceinture ou \u00e0 un pantalon.<\/li>\n<li><strong>Acc\u00e8s facile \u00e0 la batterie:<\/strong> Bouton sur le compartiment de la batterie pour faciliter l&rsquo;insertion de la batterie.<\/li>\n<\/ul>\n","protected":false},"excerpt":{"rendered":"<ul>\n<li><strong>Connectivit\u00e9 polyvalente:<\/strong> Connexion XLR ou 1\/4&Prime; pour le mixage de moniteur personnel, offrant une grande souplesse dans les options de connexion.<\/li>\n<li><strong>Commande de volume int\u00e9gr\u00e9e:<\/strong> Permet de r\u00e9gler le niveau de sortie et d&rsquo;\u00e9teindre l&rsquo;appareil en tournant dans le sens inverse des aiguilles d&rsquo;une montre.<\/li>\n<li><strong>Configuration st\u00e9r\u00e9o\/mono:<\/strong> Commutateur interne pour une configuration mono ou st\u00e9r\u00e9o.<\/li>\n<li><strong>Sortie casque:<\/strong> Permet de connecter un casque via une mini prise st\u00e9r\u00e9o 1\/8&Prime;.<\/li>\n<li><strong>Clip de ceinture:<\/strong> Permet d&rsquo;avoir les mains libres en l&rsquo;attachant \u00e0 une ceinture ou \u00e0 un pantalon.<\/li>\n<li><strong>Acc\u00e8s facile \u00e0 la batterie:<\/strong> Bouton sur le compartiment de la batterie pour faciliter l&rsquo;insertion de la batterie.<\/li>\n<\/ul>\n","protected":false},"featured_media":38297,"comment_status":"open","ping_status":"closed","template":"","meta":{"_acf_changed":false},"product_cat":[347,343],"product_tag":[],"class_list":{"0":"post-38365","1":"product","2":"type-product","3":"status-publish","4":"has-post-thumbnail","6":"product_cat-amplificateurs-pour-casque-decoute","7":"product_cat-casques-decoute","9":"first","10":"instock","11":"shipping-taxable","12":"product-type-simple"},"acf":[],"yoast_head":"<!-- This site is optimized with the Yoast SEO plugin v27.0 - https:\/\/yoast.com\/product\/yoast-seo-wordpress\/ -->\n<title>AHP100A Black - Audibax<\/title>\n<meta name=\"robots\" content=\"index, follow, max-snippet:-1, max-image-preview:large, max-video-preview:-1\" \/>\n<link rel=\"canonical\" href=\"https:\/\/audibax.com\/fr\/produit\/ahp100a-black\/\" \/>\n<meta property=\"og:locale\" content=\"fr_FR\" \/>\n<meta property=\"og:type\" content=\"article\" \/>\n<meta property=\"og:title\" content=\"AHP100A Black - Audibax\" \/>\n<meta property=\"og:description\" content=\"Connectivit\u00e9 polyvalente: Connexion XLR ou 1\/4&quot; pour le mixage de moniteur personnel, offrant une grande souplesse dans les options de connexion.  Commande de volume int\u00e9gr\u00e9e: Permet de r\u00e9gler le niveau de sortie et d&#039;\u00e9teindre l&#039;appareil en tournant dans le sens inverse des aiguilles d&#039;une montre.  Configuration st\u00e9r\u00e9o\/mono: Commutateur interne pour une configuration mono ou st\u00e9r\u00e9o.  Sortie casque: Permet de connecter un casque via une mini prise st\u00e9r\u00e9o 1\/8&quot;.  Clip de ceinture: Permet d&#039;avoir les mains libres en l&#039;attachant \u00e0 une ceinture ou \u00e0 un pantalon.  Acc\u00e8s facile \u00e0 la batterie: Bouton sur le compartiment de la batterie pour faciliter l&#039;insertion de la batterie.\" \/>\n<meta property=\"og:url\" content=\"https:\/\/audibax.com\/fr\/produit\/ahp100a-black\/\" \/>\n<meta property=\"og:site_name\" content=\"Audibax\" \/>\n<meta property=\"og:image\" content=\"https:\/\/audibax.com\/wp-content\/uploads\/2024\/01\/Audibax-AHP100A-1-new-jpg.webp\" \/>\n\t<meta property=\"og:image:width\" content=\"2500\" \/>\n\t<meta property=\"og:image:height\" content=\"1767\" \/>\n\t<meta property=\"og:image:type\" content=\"image\/jpeg\" \/>\n<meta name=\"twitter:card\" content=\"summary_large_image\" \/>\n<meta name=\"twitter:label1\" content=\"Dur\u00e9e de lecture estim\u00e9e\" \/>\n\t<meta name=\"twitter:data1\" content=\"1 minute\" \/>\n<script type=\"application\/ld+json\" class=\"yoast-schema-graph\">{\"@context\":\"https:\/\/schema.org\",\"@graph\":[{\"@type\":\"WebPage\",\"@id\":\"https:\/\/audibax.com\/fr\/produit\/ahp100a-black\/\",\"url\":\"https:\/\/audibax.com\/fr\/produit\/ahp100a-black\/\",\"name\":\"AHP100A Black - Audibax\",\"isPartOf\":{\"@id\":\"https:\/\/audibax.com\/fr\/#website\"},\"primaryImageOfPage\":{\"@id\":\"https:\/\/audibax.com\/fr\/produit\/ahp100a-black\/#primaryimage\"},\"image\":{\"@id\":\"https:\/\/audibax.com\/fr\/produit\/ahp100a-black\/#primaryimage\"},\"thumbnailUrl\":\"https:\/\/audibax.com\/wp-content\/uploads\/2024\/01\/Audibax-AHP100A-1-new-jpg.webp\",\"datePublished\":\"2024-01-05T16:41:27+00:00\",\"breadcrumb\":{\"@id\":\"https:\/\/audibax.com\/fr\/produit\/ahp100a-black\/#breadcrumb\"},\"inLanguage\":\"fr-FR\",\"potentialAction\":[{\"@type\":\"ReadAction\",\"target\":[\"https:\/\/audibax.com\/fr\/produit\/ahp100a-black\/\"]}]},{\"@type\":\"ImageObject\",\"inLanguage\":\"fr-FR\",\"@id\":\"https:\/\/audibax.com\/fr\/produit\/ahp100a-black\/#primaryimage\",\"url\":\"https:\/\/audibax.com\/wp-content\/uploads\/2024\/01\/Audibax-AHP100A-1-new-jpg.webp\",\"contentUrl\":\"https:\/\/audibax.com\/wp-content\/uploads\/2024\/01\/Audibax-AHP100A-1-new-jpg.webp\",\"width\":2500,\"height\":1767},{\"@type\":\"BreadcrumbList\",\"@id\":\"https:\/\/audibax.com\/fr\/produit\/ahp100a-black\/#breadcrumb\",\"itemListElement\":[{\"@type\":\"ListItem\",\"position\":1,\"name\":\"Portada\",\"item\":\"https:\/\/audibax.com\/fr\/\"},{\"@type\":\"ListItem\",\"position\":2,\"name\":\"Produits\",\"item\":\"https:\/\/audibax.com\/fr\/shop\/\"},{\"@type\":\"ListItem\",\"position\":3,\"name\":\"AHP100A Black\"}]},{\"@type\":\"WebSite\",\"@id\":\"https:\/\/audibax.com\/fr\/#website\",\"url\":\"https:\/\/audibax.com\/fr\/\",\"name\":\"Audibax\",\"description\":\"\",\"publisher\":{\"@id\":\"https:\/\/audibax.com\/fr\/#organization\"},\"potentialAction\":[{\"@type\":\"SearchAction\",\"target\":{\"@type\":\"EntryPoint\",\"urlTemplate\":\"https:\/\/audibax.com\/fr\/?s={search_term_string}\"},\"query-input\":{\"@type\":\"PropertyValueSpecification\",\"valueRequired\":true,\"valueName\":\"search_term_string\"}}],\"inLanguage\":\"fr-FR\"},{\"@type\":\"Organization\",\"@id\":\"https:\/\/audibax.com\/fr\/#organization\",\"name\":\"Audibax\",\"url\":\"https:\/\/audibax.com\/fr\/\",\"logo\":{\"@type\":\"ImageObject\",\"inLanguage\":\"fr-FR\",\"@id\":\"https:\/\/audibax.com\/fr\/#\/schema\/logo\/image\/\",\"url\":\"https:\/\/audibax.com\/wp-content\/uploads\/2023\/09\/logo-Audibax-BLANCO-SVG-1.svg\",\"contentUrl\":\"https:\/\/audibax.com\/wp-content\/uploads\/2023\/09\/logo-Audibax-BLANCO-SVG-1.svg\",\"caption\":\"Audibax\"},\"image\":{\"@id\":\"https:\/\/audibax.com\/fr\/#\/schema\/logo\/image\/\"}}]}<\/script>\n<!-- \/ Yoast SEO plugin. -->","yoast_head_json":{"title":"AHP100A Black - Audibax","robots":{"index":"index","follow":"follow","max-snippet":"max-snippet:-1","max-image-preview":"max-image-preview:large","max-video-preview":"max-video-preview:-1"},"canonical":"https:\/\/audibax.com\/fr\/produit\/ahp100a-black\/","og_locale":"fr_FR","og_type":"article","og_title":"AHP100A Black - Audibax","og_description":"Connectivit\u00e9 polyvalente: Connexion XLR ou 1\/4\" pour le mixage de moniteur personnel, offrant une grande souplesse dans les options de connexion.  Commande de volume int\u00e9gr\u00e9e: Permet de r\u00e9gler le niveau de sortie et d'\u00e9teindre l'appareil en tournant dans le sens inverse des aiguilles d'une montre.  Configuration st\u00e9r\u00e9o\/mono: Commutateur interne pour une configuration mono ou st\u00e9r\u00e9o.  Sortie casque: Permet de connecter un casque via une mini prise st\u00e9r\u00e9o 1\/8\".  Clip de ceinture: Permet d'avoir les mains libres en l'attachant \u00e0 une ceinture ou \u00e0 un pantalon.  Acc\u00e8s facile \u00e0 la batterie: Bouton sur le compartiment de la batterie pour faciliter l'insertion de la batterie.","og_url":"https:\/\/audibax.com\/fr\/produit\/ahp100a-black\/","og_site_name":"Audibax","og_image":[{"width":2500,"height":1767,"url":"https:\/\/audibax.com\/wp-content\/uploads\/2024\/01\/Audibax-AHP100A-1-new-jpg.webp","type":"image\/jpeg"}],"twitter_card":"summary_large_image","twitter_misc":{"Dur\u00e9e de lecture estim\u00e9e":"1 minute"},"schema":{"@context":"https:\/\/schema.org","@graph":[{"@type":"WebPage","@id":"https:\/\/audibax.com\/fr\/produit\/ahp100a-black\/","url":"https:\/\/audibax.com\/fr\/produit\/ahp100a-black\/","name":"AHP100A Black - Audibax","isPartOf":{"@id":"https:\/\/audibax.com\/fr\/#website"},"primaryImageOfPage":{"@id":"https:\/\/audibax.com\/fr\/produit\/ahp100a-black\/#primaryimage"},"image":{"@id":"https:\/\/audibax.com\/fr\/produit\/ahp100a-black\/#primaryimage"},"thumbnailUrl":"https:\/\/audibax.com\/wp-content\/uploads\/2024\/01\/Audibax-AHP100A-1-new-jpg.webp","datePublished":"2024-01-05T16:41:27+00:00","breadcrumb":{"@id":"https:\/\/audibax.com\/fr\/produit\/ahp100a-black\/#breadcrumb"},"inLanguage":"fr-FR","potentialAction":[{"@type":"ReadAction","target":["https:\/\/audibax.com\/fr\/produit\/ahp100a-black\/"]}]},{"@type":"ImageObject","inLanguage":"fr-FR","@id":"https:\/\/audibax.com\/fr\/produit\/ahp100a-black\/#primaryimage","url":"https:\/\/audibax.com\/wp-content\/uploads\/2024\/01\/Audibax-AHP100A-1-new-jpg.webp","contentUrl":"https:\/\/audibax.com\/wp-content\/uploads\/2024\/01\/Audibax-AHP100A-1-new-jpg.webp","width":2500,"height":1767},{"@type":"BreadcrumbList","@id":"https:\/\/audibax.com\/fr\/produit\/ahp100a-black\/#breadcrumb","itemListElement":[{"@type":"ListItem","position":1,"name":"Portada","item":"https:\/\/audibax.com\/fr\/"},{"@type":"ListItem","position":2,"name":"Produits","item":"https:\/\/audibax.com\/fr\/shop\/"},{"@type":"ListItem","position":3,"name":"AHP100A Black"}]},{"@type":"WebSite","@id":"https:\/\/audibax.com\/fr\/#website","url":"https:\/\/audibax.com\/fr\/","name":"Audibax","description":"","publisher":{"@id":"https:\/\/audibax.com\/fr\/#organization"},"potentialAction":[{"@type":"SearchAction","target":{"@type":"EntryPoint","urlTemplate":"https:\/\/audibax.com\/fr\/?s={search_term_string}"},"query-input":{"@type":"PropertyValueSpecification","valueRequired":true,"valueName":"search_term_string"}}],"inLanguage":"fr-FR"},{"@type":"Organization","@id":"https:\/\/audibax.com\/fr\/#organization","name":"Audibax","url":"https:\/\/audibax.com\/fr\/","logo":{"@type":"ImageObject","inLanguage":"fr-FR","@id":"https:\/\/audibax.com\/fr\/#\/schema\/logo\/image\/","url":"https:\/\/audibax.com\/wp-content\/uploads\/2023\/09\/logo-Audibax-BLANCO-SVG-1.svg","contentUrl":"https:\/\/audibax.com\/wp-content\/uploads\/2023\/09\/logo-Audibax-BLANCO-SVG-1.svg","caption":"Audibax"},"image":{"@id":"https:\/\/audibax.com\/fr\/#\/schema\/logo\/image\/"}}]}},"_links":{"self":[{"href":"https:\/\/audibax.com\/fr\/wp-json\/wp\/v2\/product\/38365","targetHints":{"allow":["GET"]}}],"collection":[{"href":"https:\/\/audibax.com\/fr\/wp-json\/wp\/v2\/product"}],"about":[{"href":"https:\/\/audibax.com\/fr\/wp-json\/wp\/v2\/types\/product"}],"replies":[{"embeddable":true,"href":"https:\/\/audibax.com\/fr\/wp-json\/wp\/v2\/comments?post=38365"}],"wp:featuredmedia":[{"embeddable":true,"href":"https:\/\/audibax.com\/fr\/wp-json\/wp\/v2\/media\/38297"}],"wp:attachment":[{"href":"https:\/\/audibax.com\/fr\/wp-json\/wp\/v2\/media?parent=38365"}],"wp:term":[{"taxonomy":"product_cat","embeddable":true,"href":"https:\/\/audibax.com\/fr\/wp-json\/wp\/v2\/product_cat?post=38365"},{"taxonomy":"product_tag","embeddable":true,"href":"https:\/\/audibax.com\/fr\/wp-json\/wp\/v2\/product_tag?post=38365"}],"curies":[{"name":"wp","href":"https:\/\/api.w.org\/{rel}","templated":true}]}}