{"id":38279,"date":"2024-01-05T16:47:33","date_gmt":"2024-01-05T15:47:33","guid":{"rendered":"https:\/\/audibax.com\/product\/ahp-200a-black\/"},"modified":"2024-01-05T16:47:33","modified_gmt":"2024-01-05T15:47:33","slug":"ahp-200a-black","status":"publish","type":"product","link":"https:\/\/audibax.com\/fr\/produit\/ahp-200a-black\/","title":{"rendered":"AHP-200A Black"},"content":{"rendered":"<p>L&rsquo;Audibax AHP-200A est un <strong>amplificateur de casque<\/strong> qui red\u00e9finit l&rsquo;exp\u00e9rience d&rsquo;\u00e9coute gr\u00e2ce \u00e0 sa conception compacte et flexible. \u00c9quip\u00e9 de deux entr\u00e9es XLR sym\u00e9triques et d&rsquo;une sortie casque 1\/8&Prime;, cet amplificateur permet de passer facilement d&rsquo;un mixage st\u00e9r\u00e9o \u00e0 un mixage mono gr\u00e2ce \u00e0 un commutateur correspondant, offrant ainsi une grande polyvalence dans la configuration de l&rsquo;\u00e9coute.<\/p>\n<p>L&rsquo;AHP-200A excelle dans la polyvalence des connexions, offrant une grande flexibilit\u00e9 avec de multiples options de connexion, ce qui le rend utile dans une vari\u00e9t\u00e9 de situations musicales. De plus, l&rsquo;amplificateur peut \u00eatre aliment\u00e9 par une pile 9V ou un adaptateur DC, offrant ainsi des options d&rsquo;alimentation flexibles.<\/p>\n<ul>\n<li><strong>Conception compacte et flexible:<\/strong> Amplificateur de retour de casque avec deux entr\u00e9es XLR sym\u00e9triques et une sortie de casque 1\/8&Prime; ; basculez facilement entre le mixage st\u00e9r\u00e9o et le mixage mono avec le commutateur correspondant.<\/li>\n<li><strong>Polyvalence des connexions:<\/strong> Grande flexibilit\u00e9 gr\u00e2ce \u00e0 de multiples connexions, ce qui permet de l&rsquo;utiliser dans de nombreuses situations.<\/li>\n<li><strong>Construction robuste:<\/strong> Bo\u00eetier en aluminium robuste et stable pour la durabilit\u00e9, avec des coussinets en mousse pour la protection contre les chutes.<\/li>\n<li><strong>Options d&rsquo;alimentation:<\/strong> Aliment\u00e9 par une pile 9V ou un adaptateur CC, il offre une grande souplesse en mati\u00e8re de sources d&rsquo;alimentation.<\/li>\n<li><strong>Facile et pratique \u00e0 utiliser:<\/strong> Bouton d&rsquo;alimentation pour d\u00e9marrer, commandes d&rsquo;entr\u00e9e, adaptateur de courant continu de 9 V, prise casque st\u00e9r\u00e9o de 3,5 mm et r\u00e9glage du volume pour les deux sorties.<\/li>\n<li><strong>Indicateur de batterie:<\/strong> Les indicateurs LED montrent l&rsquo;\u00e9tat de la batterie, ce qui facilite le suivi du niveau de puissance. Le changement de couleur indique que la pile doit \u00eatre remplac\u00e9e.<\/li>\n<li><strong>R\u00e9glage puissant du volume:<\/strong> Bouton de volume pour un r\u00e9glage pr\u00e9cis sur les deux canaux de sortie.<\/li>\n<\/ul>\n","protected":false},"excerpt":{"rendered":"<ul>\n<li><strong>Conception compacte et flexible<\/strong><\/li>\n<li><strong>Connexions polyvalentes:<\/strong> Deux entr\u00e9es XLR sym\u00e9triques et une sortie casque 1\/8&Prime;.<\/li>\n<li><strong>Construction robuste:<\/strong> Bo\u00eetier en aluminium robuste et stable pour la durabilit\u00e9, avec des coussinets en mousse pour la protection contre les chutes.<\/li>\n<li><strong>Options d&rsquo;alimentation:<\/strong> Alimentation par pile 9V ou adaptateur DC.<\/li>\n<li><strong>Indicateur de batterie:<\/strong> Les indicateurs LED montrent l&rsquo;\u00e9tat de la batterie.<\/li>\n<li><strong>R\u00e9glage puissant du volume:<\/strong> Bouton de volume pour un r\u00e9glage pr\u00e9cis sur les deux canaux de sortie.<\/li>\n<\/ul>\n","protected":false},"featured_media":38252,"comment_status":"open","ping_status":"closed","template":"","meta":{"_acf_changed":false},"product_cat":[347,343],"product_tag":[],"class_list":{"0":"post-38279","1":"product","2":"type-product","3":"status-publish","4":"has-post-thumbnail","6":"product_cat-amplificateurs-pour-casque-decoute","7":"product_cat-casques-decoute","9":"first","10":"instock","11":"shipping-taxable","12":"product-type-simple"},"acf":[],"yoast_head":"<!-- This site is optimized with the Yoast SEO plugin v27.0 - https:\/\/yoast.com\/product\/yoast-seo-wordpress\/ -->\n<title>AHP-200A Black - Audibax<\/title>\n<meta name=\"robots\" content=\"index, follow, max-snippet:-1, max-image-preview:large, max-video-preview:-1\" \/>\n<link rel=\"canonical\" href=\"https:\/\/audibax.com\/fr\/produit\/ahp-200a-black\/\" \/>\n<meta property=\"og:locale\" content=\"fr_FR\" \/>\n<meta property=\"og:type\" content=\"article\" \/>\n<meta property=\"og:title\" content=\"AHP-200A Black - Audibax\" \/>\n<meta property=\"og:description\" content=\"Conception compacte et flexible  Connexions polyvalentes: Deux entr\u00e9es XLR sym\u00e9triques et une sortie casque 1\/8&quot;.  Construction robuste: Bo\u00eetier en aluminium robuste et stable pour la durabilit\u00e9, avec des coussinets en mousse pour la protection contre les chutes.  Options d&#039;alimentation: Alimentation par pile 9V ou adaptateur DC.  Indicateur de batterie: Les indicateurs LED montrent l&#039;\u00e9tat de la batterie.  R\u00e9glage puissant du volume: Bouton de volume pour un r\u00e9glage pr\u00e9cis sur les deux canaux de sortie.\" \/>\n<meta property=\"og:url\" content=\"https:\/\/audibax.com\/fr\/produit\/ahp-200a-black\/\" \/>\n<meta property=\"og:site_name\" content=\"Audibax\" \/>\n<meta property=\"og:image\" content=\"https:\/\/audibax.com\/wp-content\/uploads\/2024\/01\/Audibax-AHP200A-1-new-jpg.webp\" \/>\n\t<meta property=\"og:image:width\" content=\"2500\" \/>\n\t<meta property=\"og:image:height\" content=\"1767\" \/>\n\t<meta property=\"og:image:type\" content=\"image\/jpeg\" \/>\n<meta name=\"twitter:card\" content=\"summary_large_image\" \/>\n<meta name=\"twitter:label1\" content=\"Dur\u00e9e de lecture estim\u00e9e\" \/>\n\t<meta name=\"twitter:data1\" content=\"2 minutes\" \/>\n<script type=\"application\/ld+json\" class=\"yoast-schema-graph\">{\"@context\":\"https:\/\/schema.org\",\"@graph\":[{\"@type\":\"WebPage\",\"@id\":\"https:\/\/audibax.com\/fr\/produit\/ahp-200a-black\/\",\"url\":\"https:\/\/audibax.com\/fr\/produit\/ahp-200a-black\/\",\"name\":\"AHP-200A Black - Audibax\",\"isPartOf\":{\"@id\":\"https:\/\/audibax.com\/fr\/#website\"},\"primaryImageOfPage\":{\"@id\":\"https:\/\/audibax.com\/fr\/produit\/ahp-200a-black\/#primaryimage\"},\"image\":{\"@id\":\"https:\/\/audibax.com\/fr\/produit\/ahp-200a-black\/#primaryimage\"},\"thumbnailUrl\":\"https:\/\/audibax.com\/wp-content\/uploads\/2024\/01\/Audibax-AHP200A-1-new-jpg.webp\",\"datePublished\":\"2024-01-05T15:47:33+00:00\",\"breadcrumb\":{\"@id\":\"https:\/\/audibax.com\/fr\/produit\/ahp-200a-black\/#breadcrumb\"},\"inLanguage\":\"fr-FR\",\"potentialAction\":[{\"@type\":\"ReadAction\",\"target\":[\"https:\/\/audibax.com\/fr\/produit\/ahp-200a-black\/\"]}]},{\"@type\":\"ImageObject\",\"inLanguage\":\"fr-FR\",\"@id\":\"https:\/\/audibax.com\/fr\/produit\/ahp-200a-black\/#primaryimage\",\"url\":\"https:\/\/audibax.com\/wp-content\/uploads\/2024\/01\/Audibax-AHP200A-1-new-jpg.webp\",\"contentUrl\":\"https:\/\/audibax.com\/wp-content\/uploads\/2024\/01\/Audibax-AHP200A-1-new-jpg.webp\",\"width\":2500,\"height\":1767},{\"@type\":\"BreadcrumbList\",\"@id\":\"https:\/\/audibax.com\/fr\/produit\/ahp-200a-black\/#breadcrumb\",\"itemListElement\":[{\"@type\":\"ListItem\",\"position\":1,\"name\":\"Portada\",\"item\":\"https:\/\/audibax.com\/fr\/\"},{\"@type\":\"ListItem\",\"position\":2,\"name\":\"Produits\",\"item\":\"https:\/\/audibax.com\/fr\/shop\/\"},{\"@type\":\"ListItem\",\"position\":3,\"name\":\"AHP-200A Black\"}]},{\"@type\":\"WebSite\",\"@id\":\"https:\/\/audibax.com\/fr\/#website\",\"url\":\"https:\/\/audibax.com\/fr\/\",\"name\":\"Audibax\",\"description\":\"\",\"publisher\":{\"@id\":\"https:\/\/audibax.com\/fr\/#organization\"},\"potentialAction\":[{\"@type\":\"SearchAction\",\"target\":{\"@type\":\"EntryPoint\",\"urlTemplate\":\"https:\/\/audibax.com\/fr\/?s={search_term_string}\"},\"query-input\":{\"@type\":\"PropertyValueSpecification\",\"valueRequired\":true,\"valueName\":\"search_term_string\"}}],\"inLanguage\":\"fr-FR\"},{\"@type\":\"Organization\",\"@id\":\"https:\/\/audibax.com\/fr\/#organization\",\"name\":\"Audibax\",\"url\":\"https:\/\/audibax.com\/fr\/\",\"logo\":{\"@type\":\"ImageObject\",\"inLanguage\":\"fr-FR\",\"@id\":\"https:\/\/audibax.com\/fr\/#\/schema\/logo\/image\/\",\"url\":\"https:\/\/audibax.com\/wp-content\/uploads\/2023\/09\/logo-Audibax-BLANCO-SVG-1.svg\",\"contentUrl\":\"https:\/\/audibax.com\/wp-content\/uploads\/2023\/09\/logo-Audibax-BLANCO-SVG-1.svg\",\"caption\":\"Audibax\"},\"image\":{\"@id\":\"https:\/\/audibax.com\/fr\/#\/schema\/logo\/image\/\"}}]}<\/script>\n<!-- \/ Yoast SEO plugin. -->","yoast_head_json":{"title":"AHP-200A Black - Audibax","robots":{"index":"index","follow":"follow","max-snippet":"max-snippet:-1","max-image-preview":"max-image-preview:large","max-video-preview":"max-video-preview:-1"},"canonical":"https:\/\/audibax.com\/fr\/produit\/ahp-200a-black\/","og_locale":"fr_FR","og_type":"article","og_title":"AHP-200A Black - Audibax","og_description":"Conception compacte et flexible  Connexions polyvalentes: Deux entr\u00e9es XLR sym\u00e9triques et une sortie casque 1\/8\".  Construction robuste: Bo\u00eetier en aluminium robuste et stable pour la durabilit\u00e9, avec des coussinets en mousse pour la protection contre les chutes.  Options d'alimentation: Alimentation par pile 9V ou adaptateur DC.  Indicateur de batterie: Les indicateurs LED montrent l'\u00e9tat de la batterie.  R\u00e9glage puissant du volume: Bouton de volume pour un r\u00e9glage pr\u00e9cis sur les deux canaux de sortie.","og_url":"https:\/\/audibax.com\/fr\/produit\/ahp-200a-black\/","og_site_name":"Audibax","og_image":[{"width":2500,"height":1767,"url":"https:\/\/audibax.com\/wp-content\/uploads\/2024\/01\/Audibax-AHP200A-1-new-jpg.webp","type":"image\/jpeg"}],"twitter_card":"summary_large_image","twitter_misc":{"Dur\u00e9e de lecture estim\u00e9e":"2 minutes"},"schema":{"@context":"https:\/\/schema.org","@graph":[{"@type":"WebPage","@id":"https:\/\/audibax.com\/fr\/produit\/ahp-200a-black\/","url":"https:\/\/audibax.com\/fr\/produit\/ahp-200a-black\/","name":"AHP-200A Black - Audibax","isPartOf":{"@id":"https:\/\/audibax.com\/fr\/#website"},"primaryImageOfPage":{"@id":"https:\/\/audibax.com\/fr\/produit\/ahp-200a-black\/#primaryimage"},"image":{"@id":"https:\/\/audibax.com\/fr\/produit\/ahp-200a-black\/#primaryimage"},"thumbnailUrl":"https:\/\/audibax.com\/wp-content\/uploads\/2024\/01\/Audibax-AHP200A-1-new-jpg.webp","datePublished":"2024-01-05T15:47:33+00:00","breadcrumb":{"@id":"https:\/\/audibax.com\/fr\/produit\/ahp-200a-black\/#breadcrumb"},"inLanguage":"fr-FR","potentialAction":[{"@type":"ReadAction","target":["https:\/\/audibax.com\/fr\/produit\/ahp-200a-black\/"]}]},{"@type":"ImageObject","inLanguage":"fr-FR","@id":"https:\/\/audibax.com\/fr\/produit\/ahp-200a-black\/#primaryimage","url":"https:\/\/audibax.com\/wp-content\/uploads\/2024\/01\/Audibax-AHP200A-1-new-jpg.webp","contentUrl":"https:\/\/audibax.com\/wp-content\/uploads\/2024\/01\/Audibax-AHP200A-1-new-jpg.webp","width":2500,"height":1767},{"@type":"BreadcrumbList","@id":"https:\/\/audibax.com\/fr\/produit\/ahp-200a-black\/#breadcrumb","itemListElement":[{"@type":"ListItem","position":1,"name":"Portada","item":"https:\/\/audibax.com\/fr\/"},{"@type":"ListItem","position":2,"name":"Produits","item":"https:\/\/audibax.com\/fr\/shop\/"},{"@type":"ListItem","position":3,"name":"AHP-200A Black"}]},{"@type":"WebSite","@id":"https:\/\/audibax.com\/fr\/#website","url":"https:\/\/audibax.com\/fr\/","name":"Audibax","description":"","publisher":{"@id":"https:\/\/audibax.com\/fr\/#organization"},"potentialAction":[{"@type":"SearchAction","target":{"@type":"EntryPoint","urlTemplate":"https:\/\/audibax.com\/fr\/?s={search_term_string}"},"query-input":{"@type":"PropertyValueSpecification","valueRequired":true,"valueName":"search_term_string"}}],"inLanguage":"fr-FR"},{"@type":"Organization","@id":"https:\/\/audibax.com\/fr\/#organization","name":"Audibax","url":"https:\/\/audibax.com\/fr\/","logo":{"@type":"ImageObject","inLanguage":"fr-FR","@id":"https:\/\/audibax.com\/fr\/#\/schema\/logo\/image\/","url":"https:\/\/audibax.com\/wp-content\/uploads\/2023\/09\/logo-Audibax-BLANCO-SVG-1.svg","contentUrl":"https:\/\/audibax.com\/wp-content\/uploads\/2023\/09\/logo-Audibax-BLANCO-SVG-1.svg","caption":"Audibax"},"image":{"@id":"https:\/\/audibax.com\/fr\/#\/schema\/logo\/image\/"}}]}},"_links":{"self":[{"href":"https:\/\/audibax.com\/fr\/wp-json\/wp\/v2\/product\/38279","targetHints":{"allow":["GET"]}}],"collection":[{"href":"https:\/\/audibax.com\/fr\/wp-json\/wp\/v2\/product"}],"about":[{"href":"https:\/\/audibax.com\/fr\/wp-json\/wp\/v2\/types\/product"}],"replies":[{"embeddable":true,"href":"https:\/\/audibax.com\/fr\/wp-json\/wp\/v2\/comments?post=38279"}],"wp:featuredmedia":[{"embeddable":true,"href":"https:\/\/audibax.com\/fr\/wp-json\/wp\/v2\/media\/38252"}],"wp:attachment":[{"href":"https:\/\/audibax.com\/fr\/wp-json\/wp\/v2\/media?parent=38279"}],"wp:term":[{"taxonomy":"product_cat","embeddable":true,"href":"https:\/\/audibax.com\/fr\/wp-json\/wp\/v2\/product_cat?post=38279"},{"taxonomy":"product_tag","embeddable":true,"href":"https:\/\/audibax.com\/fr\/wp-json\/wp\/v2\/product_tag?post=38279"}],"curies":[{"name":"wp","href":"https:\/\/api.w.org\/{rel}","templated":true}]}}