{"id":38249,"date":"2024-01-05T14:52:58","date_gmt":"2024-01-05T13:52:58","guid":{"rendered":"https:\/\/audibax.com\/product\/act1-black\/"},"modified":"2024-01-05T14:52:58","modified_gmt":"2024-01-05T13:52:58","slug":"act1-black","status":"publish","type":"product","link":"https:\/\/audibax.com\/fr\/produit\/act1-black\/","title":{"rendered":"ACT1 Black"},"content":{"rendered":"<p>Le testeur de c\u00e2bles <strong>Audibax ACT1<\/strong> est con\u00e7u pour effectuer des tests polyvalents et pratiques dans divers environnements, qu&rsquo;il s&rsquo;agisse de situations en direct ou de studios d&rsquo;enregistrement. Sa compatibilit\u00e9 universelle lui permet de tester une large gamme de c\u00e2bles avec diff\u00e9rents connecteurs, notamment 1\/4\u00a0\u00bb TRS, XLR sym\u00e9trique, Phono\/RCA, fiche banane, Speakon, GND, CAT5 et DIN.<\/p>\n<ul>\n<li><strong>Test polyvalent:<\/strong> Testez rapidement et facilement tous les types de c\u00e2bles dans n&rsquo;importe quel environnement, que ce soit en direct ou dans un studio d&rsquo;enregistrement.<\/li>\n<li><strong>Compatibilit\u00e9 universelle:<\/strong> Testez avec diverses combinaisons de connecteurs, notamment 1\/4\u00a0\u00bb TRS, XLR sym\u00e9trique, Phono\/RCA, fiche banane, Speakon, GND, CAT5 et DIN.<\/li>\n<li><strong>Commutateur de s\u00e9lection des connexions:<\/strong> Un commutateur \u00e0 8 positions permet d&rsquo;identifier rapidement les probl\u00e8mes sp\u00e9cifiques en s\u00e9lectionnant les connexions \u00e0 tester.<\/li>\n<li><strong>Batterie interne:<\/strong> \u00c9quip\u00e9 d&rsquo;une batterie interne, l&rsquo;appareil peut \u00eatre test\u00e9 de fa\u00e7on autonome, sans alimentation externe.<\/li>\n<li><strong>Indicateurs LED:<\/strong> Les LED confirment la continuit\u00e9 et la connexion de chaque conducteur, fournissant un retour visuel clair sur l&rsquo;\u00e9tat des c\u00e2bles et des connecteurs test\u00e9s.<\/li>\n<li><strong>Portabilit\u00e9 et durabilit\u00e9:<\/strong> Conception compacte et durable, id\u00e9ale pour une utilisation en direct et en studio.<\/li>\n<\/ul>\n","protected":false},"excerpt":{"rendered":"<ul>\n<li><strong>Compatibilit\u00e9 universelle:<\/strong> 1\/4\u00a0\u00bb TRS, XLR sym\u00e9trique, Phono\/RCA, fiche banane, Speakon, GND, CAT5 et DIN.<\/li>\n<li><strong>Commutateur de s\u00e9lection de connexion<\/strong> \u00e0 8 positions.<\/li>\n<li><strong>Batterie interne<\/strong> pour les tests sans alimentation externe.<\/li>\n<li>Les <strong>indicateurs LED<\/strong> confirment la continuit\u00e9 et la connexion de chaque conducteur.<\/li>\n<li><strong>Portabilit\u00e9 et durabilit\u00e9<\/strong><\/li>\n<\/ul>\n","protected":false},"featured_media":38220,"comment_status":"open","ping_status":"closed","template":"","meta":{"_acf_changed":false},"product_cat":[704,706,393],"product_tag":[],"class_list":{"0":"post-38249","1":"product","2":"type-product","3":"status-publish","4":"has-post-thumbnail","6":"product_cat-boites-di-outils","7":"product_cat-outils","8":"product_cat-sonorisation","10":"first","11":"instock","12":"shipping-taxable","13":"product-type-simple"},"acf":[],"yoast_head":"<!-- This site is optimized with the Yoast SEO plugin v27.0 - https:\/\/yoast.com\/product\/yoast-seo-wordpress\/ -->\n<title>ACT1 Black - Audibax<\/title>\n<meta name=\"robots\" content=\"index, follow, max-snippet:-1, max-image-preview:large, max-video-preview:-1\" \/>\n<link rel=\"canonical\" href=\"https:\/\/audibax.com\/fr\/produit\/act1-black\/\" \/>\n<meta property=\"og:locale\" content=\"fr_FR\" \/>\n<meta property=\"og:type\" content=\"article\" \/>\n<meta property=\"og:title\" content=\"ACT1 Black - Audibax\" \/>\n<meta property=\"og:description\" content=\"Compatibilit\u00e9 universelle: 1\/4&#039;&#039; TRS, XLR sym\u00e9trique, Phono\/RCA, fiche banane, Speakon, GND, CAT5 et DIN.  Commutateur de s\u00e9lection de connexion \u00e0 8 positions.  Batterie interne pour les tests sans alimentation externe.  Les indicateurs LED confirment la continuit\u00e9 et la connexion de chaque conducteur.  Portabilit\u00e9 et durabilit\u00e9\" \/>\n<meta property=\"og:url\" content=\"https:\/\/audibax.com\/fr\/produit\/act1-black\/\" \/>\n<meta property=\"og:site_name\" content=\"Audibax\" \/>\n<meta property=\"og:image\" content=\"https:\/\/audibax.com\/wp-content\/uploads\/2024\/01\/Audibax-ACT1-1-new-jpg.webp\" \/>\n\t<meta property=\"og:image:width\" content=\"2500\" \/>\n\t<meta property=\"og:image:height\" content=\"1767\" \/>\n\t<meta property=\"og:image:type\" content=\"image\/jpeg\" \/>\n<meta name=\"twitter:card\" content=\"summary_large_image\" \/>\n<meta name=\"twitter:label1\" content=\"Dur\u00e9e de lecture estim\u00e9e\" \/>\n\t<meta name=\"twitter:data1\" content=\"1 minute\" \/>\n<script type=\"application\/ld+json\" class=\"yoast-schema-graph\">{\"@context\":\"https:\/\/schema.org\",\"@graph\":[{\"@type\":\"WebPage\",\"@id\":\"https:\/\/audibax.com\/fr\/produit\/act1-black\/\",\"url\":\"https:\/\/audibax.com\/fr\/produit\/act1-black\/\",\"name\":\"ACT1 Black - Audibax\",\"isPartOf\":{\"@id\":\"https:\/\/audibax.com\/fr\/#website\"},\"primaryImageOfPage\":{\"@id\":\"https:\/\/audibax.com\/fr\/produit\/act1-black\/#primaryimage\"},\"image\":{\"@id\":\"https:\/\/audibax.com\/fr\/produit\/act1-black\/#primaryimage\"},\"thumbnailUrl\":\"https:\/\/audibax.com\/wp-content\/uploads\/2024\/01\/Audibax-ACT1-1-new-jpg.webp\",\"datePublished\":\"2024-01-05T13:52:58+00:00\",\"breadcrumb\":{\"@id\":\"https:\/\/audibax.com\/fr\/produit\/act1-black\/#breadcrumb\"},\"inLanguage\":\"fr-FR\",\"potentialAction\":[{\"@type\":\"ReadAction\",\"target\":[\"https:\/\/audibax.com\/fr\/produit\/act1-black\/\"]}]},{\"@type\":\"ImageObject\",\"inLanguage\":\"fr-FR\",\"@id\":\"https:\/\/audibax.com\/fr\/produit\/act1-black\/#primaryimage\",\"url\":\"https:\/\/audibax.com\/wp-content\/uploads\/2024\/01\/Audibax-ACT1-1-new-jpg.webp\",\"contentUrl\":\"https:\/\/audibax.com\/wp-content\/uploads\/2024\/01\/Audibax-ACT1-1-new-jpg.webp\",\"width\":2500,\"height\":1767},{\"@type\":\"BreadcrumbList\",\"@id\":\"https:\/\/audibax.com\/fr\/produit\/act1-black\/#breadcrumb\",\"itemListElement\":[{\"@type\":\"ListItem\",\"position\":1,\"name\":\"Portada\",\"item\":\"https:\/\/audibax.com\/fr\/\"},{\"@type\":\"ListItem\",\"position\":2,\"name\":\"Produits\",\"item\":\"https:\/\/audibax.com\/fr\/shop\/\"},{\"@type\":\"ListItem\",\"position\":3,\"name\":\"ACT1 Black\"}]},{\"@type\":\"WebSite\",\"@id\":\"https:\/\/audibax.com\/fr\/#website\",\"url\":\"https:\/\/audibax.com\/fr\/\",\"name\":\"Audibax\",\"description\":\"\",\"publisher\":{\"@id\":\"https:\/\/audibax.com\/fr\/#organization\"},\"potentialAction\":[{\"@type\":\"SearchAction\",\"target\":{\"@type\":\"EntryPoint\",\"urlTemplate\":\"https:\/\/audibax.com\/fr\/?s={search_term_string}\"},\"query-input\":{\"@type\":\"PropertyValueSpecification\",\"valueRequired\":true,\"valueName\":\"search_term_string\"}}],\"inLanguage\":\"fr-FR\"},{\"@type\":\"Organization\",\"@id\":\"https:\/\/audibax.com\/fr\/#organization\",\"name\":\"Audibax\",\"url\":\"https:\/\/audibax.com\/fr\/\",\"logo\":{\"@type\":\"ImageObject\",\"inLanguage\":\"fr-FR\",\"@id\":\"https:\/\/audibax.com\/fr\/#\/schema\/logo\/image\/\",\"url\":\"https:\/\/audibax.com\/wp-content\/uploads\/2023\/09\/logo-Audibax-BLANCO-SVG-1.svg\",\"contentUrl\":\"https:\/\/audibax.com\/wp-content\/uploads\/2023\/09\/logo-Audibax-BLANCO-SVG-1.svg\",\"caption\":\"Audibax\"},\"image\":{\"@id\":\"https:\/\/audibax.com\/fr\/#\/schema\/logo\/image\/\"}}]}<\/script>\n<!-- \/ Yoast SEO plugin. -->","yoast_head_json":{"title":"ACT1 Black - Audibax","robots":{"index":"index","follow":"follow","max-snippet":"max-snippet:-1","max-image-preview":"max-image-preview:large","max-video-preview":"max-video-preview:-1"},"canonical":"https:\/\/audibax.com\/fr\/produit\/act1-black\/","og_locale":"fr_FR","og_type":"article","og_title":"ACT1 Black - Audibax","og_description":"Compatibilit\u00e9 universelle: 1\/4'' TRS, XLR sym\u00e9trique, Phono\/RCA, fiche banane, Speakon, GND, CAT5 et DIN.  Commutateur de s\u00e9lection de connexion \u00e0 8 positions.  Batterie interne pour les tests sans alimentation externe.  Les indicateurs LED confirment la continuit\u00e9 et la connexion de chaque conducteur.  Portabilit\u00e9 et durabilit\u00e9","og_url":"https:\/\/audibax.com\/fr\/produit\/act1-black\/","og_site_name":"Audibax","og_image":[{"width":2500,"height":1767,"url":"https:\/\/audibax.com\/wp-content\/uploads\/2024\/01\/Audibax-ACT1-1-new-jpg.webp","type":"image\/jpeg"}],"twitter_card":"summary_large_image","twitter_misc":{"Dur\u00e9e de lecture estim\u00e9e":"1 minute"},"schema":{"@context":"https:\/\/schema.org","@graph":[{"@type":"WebPage","@id":"https:\/\/audibax.com\/fr\/produit\/act1-black\/","url":"https:\/\/audibax.com\/fr\/produit\/act1-black\/","name":"ACT1 Black - Audibax","isPartOf":{"@id":"https:\/\/audibax.com\/fr\/#website"},"primaryImageOfPage":{"@id":"https:\/\/audibax.com\/fr\/produit\/act1-black\/#primaryimage"},"image":{"@id":"https:\/\/audibax.com\/fr\/produit\/act1-black\/#primaryimage"},"thumbnailUrl":"https:\/\/audibax.com\/wp-content\/uploads\/2024\/01\/Audibax-ACT1-1-new-jpg.webp","datePublished":"2024-01-05T13:52:58+00:00","breadcrumb":{"@id":"https:\/\/audibax.com\/fr\/produit\/act1-black\/#breadcrumb"},"inLanguage":"fr-FR","potentialAction":[{"@type":"ReadAction","target":["https:\/\/audibax.com\/fr\/produit\/act1-black\/"]}]},{"@type":"ImageObject","inLanguage":"fr-FR","@id":"https:\/\/audibax.com\/fr\/produit\/act1-black\/#primaryimage","url":"https:\/\/audibax.com\/wp-content\/uploads\/2024\/01\/Audibax-ACT1-1-new-jpg.webp","contentUrl":"https:\/\/audibax.com\/wp-content\/uploads\/2024\/01\/Audibax-ACT1-1-new-jpg.webp","width":2500,"height":1767},{"@type":"BreadcrumbList","@id":"https:\/\/audibax.com\/fr\/produit\/act1-black\/#breadcrumb","itemListElement":[{"@type":"ListItem","position":1,"name":"Portada","item":"https:\/\/audibax.com\/fr\/"},{"@type":"ListItem","position":2,"name":"Produits","item":"https:\/\/audibax.com\/fr\/shop\/"},{"@type":"ListItem","position":3,"name":"ACT1 Black"}]},{"@type":"WebSite","@id":"https:\/\/audibax.com\/fr\/#website","url":"https:\/\/audibax.com\/fr\/","name":"Audibax","description":"","publisher":{"@id":"https:\/\/audibax.com\/fr\/#organization"},"potentialAction":[{"@type":"SearchAction","target":{"@type":"EntryPoint","urlTemplate":"https:\/\/audibax.com\/fr\/?s={search_term_string}"},"query-input":{"@type":"PropertyValueSpecification","valueRequired":true,"valueName":"search_term_string"}}],"inLanguage":"fr-FR"},{"@type":"Organization","@id":"https:\/\/audibax.com\/fr\/#organization","name":"Audibax","url":"https:\/\/audibax.com\/fr\/","logo":{"@type":"ImageObject","inLanguage":"fr-FR","@id":"https:\/\/audibax.com\/fr\/#\/schema\/logo\/image\/","url":"https:\/\/audibax.com\/wp-content\/uploads\/2023\/09\/logo-Audibax-BLANCO-SVG-1.svg","contentUrl":"https:\/\/audibax.com\/wp-content\/uploads\/2023\/09\/logo-Audibax-BLANCO-SVG-1.svg","caption":"Audibax"},"image":{"@id":"https:\/\/audibax.com\/fr\/#\/schema\/logo\/image\/"}}]}},"_links":{"self":[{"href":"https:\/\/audibax.com\/fr\/wp-json\/wp\/v2\/product\/38249","targetHints":{"allow":["GET"]}}],"collection":[{"href":"https:\/\/audibax.com\/fr\/wp-json\/wp\/v2\/product"}],"about":[{"href":"https:\/\/audibax.com\/fr\/wp-json\/wp\/v2\/types\/product"}],"replies":[{"embeddable":true,"href":"https:\/\/audibax.com\/fr\/wp-json\/wp\/v2\/comments?post=38249"}],"wp:featuredmedia":[{"embeddable":true,"href":"https:\/\/audibax.com\/fr\/wp-json\/wp\/v2\/media\/38220"}],"wp:attachment":[{"href":"https:\/\/audibax.com\/fr\/wp-json\/wp\/v2\/media?parent=38249"}],"wp:term":[{"taxonomy":"product_cat","embeddable":true,"href":"https:\/\/audibax.com\/fr\/wp-json\/wp\/v2\/product_cat?post=38249"},{"taxonomy":"product_tag","embeddable":true,"href":"https:\/\/audibax.com\/fr\/wp-json\/wp\/v2\/product_tag?post=38249"}],"curies":[{"name":"wp","href":"https:\/\/api.w.org\/{rel}","templated":true}]}}