{"id":38213,"date":"2024-01-05T14:17:34","date_gmt":"2024-01-05T13:17:34","guid":{"rendered":"https:\/\/audibax.com\/product\/niza-9-black\/"},"modified":"2024-01-05T14:17:34","modified_gmt":"2024-01-05T13:17:34","slug":"niza-9-black","status":"publish","type":"product","link":"https:\/\/audibax.com\/fr\/produit\/niza-9-black\/","title":{"rendered":"Niza 9 Black"},"content":{"rendered":"<p><strong>Audibax Niza 9 Lumi\u00e8re professionnelle pour pupitre de musique<\/strong><\/p>\n<p>L&rsquo;Audibax Niza 9 est la solution d&rsquo;\u00e9clairage parfaite pour les m\u00e9lomanes \u00e0 la recherche de performances exceptionnelles. Avec 9 LED et deux niveaux de luminosit\u00e9 au choix, un large faisceau pour une vue panoramique et un col de cygne flexible pour un angle parfait, cette lampe est id\u00e9ale pour toutes les occasions. De plus, sa pince, qui permet de la fixer \u00e0 divers endroits, offre jusqu&rsquo;\u00e0 24 heures d&rsquo;autonomie, avec l&rsquo;option d&rsquo;une entr\u00e9e AC\/DC pour plus de commodit\u00e9.<\/p>\n<p><strong>\u00c9clairage puissant:<\/strong> Avec ses 9 LED int\u00e9gr\u00e9es, le Nice 9 offre un \u00e9clairage exceptionnel pour votre partition, votre livre et bien plus encore. De plus, elles sont dot\u00e9es de deux niveaux de luminosit\u00e9 r\u00e9glables pour s&rsquo;adapter \u00e0 vos pr\u00e9f\u00e9rences et \u00e0 vos besoins en mati\u00e8re d&rsquo;\u00e9clairage.<\/p>\n<p><strong>Large couverture lumineuse:<\/strong> Profitez d&rsquo;une vue panoramique gr\u00e2ce aux lumi\u00e8res qui \u00e9mettent de la lumi\u00e8re. Finies les pages sombres et les notes manqu\u00e9es: La lumi\u00e8re s&rsquo;\u00e9tend pour couvrir enti\u00e8rement vos partitions.<\/p>\n<p><strong>Col de cygne flexible:<\/strong> Le col de cygne flexible vous permet d&rsquo;ajuster la direction et l&rsquo;angle de la lumi\u00e8re avec pr\u00e9cision, pour une vue optimale dans toutes les situations.<\/p>\n<p><strong>Grandes attaches stables:<\/strong> Les grandes attaches stables se fixent solidement sur une grande vari\u00e9t\u00e9 de surfaces, des pupitres aux bureaux, ce qui vous permet de les placer l\u00e0 o\u00f9 vous en avez besoin.<\/p>\n<p><strong>Longue dur\u00e9e de vie de la batterie:<\/strong> Avec une dur\u00e9e de vie de la batterie allant jusqu&rsquo;\u00e0 24 heures \u00e0 pleine puissance, ces lampes vous accompagneront pendant les longues s\u00e9ances d&rsquo;entra\u00eenement et les repr\u00e9sentations. Vous pouvez \u00e9galement choisir d&rsquo;utiliser une alimentation AC\/DC si vous pr\u00e9f\u00e9rez ne pas utiliser de piles.<\/p>\n","protected":false},"excerpt":{"rendered":"<ul>\n<li>2 niveaux d&rsquo;intensit\u00e9<\/li>\n<li>Col de cygne flexible pour une meilleure vision<\/li>\n<li>24 heures d&rsquo;autonomie &#8211; Piles NON incluses<\/li>\n<li>9 LEDs<\/li>\n<li>Alimentation AC\/DC<\/li>\n<li>Dimensions: H42 x L21,5<\/li>\n<li>Poids: 0,25 Kg<\/li>\n<\/ul>\n","protected":false},"featured_media":38122,"comment_status":"open","ping_status":"closed","template":"","meta":{"_acf_changed":false},"product_cat":[622,620],"product_tag":[],"class_list":{"0":"post-38213","1":"product","2":"type-product","3":"status-publish","4":"has-post-thumbnail","6":"product_cat-accessoires-fr","7":"product_cat-lampes-de-pupitre","9":"first","10":"instock","11":"shipping-taxable","12":"product-type-simple"},"acf":[],"yoast_head":"<!-- This site is optimized with the Yoast SEO plugin v27.0 - https:\/\/yoast.com\/product\/yoast-seo-wordpress\/ -->\n<title>Niza 9 Black - Audibax<\/title>\n<meta name=\"robots\" content=\"index, follow, max-snippet:-1, max-image-preview:large, max-video-preview:-1\" \/>\n<link rel=\"canonical\" href=\"https:\/\/audibax.com\/fr\/produit\/niza-9-black\/\" \/>\n<meta property=\"og:locale\" content=\"fr_FR\" \/>\n<meta property=\"og:type\" content=\"article\" \/>\n<meta property=\"og:title\" content=\"Niza 9 Black - Audibax\" \/>\n<meta property=\"og:description\" content=\"2 niveaux d&#039;intensit\u00e9  Col de cygne flexible pour une meilleure vision  24 heures d&#039;autonomie - Piles NON incluses  9 LEDs  Alimentation AC\/DC  Dimensions: H42 x L21,5  Poids: 0,25 Kg\" \/>\n<meta property=\"og:url\" content=\"https:\/\/audibax.com\/fr\/produit\/niza-9-black\/\" \/>\n<meta property=\"og:site_name\" content=\"Audibax\" \/>\n<meta property=\"og:image\" content=\"https:\/\/audibax.com\/wp-content\/uploads\/2024\/01\/Audibax-Niza-9-1-new-jpg.webp\" \/>\n\t<meta property=\"og:image:width\" content=\"2500\" \/>\n\t<meta property=\"og:image:height\" content=\"1767\" \/>\n\t<meta property=\"og:image:type\" content=\"image\/jpeg\" \/>\n<meta name=\"twitter:card\" content=\"summary_large_image\" \/>\n<meta name=\"twitter:label1\" content=\"Dur\u00e9e de lecture estim\u00e9e\" \/>\n\t<meta name=\"twitter:data1\" content=\"1 minute\" \/>\n<script type=\"application\/ld+json\" class=\"yoast-schema-graph\">{\"@context\":\"https:\/\/schema.org\",\"@graph\":[{\"@type\":\"WebPage\",\"@id\":\"https:\/\/audibax.com\/fr\/produit\/niza-9-black\/\",\"url\":\"https:\/\/audibax.com\/fr\/produit\/niza-9-black\/\",\"name\":\"Niza 9 Black - Audibax\",\"isPartOf\":{\"@id\":\"https:\/\/audibax.com\/fr\/#website\"},\"primaryImageOfPage\":{\"@id\":\"https:\/\/audibax.com\/fr\/produit\/niza-9-black\/#primaryimage\"},\"image\":{\"@id\":\"https:\/\/audibax.com\/fr\/produit\/niza-9-black\/#primaryimage\"},\"thumbnailUrl\":\"https:\/\/audibax.com\/wp-content\/uploads\/2024\/01\/Audibax-Niza-9-1-new-jpg.webp\",\"datePublished\":\"2024-01-05T13:17:34+00:00\",\"breadcrumb\":{\"@id\":\"https:\/\/audibax.com\/fr\/produit\/niza-9-black\/#breadcrumb\"},\"inLanguage\":\"fr-FR\",\"potentialAction\":[{\"@type\":\"ReadAction\",\"target\":[\"https:\/\/audibax.com\/fr\/produit\/niza-9-black\/\"]}]},{\"@type\":\"ImageObject\",\"inLanguage\":\"fr-FR\",\"@id\":\"https:\/\/audibax.com\/fr\/produit\/niza-9-black\/#primaryimage\",\"url\":\"https:\/\/audibax.com\/wp-content\/uploads\/2024\/01\/Audibax-Niza-9-1-new-jpg.webp\",\"contentUrl\":\"https:\/\/audibax.com\/wp-content\/uploads\/2024\/01\/Audibax-Niza-9-1-new-jpg.webp\",\"width\":2500,\"height\":1767},{\"@type\":\"BreadcrumbList\",\"@id\":\"https:\/\/audibax.com\/fr\/produit\/niza-9-black\/#breadcrumb\",\"itemListElement\":[{\"@type\":\"ListItem\",\"position\":1,\"name\":\"Portada\",\"item\":\"https:\/\/audibax.com\/fr\/\"},{\"@type\":\"ListItem\",\"position\":2,\"name\":\"Produits\",\"item\":\"https:\/\/audibax.com\/fr\/shop\/\"},{\"@type\":\"ListItem\",\"position\":3,\"name\":\"Niza 9 Black\"}]},{\"@type\":\"WebSite\",\"@id\":\"https:\/\/audibax.com\/fr\/#website\",\"url\":\"https:\/\/audibax.com\/fr\/\",\"name\":\"Audibax\",\"description\":\"\",\"publisher\":{\"@id\":\"https:\/\/audibax.com\/fr\/#organization\"},\"potentialAction\":[{\"@type\":\"SearchAction\",\"target\":{\"@type\":\"EntryPoint\",\"urlTemplate\":\"https:\/\/audibax.com\/fr\/?s={search_term_string}\"},\"query-input\":{\"@type\":\"PropertyValueSpecification\",\"valueRequired\":true,\"valueName\":\"search_term_string\"}}],\"inLanguage\":\"fr-FR\"},{\"@type\":\"Organization\",\"@id\":\"https:\/\/audibax.com\/fr\/#organization\",\"name\":\"Audibax\",\"url\":\"https:\/\/audibax.com\/fr\/\",\"logo\":{\"@type\":\"ImageObject\",\"inLanguage\":\"fr-FR\",\"@id\":\"https:\/\/audibax.com\/fr\/#\/schema\/logo\/image\/\",\"url\":\"https:\/\/audibax.com\/wp-content\/uploads\/2023\/09\/logo-Audibax-BLANCO-SVG-1.svg\",\"contentUrl\":\"https:\/\/audibax.com\/wp-content\/uploads\/2023\/09\/logo-Audibax-BLANCO-SVG-1.svg\",\"caption\":\"Audibax\"},\"image\":{\"@id\":\"https:\/\/audibax.com\/fr\/#\/schema\/logo\/image\/\"}}]}<\/script>\n<!-- \/ Yoast SEO plugin. -->","yoast_head_json":{"title":"Niza 9 Black - Audibax","robots":{"index":"index","follow":"follow","max-snippet":"max-snippet:-1","max-image-preview":"max-image-preview:large","max-video-preview":"max-video-preview:-1"},"canonical":"https:\/\/audibax.com\/fr\/produit\/niza-9-black\/","og_locale":"fr_FR","og_type":"article","og_title":"Niza 9 Black - Audibax","og_description":"2 niveaux d'intensit\u00e9  Col de cygne flexible pour une meilleure vision  24 heures d'autonomie - Piles NON incluses  9 LEDs  Alimentation AC\/DC  Dimensions: H42 x L21,5  Poids: 0,25 Kg","og_url":"https:\/\/audibax.com\/fr\/produit\/niza-9-black\/","og_site_name":"Audibax","og_image":[{"width":2500,"height":1767,"url":"https:\/\/audibax.com\/wp-content\/uploads\/2024\/01\/Audibax-Niza-9-1-new-jpg.webp","type":"image\/jpeg"}],"twitter_card":"summary_large_image","twitter_misc":{"Dur\u00e9e de lecture estim\u00e9e":"1 minute"},"schema":{"@context":"https:\/\/schema.org","@graph":[{"@type":"WebPage","@id":"https:\/\/audibax.com\/fr\/produit\/niza-9-black\/","url":"https:\/\/audibax.com\/fr\/produit\/niza-9-black\/","name":"Niza 9 Black - Audibax","isPartOf":{"@id":"https:\/\/audibax.com\/fr\/#website"},"primaryImageOfPage":{"@id":"https:\/\/audibax.com\/fr\/produit\/niza-9-black\/#primaryimage"},"image":{"@id":"https:\/\/audibax.com\/fr\/produit\/niza-9-black\/#primaryimage"},"thumbnailUrl":"https:\/\/audibax.com\/wp-content\/uploads\/2024\/01\/Audibax-Niza-9-1-new-jpg.webp","datePublished":"2024-01-05T13:17:34+00:00","breadcrumb":{"@id":"https:\/\/audibax.com\/fr\/produit\/niza-9-black\/#breadcrumb"},"inLanguage":"fr-FR","potentialAction":[{"@type":"ReadAction","target":["https:\/\/audibax.com\/fr\/produit\/niza-9-black\/"]}]},{"@type":"ImageObject","inLanguage":"fr-FR","@id":"https:\/\/audibax.com\/fr\/produit\/niza-9-black\/#primaryimage","url":"https:\/\/audibax.com\/wp-content\/uploads\/2024\/01\/Audibax-Niza-9-1-new-jpg.webp","contentUrl":"https:\/\/audibax.com\/wp-content\/uploads\/2024\/01\/Audibax-Niza-9-1-new-jpg.webp","width":2500,"height":1767},{"@type":"BreadcrumbList","@id":"https:\/\/audibax.com\/fr\/produit\/niza-9-black\/#breadcrumb","itemListElement":[{"@type":"ListItem","position":1,"name":"Portada","item":"https:\/\/audibax.com\/fr\/"},{"@type":"ListItem","position":2,"name":"Produits","item":"https:\/\/audibax.com\/fr\/shop\/"},{"@type":"ListItem","position":3,"name":"Niza 9 Black"}]},{"@type":"WebSite","@id":"https:\/\/audibax.com\/fr\/#website","url":"https:\/\/audibax.com\/fr\/","name":"Audibax","description":"","publisher":{"@id":"https:\/\/audibax.com\/fr\/#organization"},"potentialAction":[{"@type":"SearchAction","target":{"@type":"EntryPoint","urlTemplate":"https:\/\/audibax.com\/fr\/?s={search_term_string}"},"query-input":{"@type":"PropertyValueSpecification","valueRequired":true,"valueName":"search_term_string"}}],"inLanguage":"fr-FR"},{"@type":"Organization","@id":"https:\/\/audibax.com\/fr\/#organization","name":"Audibax","url":"https:\/\/audibax.com\/fr\/","logo":{"@type":"ImageObject","inLanguage":"fr-FR","@id":"https:\/\/audibax.com\/fr\/#\/schema\/logo\/image\/","url":"https:\/\/audibax.com\/wp-content\/uploads\/2023\/09\/logo-Audibax-BLANCO-SVG-1.svg","contentUrl":"https:\/\/audibax.com\/wp-content\/uploads\/2023\/09\/logo-Audibax-BLANCO-SVG-1.svg","caption":"Audibax"},"image":{"@id":"https:\/\/audibax.com\/fr\/#\/schema\/logo\/image\/"}}]}},"_links":{"self":[{"href":"https:\/\/audibax.com\/fr\/wp-json\/wp\/v2\/product\/38213","targetHints":{"allow":["GET"]}}],"collection":[{"href":"https:\/\/audibax.com\/fr\/wp-json\/wp\/v2\/product"}],"about":[{"href":"https:\/\/audibax.com\/fr\/wp-json\/wp\/v2\/types\/product"}],"replies":[{"embeddable":true,"href":"https:\/\/audibax.com\/fr\/wp-json\/wp\/v2\/comments?post=38213"}],"wp:featuredmedia":[{"embeddable":true,"href":"https:\/\/audibax.com\/fr\/wp-json\/wp\/v2\/media\/38122"}],"wp:attachment":[{"href":"https:\/\/audibax.com\/fr\/wp-json\/wp\/v2\/media?parent=38213"}],"wp:term":[{"taxonomy":"product_cat","embeddable":true,"href":"https:\/\/audibax.com\/fr\/wp-json\/wp\/v2\/product_cat?post=38213"},{"taxonomy":"product_tag","embeddable":true,"href":"https:\/\/audibax.com\/fr\/wp-json\/wp\/v2\/product_tag?post=38213"}],"curies":[{"name":"wp","href":"https:\/\/api.w.org\/{rel}","templated":true}]}}