{"id":38209,"date":"2024-01-05T13:21:55","date_gmt":"2024-01-05T12:21:55","guid":{"rendered":"https:\/\/audibax.com\/product\/niza-4-black\/"},"modified":"2024-01-05T13:21:55","modified_gmt":"2024-01-05T12:21:55","slug":"niza-4-black","status":"publish","type":"product","link":"https:\/\/audibax.com\/fr\/produit\/niza-4-black\/","title":{"rendered":"Niza 4 Black"},"content":{"rendered":"<p>La lampe Niza 4 est le choix id\u00e9al pour tout artiste ou m\u00e9lomane qui souhaite une solution d&rsquo;\u00e9clairage \u00e9conomique et polyvalente. Avec deux lampes sur chaque col de cygne, des interrupteurs individuels et la possibilit\u00e9 de les alimenter avec des piles AAA ou un adaptateur AC\/DC, cette lampe offre un \u00e9clairage parfait pour vos partitions, vos livres et bien plus encore.<\/p>\n<p><strong>Double \u00e9clairage:<\/strong> Chaque projecteur est dot\u00e9 de deux LED, ce qui permet d&rsquo;obtenir un \u00e9clairage optimal et uniforme pour votre musique, o\u00f9 que vous soyez.<\/p>\n<p><strong>Interrupteurs individuels:<\/strong> R\u00e9glez l&rsquo;intensit\u00e9 de la lumi\u00e8re selon vos pr\u00e9f\u00e9rences gr\u00e2ce aux interrupteurs individuels situ\u00e9s sur chaque projecteur. Que vous ayez besoin d&rsquo;une lumi\u00e8re douce ou d&rsquo;un \u00e9clairage intense, ces projecteurs sont faits pour vous.<\/p>\n<p><strong>Options d&rsquo;alimentation polyvalentes:<\/strong> Vous \u00eates un musicien itin\u00e9rant Utilisez trois piles AAA pour une portabilit\u00e9 in\u00e9gal\u00e9e. Vous pr\u00e9f\u00e9rez une source d&rsquo;alimentation continue? Branchez l&rsquo;adaptateur AC\/DC et oubliez les pannes de courant au milieu de votre performance.<\/p>\n<p><strong>Cols de cygne flexibles:<\/strong> Les cols de cygne flexibles vous permettent de diriger la lumi\u00e8re avec pr\u00e9cision, sans \u00e9blouir votre public. Ajustez les cols de cygne pour obtenir l&rsquo;angle et la couverture parfaits.<\/p>\n<p><strong>Clip large et stable:<\/strong> Le clip du projecteur Niza 4 se fixe solidement \u00e0 une grande vari\u00e9t\u00e9 de surfaces, des pupitres aux bureaux, ce qui vous permet de le placer l\u00e0 o\u00f9 vous le souhaitez sans souci.<\/p>\n<p><strong>Conception compacte et durable:<\/strong> La lampe Niza 4 a \u00e9t\u00e9 con\u00e7ue pour \u00eatre robuste, parfaite pour les musiciens en tourn\u00e9e ou les sessions en studio. Sa construction durable garantit une longue dur\u00e9e de vie.<\/p>\n<p>&nbsp;<\/p>\n","protected":false},"excerpt":{"rendered":"<ul>\n<li>Double \u00e9clairage<\/li>\n<li>Boutons individuels<\/li>\n<li>Options d&rsquo;alimentation polyvalentes<\/li>\n<li>Col de cygne flexible<\/li>\n<li>Grand clip stable<\/li>\n<li>Conception compacte et durable<\/li>\n<li>Dimensions: H30cm x A4,5cm<\/li>\n<li>Poids: 0,135 Kg<\/li>\n<\/ul>\n","protected":false},"featured_media":38158,"comment_status":"open","ping_status":"closed","template":"","meta":{"_acf_changed":false},"product_cat":[622,620],"product_tag":[],"class_list":{"0":"post-38209","1":"product","2":"type-product","3":"status-publish","4":"has-post-thumbnail","6":"product_cat-accessoires-fr","7":"product_cat-lampes-de-pupitre","9":"first","10":"instock","11":"shipping-taxable","12":"product-type-simple"},"acf":[],"yoast_head":"<!-- This site is optimized with the Yoast SEO plugin v27.0 - https:\/\/yoast.com\/product\/yoast-seo-wordpress\/ -->\n<title>Niza 4 Black - Audibax<\/title>\n<meta name=\"robots\" content=\"index, follow, max-snippet:-1, max-image-preview:large, max-video-preview:-1\" \/>\n<link rel=\"canonical\" href=\"https:\/\/audibax.com\/fr\/produit\/niza-4-black\/\" \/>\n<meta property=\"og:locale\" content=\"fr_FR\" \/>\n<meta property=\"og:type\" content=\"article\" \/>\n<meta property=\"og:title\" content=\"Niza 4 Black - Audibax\" \/>\n<meta property=\"og:description\" content=\"Double \u00e9clairage  Boutons individuels  Options d&#039;alimentation polyvalentes  Col de cygne flexible  Grand clip stable  Conception compacte et durable  Dimensions: H30cm x A4,5cm  Poids: 0,135 Kg\" \/>\n<meta property=\"og:url\" content=\"https:\/\/audibax.com\/fr\/produit\/niza-4-black\/\" \/>\n<meta property=\"og:site_name\" content=\"Audibax\" \/>\n<meta property=\"og:image\" content=\"https:\/\/audibax.com\/wp-content\/uploads\/2024\/01\/Audibax-Niza-4-1-new-jpg.webp\" \/>\n\t<meta property=\"og:image:width\" content=\"2500\" \/>\n\t<meta property=\"og:image:height\" content=\"1767\" \/>\n\t<meta property=\"og:image:type\" content=\"image\/jpeg\" \/>\n<meta name=\"twitter:card\" content=\"summary_large_image\" \/>\n<meta name=\"twitter:label1\" content=\"Dur\u00e9e de lecture estim\u00e9e\" \/>\n\t<meta name=\"twitter:data1\" content=\"1 minute\" \/>\n<script type=\"application\/ld+json\" class=\"yoast-schema-graph\">{\"@context\":\"https:\/\/schema.org\",\"@graph\":[{\"@type\":\"WebPage\",\"@id\":\"https:\/\/audibax.com\/fr\/produit\/niza-4-black\/\",\"url\":\"https:\/\/audibax.com\/fr\/produit\/niza-4-black\/\",\"name\":\"Niza 4 Black - Audibax\",\"isPartOf\":{\"@id\":\"https:\/\/audibax.com\/fr\/#website\"},\"primaryImageOfPage\":{\"@id\":\"https:\/\/audibax.com\/fr\/produit\/niza-4-black\/#primaryimage\"},\"image\":{\"@id\":\"https:\/\/audibax.com\/fr\/produit\/niza-4-black\/#primaryimage\"},\"thumbnailUrl\":\"https:\/\/audibax.com\/wp-content\/uploads\/2024\/01\/Audibax-Niza-4-1-new-jpg.webp\",\"datePublished\":\"2024-01-05T12:21:55+00:00\",\"breadcrumb\":{\"@id\":\"https:\/\/audibax.com\/fr\/produit\/niza-4-black\/#breadcrumb\"},\"inLanguage\":\"fr-FR\",\"potentialAction\":[{\"@type\":\"ReadAction\",\"target\":[\"https:\/\/audibax.com\/fr\/produit\/niza-4-black\/\"]}]},{\"@type\":\"ImageObject\",\"inLanguage\":\"fr-FR\",\"@id\":\"https:\/\/audibax.com\/fr\/produit\/niza-4-black\/#primaryimage\",\"url\":\"https:\/\/audibax.com\/wp-content\/uploads\/2024\/01\/Audibax-Niza-4-1-new-jpg.webp\",\"contentUrl\":\"https:\/\/audibax.com\/wp-content\/uploads\/2024\/01\/Audibax-Niza-4-1-new-jpg.webp\",\"width\":2500,\"height\":1767},{\"@type\":\"BreadcrumbList\",\"@id\":\"https:\/\/audibax.com\/fr\/produit\/niza-4-black\/#breadcrumb\",\"itemListElement\":[{\"@type\":\"ListItem\",\"position\":1,\"name\":\"Portada\",\"item\":\"https:\/\/audibax.com\/fr\/\"},{\"@type\":\"ListItem\",\"position\":2,\"name\":\"Produits\",\"item\":\"https:\/\/audibax.com\/fr\/shop\/\"},{\"@type\":\"ListItem\",\"position\":3,\"name\":\"Niza 4 Black\"}]},{\"@type\":\"WebSite\",\"@id\":\"https:\/\/audibax.com\/fr\/#website\",\"url\":\"https:\/\/audibax.com\/fr\/\",\"name\":\"Audibax\",\"description\":\"\",\"publisher\":{\"@id\":\"https:\/\/audibax.com\/fr\/#organization\"},\"potentialAction\":[{\"@type\":\"SearchAction\",\"target\":{\"@type\":\"EntryPoint\",\"urlTemplate\":\"https:\/\/audibax.com\/fr\/?s={search_term_string}\"},\"query-input\":{\"@type\":\"PropertyValueSpecification\",\"valueRequired\":true,\"valueName\":\"search_term_string\"}}],\"inLanguage\":\"fr-FR\"},{\"@type\":\"Organization\",\"@id\":\"https:\/\/audibax.com\/fr\/#organization\",\"name\":\"Audibax\",\"url\":\"https:\/\/audibax.com\/fr\/\",\"logo\":{\"@type\":\"ImageObject\",\"inLanguage\":\"fr-FR\",\"@id\":\"https:\/\/audibax.com\/fr\/#\/schema\/logo\/image\/\",\"url\":\"https:\/\/audibax.com\/wp-content\/uploads\/2023\/09\/logo-Audibax-BLANCO-SVG-1.svg\",\"contentUrl\":\"https:\/\/audibax.com\/wp-content\/uploads\/2023\/09\/logo-Audibax-BLANCO-SVG-1.svg\",\"caption\":\"Audibax\"},\"image\":{\"@id\":\"https:\/\/audibax.com\/fr\/#\/schema\/logo\/image\/\"}}]}<\/script>\n<!-- \/ Yoast SEO plugin. -->","yoast_head_json":{"title":"Niza 4 Black - Audibax","robots":{"index":"index","follow":"follow","max-snippet":"max-snippet:-1","max-image-preview":"max-image-preview:large","max-video-preview":"max-video-preview:-1"},"canonical":"https:\/\/audibax.com\/fr\/produit\/niza-4-black\/","og_locale":"fr_FR","og_type":"article","og_title":"Niza 4 Black - Audibax","og_description":"Double \u00e9clairage  Boutons individuels  Options d'alimentation polyvalentes  Col de cygne flexible  Grand clip stable  Conception compacte et durable  Dimensions: H30cm x A4,5cm  Poids: 0,135 Kg","og_url":"https:\/\/audibax.com\/fr\/produit\/niza-4-black\/","og_site_name":"Audibax","og_image":[{"width":2500,"height":1767,"url":"https:\/\/audibax.com\/wp-content\/uploads\/2024\/01\/Audibax-Niza-4-1-new-jpg.webp","type":"image\/jpeg"}],"twitter_card":"summary_large_image","twitter_misc":{"Dur\u00e9e de lecture estim\u00e9e":"1 minute"},"schema":{"@context":"https:\/\/schema.org","@graph":[{"@type":"WebPage","@id":"https:\/\/audibax.com\/fr\/produit\/niza-4-black\/","url":"https:\/\/audibax.com\/fr\/produit\/niza-4-black\/","name":"Niza 4 Black - Audibax","isPartOf":{"@id":"https:\/\/audibax.com\/fr\/#website"},"primaryImageOfPage":{"@id":"https:\/\/audibax.com\/fr\/produit\/niza-4-black\/#primaryimage"},"image":{"@id":"https:\/\/audibax.com\/fr\/produit\/niza-4-black\/#primaryimage"},"thumbnailUrl":"https:\/\/audibax.com\/wp-content\/uploads\/2024\/01\/Audibax-Niza-4-1-new-jpg.webp","datePublished":"2024-01-05T12:21:55+00:00","breadcrumb":{"@id":"https:\/\/audibax.com\/fr\/produit\/niza-4-black\/#breadcrumb"},"inLanguage":"fr-FR","potentialAction":[{"@type":"ReadAction","target":["https:\/\/audibax.com\/fr\/produit\/niza-4-black\/"]}]},{"@type":"ImageObject","inLanguage":"fr-FR","@id":"https:\/\/audibax.com\/fr\/produit\/niza-4-black\/#primaryimage","url":"https:\/\/audibax.com\/wp-content\/uploads\/2024\/01\/Audibax-Niza-4-1-new-jpg.webp","contentUrl":"https:\/\/audibax.com\/wp-content\/uploads\/2024\/01\/Audibax-Niza-4-1-new-jpg.webp","width":2500,"height":1767},{"@type":"BreadcrumbList","@id":"https:\/\/audibax.com\/fr\/produit\/niza-4-black\/#breadcrumb","itemListElement":[{"@type":"ListItem","position":1,"name":"Portada","item":"https:\/\/audibax.com\/fr\/"},{"@type":"ListItem","position":2,"name":"Produits","item":"https:\/\/audibax.com\/fr\/shop\/"},{"@type":"ListItem","position":3,"name":"Niza 4 Black"}]},{"@type":"WebSite","@id":"https:\/\/audibax.com\/fr\/#website","url":"https:\/\/audibax.com\/fr\/","name":"Audibax","description":"","publisher":{"@id":"https:\/\/audibax.com\/fr\/#organization"},"potentialAction":[{"@type":"SearchAction","target":{"@type":"EntryPoint","urlTemplate":"https:\/\/audibax.com\/fr\/?s={search_term_string}"},"query-input":{"@type":"PropertyValueSpecification","valueRequired":true,"valueName":"search_term_string"}}],"inLanguage":"fr-FR"},{"@type":"Organization","@id":"https:\/\/audibax.com\/fr\/#organization","name":"Audibax","url":"https:\/\/audibax.com\/fr\/","logo":{"@type":"ImageObject","inLanguage":"fr-FR","@id":"https:\/\/audibax.com\/fr\/#\/schema\/logo\/image\/","url":"https:\/\/audibax.com\/wp-content\/uploads\/2023\/09\/logo-Audibax-BLANCO-SVG-1.svg","contentUrl":"https:\/\/audibax.com\/wp-content\/uploads\/2023\/09\/logo-Audibax-BLANCO-SVG-1.svg","caption":"Audibax"},"image":{"@id":"https:\/\/audibax.com\/fr\/#\/schema\/logo\/image\/"}}]}},"_links":{"self":[{"href":"https:\/\/audibax.com\/fr\/wp-json\/wp\/v2\/product\/38209","targetHints":{"allow":["GET"]}}],"collection":[{"href":"https:\/\/audibax.com\/fr\/wp-json\/wp\/v2\/product"}],"about":[{"href":"https:\/\/audibax.com\/fr\/wp-json\/wp\/v2\/types\/product"}],"replies":[{"embeddable":true,"href":"https:\/\/audibax.com\/fr\/wp-json\/wp\/v2\/comments?post=38209"}],"wp:featuredmedia":[{"embeddable":true,"href":"https:\/\/audibax.com\/fr\/wp-json\/wp\/v2\/media\/38158"}],"wp:attachment":[{"href":"https:\/\/audibax.com\/fr\/wp-json\/wp\/v2\/media?parent=38209"}],"wp:term":[{"taxonomy":"product_cat","embeddable":true,"href":"https:\/\/audibax.com\/fr\/wp-json\/wp\/v2\/product_cat?post=38209"},{"taxonomy":"product_tag","embeddable":true,"href":"https:\/\/audibax.com\/fr\/wp-json\/wp\/v2\/product_tag?post=38209"}],"curies":[{"name":"wp","href":"https:\/\/api.w.org\/{rel}","templated":true}]}}