{"id":38183,"date":"2024-01-05T09:11:25","date_gmt":"2024-01-05T08:11:25","guid":{"rendered":"https:\/\/audibax.com\/product\/spark-600-double-black-2\/"},"modified":"2024-01-05T13:18:13","modified_gmt":"2024-01-05T12:18:13","slug":"spark-600-double-black-2","status":"publish","type":"product","link":"https:\/\/audibax.com\/fr\/produit\/spark-600-double-black-2\/","title":{"rendered":"Spark 600 Double Black"},"content":{"rendered":"<\/p>\n<p><strong>Audibax Spark 600 Cold Fire \/ Spark Machine 2 Units + Double Flightcase<\/strong><\/p>\n<ul>\n<li>Le <strong>Audibax Spark 600&nbsp;\n<ul>\n<li>Audibax Spark 600&nbsp;<ul<strong>Audibax Spark 600<\/strong> est un m&aacute;qiuna \u00e0 feu froid qui g\u00e9n\u00e8re des \u00e9tincelles pouvant atteindre 2 \u00e0 4 m\u00e8tres de hauteur, vous permettant de donner \u00e0 vos \u00e9v\u00e9nements et spectacles un aspect compl\u00e8tement diff\u00e9rent.<\/li>\n<li>Notre machine \u00e0 \u00e9tincelles&nbsp;<strong>Spark 600&nbsp;<\/strong>est \u00e9quip\u00e9e d&rsquo;un r\u00e9servoir de 200g et a une dur\u00e9e d&rsquo;impulsion continue allant jusqu&rsquo;\u00e0 20 secondes. Le multi-shot peut atteindre jusqu&rsquo;\u00e0 20 minutes en fonction de la charge de consommables.<\/li>\n<li>Elle fonctionne avec une commande sans fil, DMX ou manuelle ; elle n&rsquo;utilise pas de carte de d\u00e9verrouillage et n&rsquo;a pas de limite de temps.<\/li>\n<li>Il peut \u00eatre utilis\u00e9 aussi bien \u00e0 l&rsquo;ext\u00e9rieur qu&rsquo;\u00e0 l&rsquo;int\u00e9rieur, et le consommable peut \u00eatre facilement aliment\u00e9 et retir\u00e9 pour faciliter le transport.<\/li>\n<\/ul>\n<p><strong>Sp\u00e9cifications<\/strong><\/p>\n<ul>\n<li>2 x Spark 600 + 1 x Double Flightcase<\/li>\n<li>Alimentation \u00e9lectrique : 220-240V 50\/60Hz<\/li>\n<li>Puissance : 500W&nbsp;<\/li>\n<li>Hauteur : \u00e9tincelles 2\/4 m\u00e8tres de hauteur<\/li>\n<li>Hauteur de la source : 2 \u00e0 5 m\u00e8tres<\/li>\n<li>Capacit\u00e9 du r\u00e9servoir : 100g<\/li>\n<li>Dur\u00e9e maximale en continu : 20s (100% de la sortie)<\/li>\n<li>CanauxDMX : 2 canaux<\/li>\n<li>Modes de contr\u00f4le : N&rsquo;utilise pas de carte de d\u00e9verrouillage<\/li>\n<li>Consommable, facile \u00e0 approvisionner et \u00e0 d\u00e9loger pour le transport<\/li>\n<li>Couleur : Noir<\/li>\n<li>Dimensions : 200 x 270 x 200 mm<\/li>\n<li>Poids : 5Kg&nbsp;<\/li>\n<\/ul>\n<\/ul>\n","protected":false},"excerpt":{"rendered":"<p>Audibax Spark 600 Cold Fire \/ Spark Machine 2 Units + Double Flightcase Le Audibax Spark 600&nbsp; Audibax Spark 600&nbsp;<\/p>\n","protected":false},"featured_media":18657,"comment_status":"open","ping_status":"closed","template":"","meta":{"_acf_changed":false},"product_cat":[349,357],"product_tag":[],"class_list":{"0":"post-38183","1":"product","2":"type-product","3":"status-publish","4":"has-post-thumbnail","6":"product_cat-eclairage","7":"product_cat-effets-de-la-machine","9":"first","10":"instock","11":"shipping-taxable","12":"product-type-simple"},"acf":[],"yoast_head":"<!-- This site is optimized with the Yoast SEO plugin v27.0 - https:\/\/yoast.com\/product\/yoast-seo-wordpress\/ -->\n<title>Spark 600 Double Black - Audibax<\/title>\n<meta name=\"robots\" content=\"index, follow, max-snippet:-1, max-image-preview:large, max-video-preview:-1\" \/>\n<link rel=\"canonical\" href=\"https:\/\/audibax.com\/fr\/produit\/spark-600-double-black-2\/\" \/>\n<meta property=\"og:locale\" content=\"fr_FR\" \/>\n<meta property=\"og:type\" content=\"article\" \/>\n<meta property=\"og:title\" content=\"Spark 600 Double Black - Audibax\" \/>\n<meta property=\"og:description\" content=\"Audibax Spark 600 Cold Fire \/ Spark Machine 2 Units + Double Flightcase Le Audibax Spark 600&nbsp; Audibax Spark 600&nbsp;\" \/>\n<meta property=\"og:url\" content=\"https:\/\/audibax.com\/fr\/produit\/spark-600-double-black-2\/\" \/>\n<meta property=\"og:site_name\" content=\"Audibax\" \/>\n<meta property=\"article:modified_time\" content=\"2024-01-05T12:18:13+00:00\" \/>\n<meta property=\"og:image\" content=\"https:\/\/audibax.com\/wp-content\/uploads\/2023\/12\/Spark-600-FC-conjunto.jpg\" \/>\n\t<meta property=\"og:image:width\" content=\"1000\" \/>\n\t<meta property=\"og:image:height\" content=\"500\" \/>\n\t<meta property=\"og:image:type\" content=\"image\/jpeg\" \/>\n<meta name=\"twitter:card\" content=\"summary_large_image\" \/>\n<script type=\"application\/ld+json\" class=\"yoast-schema-graph\">{\"@context\":\"https:\/\/schema.org\",\"@graph\":[{\"@type\":\"WebPage\",\"@id\":\"https:\/\/audibax.com\/fr\/produit\/spark-600-double-black-2\/\",\"url\":\"https:\/\/audibax.com\/fr\/produit\/spark-600-double-black-2\/\",\"name\":\"Spark 600 Double Black - Audibax\",\"isPartOf\":{\"@id\":\"https:\/\/audibax.com\/fr\/#website\"},\"primaryImageOfPage\":{\"@id\":\"https:\/\/audibax.com\/fr\/produit\/spark-600-double-black-2\/#primaryimage\"},\"image\":{\"@id\":\"https:\/\/audibax.com\/fr\/produit\/spark-600-double-black-2\/#primaryimage\"},\"thumbnailUrl\":\"https:\/\/audibax.com\/wp-content\/uploads\/2023\/12\/Spark-600-FC-conjunto.jpg\",\"datePublished\":\"2024-01-05T08:11:25+00:00\",\"dateModified\":\"2024-01-05T12:18:13+00:00\",\"breadcrumb\":{\"@id\":\"https:\/\/audibax.com\/fr\/produit\/spark-600-double-black-2\/#breadcrumb\"},\"inLanguage\":\"fr-FR\",\"potentialAction\":[{\"@type\":\"ReadAction\",\"target\":[\"https:\/\/audibax.com\/fr\/produit\/spark-600-double-black-2\/\"]}]},{\"@type\":\"ImageObject\",\"inLanguage\":\"fr-FR\",\"@id\":\"https:\/\/audibax.com\/fr\/produit\/spark-600-double-black-2\/#primaryimage\",\"url\":\"https:\/\/audibax.com\/wp-content\/uploads\/2023\/12\/Spark-600-FC-conjunto.jpg\",\"contentUrl\":\"https:\/\/audibax.com\/wp-content\/uploads\/2023\/12\/Spark-600-FC-conjunto.jpg\",\"width\":1000,\"height\":500},{\"@type\":\"BreadcrumbList\",\"@id\":\"https:\/\/audibax.com\/fr\/produit\/spark-600-double-black-2\/#breadcrumb\",\"itemListElement\":[{\"@type\":\"ListItem\",\"position\":1,\"name\":\"Portada\",\"item\":\"https:\/\/audibax.com\/fr\/\"},{\"@type\":\"ListItem\",\"position\":2,\"name\":\"Produits\",\"item\":\"https:\/\/audibax.com\/fr\/shop\/\"},{\"@type\":\"ListItem\",\"position\":3,\"name\":\"Spark 600 Double Black\"}]},{\"@type\":\"WebSite\",\"@id\":\"https:\/\/audibax.com\/fr\/#website\",\"url\":\"https:\/\/audibax.com\/fr\/\",\"name\":\"Audibax\",\"description\":\"\",\"publisher\":{\"@id\":\"https:\/\/audibax.com\/fr\/#organization\"},\"potentialAction\":[{\"@type\":\"SearchAction\",\"target\":{\"@type\":\"EntryPoint\",\"urlTemplate\":\"https:\/\/audibax.com\/fr\/?s={search_term_string}\"},\"query-input\":{\"@type\":\"PropertyValueSpecification\",\"valueRequired\":true,\"valueName\":\"search_term_string\"}}],\"inLanguage\":\"fr-FR\"},{\"@type\":\"Organization\",\"@id\":\"https:\/\/audibax.com\/fr\/#organization\",\"name\":\"Audibax\",\"url\":\"https:\/\/audibax.com\/fr\/\",\"logo\":{\"@type\":\"ImageObject\",\"inLanguage\":\"fr-FR\",\"@id\":\"https:\/\/audibax.com\/fr\/#\/schema\/logo\/image\/\",\"url\":\"https:\/\/audibax.com\/wp-content\/uploads\/2023\/09\/logo-Audibax-BLANCO-SVG-1.svg\",\"contentUrl\":\"https:\/\/audibax.com\/wp-content\/uploads\/2023\/09\/logo-Audibax-BLANCO-SVG-1.svg\",\"caption\":\"Audibax\"},\"image\":{\"@id\":\"https:\/\/audibax.com\/fr\/#\/schema\/logo\/image\/\"}}]}<\/script>\n<!-- \/ Yoast SEO plugin. -->","yoast_head_json":{"title":"Spark 600 Double Black - Audibax","robots":{"index":"index","follow":"follow","max-snippet":"max-snippet:-1","max-image-preview":"max-image-preview:large","max-video-preview":"max-video-preview:-1"},"canonical":"https:\/\/audibax.com\/fr\/produit\/spark-600-double-black-2\/","og_locale":"fr_FR","og_type":"article","og_title":"Spark 600 Double Black - Audibax","og_description":"Audibax Spark 600 Cold Fire \/ Spark Machine 2 Units + Double Flightcase Le Audibax Spark 600&nbsp; Audibax Spark 600&nbsp;","og_url":"https:\/\/audibax.com\/fr\/produit\/spark-600-double-black-2\/","og_site_name":"Audibax","article_modified_time":"2024-01-05T12:18:13+00:00","og_image":[{"width":1000,"height":500,"url":"https:\/\/audibax.com\/wp-content\/uploads\/2023\/12\/Spark-600-FC-conjunto.jpg","type":"image\/jpeg"}],"twitter_card":"summary_large_image","schema":{"@context":"https:\/\/schema.org","@graph":[{"@type":"WebPage","@id":"https:\/\/audibax.com\/fr\/produit\/spark-600-double-black-2\/","url":"https:\/\/audibax.com\/fr\/produit\/spark-600-double-black-2\/","name":"Spark 600 Double Black - Audibax","isPartOf":{"@id":"https:\/\/audibax.com\/fr\/#website"},"primaryImageOfPage":{"@id":"https:\/\/audibax.com\/fr\/produit\/spark-600-double-black-2\/#primaryimage"},"image":{"@id":"https:\/\/audibax.com\/fr\/produit\/spark-600-double-black-2\/#primaryimage"},"thumbnailUrl":"https:\/\/audibax.com\/wp-content\/uploads\/2023\/12\/Spark-600-FC-conjunto.jpg","datePublished":"2024-01-05T08:11:25+00:00","dateModified":"2024-01-05T12:18:13+00:00","breadcrumb":{"@id":"https:\/\/audibax.com\/fr\/produit\/spark-600-double-black-2\/#breadcrumb"},"inLanguage":"fr-FR","potentialAction":[{"@type":"ReadAction","target":["https:\/\/audibax.com\/fr\/produit\/spark-600-double-black-2\/"]}]},{"@type":"ImageObject","inLanguage":"fr-FR","@id":"https:\/\/audibax.com\/fr\/produit\/spark-600-double-black-2\/#primaryimage","url":"https:\/\/audibax.com\/wp-content\/uploads\/2023\/12\/Spark-600-FC-conjunto.jpg","contentUrl":"https:\/\/audibax.com\/wp-content\/uploads\/2023\/12\/Spark-600-FC-conjunto.jpg","width":1000,"height":500},{"@type":"BreadcrumbList","@id":"https:\/\/audibax.com\/fr\/produit\/spark-600-double-black-2\/#breadcrumb","itemListElement":[{"@type":"ListItem","position":1,"name":"Portada","item":"https:\/\/audibax.com\/fr\/"},{"@type":"ListItem","position":2,"name":"Produits","item":"https:\/\/audibax.com\/fr\/shop\/"},{"@type":"ListItem","position":3,"name":"Spark 600 Double Black"}]},{"@type":"WebSite","@id":"https:\/\/audibax.com\/fr\/#website","url":"https:\/\/audibax.com\/fr\/","name":"Audibax","description":"","publisher":{"@id":"https:\/\/audibax.com\/fr\/#organization"},"potentialAction":[{"@type":"SearchAction","target":{"@type":"EntryPoint","urlTemplate":"https:\/\/audibax.com\/fr\/?s={search_term_string}"},"query-input":{"@type":"PropertyValueSpecification","valueRequired":true,"valueName":"search_term_string"}}],"inLanguage":"fr-FR"},{"@type":"Organization","@id":"https:\/\/audibax.com\/fr\/#organization","name":"Audibax","url":"https:\/\/audibax.com\/fr\/","logo":{"@type":"ImageObject","inLanguage":"fr-FR","@id":"https:\/\/audibax.com\/fr\/#\/schema\/logo\/image\/","url":"https:\/\/audibax.com\/wp-content\/uploads\/2023\/09\/logo-Audibax-BLANCO-SVG-1.svg","contentUrl":"https:\/\/audibax.com\/wp-content\/uploads\/2023\/09\/logo-Audibax-BLANCO-SVG-1.svg","caption":"Audibax"},"image":{"@id":"https:\/\/audibax.com\/fr\/#\/schema\/logo\/image\/"}}]}},"_links":{"self":[{"href":"https:\/\/audibax.com\/fr\/wp-json\/wp\/v2\/product\/38183","targetHints":{"allow":["GET"]}}],"collection":[{"href":"https:\/\/audibax.com\/fr\/wp-json\/wp\/v2\/product"}],"about":[{"href":"https:\/\/audibax.com\/fr\/wp-json\/wp\/v2\/types\/product"}],"replies":[{"embeddable":true,"href":"https:\/\/audibax.com\/fr\/wp-json\/wp\/v2\/comments?post=38183"}],"wp:featuredmedia":[{"embeddable":true,"href":"https:\/\/audibax.com\/fr\/wp-json\/wp\/v2\/media\/18657"}],"wp:attachment":[{"href":"https:\/\/audibax.com\/fr\/wp-json\/wp\/v2\/media?parent=38183"}],"wp:term":[{"taxonomy":"product_cat","embeddable":true,"href":"https:\/\/audibax.com\/fr\/wp-json\/wp\/v2\/product_cat?post=38183"},{"taxonomy":"product_tag","embeddable":true,"href":"https:\/\/audibax.com\/fr\/wp-json\/wp\/v2\/product_tag?post=38183"}],"curies":[{"name":"wp","href":"https:\/\/api.w.org\/{rel}","templated":true}]}}