{"id":38120,"date":"2023-12-11T13:55:53","date_gmt":"2023-12-11T12:55:53","guid":{"rendered":"https:\/\/audibax.com\/product\/standkey-2-black-2\/"},"modified":"2024-01-05T13:04:00","modified_gmt":"2024-01-05T12:04:00","slug":"standkey-2-black-2","status":"publish","type":"product","link":"https:\/\/audibax.com\/fr\/produit\/standkey-2-black-2\/","title":{"rendered":"Standkey 2 Black"},"content":{"rendered":"<p><L'Audibax Stand-Key 2 est un support tr\u00e8s polyvalent, tant pour sa facilit\u00e9 de transport que pour ses possibilit\u00e9s. Vous pouvez ajuster la largeur du support pour l'utiliser avec des produits plus grands. Il est 100 % pliable, ce qui lui conf\u00e8re une taille tr\u00e8s r\u00e9duite pour le transport. Ce support est con\u00e7u pour \u00eatre utilis\u00e9 avec :Contr\u00f4leurs Dj<\/li>\n<\/ul>\n<h2>Caract\u00e9ristiques techniques<\/h2>\n<ul>\n<li>Hauteur : 70 cm \u00e0 92 cm<\/li>\n<li>Tube : 2,5 cm x 2,5 cm<\/li>\n<li>Largeur : 65 cm \u00e0 104 cm<\/li>\n<li>Profondeur : 39 cm<\/li>\n<li>Mat\u00e9riau : fer<\/li>\n<\/ul>\n","protected":false},"excerpt":{"rendered":"<\/p>\n<p>L&rsquo;Audibax Stand-Key 2 est un stand tr\u00e8s polyvalent gr\u00e2ce \u00e0 son transport pratique et \u00e0 ses possibilit\u00e9s.<\/p>\n<p>L&rsquo;Audibax Stand-Key 2 est un stand tr\u00e8s polyvalent gr\u00e2ce \u00e0 son transport pratique et \u00e0 ses possibilit\u00e9s.<\/p>\n<p>L&rsquo;Audibax Stand-Key 2 est un stand tr\u00e8s polyvalent gr\u00e2ce \u00e0 son transport pratique et \u00e0 ses possibilit\u00e9s.<\/p>\n","protected":false},"featured_media":18662,"comment_status":"open","ping_status":"closed","template":"","meta":{"_acf_changed":false},"product_cat":[443],"product_tag":[],"class_list":{"0":"post-38120","1":"product","2":"type-product","3":"status-publish","4":"has-post-thumbnail","6":"product_cat-pieds-de-piano","8":"first","9":"instock","10":"shipping-taxable","11":"product-type-simple"},"acf":[],"yoast_head":"<!-- This site is optimized with the Yoast SEO plugin v27.0 - https:\/\/yoast.com\/product\/yoast-seo-wordpress\/ -->\n<title>Standkey 2 Black - Audibax<\/title>\n<meta name=\"robots\" content=\"index, follow, max-snippet:-1, max-image-preview:large, max-video-preview:-1\" \/>\n<link rel=\"canonical\" href=\"https:\/\/audibax.com\/fr\/produit\/standkey-2-black-2\/\" \/>\n<meta property=\"og:locale\" content=\"fr_FR\" \/>\n<meta property=\"og:type\" content=\"article\" \/>\n<meta property=\"og:title\" content=\"Standkey 2 Black - Audibax\" \/>\n<meta property=\"og:description\" content=\"L&#039;Audibax Stand-Key 2 est un stand tr\u00e8s polyvalent gr\u00e2ce \u00e0 son transport pratique et \u00e0 ses possibilit\u00e9s. L&#039;Audibax Stand-Key 2 est un stand tr\u00e8s polyvalent gr\u00e2ce \u00e0 son transport pratique et \u00e0 ses possibilit\u00e9s. L&#039;Audibax Stand-Key 2 est un stand tr\u00e8s polyvalent gr\u00e2ce \u00e0 son transport pratique et \u00e0 ses possibilit\u00e9s.\" \/>\n<meta property=\"og:url\" content=\"https:\/\/audibax.com\/fr\/produit\/standkey-2-black-2\/\" \/>\n<meta property=\"og:site_name\" content=\"Audibax\" \/>\n<meta property=\"article:modified_time\" content=\"2024-01-05T12:04:00+00:00\" \/>\n<meta name=\"twitter:card\" content=\"summary_large_image\" \/>\n<script type=\"application\/ld+json\" class=\"yoast-schema-graph\">{\"@context\":\"https:\/\/schema.org\",\"@graph\":[{\"@type\":\"WebPage\",\"@id\":\"https:\/\/audibax.com\/fr\/produit\/standkey-2-black-2\/\",\"url\":\"https:\/\/audibax.com\/fr\/produit\/standkey-2-black-2\/\",\"name\":\"Standkey 2 Black - Audibax\",\"isPartOf\":{\"@id\":\"https:\/\/audibax.com\/fr\/#website\"},\"primaryImageOfPage\":{\"@id\":\"https:\/\/audibax.com\/fr\/produit\/standkey-2-black-2\/#primaryimage\"},\"image\":{\"@id\":\"https:\/\/audibax.com\/fr\/produit\/standkey-2-black-2\/#primaryimage\"},\"thumbnailUrl\":\"https:\/\/audibax.com\/wp-content\/uploads\/2023\/12\/standkey-2-audibax.jpg\",\"datePublished\":\"2023-12-11T12:55:53+00:00\",\"dateModified\":\"2024-01-05T12:04:00+00:00\",\"breadcrumb\":{\"@id\":\"https:\/\/audibax.com\/fr\/produit\/standkey-2-black-2\/#breadcrumb\"},\"inLanguage\":\"fr-FR\",\"potentialAction\":[{\"@type\":\"ReadAction\",\"target\":[\"https:\/\/audibax.com\/fr\/produit\/standkey-2-black-2\/\"]}]},{\"@type\":\"ImageObject\",\"inLanguage\":\"fr-FR\",\"@id\":\"https:\/\/audibax.com\/fr\/produit\/standkey-2-black-2\/#primaryimage\",\"url\":\"https:\/\/audibax.com\/wp-content\/uploads\/2023\/12\/standkey-2-audibax.jpg\",\"contentUrl\":\"https:\/\/audibax.com\/wp-content\/uploads\/2023\/12\/standkey-2-audibax.jpg\",\"width\":1023,\"height\":968},{\"@type\":\"BreadcrumbList\",\"@id\":\"https:\/\/audibax.com\/fr\/produit\/standkey-2-black-2\/#breadcrumb\",\"itemListElement\":[{\"@type\":\"ListItem\",\"position\":1,\"name\":\"Portada\",\"item\":\"https:\/\/audibax.com\/fr\/\"},{\"@type\":\"ListItem\",\"position\":2,\"name\":\"Produits\",\"item\":\"https:\/\/audibax.com\/fr\/shop\/\"},{\"@type\":\"ListItem\",\"position\":3,\"name\":\"Standkey 2 Black\"}]},{\"@type\":\"WebSite\",\"@id\":\"https:\/\/audibax.com\/fr\/#website\",\"url\":\"https:\/\/audibax.com\/fr\/\",\"name\":\"Audibax\",\"description\":\"\",\"publisher\":{\"@id\":\"https:\/\/audibax.com\/fr\/#organization\"},\"potentialAction\":[{\"@type\":\"SearchAction\",\"target\":{\"@type\":\"EntryPoint\",\"urlTemplate\":\"https:\/\/audibax.com\/fr\/?s={search_term_string}\"},\"query-input\":{\"@type\":\"PropertyValueSpecification\",\"valueRequired\":true,\"valueName\":\"search_term_string\"}}],\"inLanguage\":\"fr-FR\"},{\"@type\":\"Organization\",\"@id\":\"https:\/\/audibax.com\/fr\/#organization\",\"name\":\"Audibax\",\"url\":\"https:\/\/audibax.com\/fr\/\",\"logo\":{\"@type\":\"ImageObject\",\"inLanguage\":\"fr-FR\",\"@id\":\"https:\/\/audibax.com\/fr\/#\/schema\/logo\/image\/\",\"url\":\"https:\/\/audibax.com\/wp-content\/uploads\/2023\/09\/logo-Audibax-BLANCO-SVG-1.svg\",\"contentUrl\":\"https:\/\/audibax.com\/wp-content\/uploads\/2023\/09\/logo-Audibax-BLANCO-SVG-1.svg\",\"caption\":\"Audibax\"},\"image\":{\"@id\":\"https:\/\/audibax.com\/fr\/#\/schema\/logo\/image\/\"}}]}<\/script>\n<!-- \/ Yoast SEO plugin. -->","yoast_head_json":{"title":"Standkey 2 Black - Audibax","robots":{"index":"index","follow":"follow","max-snippet":"max-snippet:-1","max-image-preview":"max-image-preview:large","max-video-preview":"max-video-preview:-1"},"canonical":"https:\/\/audibax.com\/fr\/produit\/standkey-2-black-2\/","og_locale":"fr_FR","og_type":"article","og_title":"Standkey 2 Black - Audibax","og_description":"L'Audibax Stand-Key 2 est un stand tr\u00e8s polyvalent gr\u00e2ce \u00e0 son transport pratique et \u00e0 ses possibilit\u00e9s. L'Audibax Stand-Key 2 est un stand tr\u00e8s polyvalent gr\u00e2ce \u00e0 son transport pratique et \u00e0 ses possibilit\u00e9s. L'Audibax Stand-Key 2 est un stand tr\u00e8s polyvalent gr\u00e2ce \u00e0 son transport pratique et \u00e0 ses possibilit\u00e9s.","og_url":"https:\/\/audibax.com\/fr\/produit\/standkey-2-black-2\/","og_site_name":"Audibax","article_modified_time":"2024-01-05T12:04:00+00:00","twitter_card":"summary_large_image","schema":{"@context":"https:\/\/schema.org","@graph":[{"@type":"WebPage","@id":"https:\/\/audibax.com\/fr\/produit\/standkey-2-black-2\/","url":"https:\/\/audibax.com\/fr\/produit\/standkey-2-black-2\/","name":"Standkey 2 Black - Audibax","isPartOf":{"@id":"https:\/\/audibax.com\/fr\/#website"},"primaryImageOfPage":{"@id":"https:\/\/audibax.com\/fr\/produit\/standkey-2-black-2\/#primaryimage"},"image":{"@id":"https:\/\/audibax.com\/fr\/produit\/standkey-2-black-2\/#primaryimage"},"thumbnailUrl":"https:\/\/audibax.com\/wp-content\/uploads\/2023\/12\/standkey-2-audibax.jpg","datePublished":"2023-12-11T12:55:53+00:00","dateModified":"2024-01-05T12:04:00+00:00","breadcrumb":{"@id":"https:\/\/audibax.com\/fr\/produit\/standkey-2-black-2\/#breadcrumb"},"inLanguage":"fr-FR","potentialAction":[{"@type":"ReadAction","target":["https:\/\/audibax.com\/fr\/produit\/standkey-2-black-2\/"]}]},{"@type":"ImageObject","inLanguage":"fr-FR","@id":"https:\/\/audibax.com\/fr\/produit\/standkey-2-black-2\/#primaryimage","url":"https:\/\/audibax.com\/wp-content\/uploads\/2023\/12\/standkey-2-audibax.jpg","contentUrl":"https:\/\/audibax.com\/wp-content\/uploads\/2023\/12\/standkey-2-audibax.jpg","width":1023,"height":968},{"@type":"BreadcrumbList","@id":"https:\/\/audibax.com\/fr\/produit\/standkey-2-black-2\/#breadcrumb","itemListElement":[{"@type":"ListItem","position":1,"name":"Portada","item":"https:\/\/audibax.com\/fr\/"},{"@type":"ListItem","position":2,"name":"Produits","item":"https:\/\/audibax.com\/fr\/shop\/"},{"@type":"ListItem","position":3,"name":"Standkey 2 Black"}]},{"@type":"WebSite","@id":"https:\/\/audibax.com\/fr\/#website","url":"https:\/\/audibax.com\/fr\/","name":"Audibax","description":"","publisher":{"@id":"https:\/\/audibax.com\/fr\/#organization"},"potentialAction":[{"@type":"SearchAction","target":{"@type":"EntryPoint","urlTemplate":"https:\/\/audibax.com\/fr\/?s={search_term_string}"},"query-input":{"@type":"PropertyValueSpecification","valueRequired":true,"valueName":"search_term_string"}}],"inLanguage":"fr-FR"},{"@type":"Organization","@id":"https:\/\/audibax.com\/fr\/#organization","name":"Audibax","url":"https:\/\/audibax.com\/fr\/","logo":{"@type":"ImageObject","inLanguage":"fr-FR","@id":"https:\/\/audibax.com\/fr\/#\/schema\/logo\/image\/","url":"https:\/\/audibax.com\/wp-content\/uploads\/2023\/09\/logo-Audibax-BLANCO-SVG-1.svg","contentUrl":"https:\/\/audibax.com\/wp-content\/uploads\/2023\/09\/logo-Audibax-BLANCO-SVG-1.svg","caption":"Audibax"},"image":{"@id":"https:\/\/audibax.com\/fr\/#\/schema\/logo\/image\/"}}]}},"_links":{"self":[{"href":"https:\/\/audibax.com\/fr\/wp-json\/wp\/v2\/product\/38120","targetHints":{"allow":["GET"]}}],"collection":[{"href":"https:\/\/audibax.com\/fr\/wp-json\/wp\/v2\/product"}],"about":[{"href":"https:\/\/audibax.com\/fr\/wp-json\/wp\/v2\/types\/product"}],"replies":[{"embeddable":true,"href":"https:\/\/audibax.com\/fr\/wp-json\/wp\/v2\/comments?post=38120"}],"wp:featuredmedia":[{"embeddable":true,"href":"https:\/\/audibax.com\/fr\/wp-json\/wp\/v2\/media\/18662"}],"wp:attachment":[{"href":"https:\/\/audibax.com\/fr\/wp-json\/wp\/v2\/media?parent=38120"}],"wp:term":[{"taxonomy":"product_cat","embeddable":true,"href":"https:\/\/audibax.com\/fr\/wp-json\/wp\/v2\/product_cat?post=38120"},{"taxonomy":"product_tag","embeddable":true,"href":"https:\/\/audibax.com\/fr\/wp-json\/wp\/v2\/product_tag?post=38120"}],"curies":[{"name":"wp","href":"https:\/\/api.w.org\/{rel}","templated":true}]}}