{"id":38112,"date":"2023-12-11T13:47:46","date_gmt":"2023-12-11T12:47:46","guid":{"rendered":"https:\/\/audibax.com\/product\/denver-10-black-2\/"},"modified":"2025-12-15T13:25:28","modified_gmt":"2025-12-15T12:25:28","slug":"denver-10-black-2","status":"publish","type":"product","link":"https:\/\/audibax.com\/fr\/produit\/denver-10-black-2\/","title":{"rendered":"Denver 10 Black"},"content":{"rendered":"<p>La nouveaut\u00e9 la plus marquante du catalogue Audibax pour l&rsquo;\u00e9t\u00e9 2019 est la gamme Denver d&rsquo;enceintes aliment\u00e9es par batterie. Quelle que soit l&rsquo;utilisation que vous souhaitez en faire, les Denver seront \u00e0 la hauteur.<\/p>\n<p>Puissance et qualit\u00e9 vont de pair dans ces enceintes. Leur robustesse et leur connectivit\u00e9 les rendent id\u00e9ales pour un nombre infini de situations. Elles disposent d&rsquo;entr\u00e9es pour microphone, ligne, USB et connectivit\u00e9 Bluetooth. Ils disposent \u00e9galement d&rsquo;une sortie de ligne qui vous permet de connecter plusieurs haut-parleurs ensemble et de remplir plus d&rsquo;espace sonore.<\/p>\n<p>Comprend un microphone sans fil pour chanter lors de vos f\u00eates ou parler lors de vos pr\u00e9sentations, rendez tout plus amusant avec sa fonction ECO ;<\/p>\n<p>La batterie offre une autonomie d&rsquo;environ 6 heures, ce qui vous permet d&#8217;emporter votre musique \u00e0 la campagne, \u00e0 la piscine ou partout o\u00f9 vous le souhaitez.<\/p>\n<p>Ils disposent d&rsquo;une prise 12v \u00e0 utiliser avec l&rsquo;allume-cigare de la voiture. Et ne vous inqui\u00e9tez pas de devoir les transporter ; avec leurs roues et leur <em>trolley<\/em> inclus, il ne vous faudra aucun effort pour les transporter jusqu&rsquo;au bout du monde.<\/p>\n<p>Comme vous pouvez le constater, aucune situation ne r\u00e9siste \u00e0 la polyvalence de la nouvelle gamme Denver.<\/p>\n<p>Ne manquez pas de demander un essai et vous serez \u00e9tonn\u00e9 !<\/p>\n<p><strong>Syst\u00e8me de sonorisation portable de type trolley BLUETOOTH avec batterie rechargeable et 1 micro sans fil VHF<\/strong><\/p>\n<ul>\n<li style=\"list-style-type: none;\">\n<ul>\n<li style=\"list-style-type: none;\">\n<ul>\n<li style=\"list-style-type: none;\">\n<ul>\n<li style=\"list-style-type: none;\">\n<ul>\n<li style=\"list-style-type: none;\">\n<ul>\n<li style=\"list-style-type: none;\">\n<ul>\n<li style=\"list-style-type: none;\">\n<ul>\n<li style=\"list-style-type: none;\">\n<ul>\n<li style=\"list-style-type: none;\">\n<ul>\n<li style=\"list-style-type: none;\">\n<ul>Syst\u00e8me de sonorisation portable de type trolley BLUETOOTH avec batterie rechargeable et 1 micro sans fil VHF<\/p>\n<li style=\"list-style-type: none;\">\n<ul>.<\/p>\n<li>Lecteur MP3<\/li>\n<li>Entr\u00e9e USB \/ SD<\/li>\n<li>\u00c9cran LCD<\/li>\n<li>Connexion Bluetooth<\/li>\n<li>Active, 10&amp;quot ; Woofer + Moteur 1.5&Prime;<\/li>\n<li>R\u00e9ponse en fr\u00e9quence : 55Hz-20kHz<\/li>\n<li>Sensibilit\u00e9 : 95 Db<\/li>\n<li>Imp\u00e9dance : 8 OHM<\/li>\n<li>Puissance : 80W RMS 150W Peak<\/li>\n<li>Amplificateur : Classe-D\/li&gt;<\/li>\n<li>Contr\u00f4le du pr\u00e9ampli<\/li>\n<li>Contr\u00f4le du volume micro<\/li>\n<li>Contr\u00f4le de l&rsquo;\u00e9cho<\/li>\n<li>Contr\u00f4le du volume master<\/li>\n<li>Entr\u00e9e micro : 6-jack.35<\/li>\n<li>Entr\u00e9e ligne : RCA et mini jack<\/li>\n<li>Sortie ligne : Jack 6,35<\/li>\n<li>1 x microphone sans fil VHF<\/li>\n<li>1 x antenne<\/li>\n<li>DC 12V, peut charger jusqu&rsquo;\u00e0 12V, peut charger jusqu&rsquo;\u00e0 12V<\/li>\n<li>1 x antenne<\/li>\n<li>1 x microphone sans fil VHF<\/li>\n<li>1 x antenne.DC 12V, peut \u00eatre charg\u00e9 dans la voiture (non inclus)<\/li>\n<li>Inclut une batterie rechargeable, lorsque l&rsquo;alimentation CA est utilis\u00e9e, la batterie sera recharg\u00e9e ;Lorsque vous utilisez l&rsquo;alimentation secteur, la batterie sera recharg\u00e9e automatiquement<\/li>\n<li>Mesure 385x325x565mm<\/li>\n<li>Batterie rechargeable, lorsque vous utilisez l&rsquo;alimentation secteur, la batterie sera recharg\u00e9e automatiquement<\/li>\n<li>Mesure 385x325x565mm<\/li>\n<li>Batterie rechargeable<\/li>\n<li>Batterie rechargeable.\/ul&gt;<img decoding=\"async\" style=\"height: 788px; width: 533px;\" src=\"\/crm\/documents\/fckeditor\/image\/11111\/audibax-denver-10-speaker-trolley.jpg\" alt=\"\" \/>\n<p>&nbsp;<\/p>\n<p><img decoding=\"async\" style=\"height: 1600px; width: 788px;\" src=\"\/crm\/documents\/fckeditor\/image\/11111\/Audibax-DENVER-10.jpg\" alt=\"\" \/><\/p>\n<p>Cette page est disponible en anglais seulement.<\/li>\n<\/ul>\n<\/li>\n<\/ul>\n<\/li>\n<\/ul>\n<\/li>\n<\/ul>\n<\/li>\n<\/ul>\n<\/li>\n<\/ul>\n<\/li>\n<\/ul>\n<\/li>\n<\/ul>\n<\/li>\n<\/ul>\n<\/li>\n<\/ul>\n<\/li>\n<\/ul>\n<\/li>\n<\/ul>\n<p><a href=\"http:\/\/dolibarr-new-prod.madridhifi.com\/crm\/documents\/produit\/7427244398800\/10225389\/photos\/pdf\/3\/Seguridad%20y%20operativa%20en%20el%20manejo%20de%20bater%C3%ADas%20Audibax.pdf\"><strong data-start=\"13\" data-end=\"27\">R\u00c9VISION :<\/strong> S\u00e9curit\u00e9 et op\u00e9rations dans la manipulation des batteries<\/a><\/p>\n","protected":false},"excerpt":{"rendered":"<ul>\n<li>Syst\u00e8me de sonorisation portable avec batterie<\/li>\n<li>Dimensions : 10 Inch<\/li>\n<li>1 Microphone sans fil + 1 T\u00e9l\u00e9commande<\/li>\n<li>Puissance : 80w RMS \/ 150w Peak<\/li>\n<li>Connexion USB\/SD et lecture<\/li>\n<li>Connexion Bluetooth.<\/li>\n<\/ul>\n","protected":false},"featured_media":17067,"comment_status":"open","ping_status":"closed","template":"","meta":{"_acf_changed":false},"product_cat":[407,405],"product_tag":[],"class_list":{"0":"post-38112","1":"product","2":"type-product","3":"status-publish","4":"has-post-thumbnail","6":"product_cat-haut-parleurs-bluetooth","7":"product_cat-haut-parleurs-de-batterie","9":"first","10":"instock","11":"shipping-taxable","12":"product-type-simple"},"acf":[],"yoast_head":"<!-- This site is optimized with the Yoast SEO plugin v27.0 - https:\/\/yoast.com\/product\/yoast-seo-wordpress\/ -->\n<title>Denver 10 Black - Audibax<\/title>\n<meta name=\"robots\" content=\"index, follow, max-snippet:-1, max-image-preview:large, max-video-preview:-1\" \/>\n<link rel=\"canonical\" href=\"https:\/\/audibax.com\/fr\/produit\/denver-10-black-2\/\" \/>\n<meta property=\"og:locale\" content=\"fr_FR\" \/>\n<meta property=\"og:type\" content=\"article\" \/>\n<meta property=\"og:title\" content=\"Denver 10 Black - Audibax\" \/>\n<meta property=\"og:description\" content=\"Syst\u00e8me de sonorisation portable avec batterie  Dimensions : 10 Inch  1 Microphone sans fil + 1 T\u00e9l\u00e9commande  Puissance : 80w RMS \/ 150w Peak  Connexion USB\/SD et lecture  Connexion Bluetooth.\" \/>\n<meta property=\"og:url\" content=\"https:\/\/audibax.com\/fr\/produit\/denver-10-black-2\/\" \/>\n<meta property=\"og:site_name\" content=\"Audibax\" \/>\n<meta property=\"article:modified_time\" content=\"2025-12-15T12:25:28+00:00\" \/>\n<meta property=\"og:image\" content=\"https:\/\/audibax.com\/wp-content\/uploads\/2023\/12\/audibax-denver-combo-port10-vhf-altavoz-bateria.png\" \/>\n\t<meta property=\"og:image:width\" content=\"1000\" \/>\n\t<meta property=\"og:image:height\" content=\"500\" \/>\n\t<meta property=\"og:image:type\" content=\"image\/png\" \/>\n<meta name=\"twitter:card\" content=\"summary_large_image\" \/>\n<meta name=\"twitter:label1\" content=\"Dur\u00e9e de lecture estim\u00e9e\" \/>\n\t<meta name=\"twitter:data1\" content=\"3 minutes\" \/>\n<script type=\"application\/ld+json\" class=\"yoast-schema-graph\">{\"@context\":\"https:\/\/schema.org\",\"@graph\":[{\"@type\":\"WebPage\",\"@id\":\"https:\/\/audibax.com\/fr\/produit\/denver-10-black-2\/\",\"url\":\"https:\/\/audibax.com\/fr\/produit\/denver-10-black-2\/\",\"name\":\"Denver 10 Black - Audibax\",\"isPartOf\":{\"@id\":\"https:\/\/audibax.com\/fr\/#website\"},\"primaryImageOfPage\":{\"@id\":\"https:\/\/audibax.com\/fr\/produit\/denver-10-black-2\/#primaryimage\"},\"image\":{\"@id\":\"https:\/\/audibax.com\/fr\/produit\/denver-10-black-2\/#primaryimage\"},\"thumbnailUrl\":\"https:\/\/audibax.com\/wp-content\/uploads\/2023\/12\/audibax-denver-combo-port10-vhf-altavoz-bateria.png\",\"datePublished\":\"2023-12-11T12:47:46+00:00\",\"dateModified\":\"2025-12-15T12:25:28+00:00\",\"breadcrumb\":{\"@id\":\"https:\/\/audibax.com\/fr\/produit\/denver-10-black-2\/#breadcrumb\"},\"inLanguage\":\"fr-FR\",\"potentialAction\":[{\"@type\":\"ReadAction\",\"target\":[\"https:\/\/audibax.com\/fr\/produit\/denver-10-black-2\/\"]}]},{\"@type\":\"ImageObject\",\"inLanguage\":\"fr-FR\",\"@id\":\"https:\/\/audibax.com\/fr\/produit\/denver-10-black-2\/#primaryimage\",\"url\":\"https:\/\/audibax.com\/wp-content\/uploads\/2023\/12\/audibax-denver-combo-port10-vhf-altavoz-bateria.png\",\"contentUrl\":\"https:\/\/audibax.com\/wp-content\/uploads\/2023\/12\/audibax-denver-combo-port10-vhf-altavoz-bateria.png\",\"width\":1000,\"height\":500},{\"@type\":\"BreadcrumbList\",\"@id\":\"https:\/\/audibax.com\/fr\/produit\/denver-10-black-2\/#breadcrumb\",\"itemListElement\":[{\"@type\":\"ListItem\",\"position\":1,\"name\":\"Portada\",\"item\":\"https:\/\/audibax.com\/fr\/\"},{\"@type\":\"ListItem\",\"position\":2,\"name\":\"Produits\",\"item\":\"https:\/\/audibax.com\/fr\/shop\/\"},{\"@type\":\"ListItem\",\"position\":3,\"name\":\"Denver 10 Black\"}]},{\"@type\":\"WebSite\",\"@id\":\"https:\/\/audibax.com\/fr\/#website\",\"url\":\"https:\/\/audibax.com\/fr\/\",\"name\":\"Audibax\",\"description\":\"\",\"publisher\":{\"@id\":\"https:\/\/audibax.com\/fr\/#organization\"},\"potentialAction\":[{\"@type\":\"SearchAction\",\"target\":{\"@type\":\"EntryPoint\",\"urlTemplate\":\"https:\/\/audibax.com\/fr\/?s={search_term_string}\"},\"query-input\":{\"@type\":\"PropertyValueSpecification\",\"valueRequired\":true,\"valueName\":\"search_term_string\"}}],\"inLanguage\":\"fr-FR\"},{\"@type\":\"Organization\",\"@id\":\"https:\/\/audibax.com\/fr\/#organization\",\"name\":\"Audibax\",\"url\":\"https:\/\/audibax.com\/fr\/\",\"logo\":{\"@type\":\"ImageObject\",\"inLanguage\":\"fr-FR\",\"@id\":\"https:\/\/audibax.com\/fr\/#\/schema\/logo\/image\/\",\"url\":\"https:\/\/audibax.com\/wp-content\/uploads\/2023\/09\/logo-Audibax-BLANCO-SVG-1.svg\",\"contentUrl\":\"https:\/\/audibax.com\/wp-content\/uploads\/2023\/09\/logo-Audibax-BLANCO-SVG-1.svg\",\"caption\":\"Audibax\"},\"image\":{\"@id\":\"https:\/\/audibax.com\/fr\/#\/schema\/logo\/image\/\"}}]}<\/script>\n<!-- \/ Yoast SEO plugin. -->","yoast_head_json":{"title":"Denver 10 Black - Audibax","robots":{"index":"index","follow":"follow","max-snippet":"max-snippet:-1","max-image-preview":"max-image-preview:large","max-video-preview":"max-video-preview:-1"},"canonical":"https:\/\/audibax.com\/fr\/produit\/denver-10-black-2\/","og_locale":"fr_FR","og_type":"article","og_title":"Denver 10 Black - Audibax","og_description":"Syst\u00e8me de sonorisation portable avec batterie  Dimensions : 10 Inch  1 Microphone sans fil + 1 T\u00e9l\u00e9commande  Puissance : 80w RMS \/ 150w Peak  Connexion USB\/SD et lecture  Connexion Bluetooth.","og_url":"https:\/\/audibax.com\/fr\/produit\/denver-10-black-2\/","og_site_name":"Audibax","article_modified_time":"2025-12-15T12:25:28+00:00","og_image":[{"width":1000,"height":500,"url":"https:\/\/audibax.com\/wp-content\/uploads\/2023\/12\/audibax-denver-combo-port10-vhf-altavoz-bateria.png","type":"image\/png"}],"twitter_card":"summary_large_image","twitter_misc":{"Dur\u00e9e de lecture estim\u00e9e":"3 minutes"},"schema":{"@context":"https:\/\/schema.org","@graph":[{"@type":"WebPage","@id":"https:\/\/audibax.com\/fr\/produit\/denver-10-black-2\/","url":"https:\/\/audibax.com\/fr\/produit\/denver-10-black-2\/","name":"Denver 10 Black - Audibax","isPartOf":{"@id":"https:\/\/audibax.com\/fr\/#website"},"primaryImageOfPage":{"@id":"https:\/\/audibax.com\/fr\/produit\/denver-10-black-2\/#primaryimage"},"image":{"@id":"https:\/\/audibax.com\/fr\/produit\/denver-10-black-2\/#primaryimage"},"thumbnailUrl":"https:\/\/audibax.com\/wp-content\/uploads\/2023\/12\/audibax-denver-combo-port10-vhf-altavoz-bateria.png","datePublished":"2023-12-11T12:47:46+00:00","dateModified":"2025-12-15T12:25:28+00:00","breadcrumb":{"@id":"https:\/\/audibax.com\/fr\/produit\/denver-10-black-2\/#breadcrumb"},"inLanguage":"fr-FR","potentialAction":[{"@type":"ReadAction","target":["https:\/\/audibax.com\/fr\/produit\/denver-10-black-2\/"]}]},{"@type":"ImageObject","inLanguage":"fr-FR","@id":"https:\/\/audibax.com\/fr\/produit\/denver-10-black-2\/#primaryimage","url":"https:\/\/audibax.com\/wp-content\/uploads\/2023\/12\/audibax-denver-combo-port10-vhf-altavoz-bateria.png","contentUrl":"https:\/\/audibax.com\/wp-content\/uploads\/2023\/12\/audibax-denver-combo-port10-vhf-altavoz-bateria.png","width":1000,"height":500},{"@type":"BreadcrumbList","@id":"https:\/\/audibax.com\/fr\/produit\/denver-10-black-2\/#breadcrumb","itemListElement":[{"@type":"ListItem","position":1,"name":"Portada","item":"https:\/\/audibax.com\/fr\/"},{"@type":"ListItem","position":2,"name":"Produits","item":"https:\/\/audibax.com\/fr\/shop\/"},{"@type":"ListItem","position":3,"name":"Denver 10 Black"}]},{"@type":"WebSite","@id":"https:\/\/audibax.com\/fr\/#website","url":"https:\/\/audibax.com\/fr\/","name":"Audibax","description":"","publisher":{"@id":"https:\/\/audibax.com\/fr\/#organization"},"potentialAction":[{"@type":"SearchAction","target":{"@type":"EntryPoint","urlTemplate":"https:\/\/audibax.com\/fr\/?s={search_term_string}"},"query-input":{"@type":"PropertyValueSpecification","valueRequired":true,"valueName":"search_term_string"}}],"inLanguage":"fr-FR"},{"@type":"Organization","@id":"https:\/\/audibax.com\/fr\/#organization","name":"Audibax","url":"https:\/\/audibax.com\/fr\/","logo":{"@type":"ImageObject","inLanguage":"fr-FR","@id":"https:\/\/audibax.com\/fr\/#\/schema\/logo\/image\/","url":"https:\/\/audibax.com\/wp-content\/uploads\/2023\/09\/logo-Audibax-BLANCO-SVG-1.svg","contentUrl":"https:\/\/audibax.com\/wp-content\/uploads\/2023\/09\/logo-Audibax-BLANCO-SVG-1.svg","caption":"Audibax"},"image":{"@id":"https:\/\/audibax.com\/fr\/#\/schema\/logo\/image\/"}}]}},"_links":{"self":[{"href":"https:\/\/audibax.com\/fr\/wp-json\/wp\/v2\/product\/38112","targetHints":{"allow":["GET"]}}],"collection":[{"href":"https:\/\/audibax.com\/fr\/wp-json\/wp\/v2\/product"}],"about":[{"href":"https:\/\/audibax.com\/fr\/wp-json\/wp\/v2\/types\/product"}],"replies":[{"embeddable":true,"href":"https:\/\/audibax.com\/fr\/wp-json\/wp\/v2\/comments?post=38112"}],"wp:featuredmedia":[{"embeddable":true,"href":"https:\/\/audibax.com\/fr\/wp-json\/wp\/v2\/media\/17067"}],"wp:attachment":[{"href":"https:\/\/audibax.com\/fr\/wp-json\/wp\/v2\/media?parent=38112"}],"wp:term":[{"taxonomy":"product_cat","embeddable":true,"href":"https:\/\/audibax.com\/fr\/wp-json\/wp\/v2\/product_cat?post=38112"},{"taxonomy":"product_tag","embeddable":true,"href":"https:\/\/audibax.com\/fr\/wp-json\/wp\/v2\/product_tag?post=38112"}],"curies":[{"name":"wp","href":"https:\/\/api.w.org\/{rel}","templated":true}]}}