{"id":38111,"date":"2024-01-03T18:24:39","date_gmt":"2024-01-03T17:24:39","guid":{"rendered":"https:\/\/audibax.com\/product\/1202-ffx-black\/"},"modified":"2024-04-09T13:39:35","modified_gmt":"2024-04-09T11:39:35","slug":"1202-ffx-black","status":"publish","type":"product","link":"https:\/\/audibax.com\/fr\/produit\/1202-ffx-black\/","title":{"rendered":"1202 FFX Black"},"content":{"rendered":"<\/p>\n<p><strong>Audibax 1202 FFX<\/strong>. Console de mixage analogique 12 canaux et interface audio avec processeur d&rsquo;effets int\u00e9gr\u00e9.<\/p>\n<ul>\n<li>Console de mixage analogique 12 canaux<\/li>\n<li>Processeur d&rsquo;effets int\u00e9gr\u00e9 avec 16 programmes<\/li>\n<li>Interface audio USB (entr\u00e9e\/sortie master)<\/li>\n<li>\n<li>\n<li>6 entr\u00e9es micro XLR<\/li>\n<li>Audibax 1202 FFX<\/li>\n<li>Audibax 1202 FFX est une table de mixage analogique 12 canaux et une interface audio avec processeur d&rsquo;effets int\u00e9gr\u00e9.li>6 entr\u00e9es micro XLR\/ligne XLR<\/li>\n<li>alimentation fant\u00f4me 48V<\/li>\n<li>Entr\u00e9es micro XLR\/ligne \u00e9lectroniques<\/li>\n<li>Entr\u00e9es ligne\/ligne XLR<\/li>\n<li>alimentation fant\u00f4me 48V<\/li>\n<li>Entr\u00e9es ligne XLRs de RCA (entr\u00e9e\/sortie 2 pistes)<\/li>\n<li>Sortie casque r\u00e9glable ind\u00e9pendamment&nbsp;<\/li>\n<li>Prise pour p\u00e9dale d&rsquo;effets pour activer\/d\u00e9sactiver les effets<\/li>\n<li>Dimensions : 315 x 100 x 340 mm (L x H x H x P)<\/li>\n<li>Poids : 4,35 kg<\/li>\n<\/ul>\n","protected":false},"excerpt":{"rendered":"<p>li>Interface audio USB (entr\u00e9e \/ sortie principale)<\/li>\n<li>6 entr\u00e9es microphone \/ ligne XLR<\/li>\n<\/ul>\n<li> <\/ul>\n<li>Entr\u00e9es microphone \/ ligne XLR<\/li>\n<\/ul>\n<ul>\n<li>Entr\u00e9e microphone \/ ligne XLR<br \/>\n","protected":false},"featured_media":16757,"comment_status":"open","ping_status":"closed","template":"","meta":{"_acf_changed":false},"product_cat":[402,393],"product_tag":[],"class_list":{"0":"post-38111","1":"product","2":"type-product","3":"status-publish","4":"has-post-thumbnail","6":"product_cat-mixers-fr","7":"product_cat-sonorisation","9":"first","10":"instock","11":"shipping-taxable","12":"product-type-simple"},"acf":[],"yoast_head":"<!-- This site is optimized with the Yoast SEO plugin v27.0 - https:\/\/yoast.com\/product\/yoast-seo-wordpress\/ -->\n<title>1202 FFX Black - Audibax<\/title>\n<meta name=\"robots\" content=\"index, follow, max-snippet:-1, max-image-preview:large, max-video-preview:-1\" \/>\n<link rel=\"canonical\" href=\"https:\/\/audibax.com\/fr\/produit\/1202-ffx-black\/\" \/>\n<meta property=\"og:locale\" content=\"fr_FR\" \/>\n<meta property=\"og:type\" content=\"article\" \/>\n<meta property=\"og:title\" content=\"1202 FFX Black - Audibax\" \/>\n<meta property=\"og:description\" content=\"li&gt;Interface audio USB (entr\u00e9e \/ sortie principale) 6 entr\u00e9es microphone \/ ligne XLR  Entr\u00e9es microphone \/ ligne XLR  Entr\u00e9e microphone \/ ligne XLR\" \/>\n<meta property=\"og:url\" content=\"https:\/\/audibax.com\/fr\/produit\/1202-ffx-black\/\" \/>\n<meta property=\"og:site_name\" content=\"Audibax\" \/>\n<meta property=\"article:modified_time\" content=\"2024-04-09T11:39:35+00:00\" \/>\n<meta property=\"og:image\" content=\"https:\/\/audibax.com\/wp-content\/uploads\/2023\/12\/audibax-1202-ffx-mesa-mezclas.jpg\" \/>\n\t<meta property=\"og:image:width\" content=\"1000\" \/>\n\t<meta property=\"og:image:height\" content=\"500\" \/>\n\t<meta property=\"og:image:type\" content=\"image\/jpeg\" \/>\n<meta name=\"twitter:card\" content=\"summary_large_image\" \/>\n<meta name=\"twitter:label1\" content=\"Dur\u00e9e de lecture estim\u00e9e\" \/>\n\t<meta name=\"twitter:data1\" content=\"1 minute\" \/>\n<script type=\"application\/ld+json\" class=\"yoast-schema-graph\">{\"@context\":\"https:\/\/schema.org\",\"@graph\":[{\"@type\":\"WebPage\",\"@id\":\"https:\/\/audibax.com\/fr\/produit\/1202-ffx-black\/\",\"url\":\"https:\/\/audibax.com\/fr\/produit\/1202-ffx-black\/\",\"name\":\"1202 FFX Black - Audibax\",\"isPartOf\":{\"@id\":\"https:\/\/audibax.com\/fr\/#website\"},\"primaryImageOfPage\":{\"@id\":\"https:\/\/audibax.com\/fr\/produit\/1202-ffx-black\/#primaryimage\"},\"image\":{\"@id\":\"https:\/\/audibax.com\/fr\/produit\/1202-ffx-black\/#primaryimage\"},\"thumbnailUrl\":\"https:\/\/audibax.com\/wp-content\/uploads\/2023\/12\/audibax-1202-ffx-mesa-mezclas.jpg\",\"datePublished\":\"2024-01-03T17:24:39+00:00\",\"dateModified\":\"2024-04-09T11:39:35+00:00\",\"breadcrumb\":{\"@id\":\"https:\/\/audibax.com\/fr\/produit\/1202-ffx-black\/#breadcrumb\"},\"inLanguage\":\"fr-FR\",\"potentialAction\":[{\"@type\":\"ReadAction\",\"target\":[\"https:\/\/audibax.com\/fr\/produit\/1202-ffx-black\/\"]}]},{\"@type\":\"ImageObject\",\"inLanguage\":\"fr-FR\",\"@id\":\"https:\/\/audibax.com\/fr\/produit\/1202-ffx-black\/#primaryimage\",\"url\":\"https:\/\/audibax.com\/wp-content\/uploads\/2023\/12\/audibax-1202-ffx-mesa-mezclas.jpg\",\"contentUrl\":\"https:\/\/audibax.com\/wp-content\/uploads\/2023\/12\/audibax-1202-ffx-mesa-mezclas.jpg\",\"width\":1000,\"height\":500},{\"@type\":\"BreadcrumbList\",\"@id\":\"https:\/\/audibax.com\/fr\/produit\/1202-ffx-black\/#breadcrumb\",\"itemListElement\":[{\"@type\":\"ListItem\",\"position\":1,\"name\":\"Portada\",\"item\":\"https:\/\/audibax.com\/fr\/\"},{\"@type\":\"ListItem\",\"position\":2,\"name\":\"Produits\",\"item\":\"https:\/\/audibax.com\/fr\/shop\/\"},{\"@type\":\"ListItem\",\"position\":3,\"name\":\"1202 FFX Black\"}]},{\"@type\":\"WebSite\",\"@id\":\"https:\/\/audibax.com\/fr\/#website\",\"url\":\"https:\/\/audibax.com\/fr\/\",\"name\":\"Audibax\",\"description\":\"\",\"publisher\":{\"@id\":\"https:\/\/audibax.com\/fr\/#organization\"},\"potentialAction\":[{\"@type\":\"SearchAction\",\"target\":{\"@type\":\"EntryPoint\",\"urlTemplate\":\"https:\/\/audibax.com\/fr\/?s={search_term_string}\"},\"query-input\":{\"@type\":\"PropertyValueSpecification\",\"valueRequired\":true,\"valueName\":\"search_term_string\"}}],\"inLanguage\":\"fr-FR\"},{\"@type\":\"Organization\",\"@id\":\"https:\/\/audibax.com\/fr\/#organization\",\"name\":\"Audibax\",\"url\":\"https:\/\/audibax.com\/fr\/\",\"logo\":{\"@type\":\"ImageObject\",\"inLanguage\":\"fr-FR\",\"@id\":\"https:\/\/audibax.com\/fr\/#\/schema\/logo\/image\/\",\"url\":\"https:\/\/audibax.com\/wp-content\/uploads\/2023\/09\/logo-Audibax-BLANCO-SVG-1.svg\",\"contentUrl\":\"https:\/\/audibax.com\/wp-content\/uploads\/2023\/09\/logo-Audibax-BLANCO-SVG-1.svg\",\"caption\":\"Audibax\"},\"image\":{\"@id\":\"https:\/\/audibax.com\/fr\/#\/schema\/logo\/image\/\"}}]}<\/script>\n<!-- \/ Yoast SEO plugin. -->","yoast_head_json":{"title":"1202 FFX Black - Audibax","robots":{"index":"index","follow":"follow","max-snippet":"max-snippet:-1","max-image-preview":"max-image-preview:large","max-video-preview":"max-video-preview:-1"},"canonical":"https:\/\/audibax.com\/fr\/produit\/1202-ffx-black\/","og_locale":"fr_FR","og_type":"article","og_title":"1202 FFX Black - Audibax","og_description":"li>Interface audio USB (entr\u00e9e \/ sortie principale) 6 entr\u00e9es microphone \/ ligne XLR  Entr\u00e9es microphone \/ ligne XLR  Entr\u00e9e microphone \/ ligne XLR","og_url":"https:\/\/audibax.com\/fr\/produit\/1202-ffx-black\/","og_site_name":"Audibax","article_modified_time":"2024-04-09T11:39:35+00:00","og_image":[{"width":1000,"height":500,"url":"https:\/\/audibax.com\/wp-content\/uploads\/2023\/12\/audibax-1202-ffx-mesa-mezclas.jpg","type":"image\/jpeg"}],"twitter_card":"summary_large_image","twitter_misc":{"Dur\u00e9e de lecture estim\u00e9e":"1 minute"},"schema":{"@context":"https:\/\/schema.org","@graph":[{"@type":"WebPage","@id":"https:\/\/audibax.com\/fr\/produit\/1202-ffx-black\/","url":"https:\/\/audibax.com\/fr\/produit\/1202-ffx-black\/","name":"1202 FFX Black - Audibax","isPartOf":{"@id":"https:\/\/audibax.com\/fr\/#website"},"primaryImageOfPage":{"@id":"https:\/\/audibax.com\/fr\/produit\/1202-ffx-black\/#primaryimage"},"image":{"@id":"https:\/\/audibax.com\/fr\/produit\/1202-ffx-black\/#primaryimage"},"thumbnailUrl":"https:\/\/audibax.com\/wp-content\/uploads\/2023\/12\/audibax-1202-ffx-mesa-mezclas.jpg","datePublished":"2024-01-03T17:24:39+00:00","dateModified":"2024-04-09T11:39:35+00:00","breadcrumb":{"@id":"https:\/\/audibax.com\/fr\/produit\/1202-ffx-black\/#breadcrumb"},"inLanguage":"fr-FR","potentialAction":[{"@type":"ReadAction","target":["https:\/\/audibax.com\/fr\/produit\/1202-ffx-black\/"]}]},{"@type":"ImageObject","inLanguage":"fr-FR","@id":"https:\/\/audibax.com\/fr\/produit\/1202-ffx-black\/#primaryimage","url":"https:\/\/audibax.com\/wp-content\/uploads\/2023\/12\/audibax-1202-ffx-mesa-mezclas.jpg","contentUrl":"https:\/\/audibax.com\/wp-content\/uploads\/2023\/12\/audibax-1202-ffx-mesa-mezclas.jpg","width":1000,"height":500},{"@type":"BreadcrumbList","@id":"https:\/\/audibax.com\/fr\/produit\/1202-ffx-black\/#breadcrumb","itemListElement":[{"@type":"ListItem","position":1,"name":"Portada","item":"https:\/\/audibax.com\/fr\/"},{"@type":"ListItem","position":2,"name":"Produits","item":"https:\/\/audibax.com\/fr\/shop\/"},{"@type":"ListItem","position":3,"name":"1202 FFX Black"}]},{"@type":"WebSite","@id":"https:\/\/audibax.com\/fr\/#website","url":"https:\/\/audibax.com\/fr\/","name":"Audibax","description":"","publisher":{"@id":"https:\/\/audibax.com\/fr\/#organization"},"potentialAction":[{"@type":"SearchAction","target":{"@type":"EntryPoint","urlTemplate":"https:\/\/audibax.com\/fr\/?s={search_term_string}"},"query-input":{"@type":"PropertyValueSpecification","valueRequired":true,"valueName":"search_term_string"}}],"inLanguage":"fr-FR"},{"@type":"Organization","@id":"https:\/\/audibax.com\/fr\/#organization","name":"Audibax","url":"https:\/\/audibax.com\/fr\/","logo":{"@type":"ImageObject","inLanguage":"fr-FR","@id":"https:\/\/audibax.com\/fr\/#\/schema\/logo\/image\/","url":"https:\/\/audibax.com\/wp-content\/uploads\/2023\/09\/logo-Audibax-BLANCO-SVG-1.svg","contentUrl":"https:\/\/audibax.com\/wp-content\/uploads\/2023\/09\/logo-Audibax-BLANCO-SVG-1.svg","caption":"Audibax"},"image":{"@id":"https:\/\/audibax.com\/fr\/#\/schema\/logo\/image\/"}}]}},"_links":{"self":[{"href":"https:\/\/audibax.com\/fr\/wp-json\/wp\/v2\/product\/38111","targetHints":{"allow":["GET"]}}],"collection":[{"href":"https:\/\/audibax.com\/fr\/wp-json\/wp\/v2\/product"}],"about":[{"href":"https:\/\/audibax.com\/fr\/wp-json\/wp\/v2\/types\/product"}],"replies":[{"embeddable":true,"href":"https:\/\/audibax.com\/fr\/wp-json\/wp\/v2\/comments?post=38111"}],"wp:featuredmedia":[{"embeddable":true,"href":"https:\/\/audibax.com\/fr\/wp-json\/wp\/v2\/media\/16757"}],"wp:attachment":[{"href":"https:\/\/audibax.com\/fr\/wp-json\/wp\/v2\/media?parent=38111"}],"wp:term":[{"taxonomy":"product_cat","embeddable":true,"href":"https:\/\/audibax.com\/fr\/wp-json\/wp\/v2\/product_cat?post=38111"},{"taxonomy":"product_tag","embeddable":true,"href":"https:\/\/audibax.com\/fr\/wp-json\/wp\/v2\/product_tag?post=38111"}],"curies":[{"name":"wp","href":"https:\/\/api.w.org\/{rel}","templated":true}]}}