{"id":38108,"date":"2024-01-04T14:48:38","date_gmt":"2024-01-04T13:48:38","guid":{"rendered":"https:\/\/audibax.com\/product\/montana-28-uv-black\/"},"modified":"2024-01-05T13:03:47","modified_gmt":"2024-01-05T12:03:47","slug":"montana-28-uv-black","status":"publish","type":"product","link":"https:\/\/audibax.com\/fr\/produit\/montana-28-uv-black\/","title":{"rendered":"Montana 28 UV Black"},"content":{"rendered":"<\/p>\n<p><strong>Caract\u00e9ristiques<\/strong><\/p>\n<ul>\n<li>Le <strong>Audibax Montana 28 UV<\/strong>&nbsp;est un projecteur ultraviolet compact, facile \u00e0 transporter et dot\u00e9 d&rsquo;une puissante source lumineuse LED avec une luminosit\u00e9 \u00e9lev\u00e9e et des couleurs vives, ce qui vous permet d&rsquo;obtenir le meilleur \u00e9clairage de sc\u00e8ne avec l&rsquo;effet UV.Il s&rsquo;agit d&rsquo;un projecteur compact, facile \u00e0 transporter et dot\u00e9 d&rsquo;une puissante source lumineuse \u00e0 LED, d&rsquo;une grande luminosit\u00e9 et de couleurs vives, qui vous permet d&rsquo;obtenir le meilleur \u00e9clairage de sc\u00e8ne gr\u00e2ce \u00e0 l&rsquo;effet UV.<\/li>\n<li>Notre <strong>Montana 28 UV spotlight<\/strong> est \u00e9quip\u00e9 de 7 lumi\u00e8res LED UV de 4W, offrant une performance extraordinaire pour sa taille.<\/li>\n<li>Il dispose de 7 canaux DMX, d&rsquo;un angle de rayonnement de 20&#038;ordm ; et de la capacit\u00e9 de fonctionner en mode ma\u00eetre-esclave, musique-rythme et automatique.<\/li>\n<li>Il a une longue dur\u00e9e de vie, atteignant jusqu&rsquo;\u00e0 60.000 heures, et une grande \u00e9conomie d&rsquo;\u00e9nergie.<\/li>\n<\/ul>\n<p><strong>Sp\u00e9cifications<\/strong><\/p>\n<ul>\n<li>Voltage :&nbsp;100 ~ 240V AC \/ 60-50Hz<\/li>\n<li>Puissance : 25W<\/li>\n<li>Source lumineuse :7 x 4W UV LED<\/li>\n<li>N&uacute;nombre de couleurs : 1<\/li>\n<li>Couleurs : UV<\/li>\n<li>Angle de rayonnement : 20 degr\u00e9s<\/li>\n<li>CanauxDMX : 7<\/li>\n<li>Mode de contr\u00f4le : ma\u00eetre-esclave, automatique et rythme musical<\/li>\n<li>ConnexionDMX : XLR 3 broches<\/li>\n<li>Entr\u00e9e\/sortieDMX via XLR 3 broches<\/li>\n<li>Panneau de commande avec \u00e9cran LCD<\/li>\n<li>Bras double pour support au sol<\/li>\n<li>Dimensions avec poign\u00e9e : 220 x 210 x 110 mm<\/li>\n<\/ul>\n","protected":false},"excerpt":{"rendered":"<ul>\n<li>Projecteur LED ultraviolet<\/li>\n<li>Nombre de LED 7 x 4<\/li>\n<li>DMX<\/li>\n<\/ul>\n<\/ul>\n","protected":false},"featured_media":16509,"comment_status":"open","ping_status":"closed","template":"","meta":{"_acf_changed":false},"product_cat":[614],"product_tag":[],"class_list":{"0":"post-38108","1":"product","2":"type-product","3":"status-publish","4":"has-post-thumbnail","6":"product_cat-accessoires-pour-poutrelles","8":"first","9":"instock","10":"shipping-taxable","11":"product-type-simple"},"acf":[],"yoast_head":"<!-- This site is optimized with the Yoast SEO plugin v27.0 - https:\/\/yoast.com\/product\/yoast-seo-wordpress\/ -->\n<title>Montana 28 UV Black - Audibax<\/title>\n<meta name=\"robots\" content=\"index, follow, max-snippet:-1, max-image-preview:large, max-video-preview:-1\" \/>\n<link rel=\"canonical\" href=\"https:\/\/audibax.com\/fr\/produit\/montana-28-uv-black\/\" \/>\n<meta property=\"og:locale\" content=\"fr_FR\" \/>\n<meta property=\"og:type\" content=\"article\" \/>\n<meta property=\"og:title\" content=\"Montana 28 UV Black - Audibax\" \/>\n<meta property=\"og:description\" content=\"Projecteur LED ultraviolet Nombre de LED 7 x 4 DMX\" \/>\n<meta property=\"og:url\" content=\"https:\/\/audibax.com\/fr\/produit\/montana-28-uv-black\/\" \/>\n<meta property=\"og:site_name\" content=\"Audibax\" \/>\n<meta property=\"article:modified_time\" content=\"2024-01-05T12:03:47+00:00\" \/>\n<meta name=\"twitter:card\" content=\"summary_large_image\" \/>\n<meta name=\"twitter:label1\" content=\"Dur\u00e9e de lecture estim\u00e9e\" \/>\n\t<meta name=\"twitter:data1\" content=\"1 minute\" \/>\n<script type=\"application\/ld+json\" class=\"yoast-schema-graph\">{\"@context\":\"https:\/\/schema.org\",\"@graph\":[{\"@type\":\"WebPage\",\"@id\":\"https:\/\/audibax.com\/fr\/produit\/montana-28-uv-black\/\",\"url\":\"https:\/\/audibax.com\/fr\/produit\/montana-28-uv-black\/\",\"name\":\"Montana 28 UV Black - Audibax\",\"isPartOf\":{\"@id\":\"https:\/\/audibax.com\/fr\/#website\"},\"primaryImageOfPage\":{\"@id\":\"https:\/\/audibax.com\/fr\/produit\/montana-28-uv-black\/#primaryimage\"},\"image\":{\"@id\":\"https:\/\/audibax.com\/fr\/produit\/montana-28-uv-black\/#primaryimage\"},\"thumbnailUrl\":\"https:\/\/audibax.com\/wp-content\/uploads\/2023\/12\/Audibax-ACP-4058250S-10.png\",\"datePublished\":\"2024-01-04T13:48:38+00:00\",\"dateModified\":\"2024-01-05T12:03:47+00:00\",\"breadcrumb\":{\"@id\":\"https:\/\/audibax.com\/fr\/produit\/montana-28-uv-black\/#breadcrumb\"},\"inLanguage\":\"fr-FR\",\"potentialAction\":[{\"@type\":\"ReadAction\",\"target\":[\"https:\/\/audibax.com\/fr\/produit\/montana-28-uv-black\/\"]}]},{\"@type\":\"ImageObject\",\"inLanguage\":\"fr-FR\",\"@id\":\"https:\/\/audibax.com\/fr\/produit\/montana-28-uv-black\/#primaryimage\",\"url\":\"https:\/\/audibax.com\/wp-content\/uploads\/2023\/12\/Audibax-ACP-4058250S-10.png\",\"contentUrl\":\"https:\/\/audibax.com\/wp-content\/uploads\/2023\/12\/Audibax-ACP-4058250S-10.png\",\"width\":1000,\"height\":500},{\"@type\":\"BreadcrumbList\",\"@id\":\"https:\/\/audibax.com\/fr\/produit\/montana-28-uv-black\/#breadcrumb\",\"itemListElement\":[{\"@type\":\"ListItem\",\"position\":1,\"name\":\"Portada\",\"item\":\"https:\/\/audibax.com\/fr\/\"},{\"@type\":\"ListItem\",\"position\":2,\"name\":\"Produits\",\"item\":\"https:\/\/audibax.com\/fr\/shop\/\"},{\"@type\":\"ListItem\",\"position\":3,\"name\":\"Montana 28 UV Black\"}]},{\"@type\":\"WebSite\",\"@id\":\"https:\/\/audibax.com\/fr\/#website\",\"url\":\"https:\/\/audibax.com\/fr\/\",\"name\":\"Audibax\",\"description\":\"\",\"publisher\":{\"@id\":\"https:\/\/audibax.com\/fr\/#organization\"},\"potentialAction\":[{\"@type\":\"SearchAction\",\"target\":{\"@type\":\"EntryPoint\",\"urlTemplate\":\"https:\/\/audibax.com\/fr\/?s={search_term_string}\"},\"query-input\":{\"@type\":\"PropertyValueSpecification\",\"valueRequired\":true,\"valueName\":\"search_term_string\"}}],\"inLanguage\":\"fr-FR\"},{\"@type\":\"Organization\",\"@id\":\"https:\/\/audibax.com\/fr\/#organization\",\"name\":\"Audibax\",\"url\":\"https:\/\/audibax.com\/fr\/\",\"logo\":{\"@type\":\"ImageObject\",\"inLanguage\":\"fr-FR\",\"@id\":\"https:\/\/audibax.com\/fr\/#\/schema\/logo\/image\/\",\"url\":\"https:\/\/audibax.com\/wp-content\/uploads\/2023\/09\/logo-Audibax-BLANCO-SVG-1.svg\",\"contentUrl\":\"https:\/\/audibax.com\/wp-content\/uploads\/2023\/09\/logo-Audibax-BLANCO-SVG-1.svg\",\"caption\":\"Audibax\"},\"image\":{\"@id\":\"https:\/\/audibax.com\/fr\/#\/schema\/logo\/image\/\"}}]}<\/script>\n<!-- \/ Yoast SEO plugin. -->","yoast_head_json":{"title":"Montana 28 UV Black - Audibax","robots":{"index":"index","follow":"follow","max-snippet":"max-snippet:-1","max-image-preview":"max-image-preview:large","max-video-preview":"max-video-preview:-1"},"canonical":"https:\/\/audibax.com\/fr\/produit\/montana-28-uv-black\/","og_locale":"fr_FR","og_type":"article","og_title":"Montana 28 UV Black - Audibax","og_description":"Projecteur LED ultraviolet Nombre de LED 7 x 4 DMX","og_url":"https:\/\/audibax.com\/fr\/produit\/montana-28-uv-black\/","og_site_name":"Audibax","article_modified_time":"2024-01-05T12:03:47+00:00","twitter_card":"summary_large_image","twitter_misc":{"Dur\u00e9e de lecture estim\u00e9e":"1 minute"},"schema":{"@context":"https:\/\/schema.org","@graph":[{"@type":"WebPage","@id":"https:\/\/audibax.com\/fr\/produit\/montana-28-uv-black\/","url":"https:\/\/audibax.com\/fr\/produit\/montana-28-uv-black\/","name":"Montana 28 UV Black - Audibax","isPartOf":{"@id":"https:\/\/audibax.com\/fr\/#website"},"primaryImageOfPage":{"@id":"https:\/\/audibax.com\/fr\/produit\/montana-28-uv-black\/#primaryimage"},"image":{"@id":"https:\/\/audibax.com\/fr\/produit\/montana-28-uv-black\/#primaryimage"},"thumbnailUrl":"https:\/\/audibax.com\/wp-content\/uploads\/2023\/12\/Audibax-ACP-4058250S-10.png","datePublished":"2024-01-04T13:48:38+00:00","dateModified":"2024-01-05T12:03:47+00:00","breadcrumb":{"@id":"https:\/\/audibax.com\/fr\/produit\/montana-28-uv-black\/#breadcrumb"},"inLanguage":"fr-FR","potentialAction":[{"@type":"ReadAction","target":["https:\/\/audibax.com\/fr\/produit\/montana-28-uv-black\/"]}]},{"@type":"ImageObject","inLanguage":"fr-FR","@id":"https:\/\/audibax.com\/fr\/produit\/montana-28-uv-black\/#primaryimage","url":"https:\/\/audibax.com\/wp-content\/uploads\/2023\/12\/Audibax-ACP-4058250S-10.png","contentUrl":"https:\/\/audibax.com\/wp-content\/uploads\/2023\/12\/Audibax-ACP-4058250S-10.png","width":1000,"height":500},{"@type":"BreadcrumbList","@id":"https:\/\/audibax.com\/fr\/produit\/montana-28-uv-black\/#breadcrumb","itemListElement":[{"@type":"ListItem","position":1,"name":"Portada","item":"https:\/\/audibax.com\/fr\/"},{"@type":"ListItem","position":2,"name":"Produits","item":"https:\/\/audibax.com\/fr\/shop\/"},{"@type":"ListItem","position":3,"name":"Montana 28 UV Black"}]},{"@type":"WebSite","@id":"https:\/\/audibax.com\/fr\/#website","url":"https:\/\/audibax.com\/fr\/","name":"Audibax","description":"","publisher":{"@id":"https:\/\/audibax.com\/fr\/#organization"},"potentialAction":[{"@type":"SearchAction","target":{"@type":"EntryPoint","urlTemplate":"https:\/\/audibax.com\/fr\/?s={search_term_string}"},"query-input":{"@type":"PropertyValueSpecification","valueRequired":true,"valueName":"search_term_string"}}],"inLanguage":"fr-FR"},{"@type":"Organization","@id":"https:\/\/audibax.com\/fr\/#organization","name":"Audibax","url":"https:\/\/audibax.com\/fr\/","logo":{"@type":"ImageObject","inLanguage":"fr-FR","@id":"https:\/\/audibax.com\/fr\/#\/schema\/logo\/image\/","url":"https:\/\/audibax.com\/wp-content\/uploads\/2023\/09\/logo-Audibax-BLANCO-SVG-1.svg","contentUrl":"https:\/\/audibax.com\/wp-content\/uploads\/2023\/09\/logo-Audibax-BLANCO-SVG-1.svg","caption":"Audibax"},"image":{"@id":"https:\/\/audibax.com\/fr\/#\/schema\/logo\/image\/"}}]}},"_links":{"self":[{"href":"https:\/\/audibax.com\/fr\/wp-json\/wp\/v2\/product\/38108","targetHints":{"allow":["GET"]}}],"collection":[{"href":"https:\/\/audibax.com\/fr\/wp-json\/wp\/v2\/product"}],"about":[{"href":"https:\/\/audibax.com\/fr\/wp-json\/wp\/v2\/types\/product"}],"replies":[{"embeddable":true,"href":"https:\/\/audibax.com\/fr\/wp-json\/wp\/v2\/comments?post=38108"}],"wp:featuredmedia":[{"embeddable":true,"href":"https:\/\/audibax.com\/fr\/wp-json\/wp\/v2\/media\/16509"}],"wp:attachment":[{"href":"https:\/\/audibax.com\/fr\/wp-json\/wp\/v2\/media?parent=38108"}],"wp:term":[{"taxonomy":"product_cat","embeddable":true,"href":"https:\/\/audibax.com\/fr\/wp-json\/wp\/v2\/product_cat?post=38108"},{"taxonomy":"product_tag","embeddable":true,"href":"https:\/\/audibax.com\/fr\/wp-json\/wp\/v2\/product_tag?post=38108"}],"curies":[{"name":"wp","href":"https:\/\/api.w.org\/{rel}","templated":true}]}}