{"id":38104,"date":"2024-01-04T16:35:33","date_gmt":"2024-01-04T15:35:33","guid":{"rendered":"https:\/\/audibax.com\/product\/bubble-40-blue-2\/"},"modified":"2024-09-10T17:34:33","modified_gmt":"2024-09-10T15:34:33","slug":"bubble-40-blue-2","status":"publish","type":"product","link":"https:\/\/audibax.com\/fr\/produit\/bubble-40-blue-2\/","title":{"rendered":"Bubble 40 Blue"},"content":{"rendered":"<p><strong>Caract\u00e9ristiques<\/strong><\/p>\n<ul>\n<li>Le <strong>Audibax Bubble 40<\/strong> est une machine \u00e0 effets capable de g\u00e9n\u00e9rer de grosses bulles dans toute la pi\u00e8ce.Gr\u00e2ce \u00e0 sa petite taille et \u00e0 sa t\u00e9l\u00e9commande sans fil, elle est le compl\u00e9ment id\u00e9al pour vos \u00e9v\u00e9nements dans les petites salles, les anniversaires, etc.<\/li>\n<li>Notre <strong>machine \u00e0 bulles 40<\/strong> est \u00e9quip\u00e9e d&rsquo;un puissant ventilateur et se distingue par sa faible consommation d&rsquo;\u00e9nergie.<\/li>\n<li>Le support de montage vous permet de la fixer au mur, au plafond ou sur une poutrelle.<\/li>\n<\/ul>\n<p><strong>Sp\u00e9cifications<\/strong><\/p>\n<ul>\n<li style=\"list-style-type: none;\">\n<ul>\n<li>Machine \u00e0 bulles 40W<\/li>\n<li>Puissance : 40W<\/li>\n<li>Tension :<\/li>\n<li>T\u00e9l\u00e9commande sans fil<\/li>\n<li>Support de montage pour montage mural, au plafond ou sur treillis<\/li>\n<li>Couleur : Bleu<\/li>\n<li>Dimensions : 355 x 177 x 220 mm<\/li>\n<li>Poids : 1.38 KG<\/li>\n<\/ul>\n<\/li>\n<\/ul>\n","protected":false},"excerpt":{"rendered":"<ul>\n<li>Machine \u00e0 bulles<\/li>\n<li>Puissance : 40W<\/li>\n<li>T\u00e9l\u00e9commande sans fil<\/li>\n<\/ul>\n","protected":false},"featured_media":46513,"comment_status":"open","ping_status":"closed","template":"","meta":{"_acf_changed":false},"product_cat":[357],"product_tag":[],"class_list":{"0":"post-38104","1":"product","2":"type-product","3":"status-publish","4":"has-post-thumbnail","6":"product_cat-effets-de-la-machine","8":"first","9":"instock","10":"shipping-taxable","11":"product-type-simple"},"acf":[],"yoast_head":"<!-- This site is optimized with the Yoast SEO plugin v27.0 - https:\/\/yoast.com\/product\/yoast-seo-wordpress\/ -->\n<title>Bubble 40 Blue - Audibax<\/title>\n<meta name=\"robots\" content=\"index, follow, max-snippet:-1, max-image-preview:large, max-video-preview:-1\" \/>\n<link rel=\"canonical\" href=\"https:\/\/audibax.com\/fr\/produit\/bubble-40-blue-2\/\" \/>\n<meta property=\"og:locale\" content=\"fr_FR\" \/>\n<meta property=\"og:type\" content=\"article\" \/>\n<meta property=\"og:title\" content=\"Bubble 40 Blue - Audibax\" \/>\n<meta property=\"og:description\" content=\"Machine \u00e0 bulles  Puissance : 40W  T\u00e9l\u00e9commande sans fil\" \/>\n<meta property=\"og:url\" content=\"https:\/\/audibax.com\/fr\/produit\/bubble-40-blue-2\/\" \/>\n<meta property=\"og:site_name\" content=\"Audibax\" \/>\n<meta property=\"article:modified_time\" content=\"2024-09-10T15:34:33+00:00\" \/>\n<meta property=\"og:image\" content=\"https:\/\/audibax.com\/wp-content\/uploads\/2024\/01\/Audibax_Bubble_40_SF_55B_Machine-1024x724.png\" \/>\n\t<meta property=\"og:image:width\" content=\"1024\" \/>\n\t<meta property=\"og:image:height\" content=\"724\" \/>\n\t<meta property=\"og:image:type\" content=\"image\/png\" \/>\n<meta name=\"twitter:card\" content=\"summary_large_image\" \/>\n<meta name=\"twitter:label1\" content=\"Dur\u00e9e de lecture estim\u00e9e\" \/>\n\t<meta name=\"twitter:data1\" content=\"1 minute\" \/>\n<script type=\"application\/ld+json\" class=\"yoast-schema-graph\">{\"@context\":\"https:\/\/schema.org\",\"@graph\":[{\"@type\":\"WebPage\",\"@id\":\"https:\/\/audibax.com\/fr\/produit\/bubble-40-blue-2\/\",\"url\":\"https:\/\/audibax.com\/fr\/produit\/bubble-40-blue-2\/\",\"name\":\"Bubble 40 Blue - Audibax\",\"isPartOf\":{\"@id\":\"https:\/\/audibax.com\/fr\/#website\"},\"primaryImageOfPage\":{\"@id\":\"https:\/\/audibax.com\/fr\/produit\/bubble-40-blue-2\/#primaryimage\"},\"image\":{\"@id\":\"https:\/\/audibax.com\/fr\/produit\/bubble-40-blue-2\/#primaryimage\"},\"thumbnailUrl\":\"https:\/\/audibax.com\/wp-content\/uploads\/2024\/01\/Audibax_Bubble_40_SF_55B_Machine.png\",\"datePublished\":\"2024-01-04T15:35:33+00:00\",\"dateModified\":\"2024-09-10T15:34:33+00:00\",\"breadcrumb\":{\"@id\":\"https:\/\/audibax.com\/fr\/produit\/bubble-40-blue-2\/#breadcrumb\"},\"inLanguage\":\"fr-FR\",\"potentialAction\":[{\"@type\":\"ReadAction\",\"target\":[\"https:\/\/audibax.com\/fr\/produit\/bubble-40-blue-2\/\"]}]},{\"@type\":\"ImageObject\",\"inLanguage\":\"fr-FR\",\"@id\":\"https:\/\/audibax.com\/fr\/produit\/bubble-40-blue-2\/#primaryimage\",\"url\":\"https:\/\/audibax.com\/wp-content\/uploads\/2024\/01\/Audibax_Bubble_40_SF_55B_Machine.png\",\"contentUrl\":\"https:\/\/audibax.com\/wp-content\/uploads\/2024\/01\/Audibax_Bubble_40_SF_55B_Machine.png\",\"width\":2500,\"height\":1767},{\"@type\":\"BreadcrumbList\",\"@id\":\"https:\/\/audibax.com\/fr\/produit\/bubble-40-blue-2\/#breadcrumb\",\"itemListElement\":[{\"@type\":\"ListItem\",\"position\":1,\"name\":\"Portada\",\"item\":\"https:\/\/audibax.com\/fr\/\"},{\"@type\":\"ListItem\",\"position\":2,\"name\":\"Produits\",\"item\":\"https:\/\/audibax.com\/fr\/shop\/\"},{\"@type\":\"ListItem\",\"position\":3,\"name\":\"Bubble 40 Blue\"}]},{\"@type\":\"WebSite\",\"@id\":\"https:\/\/audibax.com\/fr\/#website\",\"url\":\"https:\/\/audibax.com\/fr\/\",\"name\":\"Audibax\",\"description\":\"\",\"publisher\":{\"@id\":\"https:\/\/audibax.com\/fr\/#organization\"},\"potentialAction\":[{\"@type\":\"SearchAction\",\"target\":{\"@type\":\"EntryPoint\",\"urlTemplate\":\"https:\/\/audibax.com\/fr\/?s={search_term_string}\"},\"query-input\":{\"@type\":\"PropertyValueSpecification\",\"valueRequired\":true,\"valueName\":\"search_term_string\"}}],\"inLanguage\":\"fr-FR\"},{\"@type\":\"Organization\",\"@id\":\"https:\/\/audibax.com\/fr\/#organization\",\"name\":\"Audibax\",\"url\":\"https:\/\/audibax.com\/fr\/\",\"logo\":{\"@type\":\"ImageObject\",\"inLanguage\":\"fr-FR\",\"@id\":\"https:\/\/audibax.com\/fr\/#\/schema\/logo\/image\/\",\"url\":\"https:\/\/audibax.com\/wp-content\/uploads\/2023\/09\/logo-Audibax-BLANCO-SVG-1.svg\",\"contentUrl\":\"https:\/\/audibax.com\/wp-content\/uploads\/2023\/09\/logo-Audibax-BLANCO-SVG-1.svg\",\"caption\":\"Audibax\"},\"image\":{\"@id\":\"https:\/\/audibax.com\/fr\/#\/schema\/logo\/image\/\"}}]}<\/script>\n<!-- \/ Yoast SEO plugin. -->","yoast_head_json":{"title":"Bubble 40 Blue - Audibax","robots":{"index":"index","follow":"follow","max-snippet":"max-snippet:-1","max-image-preview":"max-image-preview:large","max-video-preview":"max-video-preview:-1"},"canonical":"https:\/\/audibax.com\/fr\/produit\/bubble-40-blue-2\/","og_locale":"fr_FR","og_type":"article","og_title":"Bubble 40 Blue - Audibax","og_description":"Machine \u00e0 bulles  Puissance : 40W  T\u00e9l\u00e9commande sans fil","og_url":"https:\/\/audibax.com\/fr\/produit\/bubble-40-blue-2\/","og_site_name":"Audibax","article_modified_time":"2024-09-10T15:34:33+00:00","og_image":[{"width":1024,"height":724,"url":"https:\/\/audibax.com\/wp-content\/uploads\/2024\/01\/Audibax_Bubble_40_SF_55B_Machine-1024x724.png","type":"image\/png"}],"twitter_card":"summary_large_image","twitter_misc":{"Dur\u00e9e de lecture estim\u00e9e":"1 minute"},"schema":{"@context":"https:\/\/schema.org","@graph":[{"@type":"WebPage","@id":"https:\/\/audibax.com\/fr\/produit\/bubble-40-blue-2\/","url":"https:\/\/audibax.com\/fr\/produit\/bubble-40-blue-2\/","name":"Bubble 40 Blue - Audibax","isPartOf":{"@id":"https:\/\/audibax.com\/fr\/#website"},"primaryImageOfPage":{"@id":"https:\/\/audibax.com\/fr\/produit\/bubble-40-blue-2\/#primaryimage"},"image":{"@id":"https:\/\/audibax.com\/fr\/produit\/bubble-40-blue-2\/#primaryimage"},"thumbnailUrl":"https:\/\/audibax.com\/wp-content\/uploads\/2024\/01\/Audibax_Bubble_40_SF_55B_Machine.png","datePublished":"2024-01-04T15:35:33+00:00","dateModified":"2024-09-10T15:34:33+00:00","breadcrumb":{"@id":"https:\/\/audibax.com\/fr\/produit\/bubble-40-blue-2\/#breadcrumb"},"inLanguage":"fr-FR","potentialAction":[{"@type":"ReadAction","target":["https:\/\/audibax.com\/fr\/produit\/bubble-40-blue-2\/"]}]},{"@type":"ImageObject","inLanguage":"fr-FR","@id":"https:\/\/audibax.com\/fr\/produit\/bubble-40-blue-2\/#primaryimage","url":"https:\/\/audibax.com\/wp-content\/uploads\/2024\/01\/Audibax_Bubble_40_SF_55B_Machine.png","contentUrl":"https:\/\/audibax.com\/wp-content\/uploads\/2024\/01\/Audibax_Bubble_40_SF_55B_Machine.png","width":2500,"height":1767},{"@type":"BreadcrumbList","@id":"https:\/\/audibax.com\/fr\/produit\/bubble-40-blue-2\/#breadcrumb","itemListElement":[{"@type":"ListItem","position":1,"name":"Portada","item":"https:\/\/audibax.com\/fr\/"},{"@type":"ListItem","position":2,"name":"Produits","item":"https:\/\/audibax.com\/fr\/shop\/"},{"@type":"ListItem","position":3,"name":"Bubble 40 Blue"}]},{"@type":"WebSite","@id":"https:\/\/audibax.com\/fr\/#website","url":"https:\/\/audibax.com\/fr\/","name":"Audibax","description":"","publisher":{"@id":"https:\/\/audibax.com\/fr\/#organization"},"potentialAction":[{"@type":"SearchAction","target":{"@type":"EntryPoint","urlTemplate":"https:\/\/audibax.com\/fr\/?s={search_term_string}"},"query-input":{"@type":"PropertyValueSpecification","valueRequired":true,"valueName":"search_term_string"}}],"inLanguage":"fr-FR"},{"@type":"Organization","@id":"https:\/\/audibax.com\/fr\/#organization","name":"Audibax","url":"https:\/\/audibax.com\/fr\/","logo":{"@type":"ImageObject","inLanguage":"fr-FR","@id":"https:\/\/audibax.com\/fr\/#\/schema\/logo\/image\/","url":"https:\/\/audibax.com\/wp-content\/uploads\/2023\/09\/logo-Audibax-BLANCO-SVG-1.svg","contentUrl":"https:\/\/audibax.com\/wp-content\/uploads\/2023\/09\/logo-Audibax-BLANCO-SVG-1.svg","caption":"Audibax"},"image":{"@id":"https:\/\/audibax.com\/fr\/#\/schema\/logo\/image\/"}}]}},"_links":{"self":[{"href":"https:\/\/audibax.com\/fr\/wp-json\/wp\/v2\/product\/38104","targetHints":{"allow":["GET"]}}],"collection":[{"href":"https:\/\/audibax.com\/fr\/wp-json\/wp\/v2\/product"}],"about":[{"href":"https:\/\/audibax.com\/fr\/wp-json\/wp\/v2\/types\/product"}],"replies":[{"embeddable":true,"href":"https:\/\/audibax.com\/fr\/wp-json\/wp\/v2\/comments?post=38104"}],"wp:featuredmedia":[{"embeddable":true,"href":"https:\/\/audibax.com\/fr\/wp-json\/wp\/v2\/media\/46513"}],"wp:attachment":[{"href":"https:\/\/audibax.com\/fr\/wp-json\/wp\/v2\/media?parent=38104"}],"wp:term":[{"taxonomy":"product_cat","embeddable":true,"href":"https:\/\/audibax.com\/fr\/wp-json\/wp\/v2\/product_cat?post=38104"},{"taxonomy":"product_tag","embeddable":true,"href":"https:\/\/audibax.com\/fr\/wp-json\/wp\/v2\/product_tag?post=38104"}],"curies":[{"name":"wp","href":"https:\/\/api.w.org\/{rel}","templated":true}]}}