{"id":38102,"date":"2024-01-03T18:24:08","date_gmt":"2024-01-03T17:24:08","guid":{"rendered":"https:\/\/audibax.com\/product\/volcano-1500-black\/"},"modified":"2024-01-05T13:03:39","modified_gmt":"2024-01-05T12:03:39","slug":"volcano-1500-black","status":"publish","type":"product","link":"https:\/\/audibax.com\/fr\/produit\/volcano-1500-black\/","title":{"rendered":"Volcano 1500 Black"},"content":{"rendered":"<\/p>\n<p><strong>Caract\u00e9ristiques<\/strong><\/strong><\/p>\n<ul>\n<li>Le <strong>Audibax Volcano 1500 RGBW<\/strong> est une machine \u00e0 effets haute performance, qui g\u00e9n\u00e8re de la fum\u00e9e \u00e0 effet CO2 accompagn\u00e9e d&rsquo;une source lumineuse LED multicolore.Il s&rsquo;agit d&rsquo;une source lumineuse \u00e0 LED multicolore, qui vous donnera l&rsquo;aspect et la sensation diff\u00e9rents que vous recherchiez pour vos spectacles et \u00e9v\u00e9nements.<\/li>\n<li>Notre machine \u00e0 fum\u00e9e <strong>Volcano 1500 RGBW<\/strong> est \u00e9quip\u00e9e de 24 lumi\u00e8res LED RGBW d&rsquo;une puissance de 10W et d&rsquo;un r\u00e9servoir de 3.5 litres.<\/li>\n<li>Elle dispose d&rsquo;un \u00e9cran num\u00e9rique pour le r\u00e9glage des fonctions DMX et autonomes, et a la capacit\u00e9 de fonctionner en mode automatique, DMX et contr\u00f4le IR.<\/li>\n<li>Il peut fonctionner aussi bien \u00e0 l&rsquo;horizontale qu&rsquo;\u00e0 la verticale et son temps de chauffe est de 4 minutes.<\/li>\n<li>Sa t\u00e9l\u00e9commande et son affichage num\u00e9rique avec fonction de minuterie le rendent facile \u00e0 utiliser.<\/ul>\n<\/ul>\n<p><strong>Sp\u00e9cifications<\/strong><\/p>\n<ul>\n<li>Machine \u00e0 fum\u00e9e \u00e0 effet C02 avec LED RGBW haute performance<\/li>\n<li>Puissance : 1500 W<\/li>\n<li>Source de lumi\u00e8re : 24 x 10W LED RGBW<\/li>\n<li>Volume de fum\u00e9e par minute 530 m3<\/li>\n<li>Temps de chauffe : 4 min<\/li>\n<li>Capacit\u00e9 du r\u00e9servoir : 3,5 L<\/li>\n<li>Canaux DMX : 8CH<\/li>\n<li>Mode de contr\u00f4le : DMX, AUTO, t\u00e9l\u00e9commande IR<\/li>\n<li>Alimentation \u00e9lectrique : Affichage num\u00e9rique pour d\u00e9finir les fonctions DMX et les param\u00e8tres ind\u00e9pendants<\/li>\n<li>T\u00e9l\u00e9commande facile et affichage num\u00e9rique avec fonction de minuterie<\/li>\n<li>Couleur : Noir<\/li>\n<li>Dimensions:&nbsp;370 x 190 x 350 mm<\/li>\n<\/ul>\n<\/ul>\n","protected":false},"excerpt":{"rendered":"<ul>\n<li>Machine \u00e0 fum\u00e9e \u00e0 effet CO2 avec LED RGBW haute performance<\/li>\n<li>Puissance : 1500 W<\/li>\n<li>Source lumineuse : 24 x 10W LED RGBW<\/li>\n<li>T\u00e9l\u00e9commande<\/li>\n<\/ul>\n<li>Machine \u00e0 fum\u00e9e avec LED RGBW haute performance<\/li>\n<\/ul>\n","protected":false},"featured_media":17025,"comment_status":"open","ping_status":"closed","template":"","meta":{"_acf_changed":false},"product_cat":[325],"product_tag":[],"class_list":{"0":"post-38102","1":"product","2":"type-product","3":"status-publish","4":"has-post-thumbnail","6":"product_cat-cable-xlr","8":"first","9":"instock","10":"shipping-taxable","11":"product-type-simple"},"acf":[],"yoast_head":"<!-- This site is optimized with the Yoast SEO plugin v27.0 - https:\/\/yoast.com\/product\/yoast-seo-wordpress\/ -->\n<title>Volcano 1500 Black - Audibax<\/title>\n<meta name=\"robots\" content=\"index, follow, max-snippet:-1, max-image-preview:large, max-video-preview:-1\" \/>\n<link rel=\"canonical\" href=\"https:\/\/audibax.com\/fr\/produit\/volcano-1500-black\/\" \/>\n<meta property=\"og:locale\" content=\"fr_FR\" \/>\n<meta property=\"og:type\" content=\"article\" \/>\n<meta property=\"og:title\" content=\"Volcano 1500 Black - Audibax\" \/>\n<meta property=\"og:description\" content=\"Machine \u00e0 fum\u00e9e \u00e0 effet CO2 avec LED RGBW haute performance Puissance : 1500 W Source lumineuse : 24 x 10W LED RGBW T\u00e9l\u00e9commande Machine \u00e0 fum\u00e9e avec LED RGBW haute performance\" \/>\n<meta property=\"og:url\" content=\"https:\/\/audibax.com\/fr\/produit\/volcano-1500-black\/\" \/>\n<meta property=\"og:site_name\" content=\"Audibax\" \/>\n<meta property=\"article:modified_time\" content=\"2024-01-05T12:03:39+00:00\" \/>\n<meta name=\"twitter:card\" content=\"summary_large_image\" \/>\n<meta name=\"twitter:label1\" content=\"Dur\u00e9e de lecture estim\u00e9e\" \/>\n\t<meta name=\"twitter:data1\" content=\"1 minute\" \/>\n<script type=\"application\/ld+json\" class=\"yoast-schema-graph\">{\"@context\":\"https:\/\/schema.org\",\"@graph\":[{\"@type\":\"WebPage\",\"@id\":\"https:\/\/audibax.com\/fr\/produit\/volcano-1500-black\/\",\"url\":\"https:\/\/audibax.com\/fr\/produit\/volcano-1500-black\/\",\"name\":\"Volcano 1500 Black - Audibax\",\"isPartOf\":{\"@id\":\"https:\/\/audibax.com\/fr\/#website\"},\"primaryImageOfPage\":{\"@id\":\"https:\/\/audibax.com\/fr\/produit\/volcano-1500-black\/#primaryimage\"},\"image\":{\"@id\":\"https:\/\/audibax.com\/fr\/produit\/volcano-1500-black\/#primaryimage\"},\"thumbnailUrl\":\"https:\/\/audibax.com\/wp-content\/uploads\/2023\/12\/audibax-cable-xlr-macho-xlr-hembra-20m-gris-silver-1.png\",\"datePublished\":\"2024-01-03T17:24:08+00:00\",\"dateModified\":\"2024-01-05T12:03:39+00:00\",\"breadcrumb\":{\"@id\":\"https:\/\/audibax.com\/fr\/produit\/volcano-1500-black\/#breadcrumb\"},\"inLanguage\":\"fr-FR\",\"potentialAction\":[{\"@type\":\"ReadAction\",\"target\":[\"https:\/\/audibax.com\/fr\/produit\/volcano-1500-black\/\"]}]},{\"@type\":\"ImageObject\",\"inLanguage\":\"fr-FR\",\"@id\":\"https:\/\/audibax.com\/fr\/produit\/volcano-1500-black\/#primaryimage\",\"url\":\"https:\/\/audibax.com\/wp-content\/uploads\/2023\/12\/audibax-cable-xlr-macho-xlr-hembra-20m-gris-silver-1.png\",\"contentUrl\":\"https:\/\/audibax.com\/wp-content\/uploads\/2023\/12\/audibax-cable-xlr-macho-xlr-hembra-20m-gris-silver-1.png\",\"width\":1000,\"height\":500},{\"@type\":\"BreadcrumbList\",\"@id\":\"https:\/\/audibax.com\/fr\/produit\/volcano-1500-black\/#breadcrumb\",\"itemListElement\":[{\"@type\":\"ListItem\",\"position\":1,\"name\":\"Portada\",\"item\":\"https:\/\/audibax.com\/fr\/\"},{\"@type\":\"ListItem\",\"position\":2,\"name\":\"Produits\",\"item\":\"https:\/\/audibax.com\/fr\/shop\/\"},{\"@type\":\"ListItem\",\"position\":3,\"name\":\"Volcano 1500 Black\"}]},{\"@type\":\"WebSite\",\"@id\":\"https:\/\/audibax.com\/fr\/#website\",\"url\":\"https:\/\/audibax.com\/fr\/\",\"name\":\"Audibax\",\"description\":\"\",\"publisher\":{\"@id\":\"https:\/\/audibax.com\/fr\/#organization\"},\"potentialAction\":[{\"@type\":\"SearchAction\",\"target\":{\"@type\":\"EntryPoint\",\"urlTemplate\":\"https:\/\/audibax.com\/fr\/?s={search_term_string}\"},\"query-input\":{\"@type\":\"PropertyValueSpecification\",\"valueRequired\":true,\"valueName\":\"search_term_string\"}}],\"inLanguage\":\"fr-FR\"},{\"@type\":\"Organization\",\"@id\":\"https:\/\/audibax.com\/fr\/#organization\",\"name\":\"Audibax\",\"url\":\"https:\/\/audibax.com\/fr\/\",\"logo\":{\"@type\":\"ImageObject\",\"inLanguage\":\"fr-FR\",\"@id\":\"https:\/\/audibax.com\/fr\/#\/schema\/logo\/image\/\",\"url\":\"https:\/\/audibax.com\/wp-content\/uploads\/2023\/09\/logo-Audibax-BLANCO-SVG-1.svg\",\"contentUrl\":\"https:\/\/audibax.com\/wp-content\/uploads\/2023\/09\/logo-Audibax-BLANCO-SVG-1.svg\",\"caption\":\"Audibax\"},\"image\":{\"@id\":\"https:\/\/audibax.com\/fr\/#\/schema\/logo\/image\/\"}}]}<\/script>\n<!-- \/ Yoast SEO plugin. -->","yoast_head_json":{"title":"Volcano 1500 Black - Audibax","robots":{"index":"index","follow":"follow","max-snippet":"max-snippet:-1","max-image-preview":"max-image-preview:large","max-video-preview":"max-video-preview:-1"},"canonical":"https:\/\/audibax.com\/fr\/produit\/volcano-1500-black\/","og_locale":"fr_FR","og_type":"article","og_title":"Volcano 1500 Black - Audibax","og_description":"Machine \u00e0 fum\u00e9e \u00e0 effet CO2 avec LED RGBW haute performance Puissance : 1500 W Source lumineuse : 24 x 10W LED RGBW T\u00e9l\u00e9commande Machine \u00e0 fum\u00e9e avec LED RGBW haute performance","og_url":"https:\/\/audibax.com\/fr\/produit\/volcano-1500-black\/","og_site_name":"Audibax","article_modified_time":"2024-01-05T12:03:39+00:00","twitter_card":"summary_large_image","twitter_misc":{"Dur\u00e9e de lecture estim\u00e9e":"1 minute"},"schema":{"@context":"https:\/\/schema.org","@graph":[{"@type":"WebPage","@id":"https:\/\/audibax.com\/fr\/produit\/volcano-1500-black\/","url":"https:\/\/audibax.com\/fr\/produit\/volcano-1500-black\/","name":"Volcano 1500 Black - Audibax","isPartOf":{"@id":"https:\/\/audibax.com\/fr\/#website"},"primaryImageOfPage":{"@id":"https:\/\/audibax.com\/fr\/produit\/volcano-1500-black\/#primaryimage"},"image":{"@id":"https:\/\/audibax.com\/fr\/produit\/volcano-1500-black\/#primaryimage"},"thumbnailUrl":"https:\/\/audibax.com\/wp-content\/uploads\/2023\/12\/audibax-cable-xlr-macho-xlr-hembra-20m-gris-silver-1.png","datePublished":"2024-01-03T17:24:08+00:00","dateModified":"2024-01-05T12:03:39+00:00","breadcrumb":{"@id":"https:\/\/audibax.com\/fr\/produit\/volcano-1500-black\/#breadcrumb"},"inLanguage":"fr-FR","potentialAction":[{"@type":"ReadAction","target":["https:\/\/audibax.com\/fr\/produit\/volcano-1500-black\/"]}]},{"@type":"ImageObject","inLanguage":"fr-FR","@id":"https:\/\/audibax.com\/fr\/produit\/volcano-1500-black\/#primaryimage","url":"https:\/\/audibax.com\/wp-content\/uploads\/2023\/12\/audibax-cable-xlr-macho-xlr-hembra-20m-gris-silver-1.png","contentUrl":"https:\/\/audibax.com\/wp-content\/uploads\/2023\/12\/audibax-cable-xlr-macho-xlr-hembra-20m-gris-silver-1.png","width":1000,"height":500},{"@type":"BreadcrumbList","@id":"https:\/\/audibax.com\/fr\/produit\/volcano-1500-black\/#breadcrumb","itemListElement":[{"@type":"ListItem","position":1,"name":"Portada","item":"https:\/\/audibax.com\/fr\/"},{"@type":"ListItem","position":2,"name":"Produits","item":"https:\/\/audibax.com\/fr\/shop\/"},{"@type":"ListItem","position":3,"name":"Volcano 1500 Black"}]},{"@type":"WebSite","@id":"https:\/\/audibax.com\/fr\/#website","url":"https:\/\/audibax.com\/fr\/","name":"Audibax","description":"","publisher":{"@id":"https:\/\/audibax.com\/fr\/#organization"},"potentialAction":[{"@type":"SearchAction","target":{"@type":"EntryPoint","urlTemplate":"https:\/\/audibax.com\/fr\/?s={search_term_string}"},"query-input":{"@type":"PropertyValueSpecification","valueRequired":true,"valueName":"search_term_string"}}],"inLanguage":"fr-FR"},{"@type":"Organization","@id":"https:\/\/audibax.com\/fr\/#organization","name":"Audibax","url":"https:\/\/audibax.com\/fr\/","logo":{"@type":"ImageObject","inLanguage":"fr-FR","@id":"https:\/\/audibax.com\/fr\/#\/schema\/logo\/image\/","url":"https:\/\/audibax.com\/wp-content\/uploads\/2023\/09\/logo-Audibax-BLANCO-SVG-1.svg","contentUrl":"https:\/\/audibax.com\/wp-content\/uploads\/2023\/09\/logo-Audibax-BLANCO-SVG-1.svg","caption":"Audibax"},"image":{"@id":"https:\/\/audibax.com\/fr\/#\/schema\/logo\/image\/"}}]}},"_links":{"self":[{"href":"https:\/\/audibax.com\/fr\/wp-json\/wp\/v2\/product\/38102","targetHints":{"allow":["GET"]}}],"collection":[{"href":"https:\/\/audibax.com\/fr\/wp-json\/wp\/v2\/product"}],"about":[{"href":"https:\/\/audibax.com\/fr\/wp-json\/wp\/v2\/types\/product"}],"replies":[{"embeddable":true,"href":"https:\/\/audibax.com\/fr\/wp-json\/wp\/v2\/comments?post=38102"}],"wp:featuredmedia":[{"embeddable":true,"href":"https:\/\/audibax.com\/fr\/wp-json\/wp\/v2\/media\/17025"}],"wp:attachment":[{"href":"https:\/\/audibax.com\/fr\/wp-json\/wp\/v2\/media?parent=38102"}],"wp:term":[{"taxonomy":"product_cat","embeddable":true,"href":"https:\/\/audibax.com\/fr\/wp-json\/wp\/v2\/product_cat?post=38102"},{"taxonomy":"product_tag","embeddable":true,"href":"https:\/\/audibax.com\/fr\/wp-json\/wp\/v2\/product_tag?post=38102"}],"curies":[{"name":"wp","href":"https:\/\/api.w.org\/{rel}","templated":true}]}}