{"id":38101,"date":"2023-12-11T13:34:10","date_gmt":"2023-12-11T12:34:10","guid":{"rendered":"https:\/\/audibax.com\/product\/magic-ball-black-2\/"},"modified":"2024-01-05T13:03:37","modified_gmt":"2024-01-05T12:03:37","slug":"magic-ball-black-2","status":"publish","type":"product","link":"https:\/\/audibax.com\/fr\/produit\/magic-ball-black-2\/","title":{"rendered":"Magic Ball Black"},"content":{"rendered":"<p><La boule magique Audibax est un effet LED id\u00e9al pour les petites f\u00eates dans des espaces de taille moyenne. Elle a une longue dur\u00e9e de vie, une faible consommation d'\u00e9nergie et g\u00e9n\u00e8re tr\u00e8s peu de chaleur. Cet effet est con\u00e7u pour \u00eatre utilis\u00e9 dans les bo\u00eetes de nuit, les discoth\u00e8ques de taille moyenne, les bars et les f\u00eates \u00e0 domicile.<\/p>\n<p>&nbsp;<\/p>\n<ul>\n<li>Haute luminosit\u00e9 LED 6x 3W RGBAW<\/li>\n<li>Haute luminosit\u00e9 LED 6x 3W RGBAW<\/li>\n<li>Haute luminosit\u00e9.\n<li>Rythme musical ou Auto<\/li>\n<li>Microphone interne<\/li>\n<li>Microphone<\/li>\n<li>Contr\u00f4le de la sensibilit\u00e9<\/li>\n<li>Contr\u00f4le de la sensibilit\u00e9<\/li>\n<li>Microphone interne<\/li>\n<li>Contr\u00f4le de la sensibilit\u00e9Contr\u00f4le de la sensibilit\u00e9<\/li>\n<li>Ventilateur interne<\/li>\n<li>Contr\u00f4leDMX<\/li>\n<\/ul>\n<\/ul>\n<p><strong>Caract\u00e9ristiques techniques<\/strong><\/strong><\/p>\n<ul>\n<li>Consommation \u00e9lectrique : 20W<\/li>\n<li>Alimentation \u00e9lectrique : 100-240Vac \/ 50Hz<\/li>\n<li>Dimensions : 190 x 190 x 190 x 190mm<\/li>\n<li>Poids : 600g<\/li>\n<\/ul>\n<p>&nbsp;<\/p>\n<p><img decoding=\"async\" alt=\"\" src=\"\/crm\/documents\/fckeditor\/image\/11111\/AUDIBAX-MAGICBALL-effects-ball.jpg\" style=\"height:662px ; width:675px\" \/><\/p>\n<\/p>\n<p>&nbsp;<\/p>\n<\/p>\n<p>.<\/p>\n","protected":false},"excerpt":{"rendered":"<ul>\n<li>Haute luminosit\u00e9 LED 6x 3W RGBAW<\/li>\n<li>Rythme de la musique ou Auto<\/li>\n<li>Microphone interne<\/li>\n<li>Micr&oacute;phono<li\n\n<li>\n<li>Contr\u00f4le de la sensibilit\u00e9<\/li>\n<li>Ventilateur interne<\/li>\n<li>Contr\u00f4leDMX<\/li>\n<\/ul>\n<\/ul>\n","protected":false},"featured_media":18470,"comment_status":"open","ping_status":"closed","template":"","meta":{"_acf_changed":false},"product_cat":[355],"product_tag":[],"class_list":{"0":"post-38101","1":"product","2":"type-product","3":"status-publish","4":"has-post-thumbnail","6":"product_cat-effets-de-lumiere","8":"first","9":"instock","10":"shipping-taxable","11":"product-type-simple"},"acf":[],"yoast_head":"<!-- This site is optimized with the Yoast SEO plugin v27.0 - https:\/\/yoast.com\/product\/yoast-seo-wordpress\/ -->\n<title>Magic Ball Black - Audibax<\/title>\n<meta name=\"robots\" content=\"index, follow, max-snippet:-1, max-image-preview:large, max-video-preview:-1\" \/>\n<link rel=\"canonical\" href=\"https:\/\/audibax.com\/fr\/produit\/magic-ball-black-2\/\" \/>\n<meta property=\"og:locale\" content=\"fr_FR\" \/>\n<meta property=\"og:type\" content=\"article\" \/>\n<meta property=\"og:title\" content=\"Magic Ball Black - Audibax\" \/>\n<meta property=\"og:description\" content=\"Haute luminosit\u00e9 LED 6x 3W RGBAW Rythme de la musique ou Auto Microphone interne Micr&oacute;phono\" \/>\n<meta property=\"og:url\" content=\"https:\/\/audibax.com\/fr\/produit\/magic-ball-black-2\/\" \/>\n<meta property=\"og:site_name\" content=\"Audibax\" \/>\n<meta property=\"article:modified_time\" content=\"2024-01-05T12:03:37+00:00\" \/>\n<meta name=\"twitter:card\" content=\"summary_large_image\" \/>\n<script type=\"application\/ld+json\" class=\"yoast-schema-graph\">{\"@context\":\"https:\/\/schema.org\",\"@graph\":[{\"@type\":\"WebPage\",\"@id\":\"https:\/\/audibax.com\/fr\/produit\/magic-ball-black-2\/\",\"url\":\"https:\/\/audibax.com\/fr\/produit\/magic-ball-black-2\/\",\"name\":\"Magic Ball Black - Audibax\",\"isPartOf\":{\"@id\":\"https:\/\/audibax.com\/fr\/#website\"},\"primaryImageOfPage\":{\"@id\":\"https:\/\/audibax.com\/fr\/produit\/magic-ball-black-2\/#primaryimage\"},\"image\":{\"@id\":\"https:\/\/audibax.com\/fr\/produit\/magic-ball-black-2\/#primaryimage\"},\"thumbnailUrl\":\"https:\/\/audibax.com\/wp-content\/uploads\/2023\/12\/Magic-Ball-audibax.jpg\",\"datePublished\":\"2023-12-11T12:34:10+00:00\",\"dateModified\":\"2024-01-05T12:03:37+00:00\",\"breadcrumb\":{\"@id\":\"https:\/\/audibax.com\/fr\/produit\/magic-ball-black-2\/#breadcrumb\"},\"inLanguage\":\"fr-FR\",\"potentialAction\":[{\"@type\":\"ReadAction\",\"target\":[\"https:\/\/audibax.com\/fr\/produit\/magic-ball-black-2\/\"]}]},{\"@type\":\"ImageObject\",\"inLanguage\":\"fr-FR\",\"@id\":\"https:\/\/audibax.com\/fr\/produit\/magic-ball-black-2\/#primaryimage\",\"url\":\"https:\/\/audibax.com\/wp-content\/uploads\/2023\/12\/Magic-Ball-audibax.jpg\",\"contentUrl\":\"https:\/\/audibax.com\/wp-content\/uploads\/2023\/12\/Magic-Ball-audibax.jpg\",\"width\":1186,\"height\":1186},{\"@type\":\"BreadcrumbList\",\"@id\":\"https:\/\/audibax.com\/fr\/produit\/magic-ball-black-2\/#breadcrumb\",\"itemListElement\":[{\"@type\":\"ListItem\",\"position\":1,\"name\":\"Portada\",\"item\":\"https:\/\/audibax.com\/fr\/\"},{\"@type\":\"ListItem\",\"position\":2,\"name\":\"Produits\",\"item\":\"https:\/\/audibax.com\/fr\/shop\/\"},{\"@type\":\"ListItem\",\"position\":3,\"name\":\"Magic Ball Black\"}]},{\"@type\":\"WebSite\",\"@id\":\"https:\/\/audibax.com\/fr\/#website\",\"url\":\"https:\/\/audibax.com\/fr\/\",\"name\":\"Audibax\",\"description\":\"\",\"publisher\":{\"@id\":\"https:\/\/audibax.com\/fr\/#organization\"},\"potentialAction\":[{\"@type\":\"SearchAction\",\"target\":{\"@type\":\"EntryPoint\",\"urlTemplate\":\"https:\/\/audibax.com\/fr\/?s={search_term_string}\"},\"query-input\":{\"@type\":\"PropertyValueSpecification\",\"valueRequired\":true,\"valueName\":\"search_term_string\"}}],\"inLanguage\":\"fr-FR\"},{\"@type\":\"Organization\",\"@id\":\"https:\/\/audibax.com\/fr\/#organization\",\"name\":\"Audibax\",\"url\":\"https:\/\/audibax.com\/fr\/\",\"logo\":{\"@type\":\"ImageObject\",\"inLanguage\":\"fr-FR\",\"@id\":\"https:\/\/audibax.com\/fr\/#\/schema\/logo\/image\/\",\"url\":\"https:\/\/audibax.com\/wp-content\/uploads\/2023\/09\/logo-Audibax-BLANCO-SVG-1.svg\",\"contentUrl\":\"https:\/\/audibax.com\/wp-content\/uploads\/2023\/09\/logo-Audibax-BLANCO-SVG-1.svg\",\"caption\":\"Audibax\"},\"image\":{\"@id\":\"https:\/\/audibax.com\/fr\/#\/schema\/logo\/image\/\"}}]}<\/script>\n<!-- \/ Yoast SEO plugin. -->","yoast_head_json":{"title":"Magic Ball Black - Audibax","robots":{"index":"index","follow":"follow","max-snippet":"max-snippet:-1","max-image-preview":"max-image-preview:large","max-video-preview":"max-video-preview:-1"},"canonical":"https:\/\/audibax.com\/fr\/produit\/magic-ball-black-2\/","og_locale":"fr_FR","og_type":"article","og_title":"Magic Ball Black - Audibax","og_description":"Haute luminosit\u00e9 LED 6x 3W RGBAW Rythme de la musique ou Auto Microphone interne Micr&oacute;phono","og_url":"https:\/\/audibax.com\/fr\/produit\/magic-ball-black-2\/","og_site_name":"Audibax","article_modified_time":"2024-01-05T12:03:37+00:00","twitter_card":"summary_large_image","schema":{"@context":"https:\/\/schema.org","@graph":[{"@type":"WebPage","@id":"https:\/\/audibax.com\/fr\/produit\/magic-ball-black-2\/","url":"https:\/\/audibax.com\/fr\/produit\/magic-ball-black-2\/","name":"Magic Ball Black - Audibax","isPartOf":{"@id":"https:\/\/audibax.com\/fr\/#website"},"primaryImageOfPage":{"@id":"https:\/\/audibax.com\/fr\/produit\/magic-ball-black-2\/#primaryimage"},"image":{"@id":"https:\/\/audibax.com\/fr\/produit\/magic-ball-black-2\/#primaryimage"},"thumbnailUrl":"https:\/\/audibax.com\/wp-content\/uploads\/2023\/12\/Magic-Ball-audibax.jpg","datePublished":"2023-12-11T12:34:10+00:00","dateModified":"2024-01-05T12:03:37+00:00","breadcrumb":{"@id":"https:\/\/audibax.com\/fr\/produit\/magic-ball-black-2\/#breadcrumb"},"inLanguage":"fr-FR","potentialAction":[{"@type":"ReadAction","target":["https:\/\/audibax.com\/fr\/produit\/magic-ball-black-2\/"]}]},{"@type":"ImageObject","inLanguage":"fr-FR","@id":"https:\/\/audibax.com\/fr\/produit\/magic-ball-black-2\/#primaryimage","url":"https:\/\/audibax.com\/wp-content\/uploads\/2023\/12\/Magic-Ball-audibax.jpg","contentUrl":"https:\/\/audibax.com\/wp-content\/uploads\/2023\/12\/Magic-Ball-audibax.jpg","width":1186,"height":1186},{"@type":"BreadcrumbList","@id":"https:\/\/audibax.com\/fr\/produit\/magic-ball-black-2\/#breadcrumb","itemListElement":[{"@type":"ListItem","position":1,"name":"Portada","item":"https:\/\/audibax.com\/fr\/"},{"@type":"ListItem","position":2,"name":"Produits","item":"https:\/\/audibax.com\/fr\/shop\/"},{"@type":"ListItem","position":3,"name":"Magic Ball Black"}]},{"@type":"WebSite","@id":"https:\/\/audibax.com\/fr\/#website","url":"https:\/\/audibax.com\/fr\/","name":"Audibax","description":"","publisher":{"@id":"https:\/\/audibax.com\/fr\/#organization"},"potentialAction":[{"@type":"SearchAction","target":{"@type":"EntryPoint","urlTemplate":"https:\/\/audibax.com\/fr\/?s={search_term_string}"},"query-input":{"@type":"PropertyValueSpecification","valueRequired":true,"valueName":"search_term_string"}}],"inLanguage":"fr-FR"},{"@type":"Organization","@id":"https:\/\/audibax.com\/fr\/#organization","name":"Audibax","url":"https:\/\/audibax.com\/fr\/","logo":{"@type":"ImageObject","inLanguage":"fr-FR","@id":"https:\/\/audibax.com\/fr\/#\/schema\/logo\/image\/","url":"https:\/\/audibax.com\/wp-content\/uploads\/2023\/09\/logo-Audibax-BLANCO-SVG-1.svg","contentUrl":"https:\/\/audibax.com\/wp-content\/uploads\/2023\/09\/logo-Audibax-BLANCO-SVG-1.svg","caption":"Audibax"},"image":{"@id":"https:\/\/audibax.com\/fr\/#\/schema\/logo\/image\/"}}]}},"_links":{"self":[{"href":"https:\/\/audibax.com\/fr\/wp-json\/wp\/v2\/product\/38101","targetHints":{"allow":["GET"]}}],"collection":[{"href":"https:\/\/audibax.com\/fr\/wp-json\/wp\/v2\/product"}],"about":[{"href":"https:\/\/audibax.com\/fr\/wp-json\/wp\/v2\/types\/product"}],"replies":[{"embeddable":true,"href":"https:\/\/audibax.com\/fr\/wp-json\/wp\/v2\/comments?post=38101"}],"wp:featuredmedia":[{"embeddable":true,"href":"https:\/\/audibax.com\/fr\/wp-json\/wp\/v2\/media\/18470"}],"wp:attachment":[{"href":"https:\/\/audibax.com\/fr\/wp-json\/wp\/v2\/media?parent=38101"}],"wp:term":[{"taxonomy":"product_cat","embeddable":true,"href":"https:\/\/audibax.com\/fr\/wp-json\/wp\/v2\/product_cat?post=38101"},{"taxonomy":"product_tag","embeddable":true,"href":"https:\/\/audibax.com\/fr\/wp-json\/wp\/v2\/product_tag?post=38101"}],"curies":[{"name":"wp","href":"https:\/\/api.w.org\/{rel}","templated":true}]}}