{"id":38100,"date":"2024-01-04T16:35:33","date_gmt":"2024-01-04T15:35:33","guid":{"rendered":"https:\/\/audibax.com\/product\/bar-1818-black-3\/"},"modified":"2024-07-26T10:49:53","modified_gmt":"2024-07-26T08:49:53","slug":"bar-1818-black-3","status":"publish","type":"product","link":"https:\/\/audibax.com\/fr\/produit\/bar-1818-black-3\/","title":{"rendered":"Bar 1818 Black"},"content":{"rendered":"<p><strong>Caract\u00e9ristiques<\/strong><\/p>\n<ul>\n<li style=\"list-style-type: none;\">\n<ul>\n<li style=\"list-style-type: none;\">\n<ul>\n<li>La <strong>Audibax Bar 1818 RGBWAUV\u00a0<\/strong>Audibax Bar 1818 RGBWAUV\u00a0est une barre lumineuse de haute puissance, qui \u00e9met une source lumineuse LED brillante avec des couleurs vives.La Barre 1818 RGBWAUV\u00a0est une barre lumineuse de haute puissance, qui \u00e9met une source lumineuse LED brillante avec des couleurs vives.<\/li>\n<li>Notre <strong>Bar 1818 RGBWAUV\u00a0<\/strong>est \u00e9quip\u00e9e de 18 lampes LED RGBWA+UV 6-en-1 d&rsquo;une puissance de 18W, qui, gr\u00e2ce \u00e0 leurs effets et combinaisons de couleurs, donnent lieu \u00e0 une exp\u00e9rience lumineuse unique.<\/li>\n<li>Il fonctionne en mode DMX512, ma\u00eetre-esclave, automatique et sonore et dispose d&rsquo;une port\u00e9e optique de 25 degr\u00e9s.<\/li>\n<\/ul>\n<\/li>\n<\/ul>\n<\/li>\n<\/ul>\n<p><strong>Sp\u00e9cifications<\/strong><\/p>\n<ul>\n<li style=\"list-style-type: none;\">\n<ul>\n<li>Power : 200W<\/li>\n<li>Source lumineuse : 18 x 18W LED RGBWA+UV 6 en 1<\/li>\n<li>ModeDMX : 6\/10 canaux<\/li>\n<li>Mode de contr\u00f4le : DMX512, ma\u00eetre-esclave, AUTO, son<\/li>\n<li>\u00d3ptique : 25\u00ba<\/li>\n<li>Voltage : AC110-240V 50\/60HZ<\/li>\n<\/ul>\n<\/li>\n<\/ul>\n","protected":false},"excerpt":{"rendered":"<ul>\n<li>Barre LED<\/li>\n<li>Source lumineuse : 18 x 18W LED RGBWA+UV 6 en 1<\/li>\n<li>Canaux : 6\/10CH<\/li>\n<li>Mode de contr\u00f4le : DMX512, ma\u00eetre-esclave, AUTO, son<\/li>\n<\/ul>\n","protected":false},"featured_media":45006,"comment_status":"open","ping_status":"closed","template":"","meta":{"_acf_changed":false},"product_cat":[353],"product_tag":[],"class_list":{"0":"post-38100","1":"product","2":"type-product","3":"status-publish","4":"has-post-thumbnail","6":"product_cat-barre-a-led","8":"first","9":"instock","10":"shipping-taxable","11":"product-type-simple"},"acf":[],"yoast_head":"<!-- This site is optimized with the Yoast SEO plugin v27.0 - https:\/\/yoast.com\/product\/yoast-seo-wordpress\/ -->\n<title>Bar 1818 Black - Audibax<\/title>\n<meta name=\"robots\" content=\"index, follow, max-snippet:-1, max-image-preview:large, max-video-preview:-1\" \/>\n<link rel=\"canonical\" href=\"https:\/\/audibax.com\/fr\/produit\/bar-1818-black-3\/\" \/>\n<meta property=\"og:locale\" content=\"fr_FR\" \/>\n<meta property=\"og:type\" content=\"article\" \/>\n<meta property=\"og:title\" content=\"Bar 1818 Black - Audibax\" \/>\n<meta property=\"og:description\" content=\"Barre LED  Source lumineuse : 18 x 18W LED RGBWA+UV 6 en 1  Canaux : 6\/10CH  Mode de contr\u00f4le : DMX512, ma\u00eetre-esclave, AUTO, son\" \/>\n<meta property=\"og:url\" content=\"https:\/\/audibax.com\/fr\/produit\/bar-1818-black-3\/\" \/>\n<meta property=\"og:site_name\" content=\"Audibax\" \/>\n<meta property=\"article:modified_time\" content=\"2024-07-26T08:49:53+00:00\" \/>\n<meta property=\"og:image\" content=\"https:\/\/audibax.com\/wp-content\/uploads\/2024\/01\/Bar-1818-RGBWAUv-1-3.png\" \/>\n\t<meta property=\"og:image:width\" content=\"2500\" \/>\n\t<meta property=\"og:image:height\" content=\"1768\" \/>\n\t<meta property=\"og:image:type\" content=\"image\/png\" \/>\n<meta name=\"twitter:card\" content=\"summary_large_image\" \/>\n<meta name=\"twitter:label1\" content=\"Dur\u00e9e de lecture estim\u00e9e\" \/>\n\t<meta name=\"twitter:data1\" content=\"1 minute\" \/>\n<script type=\"application\/ld+json\" class=\"yoast-schema-graph\">{\"@context\":\"https:\/\/schema.org\",\"@graph\":[{\"@type\":\"WebPage\",\"@id\":\"https:\/\/audibax.com\/fr\/produit\/bar-1818-black-3\/\",\"url\":\"https:\/\/audibax.com\/fr\/produit\/bar-1818-black-3\/\",\"name\":\"Bar 1818 Black - Audibax\",\"isPartOf\":{\"@id\":\"https:\/\/audibax.com\/fr\/#website\"},\"primaryImageOfPage\":{\"@id\":\"https:\/\/audibax.com\/fr\/produit\/bar-1818-black-3\/#primaryimage\"},\"image\":{\"@id\":\"https:\/\/audibax.com\/fr\/produit\/bar-1818-black-3\/#primaryimage\"},\"thumbnailUrl\":\"https:\/\/audibax.com\/wp-content\/uploads\/2024\/01\/Bar-1818-RGBWAUv-1-3.png\",\"datePublished\":\"2024-01-04T15:35:33+00:00\",\"dateModified\":\"2024-07-26T08:49:53+00:00\",\"breadcrumb\":{\"@id\":\"https:\/\/audibax.com\/fr\/produit\/bar-1818-black-3\/#breadcrumb\"},\"inLanguage\":\"fr-FR\",\"potentialAction\":[{\"@type\":\"ReadAction\",\"target\":[\"https:\/\/audibax.com\/fr\/produit\/bar-1818-black-3\/\"]}]},{\"@type\":\"ImageObject\",\"inLanguage\":\"fr-FR\",\"@id\":\"https:\/\/audibax.com\/fr\/produit\/bar-1818-black-3\/#primaryimage\",\"url\":\"https:\/\/audibax.com\/wp-content\/uploads\/2024\/01\/Bar-1818-RGBWAUv-1-3.png\",\"contentUrl\":\"https:\/\/audibax.com\/wp-content\/uploads\/2024\/01\/Bar-1818-RGBWAUv-1-3.png\",\"width\":2500,\"height\":1768},{\"@type\":\"BreadcrumbList\",\"@id\":\"https:\/\/audibax.com\/fr\/produit\/bar-1818-black-3\/#breadcrumb\",\"itemListElement\":[{\"@type\":\"ListItem\",\"position\":1,\"name\":\"Portada\",\"item\":\"https:\/\/audibax.com\/fr\/\"},{\"@type\":\"ListItem\",\"position\":2,\"name\":\"Produits\",\"item\":\"https:\/\/audibax.com\/fr\/shop\/\"},{\"@type\":\"ListItem\",\"position\":3,\"name\":\"Bar 1818 Black\"}]},{\"@type\":\"WebSite\",\"@id\":\"https:\/\/audibax.com\/fr\/#website\",\"url\":\"https:\/\/audibax.com\/fr\/\",\"name\":\"Audibax\",\"description\":\"\",\"publisher\":{\"@id\":\"https:\/\/audibax.com\/fr\/#organization\"},\"potentialAction\":[{\"@type\":\"SearchAction\",\"target\":{\"@type\":\"EntryPoint\",\"urlTemplate\":\"https:\/\/audibax.com\/fr\/?s={search_term_string}\"},\"query-input\":{\"@type\":\"PropertyValueSpecification\",\"valueRequired\":true,\"valueName\":\"search_term_string\"}}],\"inLanguage\":\"fr-FR\"},{\"@type\":\"Organization\",\"@id\":\"https:\/\/audibax.com\/fr\/#organization\",\"name\":\"Audibax\",\"url\":\"https:\/\/audibax.com\/fr\/\",\"logo\":{\"@type\":\"ImageObject\",\"inLanguage\":\"fr-FR\",\"@id\":\"https:\/\/audibax.com\/fr\/#\/schema\/logo\/image\/\",\"url\":\"https:\/\/audibax.com\/wp-content\/uploads\/2023\/09\/logo-Audibax-BLANCO-SVG-1.svg\",\"contentUrl\":\"https:\/\/audibax.com\/wp-content\/uploads\/2023\/09\/logo-Audibax-BLANCO-SVG-1.svg\",\"caption\":\"Audibax\"},\"image\":{\"@id\":\"https:\/\/audibax.com\/fr\/#\/schema\/logo\/image\/\"}}]}<\/script>\n<!-- \/ Yoast SEO plugin. -->","yoast_head_json":{"title":"Bar 1818 Black - Audibax","robots":{"index":"index","follow":"follow","max-snippet":"max-snippet:-1","max-image-preview":"max-image-preview:large","max-video-preview":"max-video-preview:-1"},"canonical":"https:\/\/audibax.com\/fr\/produit\/bar-1818-black-3\/","og_locale":"fr_FR","og_type":"article","og_title":"Bar 1818 Black - Audibax","og_description":"Barre LED  Source lumineuse : 18 x 18W LED RGBWA+UV 6 en 1  Canaux : 6\/10CH  Mode de contr\u00f4le : DMX512, ma\u00eetre-esclave, AUTO, son","og_url":"https:\/\/audibax.com\/fr\/produit\/bar-1818-black-3\/","og_site_name":"Audibax","article_modified_time":"2024-07-26T08:49:53+00:00","og_image":[{"width":2500,"height":1768,"url":"https:\/\/audibax.com\/wp-content\/uploads\/2024\/01\/Bar-1818-RGBWAUv-1-3.png","type":"image\/png"}],"twitter_card":"summary_large_image","twitter_misc":{"Dur\u00e9e de lecture estim\u00e9e":"1 minute"},"schema":{"@context":"https:\/\/schema.org","@graph":[{"@type":"WebPage","@id":"https:\/\/audibax.com\/fr\/produit\/bar-1818-black-3\/","url":"https:\/\/audibax.com\/fr\/produit\/bar-1818-black-3\/","name":"Bar 1818 Black - Audibax","isPartOf":{"@id":"https:\/\/audibax.com\/fr\/#website"},"primaryImageOfPage":{"@id":"https:\/\/audibax.com\/fr\/produit\/bar-1818-black-3\/#primaryimage"},"image":{"@id":"https:\/\/audibax.com\/fr\/produit\/bar-1818-black-3\/#primaryimage"},"thumbnailUrl":"https:\/\/audibax.com\/wp-content\/uploads\/2024\/01\/Bar-1818-RGBWAUv-1-3.png","datePublished":"2024-01-04T15:35:33+00:00","dateModified":"2024-07-26T08:49:53+00:00","breadcrumb":{"@id":"https:\/\/audibax.com\/fr\/produit\/bar-1818-black-3\/#breadcrumb"},"inLanguage":"fr-FR","potentialAction":[{"@type":"ReadAction","target":["https:\/\/audibax.com\/fr\/produit\/bar-1818-black-3\/"]}]},{"@type":"ImageObject","inLanguage":"fr-FR","@id":"https:\/\/audibax.com\/fr\/produit\/bar-1818-black-3\/#primaryimage","url":"https:\/\/audibax.com\/wp-content\/uploads\/2024\/01\/Bar-1818-RGBWAUv-1-3.png","contentUrl":"https:\/\/audibax.com\/wp-content\/uploads\/2024\/01\/Bar-1818-RGBWAUv-1-3.png","width":2500,"height":1768},{"@type":"BreadcrumbList","@id":"https:\/\/audibax.com\/fr\/produit\/bar-1818-black-3\/#breadcrumb","itemListElement":[{"@type":"ListItem","position":1,"name":"Portada","item":"https:\/\/audibax.com\/fr\/"},{"@type":"ListItem","position":2,"name":"Produits","item":"https:\/\/audibax.com\/fr\/shop\/"},{"@type":"ListItem","position":3,"name":"Bar 1818 Black"}]},{"@type":"WebSite","@id":"https:\/\/audibax.com\/fr\/#website","url":"https:\/\/audibax.com\/fr\/","name":"Audibax","description":"","publisher":{"@id":"https:\/\/audibax.com\/fr\/#organization"},"potentialAction":[{"@type":"SearchAction","target":{"@type":"EntryPoint","urlTemplate":"https:\/\/audibax.com\/fr\/?s={search_term_string}"},"query-input":{"@type":"PropertyValueSpecification","valueRequired":true,"valueName":"search_term_string"}}],"inLanguage":"fr-FR"},{"@type":"Organization","@id":"https:\/\/audibax.com\/fr\/#organization","name":"Audibax","url":"https:\/\/audibax.com\/fr\/","logo":{"@type":"ImageObject","inLanguage":"fr-FR","@id":"https:\/\/audibax.com\/fr\/#\/schema\/logo\/image\/","url":"https:\/\/audibax.com\/wp-content\/uploads\/2023\/09\/logo-Audibax-BLANCO-SVG-1.svg","contentUrl":"https:\/\/audibax.com\/wp-content\/uploads\/2023\/09\/logo-Audibax-BLANCO-SVG-1.svg","caption":"Audibax"},"image":{"@id":"https:\/\/audibax.com\/fr\/#\/schema\/logo\/image\/"}}]}},"_links":{"self":[{"href":"https:\/\/audibax.com\/fr\/wp-json\/wp\/v2\/product\/38100","targetHints":{"allow":["GET"]}}],"collection":[{"href":"https:\/\/audibax.com\/fr\/wp-json\/wp\/v2\/product"}],"about":[{"href":"https:\/\/audibax.com\/fr\/wp-json\/wp\/v2\/types\/product"}],"replies":[{"embeddable":true,"href":"https:\/\/audibax.com\/fr\/wp-json\/wp\/v2\/comments?post=38100"}],"wp:featuredmedia":[{"embeddable":true,"href":"https:\/\/audibax.com\/fr\/wp-json\/wp\/v2\/media\/45006"}],"wp:attachment":[{"href":"https:\/\/audibax.com\/fr\/wp-json\/wp\/v2\/media?parent=38100"}],"wp:term":[{"taxonomy":"product_cat","embeddable":true,"href":"https:\/\/audibax.com\/fr\/wp-json\/wp\/v2\/product_cat?post=38100"},{"taxonomy":"product_tag","embeddable":true,"href":"https:\/\/audibax.com\/fr\/wp-json\/wp\/v2\/product_tag?post=38100"}],"curies":[{"name":"wp","href":"https:\/\/api.w.org\/{rel}","templated":true}]}}