{"id":38098,"date":"2023-12-11T16:35:38","date_gmt":"2023-12-11T15:35:38","guid":{"rendered":"https:\/\/audibax.com\/product\/hf-5-hazer-fluid-3\/"},"modified":"2024-08-06T11:23:48","modified_gmt":"2024-08-06T09:23:48","slug":"hf-5-hazer-fluid-3","status":"publish","type":"product","link":"https:\/\/audibax.com\/fr\/produit\/hf-5-hazer-fluid-3\/","title":{"rendered":"HF-5 Hazer Fluid"},"content":{"rendered":"<p><strong>AUDIBAX HF-5 HAZER FLUID<\/strong><\/p>\n<p>Audibax HF-5 haze fluid 5L<\/p>\n<p>Audibax HF-5 haze fluid est sp\u00e9cialement formul\u00e9 pour \u00eatre utilis\u00e9 dans les machines \u00e0 fum\u00e9e et \u00e0 brouillard.Il est sp\u00e9cialement formul\u00e9 pour \u00eatre utilis\u00e9 dans les machines \u00e0 fum\u00e9e et \u00e0 brouillard, garantissant des effets visuels \u00e9tonnants et s\u00fbrs gr\u00e2ce \u00e0 sa composition efficace. Ce produit est id\u00e9al pour une vari\u00e9t\u00e9 d&rsquo;applications professionnelles, y compris le divertissement, la sc\u00e8ne, la t\u00e9l\u00e9vision, les discoth\u00e8ques et les effets sp\u00e9ciaux. La formule unique d\u00e9velopp\u00e9e est totalement s\u00fbre et convient \u00e0 un large \u00e9ventail d&rsquo;utilisateurs, car elle est sans parfum, non toxique et non irritante. En outre, elle g\u00e9n\u00e8re une brume enveloppante de haute qualit\u00e9 sans laisser de r\u00e9sidu gras. Sa conception de haute qualit\u00e9 et sa formule fiable font de ce fluide de brume un excellent choix pour des effets visuels exceptionnels dans tout environnement professionnel.<\/p>\n<ul>\n<li>Fluide de brume<\/li>\n<li>Carafe de 5L<\/li>\n<li>Convient \u00e0 tous les types de machines \u00e0 brouillard<\/li>\n<li>Convient \u00e0 tous les types de machines \u00e0 brouillard.Convient \u00e0 toutes les machines \u00e0 fum\u00e9e et \u00e0 brouillard<\/li>\n<li>Formule s\u00fbre et inodore qui ne laisse aucun r\u00e9sidu<\/li>\n<\/ul>\n<p>.<\/p>\n","protected":false},"excerpt":{"rendered":"<p>AUDIBAX HF-5 HAZER FLUID Audibax HF-5 haze fluid 5L Audibax HF-5 haze fluid est sp\u00e9cialement formul\u00e9 pour \u00eatre utilis\u00e9 dans les machines \u00e0 fum\u00e9e et \u00e0 brouillard.Il est sp\u00e9cialement formul\u00e9 pour \u00eatre utilis\u00e9 dans les machines \u00e0 fum\u00e9e et \u00e0 brouillard, garantissant des effets visuels \u00e9tonnants et s\u00fbrs gr\u00e2ce \u00e0 sa composition efficace. Ce produit [&hellip;]<\/p>\n","protected":false},"featured_media":42140,"comment_status":"open","ping_status":"closed","template":"","meta":{"_acf_changed":false},"product_cat":[613],"product_tag":[],"class_list":{"0":"post-38098","1":"product","2":"type-product","3":"status-publish","4":"has-post-thumbnail","6":"product_cat-fluides","8":"first","9":"instock","10":"shipping-taxable","11":"product-type-simple"},"acf":[],"yoast_head":"<!-- This site is optimized with the Yoast SEO plugin v27.0 - https:\/\/yoast.com\/product\/yoast-seo-wordpress\/ -->\n<title>HF-5 Hazer Fluid - Audibax<\/title>\n<meta name=\"robots\" content=\"index, follow, max-snippet:-1, max-image-preview:large, max-video-preview:-1\" \/>\n<link rel=\"canonical\" href=\"https:\/\/audibax.com\/fr\/produit\/hf-5-hazer-fluid-3\/\" \/>\n<meta property=\"og:locale\" content=\"fr_FR\" \/>\n<meta property=\"og:type\" content=\"article\" \/>\n<meta property=\"og:title\" content=\"HF-5 Hazer Fluid - Audibax\" \/>\n<meta property=\"og:description\" content=\"AUDIBAX HF-5 HAZER FLUID Audibax HF-5 haze fluid 5L Audibax HF-5 haze fluid est sp\u00e9cialement formul\u00e9 pour \u00eatre utilis\u00e9 dans les machines \u00e0 fum\u00e9e et \u00e0 brouillard.Il est sp\u00e9cialement formul\u00e9 pour \u00eatre utilis\u00e9 dans les machines \u00e0 fum\u00e9e et \u00e0 brouillard, garantissant des effets visuels \u00e9tonnants et s\u00fbrs gr\u00e2ce \u00e0 sa composition efficace. Ce produit [&hellip;]\" \/>\n<meta property=\"og:url\" content=\"https:\/\/audibax.com\/fr\/produit\/hf-5-hazer-fluid-3\/\" \/>\n<meta property=\"og:site_name\" content=\"Audibax\" \/>\n<meta property=\"article:modified_time\" content=\"2024-08-06T09:23:48+00:00\" \/>\n<meta property=\"og:image\" content=\"https:\/\/audibax.com\/wp-content\/uploads\/2023\/12\/Audibax-hf-5-hazer-fluid-liquido-niebla-1.png\" \/>\n\t<meta property=\"og:image:width\" content=\"1500\" \/>\n\t<meta property=\"og:image:height\" content=\"1060\" \/>\n\t<meta property=\"og:image:type\" content=\"image\/png\" \/>\n<meta name=\"twitter:card\" content=\"summary_large_image\" \/>\n<meta name=\"twitter:label1\" content=\"Dur\u00e9e de lecture estim\u00e9e\" \/>\n\t<meta name=\"twitter:data1\" content=\"2 minutes\" \/>\n<script type=\"application\/ld+json\" class=\"yoast-schema-graph\">{\"@context\":\"https:\/\/schema.org\",\"@graph\":[{\"@type\":\"WebPage\",\"@id\":\"https:\/\/audibax.com\/fr\/produit\/hf-5-hazer-fluid-3\/\",\"url\":\"https:\/\/audibax.com\/fr\/produit\/hf-5-hazer-fluid-3\/\",\"name\":\"HF-5 Hazer Fluid - Audibax\",\"isPartOf\":{\"@id\":\"https:\/\/audibax.com\/fr\/#website\"},\"primaryImageOfPage\":{\"@id\":\"https:\/\/audibax.com\/fr\/produit\/hf-5-hazer-fluid-3\/#primaryimage\"},\"image\":{\"@id\":\"https:\/\/audibax.com\/fr\/produit\/hf-5-hazer-fluid-3\/#primaryimage\"},\"thumbnailUrl\":\"https:\/\/audibax.com\/wp-content\/uploads\/2023\/12\/Audibax-hf-5-hazer-fluid-liquido-niebla-1.png\",\"datePublished\":\"2023-12-11T15:35:38+00:00\",\"dateModified\":\"2024-08-06T09:23:48+00:00\",\"breadcrumb\":{\"@id\":\"https:\/\/audibax.com\/fr\/produit\/hf-5-hazer-fluid-3\/#breadcrumb\"},\"inLanguage\":\"fr-FR\",\"potentialAction\":[{\"@type\":\"ReadAction\",\"target\":[\"https:\/\/audibax.com\/fr\/produit\/hf-5-hazer-fluid-3\/\"]}]},{\"@type\":\"ImageObject\",\"inLanguage\":\"fr-FR\",\"@id\":\"https:\/\/audibax.com\/fr\/produit\/hf-5-hazer-fluid-3\/#primaryimage\",\"url\":\"https:\/\/audibax.com\/wp-content\/uploads\/2023\/12\/Audibax-hf-5-hazer-fluid-liquido-niebla-1.png\",\"contentUrl\":\"https:\/\/audibax.com\/wp-content\/uploads\/2023\/12\/Audibax-hf-5-hazer-fluid-liquido-niebla-1.png\",\"width\":1500,\"height\":1060},{\"@type\":\"BreadcrumbList\",\"@id\":\"https:\/\/audibax.com\/fr\/produit\/hf-5-hazer-fluid-3\/#breadcrumb\",\"itemListElement\":[{\"@type\":\"ListItem\",\"position\":1,\"name\":\"Portada\",\"item\":\"https:\/\/audibax.com\/fr\/\"},{\"@type\":\"ListItem\",\"position\":2,\"name\":\"Produits\",\"item\":\"https:\/\/audibax.com\/fr\/shop\/\"},{\"@type\":\"ListItem\",\"position\":3,\"name\":\"HF-5 Hazer Fluid\"}]},{\"@type\":\"WebSite\",\"@id\":\"https:\/\/audibax.com\/fr\/#website\",\"url\":\"https:\/\/audibax.com\/fr\/\",\"name\":\"Audibax\",\"description\":\"\",\"publisher\":{\"@id\":\"https:\/\/audibax.com\/fr\/#organization\"},\"potentialAction\":[{\"@type\":\"SearchAction\",\"target\":{\"@type\":\"EntryPoint\",\"urlTemplate\":\"https:\/\/audibax.com\/fr\/?s={search_term_string}\"},\"query-input\":{\"@type\":\"PropertyValueSpecification\",\"valueRequired\":true,\"valueName\":\"search_term_string\"}}],\"inLanguage\":\"fr-FR\"},{\"@type\":\"Organization\",\"@id\":\"https:\/\/audibax.com\/fr\/#organization\",\"name\":\"Audibax\",\"url\":\"https:\/\/audibax.com\/fr\/\",\"logo\":{\"@type\":\"ImageObject\",\"inLanguage\":\"fr-FR\",\"@id\":\"https:\/\/audibax.com\/fr\/#\/schema\/logo\/image\/\",\"url\":\"https:\/\/audibax.com\/wp-content\/uploads\/2023\/09\/logo-Audibax-BLANCO-SVG-1.svg\",\"contentUrl\":\"https:\/\/audibax.com\/wp-content\/uploads\/2023\/09\/logo-Audibax-BLANCO-SVG-1.svg\",\"caption\":\"Audibax\"},\"image\":{\"@id\":\"https:\/\/audibax.com\/fr\/#\/schema\/logo\/image\/\"}}]}<\/script>\n<!-- \/ Yoast SEO plugin. -->","yoast_head_json":{"title":"HF-5 Hazer Fluid - Audibax","robots":{"index":"index","follow":"follow","max-snippet":"max-snippet:-1","max-image-preview":"max-image-preview:large","max-video-preview":"max-video-preview:-1"},"canonical":"https:\/\/audibax.com\/fr\/produit\/hf-5-hazer-fluid-3\/","og_locale":"fr_FR","og_type":"article","og_title":"HF-5 Hazer Fluid - Audibax","og_description":"AUDIBAX HF-5 HAZER FLUID Audibax HF-5 haze fluid 5L Audibax HF-5 haze fluid est sp\u00e9cialement formul\u00e9 pour \u00eatre utilis\u00e9 dans les machines \u00e0 fum\u00e9e et \u00e0 brouillard.Il est sp\u00e9cialement formul\u00e9 pour \u00eatre utilis\u00e9 dans les machines \u00e0 fum\u00e9e et \u00e0 brouillard, garantissant des effets visuels \u00e9tonnants et s\u00fbrs gr\u00e2ce \u00e0 sa composition efficace. Ce produit [&hellip;]","og_url":"https:\/\/audibax.com\/fr\/produit\/hf-5-hazer-fluid-3\/","og_site_name":"Audibax","article_modified_time":"2024-08-06T09:23:48+00:00","og_image":[{"width":1500,"height":1060,"url":"https:\/\/audibax.com\/wp-content\/uploads\/2023\/12\/Audibax-hf-5-hazer-fluid-liquido-niebla-1.png","type":"image\/png"}],"twitter_card":"summary_large_image","twitter_misc":{"Dur\u00e9e de lecture estim\u00e9e":"2 minutes"},"schema":{"@context":"https:\/\/schema.org","@graph":[{"@type":"WebPage","@id":"https:\/\/audibax.com\/fr\/produit\/hf-5-hazer-fluid-3\/","url":"https:\/\/audibax.com\/fr\/produit\/hf-5-hazer-fluid-3\/","name":"HF-5 Hazer Fluid - Audibax","isPartOf":{"@id":"https:\/\/audibax.com\/fr\/#website"},"primaryImageOfPage":{"@id":"https:\/\/audibax.com\/fr\/produit\/hf-5-hazer-fluid-3\/#primaryimage"},"image":{"@id":"https:\/\/audibax.com\/fr\/produit\/hf-5-hazer-fluid-3\/#primaryimage"},"thumbnailUrl":"https:\/\/audibax.com\/wp-content\/uploads\/2023\/12\/Audibax-hf-5-hazer-fluid-liquido-niebla-1.png","datePublished":"2023-12-11T15:35:38+00:00","dateModified":"2024-08-06T09:23:48+00:00","breadcrumb":{"@id":"https:\/\/audibax.com\/fr\/produit\/hf-5-hazer-fluid-3\/#breadcrumb"},"inLanguage":"fr-FR","potentialAction":[{"@type":"ReadAction","target":["https:\/\/audibax.com\/fr\/produit\/hf-5-hazer-fluid-3\/"]}]},{"@type":"ImageObject","inLanguage":"fr-FR","@id":"https:\/\/audibax.com\/fr\/produit\/hf-5-hazer-fluid-3\/#primaryimage","url":"https:\/\/audibax.com\/wp-content\/uploads\/2023\/12\/Audibax-hf-5-hazer-fluid-liquido-niebla-1.png","contentUrl":"https:\/\/audibax.com\/wp-content\/uploads\/2023\/12\/Audibax-hf-5-hazer-fluid-liquido-niebla-1.png","width":1500,"height":1060},{"@type":"BreadcrumbList","@id":"https:\/\/audibax.com\/fr\/produit\/hf-5-hazer-fluid-3\/#breadcrumb","itemListElement":[{"@type":"ListItem","position":1,"name":"Portada","item":"https:\/\/audibax.com\/fr\/"},{"@type":"ListItem","position":2,"name":"Produits","item":"https:\/\/audibax.com\/fr\/shop\/"},{"@type":"ListItem","position":3,"name":"HF-5 Hazer Fluid"}]},{"@type":"WebSite","@id":"https:\/\/audibax.com\/fr\/#website","url":"https:\/\/audibax.com\/fr\/","name":"Audibax","description":"","publisher":{"@id":"https:\/\/audibax.com\/fr\/#organization"},"potentialAction":[{"@type":"SearchAction","target":{"@type":"EntryPoint","urlTemplate":"https:\/\/audibax.com\/fr\/?s={search_term_string}"},"query-input":{"@type":"PropertyValueSpecification","valueRequired":true,"valueName":"search_term_string"}}],"inLanguage":"fr-FR"},{"@type":"Organization","@id":"https:\/\/audibax.com\/fr\/#organization","name":"Audibax","url":"https:\/\/audibax.com\/fr\/","logo":{"@type":"ImageObject","inLanguage":"fr-FR","@id":"https:\/\/audibax.com\/fr\/#\/schema\/logo\/image\/","url":"https:\/\/audibax.com\/wp-content\/uploads\/2023\/09\/logo-Audibax-BLANCO-SVG-1.svg","contentUrl":"https:\/\/audibax.com\/wp-content\/uploads\/2023\/09\/logo-Audibax-BLANCO-SVG-1.svg","caption":"Audibax"},"image":{"@id":"https:\/\/audibax.com\/fr\/#\/schema\/logo\/image\/"}}]}},"_links":{"self":[{"href":"https:\/\/audibax.com\/fr\/wp-json\/wp\/v2\/product\/38098","targetHints":{"allow":["GET"]}}],"collection":[{"href":"https:\/\/audibax.com\/fr\/wp-json\/wp\/v2\/product"}],"about":[{"href":"https:\/\/audibax.com\/fr\/wp-json\/wp\/v2\/types\/product"}],"replies":[{"embeddable":true,"href":"https:\/\/audibax.com\/fr\/wp-json\/wp\/v2\/comments?post=38098"}],"wp:featuredmedia":[{"embeddable":true,"href":"https:\/\/audibax.com\/fr\/wp-json\/wp\/v2\/media\/42140"}],"wp:attachment":[{"href":"https:\/\/audibax.com\/fr\/wp-json\/wp\/v2\/media?parent=38098"}],"wp:term":[{"taxonomy":"product_cat","embeddable":true,"href":"https:\/\/audibax.com\/fr\/wp-json\/wp\/v2\/product_cat?post=38098"},{"taxonomy":"product_tag","embeddable":true,"href":"https:\/\/audibax.com\/fr\/wp-json\/wp\/v2\/product_tag?post=38098"}],"curies":[{"name":"wp","href":"https:\/\/api.w.org\/{rel}","templated":true}]}}