{"id":38097,"date":"2023-12-11T16:35:35","date_gmt":"2023-12-11T15:35:35","guid":{"rendered":"https:\/\/audibax.com\/product\/ffn-5-normal-fog-fluid-5l-3\/"},"modified":"2024-08-06T11:34:01","modified_gmt":"2024-08-06T09:34:01","slug":"ffn-5-normal-fog-fluid-5l-3","status":"publish","type":"product","link":"https:\/\/audibax.com\/fr\/produit\/ffn-5-normal-fog-fluid-5l-3\/","title":{"rendered":"FFN-5 Normal Fog Fluid 5L"},"content":{"rendered":"<p><strong>AUDIBAX FFN-5 NORMAL FOG FLUID<\/strong><\/p>\n<p>Brouillard de densit\u00e9 normale 5L<\/p>\n<p>Audibax FFN-5 NORMAL FOG FLUID<\/p>\n<ul>\n<li>Fluide \u00e0 brouillard de densit\u00e9 normale<\/li>\n<li>Carafe de 5L<\/li>\n<li>Convient \u00e0 tous les types de mousse.Convient \u00e0 tous les types de machines \u00e0 fum\u00e9e et \u00e0 brouillard<\/li>\n<li>Formule s\u00fbre, inodore et ne laissant aucun r\u00e9sidu<\/li>\n<\/ul>\n<p>.<\/p>\n","protected":false},"excerpt":{"rendered":"<ul>\n<li>Fluide \u00e0 brouillard de densit\u00e9 normale<\/li>\n<li>Carafe de 5L<\/li>\n<li>Convient \u00e0 tous les types de machines \u00e0 fum\u00e9e et \u00e0 brouillard<\/li>\n<li>Formule s\u00fbre, inodore et sans r\u00e9sidu<\/li>\n<li>Formule s\u00fbre, inodore et sans r\u00e9sidu<\/li>\n<li>Formule s\u00fbre, inodore et sans r\u00e9sidu<\/li>\n<li>Formule s\u00fbre, inodore et sans r\u00e9sidu<\/li>\n<li>Convient \u00e0 toutes les machines \u00e0 fum\u00e9e et \u00e0 brouillard<\/li>\n<li>Formule s\u00fbre, inodore et sans r\u00e9sidu<\/li>\n<li>Formule s\u00fbre, inodore et sans r\u00e9sidu.Convient \u00e0 toutes les machines \u00e0 fum\u00e9e et \u00e0 brouillard<\/li>\n<li>Formule s\u00fbre, inodore et ne laissant aucun r\u00e9sidu<\/li>\n<li>Formule s\u00fbre, inodore et non r\u00e9siduelle<\/li>\n<li>S\u00fbre, inodore et non r\u00e9siduelle<\/li>\n<\/ul>\n","protected":false},"featured_media":42104,"comment_status":"open","ping_status":"closed","template":"","meta":{"_acf_changed":false},"product_cat":[613],"product_tag":[],"class_list":{"0":"post-38097","1":"product","2":"type-product","3":"status-publish","4":"has-post-thumbnail","6":"product_cat-fluides","8":"first","9":"instock","10":"shipping-taxable","11":"product-type-simple"},"acf":[],"yoast_head":"<!-- This site is optimized with the Yoast SEO plugin v27.0 - https:\/\/yoast.com\/product\/yoast-seo-wordpress\/ -->\n<title>FFN-5 Normal Fog Fluid 5L - Audibax<\/title>\n<meta name=\"robots\" content=\"index, follow, max-snippet:-1, max-image-preview:large, max-video-preview:-1\" \/>\n<link rel=\"canonical\" href=\"https:\/\/audibax.com\/fr\/produit\/ffn-5-normal-fog-fluid-5l-3\/\" \/>\n<meta property=\"og:locale\" content=\"fr_FR\" \/>\n<meta property=\"og:type\" content=\"article\" \/>\n<meta property=\"og:title\" content=\"FFN-5 Normal Fog Fluid 5L - Audibax\" \/>\n<meta property=\"og:description\" content=\"Fluide \u00e0 brouillard de densit\u00e9 normale  Carafe de 5L  Convient \u00e0 tous les types de machines \u00e0 fum\u00e9e et \u00e0 brouillard  Formule s\u00fbre, inodore et sans r\u00e9sidu  Formule s\u00fbre, inodore et sans r\u00e9sidu  Formule s\u00fbre, inodore et sans r\u00e9sidu  Formule s\u00fbre, inodore et sans r\u00e9sidu  Convient \u00e0 toutes les machines \u00e0 fum\u00e9e et \u00e0 brouillard  Formule s\u00fbre, inodore et sans r\u00e9sidu  Formule s\u00fbre, inodore et sans r\u00e9sidu.Convient \u00e0 toutes les machines \u00e0 fum\u00e9e et \u00e0 brouillard  Formule s\u00fbre, inodore et ne laissant aucun r\u00e9sidu  Formule s\u00fbre, inodore et non r\u00e9siduelle  S\u00fbre, inodore et non r\u00e9siduelle\" \/>\n<meta property=\"og:url\" content=\"https:\/\/audibax.com\/fr\/produit\/ffn-5-normal-fog-fluid-5l-3\/\" \/>\n<meta property=\"og:site_name\" content=\"Audibax\" \/>\n<meta property=\"article:modified_time\" content=\"2024-08-06T09:34:01+00:00\" \/>\n<meta property=\"og:image\" content=\"https:\/\/audibax.com\/wp-content\/uploads\/2023\/12\/Audibax-ffn-5-normal-fog-fluid-liquido-niebla-1.png\" \/>\n\t<meta property=\"og:image:width\" content=\"1500\" \/>\n\t<meta property=\"og:image:height\" content=\"1060\" \/>\n\t<meta property=\"og:image:type\" content=\"image\/png\" \/>\n<meta name=\"twitter:card\" content=\"summary_large_image\" \/>\n<meta name=\"twitter:label1\" content=\"Dur\u00e9e de lecture estim\u00e9e\" \/>\n\t<meta name=\"twitter:data1\" content=\"1 minute\" \/>\n<script type=\"application\/ld+json\" class=\"yoast-schema-graph\">{\"@context\":\"https:\/\/schema.org\",\"@graph\":[{\"@type\":\"WebPage\",\"@id\":\"https:\/\/audibax.com\/fr\/produit\/ffn-5-normal-fog-fluid-5l-3\/\",\"url\":\"https:\/\/audibax.com\/fr\/produit\/ffn-5-normal-fog-fluid-5l-3\/\",\"name\":\"FFN-5 Normal Fog Fluid 5L - Audibax\",\"isPartOf\":{\"@id\":\"https:\/\/audibax.com\/fr\/#website\"},\"primaryImageOfPage\":{\"@id\":\"https:\/\/audibax.com\/fr\/produit\/ffn-5-normal-fog-fluid-5l-3\/#primaryimage\"},\"image\":{\"@id\":\"https:\/\/audibax.com\/fr\/produit\/ffn-5-normal-fog-fluid-5l-3\/#primaryimage\"},\"thumbnailUrl\":\"https:\/\/audibax.com\/wp-content\/uploads\/2023\/12\/Audibax-ffn-5-normal-fog-fluid-liquido-niebla-1.png\",\"datePublished\":\"2023-12-11T15:35:35+00:00\",\"dateModified\":\"2024-08-06T09:34:01+00:00\",\"breadcrumb\":{\"@id\":\"https:\/\/audibax.com\/fr\/produit\/ffn-5-normal-fog-fluid-5l-3\/#breadcrumb\"},\"inLanguage\":\"fr-FR\",\"potentialAction\":[{\"@type\":\"ReadAction\",\"target\":[\"https:\/\/audibax.com\/fr\/produit\/ffn-5-normal-fog-fluid-5l-3\/\"]}]},{\"@type\":\"ImageObject\",\"inLanguage\":\"fr-FR\",\"@id\":\"https:\/\/audibax.com\/fr\/produit\/ffn-5-normal-fog-fluid-5l-3\/#primaryimage\",\"url\":\"https:\/\/audibax.com\/wp-content\/uploads\/2023\/12\/Audibax-ffn-5-normal-fog-fluid-liquido-niebla-1.png\",\"contentUrl\":\"https:\/\/audibax.com\/wp-content\/uploads\/2023\/12\/Audibax-ffn-5-normal-fog-fluid-liquido-niebla-1.png\",\"width\":1500,\"height\":1060},{\"@type\":\"BreadcrumbList\",\"@id\":\"https:\/\/audibax.com\/fr\/produit\/ffn-5-normal-fog-fluid-5l-3\/#breadcrumb\",\"itemListElement\":[{\"@type\":\"ListItem\",\"position\":1,\"name\":\"Portada\",\"item\":\"https:\/\/audibax.com\/fr\/\"},{\"@type\":\"ListItem\",\"position\":2,\"name\":\"Produits\",\"item\":\"https:\/\/audibax.com\/fr\/shop\/\"},{\"@type\":\"ListItem\",\"position\":3,\"name\":\"FFN-5 Normal Fog Fluid 5L\"}]},{\"@type\":\"WebSite\",\"@id\":\"https:\/\/audibax.com\/fr\/#website\",\"url\":\"https:\/\/audibax.com\/fr\/\",\"name\":\"Audibax\",\"description\":\"\",\"publisher\":{\"@id\":\"https:\/\/audibax.com\/fr\/#organization\"},\"potentialAction\":[{\"@type\":\"SearchAction\",\"target\":{\"@type\":\"EntryPoint\",\"urlTemplate\":\"https:\/\/audibax.com\/fr\/?s={search_term_string}\"},\"query-input\":{\"@type\":\"PropertyValueSpecification\",\"valueRequired\":true,\"valueName\":\"search_term_string\"}}],\"inLanguage\":\"fr-FR\"},{\"@type\":\"Organization\",\"@id\":\"https:\/\/audibax.com\/fr\/#organization\",\"name\":\"Audibax\",\"url\":\"https:\/\/audibax.com\/fr\/\",\"logo\":{\"@type\":\"ImageObject\",\"inLanguage\":\"fr-FR\",\"@id\":\"https:\/\/audibax.com\/fr\/#\/schema\/logo\/image\/\",\"url\":\"https:\/\/audibax.com\/wp-content\/uploads\/2023\/09\/logo-Audibax-BLANCO-SVG-1.svg\",\"contentUrl\":\"https:\/\/audibax.com\/wp-content\/uploads\/2023\/09\/logo-Audibax-BLANCO-SVG-1.svg\",\"caption\":\"Audibax\"},\"image\":{\"@id\":\"https:\/\/audibax.com\/fr\/#\/schema\/logo\/image\/\"}}]}<\/script>\n<!-- \/ Yoast SEO plugin. -->","yoast_head_json":{"title":"FFN-5 Normal Fog Fluid 5L - Audibax","robots":{"index":"index","follow":"follow","max-snippet":"max-snippet:-1","max-image-preview":"max-image-preview:large","max-video-preview":"max-video-preview:-1"},"canonical":"https:\/\/audibax.com\/fr\/produit\/ffn-5-normal-fog-fluid-5l-3\/","og_locale":"fr_FR","og_type":"article","og_title":"FFN-5 Normal Fog Fluid 5L - Audibax","og_description":"Fluide \u00e0 brouillard de densit\u00e9 normale  Carafe de 5L  Convient \u00e0 tous les types de machines \u00e0 fum\u00e9e et \u00e0 brouillard  Formule s\u00fbre, inodore et sans r\u00e9sidu  Formule s\u00fbre, inodore et sans r\u00e9sidu  Formule s\u00fbre, inodore et sans r\u00e9sidu  Formule s\u00fbre, inodore et sans r\u00e9sidu  Convient \u00e0 toutes les machines \u00e0 fum\u00e9e et \u00e0 brouillard  Formule s\u00fbre, inodore et sans r\u00e9sidu  Formule s\u00fbre, inodore et sans r\u00e9sidu.Convient \u00e0 toutes les machines \u00e0 fum\u00e9e et \u00e0 brouillard  Formule s\u00fbre, inodore et ne laissant aucun r\u00e9sidu  Formule s\u00fbre, inodore et non r\u00e9siduelle  S\u00fbre, inodore et non r\u00e9siduelle","og_url":"https:\/\/audibax.com\/fr\/produit\/ffn-5-normal-fog-fluid-5l-3\/","og_site_name":"Audibax","article_modified_time":"2024-08-06T09:34:01+00:00","og_image":[{"width":1500,"height":1060,"url":"https:\/\/audibax.com\/wp-content\/uploads\/2023\/12\/Audibax-ffn-5-normal-fog-fluid-liquido-niebla-1.png","type":"image\/png"}],"twitter_card":"summary_large_image","twitter_misc":{"Dur\u00e9e de lecture estim\u00e9e":"1 minute"},"schema":{"@context":"https:\/\/schema.org","@graph":[{"@type":"WebPage","@id":"https:\/\/audibax.com\/fr\/produit\/ffn-5-normal-fog-fluid-5l-3\/","url":"https:\/\/audibax.com\/fr\/produit\/ffn-5-normal-fog-fluid-5l-3\/","name":"FFN-5 Normal Fog Fluid 5L - Audibax","isPartOf":{"@id":"https:\/\/audibax.com\/fr\/#website"},"primaryImageOfPage":{"@id":"https:\/\/audibax.com\/fr\/produit\/ffn-5-normal-fog-fluid-5l-3\/#primaryimage"},"image":{"@id":"https:\/\/audibax.com\/fr\/produit\/ffn-5-normal-fog-fluid-5l-3\/#primaryimage"},"thumbnailUrl":"https:\/\/audibax.com\/wp-content\/uploads\/2023\/12\/Audibax-ffn-5-normal-fog-fluid-liquido-niebla-1.png","datePublished":"2023-12-11T15:35:35+00:00","dateModified":"2024-08-06T09:34:01+00:00","breadcrumb":{"@id":"https:\/\/audibax.com\/fr\/produit\/ffn-5-normal-fog-fluid-5l-3\/#breadcrumb"},"inLanguage":"fr-FR","potentialAction":[{"@type":"ReadAction","target":["https:\/\/audibax.com\/fr\/produit\/ffn-5-normal-fog-fluid-5l-3\/"]}]},{"@type":"ImageObject","inLanguage":"fr-FR","@id":"https:\/\/audibax.com\/fr\/produit\/ffn-5-normal-fog-fluid-5l-3\/#primaryimage","url":"https:\/\/audibax.com\/wp-content\/uploads\/2023\/12\/Audibax-ffn-5-normal-fog-fluid-liquido-niebla-1.png","contentUrl":"https:\/\/audibax.com\/wp-content\/uploads\/2023\/12\/Audibax-ffn-5-normal-fog-fluid-liquido-niebla-1.png","width":1500,"height":1060},{"@type":"BreadcrumbList","@id":"https:\/\/audibax.com\/fr\/produit\/ffn-5-normal-fog-fluid-5l-3\/#breadcrumb","itemListElement":[{"@type":"ListItem","position":1,"name":"Portada","item":"https:\/\/audibax.com\/fr\/"},{"@type":"ListItem","position":2,"name":"Produits","item":"https:\/\/audibax.com\/fr\/shop\/"},{"@type":"ListItem","position":3,"name":"FFN-5 Normal Fog Fluid 5L"}]},{"@type":"WebSite","@id":"https:\/\/audibax.com\/fr\/#website","url":"https:\/\/audibax.com\/fr\/","name":"Audibax","description":"","publisher":{"@id":"https:\/\/audibax.com\/fr\/#organization"},"potentialAction":[{"@type":"SearchAction","target":{"@type":"EntryPoint","urlTemplate":"https:\/\/audibax.com\/fr\/?s={search_term_string}"},"query-input":{"@type":"PropertyValueSpecification","valueRequired":true,"valueName":"search_term_string"}}],"inLanguage":"fr-FR"},{"@type":"Organization","@id":"https:\/\/audibax.com\/fr\/#organization","name":"Audibax","url":"https:\/\/audibax.com\/fr\/","logo":{"@type":"ImageObject","inLanguage":"fr-FR","@id":"https:\/\/audibax.com\/fr\/#\/schema\/logo\/image\/","url":"https:\/\/audibax.com\/wp-content\/uploads\/2023\/09\/logo-Audibax-BLANCO-SVG-1.svg","contentUrl":"https:\/\/audibax.com\/wp-content\/uploads\/2023\/09\/logo-Audibax-BLANCO-SVG-1.svg","caption":"Audibax"},"image":{"@id":"https:\/\/audibax.com\/fr\/#\/schema\/logo\/image\/"}}]}},"_links":{"self":[{"href":"https:\/\/audibax.com\/fr\/wp-json\/wp\/v2\/product\/38097","targetHints":{"allow":["GET"]}}],"collection":[{"href":"https:\/\/audibax.com\/fr\/wp-json\/wp\/v2\/product"}],"about":[{"href":"https:\/\/audibax.com\/fr\/wp-json\/wp\/v2\/types\/product"}],"replies":[{"embeddable":true,"href":"https:\/\/audibax.com\/fr\/wp-json\/wp\/v2\/comments?post=38097"}],"wp:featuredmedia":[{"embeddable":true,"href":"https:\/\/audibax.com\/fr\/wp-json\/wp\/v2\/media\/42104"}],"wp:attachment":[{"href":"https:\/\/audibax.com\/fr\/wp-json\/wp\/v2\/media?parent=38097"}],"wp:term":[{"taxonomy":"product_cat","embeddable":true,"href":"https:\/\/audibax.com\/fr\/wp-json\/wp\/v2\/product_cat?post=38097"},{"taxonomy":"product_tag","embeddable":true,"href":"https:\/\/audibax.com\/fr\/wp-json\/wp\/v2\/product_tag?post=38097"}],"curies":[{"name":"wp","href":"https:\/\/api.w.org\/{rel}","templated":true}]}}