{"id":38093,"date":"2023-12-11T13:31:10","date_gmt":"2023-12-11T12:31:10","guid":{"rendered":"https:\/\/audibax.com\/product\/event-90-fc-flight-case-2\/"},"modified":"2024-04-19T16:03:27","modified_gmt":"2024-04-19T14:03:27","slug":"event-90-fc-flight-case-2","status":"publish","type":"product","link":"https:\/\/audibax.com\/fr\/produit\/event-90-fc-flight-case-2\/","title":{"rendered":"Event 90 FC Flight Case"},"content":{"rendered":"<p><strong>Audibax Event 90 FC Fight Case<\/strong><\/p>\n<ul>\n<li style=\"list-style-type: none;\">\n<ul>\n<li>Fight Case avec stockage de 8 unit\u00e9s pour les lampes de poche architecturales avec batteries\n<ul>\n<li>Fonction de charge simultan\u00e9e<\/li>\n<li>Fonction de charge simultan\u00e9e<\/li>\n<li>Fonction de charge simultan\u00e9e<\/li>\n<li>Fonction de charge simultan\u00e9e<\/li>\n<li>Simultan\u00e9e.<\/li>\n<li>Fonction de charge simultan\u00e9e<\/li>\n<li>Fonction de charge simultan\u00e9e<\/li>\n<li>Fonction de charge simultan\u00e9e<\/li>\n<li>Fonction de charge simultan\u00e9e<\/li>\n<li>Fonction de charge simultan\u00e9e<\/li>\n<li>Fonction de charge simultan\u00e9e.Sp\u00e9cialement con\u00e7u pour l&rsquo;Audibax Event 90<\/li>\n<li>Compatible avec d&rsquo;autres mod\u00e8les en respectant les mesures int\u00e9rieures<\/li>\n<li>4 roulettes pivotantes<\/li>\n<li>Mat\u00e9riau int\u00e9rieur EVA et rembourrage en mousse<\/li>\n<li>Dimensions : 650 x 440 x 240 mm (sans les roues)<\/li>\n<li>Dimensions int\u00e9rieures du compartiment unique : 155 x 145 x 145 x 180 mm<\/li>\n<\/ul>\n<p>&nbsp;<\/p>\n<p>.<\/li>\n<\/ul>\n<\/li>\n<\/ul>\n","protected":false},"excerpt":{"rendered":"<p>Audibax Event 90 FC Fight Case Fight Case avec stockage de 8 unit\u00e9s pour les lampes de poche architecturales avec batteries Fonction de charge simultan\u00e9e Fonction de charge simultan\u00e9e Fonction de charge simultan\u00e9e Fonction de charge simultan\u00e9e Simultan\u00e9e. Fonction de charge simultan\u00e9e Fonction de charge simultan\u00e9e Fonction de charge simultan\u00e9e Fonction de charge simultan\u00e9e Fonction [&hellip;]<\/p>\n","protected":false},"featured_media":18318,"comment_status":"open","ping_status":"closed","template":"","meta":{"_acf_changed":false},"product_cat":[339],"product_tag":[],"class_list":{"0":"post-38093","1":"product","2":"type-product","3":"status-publish","4":"has-post-thumbnail","6":"product_cat-flightcase-declairage","8":"first","9":"instock","10":"shipping-taxable","11":"product-type-simple"},"acf":[],"yoast_head":"<!-- This site is optimized with the Yoast SEO plugin v27.0 - https:\/\/yoast.com\/product\/yoast-seo-wordpress\/ -->\n<title>Event 90 FC Flight Case - Audibax<\/title>\n<meta name=\"robots\" content=\"index, follow, max-snippet:-1, max-image-preview:large, max-video-preview:-1\" \/>\n<link rel=\"canonical\" href=\"https:\/\/audibax.com\/fr\/produit\/event-90-fc-flight-case-2\/\" \/>\n<meta property=\"og:locale\" content=\"fr_FR\" \/>\n<meta property=\"og:type\" content=\"article\" \/>\n<meta property=\"og:title\" content=\"Event 90 FC Flight Case - Audibax\" \/>\n<meta property=\"og:description\" content=\"Audibax Event 90 FC Fight Case Fight Case avec stockage de 8 unit\u00e9s pour les lampes de poche architecturales avec batteries Fonction de charge simultan\u00e9e Fonction de charge simultan\u00e9e Fonction de charge simultan\u00e9e Fonction de charge simultan\u00e9e Simultan\u00e9e. Fonction de charge simultan\u00e9e Fonction de charge simultan\u00e9e Fonction de charge simultan\u00e9e Fonction de charge simultan\u00e9e Fonction [&hellip;]\" \/>\n<meta property=\"og:url\" content=\"https:\/\/audibax.com\/fr\/produit\/event-90-fc-flight-case-2\/\" \/>\n<meta property=\"og:site_name\" content=\"Audibax\" \/>\n<meta property=\"article:modified_time\" content=\"2024-04-19T14:03:27+00:00\" \/>\n<meta property=\"og:image\" content=\"https:\/\/audibax.com\/wp-content\/uploads\/2023\/12\/Event-90-FC-comprar.jpg\" \/>\n\t<meta property=\"og:image:width\" content=\"1000\" \/>\n\t<meta property=\"og:image:height\" content=\"500\" \/>\n\t<meta property=\"og:image:type\" content=\"image\/jpeg\" \/>\n<meta name=\"twitter:card\" content=\"summary_large_image\" \/>\n<meta name=\"twitter:label1\" content=\"Dur\u00e9e de lecture estim\u00e9e\" \/>\n\t<meta name=\"twitter:data1\" content=\"1 minute\" \/>\n<script type=\"application\/ld+json\" class=\"yoast-schema-graph\">{\"@context\":\"https:\/\/schema.org\",\"@graph\":[{\"@type\":\"WebPage\",\"@id\":\"https:\/\/audibax.com\/fr\/produit\/event-90-fc-flight-case-2\/\",\"url\":\"https:\/\/audibax.com\/fr\/produit\/event-90-fc-flight-case-2\/\",\"name\":\"Event 90 FC Flight Case - Audibax\",\"isPartOf\":{\"@id\":\"https:\/\/audibax.com\/fr\/#website\"},\"primaryImageOfPage\":{\"@id\":\"https:\/\/audibax.com\/fr\/produit\/event-90-fc-flight-case-2\/#primaryimage\"},\"image\":{\"@id\":\"https:\/\/audibax.com\/fr\/produit\/event-90-fc-flight-case-2\/#primaryimage\"},\"thumbnailUrl\":\"https:\/\/audibax.com\/wp-content\/uploads\/2023\/12\/Event-90-FC-comprar.jpg\",\"datePublished\":\"2023-12-11T12:31:10+00:00\",\"dateModified\":\"2024-04-19T14:03:27+00:00\",\"breadcrumb\":{\"@id\":\"https:\/\/audibax.com\/fr\/produit\/event-90-fc-flight-case-2\/#breadcrumb\"},\"inLanguage\":\"fr-FR\",\"potentialAction\":[{\"@type\":\"ReadAction\",\"target\":[\"https:\/\/audibax.com\/fr\/produit\/event-90-fc-flight-case-2\/\"]}]},{\"@type\":\"ImageObject\",\"inLanguage\":\"fr-FR\",\"@id\":\"https:\/\/audibax.com\/fr\/produit\/event-90-fc-flight-case-2\/#primaryimage\",\"url\":\"https:\/\/audibax.com\/wp-content\/uploads\/2023\/12\/Event-90-FC-comprar.jpg\",\"contentUrl\":\"https:\/\/audibax.com\/wp-content\/uploads\/2023\/12\/Event-90-FC-comprar.jpg\",\"width\":1000,\"height\":500},{\"@type\":\"BreadcrumbList\",\"@id\":\"https:\/\/audibax.com\/fr\/produit\/event-90-fc-flight-case-2\/#breadcrumb\",\"itemListElement\":[{\"@type\":\"ListItem\",\"position\":1,\"name\":\"Portada\",\"item\":\"https:\/\/audibax.com\/fr\/\"},{\"@type\":\"ListItem\",\"position\":2,\"name\":\"Produits\",\"item\":\"https:\/\/audibax.com\/fr\/shop\/\"},{\"@type\":\"ListItem\",\"position\":3,\"name\":\"Event 90 FC Flight Case\"}]},{\"@type\":\"WebSite\",\"@id\":\"https:\/\/audibax.com\/fr\/#website\",\"url\":\"https:\/\/audibax.com\/fr\/\",\"name\":\"Audibax\",\"description\":\"\",\"publisher\":{\"@id\":\"https:\/\/audibax.com\/fr\/#organization\"},\"potentialAction\":[{\"@type\":\"SearchAction\",\"target\":{\"@type\":\"EntryPoint\",\"urlTemplate\":\"https:\/\/audibax.com\/fr\/?s={search_term_string}\"},\"query-input\":{\"@type\":\"PropertyValueSpecification\",\"valueRequired\":true,\"valueName\":\"search_term_string\"}}],\"inLanguage\":\"fr-FR\"},{\"@type\":\"Organization\",\"@id\":\"https:\/\/audibax.com\/fr\/#organization\",\"name\":\"Audibax\",\"url\":\"https:\/\/audibax.com\/fr\/\",\"logo\":{\"@type\":\"ImageObject\",\"inLanguage\":\"fr-FR\",\"@id\":\"https:\/\/audibax.com\/fr\/#\/schema\/logo\/image\/\",\"url\":\"https:\/\/audibax.com\/wp-content\/uploads\/2023\/09\/logo-Audibax-BLANCO-SVG-1.svg\",\"contentUrl\":\"https:\/\/audibax.com\/wp-content\/uploads\/2023\/09\/logo-Audibax-BLANCO-SVG-1.svg\",\"caption\":\"Audibax\"},\"image\":{\"@id\":\"https:\/\/audibax.com\/fr\/#\/schema\/logo\/image\/\"}}]}<\/script>\n<!-- \/ Yoast SEO plugin. -->","yoast_head_json":{"title":"Event 90 FC Flight Case - Audibax","robots":{"index":"index","follow":"follow","max-snippet":"max-snippet:-1","max-image-preview":"max-image-preview:large","max-video-preview":"max-video-preview:-1"},"canonical":"https:\/\/audibax.com\/fr\/produit\/event-90-fc-flight-case-2\/","og_locale":"fr_FR","og_type":"article","og_title":"Event 90 FC Flight Case - Audibax","og_description":"Audibax Event 90 FC Fight Case Fight Case avec stockage de 8 unit\u00e9s pour les lampes de poche architecturales avec batteries Fonction de charge simultan\u00e9e Fonction de charge simultan\u00e9e Fonction de charge simultan\u00e9e Fonction de charge simultan\u00e9e Simultan\u00e9e. Fonction de charge simultan\u00e9e Fonction de charge simultan\u00e9e Fonction de charge simultan\u00e9e Fonction de charge simultan\u00e9e Fonction [&hellip;]","og_url":"https:\/\/audibax.com\/fr\/produit\/event-90-fc-flight-case-2\/","og_site_name":"Audibax","article_modified_time":"2024-04-19T14:03:27+00:00","og_image":[{"width":1000,"height":500,"url":"https:\/\/audibax.com\/wp-content\/uploads\/2023\/12\/Event-90-FC-comprar.jpg","type":"image\/jpeg"}],"twitter_card":"summary_large_image","twitter_misc":{"Dur\u00e9e de lecture estim\u00e9e":"1 minute"},"schema":{"@context":"https:\/\/schema.org","@graph":[{"@type":"WebPage","@id":"https:\/\/audibax.com\/fr\/produit\/event-90-fc-flight-case-2\/","url":"https:\/\/audibax.com\/fr\/produit\/event-90-fc-flight-case-2\/","name":"Event 90 FC Flight Case - Audibax","isPartOf":{"@id":"https:\/\/audibax.com\/fr\/#website"},"primaryImageOfPage":{"@id":"https:\/\/audibax.com\/fr\/produit\/event-90-fc-flight-case-2\/#primaryimage"},"image":{"@id":"https:\/\/audibax.com\/fr\/produit\/event-90-fc-flight-case-2\/#primaryimage"},"thumbnailUrl":"https:\/\/audibax.com\/wp-content\/uploads\/2023\/12\/Event-90-FC-comprar.jpg","datePublished":"2023-12-11T12:31:10+00:00","dateModified":"2024-04-19T14:03:27+00:00","breadcrumb":{"@id":"https:\/\/audibax.com\/fr\/produit\/event-90-fc-flight-case-2\/#breadcrumb"},"inLanguage":"fr-FR","potentialAction":[{"@type":"ReadAction","target":["https:\/\/audibax.com\/fr\/produit\/event-90-fc-flight-case-2\/"]}]},{"@type":"ImageObject","inLanguage":"fr-FR","@id":"https:\/\/audibax.com\/fr\/produit\/event-90-fc-flight-case-2\/#primaryimage","url":"https:\/\/audibax.com\/wp-content\/uploads\/2023\/12\/Event-90-FC-comprar.jpg","contentUrl":"https:\/\/audibax.com\/wp-content\/uploads\/2023\/12\/Event-90-FC-comprar.jpg","width":1000,"height":500},{"@type":"BreadcrumbList","@id":"https:\/\/audibax.com\/fr\/produit\/event-90-fc-flight-case-2\/#breadcrumb","itemListElement":[{"@type":"ListItem","position":1,"name":"Portada","item":"https:\/\/audibax.com\/fr\/"},{"@type":"ListItem","position":2,"name":"Produits","item":"https:\/\/audibax.com\/fr\/shop\/"},{"@type":"ListItem","position":3,"name":"Event 90 FC Flight Case"}]},{"@type":"WebSite","@id":"https:\/\/audibax.com\/fr\/#website","url":"https:\/\/audibax.com\/fr\/","name":"Audibax","description":"","publisher":{"@id":"https:\/\/audibax.com\/fr\/#organization"},"potentialAction":[{"@type":"SearchAction","target":{"@type":"EntryPoint","urlTemplate":"https:\/\/audibax.com\/fr\/?s={search_term_string}"},"query-input":{"@type":"PropertyValueSpecification","valueRequired":true,"valueName":"search_term_string"}}],"inLanguage":"fr-FR"},{"@type":"Organization","@id":"https:\/\/audibax.com\/fr\/#organization","name":"Audibax","url":"https:\/\/audibax.com\/fr\/","logo":{"@type":"ImageObject","inLanguage":"fr-FR","@id":"https:\/\/audibax.com\/fr\/#\/schema\/logo\/image\/","url":"https:\/\/audibax.com\/wp-content\/uploads\/2023\/09\/logo-Audibax-BLANCO-SVG-1.svg","contentUrl":"https:\/\/audibax.com\/wp-content\/uploads\/2023\/09\/logo-Audibax-BLANCO-SVG-1.svg","caption":"Audibax"},"image":{"@id":"https:\/\/audibax.com\/fr\/#\/schema\/logo\/image\/"}}]}},"_links":{"self":[{"href":"https:\/\/audibax.com\/fr\/wp-json\/wp\/v2\/product\/38093","targetHints":{"allow":["GET"]}}],"collection":[{"href":"https:\/\/audibax.com\/fr\/wp-json\/wp\/v2\/product"}],"about":[{"href":"https:\/\/audibax.com\/fr\/wp-json\/wp\/v2\/types\/product"}],"replies":[{"embeddable":true,"href":"https:\/\/audibax.com\/fr\/wp-json\/wp\/v2\/comments?post=38093"}],"wp:featuredmedia":[{"embeddable":true,"href":"https:\/\/audibax.com\/fr\/wp-json\/wp\/v2\/media\/18318"}],"wp:attachment":[{"href":"https:\/\/audibax.com\/fr\/wp-json\/wp\/v2\/media?parent=38093"}],"wp:term":[{"taxonomy":"product_cat","embeddable":true,"href":"https:\/\/audibax.com\/fr\/wp-json\/wp\/v2\/product_cat?post=38093"},{"taxonomy":"product_tag","embeddable":true,"href":"https:\/\/audibax.com\/fr\/wp-json\/wp\/v2\/product_tag?post=38093"}],"curies":[{"name":"wp","href":"https:\/\/api.w.org\/{rel}","templated":true}]}}