{"id":38092,"date":"2023-12-11T13:30:20","date_gmt":"2023-12-11T12:30:20","guid":{"rendered":"https:\/\/audibax.com\/product\/easy-acoustic-black-2\/"},"modified":"2024-07-19T09:15:43","modified_gmt":"2024-07-19T07:15:43","slug":"easy-acoustic-black-2","status":"publish","type":"product","link":"https:\/\/audibax.com\/fr\/produit\/easy-acoustic-black-2\/","title":{"rendered":"Easy Acoustic Black"},"content":{"rendered":"<\/p>\n<p><strong>Audibax Easy Acoustic Guitar Case for Acoustic and Classical Guitars<\/strong><\/strong><\/p>\n<p><strong>L&rsquo;<strong>Easy Acoustic<\/strong> est un \u00e9tui de guitare pour les guitares classiques et acoustiques.Easy Acoustic d&rsquo;Audibax<\/strong> est un \u00e9tui de guitare qui, gr\u00e2ce \u00e0 ses mesures, est compatible avec les guitares classiques et acoustiques. Son design classique et l\u00e9ger en fait le choix id\u00e9al pour tout guitariste, car il permet de transporter facilement la guitare sur de longues distances. Les sangles de sac \u00e0 dos r\u00e9glables incluses rendent le transport facile et confortable. <\/p>\n<p>Il est dot\u00e9 de plusieurs poign\u00e9es en mat\u00e9riau durable qui offrent de multiples options de transport. L&rsquo;\u00e9tui Easy Acoustic dispose d&rsquo;un compartiment de rangement int\u00e9gr\u00e9 \u00e0 l&rsquo;avant de l&rsquo;\u00e9tui qui permet de transporter facilement des partitions, des accordeurs, des p&uacute;as ou d&rsquo;autres accessoires.<\/p>\n<p>L&rsquo;\u00e9tui Easy Acoustic est indispensable \u00e0 tout guitariste car il pr\u00e9servera votre guitare des rayures et de la salet\u00e9 et le mat\u00e9riau r\u00e9sistant \u00e0 l&rsquo;eau de l&rsquo;\u00e9tui garantit une protection et une durabilit\u00e9 accrues.<\/p>\n<h2>Sp\u00e9cifications<\/h2>\n<p>&nbsp;<\/p>\n<ul>\n<li>\n<li>Mat\u00e9riau : Poly\u00e9thyl\u00e8ne<\/li>\n<li>Coussinets : 5mm<\/li>\n<li>Couleur : Noir<\/li>\n<li>Mesures approximatives :\n<ul style=\"list-style-type:circle\">\n<li>Largeur : 38.7 cm<\/li>\n<li>Profondeur : 10.8 cm<\/li>\n<li>Hauteur : 104 cm<\/li>\n<\/ul>\n<\/li>\n<li>Un compartiment<\/li>\n<li>Sangles d&rsquo;\u00e9paule r\u00e9glables<\/li>\n<li>Tout usage<\/li>\n<li>Mat\u00e9riau \u00e9tanche<\/li>\n<li>Mat\u00e9riel \u00e9tanche<\/li>\n<li>Mat\u00e9riel \u00e9tanche<\/li>\n<li>Mat\u00e9riel \u00e9tanche<\/li>\n<li>Mat\u00e9riel \u00e9tanche.Mat\u00e9riau r\u00e9sistant \u00e0 l&rsquo;eau<\/li>\n<li>Tapis en caoutchouc antid\u00e9rapant<\/li>\n<li>Le produit est vendu individuellement.<\/li>\n<\/ul>\n<\/ul>\n","protected":false},"excerpt":{"rendered":"<\/p>\n<p>Etui pour guitare acoustique et classique<\/p>\n<p>Etui pour guitare acoustique et classique<\/p>\n<p>Etui pour guitare acoustique et classique<\/p>\n","protected":false},"featured_media":17103,"comment_status":"open","ping_status":"closed","template":"","meta":{"_acf_changed":false},"product_cat":[333],"product_tag":[],"class_list":{"0":"post-38092","1":"product","2":"type-product","3":"status-publish","4":"has-post-thumbnail","6":"product_cat-sac-de-guitare","8":"first","9":"instock","10":"shipping-taxable","11":"product-type-simple"},"acf":[],"yoast_head":"<!-- This site is optimized with the Yoast SEO plugin v27.0 - https:\/\/yoast.com\/product\/yoast-seo-wordpress\/ -->\n<title>Easy Acoustic Black - Audibax<\/title>\n<meta name=\"robots\" content=\"index, follow, max-snippet:-1, max-image-preview:large, max-video-preview:-1\" \/>\n<link rel=\"canonical\" href=\"https:\/\/audibax.com\/fr\/produit\/easy-acoustic-black-2\/\" \/>\n<meta property=\"og:locale\" content=\"fr_FR\" \/>\n<meta property=\"og:type\" content=\"article\" \/>\n<meta property=\"og:title\" content=\"Easy Acoustic Black - Audibax\" \/>\n<meta property=\"og:description\" content=\"Etui pour guitare acoustique et classique Etui pour guitare acoustique et classique Etui pour guitare acoustique et classique\" \/>\n<meta property=\"og:url\" content=\"https:\/\/audibax.com\/fr\/produit\/easy-acoustic-black-2\/\" \/>\n<meta property=\"og:site_name\" content=\"Audibax\" \/>\n<meta property=\"article:modified_time\" content=\"2024-07-19T07:15:43+00:00\" \/>\n<meta property=\"og:image\" content=\"https:\/\/audibax.com\/wp-content\/uploads\/2023\/12\/audibax-easy-acoustic-funda-acustica.png\" \/>\n\t<meta property=\"og:image:width\" content=\"1000\" \/>\n\t<meta property=\"og:image:height\" content=\"500\" \/>\n\t<meta property=\"og:image:type\" content=\"image\/png\" \/>\n<meta name=\"twitter:card\" content=\"summary_large_image\" \/>\n<meta name=\"twitter:label1\" content=\"Dur\u00e9e de lecture estim\u00e9e\" \/>\n\t<meta name=\"twitter:data1\" content=\"2 minutes\" \/>\n<script type=\"application\/ld+json\" class=\"yoast-schema-graph\">{\"@context\":\"https:\/\/schema.org\",\"@graph\":[{\"@type\":\"WebPage\",\"@id\":\"https:\/\/audibax.com\/fr\/produit\/easy-acoustic-black-2\/\",\"url\":\"https:\/\/audibax.com\/fr\/produit\/easy-acoustic-black-2\/\",\"name\":\"Easy Acoustic Black - Audibax\",\"isPartOf\":{\"@id\":\"https:\/\/audibax.com\/fr\/#website\"},\"primaryImageOfPage\":{\"@id\":\"https:\/\/audibax.com\/fr\/produit\/easy-acoustic-black-2\/#primaryimage\"},\"image\":{\"@id\":\"https:\/\/audibax.com\/fr\/produit\/easy-acoustic-black-2\/#primaryimage\"},\"thumbnailUrl\":\"https:\/\/audibax.com\/wp-content\/uploads\/2023\/12\/audibax-easy-acoustic-funda-acustica.png\",\"datePublished\":\"2023-12-11T12:30:20+00:00\",\"dateModified\":\"2024-07-19T07:15:43+00:00\",\"breadcrumb\":{\"@id\":\"https:\/\/audibax.com\/fr\/produit\/easy-acoustic-black-2\/#breadcrumb\"},\"inLanguage\":\"fr-FR\",\"potentialAction\":[{\"@type\":\"ReadAction\",\"target\":[\"https:\/\/audibax.com\/fr\/produit\/easy-acoustic-black-2\/\"]}]},{\"@type\":\"ImageObject\",\"inLanguage\":\"fr-FR\",\"@id\":\"https:\/\/audibax.com\/fr\/produit\/easy-acoustic-black-2\/#primaryimage\",\"url\":\"https:\/\/audibax.com\/wp-content\/uploads\/2023\/12\/audibax-easy-acoustic-funda-acustica.png\",\"contentUrl\":\"https:\/\/audibax.com\/wp-content\/uploads\/2023\/12\/audibax-easy-acoustic-funda-acustica.png\",\"width\":1000,\"height\":500},{\"@type\":\"BreadcrumbList\",\"@id\":\"https:\/\/audibax.com\/fr\/produit\/easy-acoustic-black-2\/#breadcrumb\",\"itemListElement\":[{\"@type\":\"ListItem\",\"position\":1,\"name\":\"Portada\",\"item\":\"https:\/\/audibax.com\/fr\/\"},{\"@type\":\"ListItem\",\"position\":2,\"name\":\"Produits\",\"item\":\"https:\/\/audibax.com\/fr\/shop\/\"},{\"@type\":\"ListItem\",\"position\":3,\"name\":\"Easy Acoustic Black\"}]},{\"@type\":\"WebSite\",\"@id\":\"https:\/\/audibax.com\/fr\/#website\",\"url\":\"https:\/\/audibax.com\/fr\/\",\"name\":\"Audibax\",\"description\":\"\",\"publisher\":{\"@id\":\"https:\/\/audibax.com\/fr\/#organization\"},\"potentialAction\":[{\"@type\":\"SearchAction\",\"target\":{\"@type\":\"EntryPoint\",\"urlTemplate\":\"https:\/\/audibax.com\/fr\/?s={search_term_string}\"},\"query-input\":{\"@type\":\"PropertyValueSpecification\",\"valueRequired\":true,\"valueName\":\"search_term_string\"}}],\"inLanguage\":\"fr-FR\"},{\"@type\":\"Organization\",\"@id\":\"https:\/\/audibax.com\/fr\/#organization\",\"name\":\"Audibax\",\"url\":\"https:\/\/audibax.com\/fr\/\",\"logo\":{\"@type\":\"ImageObject\",\"inLanguage\":\"fr-FR\",\"@id\":\"https:\/\/audibax.com\/fr\/#\/schema\/logo\/image\/\",\"url\":\"https:\/\/audibax.com\/wp-content\/uploads\/2023\/09\/logo-Audibax-BLANCO-SVG-1.svg\",\"contentUrl\":\"https:\/\/audibax.com\/wp-content\/uploads\/2023\/09\/logo-Audibax-BLANCO-SVG-1.svg\",\"caption\":\"Audibax\"},\"image\":{\"@id\":\"https:\/\/audibax.com\/fr\/#\/schema\/logo\/image\/\"}}]}<\/script>\n<!-- \/ Yoast SEO plugin. -->","yoast_head_json":{"title":"Easy Acoustic Black - Audibax","robots":{"index":"index","follow":"follow","max-snippet":"max-snippet:-1","max-image-preview":"max-image-preview:large","max-video-preview":"max-video-preview:-1"},"canonical":"https:\/\/audibax.com\/fr\/produit\/easy-acoustic-black-2\/","og_locale":"fr_FR","og_type":"article","og_title":"Easy Acoustic Black - Audibax","og_description":"Etui pour guitare acoustique et classique Etui pour guitare acoustique et classique Etui pour guitare acoustique et classique","og_url":"https:\/\/audibax.com\/fr\/produit\/easy-acoustic-black-2\/","og_site_name":"Audibax","article_modified_time":"2024-07-19T07:15:43+00:00","og_image":[{"width":1000,"height":500,"url":"https:\/\/audibax.com\/wp-content\/uploads\/2023\/12\/audibax-easy-acoustic-funda-acustica.png","type":"image\/png"}],"twitter_card":"summary_large_image","twitter_misc":{"Dur\u00e9e de lecture estim\u00e9e":"2 minutes"},"schema":{"@context":"https:\/\/schema.org","@graph":[{"@type":"WebPage","@id":"https:\/\/audibax.com\/fr\/produit\/easy-acoustic-black-2\/","url":"https:\/\/audibax.com\/fr\/produit\/easy-acoustic-black-2\/","name":"Easy Acoustic Black - Audibax","isPartOf":{"@id":"https:\/\/audibax.com\/fr\/#website"},"primaryImageOfPage":{"@id":"https:\/\/audibax.com\/fr\/produit\/easy-acoustic-black-2\/#primaryimage"},"image":{"@id":"https:\/\/audibax.com\/fr\/produit\/easy-acoustic-black-2\/#primaryimage"},"thumbnailUrl":"https:\/\/audibax.com\/wp-content\/uploads\/2023\/12\/audibax-easy-acoustic-funda-acustica.png","datePublished":"2023-12-11T12:30:20+00:00","dateModified":"2024-07-19T07:15:43+00:00","breadcrumb":{"@id":"https:\/\/audibax.com\/fr\/produit\/easy-acoustic-black-2\/#breadcrumb"},"inLanguage":"fr-FR","potentialAction":[{"@type":"ReadAction","target":["https:\/\/audibax.com\/fr\/produit\/easy-acoustic-black-2\/"]}]},{"@type":"ImageObject","inLanguage":"fr-FR","@id":"https:\/\/audibax.com\/fr\/produit\/easy-acoustic-black-2\/#primaryimage","url":"https:\/\/audibax.com\/wp-content\/uploads\/2023\/12\/audibax-easy-acoustic-funda-acustica.png","contentUrl":"https:\/\/audibax.com\/wp-content\/uploads\/2023\/12\/audibax-easy-acoustic-funda-acustica.png","width":1000,"height":500},{"@type":"BreadcrumbList","@id":"https:\/\/audibax.com\/fr\/produit\/easy-acoustic-black-2\/#breadcrumb","itemListElement":[{"@type":"ListItem","position":1,"name":"Portada","item":"https:\/\/audibax.com\/fr\/"},{"@type":"ListItem","position":2,"name":"Produits","item":"https:\/\/audibax.com\/fr\/shop\/"},{"@type":"ListItem","position":3,"name":"Easy Acoustic Black"}]},{"@type":"WebSite","@id":"https:\/\/audibax.com\/fr\/#website","url":"https:\/\/audibax.com\/fr\/","name":"Audibax","description":"","publisher":{"@id":"https:\/\/audibax.com\/fr\/#organization"},"potentialAction":[{"@type":"SearchAction","target":{"@type":"EntryPoint","urlTemplate":"https:\/\/audibax.com\/fr\/?s={search_term_string}"},"query-input":{"@type":"PropertyValueSpecification","valueRequired":true,"valueName":"search_term_string"}}],"inLanguage":"fr-FR"},{"@type":"Organization","@id":"https:\/\/audibax.com\/fr\/#organization","name":"Audibax","url":"https:\/\/audibax.com\/fr\/","logo":{"@type":"ImageObject","inLanguage":"fr-FR","@id":"https:\/\/audibax.com\/fr\/#\/schema\/logo\/image\/","url":"https:\/\/audibax.com\/wp-content\/uploads\/2023\/09\/logo-Audibax-BLANCO-SVG-1.svg","contentUrl":"https:\/\/audibax.com\/wp-content\/uploads\/2023\/09\/logo-Audibax-BLANCO-SVG-1.svg","caption":"Audibax"},"image":{"@id":"https:\/\/audibax.com\/fr\/#\/schema\/logo\/image\/"}}]}},"_links":{"self":[{"href":"https:\/\/audibax.com\/fr\/wp-json\/wp\/v2\/product\/38092","targetHints":{"allow":["GET"]}}],"collection":[{"href":"https:\/\/audibax.com\/fr\/wp-json\/wp\/v2\/product"}],"about":[{"href":"https:\/\/audibax.com\/fr\/wp-json\/wp\/v2\/types\/product"}],"replies":[{"embeddable":true,"href":"https:\/\/audibax.com\/fr\/wp-json\/wp\/v2\/comments?post=38092"}],"wp:featuredmedia":[{"embeddable":true,"href":"https:\/\/audibax.com\/fr\/wp-json\/wp\/v2\/media\/17103"}],"wp:attachment":[{"href":"https:\/\/audibax.com\/fr\/wp-json\/wp\/v2\/media?parent=38092"}],"wp:term":[{"taxonomy":"product_cat","embeddable":true,"href":"https:\/\/audibax.com\/fr\/wp-json\/wp\/v2\/product_cat?post=38092"},{"taxonomy":"product_tag","embeddable":true,"href":"https:\/\/audibax.com\/fr\/wp-json\/wp\/v2\/product_tag?post=38092"}],"curies":[{"name":"wp","href":"https:\/\/api.w.org\/{rel}","templated":true}]}}