{"id":38088,"date":"2024-01-05T13:03:24","date_gmt":"2024-01-05T12:03:24","guid":{"rendered":"https:\/\/audibax.com\/product\/gold-custom-guitar-mono-jack-angled-mono-jack-6m-vintage-yellow-10145096-2\/"},"modified":"2024-01-05T13:03:24","modified_gmt":"2024-01-05T12:03:24","slug":"gold-custom-guitar-mono-jack-angled-mono-jack-6m-vintage-yellow-10145096-2","status":"publish","type":"product","link":"https:\/\/audibax.com\/fr\/produit\/gold-custom-guitar-mono-jack-angled-mono-jack-6m-vintage-yellow-10145096-2\/","title":{"rendered":"Gold Custom Guitar Mono Jack Angled Mono Jack 6m Vintage Yellow 10145096"},"content":{"rendered":"<\/p>\n<p><strong>Audibax Gold Custom Guitar Guitar Cable Jack Mono to Jack Mono Angled 6 Meter Vintage Yellow<\/strong><\/p>\n<p>La s\u00e9rie Audibax Gold Custom Guitar<\/strong>&nbsp;<strong>Gold Custom Guitar<\/strong>&#038;nbsp ;sont fabriqu\u00e9s avec une paire suppl\u00e9mentaire de conducteurs OFC (cuivre sans oxyg\u00e8ne) afin de fournir une transmission de signal ultra-pure et de r\u00e9duire autant que possible le bruit de fond. Il est con\u00e7u pour \u00e9liminer le bruit et rejeter les interf\u00e9rences qui peuvent se produire.<\/p>\n<p>La nouvelle gamme Gold Custom Guitar est une ligne de c\u00e2bles con\u00e7ue pour les guitaristes qui recherchent la qualit\u00e9 et le design d&rsquo;un c\u00e2ble au meilleur prix.<\/p>\n<h2>Caract\u00e9ristiques du connecteur<\/h2>\n<p>&nbsp;<\/p>\n<ul>\n<li>S\u00e9rie : Gold Custom Guitar<\/li>\n<li>Type : Jack mono vers Jack mono coud\u00e9<\/li>\n<li>Longueur : 6m<\/li>\n<li>Couleur : Jaune Vintage<\/li>\n<li>Diam\u00e8tre du c\u00e2ble : 8 mm<\/li>\n<li>Section int\u00e9rieure du conducteur : 0.64 mm OFC<\/li>\n<li>Bouclier spiral\u00e9 OFC dense<\/li>\n<li>Enrobage PVC<\/li>\n<\/ul>\n<\/ul>\n<ul>\n<ul>\n<ul>\n<ul>\n<li>Diam\u00e8tre du c\u00e2ble : 8 mm<\/li>\n<\/ul>\n<\/ul>\n<ul>\n<ul>\n<ul> <ulh2>Caract\u00e9ristiques Connecteur A<\/h2>\n<p>&nbsp;<\/p>\n<ul>\n<li>Connecteur : Jack&nbsp;<\/li>\n<li>Type : Mono<\/li>\n<li>N&nbsp;Nombre de broches : 1<\/li>\n<li>Contacts du connecteur : plaqu\u00e9 or 24k ( Jack Tip )<\/li>\n<li>Couleur : Gris<\/li>\n<li>Fabricant Connecteur A : Audibax<\/li>\n<li>Connecteur A Series : Gold Custom Guitar<\/li>\n<\/ul>\n<h2>Caract\u00e9ristiques Connecteur B<\/h2>\n<p>&nbsp;<\/p>\n<ul>\n<li>Connecteur : Jack<\/li>\n<li>Type : Mono Angled<\/li>\n<li>Nombre de broches : 1<\/li>\n<li>Contacts du connecteur : Plaqu\u00e9 or 24k ( Jack Tip )<\/li>\n<li>Couleur : Gris<\/li>\n<li>Fabricant Connecteur B : Audibax<\/li>\n<li>Connecteur B Series : Gold Custom Guitar<\/li>\n<\/ul>\n","protected":false},"excerpt":{"rendered":"<ul>\n<li>S\u00e9rie : Gold Custom Guitar<\/li>\n<li>Type : Mono Jack vers Mono Angled Jack<\/li>\n<li>Longueur : 6m<\/li>\n<li>Couleur : Jaune Vintage<\/li>\n<li>Diam\u00e8tre du c\u00e2ble : 8 mm<\/li>\n<\/ul>\n<\/ul>\n","protected":false},"featured_media":17226,"comment_status":"open","ping_status":"closed","template":"","meta":{"_acf_changed":false},"product_cat":[313],"product_tag":[],"class_list":{"0":"post-38088","1":"product","2":"type-product","3":"status-publish","4":"has-post-thumbnail","6":"product_cat-cable-jack","8":"first","9":"instock","10":"shipping-taxable","11":"product-type-simple"},"acf":[],"yoast_head":"<!-- This site is optimized with the Yoast SEO plugin v27.0 - https:\/\/yoast.com\/product\/yoast-seo-wordpress\/ -->\n<title>Gold Custom Guitar Mono Jack Angled Mono Jack 6m Vintage Yellow 10145096 - Audibax<\/title>\n<meta name=\"robots\" content=\"index, follow, max-snippet:-1, max-image-preview:large, max-video-preview:-1\" \/>\n<link rel=\"canonical\" href=\"https:\/\/audibax.com\/fr\/produit\/gold-custom-guitar-mono-jack-angled-mono-jack-6m-vintage-yellow-10145096-2\/\" \/>\n<meta property=\"og:locale\" content=\"fr_FR\" \/>\n<meta property=\"og:type\" content=\"article\" \/>\n<meta property=\"og:title\" content=\"Gold Custom Guitar Mono Jack Angled Mono Jack 6m Vintage Yellow 10145096 - Audibax\" \/>\n<meta property=\"og:description\" content=\"S\u00e9rie : Gold Custom Guitar Type : Mono Jack vers Mono Angled Jack Longueur : 6m Couleur : Jaune Vintage Diam\u00e8tre du c\u00e2ble : 8 mm\" \/>\n<meta property=\"og:url\" content=\"https:\/\/audibax.com\/fr\/produit\/gold-custom-guitar-mono-jack-angled-mono-jack-6m-vintage-yellow-10145096-2\/\" \/>\n<meta property=\"og:site_name\" content=\"Audibax\" \/>\n<meta name=\"twitter:card\" content=\"summary_large_image\" \/>\n<meta name=\"twitter:label1\" content=\"Dur\u00e9e de lecture estim\u00e9e\" \/>\n\t<meta name=\"twitter:data1\" content=\"1 minute\" \/>\n<script type=\"application\/ld+json\" class=\"yoast-schema-graph\">{\"@context\":\"https:\/\/schema.org\",\"@graph\":[{\"@type\":\"WebPage\",\"@id\":\"https:\/\/audibax.com\/fr\/produit\/gold-custom-guitar-mono-jack-angled-mono-jack-6m-vintage-yellow-10145096-2\/\",\"url\":\"https:\/\/audibax.com\/fr\/produit\/gold-custom-guitar-mono-jack-angled-mono-jack-6m-vintage-yellow-10145096-2\/\",\"name\":\"Gold Custom Guitar Mono Jack Angled Mono Jack 6m Vintage Yellow 10145096 - Audibax\",\"isPartOf\":{\"@id\":\"https:\/\/audibax.com\/fr\/#website\"},\"primaryImageOfPage\":{\"@id\":\"https:\/\/audibax.com\/fr\/produit\/gold-custom-guitar-mono-jack-angled-mono-jack-6m-vintage-yellow-10145096-2\/#primaryimage\"},\"image\":{\"@id\":\"https:\/\/audibax.com\/fr\/produit\/gold-custom-guitar-mono-jack-angled-mono-jack-6m-vintage-yellow-10145096-2\/#primaryimage\"},\"thumbnailUrl\":\"https:\/\/audibax.com\/wp-content\/uploads\/2023\/12\/audibax-gold-custom-guitar-vintage-yellow-6-metros-cable-guitarra-acodado.png\",\"datePublished\":\"2024-01-05T12:03:24+00:00\",\"breadcrumb\":{\"@id\":\"https:\/\/audibax.com\/fr\/produit\/gold-custom-guitar-mono-jack-angled-mono-jack-6m-vintage-yellow-10145096-2\/#breadcrumb\"},\"inLanguage\":\"fr-FR\",\"potentialAction\":[{\"@type\":\"ReadAction\",\"target\":[\"https:\/\/audibax.com\/fr\/produit\/gold-custom-guitar-mono-jack-angled-mono-jack-6m-vintage-yellow-10145096-2\/\"]}]},{\"@type\":\"ImageObject\",\"inLanguage\":\"fr-FR\",\"@id\":\"https:\/\/audibax.com\/fr\/produit\/gold-custom-guitar-mono-jack-angled-mono-jack-6m-vintage-yellow-10145096-2\/#primaryimage\",\"url\":\"https:\/\/audibax.com\/wp-content\/uploads\/2023\/12\/audibax-gold-custom-guitar-vintage-yellow-6-metros-cable-guitarra-acodado.png\",\"contentUrl\":\"https:\/\/audibax.com\/wp-content\/uploads\/2023\/12\/audibax-gold-custom-guitar-vintage-yellow-6-metros-cable-guitarra-acodado.png\",\"width\":1461,\"height\":1468},{\"@type\":\"BreadcrumbList\",\"@id\":\"https:\/\/audibax.com\/fr\/produit\/gold-custom-guitar-mono-jack-angled-mono-jack-6m-vintage-yellow-10145096-2\/#breadcrumb\",\"itemListElement\":[{\"@type\":\"ListItem\",\"position\":1,\"name\":\"Portada\",\"item\":\"https:\/\/audibax.com\/fr\/\"},{\"@type\":\"ListItem\",\"position\":2,\"name\":\"Produits\",\"item\":\"https:\/\/audibax.com\/fr\/shop\/\"},{\"@type\":\"ListItem\",\"position\":3,\"name\":\"Gold Custom Guitar Mono Jack Angled Mono Jack 6m Vintage Yellow 10145096\"}]},{\"@type\":\"WebSite\",\"@id\":\"https:\/\/audibax.com\/fr\/#website\",\"url\":\"https:\/\/audibax.com\/fr\/\",\"name\":\"Audibax\",\"description\":\"\",\"publisher\":{\"@id\":\"https:\/\/audibax.com\/fr\/#organization\"},\"potentialAction\":[{\"@type\":\"SearchAction\",\"target\":{\"@type\":\"EntryPoint\",\"urlTemplate\":\"https:\/\/audibax.com\/fr\/?s={search_term_string}\"},\"query-input\":{\"@type\":\"PropertyValueSpecification\",\"valueRequired\":true,\"valueName\":\"search_term_string\"}}],\"inLanguage\":\"fr-FR\"},{\"@type\":\"Organization\",\"@id\":\"https:\/\/audibax.com\/fr\/#organization\",\"name\":\"Audibax\",\"url\":\"https:\/\/audibax.com\/fr\/\",\"logo\":{\"@type\":\"ImageObject\",\"inLanguage\":\"fr-FR\",\"@id\":\"https:\/\/audibax.com\/fr\/#\/schema\/logo\/image\/\",\"url\":\"https:\/\/audibax.com\/wp-content\/uploads\/2023\/09\/logo-Audibax-BLANCO-SVG-1.svg\",\"contentUrl\":\"https:\/\/audibax.com\/wp-content\/uploads\/2023\/09\/logo-Audibax-BLANCO-SVG-1.svg\",\"caption\":\"Audibax\"},\"image\":{\"@id\":\"https:\/\/audibax.com\/fr\/#\/schema\/logo\/image\/\"}}]}<\/script>\n<!-- \/ Yoast SEO plugin. -->","yoast_head_json":{"title":"Gold Custom Guitar Mono Jack Angled Mono Jack 6m Vintage Yellow 10145096 - Audibax","robots":{"index":"index","follow":"follow","max-snippet":"max-snippet:-1","max-image-preview":"max-image-preview:large","max-video-preview":"max-video-preview:-1"},"canonical":"https:\/\/audibax.com\/fr\/produit\/gold-custom-guitar-mono-jack-angled-mono-jack-6m-vintage-yellow-10145096-2\/","og_locale":"fr_FR","og_type":"article","og_title":"Gold Custom Guitar Mono Jack Angled Mono Jack 6m Vintage Yellow 10145096 - Audibax","og_description":"S\u00e9rie : Gold Custom Guitar Type : Mono Jack vers Mono Angled Jack Longueur : 6m Couleur : Jaune Vintage Diam\u00e8tre du c\u00e2ble : 8 mm","og_url":"https:\/\/audibax.com\/fr\/produit\/gold-custom-guitar-mono-jack-angled-mono-jack-6m-vintage-yellow-10145096-2\/","og_site_name":"Audibax","twitter_card":"summary_large_image","twitter_misc":{"Dur\u00e9e de lecture estim\u00e9e":"1 minute"},"schema":{"@context":"https:\/\/schema.org","@graph":[{"@type":"WebPage","@id":"https:\/\/audibax.com\/fr\/produit\/gold-custom-guitar-mono-jack-angled-mono-jack-6m-vintage-yellow-10145096-2\/","url":"https:\/\/audibax.com\/fr\/produit\/gold-custom-guitar-mono-jack-angled-mono-jack-6m-vintage-yellow-10145096-2\/","name":"Gold Custom Guitar Mono Jack Angled Mono Jack 6m Vintage Yellow 10145096 - Audibax","isPartOf":{"@id":"https:\/\/audibax.com\/fr\/#website"},"primaryImageOfPage":{"@id":"https:\/\/audibax.com\/fr\/produit\/gold-custom-guitar-mono-jack-angled-mono-jack-6m-vintage-yellow-10145096-2\/#primaryimage"},"image":{"@id":"https:\/\/audibax.com\/fr\/produit\/gold-custom-guitar-mono-jack-angled-mono-jack-6m-vintage-yellow-10145096-2\/#primaryimage"},"thumbnailUrl":"https:\/\/audibax.com\/wp-content\/uploads\/2023\/12\/audibax-gold-custom-guitar-vintage-yellow-6-metros-cable-guitarra-acodado.png","datePublished":"2024-01-05T12:03:24+00:00","breadcrumb":{"@id":"https:\/\/audibax.com\/fr\/produit\/gold-custom-guitar-mono-jack-angled-mono-jack-6m-vintage-yellow-10145096-2\/#breadcrumb"},"inLanguage":"fr-FR","potentialAction":[{"@type":"ReadAction","target":["https:\/\/audibax.com\/fr\/produit\/gold-custom-guitar-mono-jack-angled-mono-jack-6m-vintage-yellow-10145096-2\/"]}]},{"@type":"ImageObject","inLanguage":"fr-FR","@id":"https:\/\/audibax.com\/fr\/produit\/gold-custom-guitar-mono-jack-angled-mono-jack-6m-vintage-yellow-10145096-2\/#primaryimage","url":"https:\/\/audibax.com\/wp-content\/uploads\/2023\/12\/audibax-gold-custom-guitar-vintage-yellow-6-metros-cable-guitarra-acodado.png","contentUrl":"https:\/\/audibax.com\/wp-content\/uploads\/2023\/12\/audibax-gold-custom-guitar-vintage-yellow-6-metros-cable-guitarra-acodado.png","width":1461,"height":1468},{"@type":"BreadcrumbList","@id":"https:\/\/audibax.com\/fr\/produit\/gold-custom-guitar-mono-jack-angled-mono-jack-6m-vintage-yellow-10145096-2\/#breadcrumb","itemListElement":[{"@type":"ListItem","position":1,"name":"Portada","item":"https:\/\/audibax.com\/fr\/"},{"@type":"ListItem","position":2,"name":"Produits","item":"https:\/\/audibax.com\/fr\/shop\/"},{"@type":"ListItem","position":3,"name":"Gold Custom Guitar Mono Jack Angled Mono Jack 6m Vintage Yellow 10145096"}]},{"@type":"WebSite","@id":"https:\/\/audibax.com\/fr\/#website","url":"https:\/\/audibax.com\/fr\/","name":"Audibax","description":"","publisher":{"@id":"https:\/\/audibax.com\/fr\/#organization"},"potentialAction":[{"@type":"SearchAction","target":{"@type":"EntryPoint","urlTemplate":"https:\/\/audibax.com\/fr\/?s={search_term_string}"},"query-input":{"@type":"PropertyValueSpecification","valueRequired":true,"valueName":"search_term_string"}}],"inLanguage":"fr-FR"},{"@type":"Organization","@id":"https:\/\/audibax.com\/fr\/#organization","name":"Audibax","url":"https:\/\/audibax.com\/fr\/","logo":{"@type":"ImageObject","inLanguage":"fr-FR","@id":"https:\/\/audibax.com\/fr\/#\/schema\/logo\/image\/","url":"https:\/\/audibax.com\/wp-content\/uploads\/2023\/09\/logo-Audibax-BLANCO-SVG-1.svg","contentUrl":"https:\/\/audibax.com\/wp-content\/uploads\/2023\/09\/logo-Audibax-BLANCO-SVG-1.svg","caption":"Audibax"},"image":{"@id":"https:\/\/audibax.com\/fr\/#\/schema\/logo\/image\/"}}]}},"_links":{"self":[{"href":"https:\/\/audibax.com\/fr\/wp-json\/wp\/v2\/product\/38088","targetHints":{"allow":["GET"]}}],"collection":[{"href":"https:\/\/audibax.com\/fr\/wp-json\/wp\/v2\/product"}],"about":[{"href":"https:\/\/audibax.com\/fr\/wp-json\/wp\/v2\/types\/product"}],"replies":[{"embeddable":true,"href":"https:\/\/audibax.com\/fr\/wp-json\/wp\/v2\/comments?post=38088"}],"wp:featuredmedia":[{"embeddable":true,"href":"https:\/\/audibax.com\/fr\/wp-json\/wp\/v2\/media\/17226"}],"wp:attachment":[{"href":"https:\/\/audibax.com\/fr\/wp-json\/wp\/v2\/media?parent=38088"}],"wp:term":[{"taxonomy":"product_cat","embeddable":true,"href":"https:\/\/audibax.com\/fr\/wp-json\/wp\/v2\/product_cat?post=38088"},{"taxonomy":"product_tag","embeddable":true,"href":"https:\/\/audibax.com\/fr\/wp-json\/wp\/v2\/product_tag?post=38088"}],"curies":[{"name":"wp","href":"https:\/\/api.w.org\/{rel}","templated":true}]}}