{"id":38086,"date":"2024-01-05T13:03:24","date_gmt":"2024-01-05T12:03:24","guid":{"rendered":"https:\/\/audibax.com\/product\/evolution-silent-mono-jack-mono-jack-55m-black-10154441-2\/"},"modified":"2024-01-05T13:03:24","modified_gmt":"2024-01-05T12:03:24","slug":"evolution-silent-mono-jack-mono-jack-55m-black-10154441-2","status":"publish","type":"product","link":"https:\/\/audibax.com\/fr\/produit\/evolution-silent-mono-jack-mono-jack-55m-black-10154441-2\/","title":{"rendered":"Evolution Silent Mono Jack Mono Jack 5,5m Black 10154441"},"content":{"rendered":"<p><strong>Audibax Evolution Silent Guitar Cable Jack Mono to Jack Mono 5.5 Metres. Plaqu\u00e9 en or 24k.<\/strong><\/strong><\/p>\n<p>La s\u00e9rie <strong>Audibax Evolution Silent<\/strong> est fabriqu\u00e9e avec une paire suppl\u00e9mentaire de conducteurs OFC (cuivre sans oxyde) pour garantir que le c\u00e2ble est toujours en bon \u00e9tat.<\/p>\n<p>La s\u00e9rie <strong>Evolution Silent<\/strong> d&rsquo;Audibax est fabriqu\u00e9e avec une paire suppl\u00e9mentaire de conducteurs OFC (cuivre sans oxyde) pour assurer une transmission ultra-pure du signal et une r\u00e9duction sup\u00e9rieure du bruit.<\/p>\n<p>Cette configuration de qualit\u00e9 studio utilise quatre haut-parleurs pour annuler le bruit et rejeter les interf\u00e9rences RF et EM qui peuvent exister avec les syst\u00e8mes sans fil ou d&rsquo;autres appareils \u00e9lectroniques.<\/p>\n<p>La s\u00e9rie Evolution Silent vous offrira une suppression parfaite des bruits de connexion et \u00e9vitera tout dommage \u00e0 votre \u00e9quipement.<\/p>\n<p>La s\u00e9rie Evolution Silent est con\u00e7ue pour toutes les personnes qui recherchent une excellente qualit\u00e9 sonore et qui ne veulent pas renoncer au moindre d\u00e9tail de qualit\u00e9.<\/p>\n<p>Les composants suppl\u00e9mentaires de haute qualit\u00e9 offrent la reproduction sonore la plus propre et la plus pr\u00e9cise qui soit.<\/p>\n<p>&nbsp;<\/p>\n<h2>Caract\u00e9ristiques g\u00e9n\u00e9rales de la s\u00e9rie Evolution Silent<\/h2>\n<p>. <\/p>\n<ul>\n<li>Conception \u00e0 faible bruit avec reproduction dynamique compl\u00e8te<\/li>\n<li>Conception \u00e0 faible bruit avec reproduction dynamique compl\u00e8te<\/li>\n<li>.li>Connecteurs Evolution Silent Jack Mono de haute qualit\u00e9<\/li>\n<li>Double blindage OFC spiral\u00e9 de haute densit\u00e9<\/li>\n<\/ul>\n<h2>Caract\u00e9ristiques g\u00e9n\u00e9rales du c\u00e2ble<\/h2>\n<ul>\n<li>S\u00e9rie : Evolution&nbsp;Silent<\/li>\n<li>Type : C\u00e2ble Jack mono<\/li>\n<li>Longueur : 5.5m<\/li>\n<li>Couleur : Noir<\/li>\n<li>Diam\u00e8tre du c\u00e2ble : 7 mm<\/li>\n<li>Section du conducteur int\u00e9rieur : 0.64 mm OFC<\/li>\n<li>Double blindage h\u00e9lico\u00efdal OFC<\/li>\n<li>Rev\u00eatement PVC<\/li>\n<li>Double blindage h\u00e9lico\u00efdal OFC<\/li>\n<li>Double blindage h\u00e9lico\u00efdal OFC<\/li>\n<li>Rev\u00eatement PVC <\/ul>\n<h2>Caract\u00e9ristiques Connecteur A<\/h2>\n<ul>\n<li>Connecteur : Jack<\/li>\n<li>Type : Mono<\/li>\n<li>Nombre de broches : 1<\/li>\n<li>Contacts du connecteur : Plaqu\u00e9 or 24k<\/li>\n<li>Fabricant Connecteur A : Audibax<\/li>\n<li>Connecteur A Series : Evolution Silent<\/li>\n<li>Couleur : Mirror Shadow<\/li>\n<\/ul>\n<h2>Caract\u00e9ristiques Connecteur B<\/h2>\n<ul>\n<li>Connecteur : Jack<\/li>\n<li>Type : Mono<\/li>\n<li>Nombre de broches : 1<\/li>\n<li>Contacts du connecteur : Plaqu\u00e9 or 24k<\/li>\n<li>Fabricant Connecteur B : Audibax<\/li>\n<li>Connecteur B S\u00e9rie : Evolution<\/li>\n<li>Couleur : Mirror Shadow<\/li>\n<\/ul>\n<\/ul>\n<\/ul>\n<p>.<\/p>\n","protected":false},"excerpt":{"rendered":"<ul>\n<li>S\u00e9rie : Evolution Silent<\/li>\n<li>Type : C\u00e2ble Jack mono<\/li>\n<li>Longueur : 5.5m<\/li>\n<li>Couleur : Noir<\/li>\n<li>Diam\u00e8tre du c\u00e2ble : 7 mm<\/li>\n<\/ul>\n<li>Couleur : Noir<\/li>\n<li>Diam\u00e8tre du c\u00e2ble : 7 mm<\/li>\n<\/ul>\n","protected":false},"featured_media":17145,"comment_status":"open","ping_status":"closed","template":"","meta":{"_acf_changed":false},"product_cat":[313],"product_tag":[],"class_list":{"0":"post-38086","1":"product","2":"type-product","3":"status-publish","4":"has-post-thumbnail","6":"product_cat-cable-jack","8":"first","9":"instock","10":"shipping-taxable","11":"product-type-simple"},"acf":[],"yoast_head":"<!-- This site is optimized with the Yoast SEO plugin v27.0 - https:\/\/yoast.com\/product\/yoast-seo-wordpress\/ -->\n<title>Evolution Silent Mono Jack Mono Jack 5,5m Black 10154441 - Audibax<\/title>\n<meta name=\"robots\" content=\"index, follow, max-snippet:-1, max-image-preview:large, max-video-preview:-1\" \/>\n<link rel=\"canonical\" href=\"https:\/\/audibax.com\/fr\/produit\/evolution-silent-mono-jack-mono-jack-55m-black-10154441-2\/\" \/>\n<meta property=\"og:locale\" content=\"fr_FR\" \/>\n<meta property=\"og:type\" content=\"article\" \/>\n<meta property=\"og:title\" content=\"Evolution Silent Mono Jack Mono Jack 5,5m Black 10154441 - Audibax\" \/>\n<meta property=\"og:description\" content=\"S\u00e9rie : Evolution Silent Type : C\u00e2ble Jack mono Longueur : 5.5m Couleur : Noir Diam\u00e8tre du c\u00e2ble : 7 mm Couleur : Noir Diam\u00e8tre du c\u00e2ble : 7 mm\" \/>\n<meta property=\"og:url\" content=\"https:\/\/audibax.com\/fr\/produit\/evolution-silent-mono-jack-mono-jack-55m-black-10154441-2\/\" \/>\n<meta property=\"og:site_name\" content=\"Audibax\" \/>\n<meta name=\"twitter:card\" content=\"summary_large_image\" \/>\n<meta name=\"twitter:label1\" content=\"Dur\u00e9e de lecture estim\u00e9e\" \/>\n\t<meta name=\"twitter:data1\" content=\"2 minutes\" \/>\n<script type=\"application\/ld+json\" class=\"yoast-schema-graph\">{\"@context\":\"https:\/\/schema.org\",\"@graph\":[{\"@type\":\"WebPage\",\"@id\":\"https:\/\/audibax.com\/fr\/produit\/evolution-silent-mono-jack-mono-jack-55m-black-10154441-2\/\",\"url\":\"https:\/\/audibax.com\/fr\/produit\/evolution-silent-mono-jack-mono-jack-55m-black-10154441-2\/\",\"name\":\"Evolution Silent Mono Jack Mono Jack 5,5m Black 10154441 - Audibax\",\"isPartOf\":{\"@id\":\"https:\/\/audibax.com\/fr\/#website\"},\"primaryImageOfPage\":{\"@id\":\"https:\/\/audibax.com\/fr\/produit\/evolution-silent-mono-jack-mono-jack-55m-black-10154441-2\/#primaryimage\"},\"image\":{\"@id\":\"https:\/\/audibax.com\/fr\/produit\/evolution-silent-mono-jack-mono-jack-55m-black-10154441-2\/#primaryimage\"},\"thumbnailUrl\":\"https:\/\/audibax.com\/wp-content\/uploads\/2023\/12\/audibax-evolution-silent-jack-mono-5.5m-black-comprar-1.png\",\"datePublished\":\"2024-01-05T12:03:24+00:00\",\"breadcrumb\":{\"@id\":\"https:\/\/audibax.com\/fr\/produit\/evolution-silent-mono-jack-mono-jack-55m-black-10154441-2\/#breadcrumb\"},\"inLanguage\":\"fr-FR\",\"potentialAction\":[{\"@type\":\"ReadAction\",\"target\":[\"https:\/\/audibax.com\/fr\/produit\/evolution-silent-mono-jack-mono-jack-55m-black-10154441-2\/\"]}]},{\"@type\":\"ImageObject\",\"inLanguage\":\"fr-FR\",\"@id\":\"https:\/\/audibax.com\/fr\/produit\/evolution-silent-mono-jack-mono-jack-55m-black-10154441-2\/#primaryimage\",\"url\":\"https:\/\/audibax.com\/wp-content\/uploads\/2023\/12\/audibax-evolution-silent-jack-mono-5.5m-black-comprar-1.png\",\"contentUrl\":\"https:\/\/audibax.com\/wp-content\/uploads\/2023\/12\/audibax-evolution-silent-jack-mono-5.5m-black-comprar-1.png\",\"width\":1000,\"height\":500},{\"@type\":\"BreadcrumbList\",\"@id\":\"https:\/\/audibax.com\/fr\/produit\/evolution-silent-mono-jack-mono-jack-55m-black-10154441-2\/#breadcrumb\",\"itemListElement\":[{\"@type\":\"ListItem\",\"position\":1,\"name\":\"Portada\",\"item\":\"https:\/\/audibax.com\/fr\/\"},{\"@type\":\"ListItem\",\"position\":2,\"name\":\"Produits\",\"item\":\"https:\/\/audibax.com\/fr\/shop\/\"},{\"@type\":\"ListItem\",\"position\":3,\"name\":\"Evolution Silent Mono Jack Mono Jack 5,5m Black 10154441\"}]},{\"@type\":\"WebSite\",\"@id\":\"https:\/\/audibax.com\/fr\/#website\",\"url\":\"https:\/\/audibax.com\/fr\/\",\"name\":\"Audibax\",\"description\":\"\",\"publisher\":{\"@id\":\"https:\/\/audibax.com\/fr\/#organization\"},\"potentialAction\":[{\"@type\":\"SearchAction\",\"target\":{\"@type\":\"EntryPoint\",\"urlTemplate\":\"https:\/\/audibax.com\/fr\/?s={search_term_string}\"},\"query-input\":{\"@type\":\"PropertyValueSpecification\",\"valueRequired\":true,\"valueName\":\"search_term_string\"}}],\"inLanguage\":\"fr-FR\"},{\"@type\":\"Organization\",\"@id\":\"https:\/\/audibax.com\/fr\/#organization\",\"name\":\"Audibax\",\"url\":\"https:\/\/audibax.com\/fr\/\",\"logo\":{\"@type\":\"ImageObject\",\"inLanguage\":\"fr-FR\",\"@id\":\"https:\/\/audibax.com\/fr\/#\/schema\/logo\/image\/\",\"url\":\"https:\/\/audibax.com\/wp-content\/uploads\/2023\/09\/logo-Audibax-BLANCO-SVG-1.svg\",\"contentUrl\":\"https:\/\/audibax.com\/wp-content\/uploads\/2023\/09\/logo-Audibax-BLANCO-SVG-1.svg\",\"caption\":\"Audibax\"},\"image\":{\"@id\":\"https:\/\/audibax.com\/fr\/#\/schema\/logo\/image\/\"}}]}<\/script>\n<!-- \/ Yoast SEO plugin. -->","yoast_head_json":{"title":"Evolution Silent Mono Jack Mono Jack 5,5m Black 10154441 - Audibax","robots":{"index":"index","follow":"follow","max-snippet":"max-snippet:-1","max-image-preview":"max-image-preview:large","max-video-preview":"max-video-preview:-1"},"canonical":"https:\/\/audibax.com\/fr\/produit\/evolution-silent-mono-jack-mono-jack-55m-black-10154441-2\/","og_locale":"fr_FR","og_type":"article","og_title":"Evolution Silent Mono Jack Mono Jack 5,5m Black 10154441 - Audibax","og_description":"S\u00e9rie : Evolution Silent Type : C\u00e2ble Jack mono Longueur : 5.5m Couleur : Noir Diam\u00e8tre du c\u00e2ble : 7 mm Couleur : Noir Diam\u00e8tre du c\u00e2ble : 7 mm","og_url":"https:\/\/audibax.com\/fr\/produit\/evolution-silent-mono-jack-mono-jack-55m-black-10154441-2\/","og_site_name":"Audibax","twitter_card":"summary_large_image","twitter_misc":{"Dur\u00e9e de lecture estim\u00e9e":"2 minutes"},"schema":{"@context":"https:\/\/schema.org","@graph":[{"@type":"WebPage","@id":"https:\/\/audibax.com\/fr\/produit\/evolution-silent-mono-jack-mono-jack-55m-black-10154441-2\/","url":"https:\/\/audibax.com\/fr\/produit\/evolution-silent-mono-jack-mono-jack-55m-black-10154441-2\/","name":"Evolution Silent Mono Jack Mono Jack 5,5m Black 10154441 - Audibax","isPartOf":{"@id":"https:\/\/audibax.com\/fr\/#website"},"primaryImageOfPage":{"@id":"https:\/\/audibax.com\/fr\/produit\/evolution-silent-mono-jack-mono-jack-55m-black-10154441-2\/#primaryimage"},"image":{"@id":"https:\/\/audibax.com\/fr\/produit\/evolution-silent-mono-jack-mono-jack-55m-black-10154441-2\/#primaryimage"},"thumbnailUrl":"https:\/\/audibax.com\/wp-content\/uploads\/2023\/12\/audibax-evolution-silent-jack-mono-5.5m-black-comprar-1.png","datePublished":"2024-01-05T12:03:24+00:00","breadcrumb":{"@id":"https:\/\/audibax.com\/fr\/produit\/evolution-silent-mono-jack-mono-jack-55m-black-10154441-2\/#breadcrumb"},"inLanguage":"fr-FR","potentialAction":[{"@type":"ReadAction","target":["https:\/\/audibax.com\/fr\/produit\/evolution-silent-mono-jack-mono-jack-55m-black-10154441-2\/"]}]},{"@type":"ImageObject","inLanguage":"fr-FR","@id":"https:\/\/audibax.com\/fr\/produit\/evolution-silent-mono-jack-mono-jack-55m-black-10154441-2\/#primaryimage","url":"https:\/\/audibax.com\/wp-content\/uploads\/2023\/12\/audibax-evolution-silent-jack-mono-5.5m-black-comprar-1.png","contentUrl":"https:\/\/audibax.com\/wp-content\/uploads\/2023\/12\/audibax-evolution-silent-jack-mono-5.5m-black-comprar-1.png","width":1000,"height":500},{"@type":"BreadcrumbList","@id":"https:\/\/audibax.com\/fr\/produit\/evolution-silent-mono-jack-mono-jack-55m-black-10154441-2\/#breadcrumb","itemListElement":[{"@type":"ListItem","position":1,"name":"Portada","item":"https:\/\/audibax.com\/fr\/"},{"@type":"ListItem","position":2,"name":"Produits","item":"https:\/\/audibax.com\/fr\/shop\/"},{"@type":"ListItem","position":3,"name":"Evolution Silent Mono Jack Mono Jack 5,5m Black 10154441"}]},{"@type":"WebSite","@id":"https:\/\/audibax.com\/fr\/#website","url":"https:\/\/audibax.com\/fr\/","name":"Audibax","description":"","publisher":{"@id":"https:\/\/audibax.com\/fr\/#organization"},"potentialAction":[{"@type":"SearchAction","target":{"@type":"EntryPoint","urlTemplate":"https:\/\/audibax.com\/fr\/?s={search_term_string}"},"query-input":{"@type":"PropertyValueSpecification","valueRequired":true,"valueName":"search_term_string"}}],"inLanguage":"fr-FR"},{"@type":"Organization","@id":"https:\/\/audibax.com\/fr\/#organization","name":"Audibax","url":"https:\/\/audibax.com\/fr\/","logo":{"@type":"ImageObject","inLanguage":"fr-FR","@id":"https:\/\/audibax.com\/fr\/#\/schema\/logo\/image\/","url":"https:\/\/audibax.com\/wp-content\/uploads\/2023\/09\/logo-Audibax-BLANCO-SVG-1.svg","contentUrl":"https:\/\/audibax.com\/wp-content\/uploads\/2023\/09\/logo-Audibax-BLANCO-SVG-1.svg","caption":"Audibax"},"image":{"@id":"https:\/\/audibax.com\/fr\/#\/schema\/logo\/image\/"}}]}},"_links":{"self":[{"href":"https:\/\/audibax.com\/fr\/wp-json\/wp\/v2\/product\/38086","targetHints":{"allow":["GET"]}}],"collection":[{"href":"https:\/\/audibax.com\/fr\/wp-json\/wp\/v2\/product"}],"about":[{"href":"https:\/\/audibax.com\/fr\/wp-json\/wp\/v2\/types\/product"}],"replies":[{"embeddable":true,"href":"https:\/\/audibax.com\/fr\/wp-json\/wp\/v2\/comments?post=38086"}],"wp:featuredmedia":[{"embeddable":true,"href":"https:\/\/audibax.com\/fr\/wp-json\/wp\/v2\/media\/17145"}],"wp:attachment":[{"href":"https:\/\/audibax.com\/fr\/wp-json\/wp\/v2\/media?parent=38086"}],"wp:term":[{"taxonomy":"product_cat","embeddable":true,"href":"https:\/\/audibax.com\/fr\/wp-json\/wp\/v2\/product_cat?post=38086"},{"taxonomy":"product_tag","embeddable":true,"href":"https:\/\/audibax.com\/fr\/wp-json\/wp\/v2\/product_tag?post=38086"}],"curies":[{"name":"wp","href":"https:\/\/api.w.org\/{rel}","templated":true}]}}