{"id":38085,"date":"2024-01-05T13:03:23","date_gmt":"2024-01-05T12:03:23","guid":{"rendered":"https:\/\/audibax.com\/product\/pro-2-x-mono-jack-stereo-minijack-15m-black-10154442-2\/"},"modified":"2024-01-05T13:03:23","modified_gmt":"2024-01-05T12:03:23","slug":"pro-2-x-mono-jack-stereo-minijack-15m-black-10154442-2","status":"publish","type":"product","link":"https:\/\/audibax.com\/fr\/produit\/pro-2-x-mono-jack-stereo-minijack-15m-black-10154442-2\/","title":{"rendered":"Pro 2 x Mono Jack Stereo Minijack 1,5m Black 10154442"},"content":{"rendered":"<\/p>\n<p><strong>C\u00e2ble Audibax Pro 2 x Jack Mono vers Minijack St\u00e9r\u00e9o 1,5 m\u00e8tres<\/strong><\/p>\n<\/p>\n<p>&nbsp;<\/p>\n<p>&nbsp;<\/p>\n<p>&nbsp;<\/p>\n<pnbsp;<\/p>\n<p>La s\u00e9rie Audibax <strong>Pro<\/strong> assure une transmission ultra-pure et pr\u00e9cise du signal. Ces c\u00e2bles sont dot\u00e9s de connecteurs de haute qualit\u00e9 et d&rsquo;une conception \u00e0 faible capacit\u00e9, offrant des performances fiables et un son de qualit\u00e9 sup\u00e9rieure pour toutes les connexions de votre \u00e9quipement. La s\u00e9rie Pro est con\u00e7ue pour ceux qui recherchent une qualit\u00e9 sonore \u00e9lev\u00e9e et ne veulent pas faire de compromis sur les d\u00e9tails. Les composants suppl\u00e9mentaires de haute qualit\u00e9 permettent une reproduction sonore nette et pr\u00e9cise.<\/p>\n<h2>Caract\u00e9ristiques g\u00e9n\u00e9rales de la s\u00e9rie Pro<\/h2>\n<\/p>\n<p>&nbsp;<\/p>\n<\/p>\n<p>Caract\u00e9ristiques g\u00e9n\u00e9rales de la s\u00e9rie Pro<\/h2>\n<p>. <\/p>\n<ul>\n<li>Conception \u00e0 faible bruit avec reproduction dynamique compl\u00e8te<\/li>\n<li>\n<li>.Connecteurs Pro Jack Mono et Minijack St\u00e9r\u00e9o de haute qualit\u00e9<\/li>\n<li>Connecteurs haute performance<\/li>\n<\/ul>\n<\/ul>\n<p>. <\/p>\n<h2>Caract\u00e9ristiques du c\u00e2ble<\/h2>\n<p>&nbsp;<\/p>\n<ul>\n<li>\n<li>S\u00e9rie : Pro<\/li>\n<li>Type : Jack mono et Minijack st\u00e9r\u00e9o<\/li>\n<li>Longueur : 1.5m<\/li>\n<li>Couleur : Noir<\/li>\n<li>Diam\u00e8tre du c\u00e2ble Jack mono : 6mm<\/li>\n<li>Diam\u00e8tre du c\u00e2ble Minijack st\u00e9r\u00e9o : 4mm<\/li>\n<li>Section du conducteur int\u00e9rieur du jack mono : 0,76mm<\/li>\n<li>Section du conducteur int\u00e9rieur du Minijack st\u00e9r\u00e9o : 0,24 mm<\/li>\n<li>Rev\u00eatement PVC<\/li>\n<\/ul>\n<h2> Caract\u00e9ristiquesCaract\u00e9ristiques Connecteur A<\/h2>\n<p>&nbsp;<\/p>\n<ul>\n<li>Connecteur : 2 x Jack<\/li>\n<li>Type : Mono<\/li>\n<li>Nombre de broches : 1<\/li>\n<li>Contacts du connecteur : Plaqu\u00e9 or 24k<\/li>\n<li>Couleur : Noir et rouge<\/li>\n<li>Fabricant Connecteur A : Audibax<\/li>\n<li>Connecteur A S\u00e9rie : Pro<\/li>\n<\/ul>\n<h2>Caract\u00e9ristiques&iacute;sticas Connecteur B<\/h2>\n<p>&nbsp;<\/p>\n<ul>\n<li>Connecteur : Minijack<\/li>\n<li>Type : St\u00e9r\u00e9o<\/li>\n<li>Nombre de broches : 1<\/li>\n<li>Contacts du connecteur : Plaqu\u00e9 or 24k<\/li>\n<li>Couleur : Noir<\/li>\n<li>Fabricant Connecteur B : Audibax<\/li>\n<li>Connecteur B S\u00e9rie : Pro<\/li>\n<\/ul>\n<\/ul>\n<\/ul>\n","protected":false},"excerpt":{"rendered":"<ul>\n<li>S\u00e9rie : Pro<\/li>\n<li>Type : C\u00e2ble Mono Jack et St\u00e9r\u00e9o Minijack<\/li>\n<li>Longueur : 1.5m<\/li>\n<li>Couleur : Noir<\/li>\n<li>Diam\u00e8tre du c\u00e2ble Mono Jack : 6mm<\/li>\n<li>Diam\u00e8tre du c\u00e2ble St\u00e9r\u00e9o Minijack : 4mm<\/li>\n<\/ul>\n<li>Diam\u00e8tre du c\u00e2ble St\u00e9r\u00e9o Minijack : 4mm<\/li>\n<\/ul>\n","protected":false},"featured_media":16950,"comment_status":"open","ping_status":"closed","template":"","meta":{"_acf_changed":false},"product_cat":[313],"product_tag":[],"class_list":{"0":"post-38085","1":"product","2":"type-product","3":"status-publish","4":"has-post-thumbnail","6":"product_cat-cable-jack","8":"first","9":"instock","10":"shipping-taxable","11":"product-type-simple"},"acf":[],"yoast_head":"<!-- This site is optimized with the Yoast SEO plugin v27.0 - https:\/\/yoast.com\/product\/yoast-seo-wordpress\/ -->\n<title>Pro 2 x Mono Jack Stereo Minijack 1,5m Black 10154442 - Audibax<\/title>\n<meta name=\"robots\" content=\"index, follow, max-snippet:-1, max-image-preview:large, max-video-preview:-1\" \/>\n<link rel=\"canonical\" href=\"https:\/\/audibax.com\/fr\/produit\/pro-2-x-mono-jack-stereo-minijack-15m-black-10154442-2\/\" \/>\n<meta property=\"og:locale\" content=\"fr_FR\" \/>\n<meta property=\"og:type\" content=\"article\" \/>\n<meta property=\"og:title\" content=\"Pro 2 x Mono Jack Stereo Minijack 1,5m Black 10154442 - Audibax\" \/>\n<meta property=\"og:description\" content=\"S\u00e9rie : Pro Type : C\u00e2ble Mono Jack et St\u00e9r\u00e9o Minijack Longueur : 1.5m Couleur : Noir Diam\u00e8tre du c\u00e2ble Mono Jack : 6mm Diam\u00e8tre du c\u00e2ble St\u00e9r\u00e9o Minijack : 4mm Diam\u00e8tre du c\u00e2ble St\u00e9r\u00e9o Minijack : 4mm\" \/>\n<meta property=\"og:url\" content=\"https:\/\/audibax.com\/fr\/produit\/pro-2-x-mono-jack-stereo-minijack-15m-black-10154442-2\/\" \/>\n<meta property=\"og:site_name\" content=\"Audibax\" \/>\n<meta name=\"twitter:card\" content=\"summary_large_image\" \/>\n<script type=\"application\/ld+json\" class=\"yoast-schema-graph\">{\"@context\":\"https:\/\/schema.org\",\"@graph\":[{\"@type\":\"WebPage\",\"@id\":\"https:\/\/audibax.com\/fr\/produit\/pro-2-x-mono-jack-stereo-minijack-15m-black-10154442-2\/\",\"url\":\"https:\/\/audibax.com\/fr\/produit\/pro-2-x-mono-jack-stereo-minijack-15m-black-10154442-2\/\",\"name\":\"Pro 2 x Mono Jack Stereo Minijack 1,5m Black 10154442 - Audibax\",\"isPartOf\":{\"@id\":\"https:\/\/audibax.com\/fr\/#website\"},\"primaryImageOfPage\":{\"@id\":\"https:\/\/audibax.com\/fr\/produit\/pro-2-x-mono-jack-stereo-minijack-15m-black-10154442-2\/#primaryimage\"},\"image\":{\"@id\":\"https:\/\/audibax.com\/fr\/produit\/pro-2-x-mono-jack-stereo-minijack-15m-black-10154442-2\/#primaryimage\"},\"thumbnailUrl\":\"https:\/\/audibax.com\/wp-content\/uploads\/2023\/12\/audibax-cable-jack-mono-minijack-stereo-15m-negro-pro-comprar.png\",\"datePublished\":\"2024-01-05T12:03:23+00:00\",\"breadcrumb\":{\"@id\":\"https:\/\/audibax.com\/fr\/produit\/pro-2-x-mono-jack-stereo-minijack-15m-black-10154442-2\/#breadcrumb\"},\"inLanguage\":\"fr-FR\",\"potentialAction\":[{\"@type\":\"ReadAction\",\"target\":[\"https:\/\/audibax.com\/fr\/produit\/pro-2-x-mono-jack-stereo-minijack-15m-black-10154442-2\/\"]}]},{\"@type\":\"ImageObject\",\"inLanguage\":\"fr-FR\",\"@id\":\"https:\/\/audibax.com\/fr\/produit\/pro-2-x-mono-jack-stereo-minijack-15m-black-10154442-2\/#primaryimage\",\"url\":\"https:\/\/audibax.com\/wp-content\/uploads\/2023\/12\/audibax-cable-jack-mono-minijack-stereo-15m-negro-pro-comprar.png\",\"contentUrl\":\"https:\/\/audibax.com\/wp-content\/uploads\/2023\/12\/audibax-cable-jack-mono-minijack-stereo-15m-negro-pro-comprar.png\",\"width\":1000,\"height\":500},{\"@type\":\"BreadcrumbList\",\"@id\":\"https:\/\/audibax.com\/fr\/produit\/pro-2-x-mono-jack-stereo-minijack-15m-black-10154442-2\/#breadcrumb\",\"itemListElement\":[{\"@type\":\"ListItem\",\"position\":1,\"name\":\"Portada\",\"item\":\"https:\/\/audibax.com\/fr\/\"},{\"@type\":\"ListItem\",\"position\":2,\"name\":\"Produits\",\"item\":\"https:\/\/audibax.com\/fr\/shop\/\"},{\"@type\":\"ListItem\",\"position\":3,\"name\":\"Pro 2 x Mono Jack Stereo Minijack 1,5m Black 10154442\"}]},{\"@type\":\"WebSite\",\"@id\":\"https:\/\/audibax.com\/fr\/#website\",\"url\":\"https:\/\/audibax.com\/fr\/\",\"name\":\"Audibax\",\"description\":\"\",\"publisher\":{\"@id\":\"https:\/\/audibax.com\/fr\/#organization\"},\"potentialAction\":[{\"@type\":\"SearchAction\",\"target\":{\"@type\":\"EntryPoint\",\"urlTemplate\":\"https:\/\/audibax.com\/fr\/?s={search_term_string}\"},\"query-input\":{\"@type\":\"PropertyValueSpecification\",\"valueRequired\":true,\"valueName\":\"search_term_string\"}}],\"inLanguage\":\"fr-FR\"},{\"@type\":\"Organization\",\"@id\":\"https:\/\/audibax.com\/fr\/#organization\",\"name\":\"Audibax\",\"url\":\"https:\/\/audibax.com\/fr\/\",\"logo\":{\"@type\":\"ImageObject\",\"inLanguage\":\"fr-FR\",\"@id\":\"https:\/\/audibax.com\/fr\/#\/schema\/logo\/image\/\",\"url\":\"https:\/\/audibax.com\/wp-content\/uploads\/2023\/09\/logo-Audibax-BLANCO-SVG-1.svg\",\"contentUrl\":\"https:\/\/audibax.com\/wp-content\/uploads\/2023\/09\/logo-Audibax-BLANCO-SVG-1.svg\",\"caption\":\"Audibax\"},\"image\":{\"@id\":\"https:\/\/audibax.com\/fr\/#\/schema\/logo\/image\/\"}}]}<\/script>\n<!-- \/ Yoast SEO plugin. -->","yoast_head_json":{"title":"Pro 2 x Mono Jack Stereo Minijack 1,5m Black 10154442 - Audibax","robots":{"index":"index","follow":"follow","max-snippet":"max-snippet:-1","max-image-preview":"max-image-preview:large","max-video-preview":"max-video-preview:-1"},"canonical":"https:\/\/audibax.com\/fr\/produit\/pro-2-x-mono-jack-stereo-minijack-15m-black-10154442-2\/","og_locale":"fr_FR","og_type":"article","og_title":"Pro 2 x Mono Jack Stereo Minijack 1,5m Black 10154442 - Audibax","og_description":"S\u00e9rie : Pro Type : C\u00e2ble Mono Jack et St\u00e9r\u00e9o Minijack Longueur : 1.5m Couleur : Noir Diam\u00e8tre du c\u00e2ble Mono Jack : 6mm Diam\u00e8tre du c\u00e2ble St\u00e9r\u00e9o Minijack : 4mm Diam\u00e8tre du c\u00e2ble St\u00e9r\u00e9o Minijack : 4mm","og_url":"https:\/\/audibax.com\/fr\/produit\/pro-2-x-mono-jack-stereo-minijack-15m-black-10154442-2\/","og_site_name":"Audibax","twitter_card":"summary_large_image","schema":{"@context":"https:\/\/schema.org","@graph":[{"@type":"WebPage","@id":"https:\/\/audibax.com\/fr\/produit\/pro-2-x-mono-jack-stereo-minijack-15m-black-10154442-2\/","url":"https:\/\/audibax.com\/fr\/produit\/pro-2-x-mono-jack-stereo-minijack-15m-black-10154442-2\/","name":"Pro 2 x Mono Jack Stereo Minijack 1,5m Black 10154442 - Audibax","isPartOf":{"@id":"https:\/\/audibax.com\/fr\/#website"},"primaryImageOfPage":{"@id":"https:\/\/audibax.com\/fr\/produit\/pro-2-x-mono-jack-stereo-minijack-15m-black-10154442-2\/#primaryimage"},"image":{"@id":"https:\/\/audibax.com\/fr\/produit\/pro-2-x-mono-jack-stereo-minijack-15m-black-10154442-2\/#primaryimage"},"thumbnailUrl":"https:\/\/audibax.com\/wp-content\/uploads\/2023\/12\/audibax-cable-jack-mono-minijack-stereo-15m-negro-pro-comprar.png","datePublished":"2024-01-05T12:03:23+00:00","breadcrumb":{"@id":"https:\/\/audibax.com\/fr\/produit\/pro-2-x-mono-jack-stereo-minijack-15m-black-10154442-2\/#breadcrumb"},"inLanguage":"fr-FR","potentialAction":[{"@type":"ReadAction","target":["https:\/\/audibax.com\/fr\/produit\/pro-2-x-mono-jack-stereo-minijack-15m-black-10154442-2\/"]}]},{"@type":"ImageObject","inLanguage":"fr-FR","@id":"https:\/\/audibax.com\/fr\/produit\/pro-2-x-mono-jack-stereo-minijack-15m-black-10154442-2\/#primaryimage","url":"https:\/\/audibax.com\/wp-content\/uploads\/2023\/12\/audibax-cable-jack-mono-minijack-stereo-15m-negro-pro-comprar.png","contentUrl":"https:\/\/audibax.com\/wp-content\/uploads\/2023\/12\/audibax-cable-jack-mono-minijack-stereo-15m-negro-pro-comprar.png","width":1000,"height":500},{"@type":"BreadcrumbList","@id":"https:\/\/audibax.com\/fr\/produit\/pro-2-x-mono-jack-stereo-minijack-15m-black-10154442-2\/#breadcrumb","itemListElement":[{"@type":"ListItem","position":1,"name":"Portada","item":"https:\/\/audibax.com\/fr\/"},{"@type":"ListItem","position":2,"name":"Produits","item":"https:\/\/audibax.com\/fr\/shop\/"},{"@type":"ListItem","position":3,"name":"Pro 2 x Mono Jack Stereo Minijack 1,5m Black 10154442"}]},{"@type":"WebSite","@id":"https:\/\/audibax.com\/fr\/#website","url":"https:\/\/audibax.com\/fr\/","name":"Audibax","description":"","publisher":{"@id":"https:\/\/audibax.com\/fr\/#organization"},"potentialAction":[{"@type":"SearchAction","target":{"@type":"EntryPoint","urlTemplate":"https:\/\/audibax.com\/fr\/?s={search_term_string}"},"query-input":{"@type":"PropertyValueSpecification","valueRequired":true,"valueName":"search_term_string"}}],"inLanguage":"fr-FR"},{"@type":"Organization","@id":"https:\/\/audibax.com\/fr\/#organization","name":"Audibax","url":"https:\/\/audibax.com\/fr\/","logo":{"@type":"ImageObject","inLanguage":"fr-FR","@id":"https:\/\/audibax.com\/fr\/#\/schema\/logo\/image\/","url":"https:\/\/audibax.com\/wp-content\/uploads\/2023\/09\/logo-Audibax-BLANCO-SVG-1.svg","contentUrl":"https:\/\/audibax.com\/wp-content\/uploads\/2023\/09\/logo-Audibax-BLANCO-SVG-1.svg","caption":"Audibax"},"image":{"@id":"https:\/\/audibax.com\/fr\/#\/schema\/logo\/image\/"}}]}},"_links":{"self":[{"href":"https:\/\/audibax.com\/fr\/wp-json\/wp\/v2\/product\/38085","targetHints":{"allow":["GET"]}}],"collection":[{"href":"https:\/\/audibax.com\/fr\/wp-json\/wp\/v2\/product"}],"about":[{"href":"https:\/\/audibax.com\/fr\/wp-json\/wp\/v2\/types\/product"}],"replies":[{"embeddable":true,"href":"https:\/\/audibax.com\/fr\/wp-json\/wp\/v2\/comments?post=38085"}],"wp:featuredmedia":[{"embeddable":true,"href":"https:\/\/audibax.com\/fr\/wp-json\/wp\/v2\/media\/16950"}],"wp:attachment":[{"href":"https:\/\/audibax.com\/fr\/wp-json\/wp\/v2\/media?parent=38085"}],"wp:term":[{"taxonomy":"product_cat","embeddable":true,"href":"https:\/\/audibax.com\/fr\/wp-json\/wp\/v2\/product_cat?post=38085"},{"taxonomy":"product_tag","embeddable":true,"href":"https:\/\/audibax.com\/fr\/wp-json\/wp\/v2\/product_tag?post=38085"}],"curies":[{"name":"wp","href":"https:\/\/api.w.org\/{rel}","templated":true}]}}