{"id":38083,"date":"2024-01-05T13:03:22","date_gmt":"2024-01-05T12:03:22","guid":{"rendered":"https:\/\/audibax.com\/product\/power-amp-mono-jack-mono-jack-15m-black-10145106-2\/"},"modified":"2024-01-05T13:03:22","modified_gmt":"2024-01-05T12:03:22","slug":"power-amp-mono-jack-mono-jack-15m-black-10145106-2","status":"publish","type":"product","link":"https:\/\/audibax.com\/fr\/produit\/power-amp-mono-jack-mono-jack-15m-black-10145106-2\/","title":{"rendered":"Power Amp Mono Jack Mono Jack 1,5m Black 10145106"},"content":{"rendered":"<\/p>\n<p><strong>Audibax Power Amp Cable Jack Mono &#8211; Jack Mono 2 x 2,5 1,5m Speaker Cable<\/strong><\/strong><\/p>\n<p>La <strong>s\u00e9rie Power AMP<\/strong> est une gamme de c\u00e2bles pour une utilisation professionnelle quotidienne.La s\u00e9rie Power AMP d&rsquo;Audibax<\/strong> est une gamme de c\u00e2bles pour le professionnel de tous les jours qui offre une bonne qualit\u00e9 \u00e0 un prix abordable. Il contient un rev\u00eatement en PVC r\u00e9sistant qui assure l&rsquo;isolation du c\u00e2ble.<\/p>\n<h2>Caract\u00e9ristiques du c\u00e2ble<\/h2>\n<ul>\n<li>S\u00e9rie : Power AMP<\/li>\n<li>Type : Jack mono<\/li>\n<li>Longueur : 1.5m<\/li>\n<li>Couleur : Noir<\/li>\n<li>Diam\u00e8tre du c\u00e2ble : 9 mm<\/li>\n<li>Section int\u00e9rieure du conducteur : 2 x 2,5 mm<\/li>\n<li>Enrobage PVC<\/li>\n<li>Sp\u00e9cialement pour les enceintes passives<\/li>\n<\/ul>\n<h2>&#038;&#038;&#038;.nbsp;<\/h2>\n<h2>Caract\u00e9ristiques&iacute;sticas Connecteur A<\/h2>\n<p>&nbsp;<\/p>\n<ul>\n<ul>\n<li>Connecteur : Jack<\/li>\n<li>Type : Mono<\/li>\n<li>N&uacute;m de broches : 1<\/li>\n<li>Contacts du connecteur : plaqu\u00e9 or 24k (pointe du jack) <\/li>\n<li>Couleur : gris<\/li>\n<li>Fabricant Connecteur A : Audibax<\/li>\n<li>Connecteur A Series : Power AMP<\/li>\n<\/ul>\n<p>&nbsp;<\/p>\n<h2>Caract\u00e9ristiques Connecteur B<\/h2>\n<p>&nbsp;<\/p>\n<ul>\n<li>Connecteur : Jack<\/li>\n<li>Type : Mono<\/li>\n<li>N&uacute;m de broches : 1<\/li>\n<li>Contacts du connecteur : Plaqu\u00e9 or 24k (pointe du jack) <\/li>\n<li>Couleur : Gris<\/li>\n<li>Fabricant Connecteur B : Audibax<\/li>\n<li>Connecteur B Series : Power AMP<\/li>\n<\/ul>\n","protected":false},"excerpt":{"rendered":"<ul>\n<li>S\u00e9rie : Power AMP<\/li>\n<li>Type : Mono Jack<\/li>\n<li>Longueur : 1.5m<\/li>\n<li>Couleur : Noir<\/li>\n<li>Diam\u00e8tre du c\u00e2ble : 9mm<\/li>\n<li>Section int\u00e9rieure du conducteur : 2 x 2.5mm<\/li>\n<\/ul>\n<\/ul>\n<\/ul>\n","protected":false},"featured_media":16935,"comment_status":"open","ping_status":"closed","template":"","meta":{"_acf_changed":false},"product_cat":[313],"product_tag":[],"class_list":{"0":"post-38083","1":"product","2":"type-product","3":"status-publish","4":"has-post-thumbnail","6":"product_cat-cable-jack","8":"first","9":"instock","10":"shipping-taxable","11":"product-type-simple"},"acf":[],"yoast_head":"<!-- This site is optimized with the Yoast SEO plugin v27.0 - https:\/\/yoast.com\/product\/yoast-seo-wordpress\/ -->\n<title>Power Amp Mono Jack Mono Jack 1,5m Black 10145106 - Audibax<\/title>\n<meta name=\"robots\" content=\"index, follow, max-snippet:-1, max-image-preview:large, max-video-preview:-1\" \/>\n<link rel=\"canonical\" href=\"https:\/\/audibax.com\/fr\/produit\/power-amp-mono-jack-mono-jack-15m-black-10145106-2\/\" \/>\n<meta property=\"og:locale\" content=\"fr_FR\" \/>\n<meta property=\"og:type\" content=\"article\" \/>\n<meta property=\"og:title\" content=\"Power Amp Mono Jack Mono Jack 1,5m Black 10145106 - Audibax\" \/>\n<meta property=\"og:description\" content=\"S\u00e9rie : Power AMP Type : Mono Jack Longueur : 1.5m Couleur : Noir Diam\u00e8tre du c\u00e2ble : 9mm Section int\u00e9rieure du conducteur : 2 x 2.5mm\" \/>\n<meta property=\"og:url\" content=\"https:\/\/audibax.com\/fr\/produit\/power-amp-mono-jack-mono-jack-15m-black-10145106-2\/\" \/>\n<meta property=\"og:site_name\" content=\"Audibax\" \/>\n<meta name=\"twitter:card\" content=\"summary_large_image\" \/>\n<meta name=\"twitter:label1\" content=\"Dur\u00e9e de lecture estim\u00e9e\" \/>\n\t<meta name=\"twitter:data1\" content=\"1 minute\" \/>\n<script type=\"application\/ld+json\" class=\"yoast-schema-graph\">{\"@context\":\"https:\/\/schema.org\",\"@graph\":[{\"@type\":\"WebPage\",\"@id\":\"https:\/\/audibax.com\/fr\/produit\/power-amp-mono-jack-mono-jack-15m-black-10145106-2\/\",\"url\":\"https:\/\/audibax.com\/fr\/produit\/power-amp-mono-jack-mono-jack-15m-black-10145106-2\/\",\"name\":\"Power Amp Mono Jack Mono Jack 1,5m Black 10145106 - Audibax\",\"isPartOf\":{\"@id\":\"https:\/\/audibax.com\/fr\/#website\"},\"primaryImageOfPage\":{\"@id\":\"https:\/\/audibax.com\/fr\/produit\/power-amp-mono-jack-mono-jack-15m-black-10145106-2\/#primaryimage\"},\"image\":{\"@id\":\"https:\/\/audibax.com\/fr\/produit\/power-amp-mono-jack-mono-jack-15m-black-10145106-2\/#primaryimage\"},\"thumbnailUrl\":\"https:\/\/audibax.com\/wp-content\/uploads\/2023\/12\/audibax-cable-jack-mono-15m-power-amp-negro-gris.png\",\"datePublished\":\"2024-01-05T12:03:22+00:00\",\"breadcrumb\":{\"@id\":\"https:\/\/audibax.com\/fr\/produit\/power-amp-mono-jack-mono-jack-15m-black-10145106-2\/#breadcrumb\"},\"inLanguage\":\"fr-FR\",\"potentialAction\":[{\"@type\":\"ReadAction\",\"target\":[\"https:\/\/audibax.com\/fr\/produit\/power-amp-mono-jack-mono-jack-15m-black-10145106-2\/\"]}]},{\"@type\":\"ImageObject\",\"inLanguage\":\"fr-FR\",\"@id\":\"https:\/\/audibax.com\/fr\/produit\/power-amp-mono-jack-mono-jack-15m-black-10145106-2\/#primaryimage\",\"url\":\"https:\/\/audibax.com\/wp-content\/uploads\/2023\/12\/audibax-cable-jack-mono-15m-power-amp-negro-gris.png\",\"contentUrl\":\"https:\/\/audibax.com\/wp-content\/uploads\/2023\/12\/audibax-cable-jack-mono-15m-power-amp-negro-gris.png\",\"width\":1000,\"height\":500},{\"@type\":\"BreadcrumbList\",\"@id\":\"https:\/\/audibax.com\/fr\/produit\/power-amp-mono-jack-mono-jack-15m-black-10145106-2\/#breadcrumb\",\"itemListElement\":[{\"@type\":\"ListItem\",\"position\":1,\"name\":\"Portada\",\"item\":\"https:\/\/audibax.com\/fr\/\"},{\"@type\":\"ListItem\",\"position\":2,\"name\":\"Produits\",\"item\":\"https:\/\/audibax.com\/fr\/shop\/\"},{\"@type\":\"ListItem\",\"position\":3,\"name\":\"Power Amp Mono Jack Mono Jack 1,5m Black 10145106\"}]},{\"@type\":\"WebSite\",\"@id\":\"https:\/\/audibax.com\/fr\/#website\",\"url\":\"https:\/\/audibax.com\/fr\/\",\"name\":\"Audibax\",\"description\":\"\",\"publisher\":{\"@id\":\"https:\/\/audibax.com\/fr\/#organization\"},\"potentialAction\":[{\"@type\":\"SearchAction\",\"target\":{\"@type\":\"EntryPoint\",\"urlTemplate\":\"https:\/\/audibax.com\/fr\/?s={search_term_string}\"},\"query-input\":{\"@type\":\"PropertyValueSpecification\",\"valueRequired\":true,\"valueName\":\"search_term_string\"}}],\"inLanguage\":\"fr-FR\"},{\"@type\":\"Organization\",\"@id\":\"https:\/\/audibax.com\/fr\/#organization\",\"name\":\"Audibax\",\"url\":\"https:\/\/audibax.com\/fr\/\",\"logo\":{\"@type\":\"ImageObject\",\"inLanguage\":\"fr-FR\",\"@id\":\"https:\/\/audibax.com\/fr\/#\/schema\/logo\/image\/\",\"url\":\"https:\/\/audibax.com\/wp-content\/uploads\/2023\/09\/logo-Audibax-BLANCO-SVG-1.svg\",\"contentUrl\":\"https:\/\/audibax.com\/wp-content\/uploads\/2023\/09\/logo-Audibax-BLANCO-SVG-1.svg\",\"caption\":\"Audibax\"},\"image\":{\"@id\":\"https:\/\/audibax.com\/fr\/#\/schema\/logo\/image\/\"}}]}<\/script>\n<!-- \/ Yoast SEO plugin. -->","yoast_head_json":{"title":"Power Amp Mono Jack Mono Jack 1,5m Black 10145106 - Audibax","robots":{"index":"index","follow":"follow","max-snippet":"max-snippet:-1","max-image-preview":"max-image-preview:large","max-video-preview":"max-video-preview:-1"},"canonical":"https:\/\/audibax.com\/fr\/produit\/power-amp-mono-jack-mono-jack-15m-black-10145106-2\/","og_locale":"fr_FR","og_type":"article","og_title":"Power Amp Mono Jack Mono Jack 1,5m Black 10145106 - Audibax","og_description":"S\u00e9rie : Power AMP Type : Mono Jack Longueur : 1.5m Couleur : Noir Diam\u00e8tre du c\u00e2ble : 9mm Section int\u00e9rieure du conducteur : 2 x 2.5mm","og_url":"https:\/\/audibax.com\/fr\/produit\/power-amp-mono-jack-mono-jack-15m-black-10145106-2\/","og_site_name":"Audibax","twitter_card":"summary_large_image","twitter_misc":{"Dur\u00e9e de lecture estim\u00e9e":"1 minute"},"schema":{"@context":"https:\/\/schema.org","@graph":[{"@type":"WebPage","@id":"https:\/\/audibax.com\/fr\/produit\/power-amp-mono-jack-mono-jack-15m-black-10145106-2\/","url":"https:\/\/audibax.com\/fr\/produit\/power-amp-mono-jack-mono-jack-15m-black-10145106-2\/","name":"Power Amp Mono Jack Mono Jack 1,5m Black 10145106 - Audibax","isPartOf":{"@id":"https:\/\/audibax.com\/fr\/#website"},"primaryImageOfPage":{"@id":"https:\/\/audibax.com\/fr\/produit\/power-amp-mono-jack-mono-jack-15m-black-10145106-2\/#primaryimage"},"image":{"@id":"https:\/\/audibax.com\/fr\/produit\/power-amp-mono-jack-mono-jack-15m-black-10145106-2\/#primaryimage"},"thumbnailUrl":"https:\/\/audibax.com\/wp-content\/uploads\/2023\/12\/audibax-cable-jack-mono-15m-power-amp-negro-gris.png","datePublished":"2024-01-05T12:03:22+00:00","breadcrumb":{"@id":"https:\/\/audibax.com\/fr\/produit\/power-amp-mono-jack-mono-jack-15m-black-10145106-2\/#breadcrumb"},"inLanguage":"fr-FR","potentialAction":[{"@type":"ReadAction","target":["https:\/\/audibax.com\/fr\/produit\/power-amp-mono-jack-mono-jack-15m-black-10145106-2\/"]}]},{"@type":"ImageObject","inLanguage":"fr-FR","@id":"https:\/\/audibax.com\/fr\/produit\/power-amp-mono-jack-mono-jack-15m-black-10145106-2\/#primaryimage","url":"https:\/\/audibax.com\/wp-content\/uploads\/2023\/12\/audibax-cable-jack-mono-15m-power-amp-negro-gris.png","contentUrl":"https:\/\/audibax.com\/wp-content\/uploads\/2023\/12\/audibax-cable-jack-mono-15m-power-amp-negro-gris.png","width":1000,"height":500},{"@type":"BreadcrumbList","@id":"https:\/\/audibax.com\/fr\/produit\/power-amp-mono-jack-mono-jack-15m-black-10145106-2\/#breadcrumb","itemListElement":[{"@type":"ListItem","position":1,"name":"Portada","item":"https:\/\/audibax.com\/fr\/"},{"@type":"ListItem","position":2,"name":"Produits","item":"https:\/\/audibax.com\/fr\/shop\/"},{"@type":"ListItem","position":3,"name":"Power Amp Mono Jack Mono Jack 1,5m Black 10145106"}]},{"@type":"WebSite","@id":"https:\/\/audibax.com\/fr\/#website","url":"https:\/\/audibax.com\/fr\/","name":"Audibax","description":"","publisher":{"@id":"https:\/\/audibax.com\/fr\/#organization"},"potentialAction":[{"@type":"SearchAction","target":{"@type":"EntryPoint","urlTemplate":"https:\/\/audibax.com\/fr\/?s={search_term_string}"},"query-input":{"@type":"PropertyValueSpecification","valueRequired":true,"valueName":"search_term_string"}}],"inLanguage":"fr-FR"},{"@type":"Organization","@id":"https:\/\/audibax.com\/fr\/#organization","name":"Audibax","url":"https:\/\/audibax.com\/fr\/","logo":{"@type":"ImageObject","inLanguage":"fr-FR","@id":"https:\/\/audibax.com\/fr\/#\/schema\/logo\/image\/","url":"https:\/\/audibax.com\/wp-content\/uploads\/2023\/09\/logo-Audibax-BLANCO-SVG-1.svg","contentUrl":"https:\/\/audibax.com\/wp-content\/uploads\/2023\/09\/logo-Audibax-BLANCO-SVG-1.svg","caption":"Audibax"},"image":{"@id":"https:\/\/audibax.com\/fr\/#\/schema\/logo\/image\/"}}]}},"_links":{"self":[{"href":"https:\/\/audibax.com\/fr\/wp-json\/wp\/v2\/product\/38083","targetHints":{"allow":["GET"]}}],"collection":[{"href":"https:\/\/audibax.com\/fr\/wp-json\/wp\/v2\/product"}],"about":[{"href":"https:\/\/audibax.com\/fr\/wp-json\/wp\/v2\/types\/product"}],"replies":[{"embeddable":true,"href":"https:\/\/audibax.com\/fr\/wp-json\/wp\/v2\/comments?post=38083"}],"wp:featuredmedia":[{"embeddable":true,"href":"https:\/\/audibax.com\/fr\/wp-json\/wp\/v2\/media\/16935"}],"wp:attachment":[{"href":"https:\/\/audibax.com\/fr\/wp-json\/wp\/v2\/media?parent=38083"}],"wp:term":[{"taxonomy":"product_cat","embeddable":true,"href":"https:\/\/audibax.com\/fr\/wp-json\/wp\/v2\/product_cat?post=38083"},{"taxonomy":"product_tag","embeddable":true,"href":"https:\/\/audibax.com\/fr\/wp-json\/wp\/v2\/product_tag?post=38083"}],"curies":[{"name":"wp","href":"https:\/\/api.w.org\/{rel}","templated":true}]}}