{"id":37839,"date":"2024-01-04T12:59:34","date_gmt":"2024-01-04T11:59:34","guid":{"rendered":"https:\/\/audibax.com\/product\/freeport-212\/"},"modified":"2025-10-16T17:43:38","modified_gmt":"2025-10-16T15:43:38","slug":"freeport-212","status":"publish","type":"product","link":"https:\/\/audibax.com\/fr\/produit\/freeport-212\/","title":{"rendered":"Freeport 212"},"content":{"rendered":"<p><strong>Audibax Freeport 212 Haut-parleurs 12&Prime; Actif+Passif 400W+400W<\/strong><\/p>\n<p>D\u00e9couvrez l&rsquo;ensemble de deux haut-parleurs Freeport 212 d&rsquo;Audibax, l&rsquo;ensemble de haut-parleurs qui r\u00e9volutionnera votre exp\u00e9rience sonore. Avec un design \u00e9l\u00e9gant en mat\u00e9riau ABS durable, cet ensemble actif+passif comprend un woofer de 12 pouces et un tweeter de 1 pouce pour vous offrir un son vibrant et clair.<\/p>\n<p>Profitez de la puissance de 400 W + 400 W gr\u00e2ce \u00e0 l&rsquo;amplificateur de classe AB, \u00e9quip\u00e9 d&rsquo;un \u00e9galiseur \u00e0 deux bandes pour adapter les aigus et les basses \u00e0 vos pr\u00e9f\u00e9rences. Connectez-vous de mani\u00e8re polyvalente gr\u00e2ce aux entr\u00e9es micro XLR et 1\/4&Prime;, aux sorties ligne XLR et RCA, ou profitez de la libert\u00e9 sans fil gr\u00e2ce au lecteur mp3 USB\/SD\/FM\/Bluetooth et \u00e0 l&rsquo;excitante fonction TWS pour la st\u00e9r\u00e9o sans fil.<\/p>\n<p>Des \u00e9v\u00e9nements en int\u00e9rieur aux aventures en ext\u00e9rieur, le Freeport 212 s&rsquo;adapte \u00e0 toutes les occasions. De plus, il comprend des accessoires essentiels tels qu&rsquo;un cordon d&rsquo;alimentation, un c\u00e2ble de haut-parleur et une t\u00e9l\u00e9commande pour une plus grande facilit\u00e9 d&rsquo;utilisation.<\/p>\n<ul>\n<li>Jeu de 2 haut-parleurs 12&Prime; Bluetooth FREEPORT 212 (actif+passif)<\/li>\n<li>Conception \u00e9l\u00e9gante et robuste en ABS de haute qualit\u00e9<\/li>\n<li>Woofer: 12 pouces avec 2 \u00ab\u00a0VC, tweeter 1 pouce pour un son vibrant<\/li>\n<li>Puissance: 400W avec amplificateur de classe AB pour des performances robustes<\/li>\n<li>Egaliseur: 2 bandes pour des r\u00e9glages personnalis\u00e9s des aigus et des basses<\/li>\n<li>Connectivit\u00e9: Entr\u00e9e microphone XLR et 1\/4&Prime;, sortie ligne XLR et RCA<\/li>\n<li>Entr\u00e9es et sorties avec connexion Speakon<\/li>\n<li>Lecteur MP3: USB\/SD\/FM\/Bluetooth, TWS pour la st\u00e9r\u00e9o sans fil<\/li>\n<li>R\u00e9ponse en fr\u00e9quence: 58Hz-20kHz pour une lecture \u00e9quilibr\u00e9e<\/li>\n<li>Sensibilit\u00e9: 93dB et imp\u00e9dance de 8 ohms pour l&rsquo;efficacit\u00e9 et la compatibilit\u00e9<\/li>\n<li>Cordon d&rsquo;alimentation, c\u00e2ble de haut-parleur et t\u00e9l\u00e9commande inclus pour une utilisation ais\u00e9e<\/li>\n<li>Dimensions: 58,5 x 37,6 x 34 cm (58,5 x 37,6 x 34 cm)<\/li>\n<li>Poids: 24,1 kg<\/li>\n<\/ul>\n","protected":false},"excerpt":{"rendered":"<ul>\n<li>Jeu de 2 haut-parleurs 12&Prime; Bluetooth FREEPORT 212 (actif+passif)<\/li>\n<li>Mat\u00e9riau ABS de haute qualit\u00e9<\/li>\n<li>Woofer &amp; HF: 12 pouces \/ 1 pouce, Titane<\/li>\n<li>Puissance: 400W + 400W RMS<\/li>\n<li>Amplificateur: Classe AB<\/li>\n<li>Lecteur MP3: USB\/SD\/FM\/Bluetooth, TWS pour la st\u00e9r\u00e9o sans fil<\/li>\n<li>Cordon d&rsquo;alimentation, c\u00e2ble de haut-parleur et t\u00e9l\u00e9commande inclus pour une utilisation ais\u00e9e<\/li>\n<\/ul>\n","protected":false},"featured_media":37732,"comment_status":"open","ping_status":"closed","template":"","meta":{"_acf_changed":false},"product_cat":[254,407,253,393],"product_tag":[],"class_list":{"0":"post-37839","1":"product","2":"type-product","3":"status-publish","4":"has-post-thumbnail","6":"product_cat-active-speakers-fr","7":"product_cat-haut-parleurs-bluetooth","8":"product_cat-intervenants","9":"product_cat-sonorisation","11":"first","12":"instock","13":"shipping-taxable","14":"product-type-simple"},"acf":[],"yoast_head":"<!-- This site is optimized with the Yoast SEO plugin v27.0 - https:\/\/yoast.com\/product\/yoast-seo-wordpress\/ -->\n<title>Freeport 212 - Audibax<\/title>\n<meta name=\"robots\" content=\"index, follow, max-snippet:-1, max-image-preview:large, max-video-preview:-1\" \/>\n<link rel=\"canonical\" href=\"https:\/\/audibax.com\/fr\/produit\/freeport-212\/\" \/>\n<meta property=\"og:locale\" content=\"fr_FR\" \/>\n<meta property=\"og:type\" content=\"article\" \/>\n<meta property=\"og:title\" content=\"Freeport 212 - Audibax\" \/>\n<meta property=\"og:description\" content=\"Jeu de 2 haut-parleurs 12&quot; Bluetooth FREEPORT 212 (actif+passif)  Mat\u00e9riau ABS de haute qualit\u00e9  Woofer &amp; HF: 12 pouces \/ 1 pouce, Titane  Puissance: 400W + 400W RMS  Amplificateur: Classe AB  Lecteur MP3: USB\/SD\/FM\/Bluetooth, TWS pour la st\u00e9r\u00e9o sans fil  Cordon d&#039;alimentation, c\u00e2ble de haut-parleur et t\u00e9l\u00e9commande inclus pour une utilisation ais\u00e9e\" \/>\n<meta property=\"og:url\" content=\"https:\/\/audibax.com\/fr\/produit\/freeport-212\/\" \/>\n<meta property=\"og:site_name\" content=\"Audibax\" \/>\n<meta property=\"article:modified_time\" content=\"2025-10-16T15:43:38+00:00\" \/>\n<meta property=\"og:image\" content=\"https:\/\/audibax.com\/wp-content\/uploads\/2024\/01\/Freeport-212-1-new.jpg\" \/>\n\t<meta property=\"og:image:width\" content=\"2500\" \/>\n\t<meta property=\"og:image:height\" content=\"1767\" \/>\n\t<meta property=\"og:image:type\" content=\"image\/jpeg\" \/>\n<meta name=\"twitter:card\" content=\"summary_large_image\" \/>\n<meta name=\"twitter:label1\" content=\"Dur\u00e9e de lecture estim\u00e9e\" \/>\n\t<meta name=\"twitter:data1\" content=\"2 minutes\" \/>\n<script type=\"application\/ld+json\" class=\"yoast-schema-graph\">{\"@context\":\"https:\/\/schema.org\",\"@graph\":[{\"@type\":\"WebPage\",\"@id\":\"https:\/\/audibax.com\/fr\/produit\/freeport-212\/\",\"url\":\"https:\/\/audibax.com\/fr\/produit\/freeport-212\/\",\"name\":\"Freeport 212 - Audibax\",\"isPartOf\":{\"@id\":\"https:\/\/audibax.com\/fr\/#website\"},\"primaryImageOfPage\":{\"@id\":\"https:\/\/audibax.com\/fr\/produit\/freeport-212\/#primaryimage\"},\"image\":{\"@id\":\"https:\/\/audibax.com\/fr\/produit\/freeport-212\/#primaryimage\"},\"thumbnailUrl\":\"https:\/\/audibax.com\/wp-content\/uploads\/2024\/01\/Freeport-212-1-new.jpg\",\"datePublished\":\"2024-01-04T11:59:34+00:00\",\"dateModified\":\"2025-10-16T15:43:38+00:00\",\"breadcrumb\":{\"@id\":\"https:\/\/audibax.com\/fr\/produit\/freeport-212\/#breadcrumb\"},\"inLanguage\":\"fr-FR\",\"potentialAction\":[{\"@type\":\"ReadAction\",\"target\":[\"https:\/\/audibax.com\/fr\/produit\/freeport-212\/\"]}]},{\"@type\":\"ImageObject\",\"inLanguage\":\"fr-FR\",\"@id\":\"https:\/\/audibax.com\/fr\/produit\/freeport-212\/#primaryimage\",\"url\":\"https:\/\/audibax.com\/wp-content\/uploads\/2024\/01\/Freeport-212-1-new.jpg\",\"contentUrl\":\"https:\/\/audibax.com\/wp-content\/uploads\/2024\/01\/Freeport-212-1-new.jpg\",\"width\":2500,\"height\":1767},{\"@type\":\"BreadcrumbList\",\"@id\":\"https:\/\/audibax.com\/fr\/produit\/freeport-212\/#breadcrumb\",\"itemListElement\":[{\"@type\":\"ListItem\",\"position\":1,\"name\":\"Portada\",\"item\":\"https:\/\/audibax.com\/fr\/\"},{\"@type\":\"ListItem\",\"position\":2,\"name\":\"Produits\",\"item\":\"https:\/\/audibax.com\/fr\/shop\/\"},{\"@type\":\"ListItem\",\"position\":3,\"name\":\"Freeport 212\"}]},{\"@type\":\"WebSite\",\"@id\":\"https:\/\/audibax.com\/fr\/#website\",\"url\":\"https:\/\/audibax.com\/fr\/\",\"name\":\"Audibax\",\"description\":\"\",\"publisher\":{\"@id\":\"https:\/\/audibax.com\/fr\/#organization\"},\"potentialAction\":[{\"@type\":\"SearchAction\",\"target\":{\"@type\":\"EntryPoint\",\"urlTemplate\":\"https:\/\/audibax.com\/fr\/?s={search_term_string}\"},\"query-input\":{\"@type\":\"PropertyValueSpecification\",\"valueRequired\":true,\"valueName\":\"search_term_string\"}}],\"inLanguage\":\"fr-FR\"},{\"@type\":\"Organization\",\"@id\":\"https:\/\/audibax.com\/fr\/#organization\",\"name\":\"Audibax\",\"url\":\"https:\/\/audibax.com\/fr\/\",\"logo\":{\"@type\":\"ImageObject\",\"inLanguage\":\"fr-FR\",\"@id\":\"https:\/\/audibax.com\/fr\/#\/schema\/logo\/image\/\",\"url\":\"https:\/\/audibax.com\/wp-content\/uploads\/2023\/09\/logo-Audibax-BLANCO-SVG-1.svg\",\"contentUrl\":\"https:\/\/audibax.com\/wp-content\/uploads\/2023\/09\/logo-Audibax-BLANCO-SVG-1.svg\",\"caption\":\"Audibax\"},\"image\":{\"@id\":\"https:\/\/audibax.com\/fr\/#\/schema\/logo\/image\/\"}}]}<\/script>\n<!-- \/ Yoast SEO plugin. -->","yoast_head_json":{"title":"Freeport 212 - Audibax","robots":{"index":"index","follow":"follow","max-snippet":"max-snippet:-1","max-image-preview":"max-image-preview:large","max-video-preview":"max-video-preview:-1"},"canonical":"https:\/\/audibax.com\/fr\/produit\/freeport-212\/","og_locale":"fr_FR","og_type":"article","og_title":"Freeport 212 - Audibax","og_description":"Jeu de 2 haut-parleurs 12\" Bluetooth FREEPORT 212 (actif+passif)  Mat\u00e9riau ABS de haute qualit\u00e9  Woofer &amp; HF: 12 pouces \/ 1 pouce, Titane  Puissance: 400W + 400W RMS  Amplificateur: Classe AB  Lecteur MP3: USB\/SD\/FM\/Bluetooth, TWS pour la st\u00e9r\u00e9o sans fil  Cordon d'alimentation, c\u00e2ble de haut-parleur et t\u00e9l\u00e9commande inclus pour une utilisation ais\u00e9e","og_url":"https:\/\/audibax.com\/fr\/produit\/freeport-212\/","og_site_name":"Audibax","article_modified_time":"2025-10-16T15:43:38+00:00","og_image":[{"width":2500,"height":1767,"url":"https:\/\/audibax.com\/wp-content\/uploads\/2024\/01\/Freeport-212-1-new.jpg","type":"image\/jpeg"}],"twitter_card":"summary_large_image","twitter_misc":{"Dur\u00e9e de lecture estim\u00e9e":"2 minutes"},"schema":{"@context":"https:\/\/schema.org","@graph":[{"@type":"WebPage","@id":"https:\/\/audibax.com\/fr\/produit\/freeport-212\/","url":"https:\/\/audibax.com\/fr\/produit\/freeport-212\/","name":"Freeport 212 - Audibax","isPartOf":{"@id":"https:\/\/audibax.com\/fr\/#website"},"primaryImageOfPage":{"@id":"https:\/\/audibax.com\/fr\/produit\/freeport-212\/#primaryimage"},"image":{"@id":"https:\/\/audibax.com\/fr\/produit\/freeport-212\/#primaryimage"},"thumbnailUrl":"https:\/\/audibax.com\/wp-content\/uploads\/2024\/01\/Freeport-212-1-new.jpg","datePublished":"2024-01-04T11:59:34+00:00","dateModified":"2025-10-16T15:43:38+00:00","breadcrumb":{"@id":"https:\/\/audibax.com\/fr\/produit\/freeport-212\/#breadcrumb"},"inLanguage":"fr-FR","potentialAction":[{"@type":"ReadAction","target":["https:\/\/audibax.com\/fr\/produit\/freeport-212\/"]}]},{"@type":"ImageObject","inLanguage":"fr-FR","@id":"https:\/\/audibax.com\/fr\/produit\/freeport-212\/#primaryimage","url":"https:\/\/audibax.com\/wp-content\/uploads\/2024\/01\/Freeport-212-1-new.jpg","contentUrl":"https:\/\/audibax.com\/wp-content\/uploads\/2024\/01\/Freeport-212-1-new.jpg","width":2500,"height":1767},{"@type":"BreadcrumbList","@id":"https:\/\/audibax.com\/fr\/produit\/freeport-212\/#breadcrumb","itemListElement":[{"@type":"ListItem","position":1,"name":"Portada","item":"https:\/\/audibax.com\/fr\/"},{"@type":"ListItem","position":2,"name":"Produits","item":"https:\/\/audibax.com\/fr\/shop\/"},{"@type":"ListItem","position":3,"name":"Freeport 212"}]},{"@type":"WebSite","@id":"https:\/\/audibax.com\/fr\/#website","url":"https:\/\/audibax.com\/fr\/","name":"Audibax","description":"","publisher":{"@id":"https:\/\/audibax.com\/fr\/#organization"},"potentialAction":[{"@type":"SearchAction","target":{"@type":"EntryPoint","urlTemplate":"https:\/\/audibax.com\/fr\/?s={search_term_string}"},"query-input":{"@type":"PropertyValueSpecification","valueRequired":true,"valueName":"search_term_string"}}],"inLanguage":"fr-FR"},{"@type":"Organization","@id":"https:\/\/audibax.com\/fr\/#organization","name":"Audibax","url":"https:\/\/audibax.com\/fr\/","logo":{"@type":"ImageObject","inLanguage":"fr-FR","@id":"https:\/\/audibax.com\/fr\/#\/schema\/logo\/image\/","url":"https:\/\/audibax.com\/wp-content\/uploads\/2023\/09\/logo-Audibax-BLANCO-SVG-1.svg","contentUrl":"https:\/\/audibax.com\/wp-content\/uploads\/2023\/09\/logo-Audibax-BLANCO-SVG-1.svg","caption":"Audibax"},"image":{"@id":"https:\/\/audibax.com\/fr\/#\/schema\/logo\/image\/"}}]}},"_links":{"self":[{"href":"https:\/\/audibax.com\/fr\/wp-json\/wp\/v2\/product\/37839","targetHints":{"allow":["GET"]}}],"collection":[{"href":"https:\/\/audibax.com\/fr\/wp-json\/wp\/v2\/product"}],"about":[{"href":"https:\/\/audibax.com\/fr\/wp-json\/wp\/v2\/types\/product"}],"replies":[{"embeddable":true,"href":"https:\/\/audibax.com\/fr\/wp-json\/wp\/v2\/comments?post=37839"}],"wp:featuredmedia":[{"embeddable":true,"href":"https:\/\/audibax.com\/fr\/wp-json\/wp\/v2\/media\/37732"}],"wp:attachment":[{"href":"https:\/\/audibax.com\/fr\/wp-json\/wp\/v2\/media?parent=37839"}],"wp:term":[{"taxonomy":"product_cat","embeddable":true,"href":"https:\/\/audibax.com\/fr\/wp-json\/wp\/v2\/product_cat?post=37839"},{"taxonomy":"product_tag","embeddable":true,"href":"https:\/\/audibax.com\/fr\/wp-json\/wp\/v2\/product_tag?post=37839"}],"curies":[{"name":"wp","href":"https:\/\/api.w.org\/{rel}","templated":true}]}}