{"id":36944,"date":"2023-12-11T13:58:39","date_gmt":"2023-12-11T12:58:39","guid":{"rendered":"https:\/\/audibax.com\/product\/dt20-black-2\/"},"modified":"2023-12-27T12:02:23","modified_gmt":"2023-12-27T11:02:23","slug":"dt20-black-2","status":"publish","type":"product","link":"https:\/\/audibax.com\/fr\/produit\/dt20-black-2\/","title":{"rendered":"DT20 Black"},"content":{"rendered":"<p>Le <strong>Audibax DT20<\/strong> est un si\u00e8ge de batterie de qualit\u00e9 et de finition sup\u00e9rieure. Son assise ergonomique avec un large rembourrage de pr\u00e8s de 10cm, offre un grand confort et vous permet de jouer pendant des heures sans ressentir d&rsquo;inconfort ou de douleur. Les pieds sont doublement renforc\u00e9s pour une stabilit\u00e9 et une durabilit\u00e9 sup\u00e9rieures. La hauteur est r\u00e9glable gr\u00e2ce \u00e0 un syst\u00e8me de r\u00e9glage rapide et pr\u00e9cis qui vous permet d&rsquo;effectuer des ajustements rapides et pr\u00e9cis.<\/p>\n<p>&nbsp;<\/p>\n<h3>Caract\u00e9ristiques<\/h3>\n<ul>\n<li>Si\u00e8ge ergonomique pour le confort<\/li>\n<li>Si\u00e8ge ergonomique pour un plus grand confort<\/li>\n<li>Caract\u00e9ristiques<\/h3>\n<ul>\n<li>Caract\u00e9ristiques<\/h3>\n<ul>\n<li>Si\u00e8ge ergonomique ;\n<li>Si\u00e8ge ergonomique pour plus de confort<\/li>\n<li>Coussin sup\u00e9rieur d&rsquo;environ 10cm<\/li>\n<li>Surface d&rsquo;assise en velours et cuir synth\u00e9tique<\/li>\n<li>Coussin sup\u00e9rieur d&rsquo;environ 10cm<\/li>\n<li>Coussin sup\u00e9rieur d&rsquo;environ 10cm<\/li>\n<li>Coussin sup\u00e9rieur d&rsquo;environ 10cm<\/li>\n<li>Coussin sup\u00e9rieur d&rsquo;environ 10cm<\/li>\n<li>Coussin sup\u00e9rieur d&rsquo;environ 10cm<\/li>\n<p>.nbsp;&nbsp;&nbsp;&nbsp;&nbsp;<\/li>\n<li>R\u00e9glable en hauteur par \u00e9crou coulissant<\/li>\n<li>Hauteur d&rsquo;assise : 45,7 cm \u00e0 59,0 cm<\/li>\n<li>Finition chrom\u00e9e<\/li>\n<li>Poids support\u00e9 : 110Kg<\/li>\n<\/ul>\n<p>&nbsp;<\/p>\n<p>.<\/p>\n","protected":false},"excerpt":{"rendered":"<li>\n<li>Approximativement 10cm de rembourrage sup\u00e9rieur<\/li>\n<li>Surface du si\u00e8ge en velours et cuir synth\u00e9tique<\/li>\n<li>Double pied en \u00e9trier pour la stabilit\u00e9 et la durabilit\u00e9.<\/li>\n<li>Finition : chrom\u00e9e<\/li>\n<\/ul>\n<\/ul>\n","protected":false},"featured_media":17096,"comment_status":"open","ping_status":"closed","template":"","meta":{"_acf_changed":false},"product_cat":[431],"product_tag":[],"class_list":{"0":"post-36944","1":"product","2":"type-product","3":"status-publish","4":"has-post-thumbnail","6":"product_cat-trones-du-tambour","8":"first","9":"instock","10":"shipping-taxable","11":"product-type-simple"},"acf":[],"yoast_head":"<!-- This site is optimized with the Yoast SEO plugin v27.0 - https:\/\/yoast.com\/product\/yoast-seo-wordpress\/ -->\n<title>DT20 Black - Audibax<\/title>\n<meta name=\"robots\" content=\"index, follow, max-snippet:-1, max-image-preview:large, max-video-preview:-1\" \/>\n<link rel=\"canonical\" href=\"https:\/\/audibax.com\/fr\/produit\/dt20-black-2\/\" \/>\n<meta property=\"og:locale\" content=\"fr_FR\" \/>\n<meta property=\"og:type\" content=\"article\" \/>\n<meta property=\"og:title\" content=\"DT20 Black - Audibax\" \/>\n<meta property=\"og:description\" content=\"Approximativement 10cm de rembourrage sup\u00e9rieur Surface du si\u00e8ge en velours et cuir synth\u00e9tique Double pied en \u00e9trier pour la stabilit\u00e9 et la durabilit\u00e9. Finition : chrom\u00e9e\" \/>\n<meta property=\"og:url\" content=\"https:\/\/audibax.com\/fr\/produit\/dt20-black-2\/\" \/>\n<meta property=\"og:site_name\" content=\"Audibax\" \/>\n<meta property=\"article:modified_time\" content=\"2023-12-27T11:02:23+00:00\" \/>\n<meta name=\"twitter:card\" content=\"summary_large_image\" \/>\n<meta name=\"twitter:label1\" content=\"Dur\u00e9e de lecture estim\u00e9e\" \/>\n\t<meta name=\"twitter:data1\" content=\"1 minute\" \/>\n<script type=\"application\/ld+json\" class=\"yoast-schema-graph\">{\"@context\":\"https:\/\/schema.org\",\"@graph\":[{\"@type\":\"WebPage\",\"@id\":\"https:\/\/audibax.com\/fr\/produit\/dt20-black-2\/\",\"url\":\"https:\/\/audibax.com\/fr\/produit\/dt20-black-2\/\",\"name\":\"DT20 Black - Audibax\",\"isPartOf\":{\"@id\":\"https:\/\/audibax.com\/fr\/#website\"},\"primaryImageOfPage\":{\"@id\":\"https:\/\/audibax.com\/fr\/produit\/dt20-black-2\/#primaryimage\"},\"image\":{\"@id\":\"https:\/\/audibax.com\/fr\/produit\/dt20-black-2\/#primaryimage\"},\"thumbnailUrl\":\"https:\/\/audibax.com\/wp-content\/uploads\/2023\/12\/audibax-dt20-sillin.jpg\",\"datePublished\":\"2023-12-11T12:58:39+00:00\",\"dateModified\":\"2023-12-27T11:02:23+00:00\",\"breadcrumb\":{\"@id\":\"https:\/\/audibax.com\/fr\/produit\/dt20-black-2\/#breadcrumb\"},\"inLanguage\":\"fr-FR\",\"potentialAction\":[{\"@type\":\"ReadAction\",\"target\":[\"https:\/\/audibax.com\/fr\/produit\/dt20-black-2\/\"]}]},{\"@type\":\"ImageObject\",\"inLanguage\":\"fr-FR\",\"@id\":\"https:\/\/audibax.com\/fr\/produit\/dt20-black-2\/#primaryimage\",\"url\":\"https:\/\/audibax.com\/wp-content\/uploads\/2023\/12\/audibax-dt20-sillin.jpg\",\"contentUrl\":\"https:\/\/audibax.com\/wp-content\/uploads\/2023\/12\/audibax-dt20-sillin.jpg\",\"width\":1049,\"height\":1500},{\"@type\":\"BreadcrumbList\",\"@id\":\"https:\/\/audibax.com\/fr\/produit\/dt20-black-2\/#breadcrumb\",\"itemListElement\":[{\"@type\":\"ListItem\",\"position\":1,\"name\":\"Portada\",\"item\":\"https:\/\/audibax.com\/fr\/\"},{\"@type\":\"ListItem\",\"position\":2,\"name\":\"Produits\",\"item\":\"https:\/\/audibax.com\/fr\/shop\/\"},{\"@type\":\"ListItem\",\"position\":3,\"name\":\"DT20 Black\"}]},{\"@type\":\"WebSite\",\"@id\":\"https:\/\/audibax.com\/fr\/#website\",\"url\":\"https:\/\/audibax.com\/fr\/\",\"name\":\"Audibax\",\"description\":\"\",\"publisher\":{\"@id\":\"https:\/\/audibax.com\/fr\/#organization\"},\"potentialAction\":[{\"@type\":\"SearchAction\",\"target\":{\"@type\":\"EntryPoint\",\"urlTemplate\":\"https:\/\/audibax.com\/fr\/?s={search_term_string}\"},\"query-input\":{\"@type\":\"PropertyValueSpecification\",\"valueRequired\":true,\"valueName\":\"search_term_string\"}}],\"inLanguage\":\"fr-FR\"},{\"@type\":\"Organization\",\"@id\":\"https:\/\/audibax.com\/fr\/#organization\",\"name\":\"Audibax\",\"url\":\"https:\/\/audibax.com\/fr\/\",\"logo\":{\"@type\":\"ImageObject\",\"inLanguage\":\"fr-FR\",\"@id\":\"https:\/\/audibax.com\/fr\/#\/schema\/logo\/image\/\",\"url\":\"https:\/\/audibax.com\/wp-content\/uploads\/2023\/09\/logo-Audibax-BLANCO-SVG-1.svg\",\"contentUrl\":\"https:\/\/audibax.com\/wp-content\/uploads\/2023\/09\/logo-Audibax-BLANCO-SVG-1.svg\",\"caption\":\"Audibax\"},\"image\":{\"@id\":\"https:\/\/audibax.com\/fr\/#\/schema\/logo\/image\/\"}}]}<\/script>\n<!-- \/ Yoast SEO plugin. -->","yoast_head_json":{"title":"DT20 Black - Audibax","robots":{"index":"index","follow":"follow","max-snippet":"max-snippet:-1","max-image-preview":"max-image-preview:large","max-video-preview":"max-video-preview:-1"},"canonical":"https:\/\/audibax.com\/fr\/produit\/dt20-black-2\/","og_locale":"fr_FR","og_type":"article","og_title":"DT20 Black - Audibax","og_description":"Approximativement 10cm de rembourrage sup\u00e9rieur Surface du si\u00e8ge en velours et cuir synth\u00e9tique Double pied en \u00e9trier pour la stabilit\u00e9 et la durabilit\u00e9. Finition : chrom\u00e9e","og_url":"https:\/\/audibax.com\/fr\/produit\/dt20-black-2\/","og_site_name":"Audibax","article_modified_time":"2023-12-27T11:02:23+00:00","twitter_card":"summary_large_image","twitter_misc":{"Dur\u00e9e de lecture estim\u00e9e":"1 minute"},"schema":{"@context":"https:\/\/schema.org","@graph":[{"@type":"WebPage","@id":"https:\/\/audibax.com\/fr\/produit\/dt20-black-2\/","url":"https:\/\/audibax.com\/fr\/produit\/dt20-black-2\/","name":"DT20 Black - Audibax","isPartOf":{"@id":"https:\/\/audibax.com\/fr\/#website"},"primaryImageOfPage":{"@id":"https:\/\/audibax.com\/fr\/produit\/dt20-black-2\/#primaryimage"},"image":{"@id":"https:\/\/audibax.com\/fr\/produit\/dt20-black-2\/#primaryimage"},"thumbnailUrl":"https:\/\/audibax.com\/wp-content\/uploads\/2023\/12\/audibax-dt20-sillin.jpg","datePublished":"2023-12-11T12:58:39+00:00","dateModified":"2023-12-27T11:02:23+00:00","breadcrumb":{"@id":"https:\/\/audibax.com\/fr\/produit\/dt20-black-2\/#breadcrumb"},"inLanguage":"fr-FR","potentialAction":[{"@type":"ReadAction","target":["https:\/\/audibax.com\/fr\/produit\/dt20-black-2\/"]}]},{"@type":"ImageObject","inLanguage":"fr-FR","@id":"https:\/\/audibax.com\/fr\/produit\/dt20-black-2\/#primaryimage","url":"https:\/\/audibax.com\/wp-content\/uploads\/2023\/12\/audibax-dt20-sillin.jpg","contentUrl":"https:\/\/audibax.com\/wp-content\/uploads\/2023\/12\/audibax-dt20-sillin.jpg","width":1049,"height":1500},{"@type":"BreadcrumbList","@id":"https:\/\/audibax.com\/fr\/produit\/dt20-black-2\/#breadcrumb","itemListElement":[{"@type":"ListItem","position":1,"name":"Portada","item":"https:\/\/audibax.com\/fr\/"},{"@type":"ListItem","position":2,"name":"Produits","item":"https:\/\/audibax.com\/fr\/shop\/"},{"@type":"ListItem","position":3,"name":"DT20 Black"}]},{"@type":"WebSite","@id":"https:\/\/audibax.com\/fr\/#website","url":"https:\/\/audibax.com\/fr\/","name":"Audibax","description":"","publisher":{"@id":"https:\/\/audibax.com\/fr\/#organization"},"potentialAction":[{"@type":"SearchAction","target":{"@type":"EntryPoint","urlTemplate":"https:\/\/audibax.com\/fr\/?s={search_term_string}"},"query-input":{"@type":"PropertyValueSpecification","valueRequired":true,"valueName":"search_term_string"}}],"inLanguage":"fr-FR"},{"@type":"Organization","@id":"https:\/\/audibax.com\/fr\/#organization","name":"Audibax","url":"https:\/\/audibax.com\/fr\/","logo":{"@type":"ImageObject","inLanguage":"fr-FR","@id":"https:\/\/audibax.com\/fr\/#\/schema\/logo\/image\/","url":"https:\/\/audibax.com\/wp-content\/uploads\/2023\/09\/logo-Audibax-BLANCO-SVG-1.svg","contentUrl":"https:\/\/audibax.com\/wp-content\/uploads\/2023\/09\/logo-Audibax-BLANCO-SVG-1.svg","caption":"Audibax"},"image":{"@id":"https:\/\/audibax.com\/fr\/#\/schema\/logo\/image\/"}}]}},"_links":{"self":[{"href":"https:\/\/audibax.com\/fr\/wp-json\/wp\/v2\/product\/36944","targetHints":{"allow":["GET"]}}],"collection":[{"href":"https:\/\/audibax.com\/fr\/wp-json\/wp\/v2\/product"}],"about":[{"href":"https:\/\/audibax.com\/fr\/wp-json\/wp\/v2\/types\/product"}],"replies":[{"embeddable":true,"href":"https:\/\/audibax.com\/fr\/wp-json\/wp\/v2\/comments?post=36944"}],"wp:featuredmedia":[{"embeddable":true,"href":"https:\/\/audibax.com\/fr\/wp-json\/wp\/v2\/media\/17096"}],"wp:attachment":[{"href":"https:\/\/audibax.com\/fr\/wp-json\/wp\/v2\/media?parent=36944"}],"wp:term":[{"taxonomy":"product_cat","embeddable":true,"href":"https:\/\/audibax.com\/fr\/wp-json\/wp\/v2\/product_cat?post=36944"},{"taxonomy":"product_tag","embeddable":true,"href":"https:\/\/audibax.com\/fr\/wp-json\/wp\/v2\/product_tag?post=36944"}],"curies":[{"name":"wp","href":"https:\/\/api.w.org\/{rel}","templated":true}]}}