{"id":36943,"date":"2023-12-11T13:58:36","date_gmt":"2023-12-11T12:58:36","guid":{"rendered":"https:\/\/audibax.com\/product\/dt10-black-2\/"},"modified":"2025-05-30T10:22:44","modified_gmt":"2025-05-30T08:22:44","slug":"dt10-black-2","status":"publish","type":"product","link":"https:\/\/audibax.com\/fr\/produit\/dt10-black-2\/","title":{"rendered":"DT10 Black"},"content":{"rendered":"<p>Audibax DT10 est un si\u00e8ge de batterie circulaire rembourr\u00e9, id\u00e9al pour les batteries acoustiques et \u00e9lectroniques. La hauteur est r\u00e9glable \u00e0 l&rsquo;aide d&rsquo;un simple m\u00e9canisme \u00e0 bouton et d&rsquo;un boulon de verrouillage. Les pieds \u00e0 double \u00e9trier ainsi que les pieds en caoutchouc antid\u00e9rapants offrent une stabilit\u00e9 sup\u00e9rieure pour une sensation de s\u00e9curit\u00e9 \u00e0 tout moment.<\/p>\n<ul>\n<li>Si\u00e8ge de forme circulaire<\/li>\n<li>Surface du si\u00e8ge en cuir synth\u00e9tique noir<\/li>\n<li>Pieds \u00e0 double \u00e9trier<\/li>\n<li>Pieds \u00e0 double \u00e9trier<\/li>\n<li>Pieds en caoutchouc antid\u00e9rapants<\/li>\n<li>Pieds \u00e0 double \u00e9trier<\/li>\n<li>Pieds en caoutchouc antid\u00e9rapants<\/li>\n<li>Pieds \u00e0 double \u00e9trier<\/li>\n<li>Pieds \u00e0 double \u00e9trier<\/li>\n<li>Pieds \u00e0 double \u00e9trier<\/li>\n<li>Pieds \u00e0 double \u00e9trier<\/li>\n<li>Double \u00e9trier.Pieds antid\u00e9rapants<\/li>\n<li>R\u00e9glable en hauteur par tube perfor\u00e9 avec boulon de verrouillage<\/li>\n<li>Hauteur d&rsquo;assise : R\u00e9glable de 45,7 \u00e0 59,0 cm<\/li>\n<li>Finition chrom\u00e9e<\/li>\n<\/ul>\n","protected":false},"excerpt":{"rendered":"<ul>\n<li>Si\u00e8ge de forme circulaire<\/li>\n<li>Surface du si\u00e8ge en cuir synth\u00e9tique noir<\/li>\n<li>Jambes \u00e0 double \u00e9trier<\/li>\n<li>Jambes antid\u00e9rapantes<\/li>\n<li>R\u00e9glable en hauteur par boulon perfor\u00e9<\/li>\n<li>R\u00e9glage en hauteur par tube perfor\u00e9<\/li>\n<li>R\u00e9glage en hauteur par boulon perfor\u00e9<\/li>\n<li>R\u00e9glage en hauteur par tube perfor\u00e9.nbsp;<\/li>\n<li>R\u00e9glage en hauteur par tube perfor\u00e9 avec boulon de blocage<\/li>\n<li>Finition chrom\u00e9e<\/li>\n<\/ul>\n","protected":false},"featured_media":17094,"comment_status":"open","ping_status":"closed","template":"","meta":{"_acf_changed":false},"product_cat":[431],"product_tag":[],"class_list":{"0":"post-36943","1":"product","2":"type-product","3":"status-publish","4":"has-post-thumbnail","6":"product_cat-trones-du-tambour","8":"first","9":"instock","10":"shipping-taxable","11":"product-type-simple"},"acf":[],"yoast_head":"<!-- This site is optimized with the Yoast SEO plugin v27.0 - https:\/\/yoast.com\/product\/yoast-seo-wordpress\/ -->\n<title>DT10 Black - Audibax<\/title>\n<meta name=\"robots\" content=\"index, follow, max-snippet:-1, max-image-preview:large, max-video-preview:-1\" \/>\n<link rel=\"canonical\" href=\"https:\/\/audibax.com\/fr\/produit\/dt10-black-2\/\" \/>\n<meta property=\"og:locale\" content=\"fr_FR\" \/>\n<meta property=\"og:type\" content=\"article\" \/>\n<meta property=\"og:title\" content=\"DT10 Black - Audibax\" \/>\n<meta property=\"og:description\" content=\"Si\u00e8ge de forme circulaire  Surface du si\u00e8ge en cuir synth\u00e9tique noir  Jambes \u00e0 double \u00e9trier  Jambes antid\u00e9rapantes  R\u00e9glable en hauteur par boulon perfor\u00e9  R\u00e9glage en hauteur par tube perfor\u00e9  R\u00e9glage en hauteur par boulon perfor\u00e9  R\u00e9glage en hauteur par tube perfor\u00e9.nbsp;  R\u00e9glage en hauteur par tube perfor\u00e9 avec boulon de blocage  Finition chrom\u00e9e\" \/>\n<meta property=\"og:url\" content=\"https:\/\/audibax.com\/fr\/produit\/dt10-black-2\/\" \/>\n<meta property=\"og:site_name\" content=\"Audibax\" \/>\n<meta property=\"article:modified_time\" content=\"2025-05-30T08:22:44+00:00\" \/>\n<meta property=\"og:image\" content=\"https:\/\/audibax.com\/wp-content\/uploads\/2023\/12\/audibax-dt10-sillin-bateria-comprar.jpg\" \/>\n\t<meta property=\"og:image:width\" content=\"1000\" \/>\n\t<meta property=\"og:image:height\" content=\"500\" \/>\n\t<meta property=\"og:image:type\" content=\"image\/jpeg\" \/>\n<meta name=\"twitter:card\" content=\"summary_large_image\" \/>\n<meta name=\"twitter:label1\" content=\"Dur\u00e9e de lecture estim\u00e9e\" \/>\n\t<meta name=\"twitter:data1\" content=\"1 minute\" \/>\n<script type=\"application\/ld+json\" class=\"yoast-schema-graph\">{\"@context\":\"https:\/\/schema.org\",\"@graph\":[{\"@type\":\"WebPage\",\"@id\":\"https:\/\/audibax.com\/fr\/produit\/dt10-black-2\/\",\"url\":\"https:\/\/audibax.com\/fr\/produit\/dt10-black-2\/\",\"name\":\"DT10 Black - Audibax\",\"isPartOf\":{\"@id\":\"https:\/\/audibax.com\/fr\/#website\"},\"primaryImageOfPage\":{\"@id\":\"https:\/\/audibax.com\/fr\/produit\/dt10-black-2\/#primaryimage\"},\"image\":{\"@id\":\"https:\/\/audibax.com\/fr\/produit\/dt10-black-2\/#primaryimage\"},\"thumbnailUrl\":\"https:\/\/audibax.com\/wp-content\/uploads\/2023\/12\/audibax-dt10-sillin-bateria-comprar.jpg\",\"datePublished\":\"2023-12-11T12:58:36+00:00\",\"dateModified\":\"2025-05-30T08:22:44+00:00\",\"breadcrumb\":{\"@id\":\"https:\/\/audibax.com\/fr\/produit\/dt10-black-2\/#breadcrumb\"},\"inLanguage\":\"fr-FR\",\"potentialAction\":[{\"@type\":\"ReadAction\",\"target\":[\"https:\/\/audibax.com\/fr\/produit\/dt10-black-2\/\"]}]},{\"@type\":\"ImageObject\",\"inLanguage\":\"fr-FR\",\"@id\":\"https:\/\/audibax.com\/fr\/produit\/dt10-black-2\/#primaryimage\",\"url\":\"https:\/\/audibax.com\/wp-content\/uploads\/2023\/12\/audibax-dt10-sillin-bateria-comprar.jpg\",\"contentUrl\":\"https:\/\/audibax.com\/wp-content\/uploads\/2023\/12\/audibax-dt10-sillin-bateria-comprar.jpg\",\"width\":1000,\"height\":500},{\"@type\":\"BreadcrumbList\",\"@id\":\"https:\/\/audibax.com\/fr\/produit\/dt10-black-2\/#breadcrumb\",\"itemListElement\":[{\"@type\":\"ListItem\",\"position\":1,\"name\":\"Portada\",\"item\":\"https:\/\/audibax.com\/fr\/\"},{\"@type\":\"ListItem\",\"position\":2,\"name\":\"Produits\",\"item\":\"https:\/\/audibax.com\/fr\/shop\/\"},{\"@type\":\"ListItem\",\"position\":3,\"name\":\"DT10 Black\"}]},{\"@type\":\"WebSite\",\"@id\":\"https:\/\/audibax.com\/fr\/#website\",\"url\":\"https:\/\/audibax.com\/fr\/\",\"name\":\"Audibax\",\"description\":\"\",\"publisher\":{\"@id\":\"https:\/\/audibax.com\/fr\/#organization\"},\"potentialAction\":[{\"@type\":\"SearchAction\",\"target\":{\"@type\":\"EntryPoint\",\"urlTemplate\":\"https:\/\/audibax.com\/fr\/?s={search_term_string}\"},\"query-input\":{\"@type\":\"PropertyValueSpecification\",\"valueRequired\":true,\"valueName\":\"search_term_string\"}}],\"inLanguage\":\"fr-FR\"},{\"@type\":\"Organization\",\"@id\":\"https:\/\/audibax.com\/fr\/#organization\",\"name\":\"Audibax\",\"url\":\"https:\/\/audibax.com\/fr\/\",\"logo\":{\"@type\":\"ImageObject\",\"inLanguage\":\"fr-FR\",\"@id\":\"https:\/\/audibax.com\/fr\/#\/schema\/logo\/image\/\",\"url\":\"https:\/\/audibax.com\/wp-content\/uploads\/2023\/09\/logo-Audibax-BLANCO-SVG-1.svg\",\"contentUrl\":\"https:\/\/audibax.com\/wp-content\/uploads\/2023\/09\/logo-Audibax-BLANCO-SVG-1.svg\",\"caption\":\"Audibax\"},\"image\":{\"@id\":\"https:\/\/audibax.com\/fr\/#\/schema\/logo\/image\/\"}}]}<\/script>\n<!-- \/ Yoast SEO plugin. -->","yoast_head_json":{"title":"DT10 Black - Audibax","robots":{"index":"index","follow":"follow","max-snippet":"max-snippet:-1","max-image-preview":"max-image-preview:large","max-video-preview":"max-video-preview:-1"},"canonical":"https:\/\/audibax.com\/fr\/produit\/dt10-black-2\/","og_locale":"fr_FR","og_type":"article","og_title":"DT10 Black - Audibax","og_description":"Si\u00e8ge de forme circulaire  Surface du si\u00e8ge en cuir synth\u00e9tique noir  Jambes \u00e0 double \u00e9trier  Jambes antid\u00e9rapantes  R\u00e9glable en hauteur par boulon perfor\u00e9  R\u00e9glage en hauteur par tube perfor\u00e9  R\u00e9glage en hauteur par boulon perfor\u00e9  R\u00e9glage en hauteur par tube perfor\u00e9.nbsp;  R\u00e9glage en hauteur par tube perfor\u00e9 avec boulon de blocage  Finition chrom\u00e9e","og_url":"https:\/\/audibax.com\/fr\/produit\/dt10-black-2\/","og_site_name":"Audibax","article_modified_time":"2025-05-30T08:22:44+00:00","og_image":[{"width":1000,"height":500,"url":"https:\/\/audibax.com\/wp-content\/uploads\/2023\/12\/audibax-dt10-sillin-bateria-comprar.jpg","type":"image\/jpeg"}],"twitter_card":"summary_large_image","twitter_misc":{"Dur\u00e9e de lecture estim\u00e9e":"1 minute"},"schema":{"@context":"https:\/\/schema.org","@graph":[{"@type":"WebPage","@id":"https:\/\/audibax.com\/fr\/produit\/dt10-black-2\/","url":"https:\/\/audibax.com\/fr\/produit\/dt10-black-2\/","name":"DT10 Black - Audibax","isPartOf":{"@id":"https:\/\/audibax.com\/fr\/#website"},"primaryImageOfPage":{"@id":"https:\/\/audibax.com\/fr\/produit\/dt10-black-2\/#primaryimage"},"image":{"@id":"https:\/\/audibax.com\/fr\/produit\/dt10-black-2\/#primaryimage"},"thumbnailUrl":"https:\/\/audibax.com\/wp-content\/uploads\/2023\/12\/audibax-dt10-sillin-bateria-comprar.jpg","datePublished":"2023-12-11T12:58:36+00:00","dateModified":"2025-05-30T08:22:44+00:00","breadcrumb":{"@id":"https:\/\/audibax.com\/fr\/produit\/dt10-black-2\/#breadcrumb"},"inLanguage":"fr-FR","potentialAction":[{"@type":"ReadAction","target":["https:\/\/audibax.com\/fr\/produit\/dt10-black-2\/"]}]},{"@type":"ImageObject","inLanguage":"fr-FR","@id":"https:\/\/audibax.com\/fr\/produit\/dt10-black-2\/#primaryimage","url":"https:\/\/audibax.com\/wp-content\/uploads\/2023\/12\/audibax-dt10-sillin-bateria-comprar.jpg","contentUrl":"https:\/\/audibax.com\/wp-content\/uploads\/2023\/12\/audibax-dt10-sillin-bateria-comprar.jpg","width":1000,"height":500},{"@type":"BreadcrumbList","@id":"https:\/\/audibax.com\/fr\/produit\/dt10-black-2\/#breadcrumb","itemListElement":[{"@type":"ListItem","position":1,"name":"Portada","item":"https:\/\/audibax.com\/fr\/"},{"@type":"ListItem","position":2,"name":"Produits","item":"https:\/\/audibax.com\/fr\/shop\/"},{"@type":"ListItem","position":3,"name":"DT10 Black"}]},{"@type":"WebSite","@id":"https:\/\/audibax.com\/fr\/#website","url":"https:\/\/audibax.com\/fr\/","name":"Audibax","description":"","publisher":{"@id":"https:\/\/audibax.com\/fr\/#organization"},"potentialAction":[{"@type":"SearchAction","target":{"@type":"EntryPoint","urlTemplate":"https:\/\/audibax.com\/fr\/?s={search_term_string}"},"query-input":{"@type":"PropertyValueSpecification","valueRequired":true,"valueName":"search_term_string"}}],"inLanguage":"fr-FR"},{"@type":"Organization","@id":"https:\/\/audibax.com\/fr\/#organization","name":"Audibax","url":"https:\/\/audibax.com\/fr\/","logo":{"@type":"ImageObject","inLanguage":"fr-FR","@id":"https:\/\/audibax.com\/fr\/#\/schema\/logo\/image\/","url":"https:\/\/audibax.com\/wp-content\/uploads\/2023\/09\/logo-Audibax-BLANCO-SVG-1.svg","contentUrl":"https:\/\/audibax.com\/wp-content\/uploads\/2023\/09\/logo-Audibax-BLANCO-SVG-1.svg","caption":"Audibax"},"image":{"@id":"https:\/\/audibax.com\/fr\/#\/schema\/logo\/image\/"}}]}},"_links":{"self":[{"href":"https:\/\/audibax.com\/fr\/wp-json\/wp\/v2\/product\/36943","targetHints":{"allow":["GET"]}}],"collection":[{"href":"https:\/\/audibax.com\/fr\/wp-json\/wp\/v2\/product"}],"about":[{"href":"https:\/\/audibax.com\/fr\/wp-json\/wp\/v2\/types\/product"}],"replies":[{"embeddable":true,"href":"https:\/\/audibax.com\/fr\/wp-json\/wp\/v2\/comments?post=36943"}],"wp:featuredmedia":[{"embeddable":true,"href":"https:\/\/audibax.com\/fr\/wp-json\/wp\/v2\/media\/17094"}],"wp:attachment":[{"href":"https:\/\/audibax.com\/fr\/wp-json\/wp\/v2\/media?parent=36943"}],"wp:term":[{"taxonomy":"product_cat","embeddable":true,"href":"https:\/\/audibax.com\/fr\/wp-json\/wp\/v2\/product_cat?post=36943"},{"taxonomy":"product_tag","embeddable":true,"href":"https:\/\/audibax.com\/fr\/wp-json\/wp\/v2\/product_tag?post=36943"}],"curies":[{"name":"wp","href":"https:\/\/api.w.org\/{rel}","templated":true}]}}