{"id":36937,"date":"2023-12-11T13:58:20","date_gmt":"2023-12-11T12:58:20","guid":{"rendered":"https:\/\/audibax.com\/product\/pro-event-dj-black-2\/"},"modified":"2026-04-23T10:52:07","modified_gmt":"2026-04-23T08:52:07","slug":"pro-event-dj-black-2","status":"publish","type":"product","link":"https:\/\/audibax.com\/fr\/produit\/pro-event-dj-black-2\/","title":{"rendered":"Pro Event Dj"},"content":{"rendered":"<p>Le stand <strong>DJ Audibax Pro Event<\/strong> est une cabine DJ pliable con\u00e7ue pour \u00eatre tr\u00e8s utile pour tous types de f\u00eates et d&rsquo;\u00e9v\u00e9nements. Il se distingue principalement par sa configuration et son assemblage rapides et faciles. Il offre une excellente stabilit\u00e9 gr\u00e2ce \u00e0 sa structure de support en fonte robuste.<\/p>\n<p>En plus du support, une housse en tissu est incluse pour envelopper la structure, lui donnant une apparence plus \u00e9l\u00e9gante et offrant un espace de travail priv\u00e9 pour le DJ, gardant l&rsquo;\u00e9quipement hors de la vue du public. Un grand sac de transport est \u00e9galement inclus, rendant le transport simple et pratique.<\/p>\n<p>&nbsp;<\/p>\n<h2 data-section-id=\"1qhk4i3\" data-start=\"756\" data-end=\"775\">Sp\u00e9cifications<\/h2>\n<ul>\n<li data-start=\"868\" data-end=\"951\">Couleur du support : Noir<\/li>\n<li data-start=\"868\" data-end=\"951\">Couleur du sac de transport : Noir<\/li>\n<li data-start=\"868\" data-end=\"951\">Couleur du tissu : Blanc<\/li>\n<\/ul>\n<p>&nbsp;<\/p>\n<h2 data-section-id=\"djg4ig\" data-start=\"958\" data-end=\"979\">Dimensions de la table<\/h2>\n<ul data-start=\"980\" data-end=\"1014\">\n<li data-section-id=\"wgnski\" data-start=\"980\" data-end=\"997\">Largeur : 109 cm<\/li>\n<li data-section-id=\"wgnski\" data-start=\"980\" data-end=\"997\">Profondeur : 48 cm<\/li>\n<\/ul>\n<p>&nbsp;<\/p>\n<h2 data-section-id=\"cdh8ve\" data-start=\"1021\" data-end=\"1042\">Dimensions du stand<\/h2>\n<ul data-start=\"1043\" data-end=\"1200\">\n<li data-section-id=\"yvvufi\" data-start=\"1043\" data-end=\"1060\">Largeur : 114 cm<\/li>\n<li data-section-id=\"yvvufi\" data-start=\"1043\" data-end=\"1060\">Profondeur : 58,5 cm<\/li>\n<li data-section-id=\"yvvufi\" data-start=\"1043\" data-end=\"1060\">Hauteur totale : 120 cm<\/li>\n<li data-section-id=\"yvvufi\" data-start=\"1043\" data-end=\"1060\">Hauteur du sol au plateau : 88 cm<\/li>\n<li data-section-id=\"yvvufi\" data-start=\"1043\" data-end=\"1060\">Hauteur de la surface de la table au couvercle sup\u00e9rieur : 32 cm<\/li>\n<li data-section-id=\"yvvufi\" data-start=\"1043\" data-end=\"1060\">Poids : 14 kg<\/li>\n<\/ul>\n<p>&nbsp;<\/p>\n<h2 data-section-id=\"9pefvd\" data-start=\"1207\" data-end=\"1235\">Dimensions du sac de transport<\/h2>\n<ul data-start=\"1236\" data-end=\"1286\" data-is-last-node=\"\" data-is-only-node=\"\">\n<li data-section-id=\"tq53ym\" data-start=\"1236\" data-end=\"1253\">Hauteur : 58 cm<\/li>\n<li data-section-id=\"tq53ym\" data-start=\"1236\" data-end=\"1253\">Largeur : 124 cm<\/li>\n<li data-section-id=\"tq53ym\" data-start=\"1236\" data-end=\"1253\">Profondeur : 14 cm<\/li>\n<\/ul>\n","protected":false},"excerpt":{"rendered":"<ul>\n<li><span class=\"css-djx60a\" data-sentence=\"ecfacbb7b0bb75e6_0_0\"><span class=\"css-mfvr97\" aria-expanded=\"false\">Application<\/span>\u00a0<span class=\"css-mfvr97\" aria-expanded=\"false\">du<\/span>\u00a0<strong><span class=\"css-mfvr97\" aria-expanded=\"false\">support<\/span>\u00a0<\/strong><span class=\"css-mfvr97\" aria-expanded=\"false\">:<\/span>\u00a0<span class=\"css-mfvr97\" aria-expanded=\"false\">Sol<\/span><span class=\"css-mfvr97\" aria-expanded=\"false\"><br \/>\n<\/span><\/span><\/li>\n<li><span class=\"css-djx60a\" data-sentence=\"ecfacbb7b0bb75e6_0_0\"><strong><span class=\"css-mfvr97\" aria-expanded=\"false\">Charge<\/span><\/strong>\u00a0<span class=\"css-mfvr97\" aria-expanded=\"false\">maximale<\/span>\u00a0<span class=\"css-mfvr97\" aria-expanded=\"false\">(Kg)<\/span>\u00a0<span class=\"css-mfvr97\" aria-expanded=\"false\">:<\/span>\u00a0<span class=\"css-mfvr97\" aria-expanded=\"false\">100<\/span><span class=\"css-mfvr97\" aria-expanded=\"false\"><br \/>\n<\/span><\/span><\/li>\n<li><span class=\"css-djx60a\" data-sentence=\"ecfacbb7b0bb75e6_0_1\"><strong><span class=\"css-mfvr97\" aria-expanded=\"false\">Largeur<\/span><\/strong>\u00a0<span class=\"css-mfvr97\" aria-expanded=\"false\">:<\/span>\u00a0<span class=\"css-mfvr97\" aria-expanded=\"false\">114<\/span>\u00a0<span class=\"css-mfvr97\" aria-expanded=\"false\">cm<\/span><span class=\"css-mfvr97\" aria-expanded=\"false\"><br \/>\n<\/span><\/span><\/li>\n<li><span class=\"css-djx60a\" data-sentence=\"ecfacbb7b0bb75e6_0_2\"><strong><span class=\"css-mfvr97\" aria-expanded=\"false\">Profondeur<\/span>\u00a0<\/strong><span class=\"css-mfvr97\" aria-expanded=\"false\">:<\/span>\u00a0<span class=\"css-mfvr97\" aria-expanded=\"false\">58,5<\/span>\u00a0<span class=\"css-mfvr97\" aria-expanded=\"false\">cm<\/span><\/span><\/li>\n<\/ul>\n<p>&nbsp;<\/p>\n<p>&nbsp;<\/p>\n","protected":false},"featured_media":17586,"comment_status":"open","ping_status":"closed","template":"","meta":{"_acf_changed":false},"product_cat":[429],"product_tag":[],"class_list":{"0":"post-36937","1":"product","2":"type-product","3":"status-publish","4":"has-post-thumbnail","6":"product_cat-supports-pour-dj","8":"first","9":"instock","10":"shipping-taxable","11":"product-type-simple"},"acf":[],"yoast_head":"<!-- This site is optimized with the Yoast SEO plugin v27.0 - https:\/\/yoast.com\/product\/yoast-seo-wordpress\/ -->\n<title>Pro Event Dj - Audibax<\/title>\n<meta name=\"robots\" content=\"index, follow, max-snippet:-1, max-image-preview:large, max-video-preview:-1\" \/>\n<link rel=\"canonical\" href=\"https:\/\/audibax.com\/fr\/produit\/pro-event-dj-black-2\/\" \/>\n<meta property=\"og:locale\" content=\"fr_FR\" \/>\n<meta property=\"og:type\" content=\"article\" \/>\n<meta property=\"og:title\" content=\"Pro Event Dj - Audibax\" \/>\n<meta property=\"og:description\" content=\"Application\u00a0du\u00a0support\u00a0:\u00a0Sol   Charge\u00a0maximale\u00a0(Kg)\u00a0:\u00a0100   Largeur\u00a0:\u00a0114\u00a0cm   Profondeur\u00a0:\u00a058,5\u00a0cm  &nbsp;  &nbsp;\" \/>\n<meta property=\"og:url\" content=\"https:\/\/audibax.com\/fr\/produit\/pro-event-dj-black-2\/\" \/>\n<meta property=\"og:site_name\" content=\"Audibax\" \/>\n<meta property=\"article:modified_time\" content=\"2026-04-23T08:52:07+00:00\" \/>\n<meta property=\"og:image\" content=\"https:\/\/audibax.com\/wp-content\/uploads\/2023\/12\/audibax-pro-event-dj.jpg\" \/>\n\t<meta property=\"og:image:width\" content=\"1000\" \/>\n\t<meta property=\"og:image:height\" content=\"500\" \/>\n\t<meta property=\"og:image:type\" content=\"image\/jpeg\" \/>\n<meta name=\"twitter:card\" content=\"summary_large_image\" \/>\n<meta name=\"twitter:label1\" content=\"Dur\u00e9e de lecture estim\u00e9e\" \/>\n\t<meta name=\"twitter:data1\" content=\"1 minute\" \/>\n<script type=\"application\/ld+json\" class=\"yoast-schema-graph\">{\"@context\":\"https:\/\/schema.org\",\"@graph\":[{\"@type\":\"WebPage\",\"@id\":\"https:\/\/audibax.com\/fr\/produit\/pro-event-dj-black-2\/\",\"url\":\"https:\/\/audibax.com\/fr\/produit\/pro-event-dj-black-2\/\",\"name\":\"Pro Event Dj - Audibax\",\"isPartOf\":{\"@id\":\"https:\/\/audibax.com\/fr\/#website\"},\"primaryImageOfPage\":{\"@id\":\"https:\/\/audibax.com\/fr\/produit\/pro-event-dj-black-2\/#primaryimage\"},\"image\":{\"@id\":\"https:\/\/audibax.com\/fr\/produit\/pro-event-dj-black-2\/#primaryimage\"},\"thumbnailUrl\":\"https:\/\/audibax.com\/wp-content\/uploads\/2023\/12\/audibax-pro-event-dj.jpg\",\"datePublished\":\"2023-12-11T12:58:20+00:00\",\"dateModified\":\"2026-04-23T08:52:07+00:00\",\"breadcrumb\":{\"@id\":\"https:\/\/audibax.com\/fr\/produit\/pro-event-dj-black-2\/#breadcrumb\"},\"inLanguage\":\"fr-FR\",\"potentialAction\":[{\"@type\":\"ReadAction\",\"target\":[\"https:\/\/audibax.com\/fr\/produit\/pro-event-dj-black-2\/\"]}]},{\"@type\":\"ImageObject\",\"inLanguage\":\"fr-FR\",\"@id\":\"https:\/\/audibax.com\/fr\/produit\/pro-event-dj-black-2\/#primaryimage\",\"url\":\"https:\/\/audibax.com\/wp-content\/uploads\/2023\/12\/audibax-pro-event-dj.jpg\",\"contentUrl\":\"https:\/\/audibax.com\/wp-content\/uploads\/2023\/12\/audibax-pro-event-dj.jpg\",\"width\":1000,\"height\":500},{\"@type\":\"BreadcrumbList\",\"@id\":\"https:\/\/audibax.com\/fr\/produit\/pro-event-dj-black-2\/#breadcrumb\",\"itemListElement\":[{\"@type\":\"ListItem\",\"position\":1,\"name\":\"Portada\",\"item\":\"https:\/\/audibax.com\/fr\/\"},{\"@type\":\"ListItem\",\"position\":2,\"name\":\"Produits\",\"item\":\"https:\/\/audibax.com\/fr\/shop\/\"},{\"@type\":\"ListItem\",\"position\":3,\"name\":\"Pro Event Dj\"}]},{\"@type\":\"WebSite\",\"@id\":\"https:\/\/audibax.com\/fr\/#website\",\"url\":\"https:\/\/audibax.com\/fr\/\",\"name\":\"Audibax\",\"description\":\"\",\"publisher\":{\"@id\":\"https:\/\/audibax.com\/fr\/#organization\"},\"potentialAction\":[{\"@type\":\"SearchAction\",\"target\":{\"@type\":\"EntryPoint\",\"urlTemplate\":\"https:\/\/audibax.com\/fr\/?s={search_term_string}\"},\"query-input\":{\"@type\":\"PropertyValueSpecification\",\"valueRequired\":true,\"valueName\":\"search_term_string\"}}],\"inLanguage\":\"fr-FR\"},{\"@type\":\"Organization\",\"@id\":\"https:\/\/audibax.com\/fr\/#organization\",\"name\":\"Audibax\",\"url\":\"https:\/\/audibax.com\/fr\/\",\"logo\":{\"@type\":\"ImageObject\",\"inLanguage\":\"fr-FR\",\"@id\":\"https:\/\/audibax.com\/fr\/#\/schema\/logo\/image\/\",\"url\":\"https:\/\/audibax.com\/wp-content\/uploads\/2023\/09\/logo-Audibax-BLANCO-SVG-1.svg\",\"contentUrl\":\"https:\/\/audibax.com\/wp-content\/uploads\/2023\/09\/logo-Audibax-BLANCO-SVG-1.svg\",\"caption\":\"Audibax\"},\"image\":{\"@id\":\"https:\/\/audibax.com\/fr\/#\/schema\/logo\/image\/\"}}]}<\/script>\n<!-- \/ Yoast SEO plugin. -->","yoast_head_json":{"title":"Pro Event Dj - Audibax","robots":{"index":"index","follow":"follow","max-snippet":"max-snippet:-1","max-image-preview":"max-image-preview:large","max-video-preview":"max-video-preview:-1"},"canonical":"https:\/\/audibax.com\/fr\/produit\/pro-event-dj-black-2\/","og_locale":"fr_FR","og_type":"article","og_title":"Pro Event Dj - Audibax","og_description":"Application\u00a0du\u00a0support\u00a0:\u00a0Sol   Charge\u00a0maximale\u00a0(Kg)\u00a0:\u00a0100   Largeur\u00a0:\u00a0114\u00a0cm   Profondeur\u00a0:\u00a058,5\u00a0cm  &nbsp;  &nbsp;","og_url":"https:\/\/audibax.com\/fr\/produit\/pro-event-dj-black-2\/","og_site_name":"Audibax","article_modified_time":"2026-04-23T08:52:07+00:00","og_image":[{"width":1000,"height":500,"url":"https:\/\/audibax.com\/wp-content\/uploads\/2023\/12\/audibax-pro-event-dj.jpg","type":"image\/jpeg"}],"twitter_card":"summary_large_image","twitter_misc":{"Dur\u00e9e de lecture estim\u00e9e":"1 minute"},"schema":{"@context":"https:\/\/schema.org","@graph":[{"@type":"WebPage","@id":"https:\/\/audibax.com\/fr\/produit\/pro-event-dj-black-2\/","url":"https:\/\/audibax.com\/fr\/produit\/pro-event-dj-black-2\/","name":"Pro Event Dj - Audibax","isPartOf":{"@id":"https:\/\/audibax.com\/fr\/#website"},"primaryImageOfPage":{"@id":"https:\/\/audibax.com\/fr\/produit\/pro-event-dj-black-2\/#primaryimage"},"image":{"@id":"https:\/\/audibax.com\/fr\/produit\/pro-event-dj-black-2\/#primaryimage"},"thumbnailUrl":"https:\/\/audibax.com\/wp-content\/uploads\/2023\/12\/audibax-pro-event-dj.jpg","datePublished":"2023-12-11T12:58:20+00:00","dateModified":"2026-04-23T08:52:07+00:00","breadcrumb":{"@id":"https:\/\/audibax.com\/fr\/produit\/pro-event-dj-black-2\/#breadcrumb"},"inLanguage":"fr-FR","potentialAction":[{"@type":"ReadAction","target":["https:\/\/audibax.com\/fr\/produit\/pro-event-dj-black-2\/"]}]},{"@type":"ImageObject","inLanguage":"fr-FR","@id":"https:\/\/audibax.com\/fr\/produit\/pro-event-dj-black-2\/#primaryimage","url":"https:\/\/audibax.com\/wp-content\/uploads\/2023\/12\/audibax-pro-event-dj.jpg","contentUrl":"https:\/\/audibax.com\/wp-content\/uploads\/2023\/12\/audibax-pro-event-dj.jpg","width":1000,"height":500},{"@type":"BreadcrumbList","@id":"https:\/\/audibax.com\/fr\/produit\/pro-event-dj-black-2\/#breadcrumb","itemListElement":[{"@type":"ListItem","position":1,"name":"Portada","item":"https:\/\/audibax.com\/fr\/"},{"@type":"ListItem","position":2,"name":"Produits","item":"https:\/\/audibax.com\/fr\/shop\/"},{"@type":"ListItem","position":3,"name":"Pro Event Dj"}]},{"@type":"WebSite","@id":"https:\/\/audibax.com\/fr\/#website","url":"https:\/\/audibax.com\/fr\/","name":"Audibax","description":"","publisher":{"@id":"https:\/\/audibax.com\/fr\/#organization"},"potentialAction":[{"@type":"SearchAction","target":{"@type":"EntryPoint","urlTemplate":"https:\/\/audibax.com\/fr\/?s={search_term_string}"},"query-input":{"@type":"PropertyValueSpecification","valueRequired":true,"valueName":"search_term_string"}}],"inLanguage":"fr-FR"},{"@type":"Organization","@id":"https:\/\/audibax.com\/fr\/#organization","name":"Audibax","url":"https:\/\/audibax.com\/fr\/","logo":{"@type":"ImageObject","inLanguage":"fr-FR","@id":"https:\/\/audibax.com\/fr\/#\/schema\/logo\/image\/","url":"https:\/\/audibax.com\/wp-content\/uploads\/2023\/09\/logo-Audibax-BLANCO-SVG-1.svg","contentUrl":"https:\/\/audibax.com\/wp-content\/uploads\/2023\/09\/logo-Audibax-BLANCO-SVG-1.svg","caption":"Audibax"},"image":{"@id":"https:\/\/audibax.com\/fr\/#\/schema\/logo\/image\/"}}]}},"_links":{"self":[{"href":"https:\/\/audibax.com\/fr\/wp-json\/wp\/v2\/product\/36937","targetHints":{"allow":["GET"]}}],"collection":[{"href":"https:\/\/audibax.com\/fr\/wp-json\/wp\/v2\/product"}],"about":[{"href":"https:\/\/audibax.com\/fr\/wp-json\/wp\/v2\/types\/product"}],"replies":[{"embeddable":true,"href":"https:\/\/audibax.com\/fr\/wp-json\/wp\/v2\/comments?post=36937"}],"wp:featuredmedia":[{"embeddable":true,"href":"https:\/\/audibax.com\/fr\/wp-json\/wp\/v2\/media\/17586"}],"wp:attachment":[{"href":"https:\/\/audibax.com\/fr\/wp-json\/wp\/v2\/media?parent=36937"}],"wp:term":[{"taxonomy":"product_cat","embeddable":true,"href":"https:\/\/audibax.com\/fr\/wp-json\/wp\/v2\/product_cat?post=36937"},{"taxonomy":"product_tag","embeddable":true,"href":"https:\/\/audibax.com\/fr\/wp-json\/wp\/v2\/product_tag?post=36937"}],"curies":[{"name":"wp","href":"https:\/\/api.w.org\/{rel}","templated":true}]}}