{"id":36935,"date":"2023-12-11T13:58:13","date_gmt":"2023-12-11T12:58:13","guid":{"rendered":"https:\/\/audibax.com\/product\/stm15-black-2\/"},"modified":"2023-12-27T12:02:16","modified_gmt":"2023-12-27T11:02:16","slug":"stm15-black-2","status":"publish","type":"product","link":"https:\/\/audibax.com\/fr\/produit\/stm15-black-2\/","title":{"rendered":"STM15 Black"},"content":{"rendered":"<\/p>\n<p><strong>Audibax Neo STM-15 Supports r\u00e9glables pour moniteurs\/enceintes de bureau (paire)<\/strong><\/p>\n<p><strong>Audibax Neo STM-15<\/strong> sont des supports pour moniteurs\/enceintes de bureau fabriqu\u00e9s \u00e0 partir d&rsquo;un mat\u00e9riau tr\u00e8s robuste. Ils peuvent \u00eatre r\u00e9gl\u00e9s \u00e0 la fois en hauteur et en angle, ce qui vous permet de d\u00e9finir la position optimale ou souhait\u00e9e des haut-parleurs.<\/p>\n<p>Ils sont dot\u00e9s d&rsquo;un capuchon en caoutchouc sur le dessus qui r\u00e9duit les vibrations pendant l&rsquo;\u00e9coute et assure \u00e9galement une meilleure stabilit\u00e9 de vos moniteurs.<\/p>\n<p>Gr\u00e2ce \u00e0 sa conception, vous pouvez \u00e9conomiser beaucoup d&rsquo;espace et vous pouvez profiter et sentir le son parfait.<\/p>\n<p>Le <strong>Audibax Neo STM-15<\/strong> est parfait pour les DJ, les producteurs ou les grands amateurs de musique !<\/p>\n<h3>Caract\u00e9ristiques techniques Audibax Neo STM-15 :<\/h3>\n<ul>\n<li>Pieds de table pour moniteurs\/enceintes<\/li>\n<li>R\u00e9glable en hauteur<\/li>\n<li>Capuchons en caoutchouc pour \u00e9viter tout glissement ind\u00e9sirable<\/li>\n<li>Dimensions :\n<ul>\n<li>Hauteur maximale : 296mm<\/li>\n<li>Hauteur maximale : 224mm<\/li>\n<li>Dimensions de la plaque sup\u00e9rieure de l&rsquo;enceinte : 225mm x 185mm<\/li>\n<li>\u00c9paisseur de la pince de serrage : 58mm<\/li>\n<\/ul>\n<\/li>\n<\/li>\n<li>Poids : 3,35 kgs<\/li>\n<li>Couleur : Noir<\/li>\n<li>Moniteurs d&rsquo;images non inclus<\/li>\n<\/ul>\n<p>Recommand\u00e9 pour les moniteurs de studio de :<\/p>\n<ul>\n<li>3 Inch<\/li>\n<li>4 Inch<\/li>\n<li>5 Inch<\/li>\n<li>6 Inch<\/li>\n<\/ul>\n<p>&nbsp;<\/p>\n<\/p>\n<p>Recommand\u00e9 pour les moniteurs de studio de.<\/p>\n","protected":false},"excerpt":{"rendered":"<ul>\n<li>Supports de table pour moniteurs\/enceintes<\/li>\n<li>Hauteur r\u00e9glable<\/li>\n<li>Capuchons en caoutchouc pour \u00e9viter tout glissement ind\u00e9sirable<\/li>\n<li>Couleur : Noir<\/li>\n<\/ul>\n","protected":false},"featured_media":17447,"comment_status":"open","ping_status":"closed","template":"","meta":{"_acf_changed":false},"product_cat":[447],"product_tag":[],"class_list":{"0":"post-36935","1":"product","2":"type-product","3":"status-publish","4":"has-post-thumbnail","6":"product_cat-supports-de-moniteurs-de-studio","8":"first","9":"instock","10":"shipping-taxable","11":"product-type-simple"},"acf":[],"yoast_head":"<!-- This site is optimized with the Yoast SEO plugin v27.0 - https:\/\/yoast.com\/product\/yoast-seo-wordpress\/ -->\n<title>STM15 Black - Audibax<\/title>\n<meta name=\"robots\" content=\"index, follow, max-snippet:-1, max-image-preview:large, max-video-preview:-1\" \/>\n<link rel=\"canonical\" href=\"https:\/\/audibax.com\/fr\/produit\/stm15-black-2\/\" \/>\n<meta property=\"og:locale\" content=\"fr_FR\" \/>\n<meta property=\"og:type\" content=\"article\" \/>\n<meta property=\"og:title\" content=\"STM15 Black - Audibax\" \/>\n<meta property=\"og:description\" content=\"Supports de table pour moniteurs\/enceintes Hauteur r\u00e9glable Capuchons en caoutchouc pour \u00e9viter tout glissement ind\u00e9sirable Couleur : Noir\" \/>\n<meta property=\"og:url\" content=\"https:\/\/audibax.com\/fr\/produit\/stm15-black-2\/\" \/>\n<meta property=\"og:site_name\" content=\"Audibax\" \/>\n<meta property=\"article:modified_time\" content=\"2023-12-27T11:02:16+00:00\" \/>\n<meta name=\"twitter:card\" content=\"summary_large_image\" \/>\n<meta name=\"twitter:label1\" content=\"Dur\u00e9e de lecture estim\u00e9e\" \/>\n\t<meta name=\"twitter:data1\" content=\"1 minute\" \/>\n<script type=\"application\/ld+json\" class=\"yoast-schema-graph\">{\"@context\":\"https:\/\/schema.org\",\"@graph\":[{\"@type\":\"WebPage\",\"@id\":\"https:\/\/audibax.com\/fr\/produit\/stm15-black-2\/\",\"url\":\"https:\/\/audibax.com\/fr\/produit\/stm15-black-2\/\",\"name\":\"STM15 Black - Audibax\",\"isPartOf\":{\"@id\":\"https:\/\/audibax.com\/fr\/#website\"},\"primaryImageOfPage\":{\"@id\":\"https:\/\/audibax.com\/fr\/produit\/stm15-black-2\/#primaryimage\"},\"image\":{\"@id\":\"https:\/\/audibax.com\/fr\/produit\/stm15-black-2\/#primaryimage\"},\"thumbnailUrl\":\"https:\/\/audibax.com\/wp-content\/uploads\/2023\/12\/audibax-NEO-STM-15_soportes_monitores_estudio_comprar.jpg\",\"datePublished\":\"2023-12-11T12:58:13+00:00\",\"dateModified\":\"2023-12-27T11:02:16+00:00\",\"breadcrumb\":{\"@id\":\"https:\/\/audibax.com\/fr\/produit\/stm15-black-2\/#breadcrumb\"},\"inLanguage\":\"fr-FR\",\"potentialAction\":[{\"@type\":\"ReadAction\",\"target\":[\"https:\/\/audibax.com\/fr\/produit\/stm15-black-2\/\"]}]},{\"@type\":\"ImageObject\",\"inLanguage\":\"fr-FR\",\"@id\":\"https:\/\/audibax.com\/fr\/produit\/stm15-black-2\/#primaryimage\",\"url\":\"https:\/\/audibax.com\/wp-content\/uploads\/2023\/12\/audibax-NEO-STM-15_soportes_monitores_estudio_comprar.jpg\",\"contentUrl\":\"https:\/\/audibax.com\/wp-content\/uploads\/2023\/12\/audibax-NEO-STM-15_soportes_monitores_estudio_comprar.jpg\",\"width\":1500,\"height\":1258},{\"@type\":\"BreadcrumbList\",\"@id\":\"https:\/\/audibax.com\/fr\/produit\/stm15-black-2\/#breadcrumb\",\"itemListElement\":[{\"@type\":\"ListItem\",\"position\":1,\"name\":\"Portada\",\"item\":\"https:\/\/audibax.com\/fr\/\"},{\"@type\":\"ListItem\",\"position\":2,\"name\":\"Produits\",\"item\":\"https:\/\/audibax.com\/fr\/shop\/\"},{\"@type\":\"ListItem\",\"position\":3,\"name\":\"STM15 Black\"}]},{\"@type\":\"WebSite\",\"@id\":\"https:\/\/audibax.com\/fr\/#website\",\"url\":\"https:\/\/audibax.com\/fr\/\",\"name\":\"Audibax\",\"description\":\"\",\"publisher\":{\"@id\":\"https:\/\/audibax.com\/fr\/#organization\"},\"potentialAction\":[{\"@type\":\"SearchAction\",\"target\":{\"@type\":\"EntryPoint\",\"urlTemplate\":\"https:\/\/audibax.com\/fr\/?s={search_term_string}\"},\"query-input\":{\"@type\":\"PropertyValueSpecification\",\"valueRequired\":true,\"valueName\":\"search_term_string\"}}],\"inLanguage\":\"fr-FR\"},{\"@type\":\"Organization\",\"@id\":\"https:\/\/audibax.com\/fr\/#organization\",\"name\":\"Audibax\",\"url\":\"https:\/\/audibax.com\/fr\/\",\"logo\":{\"@type\":\"ImageObject\",\"inLanguage\":\"fr-FR\",\"@id\":\"https:\/\/audibax.com\/fr\/#\/schema\/logo\/image\/\",\"url\":\"https:\/\/audibax.com\/wp-content\/uploads\/2023\/09\/logo-Audibax-BLANCO-SVG-1.svg\",\"contentUrl\":\"https:\/\/audibax.com\/wp-content\/uploads\/2023\/09\/logo-Audibax-BLANCO-SVG-1.svg\",\"caption\":\"Audibax\"},\"image\":{\"@id\":\"https:\/\/audibax.com\/fr\/#\/schema\/logo\/image\/\"}}]}<\/script>\n<!-- \/ Yoast SEO plugin. -->","yoast_head_json":{"title":"STM15 Black - Audibax","robots":{"index":"index","follow":"follow","max-snippet":"max-snippet:-1","max-image-preview":"max-image-preview:large","max-video-preview":"max-video-preview:-1"},"canonical":"https:\/\/audibax.com\/fr\/produit\/stm15-black-2\/","og_locale":"fr_FR","og_type":"article","og_title":"STM15 Black - Audibax","og_description":"Supports de table pour moniteurs\/enceintes Hauteur r\u00e9glable Capuchons en caoutchouc pour \u00e9viter tout glissement ind\u00e9sirable Couleur : Noir","og_url":"https:\/\/audibax.com\/fr\/produit\/stm15-black-2\/","og_site_name":"Audibax","article_modified_time":"2023-12-27T11:02:16+00:00","twitter_card":"summary_large_image","twitter_misc":{"Dur\u00e9e de lecture estim\u00e9e":"1 minute"},"schema":{"@context":"https:\/\/schema.org","@graph":[{"@type":"WebPage","@id":"https:\/\/audibax.com\/fr\/produit\/stm15-black-2\/","url":"https:\/\/audibax.com\/fr\/produit\/stm15-black-2\/","name":"STM15 Black - Audibax","isPartOf":{"@id":"https:\/\/audibax.com\/fr\/#website"},"primaryImageOfPage":{"@id":"https:\/\/audibax.com\/fr\/produit\/stm15-black-2\/#primaryimage"},"image":{"@id":"https:\/\/audibax.com\/fr\/produit\/stm15-black-2\/#primaryimage"},"thumbnailUrl":"https:\/\/audibax.com\/wp-content\/uploads\/2023\/12\/audibax-NEO-STM-15_soportes_monitores_estudio_comprar.jpg","datePublished":"2023-12-11T12:58:13+00:00","dateModified":"2023-12-27T11:02:16+00:00","breadcrumb":{"@id":"https:\/\/audibax.com\/fr\/produit\/stm15-black-2\/#breadcrumb"},"inLanguage":"fr-FR","potentialAction":[{"@type":"ReadAction","target":["https:\/\/audibax.com\/fr\/produit\/stm15-black-2\/"]}]},{"@type":"ImageObject","inLanguage":"fr-FR","@id":"https:\/\/audibax.com\/fr\/produit\/stm15-black-2\/#primaryimage","url":"https:\/\/audibax.com\/wp-content\/uploads\/2023\/12\/audibax-NEO-STM-15_soportes_monitores_estudio_comprar.jpg","contentUrl":"https:\/\/audibax.com\/wp-content\/uploads\/2023\/12\/audibax-NEO-STM-15_soportes_monitores_estudio_comprar.jpg","width":1500,"height":1258},{"@type":"BreadcrumbList","@id":"https:\/\/audibax.com\/fr\/produit\/stm15-black-2\/#breadcrumb","itemListElement":[{"@type":"ListItem","position":1,"name":"Portada","item":"https:\/\/audibax.com\/fr\/"},{"@type":"ListItem","position":2,"name":"Produits","item":"https:\/\/audibax.com\/fr\/shop\/"},{"@type":"ListItem","position":3,"name":"STM15 Black"}]},{"@type":"WebSite","@id":"https:\/\/audibax.com\/fr\/#website","url":"https:\/\/audibax.com\/fr\/","name":"Audibax","description":"","publisher":{"@id":"https:\/\/audibax.com\/fr\/#organization"},"potentialAction":[{"@type":"SearchAction","target":{"@type":"EntryPoint","urlTemplate":"https:\/\/audibax.com\/fr\/?s={search_term_string}"},"query-input":{"@type":"PropertyValueSpecification","valueRequired":true,"valueName":"search_term_string"}}],"inLanguage":"fr-FR"},{"@type":"Organization","@id":"https:\/\/audibax.com\/fr\/#organization","name":"Audibax","url":"https:\/\/audibax.com\/fr\/","logo":{"@type":"ImageObject","inLanguage":"fr-FR","@id":"https:\/\/audibax.com\/fr\/#\/schema\/logo\/image\/","url":"https:\/\/audibax.com\/wp-content\/uploads\/2023\/09\/logo-Audibax-BLANCO-SVG-1.svg","contentUrl":"https:\/\/audibax.com\/wp-content\/uploads\/2023\/09\/logo-Audibax-BLANCO-SVG-1.svg","caption":"Audibax"},"image":{"@id":"https:\/\/audibax.com\/fr\/#\/schema\/logo\/image\/"}}]}},"_links":{"self":[{"href":"https:\/\/audibax.com\/fr\/wp-json\/wp\/v2\/product\/36935","targetHints":{"allow":["GET"]}}],"collection":[{"href":"https:\/\/audibax.com\/fr\/wp-json\/wp\/v2\/product"}],"about":[{"href":"https:\/\/audibax.com\/fr\/wp-json\/wp\/v2\/types\/product"}],"replies":[{"embeddable":true,"href":"https:\/\/audibax.com\/fr\/wp-json\/wp\/v2\/comments?post=36935"}],"wp:featuredmedia":[{"embeddable":true,"href":"https:\/\/audibax.com\/fr\/wp-json\/wp\/v2\/media\/17447"}],"wp:attachment":[{"href":"https:\/\/audibax.com\/fr\/wp-json\/wp\/v2\/media?parent=36935"}],"wp:term":[{"taxonomy":"product_cat","embeddable":true,"href":"https:\/\/audibax.com\/fr\/wp-json\/wp\/v2\/product_cat?post=36935"},{"taxonomy":"product_tag","embeddable":true,"href":"https:\/\/audibax.com\/fr\/wp-json\/wp\/v2\/product_tag?post=36935"}],"curies":[{"name":"wp","href":"https:\/\/api.w.org\/{rel}","templated":true}]}}