{"id":36934,"date":"2023-12-27T12:02:15","date_gmt":"2023-12-27T11:02:15","guid":{"rendered":"https:\/\/audibax.com\/product\/stm40-silver-2\/"},"modified":"2023-12-27T12:02:15","modified_gmt":"2023-12-27T11:02:15","slug":"stm40-silver-2","status":"publish","type":"product","link":"https:\/\/audibax.com\/fr\/produit\/stm40-silver-2\/","title":{"rendered":"STM40 Silver"},"content":{"rendered":"<\/p>\n<p><strong>Audibax Neo STM-40 Silver Studio Monitor and Speaker Table Stands (Pair)<\/strong><\/p>\n<p>Si votre vie tourne autour du studio, il n&rsquo;y a rien de mieux que d&rsquo;avoir une installation parfaite. Les Audibax Neo STM-40 Silver sont les supports de moniteurs dont vous avez besoin pour tirer le meilleur parti de vos moniteurs, obtenir le son le plus propre possible et obtenir l&rsquo;aspect le plus professionnel.<\/p>\n<h3>Le design parfait<\/h3>\n<p>Ces supports vous permettront de placer vos moniteurs \u00e0 la fois verticalement et horizontalement et leur design lin\u00e9aire vous aidera \u00e0 garder votre bureau bien rang\u00e9 et \u00e0 \u00e9conomiser de l&rsquo;espace.<br \/>Ils ont une l\u00e9g\u00e8re inclinaison qui permet au son sortant des moniteurs d&rsquo;\u00eatre projet\u00e9 directement vers vos oreilles, afin que vous puissiez vivre une exp\u00e9rience de monitoring parfaite.<\/p>\n<p>Les supports Audibax Neo STM-40 Silver sont fabriqu\u00e9s en m\u00e9tal, ce qui les rend totalement r\u00e9sistants et stables pour garantir la s\u00e9curit\u00e9 de vos moniteurs. Ils comprennent \u00e9galement des coussinets en mousse pour \u00e9viter les \u00e9ventuelles vibrations et les glissements ind\u00e9sirables.<\/p>\n<h3>Pas de souci<\/h3>\n<p>Les Audibax Neo STM-40 Silver ne n\u00e9cessitent aucun montage, vous pouvez donc en profiter d\u00e8s le premier instant et sans aucun souci.<\/p>\n<p>Ces supports sont recommand\u00e9s pour les tailles de moniteur suivantes :<\/p>\n<ul>\n<li>Moniteurs de 5 pouces<\/li>\n<li>Moniteurs de 6 pouces<\/li>\n<li>Moniteurs de 8 pouces<\/li>\n<\/ul>\n<h3>Sp\u00e9cifications du Neo STM-40 Silver d&rsquo;Audibax :<\/h3>\n<ul>\n<li>Finition : Argent<\/li>\n<li>Mati\u00e8re : M\u00e9tal<\/li>\n<li>Largeur : 20cm<\/li>\n<li>Hauteur : 21,5cm<\/li>\n<li>Profondeur de la base inf\u00e9rieure : 23cm<\/li>\n<li>Profondeur de la base sup\u00e9rieure : 18,3cm<\/li>\n<li>Poids : 3,66kg approx.<\/li>\n<li>Poids maximum recommand\u00e9 : 8,5kg<\/li>\n<li>Inclut des coussins en mousse antid\u00e9rapants<\/li>\n<li>Fourni par paire<\/li>\n<\/ul>\n<li>Fourni par paire<\/li>\n<\/ul>\n<li>Fourni par paire<\/li>\n<\/ul>\n<li>Fourni par paire<\/li>\n<\/ul>\n<li>Fourni par paire<\/li>\n<\/ul>\n<li>Fourni par paire.<br \/>\n","protected":false},"excerpt":{"rendered":"<ul>\n<li>Finition : Argent<\/li>\n<li>Mati\u00e8re : M\u00e9tal<\/li>\n<li>Largeur : 20cm<\/li>\n<li>Hauteur : 21.5cm<\/li>\n<li>Livr\u00e9 par paire<\/li>\n<\/ul>\n","protected":false},"featured_media":17846,"comment_status":"open","ping_status":"closed","template":"","meta":{"_acf_changed":false},"product_cat":[447,243],"product_tag":[],"class_list":{"0":"post-36934","1":"product","2":"type-product","3":"status-publish","4":"has-post-thumbnail","6":"product_cat-supports-de-moniteurs-de-studio","7":"product_cat-uncategorized","9":"first","10":"instock","11":"shipping-taxable","12":"product-type-simple"},"acf":[],"yoast_head":"<!-- This site is optimized with the Yoast SEO plugin v27.0 - https:\/\/yoast.com\/product\/yoast-seo-wordpress\/ -->\n<title>STM40 Silver - Audibax<\/title>\n<meta name=\"robots\" content=\"index, follow, max-snippet:-1, max-image-preview:large, max-video-preview:-1\" \/>\n<link rel=\"canonical\" href=\"https:\/\/audibax.com\/fr\/produit\/stm40-silver-2\/\" \/>\n<meta property=\"og:locale\" content=\"fr_FR\" \/>\n<meta property=\"og:type\" content=\"article\" \/>\n<meta property=\"og:title\" content=\"STM40 Silver - Audibax\" \/>\n<meta property=\"og:description\" content=\"Finition : Argent Mati\u00e8re : M\u00e9tal Largeur : 20cm Hauteur : 21.5cm Livr\u00e9 par paire\" \/>\n<meta property=\"og:url\" content=\"https:\/\/audibax.com\/fr\/produit\/stm40-silver-2\/\" \/>\n<meta property=\"og:site_name\" content=\"Audibax\" \/>\n<meta name=\"twitter:card\" content=\"summary_large_image\" \/>\n<meta name=\"twitter:label1\" content=\"Dur\u00e9e de lecture estim\u00e9e\" \/>\n\t<meta name=\"twitter:data1\" content=\"1 minute\" \/>\n<script type=\"application\/ld+json\" class=\"yoast-schema-graph\">{\"@context\":\"https:\/\/schema.org\",\"@graph\":[{\"@type\":\"WebPage\",\"@id\":\"https:\/\/audibax.com\/fr\/produit\/stm40-silver-2\/\",\"url\":\"https:\/\/audibax.com\/fr\/produit\/stm40-silver-2\/\",\"name\":\"STM40 Silver - Audibax\",\"isPartOf\":{\"@id\":\"https:\/\/audibax.com\/fr\/#website\"},\"primaryImageOfPage\":{\"@id\":\"https:\/\/audibax.com\/fr\/produit\/stm40-silver-2\/#primaryimage\"},\"image\":{\"@id\":\"https:\/\/audibax.com\/fr\/produit\/stm40-silver-2\/#primaryimage\"},\"thumbnailUrl\":\"https:\/\/audibax.com\/wp-content\/uploads\/2023\/12\/audibax-STM-40-silver-soporte-monitor-estudio-oferta.jpg\",\"datePublished\":\"2023-12-27T11:02:15+00:00\",\"breadcrumb\":{\"@id\":\"https:\/\/audibax.com\/fr\/produit\/stm40-silver-2\/#breadcrumb\"},\"inLanguage\":\"fr-FR\",\"potentialAction\":[{\"@type\":\"ReadAction\",\"target\":[\"https:\/\/audibax.com\/fr\/produit\/stm40-silver-2\/\"]}]},{\"@type\":\"ImageObject\",\"inLanguage\":\"fr-FR\",\"@id\":\"https:\/\/audibax.com\/fr\/produit\/stm40-silver-2\/#primaryimage\",\"url\":\"https:\/\/audibax.com\/wp-content\/uploads\/2023\/12\/audibax-STM-40-silver-soporte-monitor-estudio-oferta.jpg\",\"contentUrl\":\"https:\/\/audibax.com\/wp-content\/uploads\/2023\/12\/audibax-STM-40-silver-soporte-monitor-estudio-oferta.jpg\",\"width\":1500,\"height\":1125},{\"@type\":\"BreadcrumbList\",\"@id\":\"https:\/\/audibax.com\/fr\/produit\/stm40-silver-2\/#breadcrumb\",\"itemListElement\":[{\"@type\":\"ListItem\",\"position\":1,\"name\":\"Portada\",\"item\":\"https:\/\/audibax.com\/fr\/\"},{\"@type\":\"ListItem\",\"position\":2,\"name\":\"Produits\",\"item\":\"https:\/\/audibax.com\/fr\/shop\/\"},{\"@type\":\"ListItem\",\"position\":3,\"name\":\"STM40 Silver\"}]},{\"@type\":\"WebSite\",\"@id\":\"https:\/\/audibax.com\/fr\/#website\",\"url\":\"https:\/\/audibax.com\/fr\/\",\"name\":\"Audibax\",\"description\":\"\",\"publisher\":{\"@id\":\"https:\/\/audibax.com\/fr\/#organization\"},\"potentialAction\":[{\"@type\":\"SearchAction\",\"target\":{\"@type\":\"EntryPoint\",\"urlTemplate\":\"https:\/\/audibax.com\/fr\/?s={search_term_string}\"},\"query-input\":{\"@type\":\"PropertyValueSpecification\",\"valueRequired\":true,\"valueName\":\"search_term_string\"}}],\"inLanguage\":\"fr-FR\"},{\"@type\":\"Organization\",\"@id\":\"https:\/\/audibax.com\/fr\/#organization\",\"name\":\"Audibax\",\"url\":\"https:\/\/audibax.com\/fr\/\",\"logo\":{\"@type\":\"ImageObject\",\"inLanguage\":\"fr-FR\",\"@id\":\"https:\/\/audibax.com\/fr\/#\/schema\/logo\/image\/\",\"url\":\"https:\/\/audibax.com\/wp-content\/uploads\/2023\/09\/logo-Audibax-BLANCO-SVG-1.svg\",\"contentUrl\":\"https:\/\/audibax.com\/wp-content\/uploads\/2023\/09\/logo-Audibax-BLANCO-SVG-1.svg\",\"caption\":\"Audibax\"},\"image\":{\"@id\":\"https:\/\/audibax.com\/fr\/#\/schema\/logo\/image\/\"}}]}<\/script>\n<!-- \/ Yoast SEO plugin. -->","yoast_head_json":{"title":"STM40 Silver - Audibax","robots":{"index":"index","follow":"follow","max-snippet":"max-snippet:-1","max-image-preview":"max-image-preview:large","max-video-preview":"max-video-preview:-1"},"canonical":"https:\/\/audibax.com\/fr\/produit\/stm40-silver-2\/","og_locale":"fr_FR","og_type":"article","og_title":"STM40 Silver - Audibax","og_description":"Finition : Argent Mati\u00e8re : M\u00e9tal Largeur : 20cm Hauteur : 21.5cm Livr\u00e9 par paire","og_url":"https:\/\/audibax.com\/fr\/produit\/stm40-silver-2\/","og_site_name":"Audibax","twitter_card":"summary_large_image","twitter_misc":{"Dur\u00e9e de lecture estim\u00e9e":"1 minute"},"schema":{"@context":"https:\/\/schema.org","@graph":[{"@type":"WebPage","@id":"https:\/\/audibax.com\/fr\/produit\/stm40-silver-2\/","url":"https:\/\/audibax.com\/fr\/produit\/stm40-silver-2\/","name":"STM40 Silver - Audibax","isPartOf":{"@id":"https:\/\/audibax.com\/fr\/#website"},"primaryImageOfPage":{"@id":"https:\/\/audibax.com\/fr\/produit\/stm40-silver-2\/#primaryimage"},"image":{"@id":"https:\/\/audibax.com\/fr\/produit\/stm40-silver-2\/#primaryimage"},"thumbnailUrl":"https:\/\/audibax.com\/wp-content\/uploads\/2023\/12\/audibax-STM-40-silver-soporte-monitor-estudio-oferta.jpg","datePublished":"2023-12-27T11:02:15+00:00","breadcrumb":{"@id":"https:\/\/audibax.com\/fr\/produit\/stm40-silver-2\/#breadcrumb"},"inLanguage":"fr-FR","potentialAction":[{"@type":"ReadAction","target":["https:\/\/audibax.com\/fr\/produit\/stm40-silver-2\/"]}]},{"@type":"ImageObject","inLanguage":"fr-FR","@id":"https:\/\/audibax.com\/fr\/produit\/stm40-silver-2\/#primaryimage","url":"https:\/\/audibax.com\/wp-content\/uploads\/2023\/12\/audibax-STM-40-silver-soporte-monitor-estudio-oferta.jpg","contentUrl":"https:\/\/audibax.com\/wp-content\/uploads\/2023\/12\/audibax-STM-40-silver-soporte-monitor-estudio-oferta.jpg","width":1500,"height":1125},{"@type":"BreadcrumbList","@id":"https:\/\/audibax.com\/fr\/produit\/stm40-silver-2\/#breadcrumb","itemListElement":[{"@type":"ListItem","position":1,"name":"Portada","item":"https:\/\/audibax.com\/fr\/"},{"@type":"ListItem","position":2,"name":"Produits","item":"https:\/\/audibax.com\/fr\/shop\/"},{"@type":"ListItem","position":3,"name":"STM40 Silver"}]},{"@type":"WebSite","@id":"https:\/\/audibax.com\/fr\/#website","url":"https:\/\/audibax.com\/fr\/","name":"Audibax","description":"","publisher":{"@id":"https:\/\/audibax.com\/fr\/#organization"},"potentialAction":[{"@type":"SearchAction","target":{"@type":"EntryPoint","urlTemplate":"https:\/\/audibax.com\/fr\/?s={search_term_string}"},"query-input":{"@type":"PropertyValueSpecification","valueRequired":true,"valueName":"search_term_string"}}],"inLanguage":"fr-FR"},{"@type":"Organization","@id":"https:\/\/audibax.com\/fr\/#organization","name":"Audibax","url":"https:\/\/audibax.com\/fr\/","logo":{"@type":"ImageObject","inLanguage":"fr-FR","@id":"https:\/\/audibax.com\/fr\/#\/schema\/logo\/image\/","url":"https:\/\/audibax.com\/wp-content\/uploads\/2023\/09\/logo-Audibax-BLANCO-SVG-1.svg","contentUrl":"https:\/\/audibax.com\/wp-content\/uploads\/2023\/09\/logo-Audibax-BLANCO-SVG-1.svg","caption":"Audibax"},"image":{"@id":"https:\/\/audibax.com\/fr\/#\/schema\/logo\/image\/"}}]}},"_links":{"self":[{"href":"https:\/\/audibax.com\/fr\/wp-json\/wp\/v2\/product\/36934","targetHints":{"allow":["GET"]}}],"collection":[{"href":"https:\/\/audibax.com\/fr\/wp-json\/wp\/v2\/product"}],"about":[{"href":"https:\/\/audibax.com\/fr\/wp-json\/wp\/v2\/types\/product"}],"replies":[{"embeddable":true,"href":"https:\/\/audibax.com\/fr\/wp-json\/wp\/v2\/comments?post=36934"}],"wp:featuredmedia":[{"embeddable":true,"href":"https:\/\/audibax.com\/fr\/wp-json\/wp\/v2\/media\/17846"}],"wp:attachment":[{"href":"https:\/\/audibax.com\/fr\/wp-json\/wp\/v2\/media?parent=36934"}],"wp:term":[{"taxonomy":"product_cat","embeddable":true,"href":"https:\/\/audibax.com\/fr\/wp-json\/wp\/v2\/product_cat?post=36934"},{"taxonomy":"product_tag","embeddable":true,"href":"https:\/\/audibax.com\/fr\/wp-json\/wp\/v2\/product_tag?post=36934"}],"curies":[{"name":"wp","href":"https:\/\/api.w.org\/{rel}","templated":true}]}}