{"id":36933,"date":"2023-12-11T13:58:07","date_gmt":"2023-12-11T12:58:07","guid":{"rendered":"https:\/\/audibax.com\/product\/sm40-black-2\/"},"modified":"2023-12-27T12:02:12","modified_gmt":"2023-12-27T11:02:12","slug":"sm40-black-2","status":"publish","type":"product","link":"https:\/\/audibax.com\/fr\/produit\/sm40-black-2\/","title":{"rendered":"SM40 Black"},"content":{"rendered":"<\/p>\n<p><strong>Audibax NEO SM40 Pied de sol r\u00e9glable pour moniteur\/enceinte de studio (unit\u00e9)<\/strong><\/p>\n<p>Le <strong>Audibax NEO SM40<\/strong> est un pied pour moniteur\/enceinte de studio. Il est \u00e9quip\u00e9 d&rsquo;une base robuste en acier inoxydable qui assure une parfaite stabilit\u00e9. Gr\u00e2ce au mat\u00e9riau en caoutchouc qui forme les pieds du support, les vibrations sont r\u00e9duites et le support est efficacement isol\u00e9 du sol.<\/p>\n<p>La hauteur et l&rsquo;angle r\u00e9glables vous permettent d&rsquo;obtenir la position souhait\u00e9e des haut-parleurs, &iexcl;s obtenir un son parfait ! De plus, le capuchon en caoutchouc sur la plaque sup\u00e9rieure r\u00e9duit les vibrations pour une exp\u00e9rience d&rsquo;\u00e9coute optimale. Le <strong>Audibax SM40<\/strong> est fabriqu\u00e9 avec des mat\u00e9riaux de haute qualit\u00e9 et est con\u00e7u pour durer.<\/p>\n<h3>Caract\u00e9ristiques g\u00e9n\u00e9rales Audibax NEO SM40<\/h3>\n<ul>\n<li>Pied r\u00e9glable pour moniteur\/enceinte<\/li>\n<li>Hauteur r\u00e9glable : 6 niveaux de r\u00e9glage de la hauteur<\/li>\n<li>Angle r\u00e9glable : Tilt range from 10&deg; forward to 10&deg; backward<\/li>\n<li>\n<li>Addjustable angle: 10&deg; forward to 10&deg; backward<\/li>\n<li>Parfait pour les moniteurs de 3,4,5,6,7,7 et 8 pouces<\/li>\n<li>Couvercle en caoutchouc pour r\u00e9duire les vibrations<\/li>\n<li>Mat\u00e9riau : Acier<\/li>\n<li>Poids maximum support\u00e9 : 30kgs<\/li>\n<li>Couleur : Noir<\/li>\n<li>Dimensions :\n<ul>\n<li>Hauteur : 901mm &#8211; 1500mm<\/li>\n<li>Socle : 480mm x 430mm<\/li>\n<li>Plateforme moniteur : 332mm x 267mm<\/li>\n<\/ul>\n<\/li>\n<li>Poids : 7.44kgs<\/li>\n<\/ul>\n<\/ul>\n<\/ul>\n","protected":false},"excerpt":{"rendered":"<ul>\n<li>Support r\u00e9glable pour moniteur\/enceinte au sol<\/li>\n<li>Hauteur r\u00e9glable : 6 niveaux de r\u00e9glage de la hauteur<\/li>\n<li>Angle r\u00e9glable : Inclinaison de 10&#038;deg ; vers l&rsquo;avant \u00e0 10&#038;deg ; vers l&rsquo;arri\u00e8re<\/li>\n<li>Couverture en caoutchouc pour r\u00e9duire les vibrations<\/li>\n<\/ul>\n<li>Couverture en caoutchouc pour r\u00e9duire les vibrations<\/li>\n<\/ul>\n<li>Couverture en caoutchouc pour r\u00e9duire les vibrations<\/li>\n<\/ul>\n<li>Couverture en caoutchouc pour r\u00e9duire les vibrations<\/li>\n<\/ul>\n<p>Couverture en caoutchouc pour r\u00e9duire les vibrations.<\/p>\n","protected":false},"featured_media":17444,"comment_status":"open","ping_status":"closed","template":"","meta":{"_acf_changed":false},"product_cat":[447],"product_tag":[],"class_list":{"0":"post-36933","1":"product","2":"type-product","3":"status-publish","4":"has-post-thumbnail","6":"product_cat-supports-de-moniteurs-de-studio","8":"first","9":"instock","10":"shipping-taxable","11":"product-type-simple"},"acf":[],"yoast_head":"<!-- This site is optimized with the Yoast SEO plugin v27.0 - https:\/\/yoast.com\/product\/yoast-seo-wordpress\/ -->\n<title>SM40 Black - Audibax<\/title>\n<meta name=\"robots\" content=\"index, follow, max-snippet:-1, max-image-preview:large, max-video-preview:-1\" \/>\n<link rel=\"canonical\" href=\"https:\/\/audibax.com\/fr\/produit\/sm40-black-2\/\" \/>\n<meta property=\"og:locale\" content=\"fr_FR\" \/>\n<meta property=\"og:type\" content=\"article\" \/>\n<meta property=\"og:title\" content=\"SM40 Black - Audibax\" \/>\n<meta property=\"og:description\" content=\"Support r\u00e9glable pour moniteur\/enceinte au sol Hauteur r\u00e9glable : 6 niveaux de r\u00e9glage de la hauteur Angle r\u00e9glable : Inclinaison de 10&amp;deg ; vers l&#039;avant \u00e0 10&amp;deg ; vers l&#039;arri\u00e8re Couverture en caoutchouc pour r\u00e9duire les vibrations Couverture en caoutchouc pour r\u00e9duire les vibrations Couverture en caoutchouc pour r\u00e9duire les vibrations Couverture en caoutchouc pour r\u00e9duire les vibrations Couverture en caoutchouc pour r\u00e9duire les vibrations.\" \/>\n<meta property=\"og:url\" content=\"https:\/\/audibax.com\/fr\/produit\/sm40-black-2\/\" \/>\n<meta property=\"og:site_name\" content=\"Audibax\" \/>\n<meta property=\"article:modified_time\" content=\"2023-12-27T11:02:12+00:00\" \/>\n<meta name=\"twitter:card\" content=\"summary_large_image\" \/>\n<meta name=\"twitter:label1\" content=\"Dur\u00e9e de lecture estim\u00e9e\" \/>\n\t<meta name=\"twitter:data1\" content=\"1 minute\" \/>\n<script type=\"application\/ld+json\" class=\"yoast-schema-graph\">{\"@context\":\"https:\/\/schema.org\",\"@graph\":[{\"@type\":\"WebPage\",\"@id\":\"https:\/\/audibax.com\/fr\/produit\/sm40-black-2\/\",\"url\":\"https:\/\/audibax.com\/fr\/produit\/sm40-black-2\/\",\"name\":\"SM40 Black - Audibax\",\"isPartOf\":{\"@id\":\"https:\/\/audibax.com\/fr\/#website\"},\"primaryImageOfPage\":{\"@id\":\"https:\/\/audibax.com\/fr\/produit\/sm40-black-2\/#primaryimage\"},\"image\":{\"@id\":\"https:\/\/audibax.com\/fr\/produit\/sm40-black-2\/#primaryimage\"},\"thumbnailUrl\":\"https:\/\/audibax.com\/wp-content\/uploads\/2023\/12\/audibax-Neo-SM40.jpg\",\"datePublished\":\"2023-12-11T12:58:07+00:00\",\"dateModified\":\"2023-12-27T11:02:12+00:00\",\"breadcrumb\":{\"@id\":\"https:\/\/audibax.com\/fr\/produit\/sm40-black-2\/#breadcrumb\"},\"inLanguage\":\"fr-FR\",\"potentialAction\":[{\"@type\":\"ReadAction\",\"target\":[\"https:\/\/audibax.com\/fr\/produit\/sm40-black-2\/\"]}]},{\"@type\":\"ImageObject\",\"inLanguage\":\"fr-FR\",\"@id\":\"https:\/\/audibax.com\/fr\/produit\/sm40-black-2\/#primaryimage\",\"url\":\"https:\/\/audibax.com\/wp-content\/uploads\/2023\/12\/audibax-Neo-SM40.jpg\",\"contentUrl\":\"https:\/\/audibax.com\/wp-content\/uploads\/2023\/12\/audibax-Neo-SM40.jpg\",\"width\":761,\"height\":1500},{\"@type\":\"BreadcrumbList\",\"@id\":\"https:\/\/audibax.com\/fr\/produit\/sm40-black-2\/#breadcrumb\",\"itemListElement\":[{\"@type\":\"ListItem\",\"position\":1,\"name\":\"Portada\",\"item\":\"https:\/\/audibax.com\/fr\/\"},{\"@type\":\"ListItem\",\"position\":2,\"name\":\"Produits\",\"item\":\"https:\/\/audibax.com\/fr\/shop\/\"},{\"@type\":\"ListItem\",\"position\":3,\"name\":\"SM40 Black\"}]},{\"@type\":\"WebSite\",\"@id\":\"https:\/\/audibax.com\/fr\/#website\",\"url\":\"https:\/\/audibax.com\/fr\/\",\"name\":\"Audibax\",\"description\":\"\",\"publisher\":{\"@id\":\"https:\/\/audibax.com\/fr\/#organization\"},\"potentialAction\":[{\"@type\":\"SearchAction\",\"target\":{\"@type\":\"EntryPoint\",\"urlTemplate\":\"https:\/\/audibax.com\/fr\/?s={search_term_string}\"},\"query-input\":{\"@type\":\"PropertyValueSpecification\",\"valueRequired\":true,\"valueName\":\"search_term_string\"}}],\"inLanguage\":\"fr-FR\"},{\"@type\":\"Organization\",\"@id\":\"https:\/\/audibax.com\/fr\/#organization\",\"name\":\"Audibax\",\"url\":\"https:\/\/audibax.com\/fr\/\",\"logo\":{\"@type\":\"ImageObject\",\"inLanguage\":\"fr-FR\",\"@id\":\"https:\/\/audibax.com\/fr\/#\/schema\/logo\/image\/\",\"url\":\"https:\/\/audibax.com\/wp-content\/uploads\/2023\/09\/logo-Audibax-BLANCO-SVG-1.svg\",\"contentUrl\":\"https:\/\/audibax.com\/wp-content\/uploads\/2023\/09\/logo-Audibax-BLANCO-SVG-1.svg\",\"caption\":\"Audibax\"},\"image\":{\"@id\":\"https:\/\/audibax.com\/fr\/#\/schema\/logo\/image\/\"}}]}<\/script>\n<!-- \/ Yoast SEO plugin. -->","yoast_head_json":{"title":"SM40 Black - Audibax","robots":{"index":"index","follow":"follow","max-snippet":"max-snippet:-1","max-image-preview":"max-image-preview:large","max-video-preview":"max-video-preview:-1"},"canonical":"https:\/\/audibax.com\/fr\/produit\/sm40-black-2\/","og_locale":"fr_FR","og_type":"article","og_title":"SM40 Black - Audibax","og_description":"Support r\u00e9glable pour moniteur\/enceinte au sol Hauteur r\u00e9glable : 6 niveaux de r\u00e9glage de la hauteur Angle r\u00e9glable : Inclinaison de 10&deg ; vers l'avant \u00e0 10&deg ; vers l'arri\u00e8re Couverture en caoutchouc pour r\u00e9duire les vibrations Couverture en caoutchouc pour r\u00e9duire les vibrations Couverture en caoutchouc pour r\u00e9duire les vibrations Couverture en caoutchouc pour r\u00e9duire les vibrations Couverture en caoutchouc pour r\u00e9duire les vibrations.","og_url":"https:\/\/audibax.com\/fr\/produit\/sm40-black-2\/","og_site_name":"Audibax","article_modified_time":"2023-12-27T11:02:12+00:00","twitter_card":"summary_large_image","twitter_misc":{"Dur\u00e9e de lecture estim\u00e9e":"1 minute"},"schema":{"@context":"https:\/\/schema.org","@graph":[{"@type":"WebPage","@id":"https:\/\/audibax.com\/fr\/produit\/sm40-black-2\/","url":"https:\/\/audibax.com\/fr\/produit\/sm40-black-2\/","name":"SM40 Black - Audibax","isPartOf":{"@id":"https:\/\/audibax.com\/fr\/#website"},"primaryImageOfPage":{"@id":"https:\/\/audibax.com\/fr\/produit\/sm40-black-2\/#primaryimage"},"image":{"@id":"https:\/\/audibax.com\/fr\/produit\/sm40-black-2\/#primaryimage"},"thumbnailUrl":"https:\/\/audibax.com\/wp-content\/uploads\/2023\/12\/audibax-Neo-SM40.jpg","datePublished":"2023-12-11T12:58:07+00:00","dateModified":"2023-12-27T11:02:12+00:00","breadcrumb":{"@id":"https:\/\/audibax.com\/fr\/produit\/sm40-black-2\/#breadcrumb"},"inLanguage":"fr-FR","potentialAction":[{"@type":"ReadAction","target":["https:\/\/audibax.com\/fr\/produit\/sm40-black-2\/"]}]},{"@type":"ImageObject","inLanguage":"fr-FR","@id":"https:\/\/audibax.com\/fr\/produit\/sm40-black-2\/#primaryimage","url":"https:\/\/audibax.com\/wp-content\/uploads\/2023\/12\/audibax-Neo-SM40.jpg","contentUrl":"https:\/\/audibax.com\/wp-content\/uploads\/2023\/12\/audibax-Neo-SM40.jpg","width":761,"height":1500},{"@type":"BreadcrumbList","@id":"https:\/\/audibax.com\/fr\/produit\/sm40-black-2\/#breadcrumb","itemListElement":[{"@type":"ListItem","position":1,"name":"Portada","item":"https:\/\/audibax.com\/fr\/"},{"@type":"ListItem","position":2,"name":"Produits","item":"https:\/\/audibax.com\/fr\/shop\/"},{"@type":"ListItem","position":3,"name":"SM40 Black"}]},{"@type":"WebSite","@id":"https:\/\/audibax.com\/fr\/#website","url":"https:\/\/audibax.com\/fr\/","name":"Audibax","description":"","publisher":{"@id":"https:\/\/audibax.com\/fr\/#organization"},"potentialAction":[{"@type":"SearchAction","target":{"@type":"EntryPoint","urlTemplate":"https:\/\/audibax.com\/fr\/?s={search_term_string}"},"query-input":{"@type":"PropertyValueSpecification","valueRequired":true,"valueName":"search_term_string"}}],"inLanguage":"fr-FR"},{"@type":"Organization","@id":"https:\/\/audibax.com\/fr\/#organization","name":"Audibax","url":"https:\/\/audibax.com\/fr\/","logo":{"@type":"ImageObject","inLanguage":"fr-FR","@id":"https:\/\/audibax.com\/fr\/#\/schema\/logo\/image\/","url":"https:\/\/audibax.com\/wp-content\/uploads\/2023\/09\/logo-Audibax-BLANCO-SVG-1.svg","contentUrl":"https:\/\/audibax.com\/wp-content\/uploads\/2023\/09\/logo-Audibax-BLANCO-SVG-1.svg","caption":"Audibax"},"image":{"@id":"https:\/\/audibax.com\/fr\/#\/schema\/logo\/image\/"}}]}},"_links":{"self":[{"href":"https:\/\/audibax.com\/fr\/wp-json\/wp\/v2\/product\/36933","targetHints":{"allow":["GET"]}}],"collection":[{"href":"https:\/\/audibax.com\/fr\/wp-json\/wp\/v2\/product"}],"about":[{"href":"https:\/\/audibax.com\/fr\/wp-json\/wp\/v2\/types\/product"}],"replies":[{"embeddable":true,"href":"https:\/\/audibax.com\/fr\/wp-json\/wp\/v2\/comments?post=36933"}],"wp:featuredmedia":[{"embeddable":true,"href":"https:\/\/audibax.com\/fr\/wp-json\/wp\/v2\/media\/17444"}],"wp:attachment":[{"href":"https:\/\/audibax.com\/fr\/wp-json\/wp\/v2\/media?parent=36933"}],"wp:term":[{"taxonomy":"product_cat","embeddable":true,"href":"https:\/\/audibax.com\/fr\/wp-json\/wp\/v2\/product_cat?post=36933"},{"taxonomy":"product_tag","embeddable":true,"href":"https:\/\/audibax.com\/fr\/wp-json\/wp\/v2\/product_tag?post=36933"}],"curies":[{"name":"wp","href":"https:\/\/api.w.org\/{rel}","templated":true}]}}