{"id":36932,"date":"2023-12-11T13:58:04","date_gmt":"2023-12-11T12:58:04","guid":{"rendered":"https:\/\/audibax.com\/product\/sm5-black-2\/"},"modified":"2023-12-27T12:02:11","modified_gmt":"2023-12-27T11:02:11","slug":"sm5-black-2","status":"publish","type":"product","link":"https:\/\/audibax.com\/fr\/produit\/sm5-black-2\/","title":{"rendered":"SM5 Black"},"content":{"rendered":"<\/p>\n<p><strong>Audibax NEO SM5 Monitor \/ Studio Speaker Floor Stands<\/strong><\/p>\n<p>Les Audibax Neo SM5 sont les supports de moniteur dont vous avez besoin pour compl\u00e9ter votre studio. Un choix parfait pour garder votre bureau de studio d\u00e9gag\u00e9 et profiter du meilleur son !<\/p>\n<p>Ces pieds sont robustes et disposent d&rsquo;une base triangulaire stable \u00e0 trois points avec deux types de base, l&rsquo;une en caoutchouc et l&rsquo;autre \u00e0 crampons. De plus, ils sont r\u00e9glables en hauteur (de 71cm \u00e0 119cm) afin que vous puissiez les adapter \u00e0 vos besoins.<\/p>\n<p>Les supports de moniteurs sont \u00e9quip\u00e9s de patins antid\u00e9rapants allong\u00e9s afin d&rsquo;\u00e9viter tout mouvement ou chute ind\u00e9sirable, assurant ainsi une s\u00e9curit\u00e9 maximale pour vos moniteurs de studio.<\/p>\n<h3>Caract\u00e9ristiques:<\/h3>\n<ul>\n<li>Hauteur r\u00e9glable (71 &#8211; 119cm)<\/li>\n<li>Poids maximal support\u00e9 : 20kg<\/li>\n<li>Dimensions de la base sup\u00e9rieure : 23cm x 23cm<\/li>\n<li>Longueur de la base de support triangulaire : 42cm sur tous les c\u00f4t\u00e9s<\/li>\n<li>Type de base : caoutchouc ou pointue<\/li>\n<li>Poids du support : 2.40kg (chaque support)<\/li>\n<li>Mat\u00e9riau : Acier<\/li>\n<li>Couleur : Noir<\/li>\n<\/ul>\n","protected":false},"excerpt":{"rendered":"<ul>\n<li>Hauteur r\u00e9glable (71 &#8211; 119cm)<\/li>\n<li>Poids maximum support\u00e9 : 20kg<\/li>\n<li>Dimensions base sup\u00e9rieure : 23cm x 23cm<\/li>\n<li>Longueur de la base triangulaire : 42cm sur tous les c\u00f4t\u00e9s<\/li>\n<\/ul>\n<\/ul>\n","protected":false},"featured_media":16658,"comment_status":"open","ping_status":"closed","template":"","meta":{"_acf_changed":false},"product_cat":[447],"product_tag":[],"class_list":{"0":"post-36932","1":"product","2":"type-product","3":"status-publish","4":"has-post-thumbnail","6":"product_cat-supports-de-moniteurs-de-studio","8":"first","9":"instock","10":"shipping-taxable","11":"product-type-simple"},"acf":[],"yoast_head":"<!-- This site is optimized with the Yoast SEO plugin v27.0 - https:\/\/yoast.com\/product\/yoast-seo-wordpress\/ -->\n<title>SM5 Black - Audibax<\/title>\n<meta name=\"robots\" content=\"index, follow, max-snippet:-1, max-image-preview:large, max-video-preview:-1\" \/>\n<link rel=\"canonical\" href=\"https:\/\/audibax.com\/fr\/produit\/sm5-black-2\/\" \/>\n<meta property=\"og:locale\" content=\"fr_FR\" \/>\n<meta property=\"og:type\" content=\"article\" \/>\n<meta property=\"og:title\" content=\"SM5 Black - Audibax\" \/>\n<meta property=\"og:description\" content=\"Hauteur r\u00e9glable (71 - 119cm) Poids maximum support\u00e9 : 20kg Dimensions base sup\u00e9rieure : 23cm x 23cm Longueur de la base triangulaire : 42cm sur tous les c\u00f4t\u00e9s\" \/>\n<meta property=\"og:url\" content=\"https:\/\/audibax.com\/fr\/produit\/sm5-black-2\/\" \/>\n<meta property=\"og:site_name\" content=\"Audibax\" \/>\n<meta property=\"article:modified_time\" content=\"2023-12-27T11:02:11+00:00\" \/>\n<meta name=\"twitter:card\" content=\"summary_large_image\" \/>\n<meta name=\"twitter:label1\" content=\"Dur\u00e9e de lecture estim\u00e9e\" \/>\n\t<meta name=\"twitter:data1\" content=\"1 minute\" \/>\n<script type=\"application\/ld+json\" class=\"yoast-schema-graph\">{\"@context\":\"https:\/\/schema.org\",\"@graph\":[{\"@type\":\"WebPage\",\"@id\":\"https:\/\/audibax.com\/fr\/produit\/sm5-black-2\/\",\"url\":\"https:\/\/audibax.com\/fr\/produit\/sm5-black-2\/\",\"name\":\"SM5 Black - Audibax\",\"isPartOf\":{\"@id\":\"https:\/\/audibax.com\/fr\/#website\"},\"primaryImageOfPage\":{\"@id\":\"https:\/\/audibax.com\/fr\/produit\/sm5-black-2\/#primaryimage\"},\"image\":{\"@id\":\"https:\/\/audibax.com\/fr\/produit\/sm5-black-2\/#primaryimage\"},\"thumbnailUrl\":\"https:\/\/audibax.com\/wp-content\/uploads\/2023\/12\/audibax_neo_sm5_soportes_monitores_suelo_profesional.jpg\",\"datePublished\":\"2023-12-11T12:58:04+00:00\",\"dateModified\":\"2023-12-27T11:02:11+00:00\",\"breadcrumb\":{\"@id\":\"https:\/\/audibax.com\/fr\/produit\/sm5-black-2\/#breadcrumb\"},\"inLanguage\":\"fr-FR\",\"potentialAction\":[{\"@type\":\"ReadAction\",\"target\":[\"https:\/\/audibax.com\/fr\/produit\/sm5-black-2\/\"]}]},{\"@type\":\"ImageObject\",\"inLanguage\":\"fr-FR\",\"@id\":\"https:\/\/audibax.com\/fr\/produit\/sm5-black-2\/#primaryimage\",\"url\":\"https:\/\/audibax.com\/wp-content\/uploads\/2023\/12\/audibax_neo_sm5_soportes_monitores_suelo_profesional.jpg\",\"contentUrl\":\"https:\/\/audibax.com\/wp-content\/uploads\/2023\/12\/audibax_neo_sm5_soportes_monitores_suelo_profesional.jpg\",\"width\":1159,\"height\":1500},{\"@type\":\"BreadcrumbList\",\"@id\":\"https:\/\/audibax.com\/fr\/produit\/sm5-black-2\/#breadcrumb\",\"itemListElement\":[{\"@type\":\"ListItem\",\"position\":1,\"name\":\"Portada\",\"item\":\"https:\/\/audibax.com\/fr\/\"},{\"@type\":\"ListItem\",\"position\":2,\"name\":\"Produits\",\"item\":\"https:\/\/audibax.com\/fr\/shop\/\"},{\"@type\":\"ListItem\",\"position\":3,\"name\":\"SM5 Black\"}]},{\"@type\":\"WebSite\",\"@id\":\"https:\/\/audibax.com\/fr\/#website\",\"url\":\"https:\/\/audibax.com\/fr\/\",\"name\":\"Audibax\",\"description\":\"\",\"publisher\":{\"@id\":\"https:\/\/audibax.com\/fr\/#organization\"},\"potentialAction\":[{\"@type\":\"SearchAction\",\"target\":{\"@type\":\"EntryPoint\",\"urlTemplate\":\"https:\/\/audibax.com\/fr\/?s={search_term_string}\"},\"query-input\":{\"@type\":\"PropertyValueSpecification\",\"valueRequired\":true,\"valueName\":\"search_term_string\"}}],\"inLanguage\":\"fr-FR\"},{\"@type\":\"Organization\",\"@id\":\"https:\/\/audibax.com\/fr\/#organization\",\"name\":\"Audibax\",\"url\":\"https:\/\/audibax.com\/fr\/\",\"logo\":{\"@type\":\"ImageObject\",\"inLanguage\":\"fr-FR\",\"@id\":\"https:\/\/audibax.com\/fr\/#\/schema\/logo\/image\/\",\"url\":\"https:\/\/audibax.com\/wp-content\/uploads\/2023\/09\/logo-Audibax-BLANCO-SVG-1.svg\",\"contentUrl\":\"https:\/\/audibax.com\/wp-content\/uploads\/2023\/09\/logo-Audibax-BLANCO-SVG-1.svg\",\"caption\":\"Audibax\"},\"image\":{\"@id\":\"https:\/\/audibax.com\/fr\/#\/schema\/logo\/image\/\"}}]}<\/script>\n<!-- \/ Yoast SEO plugin. -->","yoast_head_json":{"title":"SM5 Black - Audibax","robots":{"index":"index","follow":"follow","max-snippet":"max-snippet:-1","max-image-preview":"max-image-preview:large","max-video-preview":"max-video-preview:-1"},"canonical":"https:\/\/audibax.com\/fr\/produit\/sm5-black-2\/","og_locale":"fr_FR","og_type":"article","og_title":"SM5 Black - Audibax","og_description":"Hauteur r\u00e9glable (71 - 119cm) Poids maximum support\u00e9 : 20kg Dimensions base sup\u00e9rieure : 23cm x 23cm Longueur de la base triangulaire : 42cm sur tous les c\u00f4t\u00e9s","og_url":"https:\/\/audibax.com\/fr\/produit\/sm5-black-2\/","og_site_name":"Audibax","article_modified_time":"2023-12-27T11:02:11+00:00","twitter_card":"summary_large_image","twitter_misc":{"Dur\u00e9e de lecture estim\u00e9e":"1 minute"},"schema":{"@context":"https:\/\/schema.org","@graph":[{"@type":"WebPage","@id":"https:\/\/audibax.com\/fr\/produit\/sm5-black-2\/","url":"https:\/\/audibax.com\/fr\/produit\/sm5-black-2\/","name":"SM5 Black - Audibax","isPartOf":{"@id":"https:\/\/audibax.com\/fr\/#website"},"primaryImageOfPage":{"@id":"https:\/\/audibax.com\/fr\/produit\/sm5-black-2\/#primaryimage"},"image":{"@id":"https:\/\/audibax.com\/fr\/produit\/sm5-black-2\/#primaryimage"},"thumbnailUrl":"https:\/\/audibax.com\/wp-content\/uploads\/2023\/12\/audibax_neo_sm5_soportes_monitores_suelo_profesional.jpg","datePublished":"2023-12-11T12:58:04+00:00","dateModified":"2023-12-27T11:02:11+00:00","breadcrumb":{"@id":"https:\/\/audibax.com\/fr\/produit\/sm5-black-2\/#breadcrumb"},"inLanguage":"fr-FR","potentialAction":[{"@type":"ReadAction","target":["https:\/\/audibax.com\/fr\/produit\/sm5-black-2\/"]}]},{"@type":"ImageObject","inLanguage":"fr-FR","@id":"https:\/\/audibax.com\/fr\/produit\/sm5-black-2\/#primaryimage","url":"https:\/\/audibax.com\/wp-content\/uploads\/2023\/12\/audibax_neo_sm5_soportes_monitores_suelo_profesional.jpg","contentUrl":"https:\/\/audibax.com\/wp-content\/uploads\/2023\/12\/audibax_neo_sm5_soportes_monitores_suelo_profesional.jpg","width":1159,"height":1500},{"@type":"BreadcrumbList","@id":"https:\/\/audibax.com\/fr\/produit\/sm5-black-2\/#breadcrumb","itemListElement":[{"@type":"ListItem","position":1,"name":"Portada","item":"https:\/\/audibax.com\/fr\/"},{"@type":"ListItem","position":2,"name":"Produits","item":"https:\/\/audibax.com\/fr\/shop\/"},{"@type":"ListItem","position":3,"name":"SM5 Black"}]},{"@type":"WebSite","@id":"https:\/\/audibax.com\/fr\/#website","url":"https:\/\/audibax.com\/fr\/","name":"Audibax","description":"","publisher":{"@id":"https:\/\/audibax.com\/fr\/#organization"},"potentialAction":[{"@type":"SearchAction","target":{"@type":"EntryPoint","urlTemplate":"https:\/\/audibax.com\/fr\/?s={search_term_string}"},"query-input":{"@type":"PropertyValueSpecification","valueRequired":true,"valueName":"search_term_string"}}],"inLanguage":"fr-FR"},{"@type":"Organization","@id":"https:\/\/audibax.com\/fr\/#organization","name":"Audibax","url":"https:\/\/audibax.com\/fr\/","logo":{"@type":"ImageObject","inLanguage":"fr-FR","@id":"https:\/\/audibax.com\/fr\/#\/schema\/logo\/image\/","url":"https:\/\/audibax.com\/wp-content\/uploads\/2023\/09\/logo-Audibax-BLANCO-SVG-1.svg","contentUrl":"https:\/\/audibax.com\/wp-content\/uploads\/2023\/09\/logo-Audibax-BLANCO-SVG-1.svg","caption":"Audibax"},"image":{"@id":"https:\/\/audibax.com\/fr\/#\/schema\/logo\/image\/"}}]}},"_links":{"self":[{"href":"https:\/\/audibax.com\/fr\/wp-json\/wp\/v2\/product\/36932","targetHints":{"allow":["GET"]}}],"collection":[{"href":"https:\/\/audibax.com\/fr\/wp-json\/wp\/v2\/product"}],"about":[{"href":"https:\/\/audibax.com\/fr\/wp-json\/wp\/v2\/types\/product"}],"replies":[{"embeddable":true,"href":"https:\/\/audibax.com\/fr\/wp-json\/wp\/v2\/comments?post=36932"}],"wp:featuredmedia":[{"embeddable":true,"href":"https:\/\/audibax.com\/fr\/wp-json\/wp\/v2\/media\/16658"}],"wp:attachment":[{"href":"https:\/\/audibax.com\/fr\/wp-json\/wp\/v2\/media?parent=36932"}],"wp:term":[{"taxonomy":"product_cat","embeddable":true,"href":"https:\/\/audibax.com\/fr\/wp-json\/wp\/v2\/product_cat?post=36932"},{"taxonomy":"product_tag","embeddable":true,"href":"https:\/\/audibax.com\/fr\/wp-json\/wp\/v2\/product_tag?post=36932"}],"curies":[{"name":"wp","href":"https:\/\/api.w.org\/{rel}","templated":true}]}}