{"id":36929,"date":"2023-12-11T13:57:55","date_gmt":"2023-12-11T12:57:55","guid":{"rendered":"https:\/\/audibax.com\/product\/pad-6-plus-black-2\/"},"modified":"2023-12-27T12:02:08","modified_gmt":"2023-12-27T11:02:08","slug":"pad-6-plus-black-2","status":"publish","type":"product","link":"https:\/\/audibax.com\/fr\/produit\/pad-6-plus-black-2\/","title":{"rendered":"Pad 6 Plus Black"},"content":{"rendered":"<\/p>\n<p><strong>Audibax Pad 6 Plus Pad Isolation \/ Anti-Vibration Pad Studio Monitors<\/strong><\/strong><\/p>\n<p>L&rsquo;Audibax PAD 6 Plus est un isolateur acoustique de haute densit\u00e9 qui sert \u00e0 \u00e9viter toute r\u00e9sonance avec la surface de support, ce qui permet aux moniteurs audio de reproduire un son fid\u00e8le sans aucune vibration ;L&rsquo;Audibax PAD 6 Plus est un isolateur acoustique de haute densit\u00e9 utilis\u00e9 pour \u00e9viter toute r\u00e9sonance avec la surface de support, ce qui permet aux moniteurs audio de reproduire un son fid\u00e8le sans vibration suppl\u00e9mentaire. Ils sont sp\u00e9cialement con\u00e7us pour \u00eatre utilis\u00e9s dans les studios d&rsquo;enregistrement professionnels et domestiques. \u00c9vitez les vibrations avec vos PADS et obtenez le son que vous recherchiez avec un r\u00e9sultat \u00e9tonnant.<\/p>\n<p>Ce coussin d&rsquo;isolation pour moniteurs est recommand\u00e9 pour une utilisation avec les tailles de moniteurs suivantes :<\/p>\n<ul>\n<li>4 Inch<\/li>\n<li>5 Inch<\/li>\n<li>6 Inch<\/li>\n<li>8 Inch. Dans cette taille de moniteur\/enceinte, le moniteur peut d\u00e9passer l\u00e9g\u00e8rement en fonction de la taille.<\/li>\n<\/ul>\n<p>Sp\u00e9cifications:<\/p>\n<ul>\n<ul>\n<li>Mat\u00e9riau : mousse acoustique FOAM haute densit\u00e9<\/li>\n<li>Couleur : noir<\/li>\n<li>Dimensions :\n<ul style=\"list-style-type:disc\">\n<li>Hauteur : 6cm<\/li>\n<li>Largeur : 26cm<\/li>\n<li>Profondeur : 33cm<\/li>\n<\/ul>\n<\/ul>\n<\/li>\n<\/ul>\n<p>*L&rsquo;Audibax Pad 6 PLUS est vendu individuellement.<\/p>\n","protected":false},"excerpt":{"rendered":"<ul>\n<li>Isolation acoustique<\/li>\n<li>Mat\u00e9riau : mousse acoustique haute densit\u00e9<\/li>\n<li>Couleur : noir<\/li>\n<li>Vendu individuellement.<\/li>\n<\/ul>\n<\/ul>\n","protected":false},"featured_media":17519,"comment_status":"open","ping_status":"closed","template":"","meta":{"_acf_changed":false},"product_cat":[447],"product_tag":[],"class_list":{"0":"post-36929","1":"product","2":"type-product","3":"status-publish","4":"has-post-thumbnail","6":"product_cat-supports-de-moniteurs-de-studio","8":"first","9":"instock","10":"shipping-taxable","11":"product-type-simple"},"acf":[],"yoast_head":"<!-- This site is optimized with the Yoast SEO plugin v27.0 - https:\/\/yoast.com\/product\/yoast-seo-wordpress\/ -->\n<title>Pad 6 Plus Black - Audibax<\/title>\n<meta name=\"robots\" content=\"index, follow, max-snippet:-1, max-image-preview:large, max-video-preview:-1\" \/>\n<link rel=\"canonical\" href=\"https:\/\/audibax.com\/fr\/produit\/pad-6-plus-black-2\/\" \/>\n<meta property=\"og:locale\" content=\"fr_FR\" \/>\n<meta property=\"og:type\" content=\"article\" \/>\n<meta property=\"og:title\" content=\"Pad 6 Plus Black - Audibax\" \/>\n<meta property=\"og:description\" content=\"Isolation acoustique Mat\u00e9riau : mousse acoustique haute densit\u00e9 Couleur : noir Vendu individuellement.\" \/>\n<meta property=\"og:url\" content=\"https:\/\/audibax.com\/fr\/produit\/pad-6-plus-black-2\/\" \/>\n<meta property=\"og:site_name\" content=\"Audibax\" \/>\n<meta property=\"article:modified_time\" content=\"2023-12-27T11:02:08+00:00\" \/>\n<meta name=\"twitter:card\" content=\"summary_large_image\" \/>\n<meta name=\"twitter:label1\" content=\"Dur\u00e9e de lecture estim\u00e9e\" \/>\n\t<meta name=\"twitter:data1\" content=\"1 minute\" \/>\n<script type=\"application\/ld+json\" class=\"yoast-schema-graph\">{\"@context\":\"https:\/\/schema.org\",\"@graph\":[{\"@type\":\"WebPage\",\"@id\":\"https:\/\/audibax.com\/fr\/produit\/pad-6-plus-black-2\/\",\"url\":\"https:\/\/audibax.com\/fr\/produit\/pad-6-plus-black-2\/\",\"name\":\"Pad 6 Plus Black - Audibax\",\"isPartOf\":{\"@id\":\"https:\/\/audibax.com\/fr\/#website\"},\"primaryImageOfPage\":{\"@id\":\"https:\/\/audibax.com\/fr\/produit\/pad-6-plus-black-2\/#primaryimage\"},\"image\":{\"@id\":\"https:\/\/audibax.com\/fr\/produit\/pad-6-plus-black-2\/#primaryimage\"},\"thumbnailUrl\":\"https:\/\/audibax.com\/wp-content\/uploads\/2023\/12\/audibax-pad6-plus-aislamiento-monitor-oferta.jpg\",\"datePublished\":\"2023-12-11T12:57:55+00:00\",\"dateModified\":\"2023-12-27T11:02:08+00:00\",\"breadcrumb\":{\"@id\":\"https:\/\/audibax.com\/fr\/produit\/pad-6-plus-black-2\/#breadcrumb\"},\"inLanguage\":\"fr-FR\",\"potentialAction\":[{\"@type\":\"ReadAction\",\"target\":[\"https:\/\/audibax.com\/fr\/produit\/pad-6-plus-black-2\/\"]}]},{\"@type\":\"ImageObject\",\"inLanguage\":\"fr-FR\",\"@id\":\"https:\/\/audibax.com\/fr\/produit\/pad-6-plus-black-2\/#primaryimage\",\"url\":\"https:\/\/audibax.com\/wp-content\/uploads\/2023\/12\/audibax-pad6-plus-aislamiento-monitor-oferta.jpg\",\"contentUrl\":\"https:\/\/audibax.com\/wp-content\/uploads\/2023\/12\/audibax-pad6-plus-aislamiento-monitor-oferta.jpg\",\"width\":1500,\"height\":676},{\"@type\":\"BreadcrumbList\",\"@id\":\"https:\/\/audibax.com\/fr\/produit\/pad-6-plus-black-2\/#breadcrumb\",\"itemListElement\":[{\"@type\":\"ListItem\",\"position\":1,\"name\":\"Portada\",\"item\":\"https:\/\/audibax.com\/fr\/\"},{\"@type\":\"ListItem\",\"position\":2,\"name\":\"Produits\",\"item\":\"https:\/\/audibax.com\/fr\/shop\/\"},{\"@type\":\"ListItem\",\"position\":3,\"name\":\"Pad 6 Plus Black\"}]},{\"@type\":\"WebSite\",\"@id\":\"https:\/\/audibax.com\/fr\/#website\",\"url\":\"https:\/\/audibax.com\/fr\/\",\"name\":\"Audibax\",\"description\":\"\",\"publisher\":{\"@id\":\"https:\/\/audibax.com\/fr\/#organization\"},\"potentialAction\":[{\"@type\":\"SearchAction\",\"target\":{\"@type\":\"EntryPoint\",\"urlTemplate\":\"https:\/\/audibax.com\/fr\/?s={search_term_string}\"},\"query-input\":{\"@type\":\"PropertyValueSpecification\",\"valueRequired\":true,\"valueName\":\"search_term_string\"}}],\"inLanguage\":\"fr-FR\"},{\"@type\":\"Organization\",\"@id\":\"https:\/\/audibax.com\/fr\/#organization\",\"name\":\"Audibax\",\"url\":\"https:\/\/audibax.com\/fr\/\",\"logo\":{\"@type\":\"ImageObject\",\"inLanguage\":\"fr-FR\",\"@id\":\"https:\/\/audibax.com\/fr\/#\/schema\/logo\/image\/\",\"url\":\"https:\/\/audibax.com\/wp-content\/uploads\/2023\/09\/logo-Audibax-BLANCO-SVG-1.svg\",\"contentUrl\":\"https:\/\/audibax.com\/wp-content\/uploads\/2023\/09\/logo-Audibax-BLANCO-SVG-1.svg\",\"caption\":\"Audibax\"},\"image\":{\"@id\":\"https:\/\/audibax.com\/fr\/#\/schema\/logo\/image\/\"}}]}<\/script>\n<!-- \/ Yoast SEO plugin. -->","yoast_head_json":{"title":"Pad 6 Plus Black - Audibax","robots":{"index":"index","follow":"follow","max-snippet":"max-snippet:-1","max-image-preview":"max-image-preview:large","max-video-preview":"max-video-preview:-1"},"canonical":"https:\/\/audibax.com\/fr\/produit\/pad-6-plus-black-2\/","og_locale":"fr_FR","og_type":"article","og_title":"Pad 6 Plus Black - Audibax","og_description":"Isolation acoustique Mat\u00e9riau : mousse acoustique haute densit\u00e9 Couleur : noir Vendu individuellement.","og_url":"https:\/\/audibax.com\/fr\/produit\/pad-6-plus-black-2\/","og_site_name":"Audibax","article_modified_time":"2023-12-27T11:02:08+00:00","twitter_card":"summary_large_image","twitter_misc":{"Dur\u00e9e de lecture estim\u00e9e":"1 minute"},"schema":{"@context":"https:\/\/schema.org","@graph":[{"@type":"WebPage","@id":"https:\/\/audibax.com\/fr\/produit\/pad-6-plus-black-2\/","url":"https:\/\/audibax.com\/fr\/produit\/pad-6-plus-black-2\/","name":"Pad 6 Plus Black - Audibax","isPartOf":{"@id":"https:\/\/audibax.com\/fr\/#website"},"primaryImageOfPage":{"@id":"https:\/\/audibax.com\/fr\/produit\/pad-6-plus-black-2\/#primaryimage"},"image":{"@id":"https:\/\/audibax.com\/fr\/produit\/pad-6-plus-black-2\/#primaryimage"},"thumbnailUrl":"https:\/\/audibax.com\/wp-content\/uploads\/2023\/12\/audibax-pad6-plus-aislamiento-monitor-oferta.jpg","datePublished":"2023-12-11T12:57:55+00:00","dateModified":"2023-12-27T11:02:08+00:00","breadcrumb":{"@id":"https:\/\/audibax.com\/fr\/produit\/pad-6-plus-black-2\/#breadcrumb"},"inLanguage":"fr-FR","potentialAction":[{"@type":"ReadAction","target":["https:\/\/audibax.com\/fr\/produit\/pad-6-plus-black-2\/"]}]},{"@type":"ImageObject","inLanguage":"fr-FR","@id":"https:\/\/audibax.com\/fr\/produit\/pad-6-plus-black-2\/#primaryimage","url":"https:\/\/audibax.com\/wp-content\/uploads\/2023\/12\/audibax-pad6-plus-aislamiento-monitor-oferta.jpg","contentUrl":"https:\/\/audibax.com\/wp-content\/uploads\/2023\/12\/audibax-pad6-plus-aislamiento-monitor-oferta.jpg","width":1500,"height":676},{"@type":"BreadcrumbList","@id":"https:\/\/audibax.com\/fr\/produit\/pad-6-plus-black-2\/#breadcrumb","itemListElement":[{"@type":"ListItem","position":1,"name":"Portada","item":"https:\/\/audibax.com\/fr\/"},{"@type":"ListItem","position":2,"name":"Produits","item":"https:\/\/audibax.com\/fr\/shop\/"},{"@type":"ListItem","position":3,"name":"Pad 6 Plus Black"}]},{"@type":"WebSite","@id":"https:\/\/audibax.com\/fr\/#website","url":"https:\/\/audibax.com\/fr\/","name":"Audibax","description":"","publisher":{"@id":"https:\/\/audibax.com\/fr\/#organization"},"potentialAction":[{"@type":"SearchAction","target":{"@type":"EntryPoint","urlTemplate":"https:\/\/audibax.com\/fr\/?s={search_term_string}"},"query-input":{"@type":"PropertyValueSpecification","valueRequired":true,"valueName":"search_term_string"}}],"inLanguage":"fr-FR"},{"@type":"Organization","@id":"https:\/\/audibax.com\/fr\/#organization","name":"Audibax","url":"https:\/\/audibax.com\/fr\/","logo":{"@type":"ImageObject","inLanguage":"fr-FR","@id":"https:\/\/audibax.com\/fr\/#\/schema\/logo\/image\/","url":"https:\/\/audibax.com\/wp-content\/uploads\/2023\/09\/logo-Audibax-BLANCO-SVG-1.svg","contentUrl":"https:\/\/audibax.com\/wp-content\/uploads\/2023\/09\/logo-Audibax-BLANCO-SVG-1.svg","caption":"Audibax"},"image":{"@id":"https:\/\/audibax.com\/fr\/#\/schema\/logo\/image\/"}}]}},"_links":{"self":[{"href":"https:\/\/audibax.com\/fr\/wp-json\/wp\/v2\/product\/36929","targetHints":{"allow":["GET"]}}],"collection":[{"href":"https:\/\/audibax.com\/fr\/wp-json\/wp\/v2\/product"}],"about":[{"href":"https:\/\/audibax.com\/fr\/wp-json\/wp\/v2\/types\/product"}],"replies":[{"embeddable":true,"href":"https:\/\/audibax.com\/fr\/wp-json\/wp\/v2\/comments?post=36929"}],"wp:featuredmedia":[{"embeddable":true,"href":"https:\/\/audibax.com\/fr\/wp-json\/wp\/v2\/media\/17519"}],"wp:attachment":[{"href":"https:\/\/audibax.com\/fr\/wp-json\/wp\/v2\/media?parent=36929"}],"wp:term":[{"taxonomy":"product_cat","embeddable":true,"href":"https:\/\/audibax.com\/fr\/wp-json\/wp\/v2\/product_cat?post=36929"},{"taxonomy":"product_tag","embeddable":true,"href":"https:\/\/audibax.com\/fr\/wp-json\/wp\/v2\/product_tag?post=36929"}],"curies":[{"name":"wp","href":"https:\/\/api.w.org\/{rel}","templated":true}]}}