{"id":36927,"date":"2023-12-11T13:57:45","date_gmt":"2023-12-11T12:57:45","guid":{"rendered":"https:\/\/audibax.com\/product\/stm10-black-2\/"},"modified":"2023-12-27T12:02:07","modified_gmt":"2023-12-27T11:02:07","slug":"stm10-black-2","status":"publish","type":"product","link":"https:\/\/audibax.com\/fr\/produit\/stm10-black-2\/","title":{"rendered":"STM10 Black"},"content":{"rendered":"<\/p>\n<p><strong>Audibax NEO STM-10 Supports d&rsquo;enceintes de bureau r\u00e9glables pour moniteur\/studio (paire)<\/strong><\/p>\n<p><strong>Audibax STM-10<\/strong> est un support d&rsquo;enceintes de bureau fabriqu\u00e9 en acier solide, en aluminium et en caoutchouc. Les composants centraux en aluminium et en acier solide sont con\u00e7us pour durer. La hauteur et l&rsquo;angle r\u00e9glables vous permettent de d\u00e9finir la position optimale des enceintes pour votre installation. Le capuchon en caoutchouc de la plaque sup\u00e9rieure et les quatre coussinets en caoutchouc r\u00e9duisent les vibrations pendant l&rsquo;\u00e9coute. Que vous soyez audiophile, DJ, producteur ou m\u00e9lomane, le <em>Audibax STM-10<\/em> est un bon choix pour vous.<\/p>\n<p>&nbsp;<\/p>\n<h3>Sp\u00e9cifications<\/h3>\n<p>&nbsp;<\/p>\n<ul>\n<li>Plage de r\u00e9glage de la hauteur : 235 mm \u00e0 290 mm<\/li>\n<li>Taille de la plaque sup\u00e9rieure : 220 mm x 180 mm<\/li>\n<li>Taille de la plaque de base : 175 mm x 200 mm<\/li>\n<li>Inclinaison : &#038;plusmn ; 10 degr\u00e9s<\/li>\n<li>Poids net : 276g<\/li>\n<\/ul>\n<p><span style=\"font-family:roboto,helvetica,arial,sans-serif ; font-size :15px\">Recommand\u00e9 pour les moniteurs de studio de<\/span><\/span><\/p>\n<ul>\n<li>3 Inch<\/li>\n<li>4 pouces<\/li>\n<li>5 pouces<\/li>\n<li>6 pouces<\/li>\n<\/ul>\n<\/ul>\n","protected":false},"excerpt":{"rendered":"<\/p>\n<p>Audibax Studio Monitor Table Stands<\/p>\n<p>Audibax Studio Monitor Table Stands<\/p>\n","protected":false},"featured_media":17837,"comment_status":"open","ping_status":"closed","template":"","meta":{"_acf_changed":false},"product_cat":[447],"product_tag":[],"class_list":{"0":"post-36927","1":"product","2":"type-product","3":"status-publish","4":"has-post-thumbnail","6":"product_cat-supports-de-moniteurs-de-studio","8":"first","9":"instock","10":"shipping-taxable","11":"product-type-simple"},"acf":[],"yoast_head":"<!-- This site is optimized with the Yoast SEO plugin v27.0 - https:\/\/yoast.com\/product\/yoast-seo-wordpress\/ -->\n<title>STM10 Black - Audibax<\/title>\n<meta name=\"robots\" content=\"index, follow, max-snippet:-1, max-image-preview:large, max-video-preview:-1\" \/>\n<link rel=\"canonical\" href=\"https:\/\/audibax.com\/fr\/produit\/stm10-black-2\/\" \/>\n<meta property=\"og:locale\" content=\"fr_FR\" \/>\n<meta property=\"og:type\" content=\"article\" \/>\n<meta property=\"og:title\" content=\"STM10 Black - Audibax\" \/>\n<meta property=\"og:description\" content=\"Audibax Studio Monitor Table Stands Audibax Studio Monitor Table Stands\" \/>\n<meta property=\"og:url\" content=\"https:\/\/audibax.com\/fr\/produit\/stm10-black-2\/\" \/>\n<meta property=\"og:site_name\" content=\"Audibax\" \/>\n<meta property=\"article:modified_time\" content=\"2023-12-27T11:02:07+00:00\" \/>\n<meta name=\"twitter:card\" content=\"summary_large_image\" \/>\n<meta name=\"twitter:label1\" content=\"Dur\u00e9e de lecture estim\u00e9e\" \/>\n\t<meta name=\"twitter:data1\" content=\"1 minute\" \/>\n<script type=\"application\/ld+json\" class=\"yoast-schema-graph\">{\"@context\":\"https:\/\/schema.org\",\"@graph\":[{\"@type\":\"WebPage\",\"@id\":\"https:\/\/audibax.com\/fr\/produit\/stm10-black-2\/\",\"url\":\"https:\/\/audibax.com\/fr\/produit\/stm10-black-2\/\",\"name\":\"STM10 Black - Audibax\",\"isPartOf\":{\"@id\":\"https:\/\/audibax.com\/fr\/#website\"},\"primaryImageOfPage\":{\"@id\":\"https:\/\/audibax.com\/fr\/produit\/stm10-black-2\/#primaryimage\"},\"image\":{\"@id\":\"https:\/\/audibax.com\/fr\/produit\/stm10-black-2\/#primaryimage\"},\"thumbnailUrl\":\"https:\/\/audibax.com\/wp-content\/uploads\/2023\/12\/audibax-stm10.jpg\",\"datePublished\":\"2023-12-11T12:57:45+00:00\",\"dateModified\":\"2023-12-27T11:02:07+00:00\",\"breadcrumb\":{\"@id\":\"https:\/\/audibax.com\/fr\/produit\/stm10-black-2\/#breadcrumb\"},\"inLanguage\":\"fr-FR\",\"potentialAction\":[{\"@type\":\"ReadAction\",\"target\":[\"https:\/\/audibax.com\/fr\/produit\/stm10-black-2\/\"]}]},{\"@type\":\"ImageObject\",\"inLanguage\":\"fr-FR\",\"@id\":\"https:\/\/audibax.com\/fr\/produit\/stm10-black-2\/#primaryimage\",\"url\":\"https:\/\/audibax.com\/wp-content\/uploads\/2023\/12\/audibax-stm10.jpg\",\"contentUrl\":\"https:\/\/audibax.com\/wp-content\/uploads\/2023\/12\/audibax-stm10.jpg\",\"width\":1550,\"height\":1173},{\"@type\":\"BreadcrumbList\",\"@id\":\"https:\/\/audibax.com\/fr\/produit\/stm10-black-2\/#breadcrumb\",\"itemListElement\":[{\"@type\":\"ListItem\",\"position\":1,\"name\":\"Portada\",\"item\":\"https:\/\/audibax.com\/fr\/\"},{\"@type\":\"ListItem\",\"position\":2,\"name\":\"Produits\",\"item\":\"https:\/\/audibax.com\/fr\/shop\/\"},{\"@type\":\"ListItem\",\"position\":3,\"name\":\"STM10 Black\"}]},{\"@type\":\"WebSite\",\"@id\":\"https:\/\/audibax.com\/fr\/#website\",\"url\":\"https:\/\/audibax.com\/fr\/\",\"name\":\"Audibax\",\"description\":\"\",\"publisher\":{\"@id\":\"https:\/\/audibax.com\/fr\/#organization\"},\"potentialAction\":[{\"@type\":\"SearchAction\",\"target\":{\"@type\":\"EntryPoint\",\"urlTemplate\":\"https:\/\/audibax.com\/fr\/?s={search_term_string}\"},\"query-input\":{\"@type\":\"PropertyValueSpecification\",\"valueRequired\":true,\"valueName\":\"search_term_string\"}}],\"inLanguage\":\"fr-FR\"},{\"@type\":\"Organization\",\"@id\":\"https:\/\/audibax.com\/fr\/#organization\",\"name\":\"Audibax\",\"url\":\"https:\/\/audibax.com\/fr\/\",\"logo\":{\"@type\":\"ImageObject\",\"inLanguage\":\"fr-FR\",\"@id\":\"https:\/\/audibax.com\/fr\/#\/schema\/logo\/image\/\",\"url\":\"https:\/\/audibax.com\/wp-content\/uploads\/2023\/09\/logo-Audibax-BLANCO-SVG-1.svg\",\"contentUrl\":\"https:\/\/audibax.com\/wp-content\/uploads\/2023\/09\/logo-Audibax-BLANCO-SVG-1.svg\",\"caption\":\"Audibax\"},\"image\":{\"@id\":\"https:\/\/audibax.com\/fr\/#\/schema\/logo\/image\/\"}}]}<\/script>\n<!-- \/ Yoast SEO plugin. -->","yoast_head_json":{"title":"STM10 Black - Audibax","robots":{"index":"index","follow":"follow","max-snippet":"max-snippet:-1","max-image-preview":"max-image-preview:large","max-video-preview":"max-video-preview:-1"},"canonical":"https:\/\/audibax.com\/fr\/produit\/stm10-black-2\/","og_locale":"fr_FR","og_type":"article","og_title":"STM10 Black - Audibax","og_description":"Audibax Studio Monitor Table Stands Audibax Studio Monitor Table Stands","og_url":"https:\/\/audibax.com\/fr\/produit\/stm10-black-2\/","og_site_name":"Audibax","article_modified_time":"2023-12-27T11:02:07+00:00","twitter_card":"summary_large_image","twitter_misc":{"Dur\u00e9e de lecture estim\u00e9e":"1 minute"},"schema":{"@context":"https:\/\/schema.org","@graph":[{"@type":"WebPage","@id":"https:\/\/audibax.com\/fr\/produit\/stm10-black-2\/","url":"https:\/\/audibax.com\/fr\/produit\/stm10-black-2\/","name":"STM10 Black - Audibax","isPartOf":{"@id":"https:\/\/audibax.com\/fr\/#website"},"primaryImageOfPage":{"@id":"https:\/\/audibax.com\/fr\/produit\/stm10-black-2\/#primaryimage"},"image":{"@id":"https:\/\/audibax.com\/fr\/produit\/stm10-black-2\/#primaryimage"},"thumbnailUrl":"https:\/\/audibax.com\/wp-content\/uploads\/2023\/12\/audibax-stm10.jpg","datePublished":"2023-12-11T12:57:45+00:00","dateModified":"2023-12-27T11:02:07+00:00","breadcrumb":{"@id":"https:\/\/audibax.com\/fr\/produit\/stm10-black-2\/#breadcrumb"},"inLanguage":"fr-FR","potentialAction":[{"@type":"ReadAction","target":["https:\/\/audibax.com\/fr\/produit\/stm10-black-2\/"]}]},{"@type":"ImageObject","inLanguage":"fr-FR","@id":"https:\/\/audibax.com\/fr\/produit\/stm10-black-2\/#primaryimage","url":"https:\/\/audibax.com\/wp-content\/uploads\/2023\/12\/audibax-stm10.jpg","contentUrl":"https:\/\/audibax.com\/wp-content\/uploads\/2023\/12\/audibax-stm10.jpg","width":1550,"height":1173},{"@type":"BreadcrumbList","@id":"https:\/\/audibax.com\/fr\/produit\/stm10-black-2\/#breadcrumb","itemListElement":[{"@type":"ListItem","position":1,"name":"Portada","item":"https:\/\/audibax.com\/fr\/"},{"@type":"ListItem","position":2,"name":"Produits","item":"https:\/\/audibax.com\/fr\/shop\/"},{"@type":"ListItem","position":3,"name":"STM10 Black"}]},{"@type":"WebSite","@id":"https:\/\/audibax.com\/fr\/#website","url":"https:\/\/audibax.com\/fr\/","name":"Audibax","description":"","publisher":{"@id":"https:\/\/audibax.com\/fr\/#organization"},"potentialAction":[{"@type":"SearchAction","target":{"@type":"EntryPoint","urlTemplate":"https:\/\/audibax.com\/fr\/?s={search_term_string}"},"query-input":{"@type":"PropertyValueSpecification","valueRequired":true,"valueName":"search_term_string"}}],"inLanguage":"fr-FR"},{"@type":"Organization","@id":"https:\/\/audibax.com\/fr\/#organization","name":"Audibax","url":"https:\/\/audibax.com\/fr\/","logo":{"@type":"ImageObject","inLanguage":"fr-FR","@id":"https:\/\/audibax.com\/fr\/#\/schema\/logo\/image\/","url":"https:\/\/audibax.com\/wp-content\/uploads\/2023\/09\/logo-Audibax-BLANCO-SVG-1.svg","contentUrl":"https:\/\/audibax.com\/wp-content\/uploads\/2023\/09\/logo-Audibax-BLANCO-SVG-1.svg","caption":"Audibax"},"image":{"@id":"https:\/\/audibax.com\/fr\/#\/schema\/logo\/image\/"}}]}},"_links":{"self":[{"href":"https:\/\/audibax.com\/fr\/wp-json\/wp\/v2\/product\/36927","targetHints":{"allow":["GET"]}}],"collection":[{"href":"https:\/\/audibax.com\/fr\/wp-json\/wp\/v2\/product"}],"about":[{"href":"https:\/\/audibax.com\/fr\/wp-json\/wp\/v2\/types\/product"}],"replies":[{"embeddable":true,"href":"https:\/\/audibax.com\/fr\/wp-json\/wp\/v2\/comments?post=36927"}],"wp:featuredmedia":[{"embeddable":true,"href":"https:\/\/audibax.com\/fr\/wp-json\/wp\/v2\/media\/17837"}],"wp:attachment":[{"href":"https:\/\/audibax.com\/fr\/wp-json\/wp\/v2\/media?parent=36927"}],"wp:term":[{"taxonomy":"product_cat","embeddable":true,"href":"https:\/\/audibax.com\/fr\/wp-json\/wp\/v2\/product_cat?post=36927"},{"taxonomy":"product_tag","embeddable":true,"href":"https:\/\/audibax.com\/fr\/wp-json\/wp\/v2\/product_tag?post=36927"}],"curies":[{"name":"wp","href":"https:\/\/api.w.org\/{rel}","templated":true}]}}