{"id":36922,"date":"2023-12-11T13:57:36","date_gmt":"2023-12-11T12:57:36","guid":{"rendered":"https:\/\/audibax.com\/product\/stm20-black-2\/"},"modified":"2023-12-27T12:02:03","modified_gmt":"2023-12-27T11:02:03","slug":"stm20-black-2","status":"publish","type":"product","link":"https:\/\/audibax.com\/fr\/produit\/stm20-black-2\/","title":{"rendered":"STM20 Black"},"content":{"rendered":"<\/p>\n<p><strong>Audibax NEO STM20 Studio Monitor Table Stand<\/strong><\/p>\n<p>Le&#038;nbsp ; <strong>NEO<\/strong>&nbsp;<strong>STM20 d&rsquo;Audibax<\/strong> est un support de moniteur\/enceinte de studio. Il est \u00e9quip\u00e9 d&rsquo;une base en acier robuste qui offre une excellente fermet\u00e9 et stabilit\u00e9.<\/p>\n<p>C&rsquo;est le choix id\u00e9al car sa hauteur r\u00e9glable permet de placer l&rsquo;enceinte \u00e0 diff\u00e9rentes hauteurs (30cm &#8211; 37cm), ce qui vous donne la possibilit\u00e9 d&rsquo;obtenir la hauteur souhait\u00e9e.<\/p>\n<p>Les enceintes comprennent des bandes de caoutchouc antid\u00e9rapantes pour une meilleure fixation, emp\u00eachant le produit de tomber et de subir des dommages. En outre, les vibrations peuvent \u00eatre r\u00e9duites. Il est utile pour les studios d&rsquo;enregistrement, les applications ou m\u00eame \u00e0 la maison.<\/p>\n<p>&nbsp;<\/p>\n<h2>Sp\u00e9cifications<\/h2>\n<p>&nbsp;<\/p>\n<ul>\n<li>Mat\u00e9riau : Acier<\/li>\n<li>Couleur : Noir<\/li>\n<li>Hauteur r\u00e9glable :\n<ul style=\"list-style-type :circle\">\n<li>M&iacute;nima : 30cm<\/li>\n<li>M&aacute;ximum : 37cm<\/li>\n<\/ul>\n<\/ul>\n<\/li>\n<li>Dimensions de la base inf\u00e9rieure :\n<ul style=\"list-style-type:circle\">\n<li>Largeur : 20.5cm<\/li>\n<li>Profondeur : 21.5cm<\/li>\n<\/ul>\n<\/li>\n<li>Dimensions de la base sup\u00e9rieure :\n<ul style=\"list-style-type:circle\">\n<li>Largeur : 18cm<\/li>\n<li>Profondeur : 22cm<\/li>\n<\/ul>\n<\/li>\n<li>Recommand\u00e9 pour\n<ul>\n<li>3 Inch Studio Monitors<\/li>\n<li>4 Inch\n<li>\n<li>4 Inch\n<li>\n<li>5 Inch<\/li>\n<li>6 Inch<\/li>\n<\/ul>\n<\/ul>\n<\/li>\n<li>Fourni par paire<\/li>\n<\/ul>\n<\/ul>\n<\/ul>\n","protected":false},"excerpt":{"rendered":"<p>Support de table pour moniteurs de studio ou haut-parleurs<\/p>\n<p>Support pour moniteurs de studio ou haut-parleurs<\/p>\n<p \n\n","protected":false},"featured_media":17840,"comment_status":"open","ping_status":"closed","template":"","meta":{"_acf_changed":false},"product_cat":[447],"product_tag":[],"class_list":{"0":"post-36922","1":"product","2":"type-product","3":"status-publish","4":"has-post-thumbnail","6":"product_cat-supports-de-moniteurs-de-studio","8":"first","9":"instock","10":"shipping-taxable","11":"product-type-simple"},"acf":[],"yoast_head":"<!-- This site is optimized with the Yoast SEO plugin v27.0 - https:\/\/yoast.com\/product\/yoast-seo-wordpress\/ -->\n<title>STM20 Black - Audibax<\/title>\n<meta name=\"robots\" content=\"index, follow, max-snippet:-1, max-image-preview:large, max-video-preview:-1\" \/>\n<link rel=\"canonical\" href=\"https:\/\/audibax.com\/fr\/produit\/stm20-black-2\/\" \/>\n<meta property=\"og:locale\" content=\"fr_FR\" \/>\n<meta property=\"og:type\" content=\"article\" \/>\n<meta property=\"og:title\" content=\"STM20 Black - Audibax\" \/>\n<meta property=\"og:description\" content=\"Support de table pour moniteurs de studio ou haut-parleurs Support pour moniteurs de studio ou haut-parleurs\" \/>\n<meta property=\"og:url\" content=\"https:\/\/audibax.com\/fr\/produit\/stm20-black-2\/\" \/>\n<meta property=\"og:site_name\" content=\"Audibax\" \/>\n<meta property=\"article:modified_time\" content=\"2023-12-27T11:02:03+00:00\" \/>\n<meta name=\"twitter:card\" content=\"summary_large_image\" \/>\n<meta name=\"twitter:label1\" content=\"Dur\u00e9e de lecture estim\u00e9e\" \/>\n\t<meta name=\"twitter:data1\" content=\"1 minute\" \/>\n<script type=\"application\/ld+json\" class=\"yoast-schema-graph\">{\"@context\":\"https:\/\/schema.org\",\"@graph\":[{\"@type\":\"WebPage\",\"@id\":\"https:\/\/audibax.com\/fr\/produit\/stm20-black-2\/\",\"url\":\"https:\/\/audibax.com\/fr\/produit\/stm20-black-2\/\",\"name\":\"STM20 Black - Audibax\",\"isPartOf\":{\"@id\":\"https:\/\/audibax.com\/fr\/#website\"},\"primaryImageOfPage\":{\"@id\":\"https:\/\/audibax.com\/fr\/produit\/stm20-black-2\/#primaryimage\"},\"image\":{\"@id\":\"https:\/\/audibax.com\/fr\/produit\/stm20-black-2\/#primaryimage\"},\"thumbnailUrl\":\"https:\/\/audibax.com\/wp-content\/uploads\/2023\/12\/audibax-stm-20.jpg\",\"datePublished\":\"2023-12-11T12:57:36+00:00\",\"dateModified\":\"2023-12-27T11:02:03+00:00\",\"breadcrumb\":{\"@id\":\"https:\/\/audibax.com\/fr\/produit\/stm20-black-2\/#breadcrumb\"},\"inLanguage\":\"fr-FR\",\"potentialAction\":[{\"@type\":\"ReadAction\",\"target\":[\"https:\/\/audibax.com\/fr\/produit\/stm20-black-2\/\"]}]},{\"@type\":\"ImageObject\",\"inLanguage\":\"fr-FR\",\"@id\":\"https:\/\/audibax.com\/fr\/produit\/stm20-black-2\/#primaryimage\",\"url\":\"https:\/\/audibax.com\/wp-content\/uploads\/2023\/12\/audibax-stm-20.jpg\",\"contentUrl\":\"https:\/\/audibax.com\/wp-content\/uploads\/2023\/12\/audibax-stm-20.jpg\",\"width\":1450,\"height\":1061},{\"@type\":\"BreadcrumbList\",\"@id\":\"https:\/\/audibax.com\/fr\/produit\/stm20-black-2\/#breadcrumb\",\"itemListElement\":[{\"@type\":\"ListItem\",\"position\":1,\"name\":\"Portada\",\"item\":\"https:\/\/audibax.com\/fr\/\"},{\"@type\":\"ListItem\",\"position\":2,\"name\":\"Produits\",\"item\":\"https:\/\/audibax.com\/fr\/shop\/\"},{\"@type\":\"ListItem\",\"position\":3,\"name\":\"STM20 Black\"}]},{\"@type\":\"WebSite\",\"@id\":\"https:\/\/audibax.com\/fr\/#website\",\"url\":\"https:\/\/audibax.com\/fr\/\",\"name\":\"Audibax\",\"description\":\"\",\"publisher\":{\"@id\":\"https:\/\/audibax.com\/fr\/#organization\"},\"potentialAction\":[{\"@type\":\"SearchAction\",\"target\":{\"@type\":\"EntryPoint\",\"urlTemplate\":\"https:\/\/audibax.com\/fr\/?s={search_term_string}\"},\"query-input\":{\"@type\":\"PropertyValueSpecification\",\"valueRequired\":true,\"valueName\":\"search_term_string\"}}],\"inLanguage\":\"fr-FR\"},{\"@type\":\"Organization\",\"@id\":\"https:\/\/audibax.com\/fr\/#organization\",\"name\":\"Audibax\",\"url\":\"https:\/\/audibax.com\/fr\/\",\"logo\":{\"@type\":\"ImageObject\",\"inLanguage\":\"fr-FR\",\"@id\":\"https:\/\/audibax.com\/fr\/#\/schema\/logo\/image\/\",\"url\":\"https:\/\/audibax.com\/wp-content\/uploads\/2023\/09\/logo-Audibax-BLANCO-SVG-1.svg\",\"contentUrl\":\"https:\/\/audibax.com\/wp-content\/uploads\/2023\/09\/logo-Audibax-BLANCO-SVG-1.svg\",\"caption\":\"Audibax\"},\"image\":{\"@id\":\"https:\/\/audibax.com\/fr\/#\/schema\/logo\/image\/\"}}]}<\/script>\n<!-- \/ Yoast SEO plugin. -->","yoast_head_json":{"title":"STM20 Black - Audibax","robots":{"index":"index","follow":"follow","max-snippet":"max-snippet:-1","max-image-preview":"max-image-preview:large","max-video-preview":"max-video-preview:-1"},"canonical":"https:\/\/audibax.com\/fr\/produit\/stm20-black-2\/","og_locale":"fr_FR","og_type":"article","og_title":"STM20 Black - Audibax","og_description":"Support de table pour moniteurs de studio ou haut-parleurs Support pour moniteurs de studio ou haut-parleurs","og_url":"https:\/\/audibax.com\/fr\/produit\/stm20-black-2\/","og_site_name":"Audibax","article_modified_time":"2023-12-27T11:02:03+00:00","twitter_card":"summary_large_image","twitter_misc":{"Dur\u00e9e de lecture estim\u00e9e":"1 minute"},"schema":{"@context":"https:\/\/schema.org","@graph":[{"@type":"WebPage","@id":"https:\/\/audibax.com\/fr\/produit\/stm20-black-2\/","url":"https:\/\/audibax.com\/fr\/produit\/stm20-black-2\/","name":"STM20 Black - Audibax","isPartOf":{"@id":"https:\/\/audibax.com\/fr\/#website"},"primaryImageOfPage":{"@id":"https:\/\/audibax.com\/fr\/produit\/stm20-black-2\/#primaryimage"},"image":{"@id":"https:\/\/audibax.com\/fr\/produit\/stm20-black-2\/#primaryimage"},"thumbnailUrl":"https:\/\/audibax.com\/wp-content\/uploads\/2023\/12\/audibax-stm-20.jpg","datePublished":"2023-12-11T12:57:36+00:00","dateModified":"2023-12-27T11:02:03+00:00","breadcrumb":{"@id":"https:\/\/audibax.com\/fr\/produit\/stm20-black-2\/#breadcrumb"},"inLanguage":"fr-FR","potentialAction":[{"@type":"ReadAction","target":["https:\/\/audibax.com\/fr\/produit\/stm20-black-2\/"]}]},{"@type":"ImageObject","inLanguage":"fr-FR","@id":"https:\/\/audibax.com\/fr\/produit\/stm20-black-2\/#primaryimage","url":"https:\/\/audibax.com\/wp-content\/uploads\/2023\/12\/audibax-stm-20.jpg","contentUrl":"https:\/\/audibax.com\/wp-content\/uploads\/2023\/12\/audibax-stm-20.jpg","width":1450,"height":1061},{"@type":"BreadcrumbList","@id":"https:\/\/audibax.com\/fr\/produit\/stm20-black-2\/#breadcrumb","itemListElement":[{"@type":"ListItem","position":1,"name":"Portada","item":"https:\/\/audibax.com\/fr\/"},{"@type":"ListItem","position":2,"name":"Produits","item":"https:\/\/audibax.com\/fr\/shop\/"},{"@type":"ListItem","position":3,"name":"STM20 Black"}]},{"@type":"WebSite","@id":"https:\/\/audibax.com\/fr\/#website","url":"https:\/\/audibax.com\/fr\/","name":"Audibax","description":"","publisher":{"@id":"https:\/\/audibax.com\/fr\/#organization"},"potentialAction":[{"@type":"SearchAction","target":{"@type":"EntryPoint","urlTemplate":"https:\/\/audibax.com\/fr\/?s={search_term_string}"},"query-input":{"@type":"PropertyValueSpecification","valueRequired":true,"valueName":"search_term_string"}}],"inLanguage":"fr-FR"},{"@type":"Organization","@id":"https:\/\/audibax.com\/fr\/#organization","name":"Audibax","url":"https:\/\/audibax.com\/fr\/","logo":{"@type":"ImageObject","inLanguage":"fr-FR","@id":"https:\/\/audibax.com\/fr\/#\/schema\/logo\/image\/","url":"https:\/\/audibax.com\/wp-content\/uploads\/2023\/09\/logo-Audibax-BLANCO-SVG-1.svg","contentUrl":"https:\/\/audibax.com\/wp-content\/uploads\/2023\/09\/logo-Audibax-BLANCO-SVG-1.svg","caption":"Audibax"},"image":{"@id":"https:\/\/audibax.com\/fr\/#\/schema\/logo\/image\/"}}]}},"_links":{"self":[{"href":"https:\/\/audibax.com\/fr\/wp-json\/wp\/v2\/product\/36922","targetHints":{"allow":["GET"]}}],"collection":[{"href":"https:\/\/audibax.com\/fr\/wp-json\/wp\/v2\/product"}],"about":[{"href":"https:\/\/audibax.com\/fr\/wp-json\/wp\/v2\/types\/product"}],"replies":[{"embeddable":true,"href":"https:\/\/audibax.com\/fr\/wp-json\/wp\/v2\/comments?post=36922"}],"wp:featuredmedia":[{"embeddable":true,"href":"https:\/\/audibax.com\/fr\/wp-json\/wp\/v2\/media\/17840"}],"wp:attachment":[{"href":"https:\/\/audibax.com\/fr\/wp-json\/wp\/v2\/media?parent=36922"}],"wp:term":[{"taxonomy":"product_cat","embeddable":true,"href":"https:\/\/audibax.com\/fr\/wp-json\/wp\/v2\/product_cat?post=36922"},{"taxonomy":"product_tag","embeddable":true,"href":"https:\/\/audibax.com\/fr\/wp-json\/wp\/v2\/product_tag?post=36922"}],"curies":[{"name":"wp","href":"https:\/\/api.w.org\/{rel}","templated":true}]}}