{"id":36921,"date":"2023-12-11T15:08:18","date_gmt":"2023-12-11T14:08:18","guid":{"rendered":"https:\/\/audibax.com\/product\/pad-5-plus-black-2\/"},"modified":"2023-12-27T12:02:03","modified_gmt":"2023-12-27T11:02:03","slug":"pad-5-plus-black-2","status":"publish","type":"product","link":"https:\/\/audibax.com\/fr\/produit\/pad-5-plus-black-2\/","title":{"rendered":"Pad 5 Plus Black"},"content":{"rendered":"<p><L'Audibax <strong>PAD 5 PLUS<\/strong> est un isolateur acoustique de haute densit\u00e9 utilis\u00e9 pour \u00e9viter toute r\u00e9sonance avec la surface d&rsquo;appui, ce qui permet aux moniteurs audio de reproduire un son fid\u00e8le sans aucune vibration suppl\u00e9mentaire. Ils sont sp\u00e9cialement con\u00e7us pour \u00eatre utilis\u00e9s dans les studios d&rsquo;enregistrement professionnels et domestiques. \u00c9vitez les vibrations avec vos PADS et obtenez le son que vous recherchiez avec un r\u00e9sultat \u00e9tonnant.<\/p>\n<p>Ce coussin d&rsquo;isolation pour moniteurs est recommand\u00e9 pour une utilisation avec les tailles de moniteurs suivantes<\/p>\n<ul>\n<li>4 Inch<\/li>\n<li>5 Inch<\/li>\n<li>6 Inch. Dans cette taille de moniteur\/enceinte, il se peut que le moniteur soit un peu surdimensionn\u00e9 en fonction de la taille.<\/li>\n<\/ul>\n<p>&nbsp;<\/p>\n<h2>Sp\u00e9cifications<\/h2>\n<p>&nbsp;<\/p>\n<ul>\n<li>Mat\u00e9riau : Mousse ac&uacute;stic de haute densit\u00e9 FOAM<\/li>\n<li>Couleur : Noir<\/li>\n<li>Dimensions :\n<ul style=\"list-style-type:circle\">\n<li>Hauteur : 6cm<\/li>\n<li>Largeur : 19cm<\/li>\n<li>Profondeur : 24.2cm<\/li>\n<\/ul>\n<\/li>\n<\/li>\n<\/ul>\n","protected":false},"excerpt":{"rendered":"<ul>\n<li>Isolation acoustique<\/li>\n<li>Mat\u00e9riau : mousse acoustique haute densit\u00e9<\/li>\n<li>Socle interm\u00e9diaire en fonte pour assurer la stabilit\u00e9 du support.<\/li>\n<li>Couleur : Noir<\/li>\n<li>Vendu individuellement<\/li>\n<\/ul>\n<\/ul>\n<li>Vendu \u00e0 l&rsquo;unit\u00e9.<br \/>\n","protected":false},"featured_media":18557,"comment_status":"open","ping_status":"closed","template":"","meta":{"_acf_changed":false},"product_cat":[447],"product_tag":[],"class_list":{"0":"post-36921","1":"product","2":"type-product","3":"status-publish","4":"has-post-thumbnail","6":"product_cat-supports-de-moniteurs-de-studio","8":"first","9":"instock","10":"shipping-taxable","11":"product-type-simple"},"acf":[],"yoast_head":"<!-- This site is optimized with the Yoast SEO plugin v27.0 - https:\/\/yoast.com\/product\/yoast-seo-wordpress\/ -->\n<title>Pad 5 Plus Black - Audibax<\/title>\n<meta name=\"robots\" content=\"index, follow, max-snippet:-1, max-image-preview:large, max-video-preview:-1\" \/>\n<link rel=\"canonical\" href=\"https:\/\/audibax.com\/fr\/produit\/pad-5-plus-black-2\/\" \/>\n<meta property=\"og:locale\" content=\"fr_FR\" \/>\n<meta property=\"og:type\" content=\"article\" \/>\n<meta property=\"og:title\" content=\"Pad 5 Plus Black - Audibax\" \/>\n<meta property=\"og:description\" content=\"Isolation acoustique Mat\u00e9riau : mousse acoustique haute densit\u00e9 Socle interm\u00e9diaire en fonte pour assurer la stabilit\u00e9 du support. Couleur : Noir Vendu individuellement  Vendu \u00e0 l&#039;unit\u00e9.\" \/>\n<meta property=\"og:url\" content=\"https:\/\/audibax.com\/fr\/produit\/pad-5-plus-black-2\/\" \/>\n<meta property=\"og:site_name\" content=\"Audibax\" \/>\n<meta property=\"article:modified_time\" content=\"2023-12-27T11:02:03+00:00\" \/>\n<meta name=\"twitter:card\" content=\"summary_large_image\" \/>\n<script type=\"application\/ld+json\" class=\"yoast-schema-graph\">{\"@context\":\"https:\/\/schema.org\",\"@graph\":[{\"@type\":\"WebPage\",\"@id\":\"https:\/\/audibax.com\/fr\/produit\/pad-5-plus-black-2\/\",\"url\":\"https:\/\/audibax.com\/fr\/produit\/pad-5-plus-black-2\/\",\"name\":\"Pad 5 Plus Black - Audibax\",\"isPartOf\":{\"@id\":\"https:\/\/audibax.com\/fr\/#website\"},\"primaryImageOfPage\":{\"@id\":\"https:\/\/audibax.com\/fr\/produit\/pad-5-plus-black-2\/#primaryimage\"},\"image\":{\"@id\":\"https:\/\/audibax.com\/fr\/produit\/pad-5-plus-black-2\/#primaryimage\"},\"thumbnailUrl\":\"https:\/\/audibax.com\/wp-content\/uploads\/2023\/12\/Pad-5-plus-pad-aislamiento-comprar.jpg\",\"datePublished\":\"2023-12-11T14:08:18+00:00\",\"dateModified\":\"2023-12-27T11:02:03+00:00\",\"breadcrumb\":{\"@id\":\"https:\/\/audibax.com\/fr\/produit\/pad-5-plus-black-2\/#breadcrumb\"},\"inLanguage\":\"fr-FR\",\"potentialAction\":[{\"@type\":\"ReadAction\",\"target\":[\"https:\/\/audibax.com\/fr\/produit\/pad-5-plus-black-2\/\"]}]},{\"@type\":\"ImageObject\",\"inLanguage\":\"fr-FR\",\"@id\":\"https:\/\/audibax.com\/fr\/produit\/pad-5-plus-black-2\/#primaryimage\",\"url\":\"https:\/\/audibax.com\/wp-content\/uploads\/2023\/12\/Pad-5-plus-pad-aislamiento-comprar.jpg\",\"contentUrl\":\"https:\/\/audibax.com\/wp-content\/uploads\/2023\/12\/Pad-5-plus-pad-aislamiento-comprar.jpg\",\"width\":1500,\"height\":862},{\"@type\":\"BreadcrumbList\",\"@id\":\"https:\/\/audibax.com\/fr\/produit\/pad-5-plus-black-2\/#breadcrumb\",\"itemListElement\":[{\"@type\":\"ListItem\",\"position\":1,\"name\":\"Portada\",\"item\":\"https:\/\/audibax.com\/fr\/\"},{\"@type\":\"ListItem\",\"position\":2,\"name\":\"Produits\",\"item\":\"https:\/\/audibax.com\/fr\/shop\/\"},{\"@type\":\"ListItem\",\"position\":3,\"name\":\"Pad 5 Plus Black\"}]},{\"@type\":\"WebSite\",\"@id\":\"https:\/\/audibax.com\/fr\/#website\",\"url\":\"https:\/\/audibax.com\/fr\/\",\"name\":\"Audibax\",\"description\":\"\",\"publisher\":{\"@id\":\"https:\/\/audibax.com\/fr\/#organization\"},\"potentialAction\":[{\"@type\":\"SearchAction\",\"target\":{\"@type\":\"EntryPoint\",\"urlTemplate\":\"https:\/\/audibax.com\/fr\/?s={search_term_string}\"},\"query-input\":{\"@type\":\"PropertyValueSpecification\",\"valueRequired\":true,\"valueName\":\"search_term_string\"}}],\"inLanguage\":\"fr-FR\"},{\"@type\":\"Organization\",\"@id\":\"https:\/\/audibax.com\/fr\/#organization\",\"name\":\"Audibax\",\"url\":\"https:\/\/audibax.com\/fr\/\",\"logo\":{\"@type\":\"ImageObject\",\"inLanguage\":\"fr-FR\",\"@id\":\"https:\/\/audibax.com\/fr\/#\/schema\/logo\/image\/\",\"url\":\"https:\/\/audibax.com\/wp-content\/uploads\/2023\/09\/logo-Audibax-BLANCO-SVG-1.svg\",\"contentUrl\":\"https:\/\/audibax.com\/wp-content\/uploads\/2023\/09\/logo-Audibax-BLANCO-SVG-1.svg\",\"caption\":\"Audibax\"},\"image\":{\"@id\":\"https:\/\/audibax.com\/fr\/#\/schema\/logo\/image\/\"}}]}<\/script>\n<!-- \/ Yoast SEO plugin. -->","yoast_head_json":{"title":"Pad 5 Plus Black - Audibax","robots":{"index":"index","follow":"follow","max-snippet":"max-snippet:-1","max-image-preview":"max-image-preview:large","max-video-preview":"max-video-preview:-1"},"canonical":"https:\/\/audibax.com\/fr\/produit\/pad-5-plus-black-2\/","og_locale":"fr_FR","og_type":"article","og_title":"Pad 5 Plus Black - Audibax","og_description":"Isolation acoustique Mat\u00e9riau : mousse acoustique haute densit\u00e9 Socle interm\u00e9diaire en fonte pour assurer la stabilit\u00e9 du support. Couleur : Noir Vendu individuellement  Vendu \u00e0 l'unit\u00e9.","og_url":"https:\/\/audibax.com\/fr\/produit\/pad-5-plus-black-2\/","og_site_name":"Audibax","article_modified_time":"2023-12-27T11:02:03+00:00","twitter_card":"summary_large_image","schema":{"@context":"https:\/\/schema.org","@graph":[{"@type":"WebPage","@id":"https:\/\/audibax.com\/fr\/produit\/pad-5-plus-black-2\/","url":"https:\/\/audibax.com\/fr\/produit\/pad-5-plus-black-2\/","name":"Pad 5 Plus Black - Audibax","isPartOf":{"@id":"https:\/\/audibax.com\/fr\/#website"},"primaryImageOfPage":{"@id":"https:\/\/audibax.com\/fr\/produit\/pad-5-plus-black-2\/#primaryimage"},"image":{"@id":"https:\/\/audibax.com\/fr\/produit\/pad-5-plus-black-2\/#primaryimage"},"thumbnailUrl":"https:\/\/audibax.com\/wp-content\/uploads\/2023\/12\/Pad-5-plus-pad-aislamiento-comprar.jpg","datePublished":"2023-12-11T14:08:18+00:00","dateModified":"2023-12-27T11:02:03+00:00","breadcrumb":{"@id":"https:\/\/audibax.com\/fr\/produit\/pad-5-plus-black-2\/#breadcrumb"},"inLanguage":"fr-FR","potentialAction":[{"@type":"ReadAction","target":["https:\/\/audibax.com\/fr\/produit\/pad-5-plus-black-2\/"]}]},{"@type":"ImageObject","inLanguage":"fr-FR","@id":"https:\/\/audibax.com\/fr\/produit\/pad-5-plus-black-2\/#primaryimage","url":"https:\/\/audibax.com\/wp-content\/uploads\/2023\/12\/Pad-5-plus-pad-aislamiento-comprar.jpg","contentUrl":"https:\/\/audibax.com\/wp-content\/uploads\/2023\/12\/Pad-5-plus-pad-aislamiento-comprar.jpg","width":1500,"height":862},{"@type":"BreadcrumbList","@id":"https:\/\/audibax.com\/fr\/produit\/pad-5-plus-black-2\/#breadcrumb","itemListElement":[{"@type":"ListItem","position":1,"name":"Portada","item":"https:\/\/audibax.com\/fr\/"},{"@type":"ListItem","position":2,"name":"Produits","item":"https:\/\/audibax.com\/fr\/shop\/"},{"@type":"ListItem","position":3,"name":"Pad 5 Plus Black"}]},{"@type":"WebSite","@id":"https:\/\/audibax.com\/fr\/#website","url":"https:\/\/audibax.com\/fr\/","name":"Audibax","description":"","publisher":{"@id":"https:\/\/audibax.com\/fr\/#organization"},"potentialAction":[{"@type":"SearchAction","target":{"@type":"EntryPoint","urlTemplate":"https:\/\/audibax.com\/fr\/?s={search_term_string}"},"query-input":{"@type":"PropertyValueSpecification","valueRequired":true,"valueName":"search_term_string"}}],"inLanguage":"fr-FR"},{"@type":"Organization","@id":"https:\/\/audibax.com\/fr\/#organization","name":"Audibax","url":"https:\/\/audibax.com\/fr\/","logo":{"@type":"ImageObject","inLanguage":"fr-FR","@id":"https:\/\/audibax.com\/fr\/#\/schema\/logo\/image\/","url":"https:\/\/audibax.com\/wp-content\/uploads\/2023\/09\/logo-Audibax-BLANCO-SVG-1.svg","contentUrl":"https:\/\/audibax.com\/wp-content\/uploads\/2023\/09\/logo-Audibax-BLANCO-SVG-1.svg","caption":"Audibax"},"image":{"@id":"https:\/\/audibax.com\/fr\/#\/schema\/logo\/image\/"}}]}},"_links":{"self":[{"href":"https:\/\/audibax.com\/fr\/wp-json\/wp\/v2\/product\/36921","targetHints":{"allow":["GET"]}}],"collection":[{"href":"https:\/\/audibax.com\/fr\/wp-json\/wp\/v2\/product"}],"about":[{"href":"https:\/\/audibax.com\/fr\/wp-json\/wp\/v2\/types\/product"}],"replies":[{"embeddable":true,"href":"https:\/\/audibax.com\/fr\/wp-json\/wp\/v2\/comments?post=36921"}],"wp:featuredmedia":[{"embeddable":true,"href":"https:\/\/audibax.com\/fr\/wp-json\/wp\/v2\/media\/18557"}],"wp:attachment":[{"href":"https:\/\/audibax.com\/fr\/wp-json\/wp\/v2\/media?parent=36921"}],"wp:term":[{"taxonomy":"product_cat","embeddable":true,"href":"https:\/\/audibax.com\/fr\/wp-json\/wp\/v2\/product_cat?post=36921"},{"taxonomy":"product_tag","embeddable":true,"href":"https:\/\/audibax.com\/fr\/wp-json\/wp\/v2\/product_tag?post=36921"}],"curies":[{"name":"wp","href":"https:\/\/api.w.org\/{rel}","templated":true}]}}