{"id":36919,"date":"2023-12-11T13:57:27","date_gmt":"2023-12-11T12:57:27","guid":{"rendered":"https:\/\/audibax.com\/product\/top-30-black-2\/"},"modified":"2023-12-27T12:02:01","modified_gmt":"2023-12-27T11:02:01","slug":"top-30-black-2","status":"publish","type":"product","link":"https:\/\/audibax.com\/fr\/produit\/top-30-black-2\/","title":{"rendered":"Top 30 Black"},"content":{"rendered":"<\/p>\n<p><strong>Audibax TOP-30 Professional Adjustable Laptop DJ Stand Professional Laptop Stand + Case<\/strong><\/strong><\/p>\n<p>Le <strong>Audibax TOP 30<\/strong> est un stand DJ extr\u00eamement stable et l\u00e9ger de haute qualit\u00e9. Il poss\u00e8de de nombreuses caract\u00e9ristiques qui en font le choix id\u00e9al<\/p>\n<p>L&rsquo;Audibax <strong>TOP 30<\/strong> est un pied de DJ l\u00e9ger extr\u00eamement stable et de haute qualit\u00e9. <\/p>\n<ul>\n<li>Tableau sup\u00e9rieur pivotant \u00e0 360\u00b0<\/li>\n<li>R\u00e9glable<\/li>\n<li>Solide<\/li>\n<li>Solidit\u00e9<\/li>\n<li>Tableau sup\u00e9rieur pivotant \u00e0 360\u00b0<\/li>\n<li>R\u00e9glable<\/li>\n<p>.li>Construction s\u00fbre<\/li>\n<li>Stabilit\u00e9<\/li>\n<li>Portabilit\u00e9<\/li>\n<\/ul>\n<p>Principalement remarquable pour avoir une hauteur r\u00e9glable et que la base sup\u00e9rieure peut \u00eatre tourn\u00e9e dans diff\u00e9rentes dimensions.<\/p>\n<p>Le Top 30 est con\u00e7u pour permettre la circulation de l&rsquo;air afin d&rsquo;\u00e9viter la surchauffe de l&rsquo;\u00e9quipement. Les deux bases comprennent des patins en caoutchouc antid\u00e9rapants qui assurent une meilleure fixation de la surface et de l&rsquo;\u00e9quipement sur le support. Il s&rsquo;agit d&rsquo;un stand pliable qui se distingue par sa rapidit\u00e9 de montage, \u00e9tant tr\u00e8s facile \u00e0 transporter puisqu&rsquo;il comprend \u00e9galement une mallette de transport qui prot\u00e8ge le stand contre les chocs, les rayures ou la salet\u00e9.<\/p>\n<\/p>\n<h2><span style=\"colour :#008080\">Sp\u00e9cifications&nbsp;Audibax TOP-30 Professional Dj Laptop Stand<\/span><\/span><\/h2>\n<ul>\n<li>Mat\u00e9riau : Aluminium<\/li>\n<li>Couleur : Noir et Gris<\/li>\n<li>Dimensions de la base inf\u00e9rieure : 26cm de large x 26cm de profondeur<\/li>\n<li>Dimensions de la base sup\u00e9rieure : 23cm de large x 23cm de profondeur<\/li>\n<li>Hauteur r\u00e9glable :\n<ul style=\"list-style-type:circle\">\n<li>M&iacute;nima : 24.5cm<\/li>\n<li>M&aacute;ximum : 36cm<\/li>\n<\/ul>\n<\/li>\n<li>Dimensions du sac : 29.5 de large x 34cm de haut<\/li>\n<\/ul>\n<\/ul>\n","protected":false},"excerpt":{"rendered":"<\/p>\n<p><span style=\"color:#008080\">Laptop Dj Professional Aluminium Audibax Stand<\/span><\/p>\n<p>.<\/p>\n","protected":false},"featured_media":17873,"comment_status":"open","ping_status":"closed","template":"","meta":{"_acf_changed":false},"product_cat":[429],"product_tag":[],"class_list":{"0":"post-36919","1":"product","2":"type-product","3":"status-publish","4":"has-post-thumbnail","6":"product_cat-supports-pour-dj","8":"first","9":"instock","10":"shipping-taxable","11":"product-type-simple"},"acf":[],"yoast_head":"<!-- This site is optimized with the Yoast SEO plugin v27.0 - https:\/\/yoast.com\/product\/yoast-seo-wordpress\/ -->\n<title>Top 30 Black - Audibax<\/title>\n<meta name=\"robots\" content=\"index, follow, max-snippet:-1, max-image-preview:large, max-video-preview:-1\" \/>\n<link rel=\"canonical\" href=\"https:\/\/audibax.com\/fr\/produit\/top-30-black-2\/\" \/>\n<meta property=\"og:locale\" content=\"fr_FR\" \/>\n<meta property=\"og:type\" content=\"article\" \/>\n<meta property=\"og:title\" content=\"Top 30 Black - Audibax\" \/>\n<meta property=\"og:description\" content=\"Laptop Dj Professional Aluminium Audibax Stand.\" \/>\n<meta property=\"og:url\" content=\"https:\/\/audibax.com\/fr\/produit\/top-30-black-2\/\" \/>\n<meta property=\"og:site_name\" content=\"Audibax\" \/>\n<meta property=\"article:modified_time\" content=\"2023-12-27T11:02:01+00:00\" \/>\n<meta name=\"twitter:card\" content=\"summary_large_image\" \/>\n<meta name=\"twitter:label1\" content=\"Dur\u00e9e de lecture estim\u00e9e\" \/>\n\t<meta name=\"twitter:data1\" content=\"1 minute\" \/>\n<script type=\"application\/ld+json\" class=\"yoast-schema-graph\">{\"@context\":\"https:\/\/schema.org\",\"@graph\":[{\"@type\":\"WebPage\",\"@id\":\"https:\/\/audibax.com\/fr\/produit\/top-30-black-2\/\",\"url\":\"https:\/\/audibax.com\/fr\/produit\/top-30-black-2\/\",\"name\":\"Top 30 Black - Audibax\",\"isPartOf\":{\"@id\":\"https:\/\/audibax.com\/fr\/#website\"},\"primaryImageOfPage\":{\"@id\":\"https:\/\/audibax.com\/fr\/produit\/top-30-black-2\/#primaryimage\"},\"image\":{\"@id\":\"https:\/\/audibax.com\/fr\/produit\/top-30-black-2\/#primaryimage\"},\"thumbnailUrl\":\"https:\/\/audibax.com\/wp-content\/uploads\/2023\/12\/audibax-top-30.jpg\",\"datePublished\":\"2023-12-11T12:57:27+00:00\",\"dateModified\":\"2023-12-27T11:02:01+00:00\",\"breadcrumb\":{\"@id\":\"https:\/\/audibax.com\/fr\/produit\/top-30-black-2\/#breadcrumb\"},\"inLanguage\":\"fr-FR\",\"potentialAction\":[{\"@type\":\"ReadAction\",\"target\":[\"https:\/\/audibax.com\/fr\/produit\/top-30-black-2\/\"]}]},{\"@type\":\"ImageObject\",\"inLanguage\":\"fr-FR\",\"@id\":\"https:\/\/audibax.com\/fr\/produit\/top-30-black-2\/#primaryimage\",\"url\":\"https:\/\/audibax.com\/wp-content\/uploads\/2023\/12\/audibax-top-30.jpg\",\"contentUrl\":\"https:\/\/audibax.com\/wp-content\/uploads\/2023\/12\/audibax-top-30.jpg\",\"width\":1126,\"height\":1450},{\"@type\":\"BreadcrumbList\",\"@id\":\"https:\/\/audibax.com\/fr\/produit\/top-30-black-2\/#breadcrumb\",\"itemListElement\":[{\"@type\":\"ListItem\",\"position\":1,\"name\":\"Portada\",\"item\":\"https:\/\/audibax.com\/fr\/\"},{\"@type\":\"ListItem\",\"position\":2,\"name\":\"Produits\",\"item\":\"https:\/\/audibax.com\/fr\/shop\/\"},{\"@type\":\"ListItem\",\"position\":3,\"name\":\"Top 30 Black\"}]},{\"@type\":\"WebSite\",\"@id\":\"https:\/\/audibax.com\/fr\/#website\",\"url\":\"https:\/\/audibax.com\/fr\/\",\"name\":\"Audibax\",\"description\":\"\",\"publisher\":{\"@id\":\"https:\/\/audibax.com\/fr\/#organization\"},\"potentialAction\":[{\"@type\":\"SearchAction\",\"target\":{\"@type\":\"EntryPoint\",\"urlTemplate\":\"https:\/\/audibax.com\/fr\/?s={search_term_string}\"},\"query-input\":{\"@type\":\"PropertyValueSpecification\",\"valueRequired\":true,\"valueName\":\"search_term_string\"}}],\"inLanguage\":\"fr-FR\"},{\"@type\":\"Organization\",\"@id\":\"https:\/\/audibax.com\/fr\/#organization\",\"name\":\"Audibax\",\"url\":\"https:\/\/audibax.com\/fr\/\",\"logo\":{\"@type\":\"ImageObject\",\"inLanguage\":\"fr-FR\",\"@id\":\"https:\/\/audibax.com\/fr\/#\/schema\/logo\/image\/\",\"url\":\"https:\/\/audibax.com\/wp-content\/uploads\/2023\/09\/logo-Audibax-BLANCO-SVG-1.svg\",\"contentUrl\":\"https:\/\/audibax.com\/wp-content\/uploads\/2023\/09\/logo-Audibax-BLANCO-SVG-1.svg\",\"caption\":\"Audibax\"},\"image\":{\"@id\":\"https:\/\/audibax.com\/fr\/#\/schema\/logo\/image\/\"}}]}<\/script>\n<!-- \/ Yoast SEO plugin. -->","yoast_head_json":{"title":"Top 30 Black - Audibax","robots":{"index":"index","follow":"follow","max-snippet":"max-snippet:-1","max-image-preview":"max-image-preview:large","max-video-preview":"max-video-preview:-1"},"canonical":"https:\/\/audibax.com\/fr\/produit\/top-30-black-2\/","og_locale":"fr_FR","og_type":"article","og_title":"Top 30 Black - Audibax","og_description":"Laptop Dj Professional Aluminium Audibax Stand.","og_url":"https:\/\/audibax.com\/fr\/produit\/top-30-black-2\/","og_site_name":"Audibax","article_modified_time":"2023-12-27T11:02:01+00:00","twitter_card":"summary_large_image","twitter_misc":{"Dur\u00e9e de lecture estim\u00e9e":"1 minute"},"schema":{"@context":"https:\/\/schema.org","@graph":[{"@type":"WebPage","@id":"https:\/\/audibax.com\/fr\/produit\/top-30-black-2\/","url":"https:\/\/audibax.com\/fr\/produit\/top-30-black-2\/","name":"Top 30 Black - Audibax","isPartOf":{"@id":"https:\/\/audibax.com\/fr\/#website"},"primaryImageOfPage":{"@id":"https:\/\/audibax.com\/fr\/produit\/top-30-black-2\/#primaryimage"},"image":{"@id":"https:\/\/audibax.com\/fr\/produit\/top-30-black-2\/#primaryimage"},"thumbnailUrl":"https:\/\/audibax.com\/wp-content\/uploads\/2023\/12\/audibax-top-30.jpg","datePublished":"2023-12-11T12:57:27+00:00","dateModified":"2023-12-27T11:02:01+00:00","breadcrumb":{"@id":"https:\/\/audibax.com\/fr\/produit\/top-30-black-2\/#breadcrumb"},"inLanguage":"fr-FR","potentialAction":[{"@type":"ReadAction","target":["https:\/\/audibax.com\/fr\/produit\/top-30-black-2\/"]}]},{"@type":"ImageObject","inLanguage":"fr-FR","@id":"https:\/\/audibax.com\/fr\/produit\/top-30-black-2\/#primaryimage","url":"https:\/\/audibax.com\/wp-content\/uploads\/2023\/12\/audibax-top-30.jpg","contentUrl":"https:\/\/audibax.com\/wp-content\/uploads\/2023\/12\/audibax-top-30.jpg","width":1126,"height":1450},{"@type":"BreadcrumbList","@id":"https:\/\/audibax.com\/fr\/produit\/top-30-black-2\/#breadcrumb","itemListElement":[{"@type":"ListItem","position":1,"name":"Portada","item":"https:\/\/audibax.com\/fr\/"},{"@type":"ListItem","position":2,"name":"Produits","item":"https:\/\/audibax.com\/fr\/shop\/"},{"@type":"ListItem","position":3,"name":"Top 30 Black"}]},{"@type":"WebSite","@id":"https:\/\/audibax.com\/fr\/#website","url":"https:\/\/audibax.com\/fr\/","name":"Audibax","description":"","publisher":{"@id":"https:\/\/audibax.com\/fr\/#organization"},"potentialAction":[{"@type":"SearchAction","target":{"@type":"EntryPoint","urlTemplate":"https:\/\/audibax.com\/fr\/?s={search_term_string}"},"query-input":{"@type":"PropertyValueSpecification","valueRequired":true,"valueName":"search_term_string"}}],"inLanguage":"fr-FR"},{"@type":"Organization","@id":"https:\/\/audibax.com\/fr\/#organization","name":"Audibax","url":"https:\/\/audibax.com\/fr\/","logo":{"@type":"ImageObject","inLanguage":"fr-FR","@id":"https:\/\/audibax.com\/fr\/#\/schema\/logo\/image\/","url":"https:\/\/audibax.com\/wp-content\/uploads\/2023\/09\/logo-Audibax-BLANCO-SVG-1.svg","contentUrl":"https:\/\/audibax.com\/wp-content\/uploads\/2023\/09\/logo-Audibax-BLANCO-SVG-1.svg","caption":"Audibax"},"image":{"@id":"https:\/\/audibax.com\/fr\/#\/schema\/logo\/image\/"}}]}},"_links":{"self":[{"href":"https:\/\/audibax.com\/fr\/wp-json\/wp\/v2\/product\/36919","targetHints":{"allow":["GET"]}}],"collection":[{"href":"https:\/\/audibax.com\/fr\/wp-json\/wp\/v2\/product"}],"about":[{"href":"https:\/\/audibax.com\/fr\/wp-json\/wp\/v2\/types\/product"}],"replies":[{"embeddable":true,"href":"https:\/\/audibax.com\/fr\/wp-json\/wp\/v2\/comments?post=36919"}],"wp:featuredmedia":[{"embeddable":true,"href":"https:\/\/audibax.com\/fr\/wp-json\/wp\/v2\/media\/17873"}],"wp:attachment":[{"href":"https:\/\/audibax.com\/fr\/wp-json\/wp\/v2\/media?parent=36919"}],"wp:term":[{"taxonomy":"product_cat","embeddable":true,"href":"https:\/\/audibax.com\/fr\/wp-json\/wp\/v2\/product_cat?post=36919"},{"taxonomy":"product_tag","embeddable":true,"href":"https:\/\/audibax.com\/fr\/wp-json\/wp\/v2\/product_tag?post=36919"}],"curies":[{"name":"wp","href":"https:\/\/api.w.org\/{rel}","templated":true}]}}