{"id":36918,"date":"2023-12-11T13:57:13","date_gmt":"2023-12-11T12:57:13","guid":{"rendered":"https:\/\/audibax.com\/product\/sm2-black-2\/"},"modified":"2023-12-27T12:02:00","modified_gmt":"2023-12-27T11:02:00","slug":"sm2-black-2","status":"publish","type":"product","link":"https:\/\/audibax.com\/fr\/produit\/sm2-black-2\/","title":{"rendered":"SM2 Black"},"content":{"rendered":"<\/p>\n<p>&iexcl;<strong>Le support pour moniteur\/enceinte de studio Audibax NEO-SM2<\/strong> est le choix id\u00e9al ! Il est \u00e9quip\u00e9 d&rsquo;une base triangulaire robuste qui offre une excellente fermet\u00e9 et stabilit\u00e9. Gr\u00e2ce au mat\u00e9riau en caoutchouc qui constitue les pieds du support, les vibrations sont r\u00e9duites lorsque les enceintes sont sous tension pour une isolation efficace du sol.<\/p>\n<p>Il est id\u00e9al pour colorer l&rsquo;enceinte \u00e0 n&rsquo;importe quelle hauteur car il dispose de six niveaux de hauteur r\u00e9glables (entre 890 mm et 1490 mm) avec une vis de verrouillage anti-rayures, vous donnant la possibilit\u00e9 d&rsquo;obtenir la hauteur souhait\u00e9e. Une goupille de s\u00e9curit\u00e9 suppl\u00e9mentaire est incluse. En outre, il dispose d&rsquo;un clip en plastique discret qui sert \u00e0 recueillir les c\u00e2bles de l&rsquo;appareil.<\/p>\n<p>Vous avez peur que les haut-parleurs tombent ? Oubliez cela, le support NEO-SM2 dispose de deux bandes de caoutchouc antid\u00e9rapantes sur sa plateforme m\u00e9tallique qui emp\u00eachent les haut-parleurs de tomber. Il est utile pour les studios, les applications ou m\u00eame \u00e0 la maison, alors si vous cherchez un support, le support pour moniteur\/enceinte de studio NEO-SM2 est le produit qu&rsquo;il vous faut !<\/p>\n<h2>Sp\u00e9cifications techniques du NEO SM2<\/h2>\n<ul>\n<li>Support de moniteur professionnel avec base triangulaire<\/li>\n<li>Dimensions du support de moniteur : 23cm x 23cm<\/li>\n<li>Possibilit\u00e9 de r\u00e9gler la hauteur sur 6 niveaux (89, 101, 113, 125 137 et 149 cm)<\/li>\n<li>Hauteur minimale : 88,5 cm<\/li>\n<li>Hauteur maximale : 149 cm<\/li>\n<li>Longueur des pieds en caoutchouc : 29 cm (apr\u00e8s insertion dans la base)<\/li>\n<li>Poids net : 4&#39;6 Kg<\/li>\n<\/ul>\n<p><img decoding=\"async\" alt=\"\" src=\"\/crm\/documents\/fckeditor\/image\/MRA\/neo-sm2-stand-monitor-studio-.png\" style=\"height:516px ; width:320px\" \/><\/p>\n<\/p>\n<p>&nbsp;<\/p>\n<\/p>\n<\/p>\n<\/p>\n<p>.<\/p>\n","protected":false},"excerpt":{"rendered":"<ul>\n<li>Support de moniteur professionnel avec base triangulaire<\/li>\n<li>Dimensions de la base du moniteur : 230mm x 230mm<\/li>\n<li>Possibilit\u00e9 d&rsquo;ajuster la hauteur sur 6 niveaux.<\/li>\n<li>Possibilit\u00e9 de r\u00e9gler la hauteur sur 6 niveaux<\/li>\n<li>Hauteur maximale : 157 cm<\/li>\n<\/ul>\n<\/ul>\n<p>.<\/p>\n","protected":false},"featured_media":18647,"comment_status":"open","ping_status":"closed","template":"","meta":{"_acf_changed":false},"product_cat":[447],"product_tag":[],"class_list":{"0":"post-36918","1":"product","2":"type-product","3":"status-publish","4":"has-post-thumbnail","6":"product_cat-supports-de-moniteurs-de-studio","8":"first","9":"instock","10":"shipping-taxable","11":"product-type-simple"},"acf":[],"yoast_head":"<!-- This site is optimized with the Yoast SEO plugin v27.0 - https:\/\/yoast.com\/product\/yoast-seo-wordpress\/ -->\n<title>SM2 Black - Audibax<\/title>\n<meta name=\"robots\" content=\"index, follow, max-snippet:-1, max-image-preview:large, max-video-preview:-1\" \/>\n<link rel=\"canonical\" href=\"https:\/\/audibax.com\/fr\/produit\/sm2-black-2\/\" \/>\n<meta property=\"og:locale\" content=\"fr_FR\" \/>\n<meta property=\"og:type\" content=\"article\" \/>\n<meta property=\"og:title\" content=\"SM2 Black - Audibax\" \/>\n<meta property=\"og:description\" content=\"Support de moniteur professionnel avec base triangulaire Dimensions de la base du moniteur : 230mm x 230mm Possibilit\u00e9 d&#039;ajuster la hauteur sur 6 niveaux. Possibilit\u00e9 de r\u00e9gler la hauteur sur 6 niveaux Hauteur maximale : 157 cm .\" \/>\n<meta property=\"og:url\" content=\"https:\/\/audibax.com\/fr\/produit\/sm2-black-2\/\" \/>\n<meta property=\"og:site_name\" content=\"Audibax\" \/>\n<meta property=\"article:modified_time\" content=\"2023-12-27T11:02:00+00:00\" \/>\n<meta name=\"twitter:card\" content=\"summary_large_image\" \/>\n<meta name=\"twitter:label1\" content=\"Dur\u00e9e de lecture estim\u00e9e\" \/>\n\t<meta name=\"twitter:data1\" content=\"1 minute\" \/>\n<script type=\"application\/ld+json\" class=\"yoast-schema-graph\">{\"@context\":\"https:\/\/schema.org\",\"@graph\":[{\"@type\":\"WebPage\",\"@id\":\"https:\/\/audibax.com\/fr\/produit\/sm2-black-2\/\",\"url\":\"https:\/\/audibax.com\/fr\/produit\/sm2-black-2\/\",\"name\":\"SM2 Black - Audibax\",\"isPartOf\":{\"@id\":\"https:\/\/audibax.com\/fr\/#website\"},\"primaryImageOfPage\":{\"@id\":\"https:\/\/audibax.com\/fr\/produit\/sm2-black-2\/#primaryimage\"},\"image\":{\"@id\":\"https:\/\/audibax.com\/fr\/produit\/sm2-black-2\/#primaryimage\"},\"thumbnailUrl\":\"https:\/\/audibax.com\/wp-content\/uploads\/2023\/12\/soporte-monitor-studio-audibax-sm2-neo.png\",\"datePublished\":\"2023-12-11T12:57:13+00:00\",\"dateModified\":\"2023-12-27T11:02:00+00:00\",\"breadcrumb\":{\"@id\":\"https:\/\/audibax.com\/fr\/produit\/sm2-black-2\/#breadcrumb\"},\"inLanguage\":\"fr-FR\",\"potentialAction\":[{\"@type\":\"ReadAction\",\"target\":[\"https:\/\/audibax.com\/fr\/produit\/sm2-black-2\/\"]}]},{\"@type\":\"ImageObject\",\"inLanguage\":\"fr-FR\",\"@id\":\"https:\/\/audibax.com\/fr\/produit\/sm2-black-2\/#primaryimage\",\"url\":\"https:\/\/audibax.com\/wp-content\/uploads\/2023\/12\/soporte-monitor-studio-audibax-sm2-neo.png\",\"contentUrl\":\"https:\/\/audibax.com\/wp-content\/uploads\/2023\/12\/soporte-monitor-studio-audibax-sm2-neo.png\",\"width\":450,\"height\":888},{\"@type\":\"BreadcrumbList\",\"@id\":\"https:\/\/audibax.com\/fr\/produit\/sm2-black-2\/#breadcrumb\",\"itemListElement\":[{\"@type\":\"ListItem\",\"position\":1,\"name\":\"Portada\",\"item\":\"https:\/\/audibax.com\/fr\/\"},{\"@type\":\"ListItem\",\"position\":2,\"name\":\"Produits\",\"item\":\"https:\/\/audibax.com\/fr\/shop\/\"},{\"@type\":\"ListItem\",\"position\":3,\"name\":\"SM2 Black\"}]},{\"@type\":\"WebSite\",\"@id\":\"https:\/\/audibax.com\/fr\/#website\",\"url\":\"https:\/\/audibax.com\/fr\/\",\"name\":\"Audibax\",\"description\":\"\",\"publisher\":{\"@id\":\"https:\/\/audibax.com\/fr\/#organization\"},\"potentialAction\":[{\"@type\":\"SearchAction\",\"target\":{\"@type\":\"EntryPoint\",\"urlTemplate\":\"https:\/\/audibax.com\/fr\/?s={search_term_string}\"},\"query-input\":{\"@type\":\"PropertyValueSpecification\",\"valueRequired\":true,\"valueName\":\"search_term_string\"}}],\"inLanguage\":\"fr-FR\"},{\"@type\":\"Organization\",\"@id\":\"https:\/\/audibax.com\/fr\/#organization\",\"name\":\"Audibax\",\"url\":\"https:\/\/audibax.com\/fr\/\",\"logo\":{\"@type\":\"ImageObject\",\"inLanguage\":\"fr-FR\",\"@id\":\"https:\/\/audibax.com\/fr\/#\/schema\/logo\/image\/\",\"url\":\"https:\/\/audibax.com\/wp-content\/uploads\/2023\/09\/logo-Audibax-BLANCO-SVG-1.svg\",\"contentUrl\":\"https:\/\/audibax.com\/wp-content\/uploads\/2023\/09\/logo-Audibax-BLANCO-SVG-1.svg\",\"caption\":\"Audibax\"},\"image\":{\"@id\":\"https:\/\/audibax.com\/fr\/#\/schema\/logo\/image\/\"}}]}<\/script>\n<!-- \/ Yoast SEO plugin. -->","yoast_head_json":{"title":"SM2 Black - Audibax","robots":{"index":"index","follow":"follow","max-snippet":"max-snippet:-1","max-image-preview":"max-image-preview:large","max-video-preview":"max-video-preview:-1"},"canonical":"https:\/\/audibax.com\/fr\/produit\/sm2-black-2\/","og_locale":"fr_FR","og_type":"article","og_title":"SM2 Black - Audibax","og_description":"Support de moniteur professionnel avec base triangulaire Dimensions de la base du moniteur : 230mm x 230mm Possibilit\u00e9 d'ajuster la hauteur sur 6 niveaux. Possibilit\u00e9 de r\u00e9gler la hauteur sur 6 niveaux Hauteur maximale : 157 cm .","og_url":"https:\/\/audibax.com\/fr\/produit\/sm2-black-2\/","og_site_name":"Audibax","article_modified_time":"2023-12-27T11:02:00+00:00","twitter_card":"summary_large_image","twitter_misc":{"Dur\u00e9e de lecture estim\u00e9e":"1 minute"},"schema":{"@context":"https:\/\/schema.org","@graph":[{"@type":"WebPage","@id":"https:\/\/audibax.com\/fr\/produit\/sm2-black-2\/","url":"https:\/\/audibax.com\/fr\/produit\/sm2-black-2\/","name":"SM2 Black - Audibax","isPartOf":{"@id":"https:\/\/audibax.com\/fr\/#website"},"primaryImageOfPage":{"@id":"https:\/\/audibax.com\/fr\/produit\/sm2-black-2\/#primaryimage"},"image":{"@id":"https:\/\/audibax.com\/fr\/produit\/sm2-black-2\/#primaryimage"},"thumbnailUrl":"https:\/\/audibax.com\/wp-content\/uploads\/2023\/12\/soporte-monitor-studio-audibax-sm2-neo.png","datePublished":"2023-12-11T12:57:13+00:00","dateModified":"2023-12-27T11:02:00+00:00","breadcrumb":{"@id":"https:\/\/audibax.com\/fr\/produit\/sm2-black-2\/#breadcrumb"},"inLanguage":"fr-FR","potentialAction":[{"@type":"ReadAction","target":["https:\/\/audibax.com\/fr\/produit\/sm2-black-2\/"]}]},{"@type":"ImageObject","inLanguage":"fr-FR","@id":"https:\/\/audibax.com\/fr\/produit\/sm2-black-2\/#primaryimage","url":"https:\/\/audibax.com\/wp-content\/uploads\/2023\/12\/soporte-monitor-studio-audibax-sm2-neo.png","contentUrl":"https:\/\/audibax.com\/wp-content\/uploads\/2023\/12\/soporte-monitor-studio-audibax-sm2-neo.png","width":450,"height":888},{"@type":"BreadcrumbList","@id":"https:\/\/audibax.com\/fr\/produit\/sm2-black-2\/#breadcrumb","itemListElement":[{"@type":"ListItem","position":1,"name":"Portada","item":"https:\/\/audibax.com\/fr\/"},{"@type":"ListItem","position":2,"name":"Produits","item":"https:\/\/audibax.com\/fr\/shop\/"},{"@type":"ListItem","position":3,"name":"SM2 Black"}]},{"@type":"WebSite","@id":"https:\/\/audibax.com\/fr\/#website","url":"https:\/\/audibax.com\/fr\/","name":"Audibax","description":"","publisher":{"@id":"https:\/\/audibax.com\/fr\/#organization"},"potentialAction":[{"@type":"SearchAction","target":{"@type":"EntryPoint","urlTemplate":"https:\/\/audibax.com\/fr\/?s={search_term_string}"},"query-input":{"@type":"PropertyValueSpecification","valueRequired":true,"valueName":"search_term_string"}}],"inLanguage":"fr-FR"},{"@type":"Organization","@id":"https:\/\/audibax.com\/fr\/#organization","name":"Audibax","url":"https:\/\/audibax.com\/fr\/","logo":{"@type":"ImageObject","inLanguage":"fr-FR","@id":"https:\/\/audibax.com\/fr\/#\/schema\/logo\/image\/","url":"https:\/\/audibax.com\/wp-content\/uploads\/2023\/09\/logo-Audibax-BLANCO-SVG-1.svg","contentUrl":"https:\/\/audibax.com\/wp-content\/uploads\/2023\/09\/logo-Audibax-BLANCO-SVG-1.svg","caption":"Audibax"},"image":{"@id":"https:\/\/audibax.com\/fr\/#\/schema\/logo\/image\/"}}]}},"_links":{"self":[{"href":"https:\/\/audibax.com\/fr\/wp-json\/wp\/v2\/product\/36918","targetHints":{"allow":["GET"]}}],"collection":[{"href":"https:\/\/audibax.com\/fr\/wp-json\/wp\/v2\/product"}],"about":[{"href":"https:\/\/audibax.com\/fr\/wp-json\/wp\/v2\/types\/product"}],"replies":[{"embeddable":true,"href":"https:\/\/audibax.com\/fr\/wp-json\/wp\/v2\/comments?post=36918"}],"wp:featuredmedia":[{"embeddable":true,"href":"https:\/\/audibax.com\/fr\/wp-json\/wp\/v2\/media\/18647"}],"wp:attachment":[{"href":"https:\/\/audibax.com\/fr\/wp-json\/wp\/v2\/media?parent=36918"}],"wp:term":[{"taxonomy":"product_cat","embeddable":true,"href":"https:\/\/audibax.com\/fr\/wp-json\/wp\/v2\/product_cat?post=36918"},{"taxonomy":"product_tag","embeddable":true,"href":"https:\/\/audibax.com\/fr\/wp-json\/wp\/v2\/product_tag?post=36918"}],"curies":[{"name":"wp","href":"https:\/\/api.w.org\/{rel}","templated":true}]}}