{"id":36916,"date":"2023-12-27T12:01:58","date_gmt":"2023-12-27T11:01:58","guid":{"rendered":"https:\/\/audibax.com\/product\/neo-20-white-2\/"},"modified":"2023-12-27T12:01:58","modified_gmt":"2023-12-27T11:01:58","slug":"neo-20-white-2","status":"publish","type":"product","link":"https:\/\/audibax.com\/fr\/produit\/neo-20-white-2\/","title":{"rendered":"Neo 20 White"},"content":{"rendered":"<p>Le<strong>&nbsp;Audibax NEO 20 White<\/strong>&nbsp;est un support mural pour haut-parleur professionnel. Con\u00e7u pour les haut-parleurs de 35mm<strong>.<\/strong>&nbsp;Chaque support peut supporter un poids de 35 kg. Ils sont faciles \u00e0 monter et \u00e0 utiliser et offrent diff\u00e9rentes orientations, garantissant ainsi un son clair dans toutes les situations. Prix par unit\u00e9.<\/p>\n<p>Caract\u00e9ristiques:<\/p>\n<ul>\n<ul>\n<li>Mat\u00e9riau : Acier<\/li>\n<li>Capacit\u00e9 de charge :&#038;nbsp ; 35 Kg<\/li>\n<li>Mouvement : Inclinable de 90&#038;ordm ; \u00e0 125&#038;ordm ;, pivotant jusqu&rsquo;\u00e0 70&#038;ordm ; \u00e0 droite et \u00e0 gauche.<\/li>\n<li>Diam\u00e8tre du verre : 35 mm<\/li>\n<li>Finition : Blanc<\/li>\n<li>Mesures :&#038;nbsp ;\n<ul>\n<li>Plate-forme murale : 25 x 12&#39;1 cm.<\/li>\n<li>Distance au mur : 33 cm<\/li>\n<\/li>\n<\/ul>\n<\/li>\n<\/ul>\n<\/ul>\n<\/ul>\n","protected":false},"excerpt":{"rendered":"<p>Le<strong>&nbsp;Audibax NEO 20 White<\/strong>&nbsp;est un support mural pour haut-parleur professionnel. Con\u00e7u pour les haut-parleurs de 35mm<strong>.<\/strong>&nbsp;Chaque support peut supporter un poids de 35 kg. Ils sont faciles \u00e0 monter et \u00e0 utiliser et offrent diff\u00e9rentes orientations, garantissant ainsi un son clair dans toutes les situations. Prix par unit\u00e9.<\/p>\n<ul>\n<li>Mat\u00e9riau : Acier<\/li>\n<li>Capacit\u00e9 de charge:&#038;nbsp ; 35 Kg<\/li>\n<li>Mouvement : Basculant et lat\u00e9ral<\/li>\n<li>Diam\u00e8tre de la douille : 35 mm<\/li>\n<li>Finition : Blanc<\/li>\n<\/ul>\n<\/ul>\n","protected":false},"featured_media":17396,"comment_status":"open","ping_status":"closed","template":"","meta":{"_acf_changed":false},"product_cat":[445,243],"product_tag":[],"class_list":{"0":"post-36916","1":"product","2":"type-product","3":"status-publish","4":"has-post-thumbnail","6":"product_cat-supports-de-haut-parleurs","7":"product_cat-uncategorized","9":"first","10":"instock","11":"shipping-taxable","12":"product-type-simple"},"acf":[],"yoast_head":"<!-- This site is optimized with the Yoast SEO plugin v27.0 - https:\/\/yoast.com\/product\/yoast-seo-wordpress\/ -->\n<title>Neo 20 White - Audibax<\/title>\n<meta name=\"robots\" content=\"index, follow, max-snippet:-1, max-image-preview:large, max-video-preview:-1\" \/>\n<link rel=\"canonical\" href=\"https:\/\/audibax.com\/fr\/produit\/neo-20-white-2\/\" \/>\n<meta property=\"og:locale\" content=\"fr_FR\" \/>\n<meta property=\"og:type\" content=\"article\" \/>\n<meta property=\"og:title\" content=\"Neo 20 White - Audibax\" \/>\n<meta property=\"og:description\" content=\"Le&nbsp;Audibax NEO 20 White&nbsp;est un support mural pour haut-parleur professionnel. Con\u00e7u pour les haut-parleurs de 35mm.&nbsp;Chaque support peut supporter un poids de 35 kg. Ils sont faciles \u00e0 monter et \u00e0 utiliser et offrent diff\u00e9rentes orientations, garantissant ainsi un son clair dans toutes les situations. Prix par unit\u00e9. Mat\u00e9riau : Acier Capacit\u00e9 de charge:&amp;nbsp ; 35 Kg Mouvement : Basculant et lat\u00e9ral Diam\u00e8tre de la douille : 35 mm Finition : Blanc\" \/>\n<meta property=\"og:url\" content=\"https:\/\/audibax.com\/fr\/produit\/neo-20-white-2\/\" \/>\n<meta property=\"og:site_name\" content=\"Audibax\" \/>\n<meta name=\"twitter:card\" content=\"summary_large_image\" \/>\n<script type=\"application\/ld+json\" class=\"yoast-schema-graph\">{\"@context\":\"https:\/\/schema.org\",\"@graph\":[{\"@type\":\"WebPage\",\"@id\":\"https:\/\/audibax.com\/fr\/produit\/neo-20-white-2\/\",\"url\":\"https:\/\/audibax.com\/fr\/produit\/neo-20-white-2\/\",\"name\":\"Neo 20 White - Audibax\",\"isPartOf\":{\"@id\":\"https:\/\/audibax.com\/fr\/#website\"},\"primaryImageOfPage\":{\"@id\":\"https:\/\/audibax.com\/fr\/produit\/neo-20-white-2\/#primaryimage\"},\"image\":{\"@id\":\"https:\/\/audibax.com\/fr\/produit\/neo-20-white-2\/#primaryimage\"},\"thumbnailUrl\":\"https:\/\/audibax.com\/wp-content\/uploads\/2023\/12\/audibax-neo-20-white-soporte-pared.jpg\",\"datePublished\":\"2023-12-27T11:01:58+00:00\",\"breadcrumb\":{\"@id\":\"https:\/\/audibax.com\/fr\/produit\/neo-20-white-2\/#breadcrumb\"},\"inLanguage\":\"fr-FR\",\"potentialAction\":[{\"@type\":\"ReadAction\",\"target\":[\"https:\/\/audibax.com\/fr\/produit\/neo-20-white-2\/\"]}]},{\"@type\":\"ImageObject\",\"inLanguage\":\"fr-FR\",\"@id\":\"https:\/\/audibax.com\/fr\/produit\/neo-20-white-2\/#primaryimage\",\"url\":\"https:\/\/audibax.com\/wp-content\/uploads\/2023\/12\/audibax-neo-20-white-soporte-pared.jpg\",\"contentUrl\":\"https:\/\/audibax.com\/wp-content\/uploads\/2023\/12\/audibax-neo-20-white-soporte-pared.jpg\",\"width\":2500,\"height\":1852},{\"@type\":\"BreadcrumbList\",\"@id\":\"https:\/\/audibax.com\/fr\/produit\/neo-20-white-2\/#breadcrumb\",\"itemListElement\":[{\"@type\":\"ListItem\",\"position\":1,\"name\":\"Portada\",\"item\":\"https:\/\/audibax.com\/fr\/\"},{\"@type\":\"ListItem\",\"position\":2,\"name\":\"Produits\",\"item\":\"https:\/\/audibax.com\/fr\/shop\/\"},{\"@type\":\"ListItem\",\"position\":3,\"name\":\"Neo 20 White\"}]},{\"@type\":\"WebSite\",\"@id\":\"https:\/\/audibax.com\/fr\/#website\",\"url\":\"https:\/\/audibax.com\/fr\/\",\"name\":\"Audibax\",\"description\":\"\",\"publisher\":{\"@id\":\"https:\/\/audibax.com\/fr\/#organization\"},\"potentialAction\":[{\"@type\":\"SearchAction\",\"target\":{\"@type\":\"EntryPoint\",\"urlTemplate\":\"https:\/\/audibax.com\/fr\/?s={search_term_string}\"},\"query-input\":{\"@type\":\"PropertyValueSpecification\",\"valueRequired\":true,\"valueName\":\"search_term_string\"}}],\"inLanguage\":\"fr-FR\"},{\"@type\":\"Organization\",\"@id\":\"https:\/\/audibax.com\/fr\/#organization\",\"name\":\"Audibax\",\"url\":\"https:\/\/audibax.com\/fr\/\",\"logo\":{\"@type\":\"ImageObject\",\"inLanguage\":\"fr-FR\",\"@id\":\"https:\/\/audibax.com\/fr\/#\/schema\/logo\/image\/\",\"url\":\"https:\/\/audibax.com\/wp-content\/uploads\/2023\/09\/logo-Audibax-BLANCO-SVG-1.svg\",\"contentUrl\":\"https:\/\/audibax.com\/wp-content\/uploads\/2023\/09\/logo-Audibax-BLANCO-SVG-1.svg\",\"caption\":\"Audibax\"},\"image\":{\"@id\":\"https:\/\/audibax.com\/fr\/#\/schema\/logo\/image\/\"}}]}<\/script>\n<!-- \/ Yoast SEO plugin. -->","yoast_head_json":{"title":"Neo 20 White - Audibax","robots":{"index":"index","follow":"follow","max-snippet":"max-snippet:-1","max-image-preview":"max-image-preview:large","max-video-preview":"max-video-preview:-1"},"canonical":"https:\/\/audibax.com\/fr\/produit\/neo-20-white-2\/","og_locale":"fr_FR","og_type":"article","og_title":"Neo 20 White - Audibax","og_description":"Le&nbsp;Audibax NEO 20 White&nbsp;est un support mural pour haut-parleur professionnel. Con\u00e7u pour les haut-parleurs de 35mm.&nbsp;Chaque support peut supporter un poids de 35 kg. Ils sont faciles \u00e0 monter et \u00e0 utiliser et offrent diff\u00e9rentes orientations, garantissant ainsi un son clair dans toutes les situations. Prix par unit\u00e9. Mat\u00e9riau : Acier Capacit\u00e9 de charge:&nbsp ; 35 Kg Mouvement : Basculant et lat\u00e9ral Diam\u00e8tre de la douille : 35 mm Finition : Blanc","og_url":"https:\/\/audibax.com\/fr\/produit\/neo-20-white-2\/","og_site_name":"Audibax","twitter_card":"summary_large_image","schema":{"@context":"https:\/\/schema.org","@graph":[{"@type":"WebPage","@id":"https:\/\/audibax.com\/fr\/produit\/neo-20-white-2\/","url":"https:\/\/audibax.com\/fr\/produit\/neo-20-white-2\/","name":"Neo 20 White - Audibax","isPartOf":{"@id":"https:\/\/audibax.com\/fr\/#website"},"primaryImageOfPage":{"@id":"https:\/\/audibax.com\/fr\/produit\/neo-20-white-2\/#primaryimage"},"image":{"@id":"https:\/\/audibax.com\/fr\/produit\/neo-20-white-2\/#primaryimage"},"thumbnailUrl":"https:\/\/audibax.com\/wp-content\/uploads\/2023\/12\/audibax-neo-20-white-soporte-pared.jpg","datePublished":"2023-12-27T11:01:58+00:00","breadcrumb":{"@id":"https:\/\/audibax.com\/fr\/produit\/neo-20-white-2\/#breadcrumb"},"inLanguage":"fr-FR","potentialAction":[{"@type":"ReadAction","target":["https:\/\/audibax.com\/fr\/produit\/neo-20-white-2\/"]}]},{"@type":"ImageObject","inLanguage":"fr-FR","@id":"https:\/\/audibax.com\/fr\/produit\/neo-20-white-2\/#primaryimage","url":"https:\/\/audibax.com\/wp-content\/uploads\/2023\/12\/audibax-neo-20-white-soporte-pared.jpg","contentUrl":"https:\/\/audibax.com\/wp-content\/uploads\/2023\/12\/audibax-neo-20-white-soporte-pared.jpg","width":2500,"height":1852},{"@type":"BreadcrumbList","@id":"https:\/\/audibax.com\/fr\/produit\/neo-20-white-2\/#breadcrumb","itemListElement":[{"@type":"ListItem","position":1,"name":"Portada","item":"https:\/\/audibax.com\/fr\/"},{"@type":"ListItem","position":2,"name":"Produits","item":"https:\/\/audibax.com\/fr\/shop\/"},{"@type":"ListItem","position":3,"name":"Neo 20 White"}]},{"@type":"WebSite","@id":"https:\/\/audibax.com\/fr\/#website","url":"https:\/\/audibax.com\/fr\/","name":"Audibax","description":"","publisher":{"@id":"https:\/\/audibax.com\/fr\/#organization"},"potentialAction":[{"@type":"SearchAction","target":{"@type":"EntryPoint","urlTemplate":"https:\/\/audibax.com\/fr\/?s={search_term_string}"},"query-input":{"@type":"PropertyValueSpecification","valueRequired":true,"valueName":"search_term_string"}}],"inLanguage":"fr-FR"},{"@type":"Organization","@id":"https:\/\/audibax.com\/fr\/#organization","name":"Audibax","url":"https:\/\/audibax.com\/fr\/","logo":{"@type":"ImageObject","inLanguage":"fr-FR","@id":"https:\/\/audibax.com\/fr\/#\/schema\/logo\/image\/","url":"https:\/\/audibax.com\/wp-content\/uploads\/2023\/09\/logo-Audibax-BLANCO-SVG-1.svg","contentUrl":"https:\/\/audibax.com\/wp-content\/uploads\/2023\/09\/logo-Audibax-BLANCO-SVG-1.svg","caption":"Audibax"},"image":{"@id":"https:\/\/audibax.com\/fr\/#\/schema\/logo\/image\/"}}]}},"_links":{"self":[{"href":"https:\/\/audibax.com\/fr\/wp-json\/wp\/v2\/product\/36916","targetHints":{"allow":["GET"]}}],"collection":[{"href":"https:\/\/audibax.com\/fr\/wp-json\/wp\/v2\/product"}],"about":[{"href":"https:\/\/audibax.com\/fr\/wp-json\/wp\/v2\/types\/product"}],"replies":[{"embeddable":true,"href":"https:\/\/audibax.com\/fr\/wp-json\/wp\/v2\/comments?post=36916"}],"wp:featuredmedia":[{"embeddable":true,"href":"https:\/\/audibax.com\/fr\/wp-json\/wp\/v2\/media\/17396"}],"wp:attachment":[{"href":"https:\/\/audibax.com\/fr\/wp-json\/wp\/v2\/media?parent=36916"}],"wp:term":[{"taxonomy":"product_cat","embeddable":true,"href":"https:\/\/audibax.com\/fr\/wp-json\/wp\/v2\/product_cat?post=36916"},{"taxonomy":"product_tag","embeddable":true,"href":"https:\/\/audibax.com\/fr\/wp-json\/wp\/v2\/product_tag?post=36916"}],"curies":[{"name":"wp","href":"https:\/\/api.w.org\/{rel}","templated":true}]}}