{"id":36915,"date":"2023-12-11T13:56:52","date_gmt":"2023-12-11T12:56:52","guid":{"rendered":"https:\/\/audibax.com\/product\/neo-40-black-2\/"},"modified":"2023-12-27T12:01:57","modified_gmt":"2023-12-27T11:01:57","slug":"neo-40-black-2","status":"publish","type":"product","link":"https:\/\/audibax.com\/fr\/produit\/neo-40-black-2\/","title":{"rendered":"Neo 40 Black"},"content":{"rendered":"<\/p>\n<p><strong>Audibax NEO 40&nbsp;<\/strong>Support de haut-parleur pour montage mural. Il supporte une charge maximale de 35Kg et l&rsquo;inclinaison peut \u00eatre r\u00e9gl\u00e9e pour obtenir une installation optimale.<\/p>\n<p><strong>Caract\u00e9ristiques techniques:<\/strong><\/p>\n<ul>\n<li>Mat\u00e9riau : Acier<\/li>\n<li>Capacit\u00e9 de charge:&#038;nbsp ; 35 Kg<\/li>\n<li>Mouvement : Inclinable de 90&#038;ordm ; \u00e0 125&ordm;<\/li>\n<li>Diam\u00e8tre du verre : 35 mm<\/li>\n<li>Couleur : Noir<\/li>\n<li>Mesures:&#038;nbsp ;\n<ul>\n<li>Plateforme murale : 25cm.<\/li>\n<li>Distance au mur : 31cm<\/li>\n<\/ul>\n<\/ul>\n<\/li>\n<li>Vendu par paire<\/li>\n<\/ul>\n<p>&nbsp;<\/p>\n<p>Plateforme murale : 31cm.<\/p>\n","protected":false},"excerpt":{"rendered":"<\/p>\n<p><strong>Audibax NEO 40&nbsp;<\/strong>Support de haut-parleur pour montage mural. Supporte une charge maximale de 35Kg et l&rsquo;inclinaison peut \u00eatre r\u00e9gl\u00e9e pour une installation optimale.<\/p>\n<ul>\n<li>Mat\u00e9riau : Acier<\/li>\n<li>Capacit\u00e9 de charge:&#038;nbsp ; 35 Kg<\/li>\n<li>Mouvement : Inclinaison&nbsp;de 90&#038;ordm ; \u00e0 125&ordm;<\/li>\n<li>Diam\u00e8tre de la douille : 35 mm<\/li>\n<li>Couleur : Noir<\/li>\n<\/ul>\n","protected":false},"featured_media":17402,"comment_status":"open","ping_status":"closed","template":"","meta":{"_acf_changed":false},"product_cat":[445],"product_tag":[],"class_list":{"0":"post-36915","1":"product","2":"type-product","3":"status-publish","4":"has-post-thumbnail","6":"product_cat-supports-de-haut-parleurs","8":"first","9":"instock","10":"shipping-taxable","11":"product-type-simple"},"acf":[],"yoast_head":"<!-- This site is optimized with the Yoast SEO plugin v27.0 - https:\/\/yoast.com\/product\/yoast-seo-wordpress\/ -->\n<title>Neo 40 Black - Audibax<\/title>\n<meta name=\"robots\" content=\"index, follow, max-snippet:-1, max-image-preview:large, max-video-preview:-1\" \/>\n<link rel=\"canonical\" href=\"https:\/\/audibax.com\/fr\/produit\/neo-40-black-2\/\" \/>\n<meta property=\"og:locale\" content=\"fr_FR\" \/>\n<meta property=\"og:type\" content=\"article\" \/>\n<meta property=\"og:title\" content=\"Neo 40 Black - Audibax\" \/>\n<meta property=\"og:description\" content=\"Audibax NEO 40&nbsp;Support de haut-parleur pour montage mural. Supporte une charge maximale de 35Kg et l&#039;inclinaison peut \u00eatre r\u00e9gl\u00e9e pour une installation optimale. Mat\u00e9riau : Acier Capacit\u00e9 de charge:&amp;nbsp ; 35 Kg Mouvement : Inclinaison&nbsp;de 90&amp;ordm ; \u00e0 125&ordm; Diam\u00e8tre de la douille : 35 mm Couleur : Noir\" \/>\n<meta property=\"og:url\" content=\"https:\/\/audibax.com\/fr\/produit\/neo-40-black-2\/\" \/>\n<meta property=\"og:site_name\" content=\"Audibax\" \/>\n<meta property=\"article:modified_time\" content=\"2023-12-27T11:01:57+00:00\" \/>\n<meta name=\"twitter:card\" content=\"summary_large_image\" \/>\n<script type=\"application\/ld+json\" class=\"yoast-schema-graph\">{\"@context\":\"https:\/\/schema.org\",\"@graph\":[{\"@type\":\"WebPage\",\"@id\":\"https:\/\/audibax.com\/fr\/produit\/neo-40-black-2\/\",\"url\":\"https:\/\/audibax.com\/fr\/produit\/neo-40-black-2\/\",\"name\":\"Neo 40 Black - Audibax\",\"isPartOf\":{\"@id\":\"https:\/\/audibax.com\/fr\/#website\"},\"primaryImageOfPage\":{\"@id\":\"https:\/\/audibax.com\/fr\/produit\/neo-40-black-2\/#primaryimage\"},\"image\":{\"@id\":\"https:\/\/audibax.com\/fr\/produit\/neo-40-black-2\/#primaryimage\"},\"thumbnailUrl\":\"https:\/\/audibax.com\/wp-content\/uploads\/2023\/12\/audibax-neo-40-soporte-pared-altavoz-pareja.jpg\",\"datePublished\":\"2023-12-11T12:56:52+00:00\",\"dateModified\":\"2023-12-27T11:01:57+00:00\",\"breadcrumb\":{\"@id\":\"https:\/\/audibax.com\/fr\/produit\/neo-40-black-2\/#breadcrumb\"},\"inLanguage\":\"fr-FR\",\"potentialAction\":[{\"@type\":\"ReadAction\",\"target\":[\"https:\/\/audibax.com\/fr\/produit\/neo-40-black-2\/\"]}]},{\"@type\":\"ImageObject\",\"inLanguage\":\"fr-FR\",\"@id\":\"https:\/\/audibax.com\/fr\/produit\/neo-40-black-2\/#primaryimage\",\"url\":\"https:\/\/audibax.com\/wp-content\/uploads\/2023\/12\/audibax-neo-40-soporte-pared-altavoz-pareja.jpg\",\"contentUrl\":\"https:\/\/audibax.com\/wp-content\/uploads\/2023\/12\/audibax-neo-40-soporte-pared-altavoz-pareja.jpg\",\"width\":2500,\"height\":1773},{\"@type\":\"BreadcrumbList\",\"@id\":\"https:\/\/audibax.com\/fr\/produit\/neo-40-black-2\/#breadcrumb\",\"itemListElement\":[{\"@type\":\"ListItem\",\"position\":1,\"name\":\"Portada\",\"item\":\"https:\/\/audibax.com\/fr\/\"},{\"@type\":\"ListItem\",\"position\":2,\"name\":\"Produits\",\"item\":\"https:\/\/audibax.com\/fr\/shop\/\"},{\"@type\":\"ListItem\",\"position\":3,\"name\":\"Neo 40 Black\"}]},{\"@type\":\"WebSite\",\"@id\":\"https:\/\/audibax.com\/fr\/#website\",\"url\":\"https:\/\/audibax.com\/fr\/\",\"name\":\"Audibax\",\"description\":\"\",\"publisher\":{\"@id\":\"https:\/\/audibax.com\/fr\/#organization\"},\"potentialAction\":[{\"@type\":\"SearchAction\",\"target\":{\"@type\":\"EntryPoint\",\"urlTemplate\":\"https:\/\/audibax.com\/fr\/?s={search_term_string}\"},\"query-input\":{\"@type\":\"PropertyValueSpecification\",\"valueRequired\":true,\"valueName\":\"search_term_string\"}}],\"inLanguage\":\"fr-FR\"},{\"@type\":\"Organization\",\"@id\":\"https:\/\/audibax.com\/fr\/#organization\",\"name\":\"Audibax\",\"url\":\"https:\/\/audibax.com\/fr\/\",\"logo\":{\"@type\":\"ImageObject\",\"inLanguage\":\"fr-FR\",\"@id\":\"https:\/\/audibax.com\/fr\/#\/schema\/logo\/image\/\",\"url\":\"https:\/\/audibax.com\/wp-content\/uploads\/2023\/09\/logo-Audibax-BLANCO-SVG-1.svg\",\"contentUrl\":\"https:\/\/audibax.com\/wp-content\/uploads\/2023\/09\/logo-Audibax-BLANCO-SVG-1.svg\",\"caption\":\"Audibax\"},\"image\":{\"@id\":\"https:\/\/audibax.com\/fr\/#\/schema\/logo\/image\/\"}}]}<\/script>\n<!-- \/ Yoast SEO plugin. -->","yoast_head_json":{"title":"Neo 40 Black - Audibax","robots":{"index":"index","follow":"follow","max-snippet":"max-snippet:-1","max-image-preview":"max-image-preview:large","max-video-preview":"max-video-preview:-1"},"canonical":"https:\/\/audibax.com\/fr\/produit\/neo-40-black-2\/","og_locale":"fr_FR","og_type":"article","og_title":"Neo 40 Black - Audibax","og_description":"Audibax NEO 40&nbsp;Support de haut-parleur pour montage mural. Supporte une charge maximale de 35Kg et l'inclinaison peut \u00eatre r\u00e9gl\u00e9e pour une installation optimale. Mat\u00e9riau : Acier Capacit\u00e9 de charge:&nbsp ; 35 Kg Mouvement : Inclinaison&nbsp;de 90&ordm ; \u00e0 125&ordm; Diam\u00e8tre de la douille : 35 mm Couleur : Noir","og_url":"https:\/\/audibax.com\/fr\/produit\/neo-40-black-2\/","og_site_name":"Audibax","article_modified_time":"2023-12-27T11:01:57+00:00","twitter_card":"summary_large_image","schema":{"@context":"https:\/\/schema.org","@graph":[{"@type":"WebPage","@id":"https:\/\/audibax.com\/fr\/produit\/neo-40-black-2\/","url":"https:\/\/audibax.com\/fr\/produit\/neo-40-black-2\/","name":"Neo 40 Black - Audibax","isPartOf":{"@id":"https:\/\/audibax.com\/fr\/#website"},"primaryImageOfPage":{"@id":"https:\/\/audibax.com\/fr\/produit\/neo-40-black-2\/#primaryimage"},"image":{"@id":"https:\/\/audibax.com\/fr\/produit\/neo-40-black-2\/#primaryimage"},"thumbnailUrl":"https:\/\/audibax.com\/wp-content\/uploads\/2023\/12\/audibax-neo-40-soporte-pared-altavoz-pareja.jpg","datePublished":"2023-12-11T12:56:52+00:00","dateModified":"2023-12-27T11:01:57+00:00","breadcrumb":{"@id":"https:\/\/audibax.com\/fr\/produit\/neo-40-black-2\/#breadcrumb"},"inLanguage":"fr-FR","potentialAction":[{"@type":"ReadAction","target":["https:\/\/audibax.com\/fr\/produit\/neo-40-black-2\/"]}]},{"@type":"ImageObject","inLanguage":"fr-FR","@id":"https:\/\/audibax.com\/fr\/produit\/neo-40-black-2\/#primaryimage","url":"https:\/\/audibax.com\/wp-content\/uploads\/2023\/12\/audibax-neo-40-soporte-pared-altavoz-pareja.jpg","contentUrl":"https:\/\/audibax.com\/wp-content\/uploads\/2023\/12\/audibax-neo-40-soporte-pared-altavoz-pareja.jpg","width":2500,"height":1773},{"@type":"BreadcrumbList","@id":"https:\/\/audibax.com\/fr\/produit\/neo-40-black-2\/#breadcrumb","itemListElement":[{"@type":"ListItem","position":1,"name":"Portada","item":"https:\/\/audibax.com\/fr\/"},{"@type":"ListItem","position":2,"name":"Produits","item":"https:\/\/audibax.com\/fr\/shop\/"},{"@type":"ListItem","position":3,"name":"Neo 40 Black"}]},{"@type":"WebSite","@id":"https:\/\/audibax.com\/fr\/#website","url":"https:\/\/audibax.com\/fr\/","name":"Audibax","description":"","publisher":{"@id":"https:\/\/audibax.com\/fr\/#organization"},"potentialAction":[{"@type":"SearchAction","target":{"@type":"EntryPoint","urlTemplate":"https:\/\/audibax.com\/fr\/?s={search_term_string}"},"query-input":{"@type":"PropertyValueSpecification","valueRequired":true,"valueName":"search_term_string"}}],"inLanguage":"fr-FR"},{"@type":"Organization","@id":"https:\/\/audibax.com\/fr\/#organization","name":"Audibax","url":"https:\/\/audibax.com\/fr\/","logo":{"@type":"ImageObject","inLanguage":"fr-FR","@id":"https:\/\/audibax.com\/fr\/#\/schema\/logo\/image\/","url":"https:\/\/audibax.com\/wp-content\/uploads\/2023\/09\/logo-Audibax-BLANCO-SVG-1.svg","contentUrl":"https:\/\/audibax.com\/wp-content\/uploads\/2023\/09\/logo-Audibax-BLANCO-SVG-1.svg","caption":"Audibax"},"image":{"@id":"https:\/\/audibax.com\/fr\/#\/schema\/logo\/image\/"}}]}},"_links":{"self":[{"href":"https:\/\/audibax.com\/fr\/wp-json\/wp\/v2\/product\/36915","targetHints":{"allow":["GET"]}}],"collection":[{"href":"https:\/\/audibax.com\/fr\/wp-json\/wp\/v2\/product"}],"about":[{"href":"https:\/\/audibax.com\/fr\/wp-json\/wp\/v2\/types\/product"}],"replies":[{"embeddable":true,"href":"https:\/\/audibax.com\/fr\/wp-json\/wp\/v2\/comments?post=36915"}],"wp:featuredmedia":[{"embeddable":true,"href":"https:\/\/audibax.com\/fr\/wp-json\/wp\/v2\/media\/17402"}],"wp:attachment":[{"href":"https:\/\/audibax.com\/fr\/wp-json\/wp\/v2\/media?parent=36915"}],"wp:term":[{"taxonomy":"product_cat","embeddable":true,"href":"https:\/\/audibax.com\/fr\/wp-json\/wp\/v2\/product_cat?post=36915"},{"taxonomy":"product_tag","embeddable":true,"href":"https:\/\/audibax.com\/fr\/wp-json\/wp\/v2\/product_tag?post=36915"}],"curies":[{"name":"wp","href":"https:\/\/api.w.org\/{rel}","templated":true}]}}